{"id":207,"date":"2018-07-05T13:53:01","date_gmt":"2018-07-05T11:53:01","guid":{"rendered":"https:\/\/www.unioviedo.es\/catedracrecimiento\/?page_id=207"},"modified":"2018-07-06T12:07:27","modified_gmt":"2018-07-06T10:07:27","slug":"formacion","status":"publish","type":"page","link":"https:\/\/www.unioviedo.es\/catedracrecimiento\/formacion\/","title":{"rendered":"Formaci\u00f3n"},"content":{"rendered":"<p style=\"text-align: justify;\"><span style=\"margin: 0px; line-height: 107%; font-family: 'Calibri',sans-serif; font-size: 11pt;\"><span style=\"color: #000000;\">Una de las actividades principales de la c\u00e1tedra es el apoyo a la formaci\u00f3n, tanto de titulados universitarios como profesionales y directivos, en las \u00e1reas relativas al crecimiento e internacionalizaci\u00f3n de la empresa. Esta actividad se canaliza preferentemente a trav\u00e9s de los programas formativos del Instituto Universitario de la Empresa (IUDE) de la Universidad de Oviedo.<\/span><\/span><\/p>\n<p><strong><span style=\"text-align: justify; color: #000000;\"><span style=\"font-family: 'Calibri',sans-serif;\"><span style=\"color: #00000;\">Programas del IUDE m\u00e1s relacionados con la C\u00e1tedra:<\/span><\/span><\/span><\/strong><br \/>\n<a href=\"https:\/\/iude.uniovi.es\/titulos\/gestinternac\"><span style=\"text-align: justify; color: #000000; font-family: 'Calibri',sans-serif; margin: 0px; line-height: 107%; font-size: 11pt;\">Curso Experto en Gesti\u00f3n de la Internacionalizaci\u00f3n<\/span><\/a><br \/>\n<a href=\"https:\/\/iude.uniovi.es\/titulos\/mba\"><span style=\"text-align: justify; color: #000000; font-family: 'Calibri',sans-serif; margin: 0px; line-height: 107%; font-size: 11pt;\">MBA Ejecutivo<\/span><\/a><\/p>\n<p><span style=\"text-align: justify; color: #000000; font-family: 'Calibri',sans-serif; margin: 0px; line-height: 107%; font-size: 11pt;\">Puedes consultar toda la oferta formativa del IUDE <a href=\"https:\/\/iude.uniovi.es\/\">aqu\u00ed<\/a>.<\/span><\/p>\n","protected":false},"excerpt":{"rendered":"<p>Una de las actividades principales de la c\u00e1tedra es el apoyo a la formaci\u00f3n, tanto de titulados universitarios como profesionales y directivos, en las \u00e1reas relativas al crecimiento e internacionalizaci\u00f3n de la empresa. Esta actividad se canaliza preferentemente a trav\u00e9s de los programas formativos del Instituto Universitario de la Empresa (IUDE) de la Universidad de &hellip; <\/p>\n<p class=\"link-more\"><a href=\"https:\/\/www.unioviedo.es\/catedracrecimiento\/formacion\/\" class=\"more-link\">Continuar leyendo<span class=\"screen-reader-text\"> \u00abFormaci\u00f3n\u00bb<\/span><\/a><\/p>\n","protected":false},"author":1,"featured_media":0,"parent":0,"menu_order":0,"comment_status":"closed","ping_status":"closed","template":"","meta":{"footnotes":""},"class_list":["post-207","page","type-page","status-publish","hentry"],"_links":{"self":[{"href":"https:\/\/www.unioviedo.es\/catedracrecimiento\/wp-json\/wp\/v2\/pages\/207","targetHints":{"allow":["GET"]}}],"collection":[{"href":"https:\/\/www.unioviedo.es\/catedracrecimiento\/wp-json\/wp\/v2\/pages"}],"about":[{"href":"https:\/\/www.unioviedo.es\/catedracrecimiento\/wp-json\/wp\/v2\/types\/page"}],"author":[{"embeddable":true,"href":"https:\/\/www.unioviedo.es\/catedracrecimiento\/wp-json\/wp\/v2\/users\/1"}],"replies":[{"embeddable":true,"href":"https:\/\/www.unioviedo.es\/catedracrecimiento\/wp-json\/wp\/v2\/comments?post=207"}],"version-history":[{"count":9,"href":"https:\/\/www.unioviedo.es\/catedracrecimiento\/wp-json\/wp\/v2\/pages\/207\/revisions"}],"predecessor-version":[{"id":221,"href":"https:\/\/www.unioviedo.es\/catedracrecimiento\/wp-json\/wp\/v2\/pages\/207\/revisions\/221"}],"wp:attachment":[{"href":"https:\/\/www.unioviedo.es\/catedracrecimiento\/wp-json\/wp\/v2\/media?parent=207"}],"curies":[{"name":"wp","href":"https:\/\/api.w.org\/{rel}","templated":true}]}}