{"id":39,"date":"2018-05-11T11:01:40","date_gmt":"2018-05-11T09:01:40","guid":{"rendered":"https:\/\/www.unioviedo.es\/catedracrecimiento\/?page_id=39"},"modified":"2019-11-29T13:46:04","modified_gmt":"2019-11-29T11:46:04","slug":"acerca-de","status":"publish","type":"page","link":"https:\/\/www.unioviedo.es\/catedracrecimiento\/acerca-de\/","title":{"rendered":"Presentaci\u00f3n"},"content":{"rendered":"<p style=\"text-align: justify;\"><span style=\"color: #000000; font-family: Calibri;\">Los procesos de crecimiento e internacionalizaci\u00f3n son una consecuencia natural del correcto desarrollo de un proyecto empresarial. Son procesos que pueden hacer entrar a la empresa en un c\u00edrculo virtuoso, reforzando sus ventajas competitivas, al ganar en tama\u00f1o y posibilidades de acceder a recursos, y volvi\u00e9ndola menos dependiente de su mercado dom\u00e9stico. No obstante, son procesos que exponen a las empresas a nuevos riesgos, m\u00e1xime cuando no se tiene experiencia en el mercado en el que se pretende entrar o en la gesti\u00f3n del propio proceso de crecimiento.<\/span><\/p>\n<p style=\"text-align: justify;\"><span style=\"color: #000000; font-family: Calibri;\">Ante esta circunstancia, se hace necesario que las Universidades incluyan aspectos relacionados con la gesti\u00f3n de los procesos y herramientas de crecimiento en sus programas de formaci\u00f3n empresarial, as\u00ed como que emprendan l\u00edneas de investigaci\u00f3n y divulgaci\u00f3n relacionadas con dicha tem\u00e1tica. La C\u00e1tedra surge de la iniciativa de la Fundaci\u00f3n Banco Sabadell con la finalidad de promover la formaci\u00f3n, divulgaci\u00f3n e investigaci\u00f3n en este campo.<\/span><\/p>\n<p style=\"text-align: justify;\"><span style=\"color: #000000; font-family: Calibri;\">La C\u00e1tedra est\u00e1 abierta a la incorporaci\u00f3n de otras entidades promotoras que permitan ampliar sus objetivos u optimizar su funcionamiento.<\/span><\/p>\n<p style=\"text-align: justify;\"><a href=\"http:\/\/www.uniovi.es\/comunicacion\/noticias\/-\/asset_publisher\/33ICSSzZmx4V\/content\/la-universidad-de-oviedo-y-la-fundacion-banco-sabadell-crean-la-catedra-de-crecimiento-e-internacionalizacion-empresarial?redirect=%2Fcomunicacion%2Fnoticias\"><span style=\"color: #000000;\"><span style=\"font-family: Calibri;\"><span style=\"color: #b00000;\">Nota de la presentaci\u00f3n<\/span><\/span><\/span><\/a><\/p>\n<p><span style=\"display: inline !important; float: none; background-color: transparent; color: #222222; font-family: 'Libre Franklin','Helvetica Neue',helvetica,arial,sans-serif; font-size: 13.93px; font-style: normal; font-variant: normal; font-weight: 800; letter-spacing: 1.95px; line-height: 19.5px; orphans: 2; text-align: left; text-decoration: none; text-indent: 0px; text-transform: uppercase; -webkit-text-stroke-width: 0px; white-space: normal; word-spacing: 0px;\">Equipo<\/span><\/p>\n<p style=\"text-align: justify;\"><span style=\"color: #000000; font-family: Calibri;\"><a href=\"http:\/\/gescrinter.grupos.uniovi.es\/\">Grupo de Investigaci\u00f3n GESCRINTER<\/a><br \/>\n(Estrategias de Crecimiento e Internacionalizaci\u00f3n)<br \/>\n<\/span><\/p>\n<p style=\"text-align: justify;\"><span style=\"color: #000000; font-family: Calibri;\"><strong>Director:<\/strong> <a href=\"https:\/\/www.unioviedo.es\/egarcia\/\">Esteban Garc\u00eda Canal<\/a>, Catedr\u00e1tico de Organizaci\u00f3n de Empresas<br \/>\n<\/span><\/p>\n<p style=\"text-align: justify;\"><span style=\"color: #000000; font-family: Calibri;\"><strong>Investigadores colaboradores:<\/strong><br \/>\nAna Vald\u00e9s Llaneza, Catedr\u00e1tica de Organizaci\u00f3n de Empresas<br \/>\nPablo S\u00e1nchez Lorda Profesor Titular de Organizaci\u00f3n de Empresas<br \/>\nAndrea Mart\u00ednez Noya Profesora Titular de Organizaci\u00f3n de Empresas<br \/>\nRaquel Garc\u00eda Garc\u00eda, Profesora Ayudante Doctora de Organizaci\u00f3n de Empresas<\/span><\/p>\n","protected":false},"excerpt":{"rendered":"<p>Los procesos de crecimiento e internacionalizaci\u00f3n son una consecuencia natural del correcto desarrollo de un proyecto empresarial. Son procesos que pueden hacer entrar a la empresa en un c\u00edrculo virtuoso, reforzando sus ventajas competitivas, al ganar en tama\u00f1o y posibilidades de acceder a recursos, y volvi\u00e9ndola menos dependiente de su mercado dom\u00e9stico. No obstante, son &hellip; <\/p>\n<p class=\"link-more\"><a href=\"https:\/\/www.unioviedo.es\/catedracrecimiento\/acerca-de\/\" class=\"more-link\">Continuar leyendo<span class=\"screen-reader-text\"> \u00abPresentaci\u00f3n\u00bb<\/span><\/a><\/p>\n","protected":false},"author":1,"featured_media":0,"parent":0,"menu_order":0,"comment_status":"closed","ping_status":"closed","template":"","meta":{"footnotes":""},"class_list":["post-39","page","type-page","status-publish","hentry"],"_links":{"self":[{"href":"https:\/\/www.unioviedo.es\/catedracrecimiento\/wp-json\/wp\/v2\/pages\/39","targetHints":{"allow":["GET"]}}],"collection":[{"href":"https:\/\/www.unioviedo.es\/catedracrecimiento\/wp-json\/wp\/v2\/pages"}],"about":[{"href":"https:\/\/www.unioviedo.es\/catedracrecimiento\/wp-json\/wp\/v2\/types\/page"}],"author":[{"embeddable":true,"href":"https:\/\/www.unioviedo.es\/catedracrecimiento\/wp-json\/wp\/v2\/users\/1"}],"replies":[{"embeddable":true,"href":"https:\/\/www.unioviedo.es\/catedracrecimiento\/wp-json\/wp\/v2\/comments?post=39"}],"version-history":[{"count":10,"href":"https:\/\/www.unioviedo.es\/catedracrecimiento\/wp-json\/wp\/v2\/pages\/39\/revisions"}],"predecessor-version":[{"id":721,"href":"https:\/\/www.unioviedo.es\/catedracrecimiento\/wp-json\/wp\/v2\/pages\/39\/revisions\/721"}],"wp:attachment":[{"href":"https:\/\/www.unioviedo.es\/catedracrecimiento\/wp-json\/wp\/v2\/media?parent=39"}],"curies":[{"name":"wp","href":"https:\/\/api.w.org\/{rel}","templated":true}]}}