{"id":94,"date":"2018-05-25T11:19:06","date_gmt":"2018-05-25T09:19:06","guid":{"rendered":"https:\/\/www.unioviedo.es\/catedracrecimiento\/?page_id=94"},"modified":"2021-11-10T13:36:01","modified_gmt":"2021-11-10T11:36:01","slug":"investigacion","status":"publish","type":"page","link":"https:\/\/www.unioviedo.es\/catedracrecimiento\/investigacion\/","title":{"rendered":"Investigaci\u00f3n"},"content":{"rendered":"<p style=\"text-align: justify;\"><strong>Estudios de casos:<\/strong><\/p>\n<p style=\"text-align: justify;\"><a href=\"https:\/\/www.google.es\/url?sa=t&amp;rct=j&amp;q=&amp;esrc=s&amp;source=web&amp;cd=1&amp;ved=2ahUKEwjDgsvUztjdAhVrh4sKHT3cDO8QFjAAegQIBBAC&amp;url=https%3A%2F%2Fubr.universia.net%2Farticle%2Fdownload%2F803%2F929&amp;usg=AOvVaw2_lWrTKxtp0BrdLZHHFLuw\">Industrias L\u00e1cteas Asturianas, S.A. (ILAS): Un ejemplo de internacionalizaci\u00f3n discriminadora<\/a><\/p>\n<p style=\"text-align: justify;\"><a href=\"https:\/\/www.google.es\/url?sa=t&amp;rct=j&amp;q=&amp;esrc=s&amp;source=web&amp;cd=7&amp;ved=2ahUKEwiM_M3Tz9jdAhUuposKHWBECxoQFjAGegQICBAC&amp;url=https%3A%2F%2Fubr.universia.net%2Farticle%2Fdownload%2F1170%2F1451&amp;usg=AOvVaw1CPCsfh8y-XRtU6uos-8fF\">Factores determinantes del crecimiento de las empresas nacidas globales orientadas a la exportaci\u00f3n: el caso Valle, Ballina y Fern\u00e1ndez, S.A.<\/a><\/p>\n<p style=\"text-align: justify;\"><a href=\"https:\/\/www.google.es\/url?sa=t&amp;rct=j&amp;q=&amp;esrc=s&amp;source=web&amp;cd=2&amp;cad=rja&amp;uact=8&amp;ved=2ahUKEwj6rOOa0NjdAhWJqIsKHTErDVcQFjABegQICBAC&amp;url=https%3A%2F%2Fubr.universia.net%2Farticle%2Fdownload%2F2193%2F2203&amp;usg=AOvVaw3OZ1MKh9-ombZEoV3t2BFg\">Technological and relational risks and the corporate development of turnkey contractors. The case of Astilleros Gond\u00e1n in shipbuilding<\/a><\/p>\n<p><a href=\"https:\/\/www.icex-ceco.es\/portal\/?libro_detalle&amp;id=1344\">Freixenet in France: Celebrating life&#8217;s moments<\/a><\/p>\n<p><strong>Otros art\u00edculos recientes:<\/strong><\/p>\n<p style=\"text-align: justify;\"><a href=\"https:\/\/www.researchgate.net\/profile\/Raquel-Garcia-Garcia-2\/publication\/355563642_Litigations_with_the_home_State_and_internationalization\/links\/61791e8feef53e51e1f2bcf8\/Litigations-with-the-home-State-and-internationalization.pdf\">Litigations with the home State and internationalization<\/a><\/p>\n<p style=\"text-align: justify;\"><a href=\"https:\/\/www.unioviedo.es\/egarcia\/RP.2021.pdf\">Innovation Performance Feedback and Technological Alliance Portfolio Diversity: The Moderating Role of Firms\u2019 R&amp;D Intensity<\/a><\/p>\n<p style=\"text-align: justify;\"><a href=\"https:\/\/www.unioviedo.es\/egarcia\/FinalVersiondef.EJIM.2021.pdf\">Entry mode choice in emerging markets: is there any difference between emerging and developed country multinationals?<\/a><\/p>\n<p style=\"text-align: justify;\"><a href=\"https:\/\/www.unioviedo.es\/egarcia\/GSJ%202018.pdf\">Power transitions in the host country and the survival of subsidiaries in infrastructure industries<\/a><\/p>\n<p style=\"text-align: justify;\"><a href=\"https:\/\/www.unioviedo.es\/egarcia\/jwb%20connections.pdf\">Domestic Political Connections and International Expansion: It&#8217;s Not Only &#8216;Who You Know&#8217; That Matters<\/a><\/p>\n<p style=\"text-align: justify;\"><a href=\"https:\/\/www.unioviedo.es\/egarcia\/i&amp;i2018.pdf\">Location, shared suppliers and the innovation performance of R&amp;D outsourcing agreements<\/a><\/p>\n<p style=\"text-align: justify;\"><a href=\"https:\/\/www.unioviedo.es\/egarcia\/JWB2016def.pdf\">Rapid internationalization and long-term performance: The knowledge link<\/a><\/p>\n<p><strong>Libros:<\/strong><\/p>\n<p style=\"text-align: justify;\"><a href=\"http:\/\/www.mhprofessional.com\/product.php?cat=106&amp;isbn=0071798110\"><span lang=\"EN-US\">Emerging Markets Rule: Growth Strategies of the New Global Giants<\/span><\/a><\/p>\n<p style=\"text-align: justify;\"><a href=\"http:\/\/www.cambridge.org\/es\/knowledge\/isbn\/item5562813\/?site_locale=es_ES\"><span class=\"GramE\">The New Multinationals.<\/span> Spanish Firms in a Global Context<\/a><\/p>\n<p style=\"text-align: justify;\"><a href=\"http:\/\/books.google.es\/books\/about\/Inversiones_en_TIC_Y_Estrategias_de_Crec.html?hl=es&amp;id=CyztpNpEodMC\">Inversiones en TIC y Estrategias de Crecimiento Empresarial<\/a><\/p>\n","protected":false},"excerpt":{"rendered":"<p>Estudios de casos: Industrias L\u00e1cteas Asturianas, S.A. (ILAS): Un ejemplo de internacionalizaci\u00f3n discriminadora Factores determinantes del crecimiento de las empresas nacidas globales orientadas a la exportaci\u00f3n: el caso Valle, Ballina y Fern\u00e1ndez, S.A. Technological and relational risks and the corporate development of turnkey contractors. The case of Astilleros Gond\u00e1n in shipbuilding Freixenet in France: Celebrating &hellip; <\/p>\n<p class=\"link-more\"><a href=\"https:\/\/www.unioviedo.es\/catedracrecimiento\/investigacion\/\" class=\"more-link\">Continuar leyendo<span class=\"screen-reader-text\"> \u00abInvestigaci\u00f3n\u00bb<\/span><\/a><\/p>\n","protected":false},"author":1,"featured_media":0,"parent":0,"menu_order":0,"comment_status":"closed","ping_status":"closed","template":"","meta":{"footnotes":""},"class_list":["post-94","page","type-page","status-publish","hentry"],"_links":{"self":[{"href":"https:\/\/www.unioviedo.es\/catedracrecimiento\/wp-json\/wp\/v2\/pages\/94","targetHints":{"allow":["GET"]}}],"collection":[{"href":"https:\/\/www.unioviedo.es\/catedracrecimiento\/wp-json\/wp\/v2\/pages"}],"about":[{"href":"https:\/\/www.unioviedo.es\/catedracrecimiento\/wp-json\/wp\/v2\/types\/page"}],"author":[{"embeddable":true,"href":"https:\/\/www.unioviedo.es\/catedracrecimiento\/wp-json\/wp\/v2\/users\/1"}],"replies":[{"embeddable":true,"href":"https:\/\/www.unioviedo.es\/catedracrecimiento\/wp-json\/wp\/v2\/comments?post=94"}],"version-history":[{"count":8,"href":"https:\/\/www.unioviedo.es\/catedracrecimiento\/wp-json\/wp\/v2\/pages\/94\/revisions"}],"predecessor-version":[{"id":910,"href":"https:\/\/www.unioviedo.es\/catedracrecimiento\/wp-json\/wp\/v2\/pages\/94\/revisions\/910"}],"wp:attachment":[{"href":"https:\/\/www.unioviedo.es\/catedracrecimiento\/wp-json\/wp\/v2\/media?parent=94"}],"curies":[{"name":"wp","href":"https:\/\/api.w.org\/{rel}","templated":true}]}}