{"id":13068,"date":"2016-11-09T14:32:53","date_gmt":"2016-11-09T13:32:53","guid":{"rendered":"http:\/\/www.aulahunosa.es\/?page_id=13068"},"modified":"2026-02-05T13:53:31","modified_gmt":"2026-02-05T12:53:31","slug":"biomasa-5","status":"publish","type":"page","link":"https:\/\/www.unioviedo.es\/catedrahunosa\/biomasa-5\/","title":{"rendered":"Biomasa"},"content":{"rendered":"\n<div class=\"wp-block-cover alignwide has-background-dim-30 has-cyan-bluish-gray-background-color has-background-dim has-parallax is-position-center-center\" style=\"background-image:url(https:\/\/www.unioviedo.es\/catedrahunosa\/wp-content\/uploads\/2021\/03\/2019-05-21_Biomasa-01-scaled.jpg);min-height:303px;aspect-ratio:unset;\"><div class=\"wp-block-cover__inner-container is-layout-flow wp-block-cover-is-layout-flow\">\n<p class=\"has-text-align-center has-text-color\" style=\"color:#fffffa;font-size:74px;line-height:1.1\"><strong>Biomasa<\/strong><\/p>\n<\/div><\/div>\n\n\n\n<div class=\"wp-block-buttons is-content-justification-center is-layout-flex wp-block-buttons-is-layout-flex\">\n<div class=\"wp-block-button\"><a class=\"wp-block-button__link has-light-green-cyan-to-vivid-green-cyan-gradient-background has-text-color has-background\" href=\"#que\" style=\"border-radius:50px;color:#fffffa\">\u00bfQu\u00e9 es la Biomasa?<\/a><\/div>\n\n\n\n<div class=\"wp-block-button\"><a class=\"wp-block-button__link has-light-green-cyan-to-vivid-green-cyan-gradient-background has-text-color has-background\" href=\"#biomasa\" style=\"border-radius:50px;color:#fffffa\">\u00bfPor qu\u00e9 la Biomasa?<\/a><\/div>\n\n\n\n<div class=\"wp-block-button\"><a class=\"wp-block-button__link has-light-green-cyan-to-vivid-green-cyan-gradient-background has-text-color has-background\" href=\"https:\/\/www.unioviedo.es\/catedrahunosa\/index.php\/proyectos-biomasa-hunosa\/\" style=\"border-radius:50px;color:#fffffa\">Proyectos Existentes<\/a><\/div>\n<\/div>\n\n\n\n<h2 class=\"titulo-sombreado has-text-color wp-block-heading\" id=\"que\" style=\"color:#00847d\"><strong>\u00bfQu\u00e9 es la Biomasa?<\/strong><\/h2>\n\n\n\n<div class=\"wp-block-columns is-layout-flex wp-container-core-columns-is-layout-9d6595d7 wp-block-columns-is-layout-flex\">\n<div class=\"wp-block-column is-layout-flow wp-block-column-is-layout-flow\" style=\"flex-basis:33.33%\">\n<p><\/p>\n\n\n\n<p>Se puede decir que la<strong> Biomasa<\/strong> <strong>es toda materia org\u00e1nica susceptible de aprovechamiento energ\u00e9tico<\/strong>.<br>Entre las energ\u00edas renovables destaca el uso de productos obtenidos a partir de materia org\u00e1nica para producir energ\u00eda. Estos productos componen lo que se denomina com\u00fanmente \u201cbiomasa\u201d, una definici\u00f3n que abarca un gran grupo de materiales de diversos or\u00edgenes y con caracter\u00edsticas muy diferentes.<\/p>\n<\/div>\n\n\n\n<div class=\"wp-block-column is-layout-flow wp-block-column-is-layout-flow\" style=\"flex-basis:66.66%\">\n<figure class=\"wp-block-embed is-type-video is-provider-youtube wp-block-embed-youtube wp-embed-aspect-16-9 wp-has-aspect-ratio\"><div class=\"wp-block-embed__wrapper\">\n<iframe loading=\"lazy\" title=\"Biomasa - La energ\u00eda de la naturaleza (BIOPLAT)\" width=\"525\" height=\"295\" src=\"https:\/\/www.youtube.com\/embed\/s6OjgzC8IBQ?feature=oembed\" frameborder=\"0\" allow=\"accelerometer; autoplay; clipboard-write; encrypted-media; gyroscope; picture-in-picture; web-share\" referrerpolicy=\"strict-origin-when-cross-origin\" allowfullscreen><\/iframe>\n<\/div><figcaption><br>Fuente: Bioplat, disponible en el siguiente <a href=\"https:\/\/bioplat.org\/bioenergia-y-productos\/\">enlace<\/a><\/figcaption><\/figure>\n<\/div>\n<\/div>\n\n\n\n<pre class=\"wp-block-verse\">R<mark>esiduos de aprovechamientos forestales y cultivos agr\u00edcolas, de podas de jardines,  de industrias agroforestales, cultivos con fines energ\u00e9ticos, combustibles l\u00edquidos derivados de productos agr\u00edcolas, residuos de origen animal o humano, etc., todos pueden considerarse <strong>bioenerg\u00eda.<\/strong><\/mark><\/pre>\n\n\n\n<div class=\"wp-block-media-text alignwide is-stacked-on-mobile\" style=\"grid-template-columns:53% auto\"><figure class=\"wp-block-media-text__media\"><img loading=\"lazy\" decoding=\"async\" width=\"1024\" height=\"554\" src=\"https:\/\/www.unioviedo.es\/catedrahunosa\/wp-content\/uploads\/2016\/11\/DEF_BIOMASA-1024x554.jpg\" alt=\"\" class=\"wp-image-13130 size-full\" srcset=\"https:\/\/www.unioviedo.es\/catedrahunosa\/wp-content\/uploads\/2016\/11\/DEF_BIOMASA-1024x554.jpg 1024w, https:\/\/www.unioviedo.es\/catedrahunosa\/wp-content\/uploads\/2016\/11\/DEF_BIOMASA-300x162.jpg 300w, https:\/\/www.unioviedo.es\/catedrahunosa\/wp-content\/uploads\/2016\/11\/DEF_BIOMASA-768x415.jpg 768w, https:\/\/www.unioviedo.es\/catedrahunosa\/wp-content\/uploads\/2016\/11\/DEF_BIOMASA.jpg 1193w\" sizes=\"auto, (max-width: 706px) 89vw, (max-width: 767px) 82vw, 740px\" \/><\/figure><div class=\"wp-block-media-text__content\">\n<p>Concretamente, en el art\u00edculo 2.1 de la ORDEN ITC\/2877\/2008, de 9 de octubre se define <strong>\u201cBiomasa\u201d<\/strong> como la fracci\u00f3n biodegradable de los productos, desechos y residuos procedentes de la agricultura (incluidas las sustancias de origen vegetal y de origen animal), de la silvicultura y de las industrias conexas, as\u00ed como la fracci\u00f3n biodegradable de los residuos industriales y municipales.<\/p>\n<\/div><\/div>\n\n\n\n<h3 class=\"titulo-sombreado has-text-color wp-block-heading\" id=\"biomasa\" style=\"color:#00847d\"><strong>\u00bfContribuye al efecto invernadero?<\/strong><\/h3>\n\n\n\n<p><br>La <strong>combusti\u00f3n de biomasa<\/strong> no contribuye al aumento del efecto invernadero porque el carbono que se libera forma parte de la atm\u00f3sfera actual (es el que absorben y liberan continuamente las plantas durante su crecimiento) y no del subsuelo, capturado en \u00e9pocas remotas,\u00a0 como en el caso del gas o el petr\u00f3leo.<br>La energ\u00eda que contiene este recurso es <strong>energ\u00eda solar almacenada <\/strong>a trav\u00e9s de la fotos\u00edntesis, proceso por el cual algunos organismos vivos, como las plantas, utilizan la energ\u00eda solar para convertir los compuestos inorg\u00e1nicos que asimilan (como el CO<sub>2<\/sub>) en compuestos org\u00e1nicos.<\/p>\n\n\n\n<h3 class=\"titulo-sombreado has-text-color wp-block-heading\" id=\"biomasa\" style=\"color:#00847d\"><strong>Tipos de combustibles y energ\u00eda<\/strong><\/h3>\n\n\n\n<p><br>Las instalaciones de producci\u00f3n energ\u00e9tica con bioenerg\u00eda se abastecen de una <strong>amplia gama de biocombustibles,<\/strong> desde astillas hasta cardos y paja, pasando por huesos de aceituna y c\u00e1scaras de almendra. Esta heterogeneidad contin\u00faa en los usos pudiendo emplearse para calefacci\u00f3n y producci\u00f3n de agua caliente en el sector dom\u00e9stico (viviendas unifamiliares, comunidades de vecinos, barrios o municipios enteros), calor para procesos industriales y generaci\u00f3n de electricidad. <\/p>\n\n\n\n<figure class=\"wp-block-gallery alignwide columns-3 is-cropped wp-block-gallery-1 is-layout-flex wp-block-gallery-is-layout-flex\"><ul class=\"blocks-gallery-grid\"><li class=\"blocks-gallery-item\"><figure><img loading=\"lazy\" decoding=\"async\" width=\"1024\" height=\"683\" src=\"https:\/\/www.unioviedo.es\/catedrahunosa\/wp-content\/uploads\/2021\/03\/2020-10-26-Biomasa_-1-1024x683.jpg\" alt=\"biomasa\" data-id=\"15519\" data-full-url=\"https:\/\/www.unioviedo.es\/catedrahunosa\/wp-content\/uploads\/2021\/03\/2020-10-26-Biomasa_-1-scaled.jpg\" data-link=\"https:\/\/www.unioviedo.es\/catedrahunosa\/index.php\/biomasa-divulgacion\/2020-10-26-biomasa_-1\/\" class=\"wp-image-15519\" srcset=\"https:\/\/www.unioviedo.es\/catedrahunosa\/wp-content\/uploads\/2021\/03\/2020-10-26-Biomasa_-1-1024x683.jpg 1024w, https:\/\/www.unioviedo.es\/catedrahunosa\/wp-content\/uploads\/2021\/03\/2020-10-26-Biomasa_-1-300x200.jpg 300w, https:\/\/www.unioviedo.es\/catedrahunosa\/wp-content\/uploads\/2021\/03\/2020-10-26-Biomasa_-1-768x512.jpg 768w, https:\/\/www.unioviedo.es\/catedrahunosa\/wp-content\/uploads\/2021\/03\/2020-10-26-Biomasa_-1-1536x1024.jpg 1536w, https:\/\/www.unioviedo.es\/catedrahunosa\/wp-content\/uploads\/2021\/03\/2020-10-26-Biomasa_-1-2048x1365.jpg 2048w\" sizes=\"auto, (max-width: 706px) 89vw, (max-width: 767px) 82vw, 740px\" \/><figcaption class=\"blocks-gallery-item__caption\">Astillas de madera<\/figcaption><\/figure><\/li><li class=\"blocks-gallery-item\"><figure><img loading=\"lazy\" decoding=\"async\" width=\"1024\" height=\"683\" src=\"https:\/\/www.unioviedo.es\/catedrahunosa\/wp-content\/uploads\/2021\/03\/2020-10-26-Biomasa_-2-1024x683.jpg\" alt=\"biomasa\" data-id=\"15520\" data-full-url=\"https:\/\/www.unioviedo.es\/catedrahunosa\/wp-content\/uploads\/2021\/03\/2020-10-26-Biomasa_-2-scaled.jpg\" data-link=\"https:\/\/www.unioviedo.es\/catedrahunosa\/index.php\/biomasa-divulgacion\/2020-10-26-biomasa_-2\/\" class=\"wp-image-15520\" srcset=\"https:\/\/www.unioviedo.es\/catedrahunosa\/wp-content\/uploads\/2021\/03\/2020-10-26-Biomasa_-2-1024x683.jpg 1024w, https:\/\/www.unioviedo.es\/catedrahunosa\/wp-content\/uploads\/2021\/03\/2020-10-26-Biomasa_-2-300x200.jpg 300w, https:\/\/www.unioviedo.es\/catedrahunosa\/wp-content\/uploads\/2021\/03\/2020-10-26-Biomasa_-2-768x512.jpg 768w, https:\/\/www.unioviedo.es\/catedrahunosa\/wp-content\/uploads\/2021\/03\/2020-10-26-Biomasa_-2-1536x1024.jpg 1536w, https:\/\/www.unioviedo.es\/catedrahunosa\/wp-content\/uploads\/2021\/03\/2020-10-26-Biomasa_-2-2048x1365.jpg 2048w\" sizes=\"auto, (max-width: 706px) 89vw, (max-width: 767px) 82vw, 740px\" \/><figcaption class=\"blocks-gallery-item__caption\">Biomasa a partir de huesos de aceitunas<\/figcaption><\/figure><\/li><li class=\"blocks-gallery-item\"><figure><img loading=\"lazy\" decoding=\"async\" width=\"1024\" height=\"683\" src=\"https:\/\/www.unioviedo.es\/catedrahunosa\/wp-content\/uploads\/2021\/03\/2020-10-26-Biomasa_-3-1024x683.jpg\" alt=\"pellets biomasa\" data-id=\"15521\" data-full-url=\"https:\/\/www.unioviedo.es\/catedrahunosa\/wp-content\/uploads\/2021\/03\/2020-10-26-Biomasa_-3-scaled.jpg\" data-link=\"https:\/\/www.unioviedo.es\/catedrahunosa\/index.php\/biomasa-divulgacion\/2020-10-26-biomasa_-3\/\" class=\"wp-image-15521\" srcset=\"https:\/\/www.unioviedo.es\/catedrahunosa\/wp-content\/uploads\/2021\/03\/2020-10-26-Biomasa_-3-1024x683.jpg 1024w, https:\/\/www.unioviedo.es\/catedrahunosa\/wp-content\/uploads\/2021\/03\/2020-10-26-Biomasa_-3-300x200.jpg 300w, https:\/\/www.unioviedo.es\/catedrahunosa\/wp-content\/uploads\/2021\/03\/2020-10-26-Biomasa_-3-768x512.jpg 768w, https:\/\/www.unioviedo.es\/catedrahunosa\/wp-content\/uploads\/2021\/03\/2020-10-26-Biomasa_-3-1536x1024.jpg 1536w, https:\/\/www.unioviedo.es\/catedrahunosa\/wp-content\/uploads\/2021\/03\/2020-10-26-Biomasa_-3-2048x1365.jpg 2048w\" sizes=\"auto, (max-width: 706px) 89vw, (max-width: 767px) 82vw, 740px\" \/><figcaption class=\"blocks-gallery-item__caption\">Pellets Biomasa<\/figcaption><\/figure><\/li><\/ul><\/figure>\n\n\n\n<pre class=\"wp-block-verse\">La <strong>valoraci\u00f3n de la biomasa<\/strong> puede hacerse a trav\u00e9s de cuatro procesos b\u00e1sicos mediante los que puede transformarse en calor y electricidad: combusti\u00f3n, digesti\u00f3n anaerobia, gasificaci\u00f3n y pirolisis.<\/pre>\n\n\n\n<p><br>Dentro de los principales <strong>biocombustibles s\u00f3lidos<\/strong> espa\u00f1oles destacan: <\/p>\n\n\n\n<ul class=\"wp-block-list\"><li>Los orujillos de aceite y de uva<\/li><li>Los huesos de aceituna<\/li><li>Las c\u00e1scaras de frutos secos, tanto agr\u00edcolas, almendra, como forestales, pi\u00f1\u00f3n<\/li><li>Los residuos de nuestros montes y de las industrias forestales, desde cortezas hasta astillas, pasando por costeros y serrines.<br>Seg\u00fan el <a rel=\"noreferrer noopener\" href=\"http:\/\/www.appa.es\/descargas\/RD-661-07.pdf\" target=\"_blank\">RD 661\/2007<\/a>, en el por el que se regula la actividad de producci\u00f3n de energ\u00eda el\u00e9ctrica en r\u00e9gimen especial, se puede usar la biomasa como combustible para generar electricidad.<\/li><\/ul>\n\n\n\n<div class=\"wp-block-columns is-layout-flex wp-container-core-columns-is-layout-9d6595d7 wp-block-columns-is-layout-flex\">\n<div class=\"wp-block-column is-layout-flow wp-block-column-is-layout-flow\">\n<figure class=\"wp-block-image size-large is-style-default\"><img loading=\"lazy\" decoding=\"async\" width=\"1024\" height=\"576\" src=\"https:\/\/www.unioviedo.es\/catedrahunosa\/wp-content\/uploads\/2021\/03\/Caldera-Biomasa-Pozo-Soton-3-1024x576.jpg\" alt=\"Caldera Biomasa\" class=\"wp-image-15526\" srcset=\"https:\/\/www.unioviedo.es\/catedrahunosa\/wp-content\/uploads\/2021\/03\/Caldera-Biomasa-Pozo-Soton-3-1024x576.jpg 1024w, https:\/\/www.unioviedo.es\/catedrahunosa\/wp-content\/uploads\/2021\/03\/Caldera-Biomasa-Pozo-Soton-3-300x169.jpg 300w, https:\/\/www.unioviedo.es\/catedrahunosa\/wp-content\/uploads\/2021\/03\/Caldera-Biomasa-Pozo-Soton-3-768x432.jpg 768w, https:\/\/www.unioviedo.es\/catedrahunosa\/wp-content\/uploads\/2021\/03\/Caldera-Biomasa-Pozo-Soton-3-1536x864.jpg 1536w, https:\/\/www.unioviedo.es\/catedrahunosa\/wp-content\/uploads\/2021\/03\/Caldera-Biomasa-Pozo-Soton-3.jpg 1600w\" sizes=\"auto, (max-width: 706px) 89vw, (max-width: 767px) 82vw, 740px\" \/><figcaption>Caldera de Biomasa Pozo Sot\u00f3n<\/figcaption><\/figure>\n<\/div>\n\n\n\n<div class=\"wp-block-column is-layout-flow wp-block-column-is-layout-flow\">\n<p><\/p>\n\n\n\n<p>Tambi\u00e9n se puede usar biomasa como combustible para generar calor quem\u00e1ndola en <strong>calderas. <\/strong>En Espa\u00f1a se consumen m\u00e1s de 4 Mtep para generar calor de los que el sector dom\u00e9stico utiliza pr\u00e1cticamente la mitad (generalmente en forma de le\u00f1a, pellets, astillas) y el resto se utiliza en las industrias, generalmente en las industrias del papel, de madera y muebles, y de alimentaci\u00f3n.<\/p>\n<\/div>\n<\/div>\n\n\n\n<h3 class=\"titulo-sombreado has-text-color wp-block-heading\" id=\"biomasa\" style=\"color:#00847d\"><strong>\u00bfPor qu\u00e9 la Biomasa?<\/strong><\/h3>\n\n\n\n<p>Su uso como recurso energ\u00e9tico, en lugar de los combustibles f\u00f3siles, implica una serie de ventajas. Estas convierten a la biomasa en una de las fuentes potenciales de empleo en el futuro. Es por eso que constituye un elemento de gran importancia para el equilibrio territorial, en especial en las zonas rurales.<\/p>\n\n\n\n<p>[TABS_R id=15522]<\/p>\n\n\n\n<h3 class=\"titulo-sombreado has-text-color wp-block-heading\" id=\"proyectos\" style=\"color:#00847d\"><strong>Proyectos de HUNOSA<\/strong><\/h3>\n\n\n\n<p>Descubre los diferentes proyectos de Hunosa en el campo de la bioenerg\u00eda, desde instalaci\u00f3n de calderas en comunidades de vecinos,  cultivos energ\u00e9ticos para la recuperaci\u00f3n y revalorizaci\u00f3n de terrenos a la Biogasificaci\u00f3n Anaerobia. <\/p>\n\n\n\n<div class=\"wp-block-buttons is-layout-flex wp-block-buttons-is-layout-flex\">\n<div class=\"wp-block-button has-custom-width wp-block-button__width-50 is-style-fill\"><a class=\"wp-block-button__link has-white-color has-text-color has-background\" href=\"https:\/\/www.unioviedo.es\/catedrahunosa\/index.php\/proyectos-biomasa-hunosa\/\" style=\"background-color:#00847d\">Descubre los proyectos<\/a><\/div>\n<\/div>\n","protected":false},"excerpt":{"rendered":"<p>\u00bfQu\u00e9 es la Biomasa? Se puede decir que la Biomasa es toda materia org\u00e1nica susceptible de aprovechamiento energ\u00e9tico.Entre las energ\u00edas renovables destaca el uso de productos obtenidos a partir de materia org\u00e1nica para producir energ\u00eda. Estos productos componen lo que se denomina com\u00fanmente \u201cbiomasa\u201d, una definici\u00f3n que abarca un gran grupo de materiales de diversos &hellip; <\/p>\n<p class=\"link-more\"><a href=\"https:\/\/www.unioviedo.es\/catedrahunosa\/biomasa-5\/\" class=\"more-link\">Continuar leyendo<span class=\"screen-reader-text\"> \u00abBiomasa\u00bb<\/span><\/a><\/p>\n","protected":false},"author":1,"featured_media":0,"parent":0,"menu_order":0,"comment_status":"closed","ping_status":"closed","template":"","meta":{"_monsterinsights_skip_tracking":false,"_monsterinsights_sitenote_active":false,"_monsterinsights_sitenote_note":"","_monsterinsights_sitenote_category":0,"footnotes":""},"class_list":["post-13068","page","type-page","status-publish","hentry"],"yoast_head":"<!-- This site is optimized with the Yoast SEO plugin v27.5 - https:\/\/yoast.com\/product\/yoast-seo-wordpress\/ -->\n<title>Biomasa | C\u00e1tedra Hunosa | Recursos y Proyectos en Asturias<\/title>\n<meta name=\"description\" content=\"Descubre qu\u00e9 es la Biomasa y sus principales usos como recurso energ\u00e9tico, as\u00ed como todas las ventajas que ofrece esta energ\u00eda.\" \/>\n<meta name=\"robots\" content=\"index, follow, max-snippet:-1, max-image-preview:large, max-video-preview:-1\" \/>\n<link rel=\"canonical\" href=\"https:\/\/www.unioviedo.es\/catedrahunosa\/biomasa-5\/\" \/>\n<meta property=\"og:locale\" content=\"es_ES\" \/>\n<meta property=\"og:type\" content=\"article\" \/>\n<meta property=\"og:title\" content=\"Biomasa | C\u00e1tedra Hunosa | Recursos y Proyectos en Asturias\" \/>\n<meta property=\"og:description\" content=\"Descubre qu\u00e9 es la Biomasa y sus principales usos como recurso energ\u00e9tico, as\u00ed como todas las ventajas que ofrece esta energ\u00eda.\" \/>\n<meta property=\"og:url\" content=\"https:\/\/www.unioviedo.es\/catedrahunosa\/biomasa-5\/\" \/>\n<meta property=\"og:site_name\" content=\"C\u00e1tedra Hunosa\" \/>\n<meta property=\"article:publisher\" content=\"https:\/\/www.facebook.com\/CatedraHunosa\/\" \/>\n<meta property=\"article:modified_time\" content=\"2026-02-05T12:53:31+00:00\" \/>\n<meta property=\"og:image\" content=\"https:\/\/www.unioviedo.es\/catedrahunosa\/wp-content\/uploads\/2016\/11\/DEF_BIOMASA.jpg\" \/>\n\t<meta property=\"og:image:width\" content=\"1193\" \/>\n\t<meta property=\"og:image:height\" content=\"645\" \/>\n\t<meta property=\"og:image:type\" content=\"image\/jpeg\" \/>\n<meta name=\"twitter:card\" content=\"summary_large_image\" \/>\n<meta name=\"twitter:label1\" content=\"Tiempo de lectura\" \/>\n\t<meta name=\"twitter:data1\" content=\"4 minutos\" \/>\n<script type=\"application\/ld+json\" class=\"yoast-schema-graph\">{\"@context\":\"https:\\\/\\\/schema.org\",\"@graph\":[{\"@type\":\"WebPage\",\"@id\":\"https:\\\/\\\/www.unioviedo.es\\\/catedrahunosa\\\/biomasa-5\\\/\",\"url\":\"https:\\\/\\\/www.unioviedo.es\\\/catedrahunosa\\\/biomasa-5\\\/\",\"name\":\"Biomasa | C\u00e1tedra Hunosa | Recursos y Proyectos en Asturias\",\"isPartOf\":{\"@id\":\"https:\\\/\\\/www.unioviedo.es\\\/catedrahunosa\\\/#website\"},\"primaryImageOfPage\":{\"@id\":\"https:\\\/\\\/www.unioviedo.es\\\/catedrahunosa\\\/biomasa-5\\\/#primaryimage\"},\"image\":{\"@id\":\"https:\\\/\\\/www.unioviedo.es\\\/catedrahunosa\\\/biomasa-5\\\/#primaryimage\"},\"thumbnailUrl\":\"https:\\\/\\\/www.unioviedo.es\\\/catedrahunosa\\\/wp-content\\\/uploads\\\/2016\\\/11\\\/DEF_BIOMASA-1024x554.jpg\",\"datePublished\":\"2016-11-09T13:32:53+00:00\",\"dateModified\":\"2026-02-05T12:53:31+00:00\",\"description\":\"Descubre qu\u00e9 es la Biomasa y sus principales usos como recurso energ\u00e9tico, as\u00ed como todas las ventajas que ofrece esta energ\u00eda.\",\"breadcrumb\":{\"@id\":\"https:\\\/\\\/www.unioviedo.es\\\/catedrahunosa\\\/biomasa-5\\\/#breadcrumb\"},\"inLanguage\":\"es\",\"potentialAction\":[{\"@type\":\"ReadAction\",\"target\":[\"https:\\\/\\\/www.unioviedo.es\\\/catedrahunosa\\\/biomasa-5\\\/\"]}]},{\"@type\":\"ImageObject\",\"inLanguage\":\"es\",\"@id\":\"https:\\\/\\\/www.unioviedo.es\\\/catedrahunosa\\\/biomasa-5\\\/#primaryimage\",\"url\":\"https:\\\/\\\/www.unioviedo.es\\\/catedrahunosa\\\/wp-content\\\/uploads\\\/2016\\\/11\\\/DEF_BIOMASA.jpg\",\"contentUrl\":\"https:\\\/\\\/www.unioviedo.es\\\/catedrahunosa\\\/wp-content\\\/uploads\\\/2016\\\/11\\\/DEF_BIOMASA.jpg\",\"width\":1193,\"height\":645,\"caption\":\"biomasa icono\"},{\"@type\":\"BreadcrumbList\",\"@id\":\"https:\\\/\\\/www.unioviedo.es\\\/catedrahunosa\\\/biomasa-5\\\/#breadcrumb\",\"itemListElement\":[{\"@type\":\"ListItem\",\"position\":1,\"name\":\"Portada\",\"item\":\"https:\\\/\\\/www.unioviedo.es\\\/catedrahunosa\\\/\"},{\"@type\":\"ListItem\",\"position\":2,\"name\":\"Biomasa\"}]},{\"@type\":\"WebSite\",\"@id\":\"https:\\\/\\\/www.unioviedo.es\\\/catedrahunosa\\\/#website\",\"url\":\"https:\\\/\\\/www.unioviedo.es\\\/catedrahunosa\\\/\",\"name\":\"C\u00e1tedra Hunosa\",\"description\":\"Energ\u00edas Renovables\",\"publisher\":{\"@id\":\"https:\\\/\\\/www.unioviedo.es\\\/catedrahunosa\\\/#organization\"},\"potentialAction\":[{\"@type\":\"SearchAction\",\"target\":{\"@type\":\"EntryPoint\",\"urlTemplate\":\"https:\\\/\\\/www.unioviedo.es\\\/catedrahunosa\\\/?s={search_term_string}\"},\"query-input\":{\"@type\":\"PropertyValueSpecification\",\"valueRequired\":true,\"valueName\":\"search_term_string\"}}],\"inLanguage\":\"es\"},{\"@type\":\"Organization\",\"@id\":\"https:\\\/\\\/www.unioviedo.es\\\/catedrahunosa\\\/#organization\",\"name\":\"C\u00e1tedra Hunosa\",\"url\":\"https:\\\/\\\/www.unioviedo.es\\\/catedrahunosa\\\/\",\"logo\":{\"@type\":\"ImageObject\",\"inLanguage\":\"es\",\"@id\":\"https:\\\/\\\/www.unioviedo.es\\\/catedrahunosa\\\/#\\\/schema\\\/logo\\\/image\\\/\",\"url\":\"https:\\\/\\\/www.unioviedo.es\\\/catedrahunosa\\\/wp-content\\\/uploads\\\/2021\\\/03\\\/cropped-ISOTIPO-CATEDRA-1.png\",\"contentUrl\":\"https:\\\/\\\/www.unioviedo.es\\\/catedrahunosa\\\/wp-content\\\/uploads\\\/2021\\\/03\\\/cropped-ISOTIPO-CATEDRA-1.png\",\"width\":633,\"height\":633,\"caption\":\"C\u00e1tedra Hunosa\"},\"image\":{\"@id\":\"https:\\\/\\\/www.unioviedo.es\\\/catedrahunosa\\\/#\\\/schema\\\/logo\\\/image\\\/\"},\"sameAs\":[\"https:\\\/\\\/www.facebook.com\\\/CatedraHunosa\\\/\",\"https:\\\/\\\/www.linkedin.com\\\/company\\\/c\u00e1tedra-hunosa-universidad-de-oviedo\"]}]}<\/script>\n<!-- \/ Yoast SEO plugin. -->","yoast_head_json":{"title":"Biomasa | C\u00e1tedra Hunosa | Recursos y Proyectos en Asturias","description":"Descubre qu\u00e9 es la Biomasa y sus principales usos como recurso energ\u00e9tico, as\u00ed como todas las ventajas que ofrece esta energ\u00eda.","robots":{"index":"index","follow":"follow","max-snippet":"max-snippet:-1","max-image-preview":"max-image-preview:large","max-video-preview":"max-video-preview:-1"},"canonical":"https:\/\/www.unioviedo.es\/catedrahunosa\/biomasa-5\/","og_locale":"es_ES","og_type":"article","og_title":"Biomasa | C\u00e1tedra Hunosa | Recursos y Proyectos en Asturias","og_description":"Descubre qu\u00e9 es la Biomasa y sus principales usos como recurso energ\u00e9tico, as\u00ed como todas las ventajas que ofrece esta energ\u00eda.","og_url":"https:\/\/www.unioviedo.es\/catedrahunosa\/biomasa-5\/","og_site_name":"C\u00e1tedra Hunosa","article_publisher":"https:\/\/www.facebook.com\/CatedraHunosa\/","article_modified_time":"2026-02-05T12:53:31+00:00","og_image":[{"width":1193,"height":645,"url":"https:\/\/www.unioviedo.es\/catedrahunosa\/wp-content\/uploads\/2016\/11\/DEF_BIOMASA.jpg","type":"image\/jpeg"}],"twitter_card":"summary_large_image","twitter_misc":{"Tiempo de lectura":"4 minutos"},"schema":{"@context":"https:\/\/schema.org","@graph":[{"@type":"WebPage","@id":"https:\/\/www.unioviedo.es\/catedrahunosa\/biomasa-5\/","url":"https:\/\/www.unioviedo.es\/catedrahunosa\/biomasa-5\/","name":"Biomasa | C\u00e1tedra Hunosa | Recursos y Proyectos en Asturias","isPartOf":{"@id":"https:\/\/www.unioviedo.es\/catedrahunosa\/#website"},"primaryImageOfPage":{"@id":"https:\/\/www.unioviedo.es\/catedrahunosa\/biomasa-5\/#primaryimage"},"image":{"@id":"https:\/\/www.unioviedo.es\/catedrahunosa\/biomasa-5\/#primaryimage"},"thumbnailUrl":"https:\/\/www.unioviedo.es\/catedrahunosa\/wp-content\/uploads\/2016\/11\/DEF_BIOMASA-1024x554.jpg","datePublished":"2016-11-09T13:32:53+00:00","dateModified":"2026-02-05T12:53:31+00:00","description":"Descubre qu\u00e9 es la Biomasa y sus principales usos como recurso energ\u00e9tico, as\u00ed como todas las ventajas que ofrece esta energ\u00eda.","breadcrumb":{"@id":"https:\/\/www.unioviedo.es\/catedrahunosa\/biomasa-5\/#breadcrumb"},"inLanguage":"es","potentialAction":[{"@type":"ReadAction","target":["https:\/\/www.unioviedo.es\/catedrahunosa\/biomasa-5\/"]}]},{"@type":"ImageObject","inLanguage":"es","@id":"https:\/\/www.unioviedo.es\/catedrahunosa\/biomasa-5\/#primaryimage","url":"https:\/\/www.unioviedo.es\/catedrahunosa\/wp-content\/uploads\/2016\/11\/DEF_BIOMASA.jpg","contentUrl":"https:\/\/www.unioviedo.es\/catedrahunosa\/wp-content\/uploads\/2016\/11\/DEF_BIOMASA.jpg","width":1193,"height":645,"caption":"biomasa icono"},{"@type":"BreadcrumbList","@id":"https:\/\/www.unioviedo.es\/catedrahunosa\/biomasa-5\/#breadcrumb","itemListElement":[{"@type":"ListItem","position":1,"name":"Portada","item":"https:\/\/www.unioviedo.es\/catedrahunosa\/"},{"@type":"ListItem","position":2,"name":"Biomasa"}]},{"@type":"WebSite","@id":"https:\/\/www.unioviedo.es\/catedrahunosa\/#website","url":"https:\/\/www.unioviedo.es\/catedrahunosa\/","name":"C\u00e1tedra Hunosa","description":"Energ\u00edas Renovables","publisher":{"@id":"https:\/\/www.unioviedo.es\/catedrahunosa\/#organization"},"potentialAction":[{"@type":"SearchAction","target":{"@type":"EntryPoint","urlTemplate":"https:\/\/www.unioviedo.es\/catedrahunosa\/?s={search_term_string}"},"query-input":{"@type":"PropertyValueSpecification","valueRequired":true,"valueName":"search_term_string"}}],"inLanguage":"es"},{"@type":"Organization","@id":"https:\/\/www.unioviedo.es\/catedrahunosa\/#organization","name":"C\u00e1tedra Hunosa","url":"https:\/\/www.unioviedo.es\/catedrahunosa\/","logo":{"@type":"ImageObject","inLanguage":"es","@id":"https:\/\/www.unioviedo.es\/catedrahunosa\/#\/schema\/logo\/image\/","url":"https:\/\/www.unioviedo.es\/catedrahunosa\/wp-content\/uploads\/2021\/03\/cropped-ISOTIPO-CATEDRA-1.png","contentUrl":"https:\/\/www.unioviedo.es\/catedrahunosa\/wp-content\/uploads\/2021\/03\/cropped-ISOTIPO-CATEDRA-1.png","width":633,"height":633,"caption":"C\u00e1tedra Hunosa"},"image":{"@id":"https:\/\/www.unioviedo.es\/catedrahunosa\/#\/schema\/logo\/image\/"},"sameAs":["https:\/\/www.facebook.com\/CatedraHunosa\/","https:\/\/www.linkedin.com\/company\/c\u00e1tedra-hunosa-universidad-de-oviedo"]}]}},"_links":{"self":[{"href":"https:\/\/www.unioviedo.es\/catedrahunosa\/wp-json\/wp\/v2\/pages\/13068","targetHints":{"allow":["GET"]}}],"collection":[{"href":"https:\/\/www.unioviedo.es\/catedrahunosa\/wp-json\/wp\/v2\/pages"}],"about":[{"href":"https:\/\/www.unioviedo.es\/catedrahunosa\/wp-json\/wp\/v2\/types\/page"}],"author":[{"embeddable":true,"href":"https:\/\/www.unioviedo.es\/catedrahunosa\/wp-json\/wp\/v2\/users\/1"}],"replies":[{"embeddable":true,"href":"https:\/\/www.unioviedo.es\/catedrahunosa\/wp-json\/wp\/v2\/comments?post=13068"}],"version-history":[{"count":16,"href":"https:\/\/www.unioviedo.es\/catedrahunosa\/wp-json\/wp\/v2\/pages\/13068\/revisions"}],"predecessor-version":[{"id":16283,"href":"https:\/\/www.unioviedo.es\/catedrahunosa\/wp-json\/wp\/v2\/pages\/13068\/revisions\/16283"}],"wp:attachment":[{"href":"https:\/\/www.unioviedo.es\/catedrahunosa\/wp-json\/wp\/v2\/media?parent=13068"}],"curies":[{"name":"wp","href":"https:\/\/api.w.org\/{rel}","templated":true}]}}