{"id":15092,"date":"2021-03-08T14:25:37","date_gmt":"2021-03-08T13:25:37","guid":{"rendered":"https:\/\/www.unioviedo.es\/catedrahunosa\/?page_id=15092"},"modified":"2026-02-05T13:53:25","modified_gmt":"2026-02-05T12:53:25","slug":"aula","status":"publish","type":"page","link":"https:\/\/www.unioviedo.es\/catedrahunosa\/aula\/","title":{"rendered":"Aula de la Geotermia y la Biomasa"},"content":{"rendered":"\n<div class=\"wp-block-cover alignwide has-background-dim-30 has-cyan-bluish-gray-background-color has-background-dim is-position-center-center\" style=\"min-height:303px;aspect-ratio:unset;\"><img loading=\"lazy\" decoding=\"async\" width=\"2560\" height=\"1707\" class=\"wp-block-cover__image-background wp-image-15515\" alt=\"\" src=\"https:\/\/www.unioviedo.es\/catedrahunosa\/wp-content\/uploads\/2021\/03\/2020-10-08-Maqueta-Geotermia-2-1-scaled.jpg\" style=\"object-position:58% 0%\" data-object-fit=\"cover\" data-object-position=\"58% 0%\" srcset=\"https:\/\/www.unioviedo.es\/catedrahunosa\/wp-content\/uploads\/2021\/03\/2020-10-08-Maqueta-Geotermia-2-1-scaled.jpg 2560w, https:\/\/www.unioviedo.es\/catedrahunosa\/wp-content\/uploads\/2021\/03\/2020-10-08-Maqueta-Geotermia-2-1-300x200.jpg 300w, https:\/\/www.unioviedo.es\/catedrahunosa\/wp-content\/uploads\/2021\/03\/2020-10-08-Maqueta-Geotermia-2-1-1024x683.jpg 1024w, https:\/\/www.unioviedo.es\/catedrahunosa\/wp-content\/uploads\/2021\/03\/2020-10-08-Maqueta-Geotermia-2-1-768x512.jpg 768w, https:\/\/www.unioviedo.es\/catedrahunosa\/wp-content\/uploads\/2021\/03\/2020-10-08-Maqueta-Geotermia-2-1-1536x1024.jpg 1536w, https:\/\/www.unioviedo.es\/catedrahunosa\/wp-content\/uploads\/2021\/03\/2020-10-08-Maqueta-Geotermia-2-1-2048x1365.jpg 2048w\" sizes=\"auto, (max-width: 706px) 89vw, (max-width: 767px) 82vw, 740px\" \/><div class=\"wp-block-cover__inner-container is-layout-flow wp-block-cover-is-layout-flow\">\n<h2 class=\"has-text-align-left has-large-font-size wp-block-heading\">Con\u00f3cenos<\/h2>\n<\/div><\/div>\n\n\n\n<div style=\"height:23px\" aria-hidden=\"true\" class=\"wp-block-spacer\"><\/div>\n\n\n\n<h2 class=\"has-text-color wp-block-heading\" style=\"color:#00847d\"><strong>\u00bfQu\u00e9 es el Aula de la Geotermia y la Biomasa?<\/strong><\/h2>\n\n\n\n<p>El Aula de la Geotermia y la Biomasa es el espacio del que disponemos en la C\u00e1tedra Hunosa para <strong> <\/strong>recibir a los <strong>visitantes interesados.<\/strong> Las visitas est\u00e1n <strong>dirigidas a distintos p\u00fablicos<\/strong>, desde estudiantes de distintos niveles (educaci\u00f3n secundaria, bachillerato, formaci\u00f3n profesional o universitarios), a profesionales del sector, empresas interesadas, as\u00ed como al p\u00fablico general. <\/p>\n\n\n\n<div class=\"wp-block-media-text alignwide is-stacked-on-mobile is-vertically-aligned-center\" style=\"grid-template-columns:47% auto\"><figure class=\"wp-block-media-text__media\"><img loading=\"lazy\" decoding=\"async\" width=\"1024\" height=\"683\" src=\"https:\/\/www.unioviedo.es\/catedrahunosa\/wp-content\/uploads\/2021\/03\/2020-10-08-Maqueta-Geotermia-22-1024x683.jpg\" alt=\"\" class=\"wp-image-15513 size-full\" srcset=\"https:\/\/www.unioviedo.es\/catedrahunosa\/wp-content\/uploads\/2021\/03\/2020-10-08-Maqueta-Geotermia-22-1024x683.jpg 1024w, https:\/\/www.unioviedo.es\/catedrahunosa\/wp-content\/uploads\/2021\/03\/2020-10-08-Maqueta-Geotermia-22-300x200.jpg 300w, https:\/\/www.unioviedo.es\/catedrahunosa\/wp-content\/uploads\/2021\/03\/2020-10-08-Maqueta-Geotermia-22-768x512.jpg 768w, https:\/\/www.unioviedo.es\/catedrahunosa\/wp-content\/uploads\/2021\/03\/2020-10-08-Maqueta-Geotermia-22-1536x1024.jpg 1536w, https:\/\/www.unioviedo.es\/catedrahunosa\/wp-content\/uploads\/2021\/03\/2020-10-08-Maqueta-Geotermia-22-2048x1365.jpg 2048w\" sizes=\"auto, (max-width: 706px) 89vw, (max-width: 767px) 82vw, 740px\" \/><\/figure><div class=\"wp-block-media-text__content\">\n<p class=\"has-normal-font-size\">El Aula es un <strong>espacio divulgativo multifuncional<\/strong> d\u00f3nde se dan a conocer las actividades de la C\u00e1tedra HUNOSA de la Universidad de Oviedo, as\u00ed como se profundiza en la formaci\u00f3n en campo de las Energ\u00edas Renovables, con especial \u00e9nfasis en la <strong>geotermia <\/strong>y la<strong> biomasa.<\/strong> <\/p>\n\n\n\n<p class=\"has-normal-font-size\">En ella se realizara un recorrido por la historia de la energ\u00eda, una visi\u00f3n de diferentes fuentes de energ\u00edas renovables, qu\u00e9 son, c\u00f3mo funcionan, y m\u00e1s en concreto la Energ\u00eda Geot\u00e9rmica y la Biomasa, conociendo los proyectos actuales y de futuro de estos campos en la regi\u00f3n.<\/p>\n<\/div><\/div>\n\n\n\n<h2 class=\"has-text-color wp-block-heading\" style=\"color:#00847d\">\u00bfQu\u00e9 se visita?<\/h2>\n\n\n\n<p>Las visitas comienzan en el <strong>Aula de la Geotermia<\/strong>, d\u00f3nde se realiza una breve introducci\u00f3n sobre los recursos energ\u00e9ticos geot\u00e9rmicos. Posteriormente, se puede visitar el <strong>cercano Pozo Barredo<\/strong>, origen del recurso geot\u00e9rmico de Mieres. La visita es <strong>totalmente gratuita<\/strong>, previa reserva a trav\u00e9s de nuestros <a href=\"https:\/\/www.unioviedo.es\/catedrahunosa\/index.php\/contacto\/\">datos de contacto.<\/a> <\/p>\n\n\n\n<div class=\"wp-block-columns is-layout-flex wp-container-core-columns-is-layout-9d6595d7 wp-block-columns-is-layout-flex\">\n<div class=\"wp-block-column is-layout-flow wp-block-column-is-layout-flow\" style=\"flex-basis:33.33%\">\n<h2 class=\"has-text-color wp-block-heading\" style=\"color:#00847d\">\u00bfD\u00f3nde est\u00e1?<\/h2>\n\n\n\n<p>El <strong>Aula de la Geotermia y la Biomasa<\/strong> se encuentra en el Campus Universitario de Mieres, en la tercera planta del Edificio de Investigaci\u00f3n.<\/p>\n\n\n\n<p>Dispone de 130 m<sup>2<\/sup> d\u00f3nde se encuentran una serie de paneles expositivos permanente y una serie de material did\u00e1ctico como maquetas y simuladores para complementar la visita. <\/p>\n<\/div>\n\n\n\n<div class=\"wp-block-column is-layout-flow wp-block-column-is-layout-flow\" style=\"flex-basis:66.66%\">\n<div class=\"wp-block-image is-style-default\"><figure class=\"aligncenter size-large is-resized\"><img loading=\"lazy\" decoding=\"async\" src=\"https:\/\/www.unioviedo.es\/catedrahunosa\/wp-content\/uploads\/2021\/03\/2020-10-26-Maqueta-Geotermia_-05-1024x683.jpg\" alt=\"\" class=\"wp-image-15511\" width=\"461\" height=\"308\" srcset=\"https:\/\/www.unioviedo.es\/catedrahunosa\/wp-content\/uploads\/2021\/03\/2020-10-26-Maqueta-Geotermia_-05-1024x683.jpg 1024w, https:\/\/www.unioviedo.es\/catedrahunosa\/wp-content\/uploads\/2021\/03\/2020-10-26-Maqueta-Geotermia_-05-300x200.jpg 300w, https:\/\/www.unioviedo.es\/catedrahunosa\/wp-content\/uploads\/2021\/03\/2020-10-26-Maqueta-Geotermia_-05-768x512.jpg 768w, https:\/\/www.unioviedo.es\/catedrahunosa\/wp-content\/uploads\/2021\/03\/2020-10-26-Maqueta-Geotermia_-05-1536x1024.jpg 1536w, https:\/\/www.unioviedo.es\/catedrahunosa\/wp-content\/uploads\/2021\/03\/2020-10-26-Maqueta-Geotermia_-05-2048x1365.jpg 2048w\" sizes=\"auto, (max-width: 461px) 100vw, 461px\" \/><figcaption>Edificio de Investigaci\u00f3n del Campus de Mieres<\/figcaption><\/figure><\/div>\n\n\n\n<p><\/p>\n<\/div>\n<\/div>\n\n\n\n<h2 class=\"has-text-color wp-block-heading\" style=\"color:#00847d\">Visita las instalaciones del Pozo Barredo<\/h2>\n\n\n\n<p>El Aula de la Geotermia se complementa con la <a href=\"https:\/\/www.unioviedo.es\/catedrahunosa\/index.php\/visita-virtual\/\">visita a las<strong> instalaciones geot\u00e9rmicas<\/strong><\/a> del Pozo Barredo. <\/p>\n\n\n\n<figure class=\"wp-block-image size-large is-resized\"><img loading=\"lazy\" decoding=\"async\" src=\"https:\/\/www.unioviedo.es\/catedrahunosa\/wp-content\/uploads\/2021\/09\/20210910_123329-1024x461.jpg\" alt=\"\" class=\"wp-image-15989\" width=\"571\" height=\"257\" srcset=\"https:\/\/www.unioviedo.es\/catedrahunosa\/wp-content\/uploads\/2021\/09\/20210910_123329-1024x461.jpg 1024w, https:\/\/www.unioviedo.es\/catedrahunosa\/wp-content\/uploads\/2021\/09\/20210910_123329-300x135.jpg 300w, https:\/\/www.unioviedo.es\/catedrahunosa\/wp-content\/uploads\/2021\/09\/20210910_123329-768x346.jpg 768w, https:\/\/www.unioviedo.es\/catedrahunosa\/wp-content\/uploads\/2021\/09\/20210910_123329-1536x692.jpg 1536w, https:\/\/www.unioviedo.es\/catedrahunosa\/wp-content\/uploads\/2021\/09\/20210910_123329-2048x922.jpg 2048w\" sizes=\"auto, (max-width: 571px) 100vw, 571px\" \/><figcaption>Alumnos en el Pozo Barredo<\/figcaption><\/figure>\n\n\n\n<p>\u00bfQu\u00e9 mejor lugar para conocer la<strong> energ\u00eda geot\u00e9rmica,<\/strong> que desde un Edificio abastecido por este recurso? El edificio de investigaci\u00f3n,<strong> d\u00f3nde se encuentra el Aula,<\/strong> as\u00ed como otros edificios del municipio, conforman el <strong>\u201cDistrict Heating\u201d <\/strong>del <a href=\"https:\/\/www.unioviedo.es\/catedrahunosa\/index.php\/geotermia-agua-mina\/\">Pozo Barredo<\/a>, la <strong>mayor red de calor geot\u00e9rmica de Espa\u00f1a<\/strong>, con cerca de 6 MWt. <\/p>\n\n\n\n<div class=\"wp-block-buttons is-layout-flex wp-block-buttons-is-layout-flex\">\n<div class=\"wp-block-button\"><a class=\"wp-block-button__link has-background\" href=\"https:\/\/www.unioviedo.es\/catedrahunosa\/index.php\/visita-virtual\/\" style=\"background-color:#00847d\" target=\"_blank\" rel=\"noreferrer noopener\">Visita virtual instalaciones geot\u00e9rmicas Pozo Barredo<\/a><\/div>\n<\/div>\n\n\n\n<p><\/p>\n","protected":false},"excerpt":{"rendered":"<p>\u00bfQu\u00e9 es el Aula de la Geotermia y la Biomasa? El Aula de la Geotermia y la Biomasa es el espacio del que disponemos en la C\u00e1tedra Hunosa para recibir a los visitantes interesados. Las visitas est\u00e1n dirigidas a distintos p\u00fablicos, desde estudiantes de distintos niveles (educaci\u00f3n secundaria, bachillerato, formaci\u00f3n profesional o universitarios), a profesionales &hellip; <\/p>\n<p class=\"link-more\"><a href=\"https:\/\/www.unioviedo.es\/catedrahunosa\/aula\/\" class=\"more-link\">Continuar leyendo<span class=\"screen-reader-text\"> \u00abAula de la Geotermia y la Biomasa\u00bb<\/span><\/a><\/p>\n","protected":false},"author":1,"featured_media":0,"parent":0,"menu_order":0,"comment_status":"closed","ping_status":"closed","template":"","meta":{"_monsterinsights_skip_tracking":false,"_monsterinsights_sitenote_active":false,"_monsterinsights_sitenote_note":"","_monsterinsights_sitenote_category":0,"footnotes":""},"class_list":["post-15092","page","type-page","status-publish","hentry"],"yoast_head":"<!-- This site is optimized with the Yoast SEO plugin v27.5 - https:\/\/yoast.com\/product\/yoast-seo-wordpress\/ -->\n<title>Aula de la Geotermia y la Biomasa | C\u00e1tedra Hunosa<\/title>\n<meta name=\"description\" content=\"El Aula de la Geotermia y la Biomasa es el espacio del que disponemos en la C\u00e1tedra Hunosa para recibir a los visitantes interesados.\" \/>\n<meta name=\"robots\" content=\"index, follow, max-snippet:-1, max-image-preview:large, max-video-preview:-1\" \/>\n<link rel=\"canonical\" href=\"https:\/\/www.unioviedo.es\/catedrahunosa\/aula\/\" \/>\n<meta property=\"og:locale\" content=\"es_ES\" \/>\n<meta property=\"og:type\" content=\"article\" \/>\n<meta property=\"og:title\" content=\"Aula de la Geotermia y la Biomasa | C\u00e1tedra Hunosa\" \/>\n<meta property=\"og:description\" content=\"El Aula de la Geotermia y la Biomasa es el espacio del que disponemos en la C\u00e1tedra Hunosa para recibir a los visitantes interesados.\" \/>\n<meta property=\"og:url\" content=\"https:\/\/www.unioviedo.es\/catedrahunosa\/aula\/\" \/>\n<meta property=\"og:site_name\" content=\"C\u00e1tedra Hunosa\" \/>\n<meta property=\"article:publisher\" content=\"https:\/\/www.facebook.com\/CatedraHunosa\/\" \/>\n<meta property=\"article:modified_time\" content=\"2026-02-05T12:53:25+00:00\" \/>\n<meta property=\"og:image\" content=\"https:\/\/www.unioviedo.es\/catedrahunosa\/wp-content\/uploads\/2021\/03\/2020-10-08-Maqueta-Geotermia-2-1-scaled.jpg\" \/>\n\t<meta property=\"og:image:width\" content=\"2560\" \/>\n\t<meta property=\"og:image:height\" content=\"1707\" \/>\n\t<meta property=\"og:image:type\" content=\"image\/jpeg\" \/>\n<meta name=\"twitter:card\" content=\"summary_large_image\" \/>\n<meta name=\"twitter:label1\" content=\"Tiempo de lectura\" \/>\n\t<meta name=\"twitter:data1\" content=\"3 minutos\" \/>\n<script type=\"application\/ld+json\" class=\"yoast-schema-graph\">{\"@context\":\"https:\\\/\\\/schema.org\",\"@graph\":[{\"@type\":\"WebPage\",\"@id\":\"https:\\\/\\\/www.unioviedo.es\\\/catedrahunosa\\\/aula\\\/\",\"url\":\"https:\\\/\\\/www.unioviedo.es\\\/catedrahunosa\\\/aula\\\/\",\"name\":\"Aula de la Geotermia y la Biomasa | C\u00e1tedra Hunosa\",\"isPartOf\":{\"@id\":\"https:\\\/\\\/www.unioviedo.es\\\/catedrahunosa\\\/#website\"},\"primaryImageOfPage\":{\"@id\":\"https:\\\/\\\/www.unioviedo.es\\\/catedrahunosa\\\/aula\\\/#primaryimage\"},\"image\":{\"@id\":\"https:\\\/\\\/www.unioviedo.es\\\/catedrahunosa\\\/aula\\\/#primaryimage\"},\"thumbnailUrl\":\"https:\\\/\\\/www.unioviedo.es\\\/catedrahunosa\\\/wp-content\\\/uploads\\\/2021\\\/03\\\/2020-10-08-Maqueta-Geotermia-2-1-scaled.jpg\",\"datePublished\":\"2021-03-08T13:25:37+00:00\",\"dateModified\":\"2026-02-05T12:53:25+00:00\",\"description\":\"El Aula de la Geotermia y la Biomasa es el espacio del que disponemos en la C\u00e1tedra Hunosa para recibir a los visitantes interesados.\",\"breadcrumb\":{\"@id\":\"https:\\\/\\\/www.unioviedo.es\\\/catedrahunosa\\\/aula\\\/#breadcrumb\"},\"inLanguage\":\"es\",\"potentialAction\":[{\"@type\":\"ReadAction\",\"target\":[\"https:\\\/\\\/www.unioviedo.es\\\/catedrahunosa\\\/aula\\\/\"]}]},{\"@type\":\"ImageObject\",\"inLanguage\":\"es\",\"@id\":\"https:\\\/\\\/www.unioviedo.es\\\/catedrahunosa\\\/aula\\\/#primaryimage\",\"url\":\"https:\\\/\\\/www.unioviedo.es\\\/catedrahunosa\\\/wp-content\\\/uploads\\\/2021\\\/03\\\/2020-10-08-Maqueta-Geotermia-2-1-scaled.jpg\",\"contentUrl\":\"https:\\\/\\\/www.unioviedo.es\\\/catedrahunosa\\\/wp-content\\\/uploads\\\/2021\\\/03\\\/2020-10-08-Maqueta-Geotermia-2-1-scaled.jpg\",\"width\":2560,\"height\":1707},{\"@type\":\"BreadcrumbList\",\"@id\":\"https:\\\/\\\/www.unioviedo.es\\\/catedrahunosa\\\/aula\\\/#breadcrumb\",\"itemListElement\":[{\"@type\":\"ListItem\",\"position\":1,\"name\":\"Portada\",\"item\":\"https:\\\/\\\/www.unioviedo.es\\\/catedrahunosa\\\/\"},{\"@type\":\"ListItem\",\"position\":2,\"name\":\"Aula de la Geotermia y la Biomasa\"}]},{\"@type\":\"WebSite\",\"@id\":\"https:\\\/\\\/www.unioviedo.es\\\/catedrahunosa\\\/#website\",\"url\":\"https:\\\/\\\/www.unioviedo.es\\\/catedrahunosa\\\/\",\"name\":\"C\u00e1tedra Hunosa\",\"description\":\"Energ\u00edas Renovables\",\"publisher\":{\"@id\":\"https:\\\/\\\/www.unioviedo.es\\\/catedrahunosa\\\/#organization\"},\"potentialAction\":[{\"@type\":\"SearchAction\",\"target\":{\"@type\":\"EntryPoint\",\"urlTemplate\":\"https:\\\/\\\/www.unioviedo.es\\\/catedrahunosa\\\/?s={search_term_string}\"},\"query-input\":{\"@type\":\"PropertyValueSpecification\",\"valueRequired\":true,\"valueName\":\"search_term_string\"}}],\"inLanguage\":\"es\"},{\"@type\":\"Organization\",\"@id\":\"https:\\\/\\\/www.unioviedo.es\\\/catedrahunosa\\\/#organization\",\"name\":\"C\u00e1tedra Hunosa\",\"url\":\"https:\\\/\\\/www.unioviedo.es\\\/catedrahunosa\\\/\",\"logo\":{\"@type\":\"ImageObject\",\"inLanguage\":\"es\",\"@id\":\"https:\\\/\\\/www.unioviedo.es\\\/catedrahunosa\\\/#\\\/schema\\\/logo\\\/image\\\/\",\"url\":\"https:\\\/\\\/www.unioviedo.es\\\/catedrahunosa\\\/wp-content\\\/uploads\\\/2021\\\/03\\\/cropped-ISOTIPO-CATEDRA-1.png\",\"contentUrl\":\"https:\\\/\\\/www.unioviedo.es\\\/catedrahunosa\\\/wp-content\\\/uploads\\\/2021\\\/03\\\/cropped-ISOTIPO-CATEDRA-1.png\",\"width\":633,\"height\":633,\"caption\":\"C\u00e1tedra Hunosa\"},\"image\":{\"@id\":\"https:\\\/\\\/www.unioviedo.es\\\/catedrahunosa\\\/#\\\/schema\\\/logo\\\/image\\\/\"},\"sameAs\":[\"https:\\\/\\\/www.facebook.com\\\/CatedraHunosa\\\/\",\"https:\\\/\\\/www.linkedin.com\\\/company\\\/c\u00e1tedra-hunosa-universidad-de-oviedo\"]}]}<\/script>\n<!-- \/ Yoast SEO plugin. -->","yoast_head_json":{"title":"Aula de la Geotermia y la Biomasa | C\u00e1tedra Hunosa","description":"El Aula de la Geotermia y la Biomasa es el espacio del que disponemos en la C\u00e1tedra Hunosa para recibir a los visitantes interesados.","robots":{"index":"index","follow":"follow","max-snippet":"max-snippet:-1","max-image-preview":"max-image-preview:large","max-video-preview":"max-video-preview:-1"},"canonical":"https:\/\/www.unioviedo.es\/catedrahunosa\/aula\/","og_locale":"es_ES","og_type":"article","og_title":"Aula de la Geotermia y la Biomasa | C\u00e1tedra Hunosa","og_description":"El Aula de la Geotermia y la Biomasa es el espacio del que disponemos en la C\u00e1tedra Hunosa para recibir a los visitantes interesados.","og_url":"https:\/\/www.unioviedo.es\/catedrahunosa\/aula\/","og_site_name":"C\u00e1tedra Hunosa","article_publisher":"https:\/\/www.facebook.com\/CatedraHunosa\/","article_modified_time":"2026-02-05T12:53:25+00:00","og_image":[{"width":2560,"height":1707,"url":"https:\/\/www.unioviedo.es\/catedrahunosa\/wp-content\/uploads\/2021\/03\/2020-10-08-Maqueta-Geotermia-2-1-scaled.jpg","type":"image\/jpeg"}],"twitter_card":"summary_large_image","twitter_misc":{"Tiempo de lectura":"3 minutos"},"schema":{"@context":"https:\/\/schema.org","@graph":[{"@type":"WebPage","@id":"https:\/\/www.unioviedo.es\/catedrahunosa\/aula\/","url":"https:\/\/www.unioviedo.es\/catedrahunosa\/aula\/","name":"Aula de la Geotermia y la Biomasa | C\u00e1tedra Hunosa","isPartOf":{"@id":"https:\/\/www.unioviedo.es\/catedrahunosa\/#website"},"primaryImageOfPage":{"@id":"https:\/\/www.unioviedo.es\/catedrahunosa\/aula\/#primaryimage"},"image":{"@id":"https:\/\/www.unioviedo.es\/catedrahunosa\/aula\/#primaryimage"},"thumbnailUrl":"https:\/\/www.unioviedo.es\/catedrahunosa\/wp-content\/uploads\/2021\/03\/2020-10-08-Maqueta-Geotermia-2-1-scaled.jpg","datePublished":"2021-03-08T13:25:37+00:00","dateModified":"2026-02-05T12:53:25+00:00","description":"El Aula de la Geotermia y la Biomasa es el espacio del que disponemos en la C\u00e1tedra Hunosa para recibir a los visitantes interesados.","breadcrumb":{"@id":"https:\/\/www.unioviedo.es\/catedrahunosa\/aula\/#breadcrumb"},"inLanguage":"es","potentialAction":[{"@type":"ReadAction","target":["https:\/\/www.unioviedo.es\/catedrahunosa\/aula\/"]}]},{"@type":"ImageObject","inLanguage":"es","@id":"https:\/\/www.unioviedo.es\/catedrahunosa\/aula\/#primaryimage","url":"https:\/\/www.unioviedo.es\/catedrahunosa\/wp-content\/uploads\/2021\/03\/2020-10-08-Maqueta-Geotermia-2-1-scaled.jpg","contentUrl":"https:\/\/www.unioviedo.es\/catedrahunosa\/wp-content\/uploads\/2021\/03\/2020-10-08-Maqueta-Geotermia-2-1-scaled.jpg","width":2560,"height":1707},{"@type":"BreadcrumbList","@id":"https:\/\/www.unioviedo.es\/catedrahunosa\/aula\/#breadcrumb","itemListElement":[{"@type":"ListItem","position":1,"name":"Portada","item":"https:\/\/www.unioviedo.es\/catedrahunosa\/"},{"@type":"ListItem","position":2,"name":"Aula de la Geotermia y la Biomasa"}]},{"@type":"WebSite","@id":"https:\/\/www.unioviedo.es\/catedrahunosa\/#website","url":"https:\/\/www.unioviedo.es\/catedrahunosa\/","name":"C\u00e1tedra Hunosa","description":"Energ\u00edas Renovables","publisher":{"@id":"https:\/\/www.unioviedo.es\/catedrahunosa\/#organization"},"potentialAction":[{"@type":"SearchAction","target":{"@type":"EntryPoint","urlTemplate":"https:\/\/www.unioviedo.es\/catedrahunosa\/?s={search_term_string}"},"query-input":{"@type":"PropertyValueSpecification","valueRequired":true,"valueName":"search_term_string"}}],"inLanguage":"es"},{"@type":"Organization","@id":"https:\/\/www.unioviedo.es\/catedrahunosa\/#organization","name":"C\u00e1tedra Hunosa","url":"https:\/\/www.unioviedo.es\/catedrahunosa\/","logo":{"@type":"ImageObject","inLanguage":"es","@id":"https:\/\/www.unioviedo.es\/catedrahunosa\/#\/schema\/logo\/image\/","url":"https:\/\/www.unioviedo.es\/catedrahunosa\/wp-content\/uploads\/2021\/03\/cropped-ISOTIPO-CATEDRA-1.png","contentUrl":"https:\/\/www.unioviedo.es\/catedrahunosa\/wp-content\/uploads\/2021\/03\/cropped-ISOTIPO-CATEDRA-1.png","width":633,"height":633,"caption":"C\u00e1tedra Hunosa"},"image":{"@id":"https:\/\/www.unioviedo.es\/catedrahunosa\/#\/schema\/logo\/image\/"},"sameAs":["https:\/\/www.facebook.com\/CatedraHunosa\/","https:\/\/www.linkedin.com\/company\/c\u00e1tedra-hunosa-universidad-de-oviedo"]}]}},"_links":{"self":[{"href":"https:\/\/www.unioviedo.es\/catedrahunosa\/wp-json\/wp\/v2\/pages\/15092","targetHints":{"allow":["GET"]}}],"collection":[{"href":"https:\/\/www.unioviedo.es\/catedrahunosa\/wp-json\/wp\/v2\/pages"}],"about":[{"href":"https:\/\/www.unioviedo.es\/catedrahunosa\/wp-json\/wp\/v2\/types\/page"}],"author":[{"embeddable":true,"href":"https:\/\/www.unioviedo.es\/catedrahunosa\/wp-json\/wp\/v2\/users\/1"}],"replies":[{"embeddable":true,"href":"https:\/\/www.unioviedo.es\/catedrahunosa\/wp-json\/wp\/v2\/comments?post=15092"}],"version-history":[{"count":17,"href":"https:\/\/www.unioviedo.es\/catedrahunosa\/wp-json\/wp\/v2\/pages\/15092\/revisions"}],"predecessor-version":[{"id":16564,"href":"https:\/\/www.unioviedo.es\/catedrahunosa\/wp-json\/wp\/v2\/pages\/15092\/revisions\/16564"}],"wp:attachment":[{"href":"https:\/\/www.unioviedo.es\/catedrahunosa\/wp-json\/wp\/v2\/media?parent=15092"}],"curies":[{"name":"wp","href":"https:\/\/api.w.org\/{rel}","templated":true}]}}