{"id":16180,"date":"2022-04-28T14:02:23","date_gmt":"2022-04-28T12:02:23","guid":{"rendered":"https:\/\/www.unioviedo.es\/catedrahunosa\/?page_id=16180"},"modified":"2026-02-05T10:46:27","modified_gmt":"2026-02-05T09:46:27","slug":"visita-virtual","status":"publish","type":"page","link":"https:\/\/www.unioviedo.es\/catedrahunosa\/visita-virtual\/","title":{"rendered":"Visita Virtual"},"content":{"rendered":"\n<h2 class=\"wp-block-heading\"><strong>A las instalaciones geot\u00e9rmicas del Pozo Barredo<\/strong><\/h2>\n\n\n\n<p><strong>No te pierdas visita virtual de nuestras instalaciones, d\u00f3nde podr\u00e1s conocer todos los secretos de la Geotermia.<\/strong><\/p>\n\n\n\n<p>Por un lado, nuestro<a href=\"#aula\"> Aula de la Geotermia<\/a>, tal y como recibimos a los visitantes. Despu\u00e9s, conoce el <a href=\"#pozo\">Pozo Barredo<\/a>, reconvertido de pozo de extracci\u00f3n minera de carb\u00f3n, a recurso geot\u00e9rmico, desde d\u00f3nde se bombea el agua y se produce el intercambio a un circuito de agua limpia. Posteriormente, la antigua sala de extracci\u00f3n, actualmente reconvertida a la <a href=\"#sala\">Sala de Generaci\u00f3n<\/a> del District Heating de Barredo, d\u00f3nde se le da el salto t\u00e9rmico gracias a las bombas de calor, y se distribuye hacia los usuarios finales. <\/p>\n\n\n\n<p>Si quieres conocer todos los detalles de este recurso geot\u00e9rmico a partir de agua de mina, puedes consultar la p\u00e1gina <a href=\"https:\/\/www.unioviedo.es\/catedrahunosa\/index.php\/geotermia-agua-mina\/\" target=\"_blank\" rel=\"noreferrer noopener\">Proyectos de Hunosa<\/a>.<\/p>\n\n\n\n<p>Con esta experiencia virtual en 3D, creada gracias a la tecnolog\u00eda <a href=\"https:\/\/go.matterport.com\/ES-virtual-tours-general.html?utm_source=google&amp;utm_medium=ppc&amp;utm_campaign=ES_EMEA_ES_Brand&amp;utm_content=562147050128&amp;utm_term=matterport&amp;matchtype=e&amp;device=c&amp;gclid=Cj0KCQjw1tGUBhDXARIsAIJx01kkCwR10rDKOqW3z7Tdx2GPOydYYx8taS88z8_V5nk-or_md9QK4tYaAuivEALw_wcB\" target=\"_blank\" rel=\"noreferrer noopener\">Matterport<\/a>, puedes ver con todo detalle las instalaciones, como si estuvieras inmerso en una visita presencial. \u00a1No te lo pierdas!<\/p>\n\n\n\n<h3 class=\"wp-block-heading has-text-color\" id=\"pozo\" style=\"color:#00847d\">Sala de bombeo &#8211; Pozo Fond\u00f3n<\/h3>\n\n\n\n<iframe loading=\"lazy\" width=\"853\" height=\"480\" src=\"https:\/\/my.matterport.com\/show\/?m=B9chrfmXHGT\" frameborder=\"0\" allowfullscreen=\"\" allow=\"xr-spatial-tracking\"><\/iframe>\n\n\n\n<h3 class=\"wp-block-heading has-text-color\" id=\"pozo\" style=\"color:#00847d\">Sala de generaci\u00f3n &#8211; Pozo Fond\u00f3n<\/h3>\n\n\n\n<iframe loading=\"lazy\" width=\"853\" height=\"480\" src=\"https:\/\/my.matterport.com\/show\/?m=VVCsbtjBZ1M\" frameborder=\"0\" allowfullscreen=\"\" allow=\"xr-spatial-tracking\"><\/iframe>\n\n\n\n<h3 class=\"wp-block-heading has-text-color\" id=\"pozo\" style=\"color:#00847d\">Nave de calderas &#8211; Pozo Fond\u00f3n<\/h3>\n\n\n\n<iframe loading=\"lazy\" width=\"853\" height=\"480\" src=\"https:\/\/my.matterport.com\/show\/?m=DXPkqPv6wwK\" frameborder=\"0\" allowfullscreen=\"\" allow=\"xr-spatial-tracking\"><\/iframe>\n\n\n\n<h3 class=\"wp-block-heading has-text-color\" id=\"pozo\" style=\"color:#00847d\">Nave de bombeo &#8211; Pozo Barredo<\/h3>\n\n\n\n<iframe loading=\"lazy\" width=\"853\" height=\"480\" src=\"https:\/\/my.matterport.com\/show\/?m=HY7ncfuktx6\" frameborder=\"0\" allowfullscreen=\"\" allow=\"xr-spatial-tracking\"><\/iframe>\n\n\n\n<h3 class=\"wp-block-heading has-text-color\" id=\"sala\" style=\"color:#00847d\">Sala de Generaci\u00f3n  &#8211; Pozo Barredo<\/h3>\n\n\n\n<iframe loading=\"lazy\" width=\"853\" height=\"480\" src=\"https:\/\/my.matterport.com\/show\/?m=fZ4iTncTPmC\" frameborder=\"0\" allowfullscreen=\"\" allow=\"xr-spatial-tracking\"><\/iframe>\n\n\n\n<h3 class=\"wp-block-heading has-text-color\" id=\"aula\" style=\"color:#00847d\">Visita al Aula de la Geotermia y la Biomasa<\/h3>\n\n\n\n<iframe loading=\"lazy\" width=\"853\" height=\"480\" src=\"https:\/\/my.matterport.com\/show\/?m=N83VEP4g96i\" frameborder=\"0\" allowfullscreen=\"\" allow=\"xr-spatial-tracking\"><\/iframe>\n\n\n\n<h2 class=\"wp-block-heading\" id=\"block-d9c6924e-ab05-402d-8b21-9f3bc5e99ea4\">Visita Virtual<\/h2>\n\n\n\n<p id=\"block-f3737f72-217e-4736-ab7d-4aaae1b4960f\">Descubre otra forma de visitar las instalaciones geot\u00e9rmicas del Pozo Barredo en Mieres, a trav\u00e9s de una <strong>visita virtual <\/strong>de todas las instalaciones, con sus datos, esquemas y fotos.<\/p>\n\n\n\n<p id=\"block-67671f76-502f-4f59-96ca-86d1cd1b0976\">Dale click a \u00abpresentar\u00bb y descubre todos los detalles en pantalla completa.<\/p>\n\n\n\n<iframe loading=\"lazy\" src=\"https:\/\/prezi.com\/p\/d6tbd3riurra\/embed\/\" id=\"iframe_container\" frameborder=\"0\" webkitallowfullscreen=\"\" mozallowfullscreen=\"\" allowfullscreen=\"\" allow=\"autoplay; fullscreen\" height=\"480\" width=\"853\"><\/iframe>\n","protected":false},"excerpt":{"rendered":"<p>A las instalaciones geot\u00e9rmicas del Pozo Barredo No te pierdas visita virtual de nuestras instalaciones, d\u00f3nde podr\u00e1s conocer todos los secretos de la Geotermia. Por un lado, nuestro Aula de la Geotermia, tal y como recibimos a los visitantes. Despu\u00e9s, conoce el Pozo Barredo, reconvertido de pozo de extracci\u00f3n minera de carb\u00f3n, a recurso geot\u00e9rmico, &hellip; <\/p>\n<p class=\"link-more\"><a href=\"https:\/\/www.unioviedo.es\/catedrahunosa\/visita-virtual\/\" class=\"more-link\">Continuar leyendo<span class=\"screen-reader-text\"> \u00abVisita Virtual\u00bb<\/span><\/a><\/p>\n","protected":false},"author":1,"featured_media":0,"parent":0,"menu_order":0,"comment_status":"closed","ping_status":"closed","template":"","meta":{"_monsterinsights_skip_tracking":false,"_monsterinsights_sitenote_active":false,"_monsterinsights_sitenote_note":"","_monsterinsights_sitenote_category":0,"footnotes":""},"class_list":["post-16180","page","type-page","status-publish","hentry"],"yoast_head":"<!-- This site is optimized with the Yoast SEO plugin v27.5 - https:\/\/yoast.com\/product\/yoast-seo-wordpress\/ -->\n<title>Visita Virtual Instalaciones Geot\u00e9rmicas | C\u00e1tedra Hunosa<\/title>\n<meta name=\"description\" content=\"Conoce la visita virtual del Aula de la Geotermia y acomp\u00e1\u00f1anos a visitar las instalaciones geot\u00e9rmicas de la red de calor del Pozo Barredo.\" \/>\n<meta name=\"robots\" content=\"index, follow, max-snippet:-1, max-image-preview:large, max-video-preview:-1\" \/>\n<link rel=\"canonical\" href=\"https:\/\/www.unioviedo.es\/catedrahunosa\/visita-virtual\/\" \/>\n<meta property=\"og:locale\" content=\"es_ES\" \/>\n<meta property=\"og:type\" content=\"article\" \/>\n<meta property=\"og:title\" content=\"Visita Virtual Instalaciones Geot\u00e9rmicas | C\u00e1tedra Hunosa\" \/>\n<meta property=\"og:description\" content=\"Conoce la visita virtual del Aula de la Geotermia y acomp\u00e1\u00f1anos a visitar las instalaciones geot\u00e9rmicas de la red de calor del Pozo Barredo.\" \/>\n<meta property=\"og:url\" content=\"https:\/\/www.unioviedo.es\/catedrahunosa\/visita-virtual\/\" \/>\n<meta property=\"og:site_name\" content=\"C\u00e1tedra Hunosa\" \/>\n<meta property=\"article:publisher\" content=\"https:\/\/www.facebook.com\/CatedraHunosa\/\" \/>\n<meta property=\"article:modified_time\" content=\"2026-02-05T09:46:27+00:00\" \/>\n<meta name=\"twitter:card\" content=\"summary_large_image\" \/>\n<meta name=\"twitter:label1\" content=\"Tiempo de lectura\" \/>\n\t<meta name=\"twitter:data1\" content=\"2 minutos\" \/>\n<script type=\"application\/ld+json\" class=\"yoast-schema-graph\">{\"@context\":\"https:\\\/\\\/schema.org\",\"@graph\":[{\"@type\":\"WebPage\",\"@id\":\"https:\\\/\\\/www.unioviedo.es\\\/catedrahunosa\\\/visita-virtual\\\/\",\"url\":\"https:\\\/\\\/www.unioviedo.es\\\/catedrahunosa\\\/visita-virtual\\\/\",\"name\":\"Visita Virtual Instalaciones Geot\u00e9rmicas | C\u00e1tedra Hunosa\",\"isPartOf\":{\"@id\":\"https:\\\/\\\/www.unioviedo.es\\\/catedrahunosa\\\/#website\"},\"datePublished\":\"2022-04-28T12:02:23+00:00\",\"dateModified\":\"2026-02-05T09:46:27+00:00\",\"description\":\"Conoce la visita virtual del Aula de la Geotermia y acomp\u00e1\u00f1anos a visitar las instalaciones geot\u00e9rmicas de la red de calor del Pozo Barredo.\",\"breadcrumb\":{\"@id\":\"https:\\\/\\\/www.unioviedo.es\\\/catedrahunosa\\\/visita-virtual\\\/#breadcrumb\"},\"inLanguage\":\"es\",\"potentialAction\":[{\"@type\":\"ReadAction\",\"target\":[\"https:\\\/\\\/www.unioviedo.es\\\/catedrahunosa\\\/visita-virtual\\\/\"]}]},{\"@type\":\"BreadcrumbList\",\"@id\":\"https:\\\/\\\/www.unioviedo.es\\\/catedrahunosa\\\/visita-virtual\\\/#breadcrumb\",\"itemListElement\":[{\"@type\":\"ListItem\",\"position\":1,\"name\":\"Portada\",\"item\":\"https:\\\/\\\/www.unioviedo.es\\\/catedrahunosa\\\/\"},{\"@type\":\"ListItem\",\"position\":2,\"name\":\"Visita Virtual\"}]},{\"@type\":\"WebSite\",\"@id\":\"https:\\\/\\\/www.unioviedo.es\\\/catedrahunosa\\\/#website\",\"url\":\"https:\\\/\\\/www.unioviedo.es\\\/catedrahunosa\\\/\",\"name\":\"C\u00e1tedra Hunosa\",\"description\":\"Energ\u00edas Renovables\",\"publisher\":{\"@id\":\"https:\\\/\\\/www.unioviedo.es\\\/catedrahunosa\\\/#organization\"},\"potentialAction\":[{\"@type\":\"SearchAction\",\"target\":{\"@type\":\"EntryPoint\",\"urlTemplate\":\"https:\\\/\\\/www.unioviedo.es\\\/catedrahunosa\\\/?s={search_term_string}\"},\"query-input\":{\"@type\":\"PropertyValueSpecification\",\"valueRequired\":true,\"valueName\":\"search_term_string\"}}],\"inLanguage\":\"es\"},{\"@type\":\"Organization\",\"@id\":\"https:\\\/\\\/www.unioviedo.es\\\/catedrahunosa\\\/#organization\",\"name\":\"C\u00e1tedra Hunosa\",\"url\":\"https:\\\/\\\/www.unioviedo.es\\\/catedrahunosa\\\/\",\"logo\":{\"@type\":\"ImageObject\",\"inLanguage\":\"es\",\"@id\":\"https:\\\/\\\/www.unioviedo.es\\\/catedrahunosa\\\/#\\\/schema\\\/logo\\\/image\\\/\",\"url\":\"https:\\\/\\\/www.unioviedo.es\\\/catedrahunosa\\\/wp-content\\\/uploads\\\/2021\\\/03\\\/cropped-ISOTIPO-CATEDRA-1.png\",\"contentUrl\":\"https:\\\/\\\/www.unioviedo.es\\\/catedrahunosa\\\/wp-content\\\/uploads\\\/2021\\\/03\\\/cropped-ISOTIPO-CATEDRA-1.png\",\"width\":633,\"height\":633,\"caption\":\"C\u00e1tedra Hunosa\"},\"image\":{\"@id\":\"https:\\\/\\\/www.unioviedo.es\\\/catedrahunosa\\\/#\\\/schema\\\/logo\\\/image\\\/\"},\"sameAs\":[\"https:\\\/\\\/www.facebook.com\\\/CatedraHunosa\\\/\",\"https:\\\/\\\/www.linkedin.com\\\/company\\\/c\u00e1tedra-hunosa-universidad-de-oviedo\"]}]}<\/script>\n<!-- \/ Yoast SEO plugin. -->","yoast_head_json":{"title":"Visita Virtual Instalaciones Geot\u00e9rmicas | C\u00e1tedra Hunosa","description":"Conoce la visita virtual del Aula de la Geotermia y acomp\u00e1\u00f1anos a visitar las instalaciones geot\u00e9rmicas de la red de calor del Pozo Barredo.","robots":{"index":"index","follow":"follow","max-snippet":"max-snippet:-1","max-image-preview":"max-image-preview:large","max-video-preview":"max-video-preview:-1"},"canonical":"https:\/\/www.unioviedo.es\/catedrahunosa\/visita-virtual\/","og_locale":"es_ES","og_type":"article","og_title":"Visita Virtual Instalaciones Geot\u00e9rmicas | C\u00e1tedra Hunosa","og_description":"Conoce la visita virtual del Aula de la Geotermia y acomp\u00e1\u00f1anos a visitar las instalaciones geot\u00e9rmicas de la red de calor del Pozo Barredo.","og_url":"https:\/\/www.unioviedo.es\/catedrahunosa\/visita-virtual\/","og_site_name":"C\u00e1tedra Hunosa","article_publisher":"https:\/\/www.facebook.com\/CatedraHunosa\/","article_modified_time":"2026-02-05T09:46:27+00:00","twitter_card":"summary_large_image","twitter_misc":{"Tiempo de lectura":"2 minutos"},"schema":{"@context":"https:\/\/schema.org","@graph":[{"@type":"WebPage","@id":"https:\/\/www.unioviedo.es\/catedrahunosa\/visita-virtual\/","url":"https:\/\/www.unioviedo.es\/catedrahunosa\/visita-virtual\/","name":"Visita Virtual Instalaciones Geot\u00e9rmicas | C\u00e1tedra Hunosa","isPartOf":{"@id":"https:\/\/www.unioviedo.es\/catedrahunosa\/#website"},"datePublished":"2022-04-28T12:02:23+00:00","dateModified":"2026-02-05T09:46:27+00:00","description":"Conoce la visita virtual del Aula de la Geotermia y acomp\u00e1\u00f1anos a visitar las instalaciones geot\u00e9rmicas de la red de calor del Pozo Barredo.","breadcrumb":{"@id":"https:\/\/www.unioviedo.es\/catedrahunosa\/visita-virtual\/#breadcrumb"},"inLanguage":"es","potentialAction":[{"@type":"ReadAction","target":["https:\/\/www.unioviedo.es\/catedrahunosa\/visita-virtual\/"]}]},{"@type":"BreadcrumbList","@id":"https:\/\/www.unioviedo.es\/catedrahunosa\/visita-virtual\/#breadcrumb","itemListElement":[{"@type":"ListItem","position":1,"name":"Portada","item":"https:\/\/www.unioviedo.es\/catedrahunosa\/"},{"@type":"ListItem","position":2,"name":"Visita Virtual"}]},{"@type":"WebSite","@id":"https:\/\/www.unioviedo.es\/catedrahunosa\/#website","url":"https:\/\/www.unioviedo.es\/catedrahunosa\/","name":"C\u00e1tedra Hunosa","description":"Energ\u00edas Renovables","publisher":{"@id":"https:\/\/www.unioviedo.es\/catedrahunosa\/#organization"},"potentialAction":[{"@type":"SearchAction","target":{"@type":"EntryPoint","urlTemplate":"https:\/\/www.unioviedo.es\/catedrahunosa\/?s={search_term_string}"},"query-input":{"@type":"PropertyValueSpecification","valueRequired":true,"valueName":"search_term_string"}}],"inLanguage":"es"},{"@type":"Organization","@id":"https:\/\/www.unioviedo.es\/catedrahunosa\/#organization","name":"C\u00e1tedra Hunosa","url":"https:\/\/www.unioviedo.es\/catedrahunosa\/","logo":{"@type":"ImageObject","inLanguage":"es","@id":"https:\/\/www.unioviedo.es\/catedrahunosa\/#\/schema\/logo\/image\/","url":"https:\/\/www.unioviedo.es\/catedrahunosa\/wp-content\/uploads\/2021\/03\/cropped-ISOTIPO-CATEDRA-1.png","contentUrl":"https:\/\/www.unioviedo.es\/catedrahunosa\/wp-content\/uploads\/2021\/03\/cropped-ISOTIPO-CATEDRA-1.png","width":633,"height":633,"caption":"C\u00e1tedra Hunosa"},"image":{"@id":"https:\/\/www.unioviedo.es\/catedrahunosa\/#\/schema\/logo\/image\/"},"sameAs":["https:\/\/www.facebook.com\/CatedraHunosa\/","https:\/\/www.linkedin.com\/company\/c\u00e1tedra-hunosa-universidad-de-oviedo"]}]}},"_links":{"self":[{"href":"https:\/\/www.unioviedo.es\/catedrahunosa\/wp-json\/wp\/v2\/pages\/16180","targetHints":{"allow":["GET"]}}],"collection":[{"href":"https:\/\/www.unioviedo.es\/catedrahunosa\/wp-json\/wp\/v2\/pages"}],"about":[{"href":"https:\/\/www.unioviedo.es\/catedrahunosa\/wp-json\/wp\/v2\/types\/page"}],"author":[{"embeddable":true,"href":"https:\/\/www.unioviedo.es\/catedrahunosa\/wp-json\/wp\/v2\/users\/1"}],"replies":[{"embeddable":true,"href":"https:\/\/www.unioviedo.es\/catedrahunosa\/wp-json\/wp\/v2\/comments?post=16180"}],"version-history":[{"count":12,"href":"https:\/\/www.unioviedo.es\/catedrahunosa\/wp-json\/wp\/v2\/pages\/16180\/revisions"}],"predecessor-version":[{"id":16679,"href":"https:\/\/www.unioviedo.es\/catedrahunosa\/wp-json\/wp\/v2\/pages\/16180\/revisions\/16679"}],"wp:attachment":[{"href":"https:\/\/www.unioviedo.es\/catedrahunosa\/wp-json\/wp\/v2\/media?parent=16180"}],"curies":[{"name":"wp","href":"https:\/\/api.w.org\/{rel}","templated":true}]}}