{"id":5,"date":"2017-01-27T18:01:56","date_gmt":"2017-01-27T18:01:56","guid":{"rendered":"https:\/\/www.unioviedo.es\/catedrahunosa\/?page_id=5"},"modified":"2026-02-05T13:53:59","modified_gmt":"2026-02-05T12:53:59","slug":"inicio-2","status":"publish","type":"page","link":"https:\/\/www.unioviedo.es\/catedrahunosa\/","title":{"rendered":"P\u00e1gina de inicio"},"content":{"rendered":"\n<div class=\"wp-block-media-text alignwide is-stacked-on-mobile is-vertically-aligned-center\" style=\"grid-template-columns:37% auto\"><figure class=\"wp-block-media-text__media\"><img loading=\"lazy\" decoding=\"async\" width=\"1024\" height=\"1012\" src=\"https:\/\/www.unioviedo.es\/catedrahunosa\/wp-content\/uploads\/2025\/12\/rombo-catedra-1024x1012.png\" alt=\"\" class=\"wp-image-16646 size-full\" srcset=\"https:\/\/www.unioviedo.es\/catedrahunosa\/wp-content\/uploads\/2025\/12\/rombo-catedra-1024x1012.png 1024w, https:\/\/www.unioviedo.es\/catedrahunosa\/wp-content\/uploads\/2025\/12\/rombo-catedra-300x296.png 300w, https:\/\/www.unioviedo.es\/catedrahunosa\/wp-content\/uploads\/2025\/12\/rombo-catedra-768x759.png 768w, https:\/\/www.unioviedo.es\/catedrahunosa\/wp-content\/uploads\/2025\/12\/rombo-catedra-1536x1517.png 1536w, https:\/\/www.unioviedo.es\/catedrahunosa\/wp-content\/uploads\/2025\/12\/rombo-catedra-100x100.png 100w, https:\/\/www.unioviedo.es\/catedrahunosa\/wp-content\/uploads\/2025\/12\/rombo-catedra.png 1889w\" sizes=\"auto, (max-width: 706px) 89vw, (max-width: 767px) 82vw, 740px\" \/><\/figure><div class=\"wp-block-media-text__content\">\n<h2 class=\"wp-block-heading has-text-color\" id=\"block-d2371e32-9fa1-465b-9531-39b400ac5e2a\" style=\"color:#00847d\"><strong>\u00bfQu\u00e9 es la C\u00e1tedra HUNOSA?<\/strong><\/h2>\n\n\n\n<p class=\"has-text-align-left has-text-color has-normal-font-size\" style=\"color:#6e7479\"><strong>La C\u00e1tedra HUNOSA es un motor de innovaci\u00f3n donde la Universidad de Oviedo y el Grupo HUNOSA se unen para impulsar la transici\u00f3n energ\u00e9tica y la competitividad de Asturias.<\/strong><\/p>\n\n\n\n<p class=\"has-text-align-left has-text-color has-normal-font-size\" style=\"color:#6e7479\">A trav\u00e9s de la investigaci\u00f3n aplicada, la formaci\u00f3n especializada y la divulgaci\u00f3n, actuamos como un puente entre el conocimiento acad\u00e9mico y los retos reales de la industria y la sociedad. Nuestro trabajo se centra en \u00e1reas clave para el futuro, como la&nbsp;<strong>geotermia y las energ\u00edas renovables, el aprovechamiento del patrimonio minero, la revalorizaci\u00f3n de residuos y la innovaci\u00f3n en el sector forestal<\/strong>.<\/p>\n<\/div><\/div>\n\n\n\n<div class=\"wp-block-media-text alignwide is-stacked-on-mobile is-vertically-aligned-center has-text-color\" style=\"color:#0071a1;grid-template-columns:15% auto\"><figure class=\"wp-block-media-text__media\"><img loading=\"lazy\" decoding=\"async\" width=\"512\" height=\"512\" src=\"https:\/\/www.unioviedo.es\/catedrahunosa\/wp-content\/uploads\/2021\/03\/sube-el-volumen-3.png\" alt=\"\" class=\"wp-image-15398 size-full\" srcset=\"https:\/\/www.unioviedo.es\/catedrahunosa\/wp-content\/uploads\/2021\/03\/sube-el-volumen-3.png 512w, https:\/\/www.unioviedo.es\/catedrahunosa\/wp-content\/uploads\/2021\/03\/sube-el-volumen-3-300x300.png 300w, https:\/\/www.unioviedo.es\/catedrahunosa\/wp-content\/uploads\/2021\/03\/sube-el-volumen-3-150x150.png 150w, https:\/\/www.unioviedo.es\/catedrahunosa\/wp-content\/uploads\/2021\/03\/sube-el-volumen-3-100x100.png 100w\" sizes=\"auto, (max-width: 512px) 100vw, 512px\" \/><\/figure><div class=\"wp-block-media-text__content\">\n<h3 class=\"wp-block-heading has-text-color has-medium-font-size\" id=\"block-d2371e32-9fa1-465b-9531-39b400ac5e2a\" style=\"color:#00847d\"><strong>Objetivos <\/strong>y <strong>acciones<\/strong> para conseguirlos<\/h3>\n<\/div><\/div>\n\n\n\n<div class=\"wp-block-cover is-light\" style=\"min-height:105px;aspect-ratio:unset;\"><span aria-hidden=\"true\" class=\"wp-block-cover__background has-background-dim-100 has-background-dim\" style=\"background-color:#9ec7c5\"><\/span><div class=\"wp-block-cover__inner-container is-layout-flow wp-block-cover-is-layout-flow\">\n<p class=\"has-text-align-center has-normal-font-size\" style=\"line-height:1.5\">La colaboraci\u00f3n entre la Universidad de Oviedo y el Grupo HUNOSA se materializa en objetivos concretos, centrados en crear impacto real para la regi\u00f3n a trav\u00e9s de la investigaci\u00f3n, la formaci\u00f3n y la transferencia tecnol\u00f3gica.<\/p>\n<\/div><\/div>\n\n\n\n<div style=\"height:30px\" aria-hidden=\"true\" class=\"wp-block-spacer\"><\/div>\n\n\n\n<ul class=\"wp-block-list\">\n<li>&#x1f52c;&nbsp;<strong>Investigamos y desarrollamos<\/strong>&nbsp;proyectos de I+D+i en energ\u00edas renovables, como la geotermia, para que el conocimiento se convierta en soluciones reales para las empresas y la regi\u00f3n&nbsp;<a href=\"https:\/\/www.unioviedo.es\/catedrahunosa\/\" target=\"_blank\" rel=\"noreferrer noopener\"><\/a><a href=\"https:\/\/www.piensageotermia.com\/benasque-espana-acogio-con-exito-la-primera-edicion-de-la-conferencia-geo-rin\/\" target=\"_blank\" rel=\"noreferrer noopener\"><\/a>.<\/li>\n\n\n\n<li>&#x1f393;&nbsp;<strong>Formamos el talento del futuro<\/strong>, organizando cursos de verano especializados y apoyando a los mejores estudiantes a trav\u00e9s de premios y becas para su excelencia acad\u00e9mica&nbsp;<a href=\"https:\/\/www.unioviedo.es\/catedrahunosa\/\" target=\"_blank\" rel=\"noreferrer noopener\"><\/a><a href=\"https:\/\/es.linkedin.com\/posts\/catedrahunosa_muy-contentos-de-poder-anunciar-la-4%C2%AA-edici%C3%B3n-activity-7203325421268975617-NqY-\" target=\"_blank\" rel=\"noreferrer noopener\"><\/a>.<\/li>\n\n\n\n<li>&#x1f5e3;&#xfe0f;&nbsp;<strong>Acercamos la ciencia a la sociedad<\/strong>, divulgando el potencial de las energ\u00edas renovables desde el&nbsp;<strong>Aula de la Geotermia y la Biomasa<\/strong>&nbsp;en Mieres, y organizando eventos como el&nbsp;<strong>Pint of Science Mieres<\/strong>&nbsp;para llevar la investigaci\u00f3n a los bares&nbsp;<a href=\"https:\/\/www.facebook.com\/CatedraHunosa\/posts\/%F0%9D%90%88%F0%9D%90%88-%F0%9D%90%92%F0%9D%90%9E%F0%9D%90%A6%F0%9D%90%9A%F0%9D%90%A7%F0%9D%90%9A-%F0%9D%90%9D%F0%9D%90%9E-%F0%9D%90%A5%F0%9D%90%9A-%F0%9D%90%93%F0%9D%90%AB%F0%9D%90%9A%F0%9D%90%A7%F0%9D%90%AC%F0%9D%90%9F%F0%9D%90%9E%F0%9D%90%AB%F0%9D%90%9E%F0%9D%90%A7%F0%9D%90%9C%F0%9D%90%A2%F0%9D%90%9A-%F0%9D%90%9D%F0%9D%90%9E-%F0%9D%90%A5%F0%9D%90%9A-%F0%9D%90%94%F0%9D%90%A7%F0%9D%90%A2%F0%9D%90%AF%F0%9D%90%9E%F0%9D%90%AB%F0%9D%90%AC%F0%9D%90%A2%F0%9D%90%9D%F0%9D%90%9A%F0%9D%90%9D-%F0%9D%90%9D%F0%9D%90%9E-%F0%9D%90%8E%F0%9D%90%AF%F0%9D%90%A2%F0%9D%90%9E%F0%9D%90%9D%F0%9D%90%A8-nos-sumamos-con-entusi\/878059778468571\/\" target=\"_blank\" rel=\"noreferrer noopener\"><\/a><a href=\"https:\/\/www.facebook.com\/CatedraHunosa\/posts\/-%F0%9D%90%94%F0%9D%90%A7%F0%9D%90%9A-%F0%9D%90%A7%F0%9D%90%AE%F0%9D%90%9E%F0%9D%90%AF%F0%9D%90%9A-%F0%9D%90%9E%F0%9D%90%AD%F0%9D%90%9A%F0%9D%90%A9%F0%9D%90%9A-%F0%9D%90%9C%F0%9D%90%A8%F0%9D%90%A6%F0%9D%90%A2%F0%9D%90%9E%F0%9D%90%A7%F0%9D%90%B3%F0%9D%90%9A-nos-emociona-anunciaros-que-la-%F0%9D%90%82%C3%A1%F0%9D%90%AD%F0%9D%90%9E%F0%9D%90%9D%F0%9D%90%AB%F0%9D%90%9A-%F0%9D%90%87%F0%9D%90%AE%F0%9D%90%A7%F0%9D%90%A8%F0%9D%90%AC%F0%9D%90%9A-se-convi\/876426258631923\/\" target=\"_blank\" rel=\"noreferrer noopener\"><\/a>.<\/li>\n\n\n\n<li>&#x1f91d;&nbsp;<strong>Colaboramos a nivel nacional<\/strong>, participando activamente en foros como la&nbsp;<strong>Plataforma Espa\u00f1ola de Geotermia (GEOPLAT)<\/strong>&nbsp;y apoyando conferencias internacionales como&nbsp;<strong>Geo-RIN Iberia<\/strong>&nbsp;para compartir conocimiento y explorar sinergias.<\/li>\n<\/ul>\n\n\n\n<div style=\"height:30px\" aria-hidden=\"true\" class=\"wp-block-spacer\"><\/div>\n\n\n\n<div class=\"wp-block-media-text alignwide is-stacked-on-mobile is-vertically-aligned-center has-text-color\" style=\"color:#0071a1;grid-template-columns:17% auto\"><figure class=\"wp-block-media-text__media\"><img loading=\"lazy\" decoding=\"async\" width=\"1024\" height=\"909\" src=\"https:\/\/www.unioviedo.es\/catedrahunosa\/wp-content\/uploads\/2022\/02\/GP-SelloMiembroCertificado2022-Color-1024x909.jpg\" alt=\"geoplat\" class=\"wp-image-16159 size-full\" srcset=\"https:\/\/www.unioviedo.es\/catedrahunosa\/wp-content\/uploads\/2022\/02\/GP-SelloMiembroCertificado2022-Color-1024x909.jpg 1024w, https:\/\/www.unioviedo.es\/catedrahunosa\/wp-content\/uploads\/2022\/02\/GP-SelloMiembroCertificado2022-Color-300x266.jpg 300w, https:\/\/www.unioviedo.es\/catedrahunosa\/wp-content\/uploads\/2022\/02\/GP-SelloMiembroCertificado2022-Color-768x681.jpg 768w, https:\/\/www.unioviedo.es\/catedrahunosa\/wp-content\/uploads\/2022\/02\/GP-SelloMiembroCertificado2022-Color-1536x1363.jpg 1536w, https:\/\/www.unioviedo.es\/catedrahunosa\/wp-content\/uploads\/2022\/02\/GP-SelloMiembroCertificado2022-Color.jpg 1988w\" sizes=\"auto, (max-width: 706px) 89vw, (max-width: 767px) 82vw, 740px\" \/><\/figure><div class=\"wp-block-media-text__content\">\n<h3 class=\"wp-block-heading has-text-color\" id=\"asociaciones\" style=\"color:#00847d\"><strong>Asociaciones<\/strong><\/h3>\n\n\n\n<p class=\"has-text-color\" style=\"color:#6e7479;font-size:18px\">La C\u00e1tedra colabora con diversos organismos<\/p>\n<\/div><\/div>\n\n\n\n<p>Desde junio de 2021 la C\u00e1tedra Hunosa es miembro promotor de la <strong>Plataforma Espa\u00f1ola en Geotermia<\/strong>, <a data-type=\"URL\" data-id=\"https:\/\/www.geoplat.org\/\" href=\"https:\/\/www.geoplat.org\/\">GEOPLAT.<\/a> Puedes comprobar todos los socios en el siguiente <a href=\"https:\/\/www.geoplat.org\/que-es-geoplat-premium\/#miembros-premium\">enlace<\/a>, as\u00ed como las actividades, grupos de trabajo, cursos, proyectos, alertas tecnol\u00f3gicas o documentaci\u00f3n que se organizan desde la plataforma.<\/p>\n\n\n\n<p>Desde 2025, la C\u00e1tedra HUNOSA es integrante de la red de investigaci\u00f3n e innovaci\u00f3n geot\u00e9rmica <strong>GeoRIN<\/strong>.<\/p>\n\n\n\n<h3 class=\"wp-block-heading has-text-color\" style=\"color:#00847d\">Redes Sociales<\/h3>\n\n\n\n<ul class=\"wp-block-social-links is-style-default is-layout-flex wp-block-social-links-is-layout-flex\"><li class=\"wp-social-link wp-social-link-linkedin  wp-block-social-link\"><a rel=\"noopener nofollow\" target=\"_blank\" href=\"https:\/\/www.linkedin.com\/company\/catedrahunosa\/\" class=\"wp-block-social-link-anchor\"><svg width=\"24\" height=\"24\" viewBox=\"0 0 24 24\" version=\"1.1\" xmlns=\"http:\/\/www.w3.org\/2000\/svg\" aria-hidden=\"true\" focusable=\"false\"><path d=\"M19.7,3H4.3C3.582,3,3,3.582,3,4.3v15.4C3,20.418,3.582,21,4.3,21h15.4c0.718,0,1.3-0.582,1.3-1.3V4.3 C21,3.582,20.418,3,19.7,3z M8.339,18.338H5.667v-8.59h2.672V18.338z M7.004,8.574c-0.857,0-1.549-0.694-1.549-1.548 c0-0.855,0.691-1.548,1.549-1.548c0.854,0,1.547,0.694,1.547,1.548C8.551,7.881,7.858,8.574,7.004,8.574z M18.339,18.338h-2.669 v-4.177c0-0.996-0.017-2.278-1.387-2.278c-1.389,0-1.601,1.086-1.601,2.206v4.249h-2.667v-8.59h2.559v1.174h0.037 c0.356-0.675,1.227-1.387,2.526-1.387c2.703,0,3.203,1.779,3.203,4.092V18.338z\"><\/path><\/svg><span class=\"wp-block-social-link-label screen-reader-text\">LinkedIn<\/span><\/a><\/li>\n\n<li class=\"wp-social-link wp-social-link-twitter  wp-block-social-link\"><a rel=\"noopener nofollow\" target=\"_blank\" href=\"https:\/\/twitter.com\/CatedraHunosa\" class=\"wp-block-social-link-anchor\"><svg width=\"24\" height=\"24\" viewBox=\"0 0 24 24\" version=\"1.1\" xmlns=\"http:\/\/www.w3.org\/2000\/svg\" aria-hidden=\"true\" focusable=\"false\"><path d=\"M22.23,5.924c-0.736,0.326-1.527,0.547-2.357,0.646c0.847-0.508,1.498-1.312,1.804-2.27 c-0.793,0.47-1.671,0.812-2.606,0.996C18.324,4.498,17.257,4,16.077,4c-2.266,0-4.103,1.837-4.103,4.103 c0,0.322,0.036,0.635,0.106,0.935C8.67,8.867,5.647,7.234,3.623,4.751C3.27,5.357,3.067,6.062,3.067,6.814 c0,1.424,0.724,2.679,1.825,3.415c-0.673-0.021-1.305-0.206-1.859-0.513c0,0.017,0,0.034,0,0.052c0,1.988,1.414,3.647,3.292,4.023 c-0.344,0.094-0.707,0.144-1.081,0.144c-0.264,0-0.521-0.026-0.772-0.074c0.522,1.63,2.038,2.816,3.833,2.85 c-1.404,1.1-3.174,1.756-5.096,1.756c-0.331,0-0.658-0.019-0.979-0.057c1.816,1.164,3.973,1.843,6.29,1.843 c7.547,0,11.675-6.252,11.675-11.675c0-0.178-0.004-0.355-0.012-0.531C20.985,7.47,21.68,6.747,22.23,5.924z\"><\/path><\/svg><span class=\"wp-block-social-link-label screen-reader-text\">Twitter<\/span><\/a><\/li>\n\n<li class=\"wp-social-link wp-social-link-facebook  wp-block-social-link\"><a rel=\"noopener nofollow\" target=\"_blank\" href=\"https:\/\/www.facebook.com\/CatedraHunosa\/\" class=\"wp-block-social-link-anchor\"><svg width=\"24\" height=\"24\" viewBox=\"0 0 24 24\" version=\"1.1\" xmlns=\"http:\/\/www.w3.org\/2000\/svg\" aria-hidden=\"true\" focusable=\"false\"><path d=\"M12 2C6.5 2 2 6.5 2 12c0 5 3.7 9.1 8.4 9.9v-7H7.9V12h2.5V9.8c0-2.5 1.5-3.9 3.8-3.9 1.1 0 2.2.2 2.2.2v2.5h-1.3c-1.2 0-1.6.8-1.6 1.6V12h2.8l-.4 2.9h-2.3v7C18.3 21.1 22 17 22 12c0-5.5-4.5-10-10-10z\"><\/path><\/svg><span class=\"wp-block-social-link-label screen-reader-text\">Facebook<\/span><\/a><\/li><\/ul>\n","protected":false},"excerpt":{"rendered":"<p>\u00bfQu\u00e9 es la C\u00e1tedra HUNOSA? La C\u00e1tedra HUNOSA es un motor de innovaci\u00f3n donde la Universidad de Oviedo y el Grupo HUNOSA se unen para impulsar la transici\u00f3n energ\u00e9tica y la competitividad de Asturias. A trav\u00e9s de la investigaci\u00f3n aplicada, la formaci\u00f3n especializada y la divulgaci\u00f3n, actuamos como un puente entre el conocimiento acad\u00e9mico y &hellip; <\/p>\n<p class=\"link-more\"><a href=\"https:\/\/www.unioviedo.es\/catedrahunosa\/\" class=\"more-link\">Continuar leyendo<span class=\"screen-reader-text\"> \u00abP\u00e1gina de inicio\u00bb<\/span><\/a><\/p>\n","protected":false},"author":2,"featured_media":0,"parent":0,"menu_order":0,"comment_status":"closed","ping_status":"closed","template":"","meta":{"_monsterinsights_skip_tracking":false,"_monsterinsights_sitenote_active":false,"_monsterinsights_sitenote_note":"","_monsterinsights_sitenote_category":0,"footnotes":""},"class_list":["post-5","page","type-page","status-publish","hentry"],"yoast_head":"<!-- This site is optimized with the Yoast SEO plugin v27.4 - https:\/\/yoast.com\/product\/yoast-seo-wordpress\/ -->\n<title>C\u00e1tedra HUNOSA Universidad de Oviedo | Energ\u00edas Renovables<\/title>\n<meta name=\"description\" content=\"La C\u00e1tedra Hunosa es una colaboraci\u00f3n entre la Universidad de Oviedo y el Grupo HUNOSA, favoreciendo la transferencia de conocimiento\" \/>\n<meta name=\"robots\" content=\"index, follow, max-snippet:-1, max-image-preview:large, max-video-preview:-1\" \/>\n<link rel=\"canonical\" href=\"https:\/\/www.unioviedo.es\/catedrahunosa\/\" \/>\n<meta property=\"og:locale\" content=\"es_ES\" \/>\n<meta property=\"og:type\" content=\"article\" \/>\n<meta property=\"og:title\" content=\"C\u00e1tedra HUNOSA Universidad de Oviedo | Energ\u00edas Renovables\" \/>\n<meta property=\"og:description\" content=\"La C\u00e1tedra Hunosa es una colaboraci\u00f3n entre la Universidad de Oviedo y el Grupo HUNOSA, favoreciendo la transferencia de conocimiento\" \/>\n<meta property=\"og:url\" content=\"https:\/\/www.unioviedo.es\/catedrahunosa\/\" \/>\n<meta property=\"og:site_name\" content=\"C\u00e1tedra Hunosa\" \/>\n<meta property=\"article:publisher\" content=\"https:\/\/www.facebook.com\/CatedraHunosa\/\" \/>\n<meta property=\"article:modified_time\" content=\"2026-02-05T12:53:59+00:00\" \/>\n<meta property=\"og:image\" content=\"https:\/\/www.unioviedo.es\/catedrahunosa\/wp-content\/uploads\/2021\/06\/nuevo-logo-atualizado-escudo.png\" \/>\n\t<meta property=\"og:image:width\" content=\"2560\" \/>\n\t<meta property=\"og:image:height\" content=\"899\" \/>\n\t<meta property=\"og:image:type\" content=\"image\/png\" \/>\n<meta name=\"twitter:card\" content=\"summary_large_image\" \/>\n<meta name=\"twitter:image\" content=\"https:\/\/www.unioviedo.es\/catedrahunosa\/wp-content\/uploads\/2021\/06\/nuevo-logo-atualizado-escudo.png\" \/>\n<meta name=\"twitter:label1\" content=\"Tiempo de lectura\" \/>\n\t<meta name=\"twitter:data1\" content=\"3 minutos\" \/>\n<script type=\"application\/ld+json\" class=\"yoast-schema-graph\">{\"@context\":\"https:\\\/\\\/schema.org\",\"@graph\":[{\"@type\":\"WebPage\",\"@id\":\"https:\\\/\\\/www.unioviedo.es\\\/catedrahunosa\\\/\",\"url\":\"https:\\\/\\\/www.unioviedo.es\\\/catedrahunosa\\\/\",\"name\":\"C\u00e1tedra HUNOSA Universidad de Oviedo | Energ\u00edas Renovables\",\"isPartOf\":{\"@id\":\"https:\\\/\\\/www.unioviedo.es\\\/catedrahunosa\\\/#website\"},\"primaryImageOfPage\":{\"@id\":\"https:\\\/\\\/www.unioviedo.es\\\/catedrahunosa\\\/#primaryimage\"},\"image\":{\"@id\":\"https:\\\/\\\/www.unioviedo.es\\\/catedrahunosa\\\/#primaryimage\"},\"thumbnailUrl\":\"https:\\\/\\\/www.unioviedo.es\\\/catedrahunosa\\\/wp-content\\\/uploads\\\/2025\\\/12\\\/rombo-catedra-1024x1012.png\",\"datePublished\":\"2017-01-27T18:01:56+00:00\",\"dateModified\":\"2026-02-05T12:53:59+00:00\",\"description\":\"La C\u00e1tedra Hunosa es una colaboraci\u00f3n entre la Universidad de Oviedo y el Grupo HUNOSA, favoreciendo la transferencia de conocimiento\",\"breadcrumb\":{\"@id\":\"https:\\\/\\\/www.unioviedo.es\\\/catedrahunosa\\\/#breadcrumb\"},\"inLanguage\":\"es\",\"potentialAction\":[{\"@type\":\"ReadAction\",\"target\":[\"https:\\\/\\\/www.unioviedo.es\\\/catedrahunosa\\\/\"]}]},{\"@type\":\"ImageObject\",\"inLanguage\":\"es\",\"@id\":\"https:\\\/\\\/www.unioviedo.es\\\/catedrahunosa\\\/#primaryimage\",\"url\":\"https:\\\/\\\/www.unioviedo.es\\\/catedrahunosa\\\/wp-content\\\/uploads\\\/2025\\\/12\\\/rombo-catedra.png\",\"contentUrl\":\"https:\\\/\\\/www.unioviedo.es\\\/catedrahunosa\\\/wp-content\\\/uploads\\\/2025\\\/12\\\/rombo-catedra.png\",\"width\":1889,\"height\":1866},{\"@type\":\"BreadcrumbList\",\"@id\":\"https:\\\/\\\/www.unioviedo.es\\\/catedrahunosa\\\/#breadcrumb\",\"itemListElement\":[{\"@type\":\"ListItem\",\"position\":1,\"name\":\"Portada\",\"item\":\"https:\\\/\\\/www.unioviedo.es\\\/catedrahunosa\\\/\"},{\"@type\":\"ListItem\",\"position\":2,\"name\":\"P\u00e1gina de inicio\"}]},{\"@type\":\"WebSite\",\"@id\":\"https:\\\/\\\/www.unioviedo.es\\\/catedrahunosa\\\/#website\",\"url\":\"https:\\\/\\\/www.unioviedo.es\\\/catedrahunosa\\\/\",\"name\":\"C\u00e1tedra Hunosa\",\"description\":\"Energ\u00edas Renovables\",\"publisher\":{\"@id\":\"https:\\\/\\\/www.unioviedo.es\\\/catedrahunosa\\\/#organization\"},\"potentialAction\":[{\"@type\":\"SearchAction\",\"target\":{\"@type\":\"EntryPoint\",\"urlTemplate\":\"https:\\\/\\\/www.unioviedo.es\\\/catedrahunosa\\\/?s={search_term_string}\"},\"query-input\":{\"@type\":\"PropertyValueSpecification\",\"valueRequired\":true,\"valueName\":\"search_term_string\"}}],\"inLanguage\":\"es\"},{\"@type\":\"Organization\",\"@id\":\"https:\\\/\\\/www.unioviedo.es\\\/catedrahunosa\\\/#organization\",\"name\":\"C\u00e1tedra Hunosa\",\"url\":\"https:\\\/\\\/www.unioviedo.es\\\/catedrahunosa\\\/\",\"logo\":{\"@type\":\"ImageObject\",\"inLanguage\":\"es\",\"@id\":\"https:\\\/\\\/www.unioviedo.es\\\/catedrahunosa\\\/#\\\/schema\\\/logo\\\/image\\\/\",\"url\":\"https:\\\/\\\/www.unioviedo.es\\\/catedrahunosa\\\/wp-content\\\/uploads\\\/2021\\\/03\\\/cropped-ISOTIPO-CATEDRA-1.png\",\"contentUrl\":\"https:\\\/\\\/www.unioviedo.es\\\/catedrahunosa\\\/wp-content\\\/uploads\\\/2021\\\/03\\\/cropped-ISOTIPO-CATEDRA-1.png\",\"width\":633,\"height\":633,\"caption\":\"C\u00e1tedra Hunosa\"},\"image\":{\"@id\":\"https:\\\/\\\/www.unioviedo.es\\\/catedrahunosa\\\/#\\\/schema\\\/logo\\\/image\\\/\"},\"sameAs\":[\"https:\\\/\\\/www.facebook.com\\\/CatedraHunosa\\\/\",\"https:\\\/\\\/www.linkedin.com\\\/company\\\/c\u00e1tedra-hunosa-universidad-de-oviedo\"]}]}<\/script>\n<!-- \/ Yoast SEO plugin. -->","yoast_head_json":{"title":"C\u00e1tedra HUNOSA Universidad de Oviedo | Energ\u00edas Renovables","description":"La C\u00e1tedra Hunosa es una colaboraci\u00f3n entre la Universidad de Oviedo y el Grupo HUNOSA, favoreciendo la transferencia de conocimiento","robots":{"index":"index","follow":"follow","max-snippet":"max-snippet:-1","max-image-preview":"max-image-preview:large","max-video-preview":"max-video-preview:-1"},"canonical":"https:\/\/www.unioviedo.es\/catedrahunosa\/","og_locale":"es_ES","og_type":"article","og_title":"C\u00e1tedra HUNOSA Universidad de Oviedo | Energ\u00edas Renovables","og_description":"La C\u00e1tedra Hunosa es una colaboraci\u00f3n entre la Universidad de Oviedo y el Grupo HUNOSA, favoreciendo la transferencia de conocimiento","og_url":"https:\/\/www.unioviedo.es\/catedrahunosa\/","og_site_name":"C\u00e1tedra Hunosa","article_publisher":"https:\/\/www.facebook.com\/CatedraHunosa\/","article_modified_time":"2026-02-05T12:53:59+00:00","og_image":[{"width":2560,"height":899,"url":"https:\/\/www.unioviedo.es\/catedrahunosa\/wp-content\/uploads\/2021\/06\/nuevo-logo-atualizado-escudo.png","type":"image\/png"}],"twitter_card":"summary_large_image","twitter_image":"https:\/\/www.unioviedo.es\/catedrahunosa\/wp-content\/uploads\/2021\/06\/nuevo-logo-atualizado-escudo.png","twitter_misc":{"Tiempo de lectura":"3 minutos"},"schema":{"@context":"https:\/\/schema.org","@graph":[{"@type":"WebPage","@id":"https:\/\/www.unioviedo.es\/catedrahunosa\/","url":"https:\/\/www.unioviedo.es\/catedrahunosa\/","name":"C\u00e1tedra HUNOSA Universidad de Oviedo | Energ\u00edas Renovables","isPartOf":{"@id":"https:\/\/www.unioviedo.es\/catedrahunosa\/#website"},"primaryImageOfPage":{"@id":"https:\/\/www.unioviedo.es\/catedrahunosa\/#primaryimage"},"image":{"@id":"https:\/\/www.unioviedo.es\/catedrahunosa\/#primaryimage"},"thumbnailUrl":"https:\/\/www.unioviedo.es\/catedrahunosa\/wp-content\/uploads\/2025\/12\/rombo-catedra-1024x1012.png","datePublished":"2017-01-27T18:01:56+00:00","dateModified":"2026-02-05T12:53:59+00:00","description":"La C\u00e1tedra Hunosa es una colaboraci\u00f3n entre la Universidad de Oviedo y el Grupo HUNOSA, favoreciendo la transferencia de conocimiento","breadcrumb":{"@id":"https:\/\/www.unioviedo.es\/catedrahunosa\/#breadcrumb"},"inLanguage":"es","potentialAction":[{"@type":"ReadAction","target":["https:\/\/www.unioviedo.es\/catedrahunosa\/"]}]},{"@type":"ImageObject","inLanguage":"es","@id":"https:\/\/www.unioviedo.es\/catedrahunosa\/#primaryimage","url":"https:\/\/www.unioviedo.es\/catedrahunosa\/wp-content\/uploads\/2025\/12\/rombo-catedra.png","contentUrl":"https:\/\/www.unioviedo.es\/catedrahunosa\/wp-content\/uploads\/2025\/12\/rombo-catedra.png","width":1889,"height":1866},{"@type":"BreadcrumbList","@id":"https:\/\/www.unioviedo.es\/catedrahunosa\/#breadcrumb","itemListElement":[{"@type":"ListItem","position":1,"name":"Portada","item":"https:\/\/www.unioviedo.es\/catedrahunosa\/"},{"@type":"ListItem","position":2,"name":"P\u00e1gina de inicio"}]},{"@type":"WebSite","@id":"https:\/\/www.unioviedo.es\/catedrahunosa\/#website","url":"https:\/\/www.unioviedo.es\/catedrahunosa\/","name":"C\u00e1tedra Hunosa","description":"Energ\u00edas Renovables","publisher":{"@id":"https:\/\/www.unioviedo.es\/catedrahunosa\/#organization"},"potentialAction":[{"@type":"SearchAction","target":{"@type":"EntryPoint","urlTemplate":"https:\/\/www.unioviedo.es\/catedrahunosa\/?s={search_term_string}"},"query-input":{"@type":"PropertyValueSpecification","valueRequired":true,"valueName":"search_term_string"}}],"inLanguage":"es"},{"@type":"Organization","@id":"https:\/\/www.unioviedo.es\/catedrahunosa\/#organization","name":"C\u00e1tedra Hunosa","url":"https:\/\/www.unioviedo.es\/catedrahunosa\/","logo":{"@type":"ImageObject","inLanguage":"es","@id":"https:\/\/www.unioviedo.es\/catedrahunosa\/#\/schema\/logo\/image\/","url":"https:\/\/www.unioviedo.es\/catedrahunosa\/wp-content\/uploads\/2021\/03\/cropped-ISOTIPO-CATEDRA-1.png","contentUrl":"https:\/\/www.unioviedo.es\/catedrahunosa\/wp-content\/uploads\/2021\/03\/cropped-ISOTIPO-CATEDRA-1.png","width":633,"height":633,"caption":"C\u00e1tedra Hunosa"},"image":{"@id":"https:\/\/www.unioviedo.es\/catedrahunosa\/#\/schema\/logo\/image\/"},"sameAs":["https:\/\/www.facebook.com\/CatedraHunosa\/","https:\/\/www.linkedin.com\/company\/c\u00e1tedra-hunosa-universidad-de-oviedo"]}]}},"_links":{"self":[{"href":"https:\/\/www.unioviedo.es\/catedrahunosa\/wp-json\/wp\/v2\/pages\/5","targetHints":{"allow":["GET"]}}],"collection":[{"href":"https:\/\/www.unioviedo.es\/catedrahunosa\/wp-json\/wp\/v2\/pages"}],"about":[{"href":"https:\/\/www.unioviedo.es\/catedrahunosa\/wp-json\/wp\/v2\/types\/page"}],"author":[{"embeddable":true,"href":"https:\/\/www.unioviedo.es\/catedrahunosa\/wp-json\/wp\/v2\/users\/2"}],"replies":[{"embeddable":true,"href":"https:\/\/www.unioviedo.es\/catedrahunosa\/wp-json\/wp\/v2\/comments?post=5"}],"version-history":[{"count":61,"href":"https:\/\/www.unioviedo.es\/catedrahunosa\/wp-json\/wp\/v2\/pages\/5\/revisions"}],"predecessor-version":[{"id":16693,"href":"https:\/\/www.unioviedo.es\/catedrahunosa\/wp-json\/wp\/v2\/pages\/5\/revisions\/16693"}],"wp:attachment":[{"href":"https:\/\/www.unioviedo.es\/catedrahunosa\/wp-json\/wp\/v2\/media?parent=5"}],"curies":[{"name":"wp","href":"https:\/\/api.w.org\/{rel}","templated":true}]}}