{"id":4,"date":"2017-01-27T18:01:56","date_gmt":"2017-01-27T18:01:56","guid":{"rendered":"https:\/\/www.unioviedo.es\/catedrasidra\/?page_id=4"},"modified":"2021-03-17T16:24:27","modified_gmt":"2021-03-17T15:24:27","slug":"inicio","status":"publish","type":"page","link":"https:\/\/www.unioviedo.es\/catedrasidra\/","title":{"rendered":"Inicio"},"content":{"rendered":"<p><a href=\"http:\/\/www.uniovi.es\"><img loading=\"lazy\" decoding=\"async\" class=\"aligncenter size-full wp-image-37\" src=\"https:\/\/www.unioviedo.es\/catedrasidra\/wp-content\/uploads\/2017\/01\/Logo-Universidad-de-Oviedo-verde-centrado.png\" alt=\"Logo Universidad de Oviedo verde\" width=\"220\" height=\"240\" \/><\/a><\/p>\n<h3>La C\u00e1tedra de la Sidra de Asturias de la Universidad de Oviedo y El Consejo Regulador de la DOP Sidra de Asturias:<br \/>Tiene entre sus objetivos fomentar el conocimiento sobre todas aquellas tem\u00e1ticas relacionadas con el sector, tanto aquellos campos relacionados con la elaboraci\u00f3n y la industria como los que lo est\u00e1n con su historia y su cultura.<\/h3>\n\n\n<p><\/p>\n","protected":false},"excerpt":{"rendered":"<p>La C\u00e1tedra de la Sidra de Asturias de la Universidad de Oviedo y El Consejo Regulador de la DOP Sidra de Asturias:Tiene entre sus objetivos fomentar el conocimiento sobre todas aquellas tem\u00e1ticas relacionadas con el sector, tanto aquellos campos relacionados con la elaboraci\u00f3n y la industria como los que lo est\u00e1n con su historia y &hellip; <\/p>\n<p class=\"link-more\"><a href=\"https:\/\/www.unioviedo.es\/catedrasidra\/\" class=\"more-link\">Continuar leyendo<span class=\"screen-reader-text\"> \u00abInicio\u00bb<\/span><\/a><\/p>\n","protected":false},"author":1,"featured_media":29,"parent":0,"menu_order":0,"comment_status":"closed","ping_status":"closed","template":"","meta":{"footnotes":""},"class_list":["post-4","page","type-page","status-publish","has-post-thumbnail","hentry"],"_links":{"self":[{"href":"https:\/\/www.unioviedo.es\/catedrasidra\/index.php\/wp-json\/wp\/v2\/pages\/4","targetHints":{"allow":["GET"]}}],"collection":[{"href":"https:\/\/www.unioviedo.es\/catedrasidra\/index.php\/wp-json\/wp\/v2\/pages"}],"about":[{"href":"https:\/\/www.unioviedo.es\/catedrasidra\/index.php\/wp-json\/wp\/v2\/types\/page"}],"author":[{"embeddable":true,"href":"https:\/\/www.unioviedo.es\/catedrasidra\/index.php\/wp-json\/wp\/v2\/users\/1"}],"replies":[{"embeddable":true,"href":"https:\/\/www.unioviedo.es\/catedrasidra\/index.php\/wp-json\/wp\/v2\/comments?post=4"}],"version-history":[{"count":9,"href":"https:\/\/www.unioviedo.es\/catedrasidra\/index.php\/wp-json\/wp\/v2\/pages\/4\/revisions"}],"predecessor-version":[{"id":132,"href":"https:\/\/www.unioviedo.es\/catedrasidra\/index.php\/wp-json\/wp\/v2\/pages\/4\/revisions\/132"}],"wp:featuredmedia":[{"embeddable":true,"href":"https:\/\/www.unioviedo.es\/catedrasidra\/index.php\/wp-json\/wp\/v2\/media\/29"}],"wp:attachment":[{"href":"https:\/\/www.unioviedo.es\/catedrasidra\/index.php\/wp-json\/wp\/v2\/media?parent=4"}],"curies":[{"name":"wp","href":"https:\/\/api.w.org\/{rel}","templated":true}]}}