{"id":53,"date":"2017-01-30T13:26:21","date_gmt":"2017-01-30T13:26:21","guid":{"rendered":"https:\/\/www.unioviedo.es\/catedrasidra\/?page_id=53"},"modified":"2022-02-10T13:10:59","modified_gmt":"2022-02-10T12:10:59","slug":"docencia-de-grado","status":"publish","type":"page","link":"https:\/\/www.unioviedo.es\/catedrasidra\/index.php\/docencia\/docencia-de-grado\/","title":{"rendered":"Docencia de Grado"},"content":{"rendered":"<p>Otro de los objetivos b\u00e1sicos de la c\u00e1tedra residir\u00e1 en intentar erigirse en una plataforma multi e interdisciplinar desde la que poder abordar todos los campos de conocimiento en los que la sidra posee, en una u otra forma, una presencia destacada. No se debe obviar en este sentido que la producci\u00f3n sidrera, y la cultura asociada a \u00e9sta y a su consumo, se han configurado como unos de los sectores agroalimentarios y de ocio m\u00e1s din\u00e1micos de la regi\u00f3n. Constituir\u00e1 la creaci\u00f3n de la entidad, pues, un s\u00f3lido estimulo a la creaci\u00f3n de v\u00ednculos entre los estudios superiores y la realidad sectorial.<\/p>\n<p>De este modo, en torno a la c\u00e1tedra se reunir\u00e1n investigadores provenientes de disciplinas diversas como la econom\u00eda, las ciencias biosanitarias, la geolog\u00eda, las humanidades y las ciencias sociales, la agronom\u00eda o el turismo y la gastronom\u00eda.<\/p>\n","protected":false},"excerpt":{"rendered":"<p>Otro de los objetivos b\u00e1sicos de la c\u00e1tedra residir\u00e1 en intentar erigirse en una plataforma multi e interdisciplinar desde la que poder abordar todos los campos de conocimiento en los que la sidra posee, en una u otra forma, una presencia destacada. No se debe obviar en este sentido que la producci\u00f3n sidrera, y la &hellip; <\/p>\n<p class=\"link-more\"><a href=\"https:\/\/www.unioviedo.es\/catedrasidra\/index.php\/docencia\/docencia-de-grado\/\" class=\"more-link\">Continuar leyendo<span class=\"screen-reader-text\"> \u00abDocencia de Grado\u00bb<\/span><\/a><\/p>\n","protected":false},"author":1,"featured_media":0,"parent":51,"menu_order":0,"comment_status":"closed","ping_status":"closed","template":"","meta":{"footnotes":""},"class_list":["post-53","page","type-page","status-publish","hentry"],"_links":{"self":[{"href":"https:\/\/www.unioviedo.es\/catedrasidra\/index.php\/wp-json\/wp\/v2\/pages\/53","targetHints":{"allow":["GET"]}}],"collection":[{"href":"https:\/\/www.unioviedo.es\/catedrasidra\/index.php\/wp-json\/wp\/v2\/pages"}],"about":[{"href":"https:\/\/www.unioviedo.es\/catedrasidra\/index.php\/wp-json\/wp\/v2\/types\/page"}],"author":[{"embeddable":true,"href":"https:\/\/www.unioviedo.es\/catedrasidra\/index.php\/wp-json\/wp\/v2\/users\/1"}],"replies":[{"embeddable":true,"href":"https:\/\/www.unioviedo.es\/catedrasidra\/index.php\/wp-json\/wp\/v2\/comments?post=53"}],"version-history":[{"count":5,"href":"https:\/\/www.unioviedo.es\/catedrasidra\/index.php\/wp-json\/wp\/v2\/pages\/53\/revisions"}],"predecessor-version":[{"id":190,"href":"https:\/\/www.unioviedo.es\/catedrasidra\/index.php\/wp-json\/wp\/v2\/pages\/53\/revisions\/190"}],"up":[{"embeddable":true,"href":"https:\/\/www.unioviedo.es\/catedrasidra\/index.php\/wp-json\/wp\/v2\/pages\/51"}],"wp:attachment":[{"href":"https:\/\/www.unioviedo.es\/catedrasidra\/index.php\/wp-json\/wp\/v2\/media?parent=53"}],"curies":[{"name":"wp","href":"https:\/\/api.w.org\/{rel}","templated":true}]}}