{"id":4911,"date":"2025-07-07T14:15:47","date_gmt":"2025-07-07T12:15:47","guid":{"rendered":"https:\/\/www.unioviedo.es\/ccuniovi\/?page_id=4911"},"modified":"2025-07-30T12:03:42","modified_gmt":"2025-07-30T10:03:42","slug":"oferta-de-microcredenciales","status":"publish","type":"page","link":"https:\/\/www.unioviedo.es\/ccuniovi\/oferta-de-microcredenciales\/","title":{"rendered":"Oferta de Microcredenciales del \u00e1mbito de Ciberseguridad de la Universidad de Oviedo"},"content":{"rendered":"\t\t<div data-elementor-type=\"wp-page\" data-elementor-id=\"4911\" class=\"elementor elementor-4911\">\n\t\t\t\t\t\t<section class=\"elementor-section elementor-top-section elementor-element elementor-element-5234019 elementor-section-boxed elementor-section-height-default elementor-section-height-default\" data-id=\"5234019\" data-element_type=\"section\">\n\t\t\t\t\t\t<div class=\"elementor-container elementor-column-gap-default\">\n\t\t\t\t\t<div class=\"elementor-column elementor-col-100 elementor-top-column elementor-element elementor-element-5c0fa5f\" data-id=\"5c0fa5f\" data-element_type=\"column\">\n\t\t\t<div class=\"elementor-widget-wrap elementor-element-populated\">\n\t\t\t\t\t\t<div class=\"elementor-element elementor-element-648590f elementor-widget elementor-widget-heading\" data-id=\"648590f\" data-element_type=\"widget\" data-widget_type=\"heading.default\">\n\t\t\t\t<div class=\"elementor-widget-container\">\n\t\t\t<h2 class=\"elementor-heading-title elementor-size-default\">Oferta de Microcredenciales Universitarias en Ciberseguridad de la Universidad de Oviedo - INCIBE<\/h2>\t\t<\/div>\n\t\t\t\t<\/div>\n\t\t\t\t\t<\/div>\n\t\t<\/div>\n\t\t\t\t\t<\/div>\n\t\t<\/section>\n\t\t\t\t<section class=\"elementor-section elementor-top-section elementor-element elementor-element-2c13c27a elementor-section-boxed elementor-section-height-default elementor-section-height-default\" data-id=\"2c13c27a\" data-element_type=\"section\">\n\t\t\t\t\t\t<div class=\"elementor-container elementor-column-gap-default\">\n\t\t\t\t\t<div class=\"elementor-column elementor-col-100 elementor-top-column elementor-element elementor-element-66b78fa\" data-id=\"66b78fa\" data-element_type=\"column\">\n\t\t\t<div class=\"elementor-widget-wrap elementor-element-populated\">\n\t\t\t\t\t\t<div class=\"elementor-element elementor-element-766c92 elementor-widget elementor-widget-text-editor\" data-id=\"766c92\" data-element_type=\"widget\" data-widget_type=\"text-editor.default\">\n\t\t\t\t<div class=\"elementor-widget-container\">\n\t\t\t\t\t\t\t<p>\u00a0<\/p><p style=\"font-weight: 400;\">La <strong>Universidad de Oviedo<\/strong> dispone de una oferta de <strong>microcredenciales universitarias<\/strong> financiadas por la <strong>C\u00e1tedra Internacional de Ciberseguridad e Inteligencia Artificial Universidad de Oviedo-INCIBE<\/strong>, con el apoyo del <strong>Instituto Nacional de Ciberseguridad (INCIBE)<\/strong>, dependiente del Ministerio para la Transformaci\u00f3n Digital y de la Funci\u00f3n P\u00fablica a trav\u00e9s de la Secretar\u00eda de Estado de Telecomunicaciones e Infraestructuras Digitales.<\/p><p style=\"font-weight: 400;\">Estas formaciones, de car\u00e1cter altamente especializado y corta duraci\u00f3n, permitir\u00e1n a profesionales y estudiantes acceder a contenidos actualizados y directamente aplicables en \u00e1reas clave como el an\u00e1lisis forense, la seguridad ofensiva, el desarrollo seguro o la gesti\u00f3n del riesgo digital. Este bloque formativo est\u00e1 incluido en el programa de C\u00e1tedras de Ciberseguridad en Espa\u00f1a, en el marco del Plan de Recuperaci\u00f3n, Transformaci\u00f3n y Resiliencia, con la financiaci\u00f3n de los <strong>Fondos NexGenerationEU.<\/strong><\/p><p style=\"font-weight: 400;\">En la organizaci\u00f3n de las microcredenciales han colaborado expertos del sector, responsables acad\u00e9micos como el profesor Jos\u00e9 Manuel Redondo, y agentes claves del ecosistema digital asturiano, entre ellos el Cl\u00faster TIC de Asturias y el Colegio Oficial de Ingenieros en Inform\u00e1tica del Principado de Asturias (COIIPA), entidades colaboradoras en el desarrollo y difusi\u00f3n de esta iniciativa formativa.<\/p><p>Las <strong>microcredenciales<\/strong> actualmente disponibles son las siguientes (cada una tiene enlace a\u00a0<span style=\"font-family: Roboto; font-size: 18px; font-style: normal; font-variant-caps: normal;\">informaci\u00f3n detallada de la oferta).<\/span><\/p><ul><li><strong><a href=\"https:\/\/www.uniovi.es\/en\/estudia\/titulospropios\/microcredenciales\/oferta\/-\/asset_publisher\/NCtkAT4jPSMb\/content\/id\/11538933\">An\u00e1lisis forense digital en sistemas Windows, Linux y Android<\/a><\/strong><\/li><li><strong><a href=\"https:\/\/www.uniovi.es\/en\/estudia\/titulospropios\/microcredenciales\/oferta\/-\/asset_publisher\/NCtkAT4jPSMb\/content\/id\/11567122\">Ciberseguridad en entornos industriales y cr\u00edticos<\/a><\/strong><\/li><li><strong><a href=\"https:\/\/www.uniovi.es\/en\/estudia\/titulospropios\/microcredenciales\/oferta\/-\/asset_publisher\/NCtkAT4jPSMb\/content\/id\/11539001\">Ciberseguridad y gesti\u00f3n del riesgo<\/a><\/strong><\/li><li><strong><a href=\"https:\/\/www.uniovi.es\/en\/estudia\/titulospropios\/microcredenciales\/oferta\/-\/asset_publisher\/NCtkAT4jPSMb\/content\/id\/11539023\">Desarrollo seguro en entornos DevSecOps<\/a><\/strong><\/li><li><strong><a href=\"https:\/\/www.uniovi.es\/en\/estudia\/titulospropios\/microcredenciales\/oferta\/-\/asset_publisher\/NCtkAT4jPSMb\/content\/id\/11567045\">Directiva NIS2 y cumplimiento normativo en ciberseguridad<\/a><\/strong><\/li><li><strong><a href=\"https:\/\/www.uniovi.es\/en\/estudia\/titulospropios\/microcredenciales\/oferta\/-\/asset_publisher\/NCtkAT4jPSMb\/content\/id\/11559491\">Fundamentos de ciberseguridad: protocolos, servicios y vectores de ataque (CCNA CyberOPS Parte I)<\/a><\/strong><\/li><li><strong><a href=\"https:\/\/www.uniovi.es\/en\/estudia\/titulospropios\/microcredenciales\/oferta\/-\/asset_publisher\/NCtkAT4jPSMb\/content\/id\/11560028\">Estrategias de defensa y an\u00e1lisis forense en ciberseguridad (CCNA CyberOPS Parte II)<\/a><\/strong><\/li><li><strong><a href=\"https:\/\/www.uniovi.es\/en\/estudia\/titulospropios\/microcredenciales\/oferta\/-\/asset_publisher\/NCtkAT4jPSMb\/content\/id\/11566837\">Gesti\u00f3n de activos para la ciberseguridad (CyberITAM)<\/a><\/strong><\/li><li><strong><a href=\"https:\/\/www.uniovi.es\/en\/estudia\/titulospropios\/microcredenciales\/oferta\/-\/asset_publisher\/NCtkAT4jPSMb\/content\/id\/11567098\">Gesti\u00f3n y respuesta ante ciberincidentes<\/a><\/strong><\/li><li><strong><a href=\"https:\/\/www.uniovi.es\/en\/estudia\/titulospropios\/microcredenciales\/oferta\/-\/asset_publisher\/NCtkAT4jPSMb\/content\/id\/11566895\">Implantaci\u00f3n y verificaci\u00f3n del Esquema Nacional de Seguridad (ENS)<\/a><\/strong><\/li><li><strong><a href=\"https:\/\/www.uniovi.es\/en\/estudia\/titulospropios\/microcredenciales\/oferta\/-\/asset_publisher\/NCtkAT4jPSMb\/content\/id\/11566859\">Introducci\u00f3n a la construcci\u00f3n de sistemas seguros y rol del CISO<\/a><\/strong><\/li><li><strong><a href=\"https:\/\/www.uniovi.es\/en\/estudia\/titulospropios\/microcredenciales\/oferta\/-\/asset_publisher\/NCtkAT4jPSMb\/content\/id\/11567021\">Pentesting y seguridad ofensiva<\/a><\/strong><\/li><li><strong><a href=\"https:\/\/www.uniovi.es\/en\/estudia\/titulospropios\/microcredenciales\/oferta\/-\/asset_publisher\/NCtkAT4jPSMb\/content\/id\/11567068\">Protecci\u00f3n de datos personales y seguridad de la informaci\u00f3n<\/a><\/strong><\/li><li><strong><a href=\"https:\/\/www.uniovi.es\/en\/estudia\/titulospropios\/microcredenciales\/oferta\/-\/asset_publisher\/NCtkAT4jPSMb\/content\/id\/10937457\">Tecnolog\u00edas Blockchain, contratos inteligentes, aplicaciones descentralizadas y la Web 3.0<\/a><\/strong><\/li><\/ul><div>En este <a href=\"https:\/\/www.unioviedo.es\/ccuniovi\/wp-content\/uploads\/2025\/07\/Programa-Completo-MU.pdf\"><b>documento<\/b><\/a> tienes toda la oferta detallada. Ademas, tienes m<span style=\"font-size: 18px;\">\u00e1s informaci\u00f3n<\/span><span style=\"font-size: 18px;\"> sobre la oferta en la <\/span><span style=\"font-size: 18px;\">presentaci\u00f3n<\/span><span style=\"font-size: 18px;\"> que puedes descargar en <\/span><a style=\"font-size: 18px;\" href=\"https:\/\/www.linkedin.com\/posts\/jos%C3%A9-manuel-redondo-l%C3%B3pez-56892a1a2_presentaci%C3%B3n-mus-universidad-de-oviedo-activity-7350795988648800257-o8yD?utm_source=share&amp;utm_medium=member_desktop&amp;rcm=ACoAAASwEc8B-sMZYI5BJe-M-Cu7ZMN477SU_hg\"><b>este enlace<\/b><\/a><span style=\"font-size: 18px;\">.<\/span><\/div><p><span style=\"font-size: 18px;\">\u00a0<\/span><\/p><p>El proceso de inscripci\u00f3n en la Web institucional de la Universidad de Oviedo se realiza a trav\u00e9s del siguiente enlace (com\u00fan para todas):\u00a0<\/p><p><a href=\"https:\/\/sies.uniovi.es\/fnofpre\/web\/inicio.faces?token=3561779f978f35e7ead24ce84593ecf8bf640f847b6f45097fe76dc9401c4f29\"><b><u>ENLACE DE PREINSCRIPCI\u00d3N<\/u><\/b><\/a><\/p><p>M\u00e1s informaci\u00f3n sobre el proceso de preinscripci\u00f3n y matr\u00edcula\u00a0<span style=\"font-size: 18px;\">en la <a href=\"https:\/\/www.uniovi.es\/en\/estudia\/titulospropios\/microcredenciales\/matricula\">Web institucional de la Universidad de Oviedo<\/a>.<\/span><\/p><p>\u00a0<\/p>\t\t\t\t\t\t<\/div>\n\t\t\t\t<\/div>\n\t\t\t\t\t<\/div>\n\t\t<\/div>\n\t\t\t\t\t<\/div>\n\t\t<\/section>\n\t\t\t\t<section class=\"elementor-section elementor-top-section elementor-element elementor-element-2a0eefc elementor-section-boxed elementor-section-height-default elementor-section-height-default\" data-id=\"2a0eefc\" data-element_type=\"section\">\n\t\t\t\t\t\t<div class=\"elementor-container elementor-column-gap-default\">\n\t\t\t\t\t<div class=\"elementor-column elementor-col-50 elementor-top-column elementor-element elementor-element-bfbe3ac\" data-id=\"bfbe3ac\" data-element_type=\"column\">\n\t\t\t<div class=\"elementor-widget-wrap elementor-element-populated\">\n\t\t\t\t\t\t<div class=\"elementor-element elementor-element-d520c18 elementor-widget elementor-widget-image\" data-id=\"d520c18\" data-element_type=\"widget\" data-widget_type=\"image.default\">\n\t\t\t\t<div class=\"elementor-widget-container\">\n\t\t\t\t\t\t\t\t\t\t\t\t\t<img fetchpriority=\"high\" decoding=\"async\" width=\"1000\" height=\"668\" src=\"https:\/\/www.unioviedo.es\/ccuniovi\/wp-content\/uploads\/2025\/07\/Clasel-20190409-Fac_Economicas_183-Alumnos-clase-recursos.jpg\" class=\"attachment-large size-large wp-image-4912\" alt=\"\" srcset=\"https:\/\/www.unioviedo.es\/ccuniovi\/wp-content\/uploads\/2025\/07\/Clasel-20190409-Fac_Economicas_183-Alumnos-clase-recursos.jpg 1000w, https:\/\/www.unioviedo.es\/ccuniovi\/wp-content\/uploads\/2025\/07\/Clasel-20190409-Fac_Economicas_183-Alumnos-clase-recursos-300x200.jpg 300w, https:\/\/www.unioviedo.es\/ccuniovi\/wp-content\/uploads\/2025\/07\/Clasel-20190409-Fac_Economicas_183-Alumnos-clase-recursos-768x513.jpg 768w\" sizes=\"(max-width: 1000px) 100vw, 1000px\" \/>\t\t\t\t\t\t\t\t\t\t\t\t\t<\/div>\n\t\t\t\t<\/div>\n\t\t\t\t\t<\/div>\n\t\t<\/div>\n\t\t\t\t<div class=\"elementor-column elementor-col-50 elementor-top-column elementor-element elementor-element-efa117f\" data-id=\"efa117f\" data-element_type=\"column\">\n\t\t\t<div class=\"elementor-widget-wrap elementor-element-populated\">\n\t\t\t\t\t\t<div class=\"elementor-element elementor-element-6c90416 elementor-widget__width-initial elementor-widget elementor-widget-image\" data-id=\"6c90416\" data-element_type=\"widget\" data-widget_type=\"image.default\">\n\t\t\t\t<div class=\"elementor-widget-container\">\n\t\t\t\t\t\t\t\t\t\t\t\t\t<img decoding=\"async\" width=\"768\" height=\"769\" src=\"https:\/\/www.unioviedo.es\/ccuniovi\/wp-content\/uploads\/2025\/07\/MUs-1-768x769.png\" class=\"attachment-medium_large size-medium_large wp-image-4936\" alt=\"\" srcset=\"https:\/\/www.unioviedo.es\/ccuniovi\/wp-content\/uploads\/2025\/07\/MUs-1-768x769.png 768w, https:\/\/www.unioviedo.es\/ccuniovi\/wp-content\/uploads\/2025\/07\/MUs-1-300x300.png 300w, https:\/\/www.unioviedo.es\/ccuniovi\/wp-content\/uploads\/2025\/07\/MUs-1-150x150.png 150w, https:\/\/www.unioviedo.es\/ccuniovi\/wp-content\/uploads\/2025\/07\/MUs-1-60x60.png 60w, https:\/\/www.unioviedo.es\/ccuniovi\/wp-content\/uploads\/2025\/07\/MUs-1.png 780w\" sizes=\"(max-width: 768px) 100vw, 768px\" \/>\t\t\t\t\t\t\t\t\t\t\t\t\t<\/div>\n\t\t\t\t<\/div>\n\t\t\t\t\t<\/div>\n\t\t<\/div>\n\t\t\t\t\t<\/div>\n\t\t<\/section>\n\t\t\t\t<section class=\"elementor-section elementor-top-section elementor-element elementor-element-9af151d elementor-section-boxed elementor-section-height-default elementor-section-height-default\" data-id=\"9af151d\" data-element_type=\"section\">\n\t\t\t\t\t\t<div class=\"elementor-container elementor-column-gap-default\">\n\t\t\t\t\t<div class=\"elementor-column elementor-col-100 elementor-top-column elementor-element elementor-element-77caea6\" data-id=\"77caea6\" data-element_type=\"column\">\n\t\t\t<div class=\"elementor-widget-wrap elementor-element-populated\">\n\t\t\t\t\t\t<div class=\"elementor-element elementor-element-ebfa878 elementor-widget elementor-widget-image\" data-id=\"ebfa878\" data-element_type=\"widget\" data-widget_type=\"image.default\">\n\t\t\t\t<div class=\"elementor-widget-container\">\n\t\t\t\t\t\t\t\t\t\t\t\t\t<img decoding=\"async\" width=\"1024\" height=\"84\" src=\"https:\/\/www.unioviedo.es\/ccuniovi\/wp-content\/uploads\/2025\/07\/2025Logos-1024x84.png\" class=\"attachment-large size-large wp-image-4905\" alt=\"\" srcset=\"https:\/\/www.unioviedo.es\/ccuniovi\/wp-content\/uploads\/2025\/07\/2025Logos-1024x84.png 1024w, https:\/\/www.unioviedo.es\/ccuniovi\/wp-content\/uploads\/2025\/07\/2025Logos-300x25.png 300w, https:\/\/www.unioviedo.es\/ccuniovi\/wp-content\/uploads\/2025\/07\/2025Logos-768x63.png 768w, https:\/\/www.unioviedo.es\/ccuniovi\/wp-content\/uploads\/2025\/07\/2025Logos-1536x126.png 1536w, https:\/\/www.unioviedo.es\/ccuniovi\/wp-content\/uploads\/2025\/07\/2025Logos-2048x168.png 2048w\" sizes=\"(max-width: 1024px) 100vw, 1024px\" \/>\t\t\t\t\t\t\t\t\t\t\t\t\t<\/div>\n\t\t\t\t<\/div>\n\t\t\t\t\t<\/div>\n\t\t<\/div>\n\t\t\t\t\t<\/div>\n\t\t<\/section>\n\t\t\t\t<\/div>\n\t\t","protected":false},"excerpt":{"rendered":"<p>Oferta de Microcredenciales Universitarias en Ciberseguridad de la Universidad de Oviedo &#8211; INCIBE \u00a0 La Universidad de Oviedo dispone de una oferta de microcredenciales universitarias financiadas por la C\u00e1tedra Internacional de Ciberseguridad e Inteligencia Artificial Universidad de Oviedo-INCIBE, con el apoyo del Instituto Nacional de Ciberseguridad (INCIBE), dependiente del Ministerio<\/p>\n","protected":false},"author":1,"featured_media":0,"parent":0,"menu_order":0,"comment_status":"closed","ping_status":"closed","template":"","meta":{"footnotes":""},"class_list":["post-4911","page","type-page","status-publish","hentry"],"_links":{"self":[{"href":"https:\/\/www.unioviedo.es\/ccuniovi\/wp-json\/wp\/v2\/pages\/4911","targetHints":{"allow":["GET"]}}],"collection":[{"href":"https:\/\/www.unioviedo.es\/ccuniovi\/wp-json\/wp\/v2\/pages"}],"about":[{"href":"https:\/\/www.unioviedo.es\/ccuniovi\/wp-json\/wp\/v2\/types\/page"}],"author":[{"embeddable":true,"href":"https:\/\/www.unioviedo.es\/ccuniovi\/wp-json\/wp\/v2\/users\/1"}],"replies":[{"embeddable":true,"href":"https:\/\/www.unioviedo.es\/ccuniovi\/wp-json\/wp\/v2\/comments?post=4911"}],"version-history":[{"count":21,"href":"https:\/\/www.unioviedo.es\/ccuniovi\/wp-json\/wp\/v2\/pages\/4911\/revisions"}],"predecessor-version":[{"id":4962,"href":"https:\/\/www.unioviedo.es\/ccuniovi\/wp-json\/wp\/v2\/pages\/4911\/revisions\/4962"}],"wp:attachment":[{"href":"https:\/\/www.unioviedo.es\/ccuniovi\/wp-json\/wp\/v2\/media?parent=4911"}],"curies":[{"name":"wp","href":"https:\/\/api.w.org\/{rel}","templated":true}]}}