{"id":4976,"date":"2025-10-02T13:15:50","date_gmt":"2025-10-02T11:15:50","guid":{"rendered":"https:\/\/www.unioviedo.es\/ccuniovi\/?page_id=4976"},"modified":"2025-12-30T10:35:20","modified_gmt":"2025-12-30T09:35:20","slug":"hackathon-internacional-en-ciberseguridad","status":"publish","type":"page","link":"https:\/\/www.unioviedo.es\/ccuniovi\/hackathon-internacional-en-ciberseguridad\/","title":{"rendered":"Hackathon Internacional en Ciberseguridad"},"content":{"rendered":"\t\t<div data-elementor-type=\"wp-page\" data-elementor-id=\"4976\" class=\"elementor elementor-4976\">\n\t\t\t\t\t\t<section class=\"elementor-section elementor-top-section elementor-element elementor-element-34e332d elementor-section-boxed elementor-section-height-default elementor-section-height-default\" data-id=\"34e332d\" data-element_type=\"section\">\n\t\t\t\t\t\t<div class=\"elementor-container elementor-column-gap-default\">\n\t\t\t\t\t<div class=\"elementor-column elementor-col-100 elementor-top-column elementor-element elementor-element-55dd72cc\" data-id=\"55dd72cc\" data-element_type=\"column\">\n\t\t\t<div class=\"elementor-widget-wrap elementor-element-populated\">\n\t\t\t\t\t\t<div class=\"elementor-element elementor-element-1ef533e3 elementor-widget elementor-widget-text-editor\" data-id=\"1ef533e3\" data-element_type=\"widget\" data-widget_type=\"text-editor.default\">\n\t\t\t\t<div class=\"elementor-widget-container\">\n\t\t\t\t\t\t\t<h1 style=\"text-align: center;\">Hackathon Internacional de Ciberseguridad<\/h1><h4 style=\"text-align: center;\">\u00a0Universidad de Oviedo \u00b7 C\u00e1tedra de Ciberseguridad e Inteligencia Artificial<\/h4><div style=\"text-align: center;\"><span style=\"font-size: 18px;\">Con la colaboraci\u00f3n de INCIBE \u00b7 Fondos Next Generation EU \u2013 PRTR<\/span><\/div><p><img fetchpriority=\"high\" decoding=\"async\" src=\"https:\/\/www.unioviedo.es\/ccuniovi\/wp-content\/uploads\/2025\/07\/2025Logos-scaled.png\" alt=\"\" width=\"2560\" height=\"210\" \/><\/p><h3 style=\"text-align: center;\"><span style=\"text-decoration: underline;\"><a href=\"https:\/\/www.unioviedo.es\/ccuniovi\/programa-del-hackathon\/\">NUEVO: PROGRAMA FINAL DEL EVENTO<\/a><\/span><\/h3><h3 style=\"text-align: center;\"><span style=\"text-decoration: underline;\"><a href=\"https:\/\/www.unioviedo.es\/ccuniovi\/wp-content\/uploads\/2025\/11\/Mapa.pdf\">NUEVO: MAPA<\/a><\/span><\/h3><h3 style=\"text-align: center;\"><span style=\"text-decoration: underline;\"><a href=\"https:\/\/www.unioviedo.es\/ccuniovi\/downloads\/\"><strong>NUEVO: DESCARGAS \/ DOWNLOADS<\/strong><\/a><\/span><\/h3><div>\u00a0<\/div><h3 style=\"text-align: center;\">\u00a1\u00a1Participa!!<\/h3><h4><strong>\ud83d\udce2\ud83d\udce2\ud83d\udce2 \u00bfEres estudiante de grado o m\u00e1ster y te apasionan la innovaci\u00f3n, la tecnolog\u00eda y los retos reales? \u00a1Esta es tu oportunidad para demostrar tu talento!<\/strong><\/h4><p>Si est\u00e1s matriculado en el curso 2025\u20132026 en una universidad espa\u00f1ola que forme parte de una Alianza de Universidades Europeas y cumples los requisitos detallados en las <a href=\"https:\/\/www.unioviedo.es\/ccuniovi\/wp-content\/uploads\/2025\/10\/Bases-convocatoria-participacion-Hackaton.pdf\">Bases de la Convocatoria<\/a>, puedes optar a una de las ayudas para participar en el Hackathon que se celebrar\u00e1 <strong>en Oviedo, del 18 al 21 de noviembre de 2025<\/strong>, que incluyen:<\/p><p><strong>\u2708\ufe0f Gastos de viaje y alojamiento cubiertos<\/strong><\/p><p><strong>\ud83c\udf7d\ufe0f Ayuda para manutenci\u00f3n durante el evento<\/strong><\/p><p>\ud83d\udca1 Adem\u00e1s, los retos que se plantear\u00e1n ser\u00e1n reales, propuestos directamente por empresas y entidades colaboradoras, que buscan ideas innovadoras y j\u00f3venes talentos como t\u00fa.<\/p><h4>\ud83c\udfc6 Premios en met\u00e1lico para los tres mejores equipos:<\/h4><p><strong>\ud83e\udd47 5.000 \u20ac<\/strong><\/p><p><strong>\ud83e\udd48 3.000 \u20ac<\/strong><\/p><p><strong>\ud83e\udd49 2.000 \u20ac<\/strong><\/p><p><strong>Consulta <\/strong><a href=\"https:\/\/www.unioviedo.es\/ccuniovi\/wp-content\/uploads\/2025\/10\/Bases-convocatoria-participacion-Hackaton.pdf\">Bases completas de la convocatoria de participacio\u0301n<\/a> <strong>en el Hackathon<\/strong>.<\/p><h4 style=\"text-align: center;\">\ud83d\udcc5 Plazo de solicitud finalizado<\/h4><p><span style=\"font-family: Roboto; font-size: 18px; font-style: normal; font-variant-ligatures: normal; font-variant-caps: normal; font-weight: 500;\">Consulta la <\/span><span style=\"font-family: Roboto; font-size: 18px; font-style: normal; font-variant-ligatures: normal; font-variant-caps: normal;\"><b>Resoluci\u00f3n de personas admitidas en el enlace que aparece al fondo de la p\u00e1gina.<\/b><\/span><\/p><p><span style=\"font-family: Roboto; font-size: 18px; font-style: normal; font-variant-ligatures: normal; font-variant-caps: normal;\"><b>\u00a0<\/b><\/span><\/p><p><span style=\"font-family: Roboto; font-size: 2.223em; font-weight: 800;\">\u00bfQu\u00e9 es el Hackathon Internacional de Ciberseguridad?<\/span><\/p><p>Un encuentro \u00fanico que reunir\u00e1 a estudiantes universitarios de toda Espa\u00f1a, mentores internacionales y empresas del sector de la ciberseguridad para resolver retos reales planteados por la industria.<br \/>El objetivo: formar talento, impulsar la innovaci\u00f3n y conectar la universidad con el tejido productivo en un \u00e1mbito estrat\u00e9gico para nuestro futuro digital.<\/p><h3>Objetivos<\/h3><ul><li>Concienciar sobre la importancia de la ciberseguridad en la sociedad y la empresa.<\/li><li>Promover competencias transversales y de innovaci\u00f3n entre el estudiantado.<\/li><li>Fomentar el trabajo en equipo, la creatividad y la resoluci\u00f3n de problemas.<\/li><li>Relacionar a estudiantes con profesorado y mentores de instituciones internacionales.<\/li><li>Implicar al tejido empresarial en la formaci\u00f3n y detecci\u00f3n de talento joven.<\/li><\/ul><h3>\ufe0f Tres Actuaciones Clave<\/h3><h4 style=\"padding-left: 40px;\">1\ufe0f\u20e3 Hackathon de Ciberseguridad<\/h4><ul><li style=\"list-style-type: none;\"><ul><li>Dirigido a estudiantes de universidades espa\u00f1olas.<\/li><li>Equipos multidisciplinares con doble mentor\u00eda:<\/li><li>Mentor\/a transversal (emprendimiento, competencias y trabajo en equipo).<\/li><li>Mentor\/a t\u00e9cnico\/a (especialista en ciberseguridad).<\/li><li>Participaci\u00f3n de mentores internacionales para aportar visi\u00f3n global.<\/li><\/ul><\/li><\/ul><h4 style=\"padding-left: 40px;\">2\ufe0f\u20e3 Encuentro Acad\u00e9mico Education Incubator<\/h4><ul><li style=\"list-style-type: none;\"><ul><li>Reuni\u00f3n entre universidades y grupos de investigaci\u00f3n.<\/li><li>Generaci\u00f3n de ideas para colaboraciones educativas en ciberseguridad.<\/li><li>Espacio de networking y puesta en com\u00fan de capacidades docentes, de investigaci\u00f3n y transferencia.<\/li><\/ul><\/li><\/ul><h4 style=\"padding-left: 40px;\">3\ufe0f\u20e3 Reuni\u00f3n Sectorial con Empresas<\/h4><ul><li style=\"list-style-type: none;\"><ul><li>Involucra directamente a las empresas del sector.<\/li><li>Espacio de cooperaci\u00f3n universidad-empresa.<\/li><li>Oportunidad para definir posibles proyectos de colaboraci\u00f3n concretos.<\/li><\/ul><\/li><\/ul><h3>\u00bfQui\u00e9n puede participar?<\/h3><ul><li>Estudiantado universitario (grado o master) con nacionalidad espa\u00f1ola con inter\u00e9s en la ciberseguridad y la innovaci\u00f3n, matriculado en una Universidad espa\u00f1ola perteneciente a una Alianza Europea de Universidades.<\/li><li>Empresas del sector que quieran proponer retos y detectar talento.<\/li><li>Docentes e investigadores pertenecientes a la Alianza Europea INGENIUM de Universidades interesados en colaborar en iniciativas educativas y de transferencia.<\/li><\/ul><h3>Fecha y Lugar<\/h3><p>\ufe0fDel 18 al 21 de noviembre de 2025, en la Universidad de Oviedo<\/p><h3 style=\"font-variant-ligatures: normal; font-variant-caps: normal; font-style: normal; color: #0e1b44;\">Con la colaboraci\u00f3n del sector empresarial<\/h3><p>En la propuesta de retos del hackathon, en la, participan empresas del sector TIC y en paticular del \u00e1mbito de la cibersegurdad, a trav\u00e9s de la colaboraci\u00f3n con al Cluster TIC Asturias.<\/p><p><img decoding=\"async\" src=\"https:\/\/www.unioviedo.es\/ccuniovi\/wp-content\/uploads\/2025\/10\/logo-horizontal_Cluster_TIC-300x116.png\" alt=\"\" width=\"300\" height=\"116\" \/><\/p><h3>Un evento con impacto europeo<\/h3><p>Este hackathon forma parte de la actividad \u201cHackathon \u2013 Colaboraci\u00f3n Internacional\u201d, organizada por la C\u00e1tedra de Ciberseguridad e Inteligencia Artificial de la Universidad de Oviedo y financiada por el Instituto Nacional de Ciberseguridad de Espa\u00f1a (INCIBE) con fondos de la Uni\u00f3n Europea \u2013 Next Generation EU (MRR, PRTR).<\/p><p>Adem\u00e1s, participan investigadores de las instituciones de educaci\u00f3n superior de la Alianza Europea de Universidades Ingenium.<\/p><p><img decoding=\"async\" src=\"https:\/\/www.unioviedo.es\/ccuniovi\/wp-content\/uploads\/2025\/10\/Captura-de-pantalla-2025-10-03-a-las-14.37.22-300x186.png\" alt=\"\" width=\"300\" height=\"186\" \/><\/p><h3>Inscripciones y m\u00e1s informaci\u00f3n<\/h3><p>En el siguiente enlace puedes ver las bases de la convocatoria para participar en el Hackathon:<\/p><p><a href=\"https:\/\/www.unioviedo.es\/ccuniovi\/wp-content\/uploads\/2025\/10\/Bases-convocatoria-participacion-Hackaton.pdf\">Bases convocatoria participacio\u0301n Hackaton<\/a><\/p><p style=\"font-variant-ligatures: normal; font-variant-caps: normal; font-family: Roboto; font-size: 18px; font-style: normal; font-weight: 500;\"><span style=\"font-variant-ligatures: normal; font-variant-caps: normal; font-family: Roboto; font-size: 18px; font-style: normal; font-weight: 500;\">Consulta la\u00a0<\/span><span style=\"font-variant-ligatures: normal; font-variant-caps: normal; font-family: Roboto; font-size: 18px; font-style: normal;\"><span style=\"font-size: 18px; font-weight: bold;\">Resoluci\u00f3n Provisional de personas admitidas:<\/span><\/span><\/p><p style=\"font-variant-ligatures: normal; font-variant-caps: normal; font-family: Roboto; font-size: 18px; font-style: normal; font-weight: 500;\"><a style=\"font-variant-ligatures: normal; font-variant-caps: normal; font-family: Roboto; font-size: 18px; font-style: normal; font-weight: 500; color: #007dff;\" href=\"https:\/\/www.unioviedo.es\/ccuniovi\/wp-content\/uploads\/2025\/10\/Resolucion-definitiva-admitidos-y-excluidos-2.pdf\">Resoluci\u00f3n de 29 de octubre de 2025 de la Fundaci\u00f3n Universidad de Oviedo, M.P.P., por la que se aprueba la\u00a0<span style=\"font-size: 18px; font-weight: bold;\">relaci\u00f3n definitiva de personas admitidas y excluidas al proceso de selecci\u00f3n<\/span>\u00a0para la concesi\u00f3n de ayudas para la participaci\u00f3n de estudiantes espa\u00f1oles de grado y m\u00e1ster de universidades espa\u00f1olas que formen parte de una alianza de universidades europeas en el evento\u00a0<span style=\"font-size: 18px; font-weight: bold;\">Hackathon C\u00e1tedra de Ciberseguridad e Inteligencia Artificial\u00a0<\/span>que tendr\u00e1 lugar en Oviedo del 18 a 21 de noviembre del a\u00f1o 2025, financiadas a trav\u00e9s del INCIBE con fondos Next Generation EU del PRTR.<\/a><\/p><p style=\"font-variant-ligatures: normal; font-variant-caps: normal; font-family: Roboto; font-size: 18px; font-style: normal; font-weight: 500;\">Subsanaci\u00f3n de errores:<\/p><p style=\"font-variant-ligatures: normal; font-variant-caps: normal; font-family: Roboto; font-size: 18px; font-style: normal; font-weight: 500;\"><a href=\"https:\/\/www.unioviedo.es\/ccuniovi\/wp-content\/uploads\/2025\/10\/SUBSANACION-DE-ERRORES-DE-LA-RESOLUCION-DE-29-DE-OCTUBRE-DE-2025.pdf\">Resoluci\u00f3n por la que se procede a rectificar los errores advertidos en la Resoluci\u00f3n anterior.<\/a><\/p><p><span style=\"font-variant-ligatures: normal; font-variant-caps: normal; font-family: Roboto; font-size: 18px; font-style: normal; font-weight: 500;\">Consulta la\u00a0<\/span><span style=\"font-variant-ligatures: normal; font-variant-caps: normal; font-family: Roboto; font-size: 18px; font-style: normal;\"><span style=\"font-size: 18px; font-weight: bold;\">Resoluci\u00f3n DEFINITIVA de personas admitidas:<\/span><\/span><\/p><p class=\"p1\"><a href=\"https:\/\/www.unioviedo.es\/ccuniovi\/wp-content\/uploads\/2025\/11\/Resolucion-concesion-ayudas-y-suplentes-hackaton-2025.pdf\"><b>Resoluci\u00f3n del 3 de noviembre de 2025 del director de la Fundaci\u00f3n<\/b> U<b>niversidad de Oviedo por la que se resuelve la convocatoria para la<\/b> <b>concesi\u00f3n de ayudas para la participaci\u00f3n de estudiantes espa\u00f1oles de<\/b> <b>grado y m\u00e1ster de universidades espa\u00f1olas que formen parte de una<\/b> <b>Alianza de Universidades Europeas en el evento Hackathon C\u00e1tedra de<\/b> <b>Ciberseguridad e Inteligencia Artificial que tendr\u00e1 lugar en Oviedo del<\/b> <b>18 al 21 de noviembre del a\u00f1o 2025, financiadas a trav\u00e9s del INCIBE con<\/b> <b>fondos Next Generation EU del PRTR.<\/b><\/a><\/p><p><span style=\"font-variant-ligatures: normal; font-variant-caps: normal; font-family: Roboto; font-size: 18px; font-style: normal; font-weight: 500;\">Consulta la\u00a0<\/span><span style=\"font-variant-ligatures: normal; font-variant-caps: normal; font-family: Roboto; font-size: 18px; font-style: normal;\"><span style=\"font-size: 18px; font-weight: bold;\">Resoluci\u00f3n DEFINITIVA de los Premios:<\/span><\/span><\/p><p><a href=\"https:\/\/www.unioviedo.es\/ccuniovi\/wp-content\/uploads\/2025\/12\/Resolucion-del-21-de-noviembre.pdf\">Resoluci\u00f3n del 21 de noviembre de 2025 del director de la Fundaci\u00f3n Universidad de Oviedo por la que se conceden premios a los tres mejores equipos participantes en el evento Hackathon C\u00e1tedra de Ciberseguridad e Inteligencia Artificial, celebrado en Oviedo del 18 al 21 de noviembre del a\u00f1o 2025, financiados a trav\u00e9s del INCIBE con fondos Next Generation EU del PRTR.<\/a><\/p><p>Sigue las novedades en la web de la C\u00e1tedra de Ciberseguridad e IA \u2013 UniOvi.<\/p><h3 style=\"text-align: center;\"><a href=\"https:\/\/www.unioviedo.es\/ccuniovi\/programa-del-hackathon\/\">NUEVO: PROGRAMA FINAL DEL EVENTO<\/a><\/h3><div><h3 style=\"text-align: center;\"><span style=\"text-decoration: underline;\"><a href=\"https:\/\/www.unioviedo.es\/ccuniovi\/wp-content\/uploads\/2025\/11\/Mapa.pdf\">NUEVO: MAPA<\/a><\/span><\/h3><\/div><h3 style=\"text-align: center;\"><span style=\"text-decoration: underline;\"><a href=\"https:\/\/www.unioviedo.es\/ccuniovi\/wp-content\/uploads\/2025\/11\/Composicion-Jurado-Tecnico-Hackaton.pdf\">NUEVO: COMPOSICI\u00d3N DEL JURADO T\u00c9CNICO DE VALORACI\u00d3N DE LOS RETOS DEL HACKATHON<\/a><\/span><\/h3>\t\t\t\t\t\t<\/div>\n\t\t\t\t<\/div>\n\t\t\t\t\t<\/div>\n\t\t<\/div>\n\t\t\t\t\t<\/div>\n\t\t<\/section>\n\t\t\t\t<section class=\"elementor-section elementor-top-section elementor-element elementor-element-fc1a58c elementor-section-boxed elementor-section-height-default elementor-section-height-default\" data-id=\"fc1a58c\" data-element_type=\"section\">\n\t\t\t\t\t\t<div class=\"elementor-container elementor-column-gap-default\">\n\t\t\t\t\t<div class=\"elementor-column elementor-col-100 elementor-top-column elementor-element elementor-element-d5844ea\" data-id=\"d5844ea\" data-element_type=\"column\">\n\t\t\t<div class=\"elementor-widget-wrap elementor-element-populated\">\n\t\t\t\t\t\t<div class=\"elementor-element elementor-element-1a48450 elementor-widget elementor-widget-image\" data-id=\"1a48450\" data-element_type=\"widget\" data-widget_type=\"image.default\">\n\t\t\t\t<div class=\"elementor-widget-container\">\n\t\t\t\t\t\t\t\t\t\t\t\t\t<img loading=\"lazy\" decoding=\"async\" width=\"1024\" height=\"84\" src=\"https:\/\/www.unioviedo.es\/ccuniovi\/wp-content\/uploads\/2025\/07\/2025Logos-1024x84.png\" class=\"attachment-large size-large wp-image-4905\" alt=\"\" srcset=\"https:\/\/www.unioviedo.es\/ccuniovi\/wp-content\/uploads\/2025\/07\/2025Logos-1024x84.png 1024w, https:\/\/www.unioviedo.es\/ccuniovi\/wp-content\/uploads\/2025\/07\/2025Logos-300x25.png 300w, https:\/\/www.unioviedo.es\/ccuniovi\/wp-content\/uploads\/2025\/07\/2025Logos-768x63.png 768w, https:\/\/www.unioviedo.es\/ccuniovi\/wp-content\/uploads\/2025\/07\/2025Logos-1536x126.png 1536w, https:\/\/www.unioviedo.es\/ccuniovi\/wp-content\/uploads\/2025\/07\/2025Logos-2048x168.png 2048w\" sizes=\"(max-width: 1024px) 100vw, 1024px\" \/>\t\t\t\t\t\t\t\t\t\t\t\t\t<\/div>\n\t\t\t\t<\/div>\n\t\t\t\t\t<\/div>\n\t\t<\/div>\n\t\t\t\t\t<\/div>\n\t\t<\/section>\n\t\t\t\t<section class=\"elementor-section elementor-top-section elementor-element elementor-element-cac81f8 elementor-section-boxed elementor-section-height-default elementor-section-height-default\" data-id=\"cac81f8\" data-element_type=\"section\">\n\t\t\t\t\t\t<div class=\"elementor-container elementor-column-gap-default\">\n\t\t\t\t\t<div class=\"elementor-column elementor-col-100 elementor-top-column elementor-element elementor-element-8a09344\" data-id=\"8a09344\" data-element_type=\"column\">\n\t\t\t<div class=\"elementor-widget-wrap elementor-element-populated\">\n\t\t\t\t\t\t<div class=\"elementor-element elementor-element-0499e69 elementor-widget elementor-widget-button\" data-id=\"0499e69\" data-element_type=\"widget\" data-widget_type=\"button.default\">\n\t\t\t\t<div class=\"elementor-widget-container\">\n\t\t\t\t\t<div class=\"elementor-button-wrapper\">\n\t\t\t<a class=\"elementor-button elementor-button-link elementor-size-sm\" href=\"#\">\n\t\t\t\t\t\t<span class=\"elementor-button-content-wrapper\">\n\t\t\t\t\t\t\t\t\t<span class=\"elementor-button-text\">Haz clic aqu\u00ed<\/span>\n\t\t\t\t\t<\/span>\n\t\t\t\t\t<\/a>\n\t\t<\/div>\n\t\t\t\t<\/div>\n\t\t\t\t<\/div>\n\t\t\t\t\t<\/div>\n\t\t<\/div>\n\t\t\t\t\t<\/div>\n\t\t<\/section>\n\t\t\t\t<section class=\"elementor-section elementor-top-section elementor-element elementor-element-1d9c9aa elementor-section-boxed elementor-section-height-default elementor-section-height-default\" data-id=\"1d9c9aa\" data-element_type=\"section\">\n\t\t\t\t\t\t<div class=\"elementor-container elementor-column-gap-default\">\n\t\t\t\t\t<div class=\"elementor-column elementor-col-100 elementor-top-column elementor-element elementor-element-48b86cc\" data-id=\"48b86cc\" data-element_type=\"column\">\n\t\t\t<div class=\"elementor-widget-wrap elementor-element-populated\">\n\t\t\t\t\t\t<section class=\"elementor-section elementor-inner-section elementor-element elementor-element-9ee429e elementor-section-boxed elementor-section-height-default elementor-section-height-default\" data-id=\"9ee429e\" data-element_type=\"section\">\n\t\t\t\t\t\t<div class=\"elementor-container elementor-column-gap-default\">\n\t\t\t\t\t<div class=\"elementor-column elementor-col-50 elementor-inner-column elementor-element elementor-element-1502d17\" data-id=\"1502d17\" data-element_type=\"column\">\n\t\t\t<div class=\"elementor-widget-wrap\">\n\t\t\t\t\t\t\t<\/div>\n\t\t<\/div>\n\t\t\t\t<div class=\"elementor-column elementor-col-50 elementor-inner-column elementor-element elementor-element-2bde257\" data-id=\"2bde257\" data-element_type=\"column\">\n\t\t\t<div class=\"elementor-widget-wrap\">\n\t\t\t\t\t\t\t<\/div>\n\t\t<\/div>\n\t\t\t\t\t<\/div>\n\t\t<\/section>\n\t\t\t\t\t<\/div>\n\t\t<\/div>\n\t\t\t\t\t<\/div>\n\t\t<\/section>\n\t\t\t\t<\/div>\n\t\t","protected":false},"excerpt":{"rendered":"<p>Hackathon Internacional de Ciberseguridad \u00a0Universidad de Oviedo \u00b7 C\u00e1tedra de Ciberseguridad e Inteligencia Artificial Con la colaboraci\u00f3n de INCIBE \u00b7 Fondos Next Generation EU \u2013 PRTR NUEVO: PROGRAMA FINAL DEL EVENTO NUEVO: MAPA NUEVO: DESCARGAS \/ DOWNLOADS \u00a0 \u00a1\u00a1Participa!! &#x1f4e2;&#x1f4e2;&#x1f4e2; \u00bfEres estudiante de grado o m\u00e1ster y te apasionan la<\/p>\n","protected":false},"author":1,"featured_media":0,"parent":0,"menu_order":0,"comment_status":"closed","ping_status":"closed","template":"","meta":{"footnotes":""},"class_list":["post-4976","page","type-page","status-publish","hentry"],"_links":{"self":[{"href":"https:\/\/www.unioviedo.es\/ccuniovi\/wp-json\/wp\/v2\/pages\/4976","targetHints":{"allow":["GET"]}}],"collection":[{"href":"https:\/\/www.unioviedo.es\/ccuniovi\/wp-json\/wp\/v2\/pages"}],"about":[{"href":"https:\/\/www.unioviedo.es\/ccuniovi\/wp-json\/wp\/v2\/types\/page"}],"author":[{"embeddable":true,"href":"https:\/\/www.unioviedo.es\/ccuniovi\/wp-json\/wp\/v2\/users\/1"}],"replies":[{"embeddable":true,"href":"https:\/\/www.unioviedo.es\/ccuniovi\/wp-json\/wp\/v2\/comments?post=4976"}],"version-history":[{"count":70,"href":"https:\/\/www.unioviedo.es\/ccuniovi\/wp-json\/wp\/v2\/pages\/4976\/revisions"}],"predecessor-version":[{"id":5204,"href":"https:\/\/www.unioviedo.es\/ccuniovi\/wp-json\/wp\/v2\/pages\/4976\/revisions\/5204"}],"wp:attachment":[{"href":"https:\/\/www.unioviedo.es\/ccuniovi\/wp-json\/wp\/v2\/media?parent=4976"}],"curies":[{"name":"wp","href":"https:\/\/api.w.org\/{rel}","templated":true}]}}