{"id":5117,"date":"2025-11-14T17:25:11","date_gmt":"2025-11-14T16:25:11","guid":{"rendered":"https:\/\/www.unioviedo.es\/ccuniovi\/?page_id=5117"},"modified":"2025-11-21T09:40:32","modified_gmt":"2025-11-21T08:40:32","slug":"programa-del-hackathon","status":"publish","type":"page","link":"https:\/\/www.unioviedo.es\/ccuniovi\/programa-del-hackathon\/","title":{"rendered":"Programa del Hackathon"},"content":{"rendered":"\t\t<div data-elementor-type=\"wp-page\" data-elementor-id=\"5117\" class=\"elementor elementor-5117\">\n\t\t\t\t\t\t<section class=\"elementor-section elementor-top-section elementor-element elementor-element-a2abdb5 elementor-section-boxed elementor-section-height-default elementor-section-height-default\" data-id=\"a2abdb5\" data-element_type=\"section\">\n\t\t\t\t\t\t<div class=\"elementor-container elementor-column-gap-default\">\n\t\t\t\t\t<div class=\"elementor-column elementor-col-100 elementor-top-column elementor-element elementor-element-bb2d945\" data-id=\"bb2d945\" data-element_type=\"column\">\n\t\t\t<div class=\"elementor-widget-wrap elementor-element-populated\">\n\t\t\t\t\t\t<div class=\"elementor-element elementor-element-db45122 elementor-widget elementor-widget-image\" data-id=\"db45122\" data-element_type=\"widget\" data-widget_type=\"image.default\">\n\t\t\t\t<div class=\"elementor-widget-container\">\n\t\t\t\t\t\t\t\t\t\t\t\t\t<img fetchpriority=\"high\" decoding=\"async\" width=\"1024\" height=\"84\" src=\"https:\/\/www.unioviedo.es\/ccuniovi\/wp-content\/uploads\/2025\/07\/2025Logos-1024x84.png\" class=\"attachment-large size-large wp-image-4905\" alt=\"\" srcset=\"https:\/\/www.unioviedo.es\/ccuniovi\/wp-content\/uploads\/2025\/07\/2025Logos-1024x84.png 1024w, https:\/\/www.unioviedo.es\/ccuniovi\/wp-content\/uploads\/2025\/07\/2025Logos-300x25.png 300w, https:\/\/www.unioviedo.es\/ccuniovi\/wp-content\/uploads\/2025\/07\/2025Logos-768x63.png 768w, https:\/\/www.unioviedo.es\/ccuniovi\/wp-content\/uploads\/2025\/07\/2025Logos-1536x126.png 1536w, https:\/\/www.unioviedo.es\/ccuniovi\/wp-content\/uploads\/2025\/07\/2025Logos-2048x168.png 2048w\" sizes=\"(max-width: 1024px) 100vw, 1024px\" \/>\t\t\t\t\t\t\t\t\t\t\t\t\t<\/div>\n\t\t\t\t<\/div>\n\t\t\t\t\t<\/div>\n\t\t<\/div>\n\t\t\t\t\t<\/div>\n\t\t<\/section>\n\t\t\t\t<section class=\"elementor-section elementor-top-section elementor-element elementor-element-c7332bc elementor-section-boxed elementor-section-height-default elementor-section-height-default\" data-id=\"c7332bc\" data-element_type=\"section\">\n\t\t\t\t\t\t<div class=\"elementor-container elementor-column-gap-default\">\n\t\t\t\t\t<div class=\"elementor-column elementor-col-100 elementor-top-column elementor-element elementor-element-c625c08\" data-id=\"c625c08\" data-element_type=\"column\">\n\t\t\t<div class=\"elementor-widget-wrap elementor-element-populated\">\n\t\t\t\t\t\t<div class=\"elementor-element elementor-element-c24b408 elementor-widget elementor-widget-text-editor\" data-id=\"c24b408\" data-element_type=\"widget\" data-widget_type=\"text-editor.default\">\n\t\t\t\t<div class=\"elementor-widget-container\">\n\t\t\t\t\t\t\t<h1 style=\"text-align: center;\">Hackathon Internacional de Ciberseguridad<\/h1><h2 style=\"text-align: center;\">Universidad de Oviedo \u00b7 C\u00e1tedra de Ciberseguridad e Inteligencia Artificial<\/h2>\t\t\t\t\t\t<\/div>\n\t\t\t\t<\/div>\n\t\t\t\t\t<\/div>\n\t\t<\/div>\n\t\t\t\t\t<\/div>\n\t\t<\/section>\n\t\t\t\t<section class=\"elementor-section elementor-top-section elementor-element elementor-element-5c3fe17 elementor-section-boxed elementor-section-height-default elementor-section-height-default\" data-id=\"5c3fe17\" data-element_type=\"section\">\n\t\t\t\t\t\t<div class=\"elementor-container elementor-column-gap-default\">\n\t\t\t\t\t<div class=\"elementor-column elementor-col-33 elementor-top-column elementor-element elementor-element-f5da7b7\" data-id=\"f5da7b7\" data-element_type=\"column\">\n\t\t\t<div class=\"elementor-widget-wrap elementor-element-populated\">\n\t\t\t\t\t\t<div class=\"elementor-element elementor-element-c47d865 elementor-widget elementor-widget-image\" data-id=\"c47d865\" data-element_type=\"widget\" data-widget_type=\"image.default\">\n\t\t\t\t<div class=\"elementor-widget-container\">\n\t\t\t\t\t\t\t\t\t\t\t\t\t<img decoding=\"async\" width=\"300\" height=\"186\" src=\"https:\/\/www.unioviedo.es\/ccuniovi\/wp-content\/uploads\/2025\/10\/Captura-de-pantalla-2025-10-03-a-las-14.37.22-300x186.png\" class=\"attachment-medium size-medium wp-image-5006\" alt=\"\" srcset=\"https:\/\/www.unioviedo.es\/ccuniovi\/wp-content\/uploads\/2025\/10\/Captura-de-pantalla-2025-10-03-a-las-14.37.22-300x186.png 300w, https:\/\/www.unioviedo.es\/ccuniovi\/wp-content\/uploads\/2025\/10\/Captura-de-pantalla-2025-10-03-a-las-14.37.22-768x475.png 768w, https:\/\/www.unioviedo.es\/ccuniovi\/wp-content\/uploads\/2025\/10\/Captura-de-pantalla-2025-10-03-a-las-14.37.22.png 776w\" sizes=\"(max-width: 300px) 100vw, 300px\" \/>\t\t\t\t\t\t\t\t\t\t\t\t\t<\/div>\n\t\t\t\t<\/div>\n\t\t\t\t\t<\/div>\n\t\t<\/div>\n\t\t\t\t<div class=\"elementor-column elementor-col-33 elementor-top-column elementor-element elementor-element-5bb82ac\" data-id=\"5bb82ac\" data-element_type=\"column\">\n\t\t\t<div class=\"elementor-widget-wrap elementor-element-populated\">\n\t\t\t\t\t\t<div class=\"elementor-element elementor-element-fa80b5c elementor-widget elementor-widget-image\" data-id=\"fa80b5c\" data-element_type=\"widget\" data-widget_type=\"image.default\">\n\t\t\t\t<div class=\"elementor-widget-container\">\n\t\t\t\t\t\t\t\t\t\t\t\t\t<img decoding=\"async\" width=\"768\" height=\"1\" src=\"https:\/\/www.unioviedo.es\/ccuniovi\/wp-content\/uploads\/2024\/03\/CATEDRA_CIBERSEGURIDAD_rgb.svg\" class=\"attachment-medium_large size-medium_large wp-image-4488\" alt=\"\" \/>\t\t\t\t\t\t\t\t\t\t\t\t\t<\/div>\n\t\t\t\t<\/div>\n\t\t\t\t\t<\/div>\n\t\t<\/div>\n\t\t\t\t<div class=\"elementor-column elementor-col-33 elementor-top-column elementor-element elementor-element-2a53f38\" data-id=\"2a53f38\" data-element_type=\"column\">\n\t\t\t<div class=\"elementor-widget-wrap elementor-element-populated\">\n\t\t\t\t\t\t<div class=\"elementor-element elementor-element-89473a2 elementor-widget elementor-widget-image\" data-id=\"89473a2\" data-element_type=\"widget\" data-widget_type=\"image.default\">\n\t\t\t\t<div class=\"elementor-widget-container\">\n\t\t\t\t\t\t\t\t\t\t\t\t\t<img loading=\"lazy\" decoding=\"async\" width=\"1024\" height=\"397\" src=\"https:\/\/www.unioviedo.es\/ccuniovi\/wp-content\/uploads\/2025\/10\/logo-horizontal_Cluster_TIC-1024x397.png\" class=\"attachment-large size-large wp-image-5001\" alt=\"\" srcset=\"https:\/\/www.unioviedo.es\/ccuniovi\/wp-content\/uploads\/2025\/10\/logo-horizontal_Cluster_TIC-1024x397.png 1024w, https:\/\/www.unioviedo.es\/ccuniovi\/wp-content\/uploads\/2025\/10\/logo-horizontal_Cluster_TIC-300x116.png 300w, https:\/\/www.unioviedo.es\/ccuniovi\/wp-content\/uploads\/2025\/10\/logo-horizontal_Cluster_TIC-768x298.png 768w, https:\/\/www.unioviedo.es\/ccuniovi\/wp-content\/uploads\/2025\/10\/logo-horizontal_Cluster_TIC-1536x595.png 1536w, https:\/\/www.unioviedo.es\/ccuniovi\/wp-content\/uploads\/2025\/10\/logo-horizontal_Cluster_TIC.png 1920w\" sizes=\"(max-width: 1024px) 100vw, 1024px\" \/>\t\t\t\t\t\t\t\t\t\t\t\t\t<\/div>\n\t\t\t\t<\/div>\n\t\t\t\t\t<\/div>\n\t\t<\/div>\n\t\t\t\t\t<\/div>\n\t\t<\/section>\n\t\t\t\t<section class=\"elementor-section elementor-top-section elementor-element elementor-element-2afc9b5 elementor-section-boxed elementor-section-height-default elementor-section-height-default\" data-id=\"2afc9b5\" data-element_type=\"section\">\n\t\t\t\t\t\t<div class=\"elementor-container elementor-column-gap-default\">\n\t\t\t\t\t<div class=\"elementor-column elementor-col-100 elementor-top-column elementor-element elementor-element-ce8beb4\" data-id=\"ce8beb4\" data-element_type=\"column\">\n\t\t\t<div class=\"elementor-widget-wrap elementor-element-populated\">\n\t\t\t\t\t\t<div class=\"elementor-element elementor-element-3ea2be6 elementor-widget elementor-widget-text-editor\" data-id=\"3ea2be6\" data-element_type=\"widget\" data-widget_type=\"text-editor.default\">\n\t\t\t\t<div class=\"elementor-widget-container\">\n\t\t\t\t\t\t\t<h3 style=\"text-align: center;\"><span style=\"text-decoration: underline;\"><a href=\"https:\/\/www.unioviedo.es\/ccuniovi\/downloads\/\"><strong>NUEVO: DESCARGAS \/ DOWNLOADS<\/strong><\/a><\/span><\/h3><h3 style=\"text-align: center;\">Programa\u00a0<\/h3><h3>LUNES, 17 de noviembre<\/h3><h4>Bienvenida y recepci\u00f3n (jornada previa):<\/h4><p>Fecha; 17 de noviembre<br \/>Hora: 18:00 \u2013 20:00<br \/>Lugar:\u00a0<a href=\"https:\/\/maps.app.goo.gl\/JwdeziN96b4dYGi7A\">Aula Rector Alas, Edificio Hist\u00f3ricco<\/a>, Universidad de Oviedo,<br \/>Recepci\u00f3n, registro, entrega de acreditaciones y documentaci\u00f3n, explicaci\u00f3n del programa y actividades a estudiantes y mentores.<br \/>Detalles: Incluye aperitivos y bebidas.<br \/>Asistentes: Estudiantes, mentores y coordinadores.<\/p><h3>MARTES, 18 de noviembre<\/h3><h4>Bienvenida y registro tard\u00edo:<\/h4><p>Fecha; 18 de noviembre<br \/>Hora: 9:00 \u2013 9:30<br \/>Lugar:\u00a0<a href=\"https:\/\/maps.app.goo.gl\/dTBcesUmUasYXeHE9\">Campus del Mil\u00e1n, Antigua Capilla<\/a>, Universidad de Oviedo<br \/>Asistentes: Estudiantes, mentores y coordinadores (Jorge\/Susana, FUO)<\/p><h3>Apertura Institucional:<\/h3><p>Fecha; 18 de noviembre<br \/>Hora: 9:30 \u2013 10:00<br \/>Lugar:\u00a0<a href=\"https:\/\/maps.app.goo.gl\/dTBcesUmUasYXeHE9\">Campus del Mil\u00e1n, Antigua Capilla<\/a>, Universidad de Oviedo<br \/>Asistentes: Estudiantes, mentores, coordinadores y representantes institucionales.<br \/>Detalles: Inauguraci\u00f3n del Hackathon Internacional, breves intervenciones institucionales y foto de grupo (a las 9:30).<br \/><strong>Mesa principal:<\/strong><\/p><ul><li>D\u00f1a. Susana Luque Rodr\u00edguez, Vicerrectora de Transferencia y Relaciones con la Empresa, Universidad de Oviedo.<\/li><li>D. Juan Carlos Campo, Viceconsejero de Industria del Gobierno del Principado de Asturias.<\/li><li>D\u00f1a. Aitana Alonso Nogueira, Oficina de Transferencia de Resultados de Investigaci\u00f3n, INCIBE.<\/li><li>D. Patricio J. Arias, presidente del Cluster TIC de Asturias<\/li><li>D\u00f1a. Ana Isabel \u00c1lvarez, Directora de la Alianza Ingenium<\/li><\/ul><h3>Actividades del Hackathon:<\/h3><p>Fecha; 18 de noviembre<br \/>Hora: 10:00 \u2013 14:00<br \/>Lugar:\u00a0<a href=\"https:\/\/maps.app.goo.gl\/dTBcesUmUasYXeHE9\">Campus del Mil\u00e1n, Antigua Capilla<\/a>, Universidad de Oviedo<br \/>Asistentes: Estudiantes, mentores, coordinadores<br \/>Detalles: coffee break en el campus y comida en el NH.<\/p><h3>Visita cultural y actividades de equipo + cena:<\/h3><p>Fecha; 18 de noviembre<br \/>Hora: 17:30 \u2013 22:00<br \/>Lugar: Oviedo (17:30 casco hist\u00f3rico, <a href=\"https:\/\/maps.app.goo.gl\/676ni6jvew48qxh76\">Parque San Francisco<\/a>)<br \/>Asistentes: Estudiantes, mentores, coordinadores<br \/>Cena a las 20:00 en <a href=\"https:\/\/maps.app.goo.gl\/EaKWDUmuTw7m3n347\">Tierra Astur el Vasco<\/a>\u00a0<\/p><h2>MI\u00c9RCOLES, 19 de noviembre<\/h2><h3>Actividades del Hackathon:<\/h3><p>Fecha; 19 de noviembre<br \/>Hora: 9:00 \u2013 14:00<br \/>Lugar:\u00a0<a href=\"https:\/\/maps.app.goo.gl\/dTBcesUmUasYXeHE9\">Campus del Mil\u00e1n, Antigua Capilla<\/a>, Universidad de Oviedo<br \/>Asistentes: Estudiantes, mentores (excepto los de ciberseguridad en horario de tarde), coordinadores<br \/>Detalles: Incluye coffee break y almuerzo en el campus.<br \/>Los estudiantes continuar\u00e1n desarrollando trabajo aut\u00f3nomo en horario de tarde, en el campus.<\/p><h3>Encuentro Sectorial:<\/h3><p>Fecha; 19 de noviembre<br \/>Hora: 15:30 \u2013 19:15<br \/>Lugar:\u00a0<a href=\"https:\/\/maps.app.goo.gl\/dTBcesUmUasYXeHE9\">Campus del Mil\u00e1n, Antigua Capilla<\/a>, Universidad de Oviedo<br \/>Objetivo: Involucrar directamente a las empresas del sector de la ciberseguridad, promoviendo la cooperaci\u00f3n universidad-empresa.<br \/>Asistentes: mentores ciberseguridad, coordinadores, repr. ClusterTIC, investigadores Uniovi, empresas.\u00a0<br \/>Traducci\u00f3n simult\u00e1nea EN\/ES disponible para participantes no hispanohablantes.<\/p><h5>15:30\u201315:45 Apertura institucional<\/h5><ul><li>D\u00f1a. Susana Luque Rodr\u00edguez, Vicerrectora de Transferencia y Relaciones con la Empresa, Universidad de Oviedo.<\/li><li>D. Iv\u00e1n Aitor Lucas del Amo, Director General de Innovaci\u00f3n, Gobierno del Principado de Asturias<\/li><li>D. Jon\u00e1s Coppen, coordinador del Nodo de Seguridad de la Informaci\u00f3n del Cluster TIC de Asturias<\/li><\/ul><h5>15:45\u201316:30 Conferencia: \u201cContexto actual de la ciberseguridad y tendencias futuras: Avances en Ciberseguridad e IA; en Ciberseguridad en infraestructuras, aplicaciones y datos; y en ciberseguridad en entornos cloud\/h\u00edbridos, IoT y OT\u201d \u2013 Jos\u00e9 Manuel Redondo, UNIOVI<\/h5><h5>16:30\u201317:30 Mesa redonda: Sesi\u00f3n en la que las empresas presentan sus necesidades, tanto formativas como de capacidades de investigaci\u00f3n, colaboraciones estrat\u00e9gicas, etc. Se resumen las intervenciones y se identifican las necesidades clave.<\/h5><ul><li>Modera: D. Enrique J\u00e1imez (ClusterTIC)<\/li><li>Prof. Jos\u00e9 Manuel Redondo (UNIOVI)<\/li><li>Pro. Mar\u00eda del Rosario Su\u00e1rez, depto inform\u00e1tica (UNIOVI)<\/li><li><div class=\"elementToProof\" role=\"presentation\">D. Enrique Rodr\u00edguez Riestra, departamento de Recursos Humanos en Seresco\/Instituto CIES<\/div><\/li><li><div class=\"elementToProof\" role=\"presentation\">D\u00f1a. Amanda Segura Gonz\u00e1lez, GRC Cybersecurity Consultant en Inetum<\/div><\/li><li><div class=\"elementToProof\" role=\"presentation\">D. Yeiber Caso Ramirez \u2013 Cybersecurity Project Manager en NTT Data Europe &amp; Latam<\/div><\/li><li><div class=\"elementToProof\" role=\"presentation\">D. Mario Mart\u00edn, Guardia Civil, Equipo @ Asturias<\/div><\/li><\/ul><h5>17:30\u201318:30 Sesi\u00f3n de p\u00f3steres\/presentaciones, donde se ponen de manifiesto las capacidades de los investigadores acad\u00e9micos.\u00a0<\/h5><ul><li>Modera: Jorge Garc\u00eda , UNIOVI<\/li><li>Vicerrectorado de Transferencia, UNIOVI<\/li><li>Prof. Jos\u00e9 Manuel Redondo, UNIOVI<\/li><li>Prof. Jos\u00e9 Quiroga \u00c1lvarez, UNIOVI<\/li><li>Prof. Vlad M. Chiriac, TUIASI, Ruman\u00eda<\/li><li>Prof. Andrei Stan, TUIASI, Ruman\u00eda<\/li><li>Eng. Mr. Joseph Foley\/ MPh Ms. Stephanie Wallace Chavanne, MTU, Irlanda<\/li><li>Ms. Marie Skav\u00f8-Sinisalo\/ Mr. Janne Niinisaari, XAMK, Finlandia<\/li><li>Prof. Ignacio Fern\u00e1ndez Rua, UNIOVI<\/li><li>Prof. Jos\u00e9 Garc\u00eda Fanjul, UNIOVI<\/li><\/ul><h5>18:30\u201319:00 Caf\u00e9, networking y reuniones P2P<\/h5><h5>19:00\u201319:15 Conclusiones y cierre.<\/h5><h4><b><span lang=\"ES-TRAD\">Actividades de equipo + cena<\/span><\/b><\/h4><p>Fecha; 19 de noviembre<br \/>Hora: 20:30<br \/>Lugar: <a href=\"https:\/\/maps.app.goo.gl\/ErQhhJnpSqHaR4B19\">Restaurante el Ferroviario<\/a><br \/>Asistentes: Estudiantes, mentores, coordinadores<\/p><h2>JUEVES, 20 de noviembre<\/h2><h3>Actividades del Hackathon:<\/h3><p>Fecha: 20 de noviembre<br \/>Hora: 9:00 \u2013 14:00<br \/>Lugar:\u00a0<a href=\"https:\/\/maps.app.goo.gl\/dTBcesUmUasYXeHE9\">Campus del Mil\u00e1n, Antigua Capilla<\/a>, Universidad de Oviedo<br \/>Asistentes: Estudiantes, mentores (excepto los de ciberseguridad en horario de tarde), coordinadores<br \/>Detalles: Incluye coffee break y almuerzo en el campus.<br \/>Los estudiantes continuar\u00e1n desarrollando trabajo aut\u00f3nomo en horario de tarde, en el campus.<\/p><h3>Encuentro Acad\u00e9mico \u201cEducation Incubator\u201d<\/h3><p>Fecha: 20 de noviembre<br \/>Hora: 16:00 \u2013 19:15<br \/>Lugar:\u00a0<a href=\"https:\/\/maps.app.goo.gl\/dTBcesUmUasYXeHE9\">Campus del Mil\u00e1n, Antigua Capilla<\/a>, Universidad de Oviedo<br \/>Asistentes: Mentores ciberseguridad, coordinadores, investigadores Uniovi<br \/>Objetivo: Generar ideas para colaboraciones educativas en ciberseguridad entre las instituciones participantes.<\/p><h5>16:00\u201316:15 Apertura \u201cEducation Incubator\u201d<\/h5><ul><li>D\u00f1a. Susana Luque Rodr\u00edguez, Vicerrectora de Transferencia y Relaciones con la Empresa, Universidad de Oviedo.<\/li><li>D. Jos\u00e9 Manuel Redondo, Profesor de Inform\u00e1tica de la Universidad de Oviedo.<\/li><li>D\u00f1a. Ana Isabel \u00c1lvarez, Directora de la Alianza Ingenium<\/li><\/ul><h5>16:15\u201316:45 Presentaci\u00f3n: \u201cIncubadora Educativa en Ciberseguridad: las tres misiones de la universidad\u201d, D. Jorge Garc\u00eda Garc\u00eda, UNIOVI.<\/h5><h5>16:45\u201317:30 Mesa redonda sobre investigaci\u00f3n y transferencia tecnol\u00f3gica<\/h5><ul><li>Modera: Prof. Jos\u00e9 Quiroga \u00c1lvarez, Subdirector de la Escuela de Ing. Inform\u00e1tica, Universidad de Oviedo.<\/li><li>Eng. Mr. Joseph Foley, CyberSecurity Technical Officer, MTU Irlanda.<\/li><li>Prof. Andrei Stan, Director of the Department of Computer Science, TUIASI, Romania<\/li><li>Prof. Jos\u00e9 Manuel Redondo, Departamento de Inform\u00e1tica, Universidad de Oviedo<\/li><li>Prof. Jorge Garc\u00eda, Head for Knowledge Transfer Office, Universidad de Oviedo<\/li><\/ul><h5>17:30\u201318:30 Mesa redonda: \u201cFormaci\u00f3n en ciberseguridad. \u00bfestamos satisfaciendo las necesidades de la sociedad?\u201d<\/h5><ul><li>Modera: Prof. Jorge Garc\u00eda, Head for Knowledge Transfer Office, Universidad de Oviedo<\/li><li>Prof. Esther Lorenzo Fern\u00e1ndez, Departamento: Estad\u00edstica e Investigaci\u00f3n Operativa y Did\u00e1ctica de la Matem\u00e1tica, Universidad de Oviedo<\/li><li>MPh Ms. Stephanie Wallace Chavanne, Researcher, Chair of Cybersecurity, MTU Irlanda.<\/li><li>Prof. Vlad Mihai Chiriac, Lecturer &amp; Principal Cybersecurity Engineer, TUIASI, Romania<\/li><li>Ms. Marie Skav\u00f8-Sinisalo, Project Manager, XAMK, Finland<\/li><li>Mr. Janne Niinisaari, RDI expert, XAMK, Finland<\/li><\/ul><h5>18:30\u201319:00 Pausa caf\u00e9 + sesi\u00f3n de p\u00f3steres<\/h5><ul><li>Modera: Jorge Garc\u00eda , UNIOVI<\/li><li>Vicerrectorado de Transferencia, UNIOVI<\/li><li>Prof. Jos\u00e9 Manuel Redondo, UNIOVI<\/li><li>Prof. Jos\u00e9 Quiroga \u00c1lvarez, UNIOVI<\/li><li>Prof. Vlad M. Chiriac, TUIASI, Ruman\u00eda<\/li><li>Prof. Andrei Stan, TUIASI, Ruman\u00eda<\/li><li>Eng. Mr. Joseph Foley\/ MPh Ms. Stephanie Wallace Chavanne, MTU, Irlanda<\/li><li>Ms. Marie Skav\u00f8-Sinisalo\/ Ms. Janne Niinisaari, XAMK, Finlandia<\/li><li>Prof. Ignacio Fern\u00e1ndez Rua, UNIOVI<\/li><li>Prof. Jos\u00e9 Garc\u00eda Fanjul, UNIOVI<\/li><\/ul><h5>19:00\u201319:15 Conclusiones y cierre.<\/h5><h3><strong>Actividades de equipo + cena:<\/strong><\/h3><p>Fecha; 20 de noviembre<br \/>Hora: 20:30<br \/>Lugar: <a href=\"https:\/\/maps.app.goo.gl\/aEwU9fk1MCcEvF8P6\">Restaurante Sidrer\u00eda Alterna<\/a><br \/>Asistentes: Estudiantes, mentores, coordinadores<\/p><h2>VIERNES, 21 de noviembre<\/h2><h3>Sesi\u00f3n final<\/h3><p>Sesi\u00f3n final del Hackathon, incluyendo pitchs<br \/>Fecha: 21 de noviembre<br \/>Hora: 9:00<br \/>Lugar:\u00a0<a href=\"https:\/\/maps.app.goo.gl\/JwdeziN96b4dYGi7A\">Aula Escalonada, Edificio Hist\u00f3rico,<\/a>\u00a0Universidad de Oviedo.<br \/>Traducci\u00f3n simult\u00e1nea ES\/EN<\/p><h5>9:00\u201310:30 Sesi\u00f3n previa de coordinaci\u00f3n y revisi\u00f3n de presentaci\u00f3n<\/h5><h5>10:30 -11:00 caf\u00e9<\/h5><h5>11:00- 12:30 Sesi\u00f3n de presentaciones finales (pitch)<\/h5><h5>12:30\u201313:15 Conferencia de Xabier Mitxelena (AEI Ciberseguridad, Cybasque, CYBERTIX, Presidente AEI Ciberseguridad, Presidente Cybasque, Fundador y CEO de CYBERTIX)<\/h5><h5>13:30 horas est\u00e1 prevista una foto de familia.<\/h5><h5>13:30-14:00 Entrega de premios y ceremonia de clausura<\/h5><p>Asistentes: Estudiantes, mentores, coordinadores, representantes de ClusterTIC, profesorado de la Universidad de Oviedo, representantes de empresas y representantes institucionales (Se facilitar\u00e1 a los participantes en el Hackathon una bolsa de comida para llevar).<\/p><ul><li>D\u00f1a. Susana Luque Rodr\u00edguez, Vicerrectora de Transferencia y Relaciones con la Empresa, Universidad de Oviedo.<\/li><li>D\u00f1a. Cristina Gonz\u00e1lez Mor\u00e1n, Directora General de Universidades, Gobierno del Principado de Asturias<\/li><li>D. Enrique J\u00e1imez, director general del Cluster TIC de Asturias<\/li><li>D\u00f1a. Ana Isabel \u00c1lvarez, Directora de la Alianza Ingenium<\/li><\/ul>\t\t\t\t\t\t<\/div>\n\t\t\t\t<\/div>\n\t\t\t\t\t<\/div>\n\t\t<\/div>\n\t\t\t\t\t<\/div>\n\t\t<\/section>\n\t\t\t\t<section class=\"elementor-section elementor-top-section elementor-element elementor-element-d27f818 elementor-section-boxed elementor-section-height-default elementor-section-height-default\" data-id=\"d27f818\" data-element_type=\"section\">\n\t\t\t\t\t\t<div class=\"elementor-container elementor-column-gap-default\">\n\t\t\t\t\t<div class=\"elementor-column elementor-col-100 elementor-top-column elementor-element elementor-element-a525e88\" data-id=\"a525e88\" data-element_type=\"column\">\n\t\t\t<div class=\"elementor-widget-wrap elementor-element-populated\">\n\t\t\t\t\t\t<div class=\"elementor-element elementor-element-8915f63 elementor-widget elementor-widget-image\" data-id=\"8915f63\" data-element_type=\"widget\" data-widget_type=\"image.default\">\n\t\t\t\t<div class=\"elementor-widget-container\">\n\t\t\t\t\t\t\t\t\t\t\t\t\t<img fetchpriority=\"high\" decoding=\"async\" width=\"1024\" height=\"84\" src=\"https:\/\/www.unioviedo.es\/ccuniovi\/wp-content\/uploads\/2025\/07\/2025Logos-1024x84.png\" class=\"attachment-large size-large wp-image-4905\" alt=\"\" srcset=\"https:\/\/www.unioviedo.es\/ccuniovi\/wp-content\/uploads\/2025\/07\/2025Logos-1024x84.png 1024w, https:\/\/www.unioviedo.es\/ccuniovi\/wp-content\/uploads\/2025\/07\/2025Logos-300x25.png 300w, https:\/\/www.unioviedo.es\/ccuniovi\/wp-content\/uploads\/2025\/07\/2025Logos-768x63.png 768w, https:\/\/www.unioviedo.es\/ccuniovi\/wp-content\/uploads\/2025\/07\/2025Logos-1536x126.png 1536w, https:\/\/www.unioviedo.es\/ccuniovi\/wp-content\/uploads\/2025\/07\/2025Logos-2048x168.png 2048w\" sizes=\"(max-width: 1024px) 100vw, 1024px\" \/>\t\t\t\t\t\t\t\t\t\t\t\t\t<\/div>\n\t\t\t\t<\/div>\n\t\t\t\t\t<\/div>\n\t\t<\/div>\n\t\t\t\t\t<\/div>\n\t\t<\/section>\n\t\t\t\t<\/div>\n\t\t","protected":false},"excerpt":{"rendered":"<p>Hackathon Internacional de Ciberseguridad Universidad de Oviedo \u00b7 C\u00e1tedra de Ciberseguridad e Inteligencia Artificial NUEVO: DESCARGAS \/ DOWNLOADS Programa\u00a0 LUNES, 17 de noviembre Bienvenida y recepci\u00f3n (jornada previa): Fecha; 17 de noviembreHora: 18:00 \u2013 20:00Lugar:\u00a0Aula Rector Alas, Edificio Hist\u00f3ricco, Universidad de Oviedo,Recepci\u00f3n, registro, entrega de acreditaciones y documentaci\u00f3n, explicaci\u00f3n del<\/p>\n","protected":false},"author":1,"featured_media":0,"parent":0,"menu_order":0,"comment_status":"closed","ping_status":"closed","template":"","meta":{"footnotes":""},"class_list":["post-5117","page","type-page","status-publish","hentry"],"_links":{"self":[{"href":"https:\/\/www.unioviedo.es\/ccuniovi\/wp-json\/wp\/v2\/pages\/5117","targetHints":{"allow":["GET"]}}],"collection":[{"href":"https:\/\/www.unioviedo.es\/ccuniovi\/wp-json\/wp\/v2\/pages"}],"about":[{"href":"https:\/\/www.unioviedo.es\/ccuniovi\/wp-json\/wp\/v2\/types\/page"}],"author":[{"embeddable":true,"href":"https:\/\/www.unioviedo.es\/ccuniovi\/wp-json\/wp\/v2\/users\/1"}],"replies":[{"embeddable":true,"href":"https:\/\/www.unioviedo.es\/ccuniovi\/wp-json\/wp\/v2\/comments?post=5117"}],"version-history":[{"count":33,"href":"https:\/\/www.unioviedo.es\/ccuniovi\/wp-json\/wp\/v2\/pages\/5117\/revisions"}],"predecessor-version":[{"id":5191,"href":"https:\/\/www.unioviedo.es\/ccuniovi\/wp-json\/wp\/v2\/pages\/5117\/revisions\/5191"}],"wp:attachment":[{"href":"https:\/\/www.unioviedo.es\/ccuniovi\/wp-json\/wp\/v2\/media?parent=5117"}],"curies":[{"name":"wp","href":"https:\/\/api.w.org\/{rel}","templated":true}]}}