{"id":3,"date":"2023-02-13T12:30:16","date_gmt":"2023-02-13T12:30:16","guid":{"rendered":"http:\/\/www.unioviedo.es\/cecodet\/?page_id=3"},"modified":"2023-02-15T14:42:12","modified_gmt":"2023-02-15T14:42:12","slug":"politica-privacidad","status":"publish","type":"page","link":"https:\/\/www.unioviedo.es\/cecodet\/index.php\/politica-privacidad\/","title":{"rendered":"Pol\u00edtica de privacidad"},"content":{"rendered":"\n<h2 class=\"wp-block-heading\">Qui\u00e9nes somos<\/h2>\n\n\n\n<p>La direcci\u00f3n de nuestra web es: http:\/\/www.unioviedo.es\/cecodet.<\/p>\n\n\n\n<h2 class=\"wp-block-heading\">Comentarios<\/h2>\n\n\n\n<p>Cuando los visitantes dejan comentarios en la web, recopilamos los datos que se muestran en el formulario de comentarios, as\u00ed como la direcci\u00f3n IP del visitante y la cadena de agentes de usuario del navegador para ayudar a la detecci\u00f3n de <em>spam<\/em>.<\/p>\n\n\n\n<p>Una cadena an\u00f3nima creada a partir de tu direcci\u00f3n de correo electr\u00f3nico (tambi\u00e9n llamada <em>hash<\/em>) puede ser proporcionada al servicio de Gravatar para ver si la est\u00e1s usando. La pol\u00edtica de privacidad del servicio Gravatar est\u00e1 disponible aqu\u00ed: <a href=\"https:\/\/automattic.com\/privacy\/\" target=\"_blank\" rel=\"noreferrer noopener\">https:\/\/automattic.com\/privacy\/<\/a>. Despu\u00e9s de la aprobaci\u00f3n de tu comentario, la imagen de tu perfil es visible para el p\u00fablico en el contexto de tu comentario.<\/p>\n\n\n\n<h2 class=\"wp-block-heading\">Medios<\/h2>\n\n\n\n<p>Si subes im\u00e1genes a la <em>web<\/em>, deber\u00edas evitar subir im\u00e1genes con datos de ubicaci\u00f3n (GPS EXIF) incluidos. Los visitantes de la <em>web<\/em> pueden descargar y extraer cualquier dato de ubicaci\u00f3n de las im\u00e1genes de la <em>web<\/em>.<\/p>\n\n\n\n<h2 class=\"wp-block-heading\"><em>Cookies<\/em><\/h2>\n\n\n\n<p>Si dejas un comentario en nuestro sitio, puedes elegir guardar tu nombre, direcci\u00f3n de correo electr\u00f3nico y <em>web<\/em> en <em>cookies<\/em>. Esto es para tu comodidad, para que no tengas que volver a rellenar tus datos cuando dejes otro comentario. Estas <em>cookies<\/em> tendr\u00e1n una duraci\u00f3n de un a\u00f1o.<\/p>\n\n\n\n<p>Si tienes una cuenta y te conectas a este sitio, instalaremos una <em>cookie<\/em> temporal para determinar si tu navegador acepta <em>cookies<\/em>. Esta <em>cookie<\/em> no contiene datos personales y se elimina al cerrar el navegador.<\/p>\n\n\n\n<p>Cuando accedas, tambi\u00e9n instalaremos varias <em>cookies<\/em> para guardar tu informaci\u00f3n de acceso y tus opciones de visualizaci\u00f3n de pantalla. Las <em>cookies<\/em> de acceso duran dos d\u00edas y las <em>cookies<\/em> de opciones de pantalla duran un a\u00f1o. Si seleccionas \u00abRecu\u00e9rdarme\u00bb, tu acceso perdurar\u00e1 durante dos semanas. Si sales de tu cuenta, las <em>cookies<\/em> de acceso se eliminar\u00e1n.<\/p>\n\n\n\n<p>Si editas o publicas un art\u00edculo, se guardar\u00e1 una <em>cookie<\/em> adicional en tu navegador. Esta <em>cookie<\/em> no incluye datos personales y simplemente indica el ID del art\u00edculo que acabas de editar. Caduca despu\u00e9s de un d\u00eda.<\/p>\n\n\n\n<h2 class=\"wp-block-heading\">Contenido incrustado de otros sitios <em>web<\/em><\/h2>\n\n\n\n<p><strong class=\"privacy-policy-tutorial\"> <\/strong>Los art\u00edculos de este sitio pueden incluir contenido incrustado (por ejemplo, v\u00eddeos, im\u00e1genes, art\u00edculos, etc.). El contenido incrustado de otras <em>webs<\/em> se comporta exactamente de la misma manera que si el visitante hubiera visitado la otra <em>web<\/em>.<\/p>\n\n\n\n<p>Estas web pueden recopilar datos sobre ti, utilizar <em>cookies<\/em>, incrustar un seguimiento adicional de terceros y supervisar tu interacci\u00f3n con ese contenido incrustado, incluido el seguimiento de tu interacci\u00f3n con el contenido incrustado si tienes una cuenta y est\u00e1s conectado a esa <em>web<\/em>.<\/p>\n\n\n\n<h2 class=\"wp-block-heading\">Con qui\u00e9n compartimos tus datos<\/h2>\n\n\n\n<p>Si solicitas un restablecimiento de contrase\u00f1a, tu direcci\u00f3n IP ser\u00e1 incluida en el correo electr\u00f3nico de restablecimiento.<\/p>\n\n\n\n<h2 class=\"wp-block-heading\">Cu\u00e1nto tiempo conservamos tus datos<\/h2>\n\n\n\n<p>Si dejas un comentario, el comentario y sus metadatos se conservan indefinidamente. Esto es para que podamos reconocer y aprobar comentarios sucesivos autom\u00e1ticamente, en lugar de mantenerlos en una cola de moderaci\u00f3n.<\/p>\n\n\n\n<p>De los usuarios que se registran en nuestra <em>web<\/em> (si los hay), tambi\u00e9n almacenamos la informaci\u00f3n personal que proporcionan en su perfil de usuario. Todos los usuarios pueden ver, editar o eliminar su informaci\u00f3n personal en cualquier momento (excepto que no pueden cambiar su nombre de usuario). Los administradores de la <em>web<\/em> tambi\u00e9n pueden ver y editar esa informaci\u00f3n.<\/p>\n\n\n\n<h2 class=\"wp-block-heading\">Qu\u00e9 derechos tienes sobre tus datos<\/h2>\n\n\n\n<p><strong class=\"privacy-policy-tutorial\"> <\/strong>Si tienes una cuenta o has dejado comentarios en esta <em>web<\/em>, puedes solicitar recibir un archivo de exportaci\u00f3n de los datos personales que tenemos sobre ti, incluyendo cualquier dato que nos hayas proporcionado. Tambi\u00e9n puedes solicitar que eliminemos cualquier dato personal que tengamos sobre ti. Esto no incluye ning\u00fan dato que estemos obligados a conservar con fines administrativos, legales o de seguridad.<\/p>\n\n\n\n<h2 class=\"wp-block-heading\">D\u00f3nde se env\u00edan tus datos<\/h2>\n\n\n\n<p>Es posible que un servicio de detecci\u00f3n autom\u00e1tica de <em>spam<\/em> revise los comentarios de los visitantes.<\/p>\n","protected":false},"excerpt":{"rendered":"<p>Qui\u00e9nes somos La direcci\u00f3n de nuestra web es: http:\/\/www.unioviedo.es\/cecodet. Comentarios Cuando los visitantes dejan comentarios en la web, recopilamos los datos que se muestran en el formulario de comentarios, as\u00ed como la direcci\u00f3n IP del visitante y la cadena de agentes de usuario del navegador para ayudar a la detecci\u00f3n de spam. Una cadena an\u00f3nima &hellip; <\/p>\n<p class=\"link-more\"><a href=\"https:\/\/www.unioviedo.es\/cecodet\/index.php\/politica-privacidad\/\" class=\"more-link\">Continuar leyendo<span class=\"screen-reader-text\"> \u00abPol\u00edtica de privacidad\u00bb<\/span><\/a><\/p>\n","protected":false},"author":1,"featured_media":0,"parent":0,"menu_order":0,"comment_status":"closed","ping_status":"open","template":"","meta":{"footnotes":""},"class_list":["post-3","page","type-page","status-publish","hentry"],"_links":{"self":[{"href":"https:\/\/www.unioviedo.es\/cecodet\/index.php\/wp-json\/wp\/v2\/pages\/3","targetHints":{"allow":["GET"]}}],"collection":[{"href":"https:\/\/www.unioviedo.es\/cecodet\/index.php\/wp-json\/wp\/v2\/pages"}],"about":[{"href":"https:\/\/www.unioviedo.es\/cecodet\/index.php\/wp-json\/wp\/v2\/types\/page"}],"author":[{"embeddable":true,"href":"https:\/\/www.unioviedo.es\/cecodet\/index.php\/wp-json\/wp\/v2\/users\/1"}],"replies":[{"embeddable":true,"href":"https:\/\/www.unioviedo.es\/cecodet\/index.php\/wp-json\/wp\/v2\/comments?post=3"}],"version-history":[{"count":1,"href":"https:\/\/www.unioviedo.es\/cecodet\/index.php\/wp-json\/wp\/v2\/pages\/3\/revisions"}],"predecessor-version":[{"id":57,"href":"https:\/\/www.unioviedo.es\/cecodet\/index.php\/wp-json\/wp\/v2\/pages\/3\/revisions\/57"}],"wp:attachment":[{"href":"https:\/\/www.unioviedo.es\/cecodet\/index.php\/wp-json\/wp\/v2\/media?parent=3"}],"curies":[{"name":"wp","href":"https:\/\/api.w.org\/{rel}","templated":true}]}}