{"id":54,"date":"2023-02-15T14:33:47","date_gmt":"2023-02-15T14:33:47","guid":{"rendered":"https:\/\/www.unioviedo.es\/cecodet\/?page_id=54"},"modified":"2026-03-23T10:53:04","modified_gmt":"2026-03-23T10:53:04","slug":"que-es-cecodet","status":"publish","type":"page","link":"https:\/\/www.unioviedo.es\/cecodet\/index.php\/que-es-cecodet\/","title":{"rendered":"Esp\u00edritu CeCodet"},"content":{"rendered":"\n<p>El <strong>Centro de Cooperaci\u00f3n y Desarrollo Territorial<\/strong> de la Universidad de Oviedo<\/p>\n\n\n\n<p>es un centro pionero, con experiencia acreditada y prestigio internacional, que trabaja con una perspectiva hol\u00edstica en controlar el cambio territorial en beneficio del inter\u00e9s general.<\/p>\n\n\n\n<p>Responde a la necesidad de la Universidad de Oviedo de acompa\u00f1ar el proceso de co-proyectar Asturias mediante el talento organizado en forma de proyectos de desarrollo territorial.<\/p>\n\n\n\n<p>Su compromiso es empujar proyectos, al lado y un paso por detr\u00e1s de los protagonistas institucionales del cambio territorial, con talante de bien hacer.<\/p>\n\n\n\n<p>Para eso necesita necesita y practica<strong>&nbsp;I<\/strong>nterdisciplinariedad, <strong>C<\/strong>reatividad,&nbsp;<strong>A<\/strong>bnegaci\u00f3n,&nbsp;<strong>R<\/strong>igor,&nbsp;<strong>I<\/strong>nvestigaci\u00f3n,&nbsp;<strong>U<\/strong>nidad y <strong>P<\/strong>rofesionalidad: <strong>ICARI-UP<\/strong>.<\/p>\n\n\n\n<p><\/p>\n","protected":false},"excerpt":{"rendered":"<p>El Centro de Cooperaci\u00f3n y Desarrollo Territorial de la Universidad de Oviedo es un centro pionero, con experiencia acreditada y prestigio internacional, que trabaja con una perspectiva hol\u00edstica en controlar el cambio territorial en beneficio del inter\u00e9s general. Responde a la necesidad de la Universidad de Oviedo de acompa\u00f1ar el proceso de co-proyectar Asturias mediante &hellip; <\/p>\n<p class=\"link-more\"><a href=\"https:\/\/www.unioviedo.es\/cecodet\/index.php\/que-es-cecodet\/\" class=\"more-link\">Continuar leyendo<span class=\"screen-reader-text\"> \u00abEsp\u00edritu CeCodet\u00bb<\/span><\/a><\/p>\n","protected":false},"author":1,"featured_media":0,"parent":0,"menu_order":0,"comment_status":"closed","ping_status":"closed","template":"","meta":{"footnotes":""},"class_list":["post-54","page","type-page","status-publish","hentry"],"_links":{"self":[{"href":"https:\/\/www.unioviedo.es\/cecodet\/index.php\/wp-json\/wp\/v2\/pages\/54","targetHints":{"allow":["GET"]}}],"collection":[{"href":"https:\/\/www.unioviedo.es\/cecodet\/index.php\/wp-json\/wp\/v2\/pages"}],"about":[{"href":"https:\/\/www.unioviedo.es\/cecodet\/index.php\/wp-json\/wp\/v2\/types\/page"}],"author":[{"embeddable":true,"href":"https:\/\/www.unioviedo.es\/cecodet\/index.php\/wp-json\/wp\/v2\/users\/1"}],"replies":[{"embeddable":true,"href":"https:\/\/www.unioviedo.es\/cecodet\/index.php\/wp-json\/wp\/v2\/comments?post=54"}],"version-history":[{"count":9,"href":"https:\/\/www.unioviedo.es\/cecodet\/index.php\/wp-json\/wp\/v2\/pages\/54\/revisions"}],"predecessor-version":[{"id":712,"href":"https:\/\/www.unioviedo.es\/cecodet\/index.php\/wp-json\/wp\/v2\/pages\/54\/revisions\/712"}],"wp:attachment":[{"href":"https:\/\/www.unioviedo.es\/cecodet\/index.php\/wp-json\/wp\/v2\/media?parent=54"}],"curies":[{"name":"wp","href":"https:\/\/api.w.org\/{rel}","templated":true}]}}