{"id":73,"date":"2023-03-17T12:54:30","date_gmt":"2023-03-17T12:54:30","guid":{"rendered":"https:\/\/www.unioviedo.es\/cecodet\/?page_id=73"},"modified":"2024-09-20T06:55:56","modified_gmt":"2024-09-20T06:55:56","slug":"actividades","status":"publish","type":"page","link":"https:\/\/www.unioviedo.es\/cecodet\/index.php\/actividades\/","title":{"rendered":"Actividades"},"content":{"rendered":"\n<p><strong>CGI Sela 2024<\/strong> Campamento Geogr\u00e1fico Itinerante<\/p>\n\n\n\n<p>El Campamento Geogr\u00e1fico Itinerante (CGI), que en sus dos campa\u00f1as anteriores cruz\u00f3 los Picos de Europa y la cordillera Cant\u00e1brica por su sector central, vuelve en 2024 para dirigirse al macizo de Ubi\u00f1a y recorrer Sena, Luna, Babia y Laciana siguiendo los pasos de los profesores Bartolom\u00e9 Coss\u00edo y Aniceto Sela. Del 2 al 5 de julio, realizaremos cuatro jornadas de marcha con conferencias acad\u00e9micas, visitas guiadas y charlas sobre diversos temas. El plazo de inscripci\u00f3n ya est\u00e1 cerrado.. La \u00faltima versi\u00f3n de la gu\u00eda docente puede descargarse&nbsp;<a href=\"http:\/\/www.unioviedo.es\/cecodet\/wp-content\/uploads\/2024\/06\/Guia-docente-CGI-Sela-24-DEF-25JUN.pdf\">aqu\u00ed.<\/a> M\u00e1s informaci\u00f3n y contacto: cecodet.cgi@gmail.com<\/p>\n\n\n\n<figure class=\"wp-block-image size-large is-resized\"><img decoding=\"async\" src=\"http:\/\/www.unioviedo.es\/cecodet\/wp-content\/uploads\/2024\/04\/imagen.png\" alt=\"\" style=\"width:674px;height:auto\"\/><\/figure>\n\n\n\n<div data-wp-interactive=\"core\/file\" class=\"wp-block-file\"><object data-wp-bind--hidden=\"!state.hasPdfPreview\" hidden class=\"wp-block-file__embed\" data=\"http:\/\/www.unioviedo.es\/cecodet\/wp-content\/uploads\/2023\/09\/Cuaderno-CGI-Sela-2023-FINAL-low.pdf\" type=\"application\/pdf\" style=\"width:100%;height:600px\" aria-label=\"Incrustado de Cuaderno CGI Sela 2023 FINAL low.\"><\/object><a id=\"wp-block-file--media-87063612-e33d-4ee2-a812-a083d22ae951\" href=\"http:\/\/www.unioviedo.es\/cecodet\/wp-content\/uploads\/2023\/09\/Cuaderno-CGI-Sela-2023-FINAL-low.pdf\">Cuaderno CGI Sela 2023 FINAL low<\/a><a href=\"http:\/\/www.unioviedo.es\/cecodet\/wp-content\/uploads\/2023\/09\/Cuaderno-CGI-Sela-2023-FINAL-low.pdf\" class=\"wp-block-file__button wp-element-button\" download aria-describedby=\"wp-block-file--media-87063612-e33d-4ee2-a812-a083d22ae951\">Descarga<\/a><\/div>\n\n\n\n<figure class=\"wp-block-gallery has-nested-images columns-default is-cropped wp-block-gallery-1 is-layout-flex wp-block-gallery-is-layout-flex\">\n<figure class=\"wp-block-image size-large\"><img fetchpriority=\"high\" decoding=\"async\" width=\"1024\" height=\"1024\" data-id=\"287\" src=\"https:\/\/www.unioviedo.es\/cecodet\/wp-content\/uploads\/2023\/09\/d02d073e-e67f-4183-a3b2-8a26d92dc8c6-1024x1024.jpg\" alt=\"\" class=\"wp-image-287\" srcset=\"https:\/\/www.unioviedo.es\/cecodet\/wp-content\/uploads\/2023\/09\/d02d073e-e67f-4183-a3b2-8a26d92dc8c6-1024x1024.jpg 1024w, https:\/\/www.unioviedo.es\/cecodet\/wp-content\/uploads\/2023\/09\/d02d073e-e67f-4183-a3b2-8a26d92dc8c6-300x300.jpg 300w, https:\/\/www.unioviedo.es\/cecodet\/wp-content\/uploads\/2023\/09\/d02d073e-e67f-4183-a3b2-8a26d92dc8c6-150x150.jpg 150w, https:\/\/www.unioviedo.es\/cecodet\/wp-content\/uploads\/2023\/09\/d02d073e-e67f-4183-a3b2-8a26d92dc8c6-768x768.jpg 768w, https:\/\/www.unioviedo.es\/cecodet\/wp-content\/uploads\/2023\/09\/d02d073e-e67f-4183-a3b2-8a26d92dc8c6-100x100.jpg 100w\" sizes=\"(max-width: 767px) 89vw, (max-width: 1000px) 54vw, (max-width: 1071px) 543px, 580px\" \/><\/figure>\n<\/figure>\n\n\n\n<p><strong>CCI Sela 2022 <\/strong>Campamento Cient\u00edfico Itinerante<\/p>\n\n\n\n<p><\/p>\n\n\n\n<figure class=\"wp-block-image size-large\"><img decoding=\"async\" width=\"1024\" height=\"1024\" src=\"https:\/\/www.unioviedo.es\/cecodet\/wp-content\/uploads\/2023\/03\/image_gallery-1024x1024.png\" alt=\"\" class=\"wp-image-117\" srcset=\"https:\/\/www.unioviedo.es\/cecodet\/wp-content\/uploads\/2023\/03\/image_gallery-1024x1024.png 1024w, https:\/\/www.unioviedo.es\/cecodet\/wp-content\/uploads\/2023\/03\/image_gallery-300x300.png 300w, https:\/\/www.unioviedo.es\/cecodet\/wp-content\/uploads\/2023\/03\/image_gallery-150x150.png 150w, https:\/\/www.unioviedo.es\/cecodet\/wp-content\/uploads\/2023\/03\/image_gallery-768x768.png 768w, https:\/\/www.unioviedo.es\/cecodet\/wp-content\/uploads\/2023\/03\/image_gallery-100x100.png 100w\" sizes=\"(max-width: 767px) 89vw, (max-width: 1000px) 54vw, (max-width: 1071px) 543px, 580px\" \/><\/figure>\n\n\n\n<div data-wp-interactive=\"core\/file\" class=\"wp-block-file\"><object data-wp-bind--hidden=\"!state.hasPdfPreview\" hidden class=\"wp-block-file__embed\" data=\"https:\/\/www.unioviedo.es\/cecodet\/wp-content\/uploads\/2023\/03\/Cuaderno-de-Campo-CCI-Aniceto-Sela-2022_compressed-1.pdf\" type=\"application\/pdf\" style=\"width:100%;height:600px\" aria-label=\"Incrustado de Cuaderno-de-Campo-CCI-Aniceto-Sela-2022_compressed-1.\"><\/object><a id=\"wp-block-file--media-11197122-9cf4-4f4d-892a-32ec29ad109c\" href=\"https:\/\/www.unioviedo.es\/cecodet\/wp-content\/uploads\/2023\/03\/Cuaderno-de-Campo-CCI-Aniceto-Sela-2022_compressed-1.pdf\">Cuaderno-de-Campo-CCI-Aniceto-Sela-2022_compressed-1<\/a><a href=\"https:\/\/www.unioviedo.es\/cecodet\/wp-content\/uploads\/2023\/03\/Cuaderno-de-Campo-CCI-Aniceto-Sela-2022_compressed-1.pdf\" class=\"wp-block-file__button wp-element-button\" download aria-describedby=\"wp-block-file--media-11197122-9cf4-4f4d-892a-32ec29ad109c\">Descarga<\/a><\/div>\n","protected":false},"excerpt":{"rendered":"<p>CGI Sela 2024 Campamento Geogr\u00e1fico Itinerante El Campamento Geogr\u00e1fico Itinerante (CGI), que en sus dos campa\u00f1as anteriores cruz\u00f3 los Picos de Europa y la cordillera Cant\u00e1brica por su sector central, vuelve en 2024 para dirigirse al macizo de Ubi\u00f1a y recorrer Sena, Luna, Babia y Laciana siguiendo los pasos de los profesores Bartolom\u00e9 Coss\u00edo y &hellip; <\/p>\n<p class=\"link-more\"><a href=\"https:\/\/www.unioviedo.es\/cecodet\/index.php\/actividades\/\" class=\"more-link\">Continuar leyendo<span class=\"screen-reader-text\"> \u00abActividades\u00bb<\/span><\/a><\/p>\n","protected":false},"author":1,"featured_media":0,"parent":0,"menu_order":0,"comment_status":"closed","ping_status":"closed","template":"","meta":{"footnotes":""},"class_list":["post-73","page","type-page","status-publish","hentry"],"_links":{"self":[{"href":"https:\/\/www.unioviedo.es\/cecodet\/index.php\/wp-json\/wp\/v2\/pages\/73","targetHints":{"allow":["GET"]}}],"collection":[{"href":"https:\/\/www.unioviedo.es\/cecodet\/index.php\/wp-json\/wp\/v2\/pages"}],"about":[{"href":"https:\/\/www.unioviedo.es\/cecodet\/index.php\/wp-json\/wp\/v2\/types\/page"}],"author":[{"embeddable":true,"href":"https:\/\/www.unioviedo.es\/cecodet\/index.php\/wp-json\/wp\/v2\/users\/1"}],"replies":[{"embeddable":true,"href":"https:\/\/www.unioviedo.es\/cecodet\/index.php\/wp-json\/wp\/v2\/comments?post=73"}],"version-history":[{"count":10,"href":"https:\/\/www.unioviedo.es\/cecodet\/index.php\/wp-json\/wp\/v2\/pages\/73\/revisions"}],"predecessor-version":[{"id":427,"href":"https:\/\/www.unioviedo.es\/cecodet\/index.php\/wp-json\/wp\/v2\/pages\/73\/revisions\/427"}],"wp:attachment":[{"href":"https:\/\/www.unioviedo.es\/cecodet\/index.php\/wp-json\/wp\/v2\/media?parent=73"}],"curies":[{"name":"wp","href":"https:\/\/api.w.org\/{rel}","templated":true}]}}