{"id":10760,"date":"2025-01-19T10:42:00","date_gmt":"2025-01-19T10:42:00","guid":{"rendered":"https:\/\/www.unioviedo.es\/cestudiantes\/?page_id=10760"},"modified":"2025-11-09T17:40:20","modified_gmt":"2025-11-09T17:40:20","slug":"comunicado-sobre-la-firma-de-acuerdo-con-el-rector","status":"publish","type":"page","link":"https:\/\/www.unioviedo.es\/cestudiantes\/index.php\/comunicado-sobre-la-firma-de-acuerdo-con-el-rector\/","title":{"rendered":"Comunicado sobre la firma de acuerdo con el Rector"},"content":{"rendered":"\t\t<div data-elementor-type=\"wp-page\" data-elementor-id=\"10760\" class=\"elementor elementor-10760\">\n\t\t\t\t\t\t<section class=\"elementor-section elementor-top-section elementor-element elementor-element-aca979e elementor-section-boxed elementor-section-height-default elementor-section-height-default\" data-id=\"aca979e\" data-element_type=\"section\" data-e-type=\"section\">\n\t\t\t\t\t\t<div class=\"elementor-container elementor-column-gap-default\">\n\t\t\t\t\t<div class=\"elementor-column elementor-col-100 elementor-top-column elementor-element elementor-element-8f1c5b1\" data-id=\"8f1c5b1\" data-element_type=\"column\" data-e-type=\"column\">\n\t\t\t<div class=\"elementor-widget-wrap elementor-element-populated\">\n\t\t\t\t\t\t<div class=\"elementor-element elementor-element-e807065 elementor-widget elementor-widget-html\" data-id=\"e807065\" data-element_type=\"widget\" data-e-type=\"widget\" data-widget_type=\"html.default\">\n\t\t\t\t<div class=\"elementor-widget-container\">\n\t\t\t\t\t<!-- ======= COMUNICADO \u00b7 Acuerdo con el Rector (scope: #acuerdo-rector) ======= -->\r\n<section id=\"acuerdo-rector\" lang=\"es\" aria-labelledby=\"ar-title\">\r\n  <style>\r\n    \/* ===== Scope total: solo afecta a #acuerdo-rector ===== *\/\r\n    #acuerdo-rector{\r\n      --brand:#03827C; --brand2:#0fb9b1; --ink:#0f172a; --muted:#475569;\r\n      --bg:#ffffff; --bg-soft:#f7fffd; --line:rgba(2,6,23,.10); --ring:rgba(3,130,124,.38);\r\n      --shadow:0 22px 60px rgba(2,6,23,.10);\r\n      --radius-xl:26px; --radius:18px; --space:clamp(12px,2vw,24px); --w:1100px;\r\n      --h1:clamp(26px,3vw,44px); --text:clamp(15px,1.35vw,17px);\r\n      font-family:ui-sans-serif,system-ui,-apple-system,\"Segoe UI\",Roboto,Arial,sans-serif;\r\n      color:var(--ink); padding:clamp(12px,2vw,26px); background:linear-gradient(180deg,#fff,#f7fffd);\r\n      text-rendering:optimizeLegibility; -webkit-font-smoothing:antialiased;\r\n    }\r\n    #acuerdo-rector *{ box-sizing:border-box }\r\n    #acuerdo-rector a{ color:inherit; text-decoration:none }\r\n    #acuerdo-rector .wrap{ max-width:var(--w); margin:0 auto }\r\n\r\n    \/* ===== Hero con grid ===== *\/\r\n    #acuerdo-rector .hero{\r\n      border:1px solid var(--line); border-radius:var(--radius-xl);\r\n      background:\r\n        linear-gradient(180deg,rgba(255,255,255,.92),rgba(247,255,253,.98)) padding-box,\r\n        linear-gradient(180deg,rgba(3,130,124,.28),rgba(15,185,177,.28)) border-box;\r\n      overflow:hidden; box-shadow:var(--shadow);\r\n      padding:clamp(18px,2.4vw,30px);\r\n      display:grid; grid-template-columns:1.4fr 1fr; gap:clamp(16px,2.4vw,28px); align-items:center;\r\n    }\r\n    #acuerdo-rector h1{\r\n      margin:0; font-size:var(--h1); line-height:1.06; font-weight:900; letter-spacing:.2px;\r\n      background:linear-gradient(90deg,var(--brand),var(--brand2));\r\n      -webkit-background-clip:text; background-clip:text; color:transparent; text-wrap:balance;\r\n    }\r\n    #acuerdo-rector .subtitle{\r\n      margin:.6rem 0 0; color:var(--muted); font-weight:600; text-wrap:balance;\r\n    }\r\n\r\n    \/* ===== Imagen m\u00e1s peque\u00f1a en PC y tablet. Sin desbordes. ===== *\/\r\n    #acuerdo-rector .poster{\r\n      margin:0; border-radius:22px; overflow:hidden; border:1px solid var(--line);\r\n      background:#fff; box-shadow:0 14px 36px rgba(2,6,23,.10);\r\n      width:100%;\r\n      display:grid; place-items:center;\r\n      padding:10px;\r\n      justify-self:end;\r\n      max-width:clamp(180px, 24vw, 280px);   \/* m\u00f3vil\/tablet peque\u00f1o *\/\r\n      max-height:clamp(180px, 36vh, 320px);\r\n    }\r\n    #acuerdo-rector .poster img{\r\n      display:block; width:auto; height:auto;\r\n      max-width:100%; max-height:100%;\r\n      object-fit:contain; background:#fff;\r\n    }\r\n    \/* Tablet (\u2265561px y \u2264980px): m\u00e1s peque\u00f1a *\/\r\n    @media (min-width:561px) and (max-width:980px){\r\n      #acuerdo-rector .poster{ max-width:260px; max-height:300px }\r\n    }\r\n    \/* Desktop (\u2265981px): a\u00fan m\u00e1s contenida *\/\r\n    @media (min-width:981px){\r\n      #acuerdo-rector .poster{ max-width:220px; max-height:260px }\r\n    }\r\n\r\n    \/* ===== Contenido ===== *\/\r\n    #acuerdo-rector .content{\r\n      margin:clamp(16px,2.6vw,30px) 0 0;\r\n      border:1px solid var(--line); border-radius:22px; background:#fff; box-shadow:var(--shadow);\r\n      padding:clamp(16px,2.2vw,22px);\r\n    }\r\n    #acuerdo-rector .content p{\r\n      font-size:var(--text); line-height:1.78; margin:0 0 1.05rem; color:var(--ink);\r\n      text-align:justify; text-justify:inter-word; hyphens:auto; overflow-wrap:anywhere;\r\n    }\r\n    #acuerdo-rector .content p:first-child::first-letter{\r\n      float:left; font-weight:900; font-size:2.6em; line-height:.9; margin:.04em .22em 0 0;\r\n      background:linear-gradient(180deg,var(--brand),var(--brand2));\r\n      -webkit-background-clip:text; background-clip:text; color:transparent;\r\n    }\r\n\r\n    \/* ===== CTAs ===== *\/\r\n    #acuerdo-rector .cta{\r\n      display:grid; grid-template-columns:repeat(2,minmax(0,1fr)); gap:14px; margin:clamp(14px,2.2vw,22px) 0 0;\r\n    }\r\n    #acuerdo-rector .btn{\r\n      display:flex; align-items:center; justify-content:center; padding:14px 16px;\r\n      border-radius:16px; font-weight:800; letter-spacing:.2px; text-align:center;\r\n      background:\r\n        linear-gradient(180deg,#ffffff,#f4fbf8) padding-box,\r\n        linear-gradient(180deg,rgba(3,130,124,.38),rgba(15,185,177,.38)) border-box;\r\n      border:1px solid transparent; box-shadow:0 14px 34px rgba(2,6,23,.14);\r\n      transition:transform .18s ease, box-shadow .18s ease, background .18s ease;\r\n    }\r\n    #acuerdo-rector .btn:hover{ transform:translateY(-2px); box-shadow:0 20px 44px rgba(2,6,23,.18) }\r\n    #acuerdo-rector .btn.secondary{\r\n      background:\r\n        linear-gradient(180deg,#ffffff,#fafafa) padding-box,\r\n        linear-gradient(180deg,rgba(2,6,23,.22),rgba(2,6,23,.14)) border-box;\r\n    }\r\n    #acuerdo-rector .btn:focus-visible, #acuerdo-rector a:focus-visible{\r\n      outline:3px solid var(--ring); outline-offset:2px; border-radius:16px\r\n    }\r\n\r\n    \/* ===== Responsive ===== *\/\r\n    @media (max-width: 980px){\r\n      #acuerdo-rector .hero{ grid-template-columns:1fr }\r\n      #acuerdo-rector .poster{ justify-self:center }\r\n      #acuerdo-rector .cta{ grid-template-columns:1fr }\r\n    }\r\n\r\n    \/* ===== Print ===== *\/\r\n    @media print{\r\n      #acuerdo-rector{ background:#fff; padding:0 }\r\n      #acuerdo-rector .hero, #acuerdo-rector .content{ box-shadow:none; border:0 }\r\n      #acuerdo-rector .cta{ display:none }\r\n    }\r\n  <\/style>\r\n\r\n  <div class=\"wrap\">\r\n    <header class=\"hero\">\r\n      <div>\r\n        <h1 id=\"ar-title\">\r\n          <a href=\"https:\/\/www.uniovi.es\/actualidad\/noticias\/-\/asset_publisher\/Ru0cAJNPrm1m\/content\/id\/10377522\" target=\"_blank\" rel=\"noopener\">\r\n            Comunicado sobre la firma del acuerdo con el Rector\r\n          <\/a>\r\n        <\/h1>\r\n        <p class=\"subtitle\">Rectorado y Consejo de Estudiantes refuerzan la participaci\u00f3n estudiantil y la mejora de servicios clave.<\/p>\r\n      <\/div>\r\n\r\n      <figure class=\"poster\" aria-label=\"Imagen de la firma del acuerdo\">\r\n        <img loading=\"lazy\" decoding=\"async\"\r\n          loading=\"lazy\"\r\n          src=\"https:\/\/www.unioviedo.es\/cestudiantes\/wp-content\/uploads\/2025\/01\/20250117_110242464_iOS-1024x768.jpg\"\r\n          srcset=\"https:\/\/www.unioviedo.es\/cestudiantes\/wp-content\/uploads\/2025\/01\/20250117_110242464_iOS-300x225.jpg 300w,\r\n                  https:\/\/www.unioviedo.es\/cestudiantes\/wp-content\/uploads\/2025\/01\/20250117_110242464_iOS-768x576.jpg 768w,\r\n                  https:\/\/www.unioviedo.es\/cestudiantes\/wp-content\/uploads\/2025\/01\/20250117_110242464_iOS-1024x768.jpg 1024w,\r\n                  https:\/\/www.unioviedo.es\/cestudiantes\/wp-content\/uploads\/2025\/01\/20250117_110242464_iOS-1536x1152.jpg 1536w,\r\n                  https:\/\/www.unioviedo.es\/cestudiantes\/wp-content\/uploads\/2025\/01\/20250117_110242464_iOS-2048x1536.jpg 2048w\"\r\n          sizes=\"auto, (min-width:981px) 220px, (min-width:561px) 260px, 70vw\"\r\n          width=\"1024\" height=\"768\"\r\n          alt=\"Firma del acuerdo entre el Rector y el Consejo de Estudiantes\">\r\n      <\/figure>\r\n    <\/header>\r\n\r\n    <article class=\"content\">\r\n      <p><strong>En Oviedo a 11 de octubre de 2024.-<\/strong> El rector de la Universidad de Oviedo, Ignacio Villaverde, y el presidente del Consejo de Estudiantes, Jes\u00fas Vera, han firmado este viernes un acuerdo que refuerza la presencia del \u00f3rgano de representaci\u00f3n estudiantil en la toma de decisiones de la instituci\u00f3n acad\u00e9mica asturiana. El documento, compuesto por diez puntos, incluye la habilitaci\u00f3n de diferentes canales a trav\u00e9s de los cuales se puedan elevar de forma m\u00e1s efectiva las propuestas del estudiantado en materias de inter\u00e9s como el sistema de becas o los procesos de elecci\u00f3n de grupos docentes, entre otras.<\/p>\r\n      <p>El acuerdo se ha firmado este viernes en el marco de una rueda de prensa en la que han participado el rector de la Universidad de Oviedo y el presidente del Consejo de Estudiantes, acompa\u00f1ados por el vicerrector de Estudiantes y Empleabilidad, Alfonso L\u00f3pez Mu\u00f1iz, y el delegado del rector para la Coordinaci\u00f3n y las Relaciones Institucionales, Marce Fern\u00e1ndez-Raigoso. Ignacio Villaverde ha apuntado que \u201cel Rectorado asume el compromiso de escuchar m\u00e1s y mejor al estudiantado para conocer de primera mano sus preocupaciones e inquietudes, asumirlas como propias y trabajar de manera conjunta para darles una respuesta\u201d.<\/p>\r\n      <p>Por su parte, Jes\u00fas Vera ha celebrado que este acuerdo supone \u201cel primer paso para fortalecer la participaci\u00f3n estudiantil como eje central en la estrategia institucional, promoviendo una vida universitaria m\u00e1s activa y enriquecedora. Este compromiso nos permite trasladar nuestras propuestas a las \u00e1reas clave de la universidad, mejorando servicios esenciales y garantizando que las decisiones reflejen las necesidades y expectativas del estudiantado\u201d.<\/p>\r\n      <p>Rectorado y Consejo de Estudiantes estrechan su colaboraci\u00f3n a trav\u00e9s de un acuerdo de diez puntos que versa sobre diferentes asuntos relacionados con la vida universitaria. El primero de ellos hace referencia al estudio por parte de ambos \u00f3rganos del plan de gratuidad de matr\u00edculas propuesto por el gobierno del Principado de Asturias. Adem\u00e1s, con el objetivo de proporcionar herramientas y orientaci\u00f3n de calidad al estudiantado, el Rectorado se compromete a analizar la posible mejora y reestructuraci\u00f3n de la Oficina de Atenci\u00f3n a Personas con Necesidades Espec\u00edficas (ONEO), as\u00ed como a dise\u00f1ar un nuevo sistema de financiaci\u00f3n para la representaci\u00f3n estudiantil y otro para las asociaciones de estudiantes de la Universidad de Oviedo.<\/p>\r\n      <p>Con el fin de atender las necesidades y sugerencias del estudiantado, otro de los puntos versa sobre la negociaci\u00f3n de un nuevo modelo de elecci\u00f3n de grupos docentes, adem\u00e1s de acordar el dise\u00f1o de un nuevo reglamento de evaluaci\u00f3n de los resultados de aprendizaje y las competencias adquiridas por el estudiantado. En la misma l\u00ednea, el Rectorado se compromete a redise\u00f1ar y garantizar el buen funcionamiento del sistema web de registro para el Centro de Informaci\u00f3n de Vivienda al Estudiante (CIVE), la Agencia de Colocaci\u00f3n y el Pasaporte Digital, para que sean herramientas clave en la vida universitaria.<\/p>\r\n      <p>Por otro lado, el Consejo de Estudiantes podr\u00e1, a trav\u00e9s de la Mesa del Estudiantado, hacer propuestas de mejora al sistema de becas propiamente financiadas por la Universidad de Oviedo. El \u00f3rgano de representaci\u00f3n estudiantil tendr\u00e1, tambi\u00e9n, representaci\u00f3n permanente en las reuniones de la Comisi\u00f3n de Coordinaci\u00f3n con Centros, Institutos y Departamentos y, de igual forma, podr\u00e1 elevar propuestas a la Comisi\u00f3n de Coordinaci\u00f3n y Direcci\u00f3n a trav\u00e9s del delegado del rector para la Coordinaci\u00f3n y las Relaciones Institucionales.<\/p>\r\n      <p>Asimismo, el Consejo de Estudiantes, a trav\u00e9s del Vicerrectorado de Estudiantes y Empleabilidad, podr\u00e1 plantear mejoras relacionadas con la estructura de las p\u00e1ginas web de centros universitarios, cuya implementaci\u00f3n ser\u00e1 estudiada. Por \u00faltimo, ambas partes se comprometen a dise\u00f1ar y elevar una nueva propuesta de Reglamento para el funcionamiento de la Mesa del Estudiantado que garantice su dinamizaci\u00f3n y la convierta en una estructura m\u00e1s funcional y \u00fatil.<\/p>\r\n      <p>El presente acuerdo refleja la estrecha colaboraci\u00f3n entre el Rectorado y el Consejo de Estudiantes de la Universidad de Oviedo para caminar unidos hacia la consecuci\u00f3n de una instituci\u00f3n acad\u00e9mica m\u00e1s moderna e inclusiva, que garantice una vida universitaria activa y mantenga abiertos los canales de comunicaci\u00f3n para fomentar el bienestar de toda la comunidad universitaria.<\/p>\r\n    <\/article>\r\n\r\n    <nav class=\"cta\" aria-label=\"Acciones\">\r\n      <a class=\"btn\" href=\"https:\/\/www.unioviedo.es\/cestudiantes\/wp-content\/uploads\/2025\/01\/Acuerdo-con-el-Rector.pdf\" target=\"_blank\" rel=\"noopener\">Acceder al acuerdo (PDF)<\/a>\r\n      <a class=\"btn\" href=\"https:\/\/www.uniovi.es\/documents\/39158\/10298362\/2025-01-17-audio-rector-consejo-estudiantes.mp3\/5d8f9f64-8f8e-c95d-94ed-a0279c986a8b?t=1737114132198\" target=\"_blank\" rel=\"noopener\">Audio del Rector<\/a>\r\n      <a class=\"btn\" href=\"https:\/\/www.unioviedo.es\/cestudiantes\/wp-content\/uploads\/2025\/01\/2025-01-17-audio-jesus-consejo-estudiantes.mp3\" target=\"_blank\" rel=\"noopener\">Audio del Presidente del Consejo<\/a>\r\n      <a class=\"btn secondary\" href=\"https:\/\/www.unioviedo.es\/cestudiantes\/index.php\/comunicados\/\">Volver a \u201cComunicados\u201d<\/a>\r\n    <\/nav>\r\n  <\/div>\r\n<\/section>\r\n<!-- ======= \/FIN ======= -->\r\n\t\t\t\t<\/div>\n\t\t\t\t<\/div>\n\t\t\t\t\t<\/div>\n\t\t<\/div>\n\t\t\t\t\t<\/div>\n\t\t<\/section>\n\t\t\t\t<\/div>\n\t\t","protected":false},"excerpt":{"rendered":"<p>Comunicado sobre la firma del acuerdo con el Rector Rectorado y Consejo de Estudiantes refuerzan la participaci\u00f3n estudiantil y la mejora de servicios clave. En Oviedo a 11 de octubre de 2024.- El rector de la Universidad de Oviedo, Ignacio Villaverde, y el presidente del Consejo de Estudiantes, Jes\u00fas Vera, han firmado este viernes un&hellip;&nbsp;<a href=\"https:\/\/www.unioviedo.es\/cestudiantes\/index.php\/comunicado-sobre-la-firma-de-acuerdo-con-el-rector\/\" rel=\"bookmark\">Leer m\u00e1s &raquo;<span class=\"screen-reader-text\">Comunicado sobre la firma de acuerdo con el Rector<\/span><\/a><\/p>\n","protected":false},"author":1,"featured_media":0,"parent":0,"menu_order":0,"comment_status":"closed","ping_status":"closed","template":"page-templates\/template-pagebuilder-full-width.php","meta":{"neve_meta_sidebar":"","neve_meta_container":"","neve_meta_enable_content_width":"off","neve_meta_content_width":100,"neve_meta_title_alignment":"","neve_meta_author_avatar":"","neve_post_elements_order":"","neve_meta_disable_header":"","neve_meta_disable_footer":"","neve_meta_disable_title":"","footnotes":""},"class_list":["post-10760","page","type-page","status-publish","hentry"],"_links":{"self":[{"href":"https:\/\/www.unioviedo.es\/cestudiantes\/index.php\/wp-json\/wp\/v2\/pages\/10760","targetHints":{"allow":["GET"]}}],"collection":[{"href":"https:\/\/www.unioviedo.es\/cestudiantes\/index.php\/wp-json\/wp\/v2\/pages"}],"about":[{"href":"https:\/\/www.unioviedo.es\/cestudiantes\/index.php\/wp-json\/wp\/v2\/types\/page"}],"author":[{"embeddable":true,"href":"https:\/\/www.unioviedo.es\/cestudiantes\/index.php\/wp-json\/wp\/v2\/users\/1"}],"replies":[{"embeddable":true,"href":"https:\/\/www.unioviedo.es\/cestudiantes\/index.php\/wp-json\/wp\/v2\/comments?post=10760"}],"version-history":[{"count":3,"href":"https:\/\/www.unioviedo.es\/cestudiantes\/index.php\/wp-json\/wp\/v2\/pages\/10760\/revisions"}],"predecessor-version":[{"id":16862,"href":"https:\/\/www.unioviedo.es\/cestudiantes\/index.php\/wp-json\/wp\/v2\/pages\/10760\/revisions\/16862"}],"wp:attachment":[{"href":"https:\/\/www.unioviedo.es\/cestudiantes\/index.php\/wp-json\/wp\/v2\/media?parent=10760"}],"curies":[{"name":"wp","href":"https:\/\/api.w.org\/{rel}","templated":true}]}}