{"id":10989,"date":"2025-02-27T10:47:04","date_gmt":"2025-02-27T10:47:04","guid":{"rendered":"https:\/\/www.unioviedo.es\/cestudiantes\/?page_id=10989"},"modified":"2025-11-09T17:43:13","modified_gmt":"2025-11-09T17:43:13","slug":"comunicado-sobre-la-semana-de-las-asociaciones","status":"publish","type":"page","link":"https:\/\/www.unioviedo.es\/cestudiantes\/index.php\/comunicado-sobre-la-semana-de-las-asociaciones\/","title":{"rendered":"Comunicado sobre la Semana de las Asociaciones"},"content":{"rendered":"\t\t<div data-elementor-type=\"wp-page\" data-elementor-id=\"10989\" class=\"elementor elementor-10989\">\n\t\t\t\t\t\t<section class=\"elementor-section elementor-top-section elementor-element elementor-element-c2d7f3e elementor-section-boxed elementor-section-height-default elementor-section-height-default\" data-id=\"c2d7f3e\" data-element_type=\"section\" data-e-type=\"section\">\n\t\t\t\t\t\t<div class=\"elementor-container elementor-column-gap-default\">\n\t\t\t\t\t<div class=\"elementor-column elementor-col-100 elementor-top-column elementor-element elementor-element-23f219f\" data-id=\"23f219f\" data-element_type=\"column\" data-e-type=\"column\">\n\t\t\t<div class=\"elementor-widget-wrap elementor-element-populated\">\n\t\t\t\t\t\t<div class=\"elementor-element elementor-element-2bab72a elementor-widget elementor-widget-html\" data-id=\"2bab72a\" data-element_type=\"widget\" data-e-type=\"widget\" data-widget_type=\"html.default\">\n\t\t\t\t<div class=\"elementor-widget-container\">\n\t\t\t\t\t<!-- ======= FERIA DE ASOCIACIONES \u00b7 Nota de prensa (scope: #feria-brief) ======= -->\r\n<section id=\"feria-brief\" lang=\"es\" aria-labelledby=\"feria-title\">\r\n  <style>\r\n    \/* ===== Scope total: solo afecta a #feria-brief ===== *\/\r\n    #feria-brief{\r\n      --brand:#03827C; --brand2:#0fb9b1; --ink:#0f172a; --muted:#475569;\r\n      --bg:#ffffff; --bg-soft:#f7fffd; --line:rgba(2,6,23,.10); --ring:rgba(3,130,124,.38);\r\n      --shadow:0 22px 60px rgba(2,6,23,.10);\r\n      --radius-xl:26px; --radius:18px; --space:clamp(12px,2vw,24px); --w:1100px;\r\n      --h1:clamp(26px,3vw,44px); --text:clamp(15px,1.35vw,17px);\r\n      font-family:ui-sans-serif,system-ui,-apple-system,\"Segoe UI\",Roboto,Arial,sans-serif;\r\n      color:var(--ink); padding:clamp(12px,2vw,26px); background:linear-gradient(180deg,#fff,#f7fffd);\r\n      text-rendering:optimizeLegibility; -webkit-font-smoothing:antialiased;\r\n    }\r\n    #feria-brief *{ box-sizing:border-box }\r\n    #feria-brief a{ color:inherit; text-decoration:none }\r\n    #feria-brief .wrap{ max-width:var(--w); margin:0 auto }\r\n\r\n    \/* ===== Hero con grid ===== *\/\r\n    #feria-brief .hero{\r\n      border:1px solid var(--line); border-radius:var(--radius-xl);\r\n      background:\r\n        linear-gradient(180deg,rgba(255,255,255,.92),rgba(247,255,253,.98)) padding-box,\r\n        linear-gradient(180deg,rgba(3,130,124,.28),rgba(15,185,177,.28)) border-box;\r\n      overflow:hidden; box-shadow:var(--shadow);\r\n      padding:clamp(18px,2.4vw,30px);\r\n      display:grid; grid-template-columns:1.4fr 1fr; gap:clamp(16px,2.4vw,28px); align-items:center;\r\n    }\r\n    #feria-brief h1{\r\n      margin:0; font-size:var(--h1); line-height:1.06; font-weight:900; letter-spacing:.2px;\r\n      background:linear-gradient(90deg,var(--brand),var(--brand2));\r\n      -webkit-background-clip:text; background-clip:text; color:transparent; text-wrap:balance;\r\n    }\r\n\r\n    \/* ===== V\u00eddeo m\u00e1s peque\u00f1o en PC y tablet. Sin desbordes. ===== *\/\r\n    #feria-brief .media{\r\n      margin:0; border-radius:22px; overflow:hidden; border:1px solid var(--line);\r\n      background:#fff; box-shadow:0 14px 36px rgba(2,6,23,.10);\r\n      width:100%; display:grid; place-items:center; padding:10px; justify-self:end;\r\n      max-width:clamp(200px, 24vw, 300px);   \/* m\u00f3vil\/tablet peque\u00f1o *\/\r\n      max-height:clamp(180px, 36vh, 320px);  \/* limita la altura para que no se desborde *\/\r\n    }\r\n    #feria-brief .media video{\r\n      display:block; width:auto; height:auto;\r\n      max-width:100%; max-height:100%;\r\n      object-fit:contain; background:#fff; border-radius:14px;\r\n    }\r\n    \/* Tablet (\u2265561px y \u2264980px): un poco m\u00e1s contenida *\/\r\n    @media (min-width:561px) and (max-width:980px){\r\n      #feria-brief .media{ max-width:260px; max-height:280px }\r\n    }\r\n    \/* Desktop (\u2265981px): a\u00fan m\u00e1s contenida *\/\r\n    @media (min-width:981px){\r\n      #feria-brief .media{ max-width:240px; max-height:260px }\r\n    }\r\n\r\n    \/* ===== Contenido ===== *\/\r\n    #feria-brief .content{\r\n      margin:clamp(16px,2.6vw,30px) 0 0;\r\n      border:1px solid var(--line); border-radius:22px; background:#fff; box-shadow:var(--shadow);\r\n      padding:clamp(16px,2.2vw,22px);\r\n    }\r\n    #feria-brief .content p{\r\n      font-size:var(--text); line-height:1.78; margin:0 0 1.05rem; color:var(--ink);\r\n      text-align:justify; text-justify:inter-word; hyphens:auto; overflow-wrap:anywhere;\r\n    }\r\n    #feria-brief .content p:first-child::first-letter{\r\n      float:left; font-weight:900; font-size:2.6em; line-height:.9; margin:.04em .22em 0 0;\r\n      background:linear-gradient(180deg,var(--brand),var(--brand2));\r\n      -webkit-background-clip:text; background-clip:text; color:transparent;\r\n    }\r\n\r\n    \/* ===== CTAs ===== *\/\r\n    #feria-brief .cta{\r\n      display:grid; grid-template-columns:repeat(3,minmax(0,1fr)); gap:14px; margin:clamp(14px,2.2vw,22px) 0 0;\r\n    }\r\n    #feria-brief .btn{\r\n      display:flex; align-items:center; justify-content:center; padding:14px 16px;\r\n      border-radius:16px; font-weight:800; letter-spacing:.2px; text-align:center;\r\n      background:\r\n        linear-gradient(180deg,#ffffff,#f4fbf8) padding-box,\r\n        linear-gradient(180deg,rgba(3,130,124,.38),rgba(15,185,177,.38)) border-box;\r\n      border:1px solid transparent; box-shadow:0 14px 34px rgba(2,6,23,.14);\r\n      transition:transform .18s ease, box-shadow .18s ease, background .18s ease;\r\n    }\r\n    #feria-brief .btn:hover{ transform:translateY(-2px); box-shadow:0 20px 44px rgba(2,6,23,.18) }\r\n    #feria-brief .btn.secondary{\r\n      background:\r\n        linear-gradient(180deg,#ffffff,#fafafa) padding-box,\r\n        linear-gradient(180deg,rgba(2,6,23,.22),rgba(2,6,23,.14)) border-box;\r\n    }\r\n    #feria-brief .btn:focus-visible, #feria-brief a:focus-visible{\r\n      outline:3px solid var(--ring); outline-offset:2px; border-radius:16px\r\n    }\r\n\r\n    \/* ===== Responsive ===== *\/\r\n    @media (max-width: 980px){\r\n      #feria-brief .hero{ grid-template-columns:1fr }\r\n      #feria-brief .media{ justify-self:center }\r\n      #feria-brief .cta{ grid-template-columns:1fr }\r\n    }\r\n\r\n    \/* ===== Print ===== *\/\r\n    @media print{\r\n      #feria-brief{ background:#fff; padding:0 }\r\n      #feria-brief .hero, #feria-brief .content{ box-shadow:none; border:0 }\r\n      #feria-brief .cta{ display:none }\r\n    }\r\n  <\/style>\r\n\r\n  <div class=\"wrap\">\r\n    <header class=\"hero\">\r\n      <div>\r\n        <h1 id=\"feria-title\">La Feria de Asociaciones de la Universidad de Oviedo recorrer\u00e1 los campus para acercar el asociacionismo al estudiantado<\/h1>\r\n      <\/div>\r\n\r\n      <figure class=\"media\" aria-label=\"V\u00eddeo de la Feria de Asociaciones\">\r\n        <video\r\n          src=\"https:\/\/www.unioviedo.es\/cestudiantes\/wp-content\/uploads\/2025\/02\/FERIA-DE-ASOCIACIONES.mp4\"\r\n          autoplay\r\n          muted\r\n          playsinline\r\n          controls\r\n          preload=\"metadata\"\r\n          controlslist=\"nodownload\"\r\n          aria-label=\"V\u00eddeo informativo de la Feria de Asociaciones\">\r\n        <\/video>\r\n      <\/figure>\r\n    <\/header>\r\n\r\n    <article class=\"content\">\r\n      <p><strong>En Oviedo, a 7 de febrero de 2025.-<\/strong> La Universidad de Oviedo acoger\u00e1 la tercera edici\u00f3n de la Feria de Asociaciones de Estudiantes, evento coordinado por el Consejo de Estudiantes con el objetivo de fomentar la participaci\u00f3n del estudiantado y dar visibilidad al tejido asociativo universitario. La feria se desarrollar\u00e1 del 10 al 13 de febrero y contar\u00e1 con la participaci\u00f3n de diversas asociaciones de estudiantes universitarios que tendr\u00e1n la oportunidad de presentar sus actividades e invitar al estudiantado a formar parte de sus proyectos.<\/p>\r\n      <p>La Feria de Asociaciones se realizar\u00e1, por primera vez en la instituci\u00f3n, en varios centros, de varios campus y de varias ciudades. Esta Semana del Asociacionismo se enmarca en el Primer Plan de Participaci\u00f3n Estudiantil (aprobado por el Consejo de Gobierno el 31 de octubre de 2024) y busca reforzar la implicaci\u00f3n del estudiantado en la vida universitaria a trav\u00e9s de agrupaciones que promueven iniciativas culturales, acad\u00e9micas, sociales y deportivas. La programaci\u00f3n se distribuir\u00e1 por distintos campus con el objetivo de facilitar el acceso al mayor n\u00famero de estudiantes. El lunes, 10 de febrero, las actividades se desarrollar\u00e1n en la Facultad de Ciencias en el campus de Llamaquique. El martes, 11 de febrero, la feria se trasladar\u00e1 a los campus del Cristo A y Cristo B en la Facultad de Biolog\u00eda y la Facultad de Econom\u00eda y Empresa. El mi\u00e9rcoles, 12 de febrero, se celebrar\u00e1 en la Escuela Polit\u00e9cnica de Ingenier\u00eda de Gij\u00f3n y, finalmente, el jueves, 13 de febrero, la Facultad de Comercio, Turismo y Ciencias Sociales Jovellanos acoger\u00e1 la jornada de clausura.<\/p>\r\n      <p>Desde el Consejo de Estudiantes destacan la importancia de este evento como punto de encuentro entre el estudiantado y las asociaciones. \u201cEl asociacionismo universitario no solo permite que los estudiantes se impliquen en la vida acad\u00e9mica y social de la universidad, sino que tambi\u00e9n les brinda la oportunidad de desarrollar habilidades y competencias que complementan su formaci\u00f3n\u201d, afirma el presidente del \u00f3rgano de representaci\u00f3n estudiantil, Jes\u00fas Vera.<\/p>\r\n      <p>La directora del \u00e1rea de Participaci\u00f3n y Apoyo al Estudiantado, Eva Mar\u00eda del Valle Su\u00e1rez, subscribe las palabras de Jes\u00fas Vera y, adem\u00e1s, afirma que \u201cLas Asociaciones de Estudiantes son un reflejo de las m\u00faltiples inquietudes de nuestro estudiantado que van m\u00e1s all\u00e1 del \u00e1mbito puramente acad\u00e9mico. Con sus actividades insuflan vida a la Universidad de Oviedo y eso es algo que buscamos desde esta direcci\u00f3n de \u00e1rea, que los estudiantes vivan la Universidad\u201d.<\/p>\r\n      <p>El evento contar\u00e1 con stands informativos en los que las asociaciones participantes presentar\u00e1n sus proyectos y explicar\u00e1n su labor dentro de la Universidad de Oviedo. Adem\u00e1s, se habilitar\u00e1n espacios para la interacci\u00f3n entre los estudiantes y los miembros de las asociaciones, con el objetivo de resolver dudas y animar a la participaci\u00f3n.<\/p>\r\n      <p>En esta edici\u00f3n, han participado Asociaci\u00f3n ESN (Erasmus Student Network), Asociaci\u00f3n de Estudiantes de F\u00edsica de Asturias, Asociaci\u00f3n de Estudiantes de Matem\u00e1ticas de Asturias, Asociaci\u00f3n Juvenil \u00abAsturTalent\u00bb, Asociaci\u00f3n Juvenil J\u00f3venes por el Motociclismo (WOLFAST), Asociaci\u00f3n Tuna Femenina de Oviedo, Asociaci\u00f3n 4SPACE, Club de Debate de Asturias, Etech Racing Asociaci\u00f3n Juvenil, Tuna del Distrito Universitario de Oviedo, Asociaci\u00f3n de estudiantes de ingenier\u00eda (SAS) y la Asociaci\u00f3n de Biotecn\u00f3logos de Asturias.<\/p>\r\n      <p>La Feria de Asociaciones se ha consolidado en los \u00faltimos a\u00f1os como una de las iniciativas m\u00e1s relevantes en materia de participaci\u00f3n estudiantil, ofreciendo un espacio de visibilidad y di\u00e1logo para las entidades que trabajan activamente dentro de la universidad. Con cada edici\u00f3n, el evento busca fortalecer el asociacionismo y facilitar el acceso a nuevas oportunidades de implicaci\u00f3n en la vida universitaria.<\/p>\r\n    <\/article>\r\n\r\n    <nav class=\"cta\" aria-label=\"Acciones\">\r\n      <a class=\"btn\" href=\"https:\/\/www.unioviedo.es\/cestudiantes\/wp-content\/uploads\/2025\/02\/NP-Feria-Asociaciones.docx\" target=\"_blank\" rel=\"noopener\">Acceder al documento<\/a>\r\n      <a class=\"btn secondary\" href=\"https:\/\/www.unioviedo.es\/cestudiantes\/index.php\/feria-asociaciones\/\" target=\"_blank\" rel=\"noopener\">Sobre la feria<\/a>\r\n      <a class=\"btn secondary\" href=\"https:\/\/www.unioviedo.es\/cestudiantes\/index.php\/comunicados\/\">Volver a \u201cComunicados\u201d<\/a>\r\n    <\/nav>\r\n  <\/div>\r\n<\/section>\r\n<!-- ======= \/FIN ======= -->\r\n\t\t\t\t<\/div>\n\t\t\t\t<\/div>\n\t\t\t\t\t<\/div>\n\t\t<\/div>\n\t\t\t\t\t<\/div>\n\t\t<\/section>\n\t\t\t\t<\/div>\n\t\t","protected":false},"excerpt":{"rendered":"<p>La Feria de Asociaciones de la Universidad de Oviedo recorrer\u00e1 los campus para acercar el asociacionismo al estudiantado En Oviedo, a 7 de febrero de 2025.- La Universidad de Oviedo acoger\u00e1 la tercera edici\u00f3n de la Feria de Asociaciones de Estudiantes, evento coordinado por el Consejo de Estudiantes con el objetivo de fomentar la participaci\u00f3n&hellip;&nbsp;<a href=\"https:\/\/www.unioviedo.es\/cestudiantes\/index.php\/comunicado-sobre-la-semana-de-las-asociaciones\/\" rel=\"bookmark\">Leer m\u00e1s &raquo;<span class=\"screen-reader-text\">Comunicado sobre la Semana de las Asociaciones<\/span><\/a><\/p>\n","protected":false},"author":1,"featured_media":0,"parent":0,"menu_order":0,"comment_status":"closed","ping_status":"closed","template":"page-templates\/template-pagebuilder-full-width.php","meta":{"neve_meta_sidebar":"","neve_meta_container":"","neve_meta_enable_content_width":"off","neve_meta_content_width":100,"neve_meta_title_alignment":"","neve_meta_author_avatar":"","neve_post_elements_order":"","neve_meta_disable_header":"","neve_meta_disable_footer":"","neve_meta_disable_title":"","footnotes":""},"class_list":["post-10989","page","type-page","status-publish","hentry"],"_links":{"self":[{"href":"https:\/\/www.unioviedo.es\/cestudiantes\/index.php\/wp-json\/wp\/v2\/pages\/10989","targetHints":{"allow":["GET"]}}],"collection":[{"href":"https:\/\/www.unioviedo.es\/cestudiantes\/index.php\/wp-json\/wp\/v2\/pages"}],"about":[{"href":"https:\/\/www.unioviedo.es\/cestudiantes\/index.php\/wp-json\/wp\/v2\/types\/page"}],"author":[{"embeddable":true,"href":"https:\/\/www.unioviedo.es\/cestudiantes\/index.php\/wp-json\/wp\/v2\/users\/1"}],"replies":[{"embeddable":true,"href":"https:\/\/www.unioviedo.es\/cestudiantes\/index.php\/wp-json\/wp\/v2\/comments?post=10989"}],"version-history":[{"count":3,"href":"https:\/\/www.unioviedo.es\/cestudiantes\/index.php\/wp-json\/wp\/v2\/pages\/10989\/revisions"}],"predecessor-version":[{"id":16865,"href":"https:\/\/www.unioviedo.es\/cestudiantes\/index.php\/wp-json\/wp\/v2\/pages\/10989\/revisions\/16865"}],"wp:attachment":[{"href":"https:\/\/www.unioviedo.es\/cestudiantes\/index.php\/wp-json\/wp\/v2\/media?parent=10989"}],"curies":[{"name":"wp","href":"https:\/\/api.w.org\/{rel}","templated":true}]}}