{"id":11324,"date":"2025-03-19T13:42:28","date_gmt":"2025-03-19T13:42:28","guid":{"rendered":"https:\/\/www.unioviedo.es\/cestudiantes\/?page_id=11324"},"modified":"2025-11-08T16:20:19","modified_gmt":"2025-11-08T16:20:19","slug":"pae-puntos-de-informacion","status":"publish","type":"page","link":"https:\/\/www.unioviedo.es\/cestudiantes\/index.php\/pae-puntos-de-informacion\/","title":{"rendered":"PAE &#8211; Puntos de informaci\u00f3n"},"content":{"rendered":"\t\t<div data-elementor-type=\"wp-page\" data-elementor-id=\"11324\" class=\"elementor elementor-11324\">\n\t\t\t\t\t\t<section class=\"elementor-section elementor-top-section elementor-element elementor-element-71da18b elementor-section-boxed elementor-section-height-default elementor-section-height-default\" data-id=\"71da18b\" data-element_type=\"section\" data-e-type=\"section\">\n\t\t\t\t\t\t<div class=\"elementor-container elementor-column-gap-default\">\n\t\t\t\t\t<div class=\"elementor-column elementor-col-100 elementor-top-column elementor-element elementor-element-0a1a220\" data-id=\"0a1a220\" data-element_type=\"column\" data-e-type=\"column\">\n\t\t\t<div class=\"elementor-widget-wrap elementor-element-populated\">\n\t\t\t\t\t\t<div class=\"elementor-element elementor-element-cb93929 elementor-widget elementor-widget-html\" data-id=\"cb93929\" data-element_type=\"widget\" data-e-type=\"widget\" data-widget_type=\"html.default\">\n\t\t\t\t<div class=\"elementor-widget-container\">\n\t\t\t\t\t<!DOCTYPE html>\r\n<html lang=\"es\">\r\n<head>\r\n  <meta charset=\"UTF-8\">\r\n  <title>UniVibes Widget Interactivo<\/title>\r\n  <style>\r\n    \/* Contenedor principal: ancho m\u00e1ximo de 1200px *\/\r\n    #uni-widget {\r\n      font-family: \"Helvetica Neue\", Arial, sans-serif;\r\n      max-width: 1200px;\r\n      width: 100%;\r\n      margin: 20px auto;\r\n      padding: 20px;\r\n      background: #fff;\r\n      border: 1px solid #ddd;\r\n      border-radius: 8px;\r\n      box-shadow: 0 2px 6px rgba(0, 0, 0, 0.1);\r\n      position: relative;\r\n    }\r\n    \/* Modal para ampliar im\u00e1genes *\/\r\n    #uni-modal {\r\n      display: none;\r\n      position: fixed;\r\n      z-index: 1000;\r\n      left: 0;\r\n      top: 0;\r\n      width: 100%;\r\n      height: 100%;\r\n      overflow: auto;\r\n      background-color: rgba(0,0,0,0.8);\r\n      align-items: center;\r\n      justify-content: center;\r\n    }\r\n    #uni-modal img {\r\n      max-width: 90%;\r\n      max-height: 90%;\r\n      border-radius: 8px;\r\n    }\r\n    \/* Banner principal *\/\r\n    #uni-widget .banner {\r\n      text-align: center;\r\n      margin-bottom: 20px;\r\n    }\r\n    #uni-widget .banner img {\r\n      width: 100%;\r\n      max-width: 100%;\r\n      height: auto;\r\n      border-radius: 8px;\r\n      cursor: pointer;\r\n      transition: transform 0.3s;\r\n    }\r\n    #uni-widget .banner img:hover {\r\n      transform: scale(1.02);\r\n    }\r\n    \/* Secci\u00f3n descriptiva: dos columnas, texto e im\u00e1genes integradas *\/\r\n    #uni-widget .description {\r\n      display: flex;\r\n      flex-wrap: wrap;\r\n      gap: 20px;\r\n      margin-bottom: 30px;\r\n    }\r\n    #uni-widget .description .desc-text {\r\n      flex: 1 1 300px;\r\n      text-align: justify;\r\n    }\r\n    #uni-widget .description .desc-text h1 {\r\n      font-size: 2.2rem;\r\n      color: #00827C;\r\n      text-align: center;\r\n      margin-bottom: 10px;\r\n      border-bottom: 2px solid #6EC1E4;\r\n      padding-bottom: 10px;\r\n    }\r\n    #uni-widget .description .desc-images {\r\n      flex: 0 0 300px;\r\n      display: flex;\r\n      flex-direction: column;\r\n      gap: 10px;\r\n    }\r\n    #uni-widget .description .desc-images img {\r\n      width: 100%;\r\n      height: auto;\r\n      border: 1px solid #6EC1E4;\r\n      border-radius: 8px;\r\n      cursor: pointer;\r\n      transition: transform 0.3s;\r\n    }\r\n    #uni-widget .description .desc-images img:hover {\r\n      transform: scale(1.05);\r\n    }\r\n    \/* Secci\u00f3n de programa y detalles *\/\r\n    #uni-widget .schedule {\r\n      margin-bottom: 20px;\r\n    }\r\n    #uni-widget .schedule h2 {\r\n      color: #00827C;\r\n      margin-bottom: 15px;\r\n      font-size: 1.6rem;\r\n      text-align: center;\r\n    }\r\n    \/* Bloques de d\u00edas *\/\r\n    #uni-widget .day {\r\n      background-color: #f9f9f9;\r\n      padding: 15px;\r\n      border-left: 4px solid #00827C;\r\n      margin-bottom: 15px;\r\n      border-radius: 4px;\r\n    }\r\n    #uni-widget .day h3 {\r\n      margin-top: 0;\r\n      color: #00827C;\r\n      font-size: 1.3rem;\r\n      margin-bottom: 10px;\r\n    }\r\n    #uni-widget .day h4 {\r\n      margin-bottom: 5px;\r\n      font-size: 1.1rem;\r\n      color: #333;\r\n    }\r\n    #uni-widget .day ul {\r\n      margin: 0 0 15px 0;\r\n      padding-left: 25px;\r\n    }\r\n    #uni-widget .day ul li {\r\n      margin-bottom: 5px;\r\n      position: relative;\r\n    }\r\n    #uni-widget .day ul li::before {\r\n      content: \"\ud83d\udccd\";\r\n      position: absolute;\r\n      left: -25px;\r\n    }\r\n    \/* Adaptabilidad para tablet y m\u00f3vil *\/\r\n    @media (max-width: 768px) {\r\n      #uni-widget .description {\r\n        flex-direction: column;\r\n      }\r\n      #uni-widget .description .desc-images {\r\n        flex-direction: row;\r\n        flex-wrap: wrap;\r\n        justify-content: center;\r\n      }\r\n      #uni-widget .description .desc-images img {\r\n        flex: 1 1 calc(50% - 10px);\r\n        max-width: calc(50% - 10px);\r\n      }\r\n    }\r\n    @media (max-width: 480px) {\r\n      #uni-widget .description .desc-images {\r\n        flex-direction: column;\r\n      }\r\n      #uni-widget .description .desc-images img {\r\n        flex: 1 1 100%;\r\n        max-width: 100%;\r\n      }\r\n      #uni-widget .description .desc-text h1 {\r\n        font-size: 1.8rem;\r\n      }\r\n    }\r\n  <\/style>\r\n<\/head>\r\n<body>\r\n  <div id=\"uni-widget\">\r\n    <!-- Modal para ampliar im\u00e1genes -->\r\n    <div id=\"uni-modal\" onclick=\"this.style.display='none'\">\r\n      <img decoding=\"async\" id=\"modal-img\" src=\"\" alt=\"Imagen ampliada\">\r\n    <\/div>\r\n\r\n    <!-- Banner principal -->\r\n    <div class=\"banner\">\r\n      <img decoding=\"async\" src=\"https:\/\/www.unioviedo.es\/cestudiantes\/wp-content\/uploads\/2025\/03\/UniVibes.png\" alt=\"Banner UniVibes\" class=\"modal-trigger\">\r\n    <\/div>\r\n\r\n    <!-- Secci\u00f3n descriptiva -->\r\n    <div class=\"description\">\r\n      <div class=\"desc-text\">\r\n        <h1>Jornadas por la Salud Mental<\/h1>\r\n        <p>\r\n          AfforHealth presenta <strong>UniVibes<\/strong>, un encuentro dedicado a impulsar el bienestar emocional en la Universidad de Oviedo.\r\n          Vive conferencias, talleres interactivos y espacios de consulta directa con expertos, dise\u00f1ados para ayudarte a gestionar el estr\u00e9s \r\n          y fortalecer tu equilibrio personal.\r\n        <\/p>\r\n        <p>\r\n          <strong>Fechas:<\/strong> 25, 26 y 27 de marzo.\r\n        <\/p>\r\n        <p>\r\n          Sum\u00e9rgete en esta experiencia que combina recursos innovadores y un enfoque humano para transformar tu d\u00eda a d\u00eda.\r\n        <\/p>\r\n      <\/div>\r\n      <div class=\"desc-images\">\r\n        <img decoding=\"async\" src=\"https:\/\/www.unioviedo.es\/cestudiantes\/wp-content\/uploads\/2025\/03\/Formato-IG-1-1080-x-1350-px.png\" alt=\"Formato IG 1\" class=\"modal-trigger\">\r\n      <\/div>\r\n    <\/div>\r\n\r\n    <!-- Secci\u00f3n de programa y detalles -->\r\n    <div class=\"schedule\">\r\n      <h2>Programa y Ubicaci\u00f3n<\/h2>\r\n      \r\n      <!-- Martes 25 de marzo -->\r\n      <div class=\"day\">\r\n        <h3>Martes 25 de marzo<\/h3>\r\n        <h4>Puntos informativos<\/h4>\r\n        <ul>\r\n          <li>9:00 - 12:00: Campus de Gij\u00f3n \u2013 Edificio Polivalente<\/li>\r\n          <li>12:30 - 15:30: Campus de Gij\u00f3n \u2013 Aulario Sur<\/li>\r\n        <\/ul>\r\n        <h4>Conferencias (Aula Magna, Aulario Sur)<\/h4>\r\n        <ul>\r\n          <li>12:00 - Gesti\u00f3n del estr\u00e9s en \u00e9poca de ex\u00e1menes<\/li>\r\n          <li>12:30 - T\u00e9cnicas para la mejora de atenci\u00f3n y concentraci\u00f3n<\/li>\r\n          <li>13:00 - Ansiedad y futuro profesional: claves para afrontarlo<\/li>\r\n        <\/ul>\r\n      <\/div>\r\n      \r\n      <!-- Mi\u00e9rcoles 26 de marzo -->\r\n      <div class=\"day\">\r\n        <h3>Mi\u00e9rcoles 26 de marzo<\/h3>\r\n        <h4>Puntos informativos<\/h4>\r\n        <ul>\r\n          <li>9:00 - 12:00: Campus del Cristo B \u2013 Facultad de Qu\u00edmica<\/li>\r\n          <li>12:30 - 15:30: Campus del Cristo A \u2013 Facultad de Econom\u00eda<\/li>\r\n        <\/ul>\r\n        <h4>Conferencias<\/h4>\r\n        <ul>\r\n          <li>11:00 (Aula 15, Fac. de Qu\u00edmica, Cristo B) \u2013 Gesti\u00f3n del estr\u00e9s en \u00e9poca de ex\u00e1menes<\/li>\r\n          <li>11:30 (Aula 15, Fac. de Qu\u00edmica, Cristo B) \u2013 T\u00e9cnicas para la mejora de atenci\u00f3n y concentraci\u00f3n<\/li>\r\n          <li>12:00 (Aula 15, Fac. de Qu\u00edmica, Cristo B) \u2013 Ansiedad y futuro profesional: claves para afrontarlo<\/li>\r\n          <li>13:00 (Aula 48, Fac. de Econom\u00eda, Cristo A) \u2013 Gesti\u00f3n del estr\u00e9s en \u00e9poca de ex\u00e1menes<\/li>\r\n          <li>13:30 (Aula 48, Fac. de Econom\u00eda, Cristo A) \u2013 T\u00e9cnicas para la mejora de atenci\u00f3n y concentraci\u00f3n<\/li>\r\n        <\/ul>\r\n      <\/div>\r\n      \r\n      <!-- Jueves 27 de marzo -->\r\n      <div class=\"day\">\r\n        <h3>Jueves 27 de marzo<\/h3>\r\n        <h4>Puntos informativos<\/h4>\r\n        <ul>\r\n          <li>9:00 - 12:00: Facultad de Filosof\u00eda y Letras \u2013 Aulario<\/li>\r\n          <li>12:30 - 15:30: Campus de Llamaquique \u2013 Facultad de Formaci\u00f3n del Profesorado y Educaci\u00f3n<\/li>\r\n        <\/ul>\r\n        <h4>Conferencias<\/h4>\r\n        <ul>\r\n          <li>11:00 (Aula 02, Campus del Mil\u00e1n) \u2013 Gesti\u00f3n del estr\u00e9s en \u00e9poca de ex\u00e1menes<\/li>\r\n          <li>11:30 (Aula 02, Campus del Mil\u00e1n) \u2013 T\u00e9cnicas para la mejora de atenci\u00f3n y concentraci\u00f3n<\/li>\r\n          <li>12:00 (Aula 02, Campus del Mil\u00e1n) \u2013 Ansiedad y futuro profesional: claves para afrontarlo<\/li>\r\n          <li>13:30 (Sala de Grados, Campus de Llamaquique) \u2013 Gesti\u00f3n del estr\u00e9s en \u00e9poca de ex\u00e1menes<\/li>\r\n          <li>14:00 (Sala de Grados, Campus de Llamaquique) \u2013 T\u00e9cnicas para la mejora de atenci\u00f3n y concentraci\u00f3n<\/li>\r\n          <li>14:30 (Sala de Grados, Campus de Llamaquique) \u2013 Ansiedad y futuro profesional: claves para afrontarlo<\/li>\r\n        <\/ul>\r\n      <\/div>\r\n    <\/div>\r\n  <\/div>\r\n\r\n  <script>\r\n    \/\/ Abre el modal al hacer clic en im\u00e1genes\r\n    document.querySelectorAll('.modal-trigger').forEach(function(img) {\r\n      img.addEventListener('click', function() {\r\n        var modal = document.getElementById('uni-modal');\r\n        var modalImg = document.getElementById('modal-img');\r\n        modalImg.src = this.src;\r\n        modal.style.display = 'flex';\r\n      });\r\n    });\r\n    \/\/ Cierra el modal al pulsar la tecla Escape\r\n    document.addEventListener('keydown', function(e) {\r\n      if (e.key === \"Escape\") {\r\n        document.getElementById('uni-modal').style.display = 'none';\r\n      }\r\n    });\r\n  <\/script>\r\n<\/body>\r\n<\/html>\r\n\t\t\t\t<\/div>\n\t\t\t\t<\/div>\n\t\t\t\t<div class=\"elementor-element elementor-element-051007b elementor-align-center e-transform elementor-widget elementor-widget-button\" data-id=\"051007b\" data-element_type=\"widget\" data-e-type=\"widget\" data-settings=\"{&quot;_transform_scale_effect_hover&quot;:{&quot;unit&quot;:&quot;px&quot;,&quot;size&quot;:1.1,&quot;sizes&quot;:[]},&quot;_transform_scale_effect_hover_tablet&quot;:{&quot;unit&quot;:&quot;px&quot;,&quot;size&quot;:&quot;&quot;,&quot;sizes&quot;:[]},&quot;_transform_scale_effect_hover_mobile&quot;:{&quot;unit&quot;:&quot;px&quot;,&quot;size&quot;:&quot;&quot;,&quot;sizes&quot;:[]}}\" data-widget_type=\"button.default\">\n\t\t\t\t<div class=\"elementor-widget-container\">\n\t\t\t\t\t\t\t\t\t<div class=\"elementor-button-wrapper\">\n\t\t\t\t\t<a class=\"elementor-button elementor-button-link elementor-size-sm\" href=\"https:\/\/www.unioviedo.es\/cestudiantes\/index.php\/atencion-psicologica\/\">\n\t\t\t\t\t\t<span class=\"elementor-button-content-wrapper\">\n\t\t\t\t\t\t\t\t\t<span class=\"elementor-button-text\">Volver<\/span>\n\t\t\t\t\t<\/span>\n\t\t\t\t\t<\/a>\n\t\t\t\t<\/div>\n\t\t\t\t\t\t\t\t<\/div>\n\t\t\t\t<\/div>\n\t\t\t\t\t<\/div>\n\t\t<\/div>\n\t\t\t\t\t<\/div>\n\t\t<\/section>\n\t\t\t\t<\/div>\n\t\t","protected":false},"excerpt":{"rendered":"<p>UniVibes Widget Interactivo Jornadas por la Salud Mental AfforHealth presenta UniVibes, un encuentro dedicado a impulsar el bienestar emocional en la Universidad de Oviedo. Vive conferencias, talleres interactivos y espacios de consulta directa con expertos, dise\u00f1ados para ayudarte a gestionar el estr\u00e9s y fortalecer tu equilibrio personal. Fechas: 25, 26 y 27 de marzo. Sum\u00e9rgete&hellip;&nbsp;<a href=\"https:\/\/www.unioviedo.es\/cestudiantes\/index.php\/pae-puntos-de-informacion\/\" rel=\"bookmark\">Leer m\u00e1s &raquo;<span class=\"screen-reader-text\">PAE &#8211; Puntos de informaci\u00f3n<\/span><\/a><\/p>\n","protected":false},"author":1,"featured_media":0,"parent":0,"menu_order":0,"comment_status":"closed","ping_status":"closed","template":"page-templates\/template-pagebuilder-full-width.php","meta":{"neve_meta_sidebar":"","neve_meta_container":"","neve_meta_enable_content_width":"off","neve_meta_content_width":100,"neve_meta_title_alignment":"","neve_meta_author_avatar":"","neve_post_elements_order":"","neve_meta_disable_header":"","neve_meta_disable_footer":"","neve_meta_disable_title":"","footnotes":""},"class_list":["post-11324","page","type-page","status-publish","hentry"],"_links":{"self":[{"href":"https:\/\/www.unioviedo.es\/cestudiantes\/index.php\/wp-json\/wp\/v2\/pages\/11324","targetHints":{"allow":["GET"]}}],"collection":[{"href":"https:\/\/www.unioviedo.es\/cestudiantes\/index.php\/wp-json\/wp\/v2\/pages"}],"about":[{"href":"https:\/\/www.unioviedo.es\/cestudiantes\/index.php\/wp-json\/wp\/v2\/types\/page"}],"author":[{"embeddable":true,"href":"https:\/\/www.unioviedo.es\/cestudiantes\/index.php\/wp-json\/wp\/v2\/users\/1"}],"replies":[{"embeddable":true,"href":"https:\/\/www.unioviedo.es\/cestudiantes\/index.php\/wp-json\/wp\/v2\/comments?post=11324"}],"version-history":[{"count":3,"href":"https:\/\/www.unioviedo.es\/cestudiantes\/index.php\/wp-json\/wp\/v2\/pages\/11324\/revisions"}],"predecessor-version":[{"id":16651,"href":"https:\/\/www.unioviedo.es\/cestudiantes\/index.php\/wp-json\/wp\/v2\/pages\/11324\/revisions\/16651"}],"wp:attachment":[{"href":"https:\/\/www.unioviedo.es\/cestudiantes\/index.php\/wp-json\/wp\/v2\/media?parent=11324"}],"curies":[{"name":"wp","href":"https:\/\/api.w.org\/{rel}","templated":true}]}}