{"id":11460,"date":"2025-03-27T20:02:04","date_gmt":"2025-03-27T20:02:04","guid":{"rendered":"https:\/\/www.unioviedo.es\/cestudiantes\/?page_id=11460"},"modified":"2025-11-02T22:33:49","modified_gmt":"2025-11-02T22:33:49","slug":"tramite-solicitud-generica-representantes","status":"publish","type":"page","link":"https:\/\/www.unioviedo.es\/cestudiantes\/index.php\/tramite-solicitud-generica-representantes\/","title":{"rendered":"Tramite &#8211; Solicitud Gen\u00e9rica Representantes"},"content":{"rendered":"\t\t<div data-elementor-type=\"wp-page\" data-elementor-id=\"11460\" class=\"elementor elementor-11460\">\n\t\t\t\t\t\t<section class=\"elementor-section elementor-top-section elementor-element elementor-element-4f017a6 elementor-section-boxed elementor-section-height-default elementor-section-height-default\" data-id=\"4f017a6\" data-element_type=\"section\" data-e-type=\"section\">\n\t\t\t\t\t\t<div class=\"elementor-container elementor-column-gap-default\">\n\t\t\t\t\t<div class=\"elementor-column elementor-col-100 elementor-top-column elementor-element elementor-element-6455a97\" data-id=\"6455a97\" data-element_type=\"column\" data-e-type=\"column\">\n\t\t\t<div class=\"elementor-widget-wrap elementor-element-populated\">\n\t\t\t\t\t\t<div class=\"elementor-element elementor-element-222ec01 elementor-widget elementor-widget-html\" data-id=\"222ec01\" data-element_type=\"widget\" data-e-type=\"widget\" data-widget_type=\"html.default\">\n\t\t\t\t<div class=\"elementor-widget-container\">\n\t\t\t\t\t<section id=\"presenta-candidatura\" aria-labelledby=\"pc-title\">\r\n  <div class=\"pc__inner\">\r\n    <header class=\"pc__header\">\r\n      <h2 id=\"pc-title\" class=\"pc__h\">Presentar tu candidatura a representante<\/h2>\r\n      <p class=\"pc__lead\">Elige c\u00f3mo presentar tu candidatura: con firma electr\u00f3nica (recomendado) o de forma presencial.<\/p>\r\n    <\/header>\r\n\r\n    <!-- Telem\u00e1ticamente -->\r\n    <article class=\"pc__card\">\r\n      <div class=\"pc__card-head\">\r\n        <span class=\"pc__badge pc__badge--online\" aria-hidden=\"true\">\r\n          <!-- Icono Firma -->\r\n          <svg width=\"18\" height=\"18\" viewBox=\"0 0 24 24\" fill=\"currentColor\" aria-hidden=\"true\"><path d=\"M3 6.75A2.75 2.75 0 0 1 5.75 4h5.5A2.75 2.75 0 0 1 14 6.75v1.5h4.25A2.75 2.75 0 0 1 21 11v6.25A2.75 2.75 0 0 1 18.25 20H7.75A2.75 2.75 0 0 1 5 17.25v-1.84l-1.66.6a.75.75 0 1 1-.52-1.41l2.18-.79V6.75Zm2.75-1.25a1.25 1.25 0 0 0-1.25 1.25v7.73l1.49-.54a.75.75 0 0 1 .51 0l1.5.54V6.75c0-.69-.56-1.25-1.25-1.25h-1Z\"\/><\/svg>\r\n          Online\r\n        <\/span>\r\n        <h3 class=\"pc__h3\">Telem\u00e1ticamente (con firma electr\u00f3nica)<\/h3>\r\n      <\/div>\r\n      <p>Para presentar la solicitud de manera telem\u00e1tica, hazlo con <strong>firma electr\u00f3nica<\/strong> desde el siguiente enlace:<\/p>\r\n      <p class=\"pc__cta\">\r\n        <a class=\"pc__btn pc__btn--primary\" href=\"https:\/\/euniovi.uniovi.es\/TramitadorSolicitudes\/solicitud\/privado\/presentarSolicitudAutenticado.xhtml?idConvocatoria=59330&amp;config=RECURSOALZADA\" target=\"_blank\" rel=\"noopener\">Ir al tr\u00e1mite<\/a>\r\n      <\/p>\r\n\r\n      <details class=\"pc__details\" open>\r\n        <summary><span>Pasos<\/span><\/summary>\r\n        <ol class=\"pc__steps\">\r\n          <li><strong>Acepta<\/strong> la cl\u00e1usula de protecci\u00f3n de datos y notificaciones electr\u00f3nicas.<\/li>\r\n          <li><strong>Revisa<\/strong> que tus datos personales son correctos.<\/li>\r\n          <li>En \u00ab<strong>Asunto<\/strong>\u00bb selecciona <strong>Otro asunto<\/strong>.<\/li>\r\n          <li>En \u00ab<strong>Destino<\/strong>\u00bb elige <strong>Otro destino \/ Desconozco el destino<\/strong>.<\/li>\r\n          <li>En \u00ab<strong>Expone<\/strong>\u00bb escribe: <em>\u201cCandidatura al Consejo de\u2026 (indica Departamento o Centro)\u201d<\/em>.<\/li>\r\n          <li>En \u00ab<strong>Solicita<\/strong>\u00bb escribe: <em>\u201cQue se tenga por presentado el escrito que adjunto.\u201d<\/em><\/li>\r\n          <li>Adjunta el <strong>PDF de tu candidatura<\/strong> (el que recibiste por correo electr\u00f3nico).<\/li>\r\n          <li><strong>Revisa y confirma<\/strong>. Recibir\u00e1s un justificante de presentaci\u00f3n por correo.<\/li>\r\n        <\/ol>\r\n      <\/details>\r\n\r\n      <div class=\"pc__note\" role=\"note\">\r\n        <strong>Consejo:<\/strong> Ten a mano tu certificado\/clave para firmar y el PDF de candidatura. Si el visor no carga, usa el bot\u00f3n \u00abIr al tr\u00e1mite\u00bb.\r\n      <\/div>\r\n    <\/article>\r\n\r\n    <!-- Presencialmente -->\r\n    <article class=\"pc__card\">\r\n      <div class=\"pc__card-head\">\r\n        <span class=\"pc__badge pc__badge--inperson\" aria-hidden=\"true\">\r\n          <!-- Icono Presencial -->\r\n          <svg width=\"18\" height=\"18\" viewBox=\"0 0 24 24\" fill=\"currentColor\" aria-hidden=\"true\"><path d=\"M12 2a5 5 0 1 1 0 10 5 5 0 0 1 0-10Zm-7 18a7 7 0 0 1 14 0v1H5v-1Z\"\/><\/svg>\r\n          Presencial\r\n        <\/span>\r\n        <h3 class=\"pc__h3\">Presencialmente<\/h3>\r\n      <\/div>\r\n      <p>Si no puedes hacerlo online, <strong>presenta tu candidatura en registro<\/strong> (el PDF que recibiste por email) en cualquiera de las Oficinas de Asistencia, en horario de <strong>9:00 a 14:00<\/strong>:<\/p>\r\n      <p class=\"pc__cta\">\r\n        <a class=\"pc__btn pc__btn--secondary\" href=\"https:\/\/sede.uniovi.es\/sobrelasede\/oficinasasistencia\" target=\"_blank\" rel=\"noopener\">Ver Oficinas<\/a>\r\n      <\/p>\r\n      <div class=\"pc__note pc__note--soft\" role=\"note\">\r\n        Lleva tu <strong>DNI\/NIE<\/strong> y el <strong>PDF impreso o en dispositivo<\/strong>. Solicita justificante de presentaci\u00f3n.\r\n      <\/div>\r\n    <\/article>\r\n  <\/div>\r\n<\/section>\r\n\r\n<style>\r\n  \/* ======================================\r\n     Scope aislado: #presenta-candidatura\r\n     (no afecta al resto del sitio)\r\n     ====================================== *\/\r\n  #presenta-candidatura{\r\n    --brand: #00827C;\r\n    --brand-2: #6EC1E4;\r\n    --ink: #0f172a;\r\n    --muted: #475569;\r\n    --paper: #ffffff;\r\n    --ring: rgba(2,6,23,0.08);\r\n    --ring-strong: rgba(2,6,23,0.12);\r\n    --bg: #ffffff; \/* fondo blanco\/trasparente sobre la p\u00e1gina *\/\r\n    --radius: 18px;\r\n    --shadow: 0 8px 28px rgba(2,6,23,0.10);\r\n    --gap: 18px;\r\n\r\n    background: var(--bg);\r\n    padding: 24px 0 36px;\r\n  }\r\n  #presenta-candidatura .pc__inner{\r\n    max-width: 980px;\r\n    margin: 0 auto;\r\n    padding: 0 16px;\r\n  }\r\n\r\n  \/* Header *\/\r\n  #presenta-candidatura .pc__header{\r\n    text-align: center;\r\n    margin-bottom: 18px;\r\n  }\r\n  #presenta-candidatura .pc__h{\r\n    margin: 0;\r\n    color: var(--ink);\r\n    font-weight: 800;\r\n    letter-spacing: .01em;\r\n    font-size: clamp(1.25rem, 1rem + 1.5vw, 2.1rem);\r\n    line-height: 1.15;\r\n  }\r\n  #presenta-candidatura .pc__h::after{\r\n    content: \"\";\r\n    display: block;\r\n    width: min(140px, 45%);\r\n    height: 6px;\r\n    margin: 12px auto 0;\r\n    border-radius: 999px;\r\n    background: linear-gradient(90deg, var(--brand), var(--brand-2));\r\n    box-shadow: 0 6px 16px rgba(0,0,0,.08);\r\n  }\r\n  #presenta-candidatura .pc__lead{\r\n    margin: 10px auto 0;\r\n    color: var(--muted);\r\n    max-width: 60ch;\r\n    font-size: clamp(.95rem, .9rem + .2vw, 1.05rem);\r\n  }\r\n\r\n  \/* Cards *\/\r\n  #presenta-candidatura .pc__card{\r\n    background: var(--paper);\r\n    border: 1px solid var(--ring);\r\n    border-radius: var(--radius);\r\n    box-shadow: var(--shadow);\r\n    padding: 18px;\r\n    margin-top: 14px;\r\n  }\r\n  #presenta-candidatura .pc__card-head{\r\n    display: flex;\r\n    align-items: center;\r\n    gap: 10px;\r\n    margin-bottom: 10px;\r\n    flex-wrap: wrap;\r\n  }\r\n  #presenta-candidatura .pc__h3{\r\n    margin: 0;\r\n    font-size: clamp(1.05rem, 1rem + .35vw, 1.25rem);\r\n    color: var(--ink);\r\n    font-weight: 750;\r\n  }\r\n\r\n  \/* Badges *\/\r\n  #presenta-candidatura .pc__badge{\r\n    display: inline-flex;\r\n    align-items: center;\r\n    gap: 8px;\r\n    padding: 6px 10px;\r\n    border-radius: 999px;\r\n    font-size: .85rem;\r\n    border: 1px solid var(--ring-strong);\r\n    background: #f8fafc;\r\n    color: var(--ink);\r\n  }\r\n  #presenta-candidatura .pc__badge--online{ background: #eef6f6; color: var(--brand); border-color: #d5ecea; }\r\n  #presenta-candidatura .pc__badge--inperson{ background: #f3f5ff; color: #1e40af; border-color: #dce2ff; }\r\n\r\n  \/* Buttons *\/\r\n  #presenta-candidatura .pc__cta{ margin: 12px 0; }\r\n  #presenta-candidatura .pc__btn{\r\n    --pad: 10px 14px;\r\n    --rad: 12px;\r\n    display: inline-flex;\r\n    align-items: center;\r\n    justify-content: center;\r\n    gap: 8px;\r\n    padding: var(--pad);\r\n    border-radius: var(--rad);\r\n    font-weight: 650;\r\n    text-decoration: none;\r\n    border: 1px solid transparent;\r\n    transition: transform .12s ease, box-shadow .2s ease, background .2s ease, color .2s ease, border-color .2s ease;\r\n    box-shadow: 0 6px 18px rgba(2,6,23,.08);\r\n    cursor: pointer;\r\n    white-space: nowrap;\r\n  }\r\n  #presenta-candidatura .pc__btn:hover{ transform: translateY(-1px); }\r\n  #presenta-candidatura .pc__btn--primary{\r\n    background: linear-gradient(90deg, var(--brand), var(--brand-2));\r\n    color: #fff;\r\n  }\r\n  #presenta-candidatura .pc__btn--secondary{\r\n    background: #ffffff;\r\n    color: var(--ink);\r\n    border-color: var(--ring-strong);\r\n  }\r\n\r\n  \/* Details + Steps *\/\r\n  #presenta-candidatura .pc__details{\r\n    border: 1px dashed var(--ring-strong);\r\n    border-radius: 12px;\r\n    padding: 12px;\r\n    background: #fbfdff;\r\n  }\r\n  #presenta-candidatura .pc__details summary{\r\n    cursor: pointer;\r\n    font-weight: 700;\r\n    color: var(--ink);\r\n    margin-bottom: 8px;\r\n    list-style: none;\r\n  }\r\n  #presenta-candidatura .pc__details summary::-webkit-details-marker{ display: none; }\r\n  #presenta-candidatura .pc__details summary span{\r\n    padding-left: 26px;\r\n    position: relative;\r\n    display: inline-block;\r\n  }\r\n  #presenta-candidatura .pc__details[open] summary span::before,\r\n  #presenta-candidatura .pc__details summary span::before{\r\n    content: \"\u25b8\";\r\n    position: absolute;\r\n    left: 0;\r\n    top: 0;\r\n    transform: translateY(-1px);\r\n    transition: transform .2s ease;\r\n    color: var(--brand);\r\n  }\r\n  #presenta-candidatura .pc__details[open] summary span::before{\r\n    transform: rotate(90deg) translateX(2px);\r\n  }\r\n  #presenta-candidatura .pc__steps{\r\n    margin: 8px 0 0 20px;\r\n    padding: 0;\r\n    display: grid;\r\n    gap: 6px;\r\n  }\r\n  #presenta-candidatura .pc__steps li{\r\n    line-height: 1.45;\r\n    color: var(--ink);\r\n  }\r\n\r\n  \/* Notes *\/\r\n  #presenta-candidatura .pc__note{\r\n    margin-top: 10px;\r\n    padding: 10px 12px;\r\n    border-radius: 12px;\r\n    background: #fff8e7;\r\n    border: 1px solid #fde4b1;\r\n    color: #8a5a00;\r\n  }\r\n  #presenta-candidatura .pc__note--soft{\r\n    background: #eff6ff;\r\n    border-color: #dbeafe;\r\n    color: #1e40af;\r\n  }\r\n\r\n  \/* Responsive *\/\r\n  @media (max-width: 720px){\r\n    #presenta-candidatura{ padding: 18px 0 28px; }\r\n    #presenta-candidatura .pc__card{ padding: 16px; }\r\n  }\r\n<\/style>\r\n\t\t\t\t<\/div>\n\t\t\t\t<\/div>\n\t\t\t\t\t<\/div>\n\t\t<\/div>\n\t\t\t\t\t<\/div>\n\t\t<\/section>\n\t\t\t\t<\/div>\n\t\t","protected":false},"excerpt":{"rendered":"<p>Presentar tu candidatura a representante Elige c\u00f3mo presentar tu candidatura: con firma electr\u00f3nica (recomendado) o de forma presencial. Online Telem\u00e1ticamente (con firma electr\u00f3nica) Para presentar la solicitud de manera telem\u00e1tica, hazlo con firma electr\u00f3nica desde el siguiente enlace: Ir al tr\u00e1mite Pasos Acepta la cl\u00e1usula de protecci\u00f3n de datos y notificaciones electr\u00f3nicas. Revisa que tus&hellip;&nbsp;<a href=\"https:\/\/www.unioviedo.es\/cestudiantes\/index.php\/tramite-solicitud-generica-representantes\/\" rel=\"bookmark\">Leer m\u00e1s &raquo;<span class=\"screen-reader-text\">Tramite &#8211; Solicitud Gen\u00e9rica Representantes<\/span><\/a><\/p>\n","protected":false},"author":1,"featured_media":0,"parent":0,"menu_order":0,"comment_status":"closed","ping_status":"closed","template":"page-templates\/template-pagebuilder-full-width.php","meta":{"neve_meta_sidebar":"","neve_meta_container":"","neve_meta_enable_content_width":"off","neve_meta_content_width":100,"neve_meta_title_alignment":"","neve_meta_author_avatar":"","neve_post_elements_order":"","neve_meta_disable_header":"","neve_meta_disable_footer":"","neve_meta_disable_title":"","footnotes":""},"class_list":["post-11460","page","type-page","status-publish","hentry"],"_links":{"self":[{"href":"https:\/\/www.unioviedo.es\/cestudiantes\/index.php\/wp-json\/wp\/v2\/pages\/11460","targetHints":{"allow":["GET"]}}],"collection":[{"href":"https:\/\/www.unioviedo.es\/cestudiantes\/index.php\/wp-json\/wp\/v2\/pages"}],"about":[{"href":"https:\/\/www.unioviedo.es\/cestudiantes\/index.php\/wp-json\/wp\/v2\/types\/page"}],"author":[{"embeddable":true,"href":"https:\/\/www.unioviedo.es\/cestudiantes\/index.php\/wp-json\/wp\/v2\/users\/1"}],"replies":[{"embeddable":true,"href":"https:\/\/www.unioviedo.es\/cestudiantes\/index.php\/wp-json\/wp\/v2\/comments?post=11460"}],"version-history":[{"count":3,"href":"https:\/\/www.unioviedo.es\/cestudiantes\/index.php\/wp-json\/wp\/v2\/pages\/11460\/revisions"}],"predecessor-version":[{"id":16287,"href":"https:\/\/www.unioviedo.es\/cestudiantes\/index.php\/wp-json\/wp\/v2\/pages\/11460\/revisions\/16287"}],"wp:attachment":[{"href":"https:\/\/www.unioviedo.es\/cestudiantes\/index.php\/wp-json\/wp\/v2\/media?parent=11460"}],"curies":[{"name":"wp","href":"https:\/\/api.w.org\/{rel}","templated":true}]}}