{"id":11898,"date":"2025-05-13T12:31:10","date_gmt":"2025-05-13T12:31:10","guid":{"rendered":"https:\/\/www.unioviedo.es\/cestudiantes\/?page_id=11898"},"modified":"2025-11-08T16:22:18","modified_gmt":"2025-11-08T16:22:18","slug":"pae-talleres-online-mayo","status":"publish","type":"page","link":"https:\/\/www.unioviedo.es\/cestudiantes\/index.php\/pae-talleres-online-mayo\/","title":{"rendered":"PAE &#8211; Talleres Online mayo"},"content":{"rendered":"\t\t<div data-elementor-type=\"wp-page\" data-elementor-id=\"11898\" class=\"elementor elementor-11898\">\n\t\t\t\t\t\t<section class=\"elementor-section elementor-top-section elementor-element elementor-element-b06e5cc elementor-section-boxed elementor-section-height-default elementor-section-height-default\" data-id=\"b06e5cc\" data-element_type=\"section\" data-e-type=\"section\">\n\t\t\t\t\t\t<div class=\"elementor-container elementor-column-gap-default\">\n\t\t\t\t\t<div class=\"elementor-column elementor-col-100 elementor-top-column elementor-element elementor-element-4f62337\" data-id=\"4f62337\" data-element_type=\"column\" data-e-type=\"column\">\n\t\t\t<div class=\"elementor-widget-wrap elementor-element-populated\">\n\t\t\t\t\t\t<div class=\"elementor-element elementor-element-1de7d76 elementor-widget elementor-widget-html\" data-id=\"1de7d76\" data-element_type=\"widget\" data-e-type=\"widget\" data-widget_type=\"html.default\">\n\t\t\t\t<div class=\"elementor-widget-container\">\n\t\t\t\t\t<!-- ===== Gu\u00eda \u00b7 Talleres online Mayo 2025 (est\u00e9tica previa, scope total) ===== -->\r\n<section id=\"uo-talleres-mayo\" aria-label=\"Talleres online \u00b7 Mayo 2025\">\r\n  <style>\r\n    \/* ===== Scope TOTAL: s\u00f3lo afecta a #uo-talleres-mayo ===== *\/\r\n    #uo-talleres-mayo{\r\n      --brand:#03827C; --brand-2:#046b66;\r\n      --bg:#ffffff; --paper:#ffffff; --soft:#f5faf9;\r\n      --text:#0f172a; --muted:#5b6876; --line:#e6eef0;\r\n      --ring: 0 0 0 3px rgba(3,130,124,.18);\r\n      font-family: ui-sans-serif, system-ui, -apple-system, \"Segoe UI\", Roboto, Inter, Arial, \"Helvetica Neue\";\r\n      color:var(--text);\r\n    }\r\n    #uo-talleres-mayo .wrap{ max-width: 1120px; margin:0 auto; padding: clamp(14px,2.5vw,24px); }\r\n    #uo-talleres-mayo .card{\r\n      background:var(--paper); border:1px solid var(--line); border-radius:16px;\r\n      box-shadow: 0 10px 28px rgba(2,6,23,.06); overflow:hidden;\r\n    }\r\n    #uo-talleres-mayo .bar{ height:6px; background: linear-gradient(90deg, var(--brand), var(--brand-2)); }\r\n    #uo-talleres-mayo header{ padding:18px 18px 8px; display:flex; flex-wrap:wrap; gap:10px; align-items:center; justify-content:space-between; }\r\n    #uo-talleres-mayo h2{ margin:0; font-size: clamp(1.1rem,1.6vw + .8rem,1.8rem); letter-spacing:.2px; }\r\n    #uo-talleres-mayo h2 a{ color:inherit; text-decoration:none; }\r\n    #uo-talleres-mayo h2 a:hover{ text-decoration:underline; }\r\n    #uo-talleres-mayo .badges{ display:flex; gap:8px; flex-wrap:wrap; }\r\n    #uo-talleres-mayo .badge{ padding:6px 10px; border-radius:999px; font-size:.9rem; background:#eef6f4; color:var(--brand); border:1px solid #dbeae7; }\r\n\r\n    #uo-talleres-mayo .desc{\r\n      padding: 0 18px 14px; color:var(--muted); line-height:1.6;\r\n      background: linear-gradient(180deg,#fff 0%, var(--soft) 100%);\r\n      border-bottom:1px solid var(--line);\r\n    }\r\n    #uo-talleres-mayo .desc a{ color:var(--brand); text-decoration:underline; }\r\n    #uo-talleres-mayo .body{ padding:16px; }\r\n\r\n    \/* Callout contrase\u00f1a *\/\r\n    #uo-talleres-mayo .callout{\r\n      border-left:4px solid var(--brand-2); background: rgba(3,130,124,.08);\r\n      padding:10px 12px; border-radius:8px; margin: 10px 0 16px;\r\n      display:flex; align-items:center; justify-content:space-between; gap:10px; flex-wrap:wrap;\r\n    }\r\n    #uo-talleres-mayo .copy{\r\n      display:inline-flex; align-items:center; gap:8px; padding:8px 10px; border-radius:10px;\r\n      border:1px solid rgba(3,130,124,.25); background: var(--brand); color:#fff; font-weight:700;\r\n      cursor:pointer; box-shadow:0 6px 16px rgba(3,130,124,.18); transition: transform .12s ease, box-shadow .12s ease;\r\n    }\r\n    #uo-talleres-mayo .copy:hover{ transform: translateY(-1px); }\r\n    #uo-talleres-mayo .copy:focus-visible{ outline:none; box-shadow: var(--ring); }\r\n\r\n    \/* Calendario (grid + scroll horizontal en m\u00f3viles) *\/\r\n    #uo-talleres-mayo .cal-outer{ overflow-x:auto; }\r\n    #uo-talleres-mayo .cal{\r\n      display:grid; grid-template-columns: repeat(7, 1fr); gap:8px;\r\n      min-width: 760px; \/* asegura scroll horizontal en pantallas estrechas *\/\r\n    }\r\n    #uo-talleres-mayo .dow{\r\n      text-align:center; font-weight:700; color:#0f172a; background:#f0fbf9;\r\n      border:1px solid var(--line); border-radius:10px; padding:8px 6px;\r\n    }\r\n    #uo-talleres-mayo .day{\r\n      min-height:120px; border:1px solid var(--line); border-radius:12px; background:#fff;\r\n      padding:10px; display:flex; flex-direction:column; gap:6px;\r\n    }\r\n    #uo-talleres-mayo .n{ font-weight:800; color:var(--brand); }\r\n    #uo-talleres-mayo .ev{\r\n      font-size:.92rem; background: #f7fcfb; border:1px solid #e6f1ef; border-radius:10px; padding:8px;\r\n    }\r\n    #uo-talleres-mayo .ev strong{ display:block; margin-bottom:4px; }\r\n    #uo-talleres-mayo .ev a{ color:#0d5aa7; text-decoration:underline; word-break: break-word; }\r\n    #uo-talleres-mayo .legend{ margin:8px 0 2px; color:var(--muted); font-size:.92rem; }\r\n\r\n    \/* Bot\u00f3n volver *\/\r\n    #uo-talleres-mayo .actions{ display:flex; justify-content:center; gap:10px; margin-top:14px; }\r\n    #uo-talleres-mayo .btn{\r\n      display:inline-flex; align-items:center; gap:8px; padding:10px 14px; border-radius:12px;\r\n      border:1px solid rgba(3,130,124,.25); background: var(--brand-2); color:#fff; text-decoration:none; font-weight:700;\r\n      box-shadow:0 6px 16px rgba(4,107,102,.18);\r\n    }\r\n    #uo-talleres-mayo .btn:hover{ transform:translateY(-1px); }\r\n    #uo-talleres-mayo .btn:focus-visible{ outline:none; box-shadow: var(--ring); }\r\n  <\/style>\r\n\r\n  <div class=\"wrap\">\r\n    <div class=\"card\">\r\n      <div class=\"bar\" aria-hidden=\"true\"><\/div>\r\n\r\n      <header>\r\n        <h2><a href=\"https:\/\/www.unioviedo.es\/cestudiantes\/index.php\/atencion-psicologica\/\">TALLERES ONLINE EN mayo: Pensamientos rumiantes, intrusivos y obsesivos: una breve gu\u00eda para su manejo<\/a><\/h2>\r\n\r\n      <\/header>\r\n\r\n      <div class=\"desc\">\r\n        <p>La Universidad de Oviedo contin\u00faa comprometida con el bienestar de su comunidad universitaria. Peri\u00f3dicamente se ofrece documentaci\u00f3n sobre campa\u00f1as psicoeducativas, webinars y talleres en l\u00ednea dirigidos a PDI, PAS y estudiantado.<\/p>\r\n        <p>Estos talleres apoyan el bienestar emocional, mental y f\u00edsico, ofreciendo herramientas pr\u00e1cticas para la vida personal y acad\u00e9mica. Puedes preinscribirte con los enlaces de cada sesi\u00f3n.<\/p>\r\n      <\/div>\r\n\r\n      <div class=\"body\">\r\n        <div class=\"callout\">\r\n          <span>Contrase\u00f1a de acceso a las inscripciones: <strong>UNIOVIEstudiantes<\/strong><\/span>\r\n          <button class=\"copy\" type=\"button\" data-copy=\"UNIOVIEstudiantes\" aria-label=\"Copiar contrase\u00f1a\">\r\n            <svg width=\"16\" height=\"16\" viewBox=\"0 0 24 24\" fill=\"none\" stroke=\"currentColor\" stroke-width=\"1.7\" stroke-linecap=\"round\" stroke-linejoin=\"round\" aria-hidden=\"true\"><rect x=\"9\" y=\"9\" width=\"13\" height=\"13\" rx=\"2\"\/><path d=\"M5 15H4a2 2 0 0 1-2-2V4a2 2 0 0 1 2-2h9a2 2 0 0 1 2 2v1\"\/><\/svg>\r\n            Copiar\r\n          <\/button>\r\n        <\/div>\r\n\r\n        <h3 class=\"legend\">Calendario (haz clic en la franja que prefieras)<\/h3>\r\n\r\n        <div class=\"cal-outer\" role=\"region\" aria-label=\"Calendario de mayo de 2025, vista mensual\">\r\n          <div class=\"cal\" role=\"grid\" aria-readonly=\"true\">\r\n            <!-- D\u00edas de la semana -->\r\n            <div class=\"dow\" role=\"columnheader\" aria-label=\"Lunes\">Lunes<\/div>\r\n            <div class=\"dow\" role=\"columnheader\" aria-label=\"Martes\">Martes<\/div>\r\n            <div class=\"dow\" role=\"columnheader\" aria-label=\"Mi\u00e9rcoles\">Mi\u00e9rcoles<\/div>\r\n            <div class=\"dow\" role=\"columnheader\" aria-label=\"Jueves\">Jueves<\/div>\r\n            <div class=\"dow\" role=\"columnheader\" aria-label=\"Viernes\">Viernes<\/div>\r\n            <div class=\"dow\" role=\"columnheader\" aria-label=\"S\u00e1bado\">S\u00e1bado<\/div>\r\n            <div class=\"dow\" role=\"columnheader\" aria-label=\"Domingo\">Domingo<\/div>\r\n\r\n            <!-- Semana 1 (vac\u00edos hasta jueves) -->\r\n            <div class=\"day\" role=\"gridcell\" aria-label=\"Lunes 28 de abril\"><\/div>\r\n            <div class=\"day\" role=\"gridcell\" aria-label=\"Martes 29 de abril\"><\/div>\r\n            <div class=\"day\" role=\"gridcell\" aria-label=\"Mi\u00e9rcoles 30 de abril\"><\/div>\r\n            <div class=\"day\" role=\"gridcell\" aria-label=\"Jueves 1 de mayo\"><span class=\"n\">1<\/span><\/div>\r\n            <div class=\"day\" role=\"gridcell\" aria-label=\"Viernes 2 de mayo\"><span class=\"n\">2<\/span><\/div>\r\n            <div class=\"day\" role=\"gridcell\" aria-label=\"S\u00e1bado 3 de mayo\"><span class=\"n\">3<\/span><\/div>\r\n            <div class=\"day\" role=\"gridcell\" aria-label=\"Domingo 4 de mayo\"><span class=\"n\">4<\/span><\/div>\r\n\r\n            <!-- Semana 2: 5-11 -->\r\n            <div class=\"day\" role=\"gridcell\" aria-label=\"Lunes 5 de mayo\"><span class=\"n\">5<\/span><\/div>\r\n            <div class=\"day\" role=\"gridcell\" aria-label=\"Martes 6 de mayo\"><span class=\"n\">6<\/span><\/div>\r\n            <div class=\"day\" role=\"gridcell\" aria-label=\"Mi\u00e9rcoles 7 de mayo\"><span class=\"n\">7<\/span><\/div>\r\n            <div class=\"day\" role=\"gridcell\" aria-label=\"Jueves 8 de mayo\"><span class=\"n\">8<\/span><\/div>\r\n            <div class=\"day\" role=\"gridcell\" aria-label=\"Viernes 9 de mayo\"><span class=\"n\">9<\/span><\/div>\r\n            <div class=\"day\" role=\"gridcell\" aria-label=\"S\u00e1bado 10 de mayo\"><span class=\"n\">10<\/span><\/div>\r\n            <div class=\"day\" role=\"gridcell\" aria-label=\"Domingo 11 de mayo\"><span class=\"n\">11<\/span><\/div>\r\n\r\n            <!-- Semana 3: 12-18 -->\r\n            <div class=\"day\" role=\"gridcell\" aria-label=\"Lunes 12 de mayo\"><span class=\"n\">12<\/span><\/div>\r\n            <div class=\"day\" role=\"gridcell\" aria-label=\"Martes 13 de mayo\">\r\n              <span class=\"n\">13<\/span>\r\n              <div class=\"ev\">\r\n                <strong>Alta autoestima, confianza y autoconcepto<\/strong>\r\n                <a target=\"_blank\" rel=\"noopener\" href=\"https:\/\/us06web.zoom.us\/meeting\/register\/44Y2e06jTKGhWpVjiooJoQ\">Ma\u00f1ana (13:30)<\/a><br>\r\n                <a target=\"_blank\" rel=\"noopener\" href=\"https:\/\/us06web.zoom.us\/meeting\/register\/M7xxIH7pRKCJOSuHbuvv1w\">Tarde (18:00)<\/a><br>\r\n                <a target=\"_blank\" rel=\"noopener\" href=\"https:\/\/us06web.zoom.us\/meeting\/register\/-nckEvwxSJm6smmDCMw97Q\">Noche (21:00)<\/a>\r\n              <\/div>\r\n            <\/div>\r\n            <div class=\"day\" role=\"gridcell\" aria-label=\"Mi\u00e9rcoles 14 de mayo\">\r\n              <span class=\"n\">14<\/span>\r\n              <div class=\"ev\">\r\n                <strong>Alergias<\/strong>\r\n                <a target=\"_blank\" rel=\"noopener\" href=\"https:\/\/us06web.zoom.us\/meeting\/register\/EXnTOiJhRqOd7lx8gquVpw\">Ma\u00f1ana (13:30)<\/a><br>\r\n                <a target=\"_blank\" rel=\"noopener\" href=\"https:\/\/us06web.zoom.us\/meeting\/register\/ZpxYthyeRo-XxeHVeXYxvg\">Tarde (18:00)<\/a><br>\r\n                <a target=\"_blank\" rel=\"noopener\" href=\"https:\/\/us06web.zoom.us\/meeting\/register\/O6fI8OfCSkufPjhcMEnfgg\">Noche (21:00)<\/a>\r\n              <\/div>\r\n            <\/div>\r\n            <div class=\"day\" role=\"gridcell\" aria-label=\"Jueves 15 de mayo\"><span class=\"n\">15<\/span><\/div>\r\n            <div class=\"day\" role=\"gridcell\" aria-label=\"Viernes 16 de mayo\"><span class=\"n\">16<\/span><\/div>\r\n            <div class=\"day\" role=\"gridcell\" aria-label=\"S\u00e1bado 17 de mayo\"><span class=\"n\">17<\/span><\/div>\r\n            <div class=\"day\" role=\"gridcell\" aria-label=\"Domingo 18 de mayo\"><span class=\"n\">18<\/span><\/div>\r\n\r\n            <!-- Semana 4: 19-25 -->\r\n            <div class=\"day\" role=\"gridcell\" aria-label=\"Lunes 19 de mayo\"><span class=\"n\">19<\/span><\/div>\r\n            <div class=\"day\" role=\"gridcell\" aria-label=\"Martes 20 de mayo\">\r\n              <span class=\"n\">20<\/span>\r\n              <div class=\"ev\">\r\n                <strong>C\u00f3mo tomar mejores decisiones<\/strong>\r\n                <a target=\"_blank\" rel=\"noopener\" href=\"https:\/\/us06web.zoom.us\/meeting\/register\/zh8DJJJPTF2BxJ9h3_crUw\">Ma\u00f1ana (13:30)<\/a><br>\r\n                <a target=\"_blank\" rel=\"noopener\" href=\"https:\/\/us06web.zoom.us\/meeting\/register\/yoWjriXnR_KeW_Ue1JMBCg\">Tarde (18:00)<\/a><br>\r\n                <a target=\"_blank\" rel=\"noopener\" href=\"https:\/\/us06web.zoom.us\/meeting\/register\/XwbI7RuaRVaUZ9qpboUa4Q\">Noche (21:00)<\/a>\r\n              <\/div>\r\n            <\/div>\r\n            <div class=\"day\" role=\"gridcell\" aria-label=\"Mi\u00e9rcoles 21 de mayo\">\r\n              <span class=\"n\">21<\/span>\r\n              <div class=\"ev\">\r\n                <strong>S\u00edndrome del impostor<\/strong>\r\n                <a target=\"_blank\" rel=\"noopener\" href=\"https:\/\/us06web.zoom.us\/meeting\/register\/oseM-24RR42FVUzV87fJjA\">Ma\u00f1ana (13:30)<\/a><br>\r\n                <a target=\"_blank\" rel=\"noopener\" href=\"https:\/\/us06web.zoom.us\/meeting\/register\/wWJhq49LRreyyiPlQd645w\">Tarde (18:00)<\/a><br>\r\n                <a target=\"_blank\" rel=\"noopener\" href=\"https:\/\/us06web.zoom.us\/meeting\/register\/-xzqpqv7SGKbYqhknxWKcw\">Noche (21:00)<\/a>\r\n              <\/div>\r\n            <\/div>\r\n            <div class=\"day\" role=\"gridcell\" aria-label=\"Jueves 22 de mayo\"><span class=\"n\">22<\/span><\/div>\r\n            <div class=\"day\" role=\"gridcell\" aria-label=\"Viernes 23 de mayo\"><span class=\"n\">23<\/span><\/div>\r\n            <div class=\"day\" role=\"gridcell\" aria-label=\"S\u00e1bado 24 de mayo\"><span class=\"n\">24<\/span><\/div>\r\n            <div class=\"day\" role=\"gridcell\" aria-label=\"Domingo 25 de mayo\"><span class=\"n\">25<\/span><\/div>\r\n\r\n            <!-- Semana 5: 26-31 -->\r\n            <div class=\"day\" role=\"gridcell\" aria-label=\"Lunes 26 de mayo\"><span class=\"n\">26<\/span><\/div>\r\n            <div class=\"day\" role=\"gridcell\" aria-label=\"Martes 27 de mayo\">\r\n              <span class=\"n\">27<\/span>\r\n              <div class=\"ev\">\r\n                <strong>Equilibrio digital en el teletrabajo<\/strong>\r\n                <a target=\"_blank\" rel=\"noopener\" href=\"https:\/\/us06web.zoom.us\/meeting\/register\/Zp-wT7lySUqqdK42LTobrA\">Ma\u00f1ana (13:30)<\/a><br>\r\n                <a target=\"_blank\" rel=\"noopener\" href=\"https:\/\/us06web.zoom.us\/meeting\/register\/lK1JdyY2SzS3tVZ2eHnVKg\">Tarde (18:00)<\/a><br>\r\n                <a target=\"_blank\" rel=\"noopener\" href=\"https:\/\/us06web.zoom.us\/meeting\/register\/WsYf9xDVTqiAO83jTuTC4A\">Noche (21:00)<\/a>\r\n              <\/div>\r\n            <\/div>\r\n            <div class=\"day\" role=\"gridcell\" aria-label=\"Mi\u00e9rcoles 28 de mayo\"><span class=\"n\">28<\/span><\/div>\r\n            <div class=\"day\" role=\"gridcell\" aria-label=\"Jueves 29 de mayo\">\r\n              <span class=\"n\">29<\/span>\r\n              <div class=\"ev\">\r\n                <strong>Webinar: Pensamientos rumiantes, intrusivos y obsesivos<\/strong>\r\n                <a target=\"_blank\" rel=\"noopener\" href=\"https:\/\/us06web.zoom.us\/webinar\/register\/WN_hFTkiBlEQf2WQ9Xd9yBJpQ\">Tarde (16:00)<\/a>\r\n              <\/div>\r\n            <\/div>\r\n            <div class=\"day\" role=\"gridcell\" aria-label=\"Viernes 30 de mayo\"><span class=\"n\">30<\/span><\/div>\r\n            <div class=\"day\" role=\"gridcell\" aria-label=\"S\u00e1bado 31 de mayo\"><span class=\"n\">31<\/span><\/div>\r\n            <div class=\"day\" role=\"gridcell\" aria-label=\"Domingo en blanco\"><\/div>\r\n          <\/div>\r\n        <\/div>\r\n\r\n        <div class=\"actions\">\r\n          <a class=\"btn\" href=\"https:\/\/www.unioviedo.es\/cestudiantes\/index.php\/atencion-psicologica\/\" target=\"_blank\" rel=\"noopener\">Volver<\/a>\r\n        <\/div>\r\n      <\/div>\r\n    <\/div>\r\n  <\/div>\r\n\r\n  <script>\r\n    (function(){\r\n      const root = document.querySelector('#uo-talleres-mayo'); if(!root) return;\r\n      const btn = root.querySelector('.copy');\r\n      if(btn){\r\n        btn.addEventListener('click', async ()=>{\r\n          try{\r\n            await navigator.clipboard.writeText(btn.dataset.copy || 'UNIOVIEstudiantes');\r\n            btn.innerHTML = '\u00a1Copiada!';\r\n            setTimeout(()=>{ btn.innerHTML = '<svg width=\"16\" height=\"16\" viewBox=\"0 0 24 24\" fill=\"none\" stroke=\"currentColor\" stroke-width=\"1.7\" stroke-linecap=\"round\" stroke-linejoin=\"round\" aria-hidden=\"true\"><rect x=\"9\" y=\"9\" width=\"13\" height=\"13\" rx=\"2\"\/><path d=\"M5 15H4a2 2 0 0 1-2-2V4a2 2 0 0 1 2-2h9a2 2 0 0 1 2 2v1\"\/><\/svg>Copiar'; }, 1600);\r\n          }catch(e){ \/* no-op *\/ }\r\n        });\r\n      }\r\n    })();\r\n  <\/script>\r\n<\/section>\r\n\t\t\t\t<\/div>\n\t\t\t\t<\/div>\n\t\t\t\t\t<\/div>\n\t\t<\/div>\n\t\t\t\t\t<\/div>\n\t\t<\/section>\n\t\t\t\t<\/div>\n\t\t","protected":false},"excerpt":{"rendered":"<p>TALLERES ONLINE EN mayo: Pensamientos rumiantes, intrusivos y obsesivos: una breve gu\u00eda para su manejo La Universidad de Oviedo contin\u00faa comprometida con el bienestar de su comunidad universitaria. Peri\u00f3dicamente se ofrece documentaci\u00f3n sobre campa\u00f1as psicoeducativas, webinars y talleres en l\u00ednea dirigidos a PDI, PAS y estudiantado. Estos talleres apoyan el bienestar emocional, mental y f\u00edsico,&hellip;&nbsp;<a href=\"https:\/\/www.unioviedo.es\/cestudiantes\/index.php\/pae-talleres-online-mayo\/\" rel=\"bookmark\">Leer m\u00e1s &raquo;<span class=\"screen-reader-text\">PAE &#8211; Talleres Online mayo<\/span><\/a><\/p>\n","protected":false},"author":1,"featured_media":0,"parent":0,"menu_order":0,"comment_status":"closed","ping_status":"closed","template":"page-templates\/template-pagebuilder-full-width.php","meta":{"neve_meta_sidebar":"","neve_meta_container":"","neve_meta_enable_content_width":"off","neve_meta_content_width":100,"neve_meta_title_alignment":"","neve_meta_author_avatar":"","neve_post_elements_order":"","neve_meta_disable_header":"","neve_meta_disable_footer":"","neve_meta_disable_title":"","footnotes":""},"class_list":["post-11898","page","type-page","status-publish","hentry"],"_links":{"self":[{"href":"https:\/\/www.unioviedo.es\/cestudiantes\/index.php\/wp-json\/wp\/v2\/pages\/11898","targetHints":{"allow":["GET"]}}],"collection":[{"href":"https:\/\/www.unioviedo.es\/cestudiantes\/index.php\/wp-json\/wp\/v2\/pages"}],"about":[{"href":"https:\/\/www.unioviedo.es\/cestudiantes\/index.php\/wp-json\/wp\/v2\/types\/page"}],"author":[{"embeddable":true,"href":"https:\/\/www.unioviedo.es\/cestudiantes\/index.php\/wp-json\/wp\/v2\/users\/1"}],"replies":[{"embeddable":true,"href":"https:\/\/www.unioviedo.es\/cestudiantes\/index.php\/wp-json\/wp\/v2\/comments?post=11898"}],"version-history":[{"count":6,"href":"https:\/\/www.unioviedo.es\/cestudiantes\/index.php\/wp-json\/wp\/v2\/pages\/11898\/revisions"}],"predecessor-version":[{"id":16657,"href":"https:\/\/www.unioviedo.es\/cestudiantes\/index.php\/wp-json\/wp\/v2\/pages\/11898\/revisions\/16657"}],"wp:attachment":[{"href":"https:\/\/www.unioviedo.es\/cestudiantes\/index.php\/wp-json\/wp\/v2\/media?parent=11898"}],"curies":[{"name":"wp","href":"https:\/\/api.w.org\/{rel}","templated":true}]}}