{"id":172,"date":"2023-02-24T13:56:13","date_gmt":"2023-02-24T13:56:13","guid":{"rendered":"https:\/\/www.unioviedo.es\/cestudiantes\/?page_id=172"},"modified":"2025-11-02T21:47:19","modified_gmt":"2025-11-02T21:47:19","slug":"sobre-nosotros","status":"publish","type":"page","link":"https:\/\/www.unioviedo.es\/cestudiantes\/index.php\/sobre-nosotros\/","title":{"rendered":"Sobre nosotros"},"content":{"rendered":"\t\t<div data-elementor-type=\"wp-page\" data-elementor-id=\"172\" class=\"elementor elementor-172\">\n\t\t\t\t\t\t<section class=\"elementor-section elementor-top-section elementor-element elementor-element-224e8d4 elementor-section-boxed elementor-section-height-default elementor-section-height-default\" data-id=\"224e8d4\" data-element_type=\"section\" data-e-type=\"section\">\n\t\t\t\t\t\t<div class=\"elementor-container elementor-column-gap-default\">\n\t\t\t\t\t<div class=\"elementor-column elementor-col-100 elementor-top-column elementor-element elementor-element-87cc2fc\" data-id=\"87cc2fc\" data-element_type=\"column\" data-e-type=\"column\">\n\t\t\t<div class=\"elementor-widget-wrap elementor-element-populated\">\n\t\t\t\t\t\t<div class=\"elementor-element elementor-element-95f0b05 elementor-widget elementor-widget-html\" data-id=\"95f0b05\" data-element_type=\"widget\" data-e-type=\"widget\" data-widget_type=\"html.default\">\n\t\t\t\t<div class=\"elementor-widget-container\">\n\t\t\t\t\t<!doctype html>\r\n<html lang=\"es\">\r\n<head>\r\n  <meta charset=\"utf-8\" \/>\r\n  <meta name=\"viewport\" content=\"width=device-width, initial-scale=1, viewport-fit=cover\" \/>\r\n  <title>Sobre nosotros \u00b7 Consejo de Estudiantes<\/title>\r\n  <style>\r\n    \/* ===========================================================\r\n       ESTILOS AISLADOS: SOLO AFECTAN A #sobre-nosotros\r\n       =========================================================== *\/\r\n    :root { color-scheme: light; }\r\n\r\n    #sobre-nosotros{\r\n      \/* Paleta y tokens *\/\r\n      --brand:#0a9396; --brand-2:#006d77; --accent:#1fb8b3;\r\n      --bg:#ffffff; --paper:#ffffff;      \/* FONDO BLANCO *\/\r\n      --text:#0f172a; --muted:#667085; --line:#e6e9ef;\r\n      --shadow:0 10px 26px rgba(2,6,23,.06);\r\n      --r-lg:18px; --r-md:14px; --r-sm:10px;\r\n\r\n      --fs-hero: clamp(1.45rem, 1.1rem + 2.2vw, 2.25rem);\r\n      --fs-h2: clamp(1.1rem, 1rem + .9vw, 1.45rem);\r\n      --fs-body: clamp(.985rem, .95rem + .3vw, 1.06rem);\r\n      --pad: clamp(16px, 2.5vw, 28px);\r\n      --gap: clamp(14px, 2vw, 22px);\r\n\r\n      --safe-top: max(env(safe-area-inset-top, 0px), 0px);\r\n      --safe-bottom: max(env(safe-area-inset-bottom, 0px), 0px);\r\n      --safe-left: max(env(safe-area-inset-left, 0px), 0px);\r\n      --safe-right: max(env(safe-area-inset-right, 0px), 0px);\r\n    }\r\n\r\n    \/* Base *\/\r\n    #sobre-nosotros{ \r\n      font-family: ui-sans-serif, system-ui, -apple-system, \"Segoe UI\", Inter, Roboto, Arial;\r\n      color:var(--text); background:#ffffff; line-height:1.65;\r\n      -webkit-font-smoothing: antialiased; -moz-osx-font-smoothing: grayscale;\r\n    }\r\n    #sobre-nosotros *, #sobre-nosotros *::before, #sobre-nosotros *::after{ box-sizing:border-box; }\r\n    #sobre-nosotros p{ margin: 8px 0 10px; font-size: var(--fs-body); text-align: justify; }\r\n    #sobre-nosotros a{ color:var(--brand-2); text-decoration: underline; text-underline-offset: 2px; }\r\n    #sobre-nosotros :focus-visible{ outline:2px solid rgba(0,109,119,.85); outline-offset:2px; border-radius:8px; }\r\n    #sobre-nosotros img{ max-width:100%; height:auto; display:block; }\r\n\r\n    \/* Contenedor *\/\r\n    #sobre-nosotros .wrap{ \r\n      max-width: 1120px; margin: 0 auto; \r\n      padding: calc(var(--pad) + var(--safe-top)) calc(var(--pad) + var(--safe-left)) calc(var(--pad) + var(--safe-bottom)) calc(var(--pad) + var(--safe-right));\r\n      display:grid; gap: var(--gap);\r\n    }\r\n\r\n    \/* HERO (fondo blanco, est\u00e9tica limpia) *\/\r\n    #sobre-nosotros .hero{\r\n      display:grid; grid-template-columns: 1fr auto; align-items:center; gap: 16px;\r\n      padding: calc(var(--pad) - 2px);\r\n      background:#ffffff; border:1px solid var(--line); border-radius: var(--r-lg); box-shadow: var(--shadow);\r\n      position: relative; overflow:hidden;\r\n    }\r\n    \/* acento sutil a la izquierda *\/\r\n    #sobre-nosotros .hero::before{\r\n      content:\"\"; position:absolute; left:0; top:0; bottom:0; width:6px;\r\n      background: linear-gradient(180deg, var(--brand), var(--brand-2));\r\n    }\r\n    #sobre-nosotros .hero-left{ display:flex; align-items:center; gap:14px; min-width:0; }\r\n    #sobre-nosotros .icon{\r\n      width:52px; height:52px; min-width:52px; display:grid; place-items:center; border-radius:14px;\r\n      background:#f3fbfb; color:var(--brand-2); border:1px solid var(--line);\r\n    }\r\n    #sobre-nosotros h1{ margin:0; font-size: var(--fs-hero); letter-spacing:.2px; line-height:1.2; }\r\n    #sobre-nosotros .subtitle{ margin:6px 0 0; color:var(--muted); font-size: clamp(.95rem, .9rem + .4vw, 1.05rem); }\r\n    #sobre-nosotros .label{\r\n      justify-self:end; align-self:start;\r\n      display:inline-block; padding:8px 12px; border-radius:999px; font-size:.9rem;\r\n      background:#f6fafb; color:var(--brand); border:1px solid #dbe6ef; white-space:nowrap;\r\n    }\r\n\r\n    \/* Secciones *\/\r\n    #sobre-nosotros .section{\r\n      background:var(--paper); border:1px solid var(--line); border-radius: var(--r-lg);\r\n      padding: var(--pad); box-shadow: var(--shadow);\r\n    }\r\n    #sobre-nosotros .section + .section{ margin-top: 2px; }\r\n    #sobre-nosotros .section-head{\r\n      display:flex; align-items:center; gap:12px; margin: 2px 0 12px;\r\n      padding-bottom:12px; border-bottom:1px dashed var(--line);\r\n    }\r\n    #sobre-nosotros .section-badge{\r\n      width:38px; height:38px; display:grid; place-items:center; border-radius:10px;\r\n      background:#f0fbfb; color: var(--brand-2); border:1px solid rgba(10,147,150,.22);\r\n      flex:0 0 auto;\r\n    }\r\n    #sobre-nosotros h2{ margin:0; font-size: var(--fs-h2); line-height:1.25; }\r\n\r\n    \/* Grid adaptable *\/\r\n    #sobre-nosotros .grid{ display:grid; gap: var(--gap); grid-template-columns: 1fr 1fr; }\r\n    @media (max-width: 1024px){ #sobre-nosotros .grid{ grid-template-columns: 1fr; } }\r\n\r\n    \/* Tarjeta media y toolbar *\/\r\n    #sobre-nosotros .media-card{\r\n      background:#fff; border:1px solid var(--line); border-radius:14px; overflow:hidden; box-shadow: var(--shadow);\r\n      display:flex; flex-direction:column;\r\n    }\r\n    #sobre-nosotros .media{\r\n      display:grid; place-items:center; background:#ffffff;\r\n      padding: clamp(12px, 2.2vw, 20px);\r\n    }\r\n    #sobre-nosotros .toolbar{\r\n      display:flex; flex-wrap:wrap; gap:10px; align-items:center; justify-content:flex-start;\r\n      background:#fff; border-top:1px solid var(--line); padding: 12px; \r\n    }\r\n    #sobre-nosotros .btn{\r\n      display:inline-flex; align-items:center; gap:10px; padding:12px 14px; border-radius:12px;\r\n      border:1px solid var(--line); background:#ffffff; color:var(--brand-2);\r\n      text-decoration:none; font-weight:800; cursor:pointer; box-shadow:0 2px 0 rgba(0,0,0,.03);\r\n      white-space:nowrap; transition: transform .16s ease, box-shadow .16s ease, border-color .16s ease;\r\n    }\r\n    #sobre-nosotros .btn:hover{ transform: translateY(-1px); box-shadow:0 8px 22px rgba(0,109,119,.12); border-color:rgba(0,109,119,.35); }\r\n    #sobre-nosotros .btn.primary{\r\n      background:linear-gradient(180deg, var(--brand), var(--brand-2)); color:#fff; border-color:transparent;\r\n      box-shadow:0 10px 26px rgba(0,109,119,.28);\r\n    }\r\n    #sobre-nosotros .btn.primary:hover{ transform: translateY(-1px) scale(1.01); }\r\n\r\n    \/* V\u00eddeo responsive *\/\r\n    #sobre-nosotros .video-wrap{\r\n      border:1px solid var(--line); border-radius:14px; overflow:hidden; background:#000; box-shadow: var(--shadow);\r\n    }\r\n    #sobre-nosotros .ratio{ position:relative; width:100%; padding-top:56.25%; }\r\n    #sobre-nosotros .ratio > video, \r\n    #sobre-nosotros .ratio > iframe{\r\n      position:absolute; inset:0; width:100%; height:100%; border:0; display:block;\r\n    }\r\n\r\n    \/* Accesibilidad \/ movimiento *\/\r\n    @media (prefers-reduced-motion: reduce){\r\n      #sobre-nosotros .btn{ transition: none; }\r\n    }\r\n\r\n    \/* Ajustes m\u00f3viles *\/\r\n    @media (max-width: 720px){\r\n      #sobre-nosotros .hero{ grid-template-columns: 1fr; row-gap: 12px; }\r\n      #sobre-nosotros .label{ justify-self: start; }\r\n      #sobre-nosotros .toolbar{ padding: 12px 10px; }\r\n      #sobre-nosotros .btn{ flex: 1 1 auto; justify-content:center; }\r\n    }\r\n    @media (max-width: 420px){\r\n      #sobre-nosotros .icon{ width:46px; height:46px; }\r\n      #sobre-nosotros .btn{ padding: 11px 12px; border-radius: 10px; }\r\n      #sobre-nosotros .section{ padding: calc(var(--pad) - 4px); }\r\n    }\r\n  <\/style>\r\n<\/head>\r\n<body>\r\n<section id=\"sobre-nosotros\" aria-label=\"Sobre nosotros\">\r\n  <div class=\"wrap\">\r\n\r\n    <!-- HERO (fondo blanco) -->\r\n    <header class=\"hero\">\r\n      <div class=\"hero-left\">\r\n        <div class=\"icon\" aria-hidden=\"true\" role=\"img\">\r\n          <!-- Icono universidad -->\r\n          <svg width=\"22\" height=\"22\" viewBox=\"0 0 24 24\" fill=\"none\" stroke=\"currentColor\" stroke-width=\"1.8\" stroke-linecap=\"round\" stroke-linejoin=\"round\" aria-hidden=\"true\" focusable=\"false\">\r\n            <path d=\"M22 21H2\"\/><path d=\"M12 2 2 7l10 5 10-5-10-5z\"\/><path d=\"M6 10v11\"\/><path d=\"M18 10v11\"\/><path d=\"M10 12v9\"\/><path d=\"M14 12v9\"\/>\r\n          <\/svg>\r\n        <\/div>\r\n        <div>\r\n          <h1>Sobre nosotros<\/h1>\r\n          <p class=\"subtitle\">M\u00e1ximo \u00f3rgano de representaci\u00f3n estudiantil de la Universidad de Oviedo.<\/p>\r\n        <\/div>\r\n      <\/div>\r\n      <span class=\"label\" aria-label=\"Etiqueta\">Representaci\u00f3n estudiantil<\/span>\r\n    <\/header>\r\n\r\n    <!-- QUI\u00c9NES SOMOS -->\r\n    <section class=\"section\" aria-labelledby=\"t-quienes\">\r\n      <div class=\"section-head\">\r\n        <div class=\"section-badge\" aria-hidden=\"true\">\r\n          <!-- Carita FELIZ (sustituida la triste) -->\r\n          <svg width=\"19\" height=\"19\" viewBox=\"0 0 24 24\" fill=\"none\" stroke=\"currentColor\" stroke-width=\"1.8\" stroke-linecap=\"round\" stroke-linejoin=\"round\" aria-hidden=\"true\">\r\n            <circle cx=\"12\" cy=\"12\" r=\"10\"\/>\r\n            <path d=\"M9 9h.01M15 9h.01\"\/> <!-- ojos -->\r\n            <!-- sonrisa (curva hacia abajo en coordenadas -> sonrisa visual) -->\r\n            <path d=\"M8 14q4 4 8 0\"\/>\r\n          <\/svg>\r\n        <\/div>\r\n        <h2 id=\"t-quienes\">Qui\u00e9nes somos<\/h2>\r\n      <\/div>\r\n\r\n      <div class=\"grid\">\r\n        <div>\r\n          <p>El Consejo de Estudiantes es el <strong>m\u00e1ximo \u00f3rgano de representaci\u00f3n estudiantil<\/strong> de nuestra Universidad. Es un espacio donde las y los representantes debaten los asuntos que afectan al estudiantado a nivel general, definen l\u00edneas de actuaci\u00f3n y velan por la <strong>defensa efectiva de los derechos<\/strong> estudiantiles.<\/p>\r\n          <p>Est\u00e1 compuesto por representantes de las delegaciones de estudiantes de cada centro y por quienes representan en el Consejo de Gobierno. El \u00f3rgano est\u00e1 encabezado por la <strong>Junta Directiva<\/strong> (presidencia, secretar\u00eda, tesorer\u00eda y vicepresidencia), que gestiona el \u00f3rgano y ejecuta los acuerdos del Pleno.<\/p>\r\n          <p>Si tienes alguna incidencia, propuesta o quieres colaborar, puedes <strong>ponerte en contacto con nosotros<\/strong> o acudir a la delegaci\u00f3n de tu centro para una atenci\u00f3n cercana y directa.<\/p>\r\n        <\/div>\r\n\r\n        <aside class=\"media-card\" aria-label=\"Recursos relacionados\">\r\n          <div class=\"media\">\r\n            <img loading=\"lazy\" decoding=\"async\" alt=\"Isotipo Consejo de Estudiantes\" src=\"https:\/\/www.unioviedo.es\/cestudiantes\/wp-content\/uploads\/2023\/04\/Estandar-sin-fondo-1-e1682629796147.png\" width=\"392\" height=\"299\" loading=\"lazy\" \/>\r\n          <\/div>\r\n          <div class=\"toolbar\" role=\"group\" aria-label=\"Acciones principales\">\r\n            <a class=\"btn primary\" href=\"https:\/\/www.unioviedo.es\/cestudiantes\/index.php\/estructura\/\" rel=\"noopener\">Estructura de la representaci\u00f3n<\/a>\r\n            <a class=\"btn\" href=\"https:\/\/www.unioviedo.es\/cestudiantes\/index.php\/composicioncde\/\" rel=\"noopener\">Composici\u00f3n del Consejo<\/a>\r\n          <\/div>\r\n        <\/aside>\r\n      <\/div>\r\n    <\/section>\r\n\r\n    <!-- FINES Y COMPETENCIAS -->\r\n    <section class=\"section\" aria-labelledby=\"t-fyC\">\r\n      <div class=\"section-head\">\r\n        <div class=\"section-badge\" aria-hidden=\"true\">\r\n          <svg width=\"19\" height=\"19\" viewBox=\"0 0 24 24\" fill=\"none\" stroke=\"currentColor\" stroke-width=\"1.8\" stroke-linecap=\"round\" stroke-linejoin=\"round\" aria-hidden=\"true\">\r\n            <path d=\"M12 20l9-16-9 5-9-5 9 16z\"\/>\r\n          <\/svg>\r\n        <\/div>\r\n        <h2 id=\"t-fyC\">Fines y competencias<\/h2>\r\n      <\/div>\r\n\r\n      <div class=\"grid\">\r\n        <!-- Fines -->\r\n        <article class=\"section\" aria-labelledby=\"t-fines\">\r\n          <div class=\"section-head\">\r\n            <div class=\"section-badge\" aria-hidden=\"true\">\r\n              <svg width=\"19\" height=\"19\" viewBox=\"0 0 24 24\" fill=\"none\" stroke=\"currentColor\" stroke-width=\"1.8\" stroke-linecap=\"round\" stroke-linejoin=\"round\">\r\n                <circle cx=\"12\" cy=\"8\" r=\"5\"\/><path d=\"M20 21a8 8 0 1 0-16 0\"\/>\r\n              <\/svg>\r\n            <\/div>\r\n            <h2 id=\"t-fines\">Fines<\/h2>\r\n          <\/div>\r\n          <p>El objetivo principal es <strong>representar<\/strong> al estudiantado, defender sus derechos y fomentar su participaci\u00f3n en la vida universitaria y en la toma de decisiones. Se impulsa la participaci\u00f3n en <strong>actividades culturales, deportivas y sociales<\/strong>, se fortalecen relaciones institucionales y se <strong>promueve la formaci\u00f3n<\/strong> de ciudadan\u00eda cr\u00edtica y participativa.<\/p>\r\n          <div class=\"toolbar\" role=\"group\" aria-label=\"M\u00e1s informaci\u00f3n sobre fines\">\r\n            <a class=\"btn\" href=\"https:\/\/www.unioviedo.es\/cestudiantes\/index.php\/fines-del-organo\/\" rel=\"noopener\">Saber m\u00e1s<\/a>\r\n          <\/div>\r\n        <\/article>\r\n\r\n        <!-- Competencias -->\r\n        <article class=\"section\" aria-labelledby=\"t-competencias\">\r\n          <div class=\"section-head\">\r\n            <div class=\"section-badge\" aria-hidden=\"true\">\r\n              <svg width=\"19\" height=\"19\" viewBox=\"0 0 24 24\" fill=\"none\" stroke=\"currentColor\" stroke-width=\"1.8\" stroke-linecap=\"round\" stroke-linejoin=\"round\">\r\n                <rect x=\"3\" y=\"3\" width=\"18\" height=\"14\" rx=\"2\"\/><path d=\"M8 21h8\"\/><path d=\"M12 17v4\"\/>\r\n              <\/svg>\r\n            <\/div>\r\n            <h2 id=\"t-competencias\">Competencias<\/h2>\r\n          <\/div>\r\n          <p>Informar, asesorar y proteger los <strong>derechos<\/strong> del estudiantado; colaborar con la Defensor\u00eda Universitaria; <strong>negociar con el Equipo Rectoral<\/strong>; recibir y canalizar quejas; estudiar y proponer medidas; actuar como <strong>interlocutor<\/strong> ante instituciones y medios; convocar movilizaciones; representar a la Universidad en entidades nacionales e internacionales; y <strong>realizar y apoyar actividades<\/strong> del estudiantado, adem\u00e1s de elaborar su reglamento y gestionar recursos.<\/p>\r\n          <div class=\"toolbar\" role=\"group\" aria-label=\"M\u00e1s informaci\u00f3n sobre competencias\">\r\n            <a class=\"btn\" href=\"https:\/\/www.unioviedo.es\/cestudiantes\/index.php\/competencias-del-organo\/\" rel=\"noopener\">Saber m\u00e1s<\/a>\r\n          <\/div>\r\n        <\/article>\r\n      <\/div>\r\n    <\/section>\r\n\r\n    <!-- DELEGACIONES -->\r\n    <section class=\"section\" aria-labelledby=\"t-deleg\">\r\n      <div class=\"section-head\">\r\n        <div class=\"section-badge\" aria-hidden=\"true\">\r\n          <svg width=\"19\" height=\"19\" viewBox=\"0 0 24 24\" fill=\"none\" stroke=\"currentColor\" stroke-width=\"1.8\" stroke-linecap=\"round\" stroke-linejoin=\"round\" aria-hidden=\"true\">\r\n            <path d=\"M16 21v-2a4 4 0 0 0-4-4H6a4 4 0 0 0-4 4v2\"\/><circle cx=\"9\" cy=\"7\" r=\"4\"\/><path d=\"M22 21v-2a4 4 0 0 0-3-3.87\"\/><path d=\"M16 3.13a4 4 0 0 1 0 7.75\"\/>\r\n          <\/svg>\r\n        <\/div>\r\n        <h2 id=\"t-deleg\">Delegaciones de Estudiantes<\/h2>\r\n      <\/div>\r\n\r\n      <div class=\"grid\">\r\n        <div>\r\n          <p>Las Delegaciones son la estructura de coordinaci\u00f3n de representantes de un mismo centro. En cada Facultad o Escuela hay una Delegaci\u00f3n que vela por la <strong>defensa de derechos<\/strong> y la <strong>resoluci\u00f3n de incidencias<\/strong> del centro.<\/p>\r\n          <p>La conforman representantes en el <strong>Claustro<\/strong>, el <strong>Consejo de Facultad\/Escuela<\/strong> y los <strong>Consejos de Departamento<\/strong>.<\/p>\r\n        <\/div>\r\n\r\n        <div class=\"video-wrap\" aria-label=\"V\u00eddeo de presentaci\u00f3n\">\r\n          <div class=\"ratio\">\r\n            <video src=\"https:\/\/www.unioviedo.es\/cestudiantes\/wp-content\/uploads\/2023\/02\/Untitled.mp4\"\r\n                   autoplay muted playsinline loop controlslist=\"nodownload\"><\/video>\r\n          <\/div>\r\n        <\/div>\r\n      <\/div>\r\n\r\n      <div class=\"toolbar\" role=\"group\" aria-label=\"Acci\u00f3n delegaciones\">\r\n        <a class=\"btn primary\" href=\"https:\/\/www.unioviedo.es\/cestudiantes\/index.php\/delegaciones-de-estudiantes\/\" rel=\"noopener\">\r\n          Consultar cada Delegaci\u00f3n\r\n        <\/a>\r\n      <\/div>\r\n    <\/section>\r\n\r\n    <!-- Fallback sin JS -->\r\n    <noscript>\r\n      <p>Si el v\u00eddeo no se reproduce, consulta <a href=\"https:\/\/www.unioviedo.es\/cestudiantes\/index.php\/delegaciones-de-estudiantes\/\" rel=\"noopener\">Delegaciones de Estudiantes<\/a>.<\/p>\r\n    <\/noscript>\r\n\r\n  <\/div>\r\n<\/section>\r\n<\/body>\r\n<\/html>\r\n\t\t\t\t<\/div>\n\t\t\t\t<\/div>\n\t\t\t\t\t<\/div>\n\t\t<\/div>\n\t\t\t\t\t<\/div>\n\t\t<\/section>\n\t\t\t\t<\/div>\n\t\t","protected":false},"excerpt":{"rendered":"<p>Sobre nosotros \u00b7 Consejo de Estudiantes Sobre nosotros M\u00e1ximo \u00f3rgano de representaci\u00f3n estudiantil de la Universidad de Oviedo. Representaci\u00f3n estudiantil Qui\u00e9nes somos El Consejo de Estudiantes es el m\u00e1ximo \u00f3rgano de representaci\u00f3n estudiantil de nuestra Universidad. Es un espacio donde las y los representantes debaten los asuntos que afectan al estudiantado a nivel general, definen&hellip;&nbsp;<a href=\"https:\/\/www.unioviedo.es\/cestudiantes\/index.php\/sobre-nosotros\/\" rel=\"bookmark\">Leer m\u00e1s &raquo;<span class=\"screen-reader-text\">Sobre nosotros<\/span><\/a><\/p>\n","protected":false},"author":1,"featured_media":0,"parent":0,"menu_order":0,"comment_status":"closed","ping_status":"closed","template":"page-templates\/template-pagebuilder-full-width.php","meta":{"neve_meta_sidebar":"","neve_meta_container":"","neve_meta_enable_content_width":"on","neve_meta_content_width":100,"neve_meta_title_alignment":"","neve_meta_author_avatar":"","neve_post_elements_order":"","neve_meta_disable_header":"","neve_meta_disable_footer":"","neve_meta_disable_title":"","footnotes":""},"class_list":["post-172","page","type-page","status-publish","hentry"],"_links":{"self":[{"href":"https:\/\/www.unioviedo.es\/cestudiantes\/index.php\/wp-json\/wp\/v2\/pages\/172","targetHints":{"allow":["GET"]}}],"collection":[{"href":"https:\/\/www.unioviedo.es\/cestudiantes\/index.php\/wp-json\/wp\/v2\/pages"}],"about":[{"href":"https:\/\/www.unioviedo.es\/cestudiantes\/index.php\/wp-json\/wp\/v2\/types\/page"}],"author":[{"embeddable":true,"href":"https:\/\/www.unioviedo.es\/cestudiantes\/index.php\/wp-json\/wp\/v2\/users\/1"}],"replies":[{"embeddable":true,"href":"https:\/\/www.unioviedo.es\/cestudiantes\/index.php\/wp-json\/wp\/v2\/comments?post=172"}],"version-history":[{"count":6,"href":"https:\/\/www.unioviedo.es\/cestudiantes\/index.php\/wp-json\/wp\/v2\/pages\/172\/revisions"}],"predecessor-version":[{"id":16256,"href":"https:\/\/www.unioviedo.es\/cestudiantes\/index.php\/wp-json\/wp\/v2\/pages\/172\/revisions\/16256"}],"wp:attachment":[{"href":"https:\/\/www.unioviedo.es\/cestudiantes\/index.php\/wp-json\/wp\/v2\/media?parent=172"}],"curies":[{"name":"wp","href":"https:\/\/api.w.org\/{rel}","templated":true}]}}