{"id":2173,"date":"2023-07-02T17:21:25","date_gmt":"2023-07-02T17:21:25","guid":{"rendered":"https:\/\/www.unioviedo.es\/cestudiantes\/?page_id=2173"},"modified":"2025-11-08T08:58:58","modified_gmt":"2025-11-08T08:58:58","slug":"programa-de-mentoria","status":"publish","type":"page","link":"https:\/\/www.unioviedo.es\/cestudiantes\/index.php\/programa-de-mentoria\/","title":{"rendered":"Programa de mentor\u00eda"},"content":{"rendered":"\t\t<div data-elementor-type=\"wp-page\" data-elementor-id=\"2173\" class=\"elementor elementor-2173\">\n\t\t\t\t\t\t<section class=\"elementor-section elementor-top-section elementor-element elementor-element-04fc7cd elementor-section-boxed elementor-section-height-default elementor-section-height-default\" data-id=\"04fc7cd\" data-element_type=\"section\" data-e-type=\"section\">\n\t\t\t\t\t\t<div class=\"elementor-container elementor-column-gap-default\">\n\t\t\t\t\t<div class=\"elementor-column elementor-col-100 elementor-top-column elementor-element elementor-element-5c01460\" data-id=\"5c01460\" data-element_type=\"column\" data-e-type=\"column\">\n\t\t\t<div class=\"elementor-widget-wrap elementor-element-populated\">\n\t\t\t\t\t\t<div class=\"elementor-element elementor-element-1dbf901 elementor-widget elementor-widget-html\" data-id=\"1dbf901\" data-element_type=\"widget\" data-e-type=\"widget\" data-widget_type=\"html.default\">\n\t\t\t\t<div class=\"elementor-widget-container\">\n\t\t\t\t\t<div class=\"mentoring-block\">\r\n  <style>\r\n    :root {\r\n      --primary: #03827C;\r\n      --primary-dark: #02625D;\r\n      --secondary: #F8B400;\r\n      --background: #F5F7FA;\r\n      --text-dark: #2D3748;\r\n      --text-gray: #718096;\r\n      --radius: 16px;\r\n      --shadow: 0 8px 20px rgba(0,0,0,0.1);\r\n      --shadow-hover: 0 12px 30px rgba(0,0,0,0.15);\r\n      --transition: all 0.3s ease;\r\n    }\r\n    .mentoring-block {\r\n      max-width: 1200px;\r\n      margin: auto;\r\n      background: #fff;\r\n      padding: 2rem;\r\n      border-radius: var(--radius);\r\n      box-shadow: var(--shadow);\r\n      font-family: 'Inter', sans-serif;\r\n      color: var(--text-dark);\r\n    }\r\n    .mentoring-intro {\r\n      text-align: center;\r\n      margin-bottom: 2rem;\r\n    }\r\n    .mentoring-intro h2 {\r\n      font-size: 2rem;\r\n      color: var(--primary);\r\n    }\r\n    .mentoring-intro p {\r\n      color: var(--text-gray);\r\n      margin-top: 0.5rem;\r\n    }\r\n    .mentoring-grid {\r\n      display: grid;\r\n      grid-template-columns: repeat(auto-fit, minmax(240px, 1fr));\r\n      gap: 1.5rem;\r\n      margin-bottom: 2rem;\r\n    }\r\n    .mentoring-card {\r\n      background: var(--background);\r\n      border-radius: var(--radius);\r\n      box-shadow: var(--shadow);\r\n      padding: 1.5rem;\r\n      text-align: center;\r\n      transition: var(--transition);\r\n      display: flex;\r\n      flex-direction: column;\r\n      justify-content: space-between;\r\n    }\r\n    .mentoring-card:hover {\r\n      transform: translateY(-4px);\r\n      box-shadow: var(--shadow-hover);\r\n    }\r\n    .mentoring-card .emoji {\r\n      font-size: 2.5rem;\r\n      margin-bottom: 0.75rem;\r\n    }\r\n    .mentoring-card h3 {\r\n      margin: 0.5rem 0;\r\n      font-size: 1.25rem;\r\n    }\r\n    .mentoring-card p {\r\n      color: var(--text-gray);\r\n      font-size: 0.95rem;\r\n      line-height: 1.4;\r\n      margin-bottom: 1rem;\r\n    }\r\n    .mentoring-card .btn-card {\r\n      align-self: center;\r\n      padding: 0.5rem 1rem;\r\n      border-radius: 50px;\r\n      text-decoration: none;\r\n      font-weight: 600;\r\n      transition: var(--transition);\r\n      border: 2px solid var(--primary);\r\n      background: transparent;\r\n      color: var(--primary);\r\n    }\r\n    .mentoring-card .btn-card:hover {\r\n      background: var(--primary);\r\n      color: #fff;\r\n    }\r\n    .btn-group {\r\n      display: flex;\r\n      flex-wrap: wrap;\r\n      gap: 0.75rem;\r\n      justify-content: center;\r\n    }\r\n    .btn {\r\n      display: inline-block;\r\n      padding: 0.75rem 1.5rem;\r\n      border-radius: 50px;\r\n      text-decoration: none;\r\n      font-weight: 600;\r\n      transition: var(--transition);\r\n      border: 2px solid var(--primary);\r\n      background: transparent;\r\n      color: var(--primary);\r\n    }\r\n    .oculto {\r\n      display: none !important;\r\n    }\r\n    .btn:hover {\r\n      background: var(--primary);\r\n      color: #fff;\r\n    }\r\n  <\/style>\r\n\r\n  <div class=\"mentoring-intro\">\r\n    <h2>\ud83d\udcda Programa de Mentor\u00eda<\/h2>\r\n    <p>Apoyo personalizado para tu crecimiento acad\u00e9mico, personal y profesional.<\/p>\r\n  <\/div>\r\n\r\n  <div class=\"mentoring-grid\">\r\n    <div class=\"mentoring-card\">\r\n      <div class=\"emoji\">\u2753<\/div>\r\n      <h3>\u00bfQu\u00e9 es?<\/h3>\r\n      <p>Iniciativa de varios centros de la Universidad y del Consejo de Estudiantes para conectar a mentores\/as con nuevos estudiantes para enriquecer su aprendizaje.<\/p>\r\n    <\/div>\r\n\r\n    <div class=\"mentoring-card\">\r\n      <div class=\"emoji\">\ud83e\udd1d<\/div>\r\n      <h3>Estudiante Mentor\/a<\/h3>\r\n      <p>Gu\u00eda, resuelve dudas y acompa\u00f1a de forma responsable. Hasta 3 mentorizados. Obtienen 1 cr\u00e9dito por mentor\/a. *Consultar particularidades.<\/p>\r\n    <\/div>\r\n\r\n    <div class=\"mentoring-card\">\r\n      <div class=\"emoji\">\ud83c\udf93<\/div>\r\n      <h3>Estudiante Mentorizado\/a<\/h3>\r\n      <p>Estudainte de primer curso que recibe orientaci\u00f3n para adaptarse con \u00e9xito a la vida universitaria.<\/p>\r\n    <\/div>\r\n\r\n    <div class=\"mentoring-card\">\r\n      <div class=\"emoji\">\ud83d\ude80<\/div>\r\n      <h3>Participar<\/h3>\r\n      <p>\u00danete al Programa y potencia tu experiencia universitaria con mentor\u00eda personalizada.<\/p>\r\n      <a class=\"btn-card\" href=\"https:\/\/www.unioviedo.es\/cestudiantes\/index.php\/participar-programa-mentoria\/\" target=\"_blank\">Participar<\/a>\r\n    <\/div>\r\n  <\/div>\r\n\r\n  <div class=\"btn-group\">\r\n    <a class=\"btn\" href=\"https:\/\/www.unioviedo.es\/cestudiantes\/index.php\/participar-programa-mentoria\/\" target=\"_blank\">Participar<\/a>\r\n    <a class=\"btn oculto\" href=\"https:\/\/www.unioviedo.es\/cestudiantes\/index.php\/certificado-participacion-mentoria\/\" target=\"_blank\">Certificado<\/a>\r\n    <a class=\"btn oculto\" href=\"https:\/\/www.unioviedo.es\/cestudiantes\/index.php\/creditos-programa-mentoria\/\" target=\"_blank\">Cr\u00e9ditos<\/a>\r\n    <a class=\"btn\" href=\"https:\/\/www.unioviedo.es\/cestudiantes\/wp-content\/uploads\/2025\/08\/Plan-de-Accion-Mentoria.pdf\" target=\"_blank\">Toda la info<\/a>\r\n  <\/div>\r\n<\/div>\r\n\t\t\t\t<\/div>\n\t\t\t\t<\/div>\n\t\t\t\t\t<\/div>\n\t\t<\/div>\n\t\t\t\t\t<\/div>\n\t\t<\/section>\n\t\t\t\t<\/div>\n\t\t","protected":false},"excerpt":{"rendered":"<p>\ud83d\udcda Programa de Mentor\u00eda Apoyo personalizado para tu crecimiento acad\u00e9mico, personal y profesional. \u2753 \u00bfQu\u00e9 es? Iniciativa de varios centros de la Universidad y del Consejo de Estudiantes para conectar a mentores\/as con nuevos estudiantes para enriquecer su aprendizaje. \ud83e\udd1d Estudiante Mentor\/a Gu\u00eda, resuelve dudas y acompa\u00f1a de forma responsable. Hasta 3 mentorizados. Obtienen 1&hellip;&nbsp;<a href=\"https:\/\/www.unioviedo.es\/cestudiantes\/index.php\/programa-de-mentoria\/\" rel=\"bookmark\">Leer m\u00e1s &raquo;<span class=\"screen-reader-text\">Programa de mentor\u00eda<\/span><\/a><\/p>\n","protected":false},"author":1,"featured_media":0,"parent":0,"menu_order":0,"comment_status":"closed","ping_status":"closed","template":"page-templates\/template-pagebuilder-full-width.php","meta":{"neve_meta_sidebar":"","neve_meta_container":"","neve_meta_enable_content_width":"off","neve_meta_content_width":100,"neve_meta_title_alignment":"","neve_meta_author_avatar":"","neve_post_elements_order":"","neve_meta_disable_header":"","neve_meta_disable_footer":"","neve_meta_disable_title":"","footnotes":""},"class_list":["post-2173","page","type-page","status-publish","hentry"],"_links":{"self":[{"href":"https:\/\/www.unioviedo.es\/cestudiantes\/index.php\/wp-json\/wp\/v2\/pages\/2173","targetHints":{"allow":["GET"]}}],"collection":[{"href":"https:\/\/www.unioviedo.es\/cestudiantes\/index.php\/wp-json\/wp\/v2\/pages"}],"about":[{"href":"https:\/\/www.unioviedo.es\/cestudiantes\/index.php\/wp-json\/wp\/v2\/types\/page"}],"author":[{"embeddable":true,"href":"https:\/\/www.unioviedo.es\/cestudiantes\/index.php\/wp-json\/wp\/v2\/users\/1"}],"replies":[{"embeddable":true,"href":"https:\/\/www.unioviedo.es\/cestudiantes\/index.php\/wp-json\/wp\/v2\/comments?post=2173"}],"version-history":[{"count":18,"href":"https:\/\/www.unioviedo.es\/cestudiantes\/index.php\/wp-json\/wp\/v2\/pages\/2173\/revisions"}],"predecessor-version":[{"id":16347,"href":"https:\/\/www.unioviedo.es\/cestudiantes\/index.php\/wp-json\/wp\/v2\/pages\/2173\/revisions\/16347"}],"wp:attachment":[{"href":"https:\/\/www.unioviedo.es\/cestudiantes\/index.php\/wp-json\/wp\/v2\/media?parent=2173"}],"curies":[{"name":"wp","href":"https:\/\/api.w.org\/{rel}","templated":true}]}}