{"id":257,"date":"2023-02-13T18:28:26","date_gmt":"2023-02-13T18:28:26","guid":{"rendered":"https:\/\/www.unioviedo.es\/cestudiantes\/?page_id=257"},"modified":"2025-11-02T22:21:51","modified_gmt":"2025-11-02T22:21:51","slug":"delegaciones-de-estudiantes","status":"publish","type":"page","link":"https:\/\/www.unioviedo.es\/cestudiantes\/index.php\/delegaciones-de-estudiantes\/","title":{"rendered":"Delegaciones de Estudiantes"},"content":{"rendered":"\t\t<div data-elementor-type=\"wp-page\" data-elementor-id=\"257\" class=\"elementor elementor-257\">\n\t\t\t\t\t\t<section class=\"elementor-section elementor-top-section elementor-element elementor-element-cacd85e elementor-section-boxed elementor-section-height-default elementor-section-height-default\" data-id=\"cacd85e\" data-element_type=\"section\" data-e-type=\"section\">\n\t\t\t\t\t\t<div class=\"elementor-container elementor-column-gap-default\">\n\t\t\t\t\t<div class=\"elementor-column elementor-col-100 elementor-top-column elementor-element elementor-element-8376bba\" data-id=\"8376bba\" data-element_type=\"column\" data-e-type=\"column\">\n\t\t\t<div class=\"elementor-widget-wrap elementor-element-populated\">\n\t\t\t\t\t\t<div class=\"elementor-element elementor-element-710248f elementor-widget elementor-widget-html\" data-id=\"710248f\" data-element_type=\"widget\" data-e-type=\"widget\" data-widget_type=\"html.default\">\n\t\t\t\t<div class=\"elementor-widget-container\">\n\t\t\t\t\t<section id=\"delegaciones-title\" class=\"is-white\" aria-labelledby=\"delegaciones-title__h\">\r\n  <div class=\"delegaciones-title__wrap\">\r\n    <h2 class=\"delegaciones-title__h\" id=\"delegaciones-title__h\">DELEGACIONES DE ESTUDIANTES<\/h2>\r\n  <\/div>\r\n<\/section>\r\n\r\n<style>\r\n  \/* ====== Scoped styles: only affect #delegaciones-title ====== *\/\r\n  #delegaciones-title{\r\n    --brand: #00827C;\r\n    --brand-2: #6EC1E4;\r\n    --ink: #0f172a;\r\n    --bg: #ffffff; \/* DEFAULT: fondo blanco. Cambia con la clase .is-transparent si quieres fondo transparente *\/\r\n    padding: 24px 0 8px;\r\n    background: var(--bg);\r\n  }\r\n  #delegaciones-title.is-transparent{ --bg: transparent; }\r\n\r\n  #delegaciones-title .delegaciones-title__wrap{\r\n    max-width: 1100px;\r\n    margin: 0 auto;\r\n    padding: 0 16px;\r\n    text-align: center;\r\n  }\r\n  #delegaciones-title .delegaciones-title__h{\r\n    margin: 0;\r\n    font-weight: 800;\r\n    letter-spacing: .04em;\r\n    text-transform: uppercase;\r\n    color: var(--ink);\r\n    font-size: clamp(1.25rem, 1rem + 1.8vw, 2.2rem);\r\n    position: relative;\r\n    display: inline-block;\r\n  }\r\n  #delegaciones-title .delegaciones-title__h::after{\r\n    content: \"\";\r\n    display: block;\r\n    width: min(120px, 40%);\r\n    height: 6px;\r\n    margin: 10px auto 0;\r\n    border-radius: 999px;\r\n    background: linear-gradient(90deg, var(--brand), var(--brand-2));\r\n    box-shadow: 0 6px 18px rgba(0,0,0,.08);\r\n  }\r\n<\/style>\r\n\t\t\t\t<\/div>\n\t\t\t\t<\/div>\n\t\t\t\t<div class=\"elementor-element elementor-element-6b3d530 elementor-widget elementor-widget-html\" data-id=\"6b3d530\" data-element_type=\"widget\" data-e-type=\"widget\" data-widget_type=\"html.default\">\n\t\t\t\t<div class=\"elementor-widget-container\">\n\t\t\t\t\t<section class=\"faculties\">\r\n  <div class=\"row row--4\">\r\n    <a href=\"https:\/\/www.unioviedo.es\/cestudiantes\/index.php\/delegacion-facultad-padre-osso\/\" class=\"faculties__card\">\r\n      <h3 class=\"faculties__title\">FACULTAD PADRE OSS\u00d3<\/h3>\r\n    <\/a>\r\n    <a href=\"https:\/\/www.unioviedo.es\/cestudiantes\/index.php\/delegacion-facultad-psicologia\/\" class=\"faculties__card\">\r\n      <h3 class=\"faculties__title\">FACULTAD DE PSICOLOG\u00cdA<\/h3>\r\n    <\/a>\r\n    <a href=\"https:\/\/www.unioviedo.es\/cestudiantes\/index.php\/delegacion-facultad-fyl\/\" class=\"faculties__card\">\r\n      <h3 class=\"faculties__title faculties__title--small\">FACULTAD DE FILOSOF\u00cdA Y LETRAS<\/h3>\r\n    <\/a>\r\n    <a href=\"https:\/\/www.unioviedo.es\/cestudiantes\/index.php\/delegacion-facultad-de-medicina\/\" class=\"faculties__card\">\r\n      <h3 class=\"faculties__title faculties__title--small\">FACULTAD DE MEDICINA Y CIENCIAS DE LA SALUD<\/h3>\r\n    <\/a>\r\n  <\/div>\r\n\r\n  <div class=\"row row--3\">\r\n    <a href=\"https:\/\/www.unioviedo.es\/cestudiantes\/index.php\/delegacion-epi\/\" class=\"faculties__card\">\r\n      <h3 class=\"faculties__title faculties__title--small\">ESCUELA POLIT\u00c9CNICA DE INGENIER\u00cdA DE GIJ\u00d3N<\/h3>\r\n    <\/a>\r\n    <a href=\"https:\/\/www.unioviedo.es\/cestudiantes\/index.php\/delegacion-jovellanos\/\" class=\"faculties__card\">\r\n      <h3 class=\"faculties__title faculties__title--small\">FACULTAD DE COMERCIO, TURISMO Y CC.SS JOVELLANOS<\/h3>\r\n    <\/a>\r\n    <a href=\"https:\/\/www.unioviedo.es\/cestudiantes\/index.php\/delegacion-profesorado\/\" class=\"faculties__card\">\r\n      <h3 class=\"faculties__title faculties__title--small\">FACULTAD DE FORMACI\u00d3N DEL PROFESORADO Y EDUCACI\u00d3N<\/h3>\r\n    <\/a>\r\n  <\/div>\r\n\r\n  <div class=\"row row--4\">\r\n    <a href=\"https:\/\/www.unioviedo.es\/cestudiantes\/index.php\/delegacion-facultad-eco\/\" class=\"faculties__card\">\r\n      <h3 class=\"faculties__title\">FACULTAD DE ECONOM\u00cdA Y EMPRESA<\/h3>\r\n    <\/a>\r\n    <a href=\"https:\/\/www.unioviedo.es\/cestudiantes\/index.php\/delegacion-facultad-derecho\/\" class=\"faculties__card\">\r\n      <h3 class=\"faculties__title\">FACULTAD DE DERECHO<\/h3>\r\n    <\/a>\r\n    <a href=\"https:\/\/www.unioviedo.es\/cestudiantes\/index.php\/delegacion-facultad-de-geologia\/\" class=\"faculties__card\">\r\n      <h3 class=\"faculties__title\">FACULTAD DE GEOLOG\u00cdA<\/h3>\r\n    <\/a>\r\n    <a href=\"https:\/\/www.unioviedo.es\/cestudiantes\/index.php\/delegacion-facultad-de-quimica\/\" class=\"faculties__card\">\r\n      <h3 class=\"faculties__title\">FACULTAD DE QU\u00cdMICA<\/h3>\r\n    <\/a>\r\n  <\/div>\r\n\r\n  <div class=\"row row--3\">\r\n    <a href=\"https:\/\/www.unioviedo.es\/cestudiantes\/index.php\/delegacion-facultad-de-ciencias\/\" class=\"faculties__card\">\r\n      <h3 class=\"faculties__title\">FACULTAD DE CIENCIAS<\/h3>\r\n    <\/a>\r\n    <a href=\"https:\/\/www.unioviedo.es\/cestudiantes\/index.php\/delegacion-cip\/\" class=\"faculties__card\">\r\n      <h3 class=\"faculties__title faculties__title--small\">CENTRO INTERNACIONAL DE POSTGRADO<\/h3>\r\n    <\/a>\r\n    <a href=\"https:\/\/www.unioviedo.es\/cestudiantes\/index.php\/delegacion-enfermeria\/\" class=\"faculties__card\">\r\n      <h3 class=\"faculties__title\">FACULTAD DE ENFERMER\u00cdA DE GIJ\u00d3N<\/h3>\r\n    <\/a>\r\n  <\/div>\r\n\r\n  <div class=\"row row--4\">\r\n    <a href=\"https:\/\/www.unioviedo.es\/cestudiantes\/index.php\/delegacion-marina\/\" class=\"faculties__card\">\r\n      <h3 class=\"faculties__title\">ESCUELA SUPERIOR DE LA MARINA CIVIL<\/h3>\r\n    <\/a>\r\n    <a href=\"https:\/\/www.unioviedo.es\/cestudiantes\/index.php\/delegacion-facultad-de-informatica\/\" class=\"faculties__card\">\r\n      <h3 class=\"faculties__title\">ESCUELA DE INGENIER\u00cdA INFORM\u00c1TICA<\/h3>\r\n    <\/a>\r\n    <a href=\"https:\/\/www.unioviedo.es\/cestudiantes\/index.php\/delegacion-biologia\/\" class=\"faculties__card\">\r\n      <h3 class=\"faculties__title\">FACULTAD DE BIOLOG\u00cdA<\/h3>\r\n    <\/a>\r\n    <a href=\"https:\/\/www.unioviedo.es\/cestudiantes\/index.php\/delegacion-mieres\/\" class=\"faculties__card\">\r\n      <h3 class=\"faculties__title\">ESCUELA POLIT\u00c9CNICA DE MIERES<\/h3>\r\n    <\/a>\r\n  <\/div>\r\n<\/section>\r\n\r\n<style>\r\n:root {\r\n  --hex-width:    clamp(180px, 20vw, 250px);\r\n  --hex-height:   clamp(200px, 24vw, 300px);\r\n  --col-gap:      clamp(16px, 3vw, 40px);\r\n  --row-gap:      20px;                 \/* algo menor en desktop *\/\r\n  --primary:      #6EC1E4;\r\n  --hover-color:  #00827C;\r\n  --shadow:       rgba(0,0,0,0.15);\r\n  --logo-url:     url('https:\/\/www.unioviedo.es\/cestudiantes\/wp-content\/uploads\/2024\/08\/image.png');\r\n  --logo-base:    60%;\r\n  --logo-hover:   130%;\r\n}\r\n\r\n.faculties {\r\n  padding: 40px 0;\r\n}\r\n\r\n.row {\r\n  display: grid;\r\n  grid-auto-flow: column;\r\n  grid-auto-columns: var(--hex-width);\r\n  column-gap: var(--col-gap);\r\n  row-gap: var(--row-gap);\r\n  margin-bottom: 0;\r\n}\r\n\r\n.row--4 {\r\n  justify-content: center;\r\n}\r\n\r\n.row--3 {\r\n  justify-content: flex-start;\r\n  margin-left: calc((var(--hex-width) + var(--col-gap)) \/ 2);\r\n}\r\n\r\n\/* ========== Mobile ========== *\/\r\n@media (max-width: 600px) {\r\n  :root {\r\n    --hex-width:   clamp(120px, 30vw, 180px);\r\n    --hex-height:  clamp(140px, 32vw, 200px);\r\n    --col-gap:     8px;\r\n    --row-gap:     8px;\r\n  }\r\n  .row {\r\n    display: flex;\r\n    flex-wrap: wrap;\r\n    justify-content: center;\r\n    gap: var(--row-gap) var(--col-gap);\r\n    margin-left: 0;\r\n  }\r\n  .row--3 {\r\n    margin-left: 0;\r\n  }\r\n}\r\n\r\n.faculties__card {\r\n  position: relative;\r\n  width: var(--hex-width);\r\n  height: var(--hex-height);\r\n  background: var(--primary);\r\n  clip-path: polygon(\r\n    50% 0%,   100% 25%,\r\n    100% 75%, 50% 100%,\r\n    0% 75%,   0% 25%\r\n  );\r\n  display: flex;\r\n  align-items: center;\r\n  justify-content: center;\r\n  text-decoration: none;\r\n  box-shadow: 0 8px 16px var(--shadow);\r\n  transition: background 0.3s ease, transform 0.2s ease;\r\n  overflow: hidden;\r\n}\r\n.faculties__card::after {\r\n  content: \"\";\r\n  position: absolute;\r\n  inset: 0;\r\n  background: var(--logo-url) no-repeat center center;\r\n  background-size: var(--logo-base);\r\n  opacity: 0;\r\n  transition: opacity 0.3s ease, background-size 0.3s ease;\r\n}\r\n.faculties__card:hover {\r\n  background: var(--hover-color);\r\n  transform: translateY(-8px);\r\n}\r\n.faculties__card:hover .faculties__title {\r\n  opacity: 0;\r\n}\r\n.faculties__card:hover::after {\r\n  opacity: 1;\r\n  background-size: var(--logo-hover);\r\n}\r\n\r\n.faculties__title {\r\n  margin: 0;\r\n  padding: 0 8px;\r\n  text-align: center;\r\n  color: #fff;\r\n  line-height: 1.1;\r\n  text-transform: uppercase;\r\n  font-size: calc(var(--hex-height) * 0.10);\r\n  word-break: break-word;\r\n  transition: opacity 0.2s ease;\r\n}\r\n.faculties__title--small {\r\n  font-size: calc(var(--hex-height) * 0.085);\r\n}\r\n<\/style>\r\n\t\t\t\t<\/div>\n\t\t\t\t<\/div>\n\t\t\t\t\t<\/div>\n\t\t<\/div>\n\t\t\t\t\t<\/div>\n\t\t<\/section>\n\t\t\t\t<\/div>\n\t\t","protected":false},"excerpt":{"rendered":"<p>DELEGACIONES DE ESTUDIANTES FACULTAD PADRE OSS\u00d3 FACULTAD DE PSICOLOG\u00cdA FACULTAD DE FILOSOF\u00cdA Y LETRAS FACULTAD DE MEDICINA Y CIENCIAS DE LA SALUD ESCUELA POLIT\u00c9CNICA DE INGENIER\u00cdA DE GIJ\u00d3N FACULTAD DE COMERCIO, TURISMO Y CC.SS JOVELLANOS FACULTAD DE FORMACI\u00d3N DEL PROFESORADO Y EDUCACI\u00d3N FACULTAD DE ECONOM\u00cdA Y EMPRESA FACULTAD DE DERECHO FACULTAD DE GEOLOG\u00cdA FACULTAD DE&hellip;&nbsp;<a href=\"https:\/\/www.unioviedo.es\/cestudiantes\/index.php\/delegaciones-de-estudiantes\/\" rel=\"bookmark\">Leer m\u00e1s &raquo;<span class=\"screen-reader-text\">Delegaciones de Estudiantes<\/span><\/a><\/p>\n","protected":false},"author":1,"featured_media":0,"parent":0,"menu_order":0,"comment_status":"closed","ping_status":"closed","template":"page-templates\/template-pagebuilder-full-width.php","meta":{"neve_meta_sidebar":"","neve_meta_container":"","neve_meta_enable_content_width":"off","neve_meta_content_width":100,"neve_meta_title_alignment":"","neve_meta_author_avatar":"","neve_post_elements_order":"","neve_meta_disable_header":"","neve_meta_disable_footer":"","neve_meta_disable_title":"","footnotes":""},"class_list":["post-257","page","type-page","status-publish","hentry"],"_links":{"self":[{"href":"https:\/\/www.unioviedo.es\/cestudiantes\/index.php\/wp-json\/wp\/v2\/pages\/257","targetHints":{"allow":["GET"]}}],"collection":[{"href":"https:\/\/www.unioviedo.es\/cestudiantes\/index.php\/wp-json\/wp\/v2\/pages"}],"about":[{"href":"https:\/\/www.unioviedo.es\/cestudiantes\/index.php\/wp-json\/wp\/v2\/types\/page"}],"author":[{"embeddable":true,"href":"https:\/\/www.unioviedo.es\/cestudiantes\/index.php\/wp-json\/wp\/v2\/users\/1"}],"replies":[{"embeddable":true,"href":"https:\/\/www.unioviedo.es\/cestudiantes\/index.php\/wp-json\/wp\/v2\/comments?post=257"}],"version-history":[{"count":3,"href":"https:\/\/www.unioviedo.es\/cestudiantes\/index.php\/wp-json\/wp\/v2\/pages\/257\/revisions"}],"predecessor-version":[{"id":16260,"href":"https:\/\/www.unioviedo.es\/cestudiantes\/index.php\/wp-json\/wp\/v2\/pages\/257\/revisions\/16260"}],"wp:attachment":[{"href":"https:\/\/www.unioviedo.es\/cestudiantes\/index.php\/wp-json\/wp\/v2\/media?parent=257"}],"curies":[{"name":"wp","href":"https:\/\/api.w.org\/{rel}","templated":true}]}}