{"id":3977,"date":"2024-03-18T17:43:20","date_gmt":"2024-03-18T17:43:20","guid":{"rendered":"https:\/\/www.unioviedo.es\/cestudiantes\/?page_id=3977"},"modified":"2025-11-09T17:02:33","modified_gmt":"2025-11-09T17:02:33","slug":"comunicado-sobre-aprobacion-estatutos","status":"publish","type":"page","link":"https:\/\/www.unioviedo.es\/cestudiantes\/index.php\/comunicado-sobre-aprobacion-estatutos\/","title":{"rendered":"Comunicado sobre la aprobaci\u00f3n de los nuevos Estatutos"},"content":{"rendered":"\t\t<div data-elementor-type=\"wp-page\" data-elementor-id=\"3977\" class=\"elementor elementor-3977\">\n\t\t\t\t\t\t<section class=\"elementor-section elementor-top-section elementor-element elementor-element-94564aa elementor-section-boxed elementor-section-height-default elementor-section-height-default\" data-id=\"94564aa\" data-element_type=\"section\" data-e-type=\"section\">\n\t\t\t\t\t\t<div class=\"elementor-container elementor-column-gap-default\">\n\t\t\t\t\t<div class=\"elementor-column elementor-col-100 elementor-top-column elementor-element elementor-element-9ef3e03\" data-id=\"9ef3e03\" data-element_type=\"column\" data-e-type=\"column\">\n\t\t\t<div class=\"elementor-widget-wrap elementor-element-populated\">\n\t\t\t\t\t\t<div class=\"elementor-element elementor-element-6d316db elementor-widget elementor-widget-html\" data-id=\"6d316db\" data-element_type=\"widget\" data-e-type=\"widget\" data-widget_type=\"html.default\">\n\t\t\t\t<div class=\"elementor-widget-container\">\n\t\t\t\t\t<!-- ======= Aprobaci\u00f3n de los nuevos Estatutos \u00b7 Universidad de Oviedo (scope: #uo-statutos) ======= -->\r\n<section id=\"uo-statutos\" lang=\"es\" aria-labelledby=\"uo-title\">\r\n  <style>\r\n    \/* ===== Scope total: solo afecta a #uo-statutos ===== *\/\r\n    #uo-statutos{\r\n      --brand:#03827C; --brand2:#0fb9b1; --ink:#0f172a; --muted:#475569;\r\n      --bg:#ffffff; --bg-soft:#f7fffd; --line:rgba(2,6,23,.10); --ring:rgba(3,130,124,.38);\r\n      --shadow:0 22px 60px rgba(2,6,23,.10);\r\n      --radius-xl:26px; --radius:18px; --space:clamp(12px,2vw,24px); --w:1100px;\r\n      --h1:clamp(26px,3vw,44px); --text:clamp(15px,1.35vw,17px);\r\n      font-family:ui-sans-serif,system-ui,-apple-system,\"Segoe UI\",Roboto,Arial,sans-serif;\r\n      color:var(--ink); padding:clamp(12px,2vw,26px);\r\n      background:linear-gradient(180deg,#fff,#f7fffd);\r\n      text-rendering:optimizeLegibility; -webkit-font-smoothing:antialiased;\r\n    }\r\n    #uo-statutos *{ box-sizing:border-box }\r\n    #uo-statutos a{ color:inherit; text-decoration:none }\r\n\r\n    .wrap{ max-width:var(--w); margin:0 auto }\r\n\r\n    \/* ===== Hero ===== *\/\r\n    .hero{\r\n      border:1px solid var(--line); border-radius:var(--radius-xl);\r\n      background:\r\n        linear-gradient(180deg,rgba(255,255,255,.92),rgba(247,255,253,.98)) padding-box,\r\n        linear-gradient(180deg,rgba(3,130,124,.28),rgba(15,185,177,.28)) border-box;\r\n      overflow:hidden; box-shadow:var(--shadow);\r\n      padding:clamp(18px,2.4vw,30px);\r\n      display:grid; grid-template-columns:1.4fr 1fr; gap:clamp(16px,2.4vw,28px); align-items:center;\r\n    }\r\n    h1#uo-title{\r\n      margin:0; font-size:var(--h1); line-height:1.06; font-weight:900; letter-spacing:.2px;\r\n      background:linear-gradient(90deg,var(--brand),var(--brand2));\r\n      -webkit-background-clip:text; background-clip:text; color:transparent; text-wrap:balance;\r\n    }\r\n    .meta{\r\n      margin:.6rem 0 0; color:var(--muted); font-weight:600; text-wrap:balance;\r\n    }\r\n\r\n    \/* ===== Imagen m\u00e1s peque\u00f1a en PC y tablet. Sin desbordes. ===== *\/\r\n    .poster{\r\n      margin:0; border-radius:22px; overflow:hidden; border:1px solid var(--line);\r\n      background:#fff; box-shadow:0 14px 36px rgba(2,6,23,.10);\r\n      width:100%; display:grid; place-items:center; padding:10px; justify-self:end;\r\n      max-width:clamp(180px, 24vw, 280px);   \/* m\u00f3vil\/tablet peque\u00f1o *\/\r\n      max-height:clamp(180px, 36vh, 320px);\r\n    }\r\n    .poster img{\r\n      display:block; width:auto; height:auto;\r\n      max-width:100%; max-height:100%; object-fit:contain; background:#fff;\r\n    }\r\n    .poster figcaption{\r\n      font-size:12px; line-height:1.5; color:var(--muted);\r\n      padding:10px 12px 4px; text-align:justify; text-justify:inter-word;\r\n    }\r\n    \/* Tablet *\/\r\n    @media (min-width:561px) and (max-width:980px){\r\n      .poster{ max-width:260px; max-height:300px }\r\n    }\r\n    \/* Desktop *\/\r\n    @media (min-width:981px){\r\n      .poster{ max-width:240px; max-height:280px }\r\n    }\r\n\r\n    \/* ===== Contenido ===== *\/\r\n    .content{\r\n      margin:clamp(16px,2.6vw,30px) 0 0;\r\n      border:1px solid var(--line); border-radius:22px; background:#fff; box-shadow:var(--shadow);\r\n      padding:clamp(16px,2.2vw,22px);\r\n    }\r\n    .content p{\r\n      font-size:var(--text); line-height:1.78; margin:0 0 1.05rem; color:var(--ink);\r\n      text-align:justify; text-justify:inter-word; hyphens:auto; overflow-wrap:anywhere;\r\n    }\r\n    .content p:first-child::first-letter{\r\n      float:left; font-weight:900; font-size:2.6em; line-height:.9; margin:.04em .22em 0 0;\r\n      background:linear-gradient(180deg,var(--brand),var(--brand2));\r\n      -webkit-background-clip:text; background-clip:text; color:transparent;\r\n    }\r\n\r\n    \/* ===== Responsive ===== *\/\r\n    @media (max-width: 980px){\r\n      .hero{ grid-template-columns:1fr }\r\n      .poster{ justify-self:center }\r\n    }\r\n\r\n    \/* ===== Print ===== *\/\r\n    @media print{\r\n      #uo-statutos{ background:#fff; padding:0 }\r\n      .hero, .content{ box-shadow:none; border:0 }\r\n    }\r\n  <\/style>\r\n\r\n  <div class=\"wrap\">\r\n    <header class=\"hero\">\r\n      <div>\r\n        <h1 id=\"uo-title\">Aprobaci\u00f3n de los nuevos Estatutos de la Universidad de Oviedo<\/h1>\r\n        <p class=\"meta\"><time datetime=\"2024-03-18\">Oviedo\/Uvi\u00e9u, 18 de marzo de 2024<\/time><\/p>\r\n      <\/div>\r\n\r\n      <figure class=\"poster\" aria-label=\"Imagen de la sesi\u00f3n del Claustro del 11 de marzo de 2024\">\r\n        <img loading=\"lazy\" decoding=\"async\"\r\n          loading=\"lazy\"\r\n          src=\"https:\/\/www.unioviedo.es\/cestudiantes\/wp-content\/uploads\/2024\/03\/Foto-nota-18-03-2024-768x768.jpg\"\r\n          srcset=\"https:\/\/www.unioviedo.es\/cestudiantes\/wp-content\/uploads\/2024\/03\/Foto-nota-18-03-2024-300x300.jpg 300w,\r\n                  https:\/\/www.unioviedo.es\/cestudiantes\/wp-content\/uploads\/2024\/03\/Foto-nota-18-03-2024-768x768.jpg 768w,\r\n                  https:\/\/www.unioviedo.es\/cestudiantes\/wp-content\/uploads\/2024\/03\/Foto-nota-18-03-2024-1024x1024.jpg 1024w,\r\n                  https:\/\/www.unioviedo.es\/cestudiantes\/wp-content\/uploads\/2024\/03\/Foto-nota-18-03-2024.jpg 1150w\"\r\n          sizes=\"auto, (min-width:981px) 240px, (min-width:561px) 260px, 70vw\"\r\n          width=\"768\" height=\"768\"\r\n          alt=\"Representantes en el Claustro durante la aprobaci\u00f3n de los nuevos Estatutos\">\r\n        <figcaption>En la sesi\u00f3n del Claustro del 11 de marzo de 2024. De izquierda a derecha: Ignacio Villaverde (Rector), Jes\u00fas Vera Berdasco (Presidente del Consejo de Estudiantes), Antonio Robles \u00c1lvarez (representante del Sector B en la Mesa del Claustro) y \u00c1ngel Espiniella Men\u00e9ndez (Secretario General).<\/figcaption>\r\n      <\/figure>\r\n    <\/header>\r\n\r\n    <article class=\"content\">\r\n      <p>La Universidad de Oviedo ha dado un paso trascendental hacia la modernizaci\u00f3n y fortalecimiento de su estructura institucional con la aprobaci\u00f3n de sus nuevos Estatutos, respaldados un\u00e1nimemente por la representaci\u00f3n estudiantil en una muestra contundente de compromiso y participaci\u00f3n activa con el futuro de la Universidad de Oviedo.<\/p>\r\n      <p>Entre los aspectos m\u00e1s destacados de los nuevos Estatutos se encuentra la consolidaci\u00f3n de una estructura b\u00e1sica de representaci\u00f3n estudiantil, garantizando as\u00ed la voz y el voto del estudiantado en todos los \u00f3rganos de gobierno y en la toma de decisiones universitarias que afecten directa o indirectamente al estudiantado.<\/p>\r\n      <p>Indudablemente uno de los logros m\u00e1s significativos reside en la creaci\u00f3n de la Escuela de Doctorado, que marca un avance notable en el impulso de la investigaci\u00f3n y la formaci\u00f3n avanzada en la instituci\u00f3n, reafirmando el compromiso con la excelencia acad\u00e9mica y el desarrollo profesional del estudiantado de doctorado. Asimismo, la estructura interna asegura una s\u00f3lida representaci\u00f3n estudiantil en su direcci\u00f3n y gesti\u00f3n, otorgando al estudiantado voz y voto en la toma de decisiones.<\/p>\r\n      <p>Adem\u00e1s, se ha hecho hincapi\u00e9 en la participaci\u00f3n del estudiantado en la elaboraci\u00f3n de las gu\u00edas docentes y planes de estudio, asegurando as\u00ed que los intereses y necesidades del estudiantado sean tenidos en cuenta en el dise\u00f1o de los planes de estudio y la organizaci\u00f3n de las actividades acad\u00e9micas.<\/p>\r\n      <p>Los nuevos Estatutos tambi\u00e9n contemplan una serie de disposiciones relacionadas con la internacionalizaci\u00f3n, actualizando as\u00ed la visi\u00f3n de la Universidad de Oviedo como una instituci\u00f3n abierta y conectada con el mundo.<\/p>\r\n      <p>En cuanto a la financiaci\u00f3n, destacamos que se ha recogido la existencia de un sistema propio de becas y cofinanciadas con el Principado, asegurando as\u00ed que todos los estudiantes tengan acceso a recursos econ\u00f3micos para su formaci\u00f3n. Asimismo, se han actualizado los derechos y deberes del estudiantado, reafirmando el compromiso con la promoci\u00f3n de una cultura de respeto, inclusi\u00f3n y no discriminaci\u00f3n.<\/p>\r\n      <p>M\u00e1s a\u00fan, se han establecido unidades b\u00e1sicas dedicadas a la igualdad y diversidad, que aseguran la integraci\u00f3n de pol\u00edticas de g\u00e9nero y antidiscriminaci\u00f3n en todos los \u00e1mbitos universitarios. Adem\u00e1s, en colaboraci\u00f3n con el Principado de Asturias, se ofrecer\u00e1n servicios gratuitos de orientaci\u00f3n psicopedag\u00f3gica, prevenci\u00f3n y promoci\u00f3n del bienestar emocional para toda la comunidad universitaria, con especial atenci\u00f3n al estudiantado. Junto con esto, se proporcionar\u00e1n servicios de orientaci\u00f3n profesional para apoyar el desarrollo acad\u00e9mico y profesional de los estudiantes.<\/p>\r\n      <p>En resumen, los nuevos Estatutos de la Universidad de Oviedo representan un hito en el camino hacia una universidad m\u00e1s moderna, inclusiva y orientada al bienestar de sus miembros. Los representantes de estudiantes nos hemos sentido escuchados y valorados durante el proceso de redacci\u00f3n en la Comisi\u00f3n de Estatutos. En especial, queremos expresar nuestro sincero agradecimiento a la Secretar\u00eda General por su labor de entendimiento, por encontrar soluciones a los problemas y por todo el arduo trabajo realizado durante todos estos meses. Por todo esto, el estudiantado respalda con firmeza los nuevos Estatutos.<\/p>\r\n    <\/article>\r\n  <\/div>\r\n<\/section>\r\n<!-- ======= \/FIN ======= -->\r\n\t\t\t\t<\/div>\n\t\t\t\t<\/div>\n\t\t\t\t\t<\/div>\n\t\t<\/div>\n\t\t\t\t\t<\/div>\n\t\t<\/section>\n\t\t\t\t<\/div>\n\t\t","protected":false},"excerpt":{"rendered":"<p>Aprobaci\u00f3n de los nuevos Estatutos de la Universidad de Oviedo Oviedo\/Uvi\u00e9u, 18 de marzo de 2024 En la sesi\u00f3n del Claustro del 11 de marzo de 2024. De izquierda a derecha: Ignacio Villaverde (Rector), Jes\u00fas Vera Berdasco (Presidente del Consejo de Estudiantes), Antonio Robles \u00c1lvarez (representante del Sector B en la Mesa del Claustro) y&hellip;&nbsp;<a href=\"https:\/\/www.unioviedo.es\/cestudiantes\/index.php\/comunicado-sobre-aprobacion-estatutos\/\" rel=\"bookmark\">Leer m\u00e1s &raquo;<span class=\"screen-reader-text\">Comunicado sobre la aprobaci\u00f3n de los nuevos Estatutos<\/span><\/a><\/p>\n","protected":false},"author":1,"featured_media":0,"parent":0,"menu_order":0,"comment_status":"closed","ping_status":"closed","template":"page-templates\/template-pagebuilder-full-width.php","meta":{"neve_meta_sidebar":"","neve_meta_container":"","neve_meta_enable_content_width":"off","neve_meta_content_width":100,"neve_meta_title_alignment":"","neve_meta_author_avatar":"","neve_post_elements_order":"","neve_meta_disable_header":"","neve_meta_disable_footer":"","neve_meta_disable_title":"","footnotes":""},"class_list":["post-3977","page","type-page","status-publish","hentry"],"_links":{"self":[{"href":"https:\/\/www.unioviedo.es\/cestudiantes\/index.php\/wp-json\/wp\/v2\/pages\/3977","targetHints":{"allow":["GET"]}}],"collection":[{"href":"https:\/\/www.unioviedo.es\/cestudiantes\/index.php\/wp-json\/wp\/v2\/pages"}],"about":[{"href":"https:\/\/www.unioviedo.es\/cestudiantes\/index.php\/wp-json\/wp\/v2\/types\/page"}],"author":[{"embeddable":true,"href":"https:\/\/www.unioviedo.es\/cestudiantes\/index.php\/wp-json\/wp\/v2\/users\/1"}],"replies":[{"embeddable":true,"href":"https:\/\/www.unioviedo.es\/cestudiantes\/index.php\/wp-json\/wp\/v2\/comments?post=3977"}],"version-history":[{"count":3,"href":"https:\/\/www.unioviedo.es\/cestudiantes\/index.php\/wp-json\/wp\/v2\/pages\/3977\/revisions"}],"predecessor-version":[{"id":16822,"href":"https:\/\/www.unioviedo.es\/cestudiantes\/index.php\/wp-json\/wp\/v2\/pages\/3977\/revisions\/16822"}],"wp:attachment":[{"href":"https:\/\/www.unioviedo.es\/cestudiantes\/index.php\/wp-json\/wp\/v2\/media?parent=3977"}],"curies":[{"name":"wp","href":"https:\/\/api.w.org\/{rel}","templated":true}]}}