{"id":4100,"date":"2024-04-07T16:31:49","date_gmt":"2024-04-07T16:31:49","guid":{"rendered":"https:\/\/www.unioviedo.es\/cestudiantes\/?page_id=4100"},"modified":"2025-11-02T22:39:46","modified_gmt":"2025-11-02T22:39:46","slug":"vocalia-comunicacion","status":"publish","type":"page","link":"https:\/\/www.unioviedo.es\/cestudiantes\/index.php\/vocalia-comunicacion\/","title":{"rendered":"Vocal\u00eda &#8211; Comunicaci\u00f3n"},"content":{"rendered":"\t\t<div data-elementor-type=\"wp-page\" data-elementor-id=\"4100\" class=\"elementor elementor-4100\">\n\t\t\t\t\t\t<section class=\"elementor-section elementor-top-section elementor-element elementor-element-e52757d elementor-section-boxed elementor-section-height-default elementor-section-height-default\" data-id=\"e52757d\" data-element_type=\"section\" data-e-type=\"section\">\n\t\t\t\t\t\t<div class=\"elementor-container elementor-column-gap-default\">\n\t\t\t\t\t<div class=\"elementor-column elementor-col-100 elementor-top-column elementor-element elementor-element-87f5a32\" data-id=\"87f5a32\" data-element_type=\"column\" data-e-type=\"column\">\n\t\t\t<div class=\"elementor-widget-wrap elementor-element-populated\">\n\t\t\t\t\t\t<div class=\"elementor-element elementor-element-a9aab5f elementor-widget elementor-widget-html\" data-id=\"a9aab5f\" data-element_type=\"widget\" data-e-type=\"widget\" data-widget_type=\"html.default\">\n\t\t\t\t<div class=\"elementor-widget-container\">\n\t\t\t\t\t<section id=\"vocalia-comunicacion\" aria-labelledby=\"vc-title\">\r\n  <div class=\"vc__inner\">\r\n    <!-- ENCABEZADO -->\r\n    <header class=\"vc__header\">\r\n      <h2 id=\"vc-title\" class=\"vc__h\">Vocal\u00eda de comunicaci\u00f3n del Consejo<\/h2>\r\n      <p class=\"vc__lead\">Gestionamos la relaci\u00f3n informativa entre el Consejo y el estudiantado de la UniOvi, as\u00ed como con organismos vinculados a la vida universitaria.<\/p>\r\n    <\/header>\r\n\r\n    <!-- BLOQUE PRINCIPAL -->\r\n    <div class=\"vc__grid\">\r\n      <article class=\"vc__card vc__copy\">\r\n        <p>La finalidad de la vocal\u00eda es facilitar que los estudiantes de la Universidad de Oviedo presten su colaboraci\u00f3n en el Consejo de Estudiantes, participando en tareas de apoyo y aprendizaje asociadas a sus funciones, completando su formaci\u00f3n te\u00f3rico-pr\u00e1ctica.<\/p>\r\n        <p>Se entiende por vocal en el \u00e1rea de comunicaciones al representante estudiantil que tiene como funci\u00f3n principal gestionar la comunicaci\u00f3n entre el Consejo de Estudiantes y los estudiantes de la Universidad de Oviedo, as\u00ed como con otros organismos y entidades relacionadas con la vida universitaria. El \u00e1mbito de aplicaci\u00f3n se circunscribe al Consejo de Estudiantes de la Universidad de Oviedo.<\/p>\r\n      <\/article>\r\n\r\n      <aside class=\"vc__media vc__card\">\r\n        <img loading=\"lazy\" decoding=\"async\" class=\"vc__img\" src=\"https:\/\/www.unioviedo.es\/cestudiantes\/wp-content\/uploads\/2023\/04\/Estandar.png\" alt=\"Consejo de Estudiantes de la Universidad de Oviedo\" loading=\"lazy\" width=\"393\" height=\"317\">\r\n        <a class=\"vc__btn vc__btn--secondary\" href=\"https:\/\/www.unioviedo.es\/cestudiantes\/index.php\/noticias\/\" target=\"_blank\" rel=\"noopener\">\r\n          <svg class=\"vc__ico\" viewBox=\"0 0 24 24\" aria-hidden=\"true\"><path d=\"M5 19h14a2 2 0 0 0 2-2V7h-2v10H5V19Zm14-14H5a2 2 0 0 0-2 2v9a3 3 0 0 0 3 3h12a3 3 0 0 0 3-3V7a2 2 0 0 0-2-2Zm-2 3H7v2h10V8Zm0 4H7v2h10v-2Z\"\/><\/svg>\r\n          M\u00e1s informaci\u00f3n\r\n        <\/a>\r\n      <\/aside>\r\n    <\/div>\r\n\r\n    <!-- CONTACTO -->\r\n    <section class=\"vc__card vc__info\" aria-labelledby=\"vc-contacto\">\r\n      <h3 id=\"vc-contacto\" class=\"vc__h3\">\r\n        <svg class=\"vc__ico\" viewBox=\"0 0 24 24\" aria-hidden=\"true\"><path d=\"M20 4H4a2 2 0 0 0-2 2v.4l10 6.25L22 6.4V6a2 2 0 0 0-2-2Zm0 4.8-8 5-8-5V18a2 2 0 0 0 2 2h12a2 2 0 0 0 2-2V8.8Z\"\/><\/svg>\r\n        Datos de contacto\r\n      <\/h3>\r\n      <p><strong>Correo:<\/strong> <a class=\"vc__link\" href=\"mailto:comunicacion.cest@uniovi.es\">comunicacion.cest@uniovi.es<\/a><\/p>\r\n    <\/section>\r\n\r\n    <!-- REDES SOCIALES -->\r\n    <section class=\"vc__card\" aria-labelledby=\"vc-social\">\r\n      <h3 id=\"vc-social\" class=\"vc__h3\">\r\n        <svg class=\"vc__ico\" viewBox=\"0 0 24 24\" aria-hidden=\"true\"><path d=\"M4 5h16v2H4V5Zm0 6h16v2H4v-2Zm0 6h10v2H4v-2Z\"\/><\/svg>\r\n        S\u00edguenos\r\n      <\/h3>\r\n      <ul class=\"vc__socials\" role=\"list\">\r\n        <li><a aria-label=\"WhatsApp\" href=\"https:\/\/wa.me\/670821408\" target=\"_blank\" rel=\"noopener\"><img loading=\"lazy\" decoding=\"async\" loading=\"lazy\" src=\"https:\/\/www.unioviedo.es\/cestudiantes\/wp-content\/uploads\/2024\/08\/was.png\" alt=\"\" width=\"28\" height=\"28\"><\/a><\/li>\r\n        <li><a aria-label=\"Instagram\" href=\"https:\/\/www.instagram.com\/estudiantesovi\/\" target=\"_blank\" rel=\"noopener\"><img loading=\"lazy\" decoding=\"async\" loading=\"lazy\" src=\"https:\/\/www.unioviedo.es\/cestudiantes\/wp-content\/uploads\/2024\/08\/insta.png\" alt=\"\" width=\"28\" height=\"28\"><\/a><\/li>\r\n        <li><a aria-label=\"TikTok\" href=\"https:\/\/www.tiktok.com\/@estudiantesovi?_t=8l7TOv51Jg0&_r=1\" target=\"_blank\" rel=\"noopener\"><img loading=\"lazy\" decoding=\"async\" loading=\"lazy\" src=\"https:\/\/www.unioviedo.es\/cestudiantes\/wp-content\/uploads\/2024\/08\/tiktok.png\" alt=\"\" width=\"28\" height=\"28\"><\/a><\/li>\r\n        <li><a aria-label=\"Bluesky\" href=\"https:\/\/bsky.app\/profile\/estudiantesovi.bsky.social\" target=\"_blank\" rel=\"noopener\"><img loading=\"lazy\" decoding=\"async\" loading=\"lazy\" src=\"https:\/\/www.unioviedo.es\/cestudiantes\/wp-content\/uploads\/2025\/02\/bluesky.png\" alt=\"\" width=\"28\" height=\"28\"><\/a><\/li>\r\n        <li><a aria-label=\"Facebook\" href=\"https:\/\/www.facebook.com\/profile.php?id=100090571644546\" target=\"_blank\" rel=\"noopener\"><img loading=\"lazy\" decoding=\"async\" loading=\"lazy\" src=\"https:\/\/www.unioviedo.es\/cestudiantes\/wp-content\/uploads\/2024\/08\/face.png\" alt=\"\" width=\"28\" height=\"28\"><\/a><\/li>\r\n        <li><a aria-label=\"LinkedIn\" href=\"https:\/\/www.linkedin.com\/in\/cde-uniovi\" target=\"_blank\" rel=\"noopener\"><img loading=\"lazy\" decoding=\"async\" loading=\"lazy\" src=\"https:\/\/www.unioviedo.es\/cestudiantes\/wp-content\/uploads\/2024\/08\/linkedin.png\" alt=\"\" width=\"28\" height=\"28\"><\/a><\/li>\r\n        <li><a aria-label=\"Spotify\" href=\"https:\/\/open.spotify.com\/show\/4tIiXzoc2V3DACKU57JHax?si=08e0fa5eddeb4858\" target=\"_blank\" rel=\"noopener\"><img loading=\"lazy\" decoding=\"async\" loading=\"lazy\" src=\"https:\/\/www.unioviedo.es\/cestudiantes\/wp-content\/uploads\/2024\/08\/81565.png\" alt=\"\" width=\"28\" height=\"28\"><\/a><\/li>\r\n      <\/ul>\r\n    <\/section>\r\n\r\n    <!-- PARTICIPA -->\r\n    <section class=\"vc__card\" aria-labelledby=\"vc-participa\">\r\n      <h3 id=\"vc-participa\" class=\"vc__h3\">\r\n        <svg class=\"vc__ico\" viewBox=\"0 0 24 24\" aria-hidden=\"true\"><path d=\"M12 3l2.29 4.64L20 8.27l-3.64 3.55L17.58 17 12 14.77 6.42 17l1.22-5.18L4 8.27l5.71-.63L12 3Z\"\/><\/svg>\r\n        Participa e inscr\u00edbete\r\n      <\/h3>\r\n      <p>Como cada curso, cualquier estudiante de la Universidad puede participar como <strong>vocal en el \u00e1rea de comunicaci\u00f3n<\/strong> (<a class=\"vc__link\" href=\"https:\/\/www.unioviedo.es\/cestudiantes\/wp-content\/uploads\/2024\/10\/Resolucion-Vocalia-comunicaciones-copia.pdf\" target=\"_blank\" rel=\"noopener\">ver resoluci\u00f3n<\/a>).<\/p>\r\n      <p>Al finalizar o cesar, emitimos un <strong>certificado<\/strong> con las horas trabajadas, <strong>reconocible por cr\u00e9ditos ECTS<\/strong>.<\/p>\r\n      <div class=\"vc__cta\">\r\n        <a class=\"vc__btn\" href=\"https:\/\/www.unioviedo.es\/cestudiantes\/index.php\/contacto\/\" target=\"_blank\" rel=\"noopener\">\r\n          <svg class=\"vc__ico\" viewBox=\"0 0 24 24\" aria-hidden=\"true\"><path d=\"M21 8V7l-3 2-2-1-3 2-2-1-3 2V6a2 2 0 0 1 2-2h10a2 2 0 0 1 2 2v2ZM3 8l3 2v8a2 2 0 0 1-2-2V8Zm18 2-3 2v6a2 2 0 0 1-2 2H8a2 2 0 0 1-2-2v-4l3-2 2 1 3-2 2 1 3-2Z\"\/><\/svg>\r\n          Cont\u00e1ctanos\r\n        <\/a>\r\n      <\/div>\r\n    <\/section>\r\n\r\n    <!-- FUNCIONES -->\r\n    <section class=\"vc__card\" aria-labelledby=\"vc-funciones\">\r\n      <h3 id=\"vc-funciones\" class=\"vc__h3\">\r\n        <svg class=\"vc__ico\" viewBox=\"0 0 24 24\" aria-hidden=\"true\"><path d=\"M7 4h10a2 2 0 0 1 2 2v1H5V6a2 2 0 0 1 2-2Zm12 5v7a2 2 0 0 1-2 2H7a2 2 0 0 1-2-2V9h14ZM7 11h5v2H7v-2Zm0 3h7v2H7v-2Z\"\/><\/svg>\r\n        Funciones de la vocal\u00eda\r\n      <\/h3>\r\n      <ol class=\"vc__list\">\r\n        <li>Gestionar y coordinar la comunicaci\u00f3n entre el Consejo de Estudiantes y el estudiantado de la Universidad de Oviedo, as\u00ed como con otros organismos y entidades vinculadas.<\/li>\r\n        <li>Elaborar y difundir informaci\u00f3n sobre actividades, iniciativas y propuestas del Consejo.<\/li>\r\n        <li>Proporcionar informaci\u00f3n y asesoramiento sobre servicios, recursos y oportunidades de la Universidad.<\/li>\r\n        <li>Fomentar la participaci\u00f3n y la colaboraci\u00f3n del estudiantado en proyectos del Consejo.<\/li>\r\n        <li>Representar al Consejo en actos y eventos cuando sea requerido.<\/li>\r\n      <\/ol>\r\n      <p class=\"vc__note\"><strong>Duraci\u00f3n del mandato:<\/strong> un curso acad\u00e9mico, con posibilidad de reelecci\u00f3n hasta un m\u00e1ximo de dos mandatos consecutivos.<\/p>\r\n    <\/section>\r\n  <\/div>\r\n<\/section>\r\n\r\n<style>\r\n  \/* ==========================================\r\n     Scope aislado: #vocalia-comunicacion\r\n     (no afecta al resto del sitio)\r\n     ========================================== *\/\r\n  #vocalia-comunicacion{\r\n    --brand:#00827C;\r\n    --brand-2:#6EC1E4;\r\n    --ink:#0f172a;\r\n    --muted:#475569;\r\n    --paper:#ffffff;     \/* tarjetas en blanco *\/\r\n    --bg:transparent;    \/* fondo de secci\u00f3n transparente para integrarse *\/\r\n    --ring:rgba(2,6,23,.08);\r\n    --ring-2:rgba(2,6,23,.14);\r\n    --shadow:0 10px 30px rgba(2,6,23,.08);\r\n    --radius:18px;\r\n\r\n    background: var(--bg);\r\n    padding: 28px 0 40px;\r\n    font-family: inherit;\r\n  }\r\n  #vocalia-comunicacion .vc__inner{\r\n    max-width: 1080px;\r\n    margin: 0 auto;\r\n    padding: 0 16px;\r\n  }\r\n\r\n  \/* Header *\/\r\n  #vocalia-comunicacion .vc__header{ text-align:center; margin-bottom: 18px; }\r\n  #vocalia-comunicacion .vc__h{\r\n    margin: 0;\r\n    color: var(--ink);\r\n    font-weight: 800;\r\n    letter-spacing:.01em;\r\n    font-size: clamp(1.35rem, 1rem + 2vw, 2.2rem);\r\n    line-height:1.15;\r\n  }\r\n  #vocalia-comunicacion .vc__h::after{\r\n    content:\"\";\r\n    display:block;\r\n    width:min(180px,45%);\r\n    height:6px;\r\n    margin:12px auto 0;\r\n    border-radius:999px;\r\n    background:linear-gradient(90deg,var(--brand),var(--brand-2));\r\n    box-shadow:0 6px 16px rgba(0,0,0,.08);\r\n  }\r\n  #vocalia-comunicacion .vc__lead{\r\n    margin:10px auto 0;\r\n    color:var(--muted);\r\n    max-width:70ch;\r\n    font-size:clamp(.95rem,.9rem + .2vw,1.05rem);\r\n  }\r\n\r\n  \/* Grid *\/\r\n  #vocalia-comunicacion .vc__grid{\r\n    display:grid;\r\n    grid-template-columns: 1.1fr .9fr;\r\n    gap:18px;\r\n    margin-top:16px;\r\n  }\r\n  @media (max-width: 900px){\r\n    #vocalia-comunicacion .vc__grid{ grid-template-columns:1fr; }\r\n  }\r\n\r\n  \/* Card base *\/\r\n  #vocalia-comunicacion .vc__card{\r\n    background: var(--paper);\r\n    border:1px solid var(--ring);\r\n    border-radius: var(--radius);\r\n    box-shadow: var(--shadow);\r\n    padding:18px;\r\n  }\r\n  #vocalia-comunicacion .vc__copy p{\r\n    color:var(--ink);\r\n    line-height:1.55;\r\n    margin:.5rem 0;\r\n  }\r\n\r\n  \/* Media *\/\r\n  #vocalia-comunicacion .vc__media{\r\n    display:flex; flex-direction:column; gap:12px;\r\n    align-items:center; justify-content:center;\r\n  }\r\n  #vocalia-comunicacion .vc__img{\r\n    width:100%; height:auto; display:block;\r\n    border-radius:12px; border:1px solid var(--ring); background:#fff;\r\n  }\r\n\r\n  \/* Titulares h3 *\/\r\n  #vocalia-comunicacion .vc__h3{\r\n    display:flex; align-items:center; gap:8px;\r\n    margin:0 0 8px 0;\r\n    font-size:clamp(1.05rem,1rem + .3vw,1.25rem);\r\n    color:var(--ink);\r\n    font-weight:750;\r\n  }\r\n  #vocalia-comunicacion .vc__ico{ width:20px; height:20px; flex:0 0 20px; color:var(--brand); }\r\n\r\n  \/* Botones *\/\r\n  #vocalia-comunicacion .vc__btn{\r\n    --pad: 11px 14px;\r\n    --rad: 12px;\r\n    display:inline-flex; align-items:center; justify-content:center; gap:8px;\r\n    padding: var(--pad);\r\n    border-radius: var(--rad);\r\n    font-weight:650;\r\n    text-decoration:none;\r\n    border:1px solid var(--ring-2);\r\n    background:#fff;\r\n    color:var(--ink);\r\n    transition: transform .12s ease, box-shadow .2s ease, border-color .2s ease, background .2s ease;\r\n    box-shadow:0 6px 18px rgba(2,6,23,.08);\r\n    white-space:nowrap;\r\n  }\r\n  #vocalia-comunicacion .vc__btn:hover{\r\n    transform: translateY(-1px);\r\n    border-color: var(--brand);\r\n    box-shadow:0 10px 24px rgba(2,6,23,.12);\r\n  }\r\n  #vocalia-comunicacion .vc__btn--secondary{ background:#ffffff; }\r\n\r\n  \/* Info *\/\r\n  #vocalia-comunicacion .vc__info{ margin-top:18px; }\r\n  #vocalia-comunicacion .vc__link{\r\n    color:var(--brand);\r\n    text-decoration:underline;\r\n    text-underline-offset:2px;\r\n  }\r\n  #vocalia-comunicacion .vc__link:hover{ color:#046d6a; }\r\n\r\n  \/* Socials *\/\r\n  #vocalia-comunicacion .vc__socials{\r\n    list-style:none; padding:0; margin:0;\r\n    display:flex; flex-wrap:wrap; gap:10px 14px; align-items:center;\r\n  }\r\n  #vocalia-comunicacion .vc__socials a{\r\n    display:inline-flex; align-items:center; justify-content:center;\r\n    width:40px; height:40px; border-radius:12px;\r\n    border:1px solid var(--ring); background:#fff;\r\n    box-shadow:0 6px 14px rgba(2,6,23,.06);\r\n    transition: transform .12s ease, border-color .2s ease;\r\n  }\r\n  #vocalia-comunicacion .vc__socials a:hover{\r\n    transform: translateY(-1px);\r\n    border-color: var(--brand);\r\n  }\r\n  #vocalia-comunicacion .vc__socials img{ width:24px; height:24px; display:block; }\r\n\r\n  \/* Lista funciones *\/\r\n  #vocalia-comunicacion .vc__list{\r\n    margin:.25rem 0 0 1.2rem; padding:0;\r\n    display:grid; gap:.5rem; color:var(--ink);\r\n  }\r\n\r\n  \/* Nota *\/\r\n  #vocalia-comunicacion .vc__note{\r\n    margin-top:12px;\r\n    padding:10px 12px;\r\n    border-radius:12px;\r\n    background:#fff8e7;\r\n    border:1px solid #fde4b1;\r\n    color:#8a5a00;\r\n  }\r\n\r\n  \/* CTA container *\/\r\n  #vocalia-comunicacion .vc__cta{ margin-top:10px; }\r\n<\/style>\r\n\t\t\t\t<\/div>\n\t\t\t\t<\/div>\n\t\t\t\t\t<\/div>\n\t\t<\/div>\n\t\t\t\t\t<\/div>\n\t\t<\/section>\n\t\t\t\t<\/div>\n\t\t","protected":false},"excerpt":{"rendered":"<p>Vocal\u00eda de comunicaci\u00f3n del Consejo Gestionamos la relaci\u00f3n informativa entre el Consejo y el estudiantado de la UniOvi, as\u00ed como con organismos vinculados a la vida universitaria. La finalidad de la vocal\u00eda es facilitar que los estudiantes de la Universidad de Oviedo presten su colaboraci\u00f3n en el Consejo de Estudiantes, participando en tareas de apoyo&hellip;&nbsp;<a href=\"https:\/\/www.unioviedo.es\/cestudiantes\/index.php\/vocalia-comunicacion\/\" rel=\"bookmark\">Leer m\u00e1s &raquo;<span class=\"screen-reader-text\">Vocal\u00eda &#8211; Comunicaci\u00f3n<\/span><\/a><\/p>\n","protected":false},"author":1,"featured_media":0,"parent":0,"menu_order":0,"comment_status":"closed","ping_status":"closed","template":"page-templates\/template-pagebuilder-full-width.php","meta":{"neve_meta_sidebar":"","neve_meta_container":"","neve_meta_enable_content_width":"off","neve_meta_content_width":100,"neve_meta_title_alignment":"","neve_meta_author_avatar":"","neve_post_elements_order":"","neve_meta_disable_header":"","neve_meta_disable_footer":"","neve_meta_disable_title":"","footnotes":""},"class_list":["post-4100","page","type-page","status-publish","hentry"],"_links":{"self":[{"href":"https:\/\/www.unioviedo.es\/cestudiantes\/index.php\/wp-json\/wp\/v2\/pages\/4100","targetHints":{"allow":["GET"]}}],"collection":[{"href":"https:\/\/www.unioviedo.es\/cestudiantes\/index.php\/wp-json\/wp\/v2\/pages"}],"about":[{"href":"https:\/\/www.unioviedo.es\/cestudiantes\/index.php\/wp-json\/wp\/v2\/types\/page"}],"author":[{"embeddable":true,"href":"https:\/\/www.unioviedo.es\/cestudiantes\/index.php\/wp-json\/wp\/v2\/users\/1"}],"replies":[{"embeddable":true,"href":"https:\/\/www.unioviedo.es\/cestudiantes\/index.php\/wp-json\/wp\/v2\/comments?post=4100"}],"version-history":[{"count":3,"href":"https:\/\/www.unioviedo.es\/cestudiantes\/index.php\/wp-json\/wp\/v2\/pages\/4100\/revisions"}],"predecessor-version":[{"id":16296,"href":"https:\/\/www.unioviedo.es\/cestudiantes\/index.php\/wp-json\/wp\/v2\/pages\/4100\/revisions\/16296"}],"wp:attachment":[{"href":"https:\/\/www.unioviedo.es\/cestudiantes\/index.php\/wp-json\/wp\/v2\/media?parent=4100"}],"curies":[{"name":"wp","href":"https:\/\/api.w.org\/{rel}","templated":true}]}}