{"id":4123,"date":"2024-04-07T16:47:16","date_gmt":"2024-04-07T16:47:16","guid":{"rendered":"https:\/\/www.unioviedo.es\/cestudiantes\/?page_id=4123"},"modified":"2025-11-08T10:50:50","modified_gmt":"2025-11-08T10:50:50","slug":"vocalia-organizacion-actividades","status":"publish","type":"page","link":"https:\/\/www.unioviedo.es\/cestudiantes\/index.php\/vocalia-organizacion-actividades\/","title":{"rendered":"Vocal\u00eda &#8211; Organizaci\u00f3n Actividades"},"content":{"rendered":"\t\t<div data-elementor-type=\"wp-page\" data-elementor-id=\"4123\" class=\"elementor elementor-4123\">\n\t\t\t\t\t\t<section class=\"elementor-section elementor-top-section elementor-element elementor-element-81ffd01 elementor-section-boxed elementor-section-height-default elementor-section-height-default\" data-id=\"81ffd01\" data-element_type=\"section\" data-e-type=\"section\">\n\t\t\t\t\t\t<div class=\"elementor-container elementor-column-gap-default\">\n\t\t\t\t\t<div class=\"elementor-column elementor-col-100 elementor-top-column elementor-element elementor-element-f279fb7\" data-id=\"f279fb7\" data-element_type=\"column\" data-e-type=\"column\">\n\t\t\t<div class=\"elementor-widget-wrap elementor-element-populated\">\n\t\t\t\t\t\t<div class=\"elementor-element elementor-element-520c849 elementor-widget elementor-widget-html\" data-id=\"520c849\" data-element_type=\"widget\" data-e-type=\"widget\" data-widget_type=\"html.default\">\n\t\t\t\t<div class=\"elementor-widget-container\">\n\t\t\t\t\t<section id=\"vocalia-actividades\" aria-labelledby=\"va-title\">\r\n  <div class=\"va__inner\">\r\n    <!-- ENCABEZADO -->\r\n    <header class=\"va__header\">\r\n      <h2 id=\"va-title\" class=\"va__h\">Vocal\u00eda de organizaci\u00f3n de actividades del Consejo<\/h2>\r\n      <p class=\"va__lead\">Dise\u00f1amos y coordinamos <strong>actividades y eventos<\/strong> para el estudiantado de la UniOvi, en colaboraci\u00f3n con entidades y asociaciones universitarias.<\/p>\r\n    <\/header>\r\n\r\n    <!-- BLOQUE PRINCIPAL -->\r\n    <div class=\"va__grid\">\r\n      <article class=\"va__card va__copy\">\r\n        <p>La finalidad de la vocal\u00eda es facilitar que los estudiantes de la Universidad de Oviedo presten su <strong>colaboraci\u00f3n<\/strong> en el Consejo de Estudiantes, participando en tareas de apoyo y aprendizaje asociadas a sus funciones, completando su formaci\u00f3n te\u00f3rico-pr\u00e1ctica.<\/p>\r\n        <p>Se entiende por vocal en el \u00e1rea de organizaci\u00f3n de actividades al representante estudiantil que tiene como funci\u00f3n principal la <strong>organizaci\u00f3n de eventos y actividades<\/strong> del Consejo de Estudiantes para el estudiantado de la Universidad de Oviedo, en colaboraci\u00f3n con otros organismos y entidades relacionadas con la vida universitaria. El \u00e1mbito de aplicaci\u00f3n se circunscribe al Consejo de Estudiantes de la Universidad de Oviedo.<\/p>\r\n      <\/article>\r\n\r\n      <aside class=\"va__media va__card\">\r\n        <img loading=\"lazy\" decoding=\"async\" class=\"va__img\" src=\"https:\/\/www.unioviedo.es\/cestudiantes\/wp-content\/uploads\/2023\/04\/Estandar.png\" alt=\"Consejo de Estudiantes de la Universidad de Oviedo\" loading=\"lazy\" width=\"393\" height=\"317\">\r\n        <a class=\"va__btn va__btn--secondary\" href=\"https:\/\/www.unioviedo.es\/cestudiantes\/index.php\/noticias\/\" target=\"_blank\" rel=\"noopener\">\r\n          <svg class=\"va__ico\" viewBox=\"0 0 24 24\" aria-hidden=\"true\"><path d=\"M5 19h14a2 2 0 0 0 2-2V7h-2v10H5V19Zm14-14H5a2 2 0 0 0-2 2v9a3 3 0 0 0 3 3h12a3 3 0 0 0 3-3V7a2 2 0 0 0-2-2Zm-2 3H7v2h10V8Zm0 4H7v2h10v-2Z\"\/><\/svg>\r\n          M\u00e1s informaci\u00f3n\r\n        <\/a>\r\n      <\/aside>\r\n    <\/div>\r\n\r\n    <!-- CONTACTO -->\r\n    <section class=\"va__card va__info\" aria-labelledby=\"va-contacto\">\r\n      <h3 id=\"va-contacto\" class=\"va__h3\">\r\n        <svg class=\"va__ico\" viewBox=\"0 0 24 24\" aria-hidden=\"true\"><path d=\"M20 4H4a2 2 0 0 0-2 2v.4l10 6.25L22 6.4V6a2 2 0 0 0-2-2Zm0 4.8-8 5-8-5V18a2 2 0 0 0 2 2h12a2 2 0 0 0 2-2V8.8Z\"\/><\/svg>\r\n        Datos de contacto\r\n      <\/h3>\r\n      <p><strong>Correo:<\/strong> <a class=\"va__link\" href=\"mailto:cestudiantes.activid@uniovi.es\">cestudiantes.activid@uniovi.es<\/a><\/p>\r\n    <\/section>\r\n\r\n    <!-- FUNCIONES -->\r\n    <section class=\"va__card\" aria-labelledby=\"va-funciones\">\r\n      <h3 id=\"va-funciones\" class=\"va__h3\">\r\n        <svg class=\"va__ico\" viewBox=\"0 0 24 24\" aria-hidden=\"true\"><path d=\"M7 4h10a2 2 0 0 1 2 2v1H5V6a2 2 0 0 1 2-2Zm12 5v7a2 2 0 0 1-2 2H7a2 2 0 0 1-2-2V9h14ZM7 11h5v2H7v-2Zm0 3h7v2H7v-2Z\"\/><\/svg>\r\n        Funciones de la vocal\u00eda\r\n      <\/h3>\r\n      <ol class=\"va__list\">\r\n        <li><strong>Planificar y coordinar<\/strong> eventos estudiantiles.<\/li>\r\n        <li><strong>Colaborar<\/strong> con asociaciones de estudiantes para diversificar actividades.<\/li>\r\n        <li><strong>Gestionar<\/strong> el presupuesto y recursos de las actividades.<\/li>\r\n        <li><strong>Promocionar<\/strong> eventos y actividades a trav\u00e9s de la vocal\u00eda de comunicaci\u00f3n.<\/li>\r\n        <li><strong>Evaluar<\/strong> y retroalimentar para mejorar futuras actividades.<\/li>\r\n        <li><strong>Fomentar la inclusi\u00f3n y la diversidad<\/strong> en todas las actividades.<\/li>\r\n        <li><strong>Informar<\/strong> al Consejo de Estudiantes.<\/li>\r\n      <\/ol>\r\n      <p class=\"va__note\"><strong>Duraci\u00f3n del mandato:<\/strong> un curso acad\u00e9mico, con posibilidad de reelecci\u00f3n hasta un m\u00e1ximo de dos mandatos consecutivos.<\/p>\r\n    <\/section>\r\n\r\n    <!-- PARTICIPA -->\r\n    <section class=\"va__card\" aria-labelledby=\"va-participa\">\r\n      <h3 id=\"va-participa\" class=\"va__h3\">\r\n        <svg class=\"va__ico\" viewBox=\"0 0 24 24\" aria-hidden=\"true\"><path d=\"M12 3l2.29 4.64L20 8.27l-3.64 3.55L17.58 17 12 14.77 6.42 17l1.22-5.18L4 8.27l5.71-.63L12 3Z\"\/><\/svg>\r\n        Participa e inscr\u00edbete\r\n      <\/h3>\r\n      <p>Como cada curso, desde el Consejo de Estudiantes hemos ampliado la oportunidad de que <strong>cualquier estudiante<\/strong> de la Universidad participe como <strong>vocal en el \u00e1rea de organizaci\u00f3n de actividades<\/strong> (<a class=\"va__link\" href=\"https:\/\/www.unioviedo.es\/cestudiantes\/wp-content\/uploads\/2024\/09\/Resolucion-Vocalia-organizacion-actividades.pdf\" target=\"_blank\" rel=\"noopener\">enlace a la resoluci\u00f3n<\/a>).<\/p>\r\n      <p>Cuando las personas integrantes decidan cesar (o transcurrido un a\u00f1o), se emitir\u00e1 un <strong>certificado<\/strong> con el n\u00famero de horas trabajadas, <strong>reconocible por hasta 3 cr\u00e9ditos ECTS<\/strong>.<\/p>\r\n      <p><strong>Estado del plazo:<\/strong> cerrado. Escr\u00edbenos y te diremos si a\u00fan est\u00e1s a tiempo de participar.<\/p>\r\n      <div class=\"va__cta\">\r\n        <a class=\"va__btn\" href=\"https:\/\/www.unioviedo.es\/cestudiantes\/index.php\/contacto\/\" target=\"_blank\" rel=\"noopener\">\r\n          <svg class=\"va__ico\" viewBox=\"0 0 24 24\" aria-hidden=\"true\"><path d=\"M21 8V7l-3 2-2-1-3 2-2-1-3 2V6a2 2 0 0 1 2-2h10a2 2 0 0 1 2 2v2ZM3 8l3 2v8a2 2 0 0 1-2-2V8Zm18 2-3 2v6a2 2 0 0 1-2 2H8a2 2 0 0 1-2-2v-4l3-2 2 1 3-2 2 1 3-2Z\"\/><\/svg>\r\n          Cont\u00e1ctanos\r\n        <\/a>\r\n      <\/div>\r\n    <\/section>\r\n\r\n    <!-- ACTIVIDADES -->\r\n    <section class=\"va__card\" aria-labelledby=\"va-actividades\">\r\n      <h3 id=\"va-actividades\" class=\"va__h3\">\r\n        <svg class=\"va__ico\" viewBox=\"0 0 24 24\" aria-hidden=\"true\"><path d=\"M12 2l3.09 6.26L22 9.27l-5 4.84L18.18 22 12 18.77 5.82 22 7 14.11l-5-4.84 6.91-1.01L12 2Z\"\/><\/svg>\r\n        Nuestras actividades\r\n      <\/h3>\r\n\r\n      <div class=\"va__cards\">\r\n        <!-- Pr\u00f3ximamente (x2) -->\r\n        <article class=\"va__act\">\r\n          <div class=\"va__actHead va__actHead--muted\">\r\n            <svg class=\"va__actIco\" viewBox=\"0 0 24 24\" aria-hidden=\"true\"><path d=\"M7 2v2H5a2 2 0 0 0-2 2v2h18V6a2 2 0 0 0-2-2h-2V2h-2v2H9V2H7Zm14 8H3v10a2 2 0 0 0 2 2h14a2 2 0 0 0 2-2V10ZM5 14h6v6H5v-6Z\"\/><\/svg>\r\n          <\/div>\r\n          <div class=\"va__actBody\">\r\n            <h4 class=\"va__actTitle\"><strong>Pr\u00f3ximamente\u2026<\/strong><\/h4>\r\n            <p class=\"va__actText\">Estamos preparando nuevas actividades. \u00a1Muy pronto habr\u00e1 novedades!<\/p>\r\n          <\/div>\r\n        <\/article>\r\n\r\n        <article class=\"va__act\">\r\n          <div class=\"va__actHead va__actHead--muted\">\r\n            <svg class=\"va__actIco\" viewBox=\"0 0 24 24\" aria-hidden=\"true\"><path d=\"M7 2v2H5a2 2 0 0 0-2 2v2h18V6a2 2 0 0 0-2-2h-2V2h-2v2H9V2H7Zm14 8H3v10a2 2 0 0 0 2 2h14a2 2 0 0 0 2-2V10ZM5 14h6v6H5v-6Z\"\/><\/svg>\r\n          <\/div>\r\n          <div class=\"va__actBody\">\r\n            <h4 class=\"va__actTitle\"><strong>Pr\u00f3ximamente\u2026<\/strong><\/h4>\r\n            <p class=\"va__actText\">Nuevos eventos en marcha con asociaciones y centros.<\/p>\r\n          <\/div>\r\n        <\/article>\r\n\r\n        <!-- BLIND ART -->\r\n        <article class=\"va__act\">\r\n          <div class=\"va__actHead\">\r\n            <svg class=\"va__actIco\" viewBox=\"0 0 24 24\" aria-hidden=\"true\"><path d=\"M4 4h16v2H4V4Zm2 4h12l-1 10H7L6 8Zm2 12h8v2H8v-2Z\"\/><\/svg>\r\n          <\/div>\r\n          <div class=\"va__actBody\">\r\n            <h4 class=\"va__actTitle\"><strong>BLIND ART<\/strong><\/h4>\r\n            <p class=\"va__actText\">Concurso por parejas con evaluaci\u00f3n de un jurado experto. <strong>Premio en especie<\/strong> para la mejor obra.<\/p>\r\n            <p><a class=\"va__link\" href=\"https:\/\/www.instagram.com\/p\/C50C_mbOntk\/\" target=\"_blank\" rel=\"noopener\">Post<\/a><\/p>\r\n          <\/div>\r\n        <\/article>\r\n\r\n        <!-- Nuevo club de lectura -->\r\n        <article class=\"va__act\">\r\n          <div class=\"va__actHead\">\r\n            <svg class=\"va__actIco\" viewBox=\"0 0 24 24\" aria-hidden=\"true\"><path d=\"M4 5a2 2 0 0 1 2-2h12v16H6a2 2 0 0 1-2-2V5Zm14 0H8v12h10V5Z\"\/><\/svg>\r\n          <\/div>\r\n          <div class=\"va__actBody\">\r\n            <h4 class=\"va__actTitle\"><strong>Nuevo club de lectura<\/strong><\/h4>\r\n            <p class=\"va__actText\">Conociendo la <strong>literatura de habla alemana<\/strong>. \u00a1\u00danete!<\/p>\r\n            <p><a class=\"va__link\" href=\"https:\/\/www.instagram.com\/p\/C3aMlO9ITZS\/\" target=\"_blank\" rel=\"noopener\">Post<\/a><\/p>\r\n          <\/div>\r\n        <\/article>\r\n\r\n        <!-- Blind Dates San Valent\u00edn -->\r\n        <article class=\"va__act\">\r\n          <div class=\"va__actHead\">\r\n            <svg class=\"va__actIco\" viewBox=\"0 0 24 24\" aria-hidden=\"true\"><path d=\"M12 21s-7-4.35-7-10a4 4 0 0 1 7-2.65A4 4 0 0 1 19 11c0 5.65-7 10-7 10Z\"\/><\/svg>\r\n          <\/div>\r\n          <div class=\"va__actBody\">\r\n            <h4 class=\"va__actTitle\"><strong>Blind Dates \u00b7 especial San Valent\u00edn<\/strong><\/h4>\r\n            <p class=\"va__actText\">Edici\u00f3n tem\u00e1tica para celebrar el <strong>14 de febrero<\/strong>.<\/p>\r\n            <p><a class=\"va__link\" href=\"https:\/\/www.instagram.com\/p\/C3UxqVPNlH4\/\" target=\"_blank\" rel=\"noopener\">Post<\/a><\/p>\r\n          <\/div>\r\n        <\/article>\r\n\r\n        <!-- Feria de asociaciones -->\r\n        <article class=\"va__act\">\r\n          <div class=\"va__actHead\">\r\n            <svg class=\"va__actIco\" viewBox=\"0 0 24 24\" aria-hidden=\"true\"><path d=\"M12 12a5 5 0 1 0-5-5 5 5 0 0 0 5 5Zm-7 9a7 7 0 0 1 14 0v1H5v-1Z\"\/><\/svg>\r\n          <\/div>\r\n          <div class=\"va__actBody\">\r\n            <h4 class=\"va__actTitle\"><strong>Feria de asociaciones<\/strong><\/h4>\r\n            <p class=\"va__actText\">Organizamos la <strong>primera<\/strong> y la <strong>segunda edici\u00f3n<\/strong> de la Feria de Asociaciones de la Universidad.<\/p>\r\n            <p><a class=\"va__link\" href=\"https:\/\/www.instagram.com\/p\/C3H5p00xbdu\/?img_index=1\" target=\"_blank\" rel=\"noopener\">Post<\/a><\/p>\r\n          <\/div>\r\n        <\/article>\r\n\r\n        <!-- Blind Dates \u00b7 segunda -->\r\n        <article class=\"va__act\">\r\n          <div class=\"va__actHead\">\r\n            <svg class=\"va__actIco\" viewBox=\"0 0 24 24\" aria-hidden=\"true\"><path d=\"M12 21s-7-4.35-7-10a4 4 0 0 1 7-2.65A4 4 0 0 1 19 11c0 5.65-7 10-7 10Z\"\/><\/svg>\r\n          <\/div>\r\n          <div class=\"va__actBody\">\r\n            <h4 class=\"va__actTitle\"><strong>Nuestra segunda cita en Blind Dates<\/strong><\/h4>\r\n            <p class=\"va__actText\">Seguimos sumando <strong>experiencias y conexiones<\/strong>.<\/p>\r\n            <p><a class=\"va__link\" href=\"https:\/\/www.instagram.com\/p\/C3DWE2nIapy\/?img_index=1\" target=\"_blank\" rel=\"noopener\">Post<\/a><\/p>\r\n          <\/div>\r\n        <\/article>\r\n\r\n        <!-- Blind Dates \u00b7 primera -->\r\n        <article class=\"va__act\">\r\n          <div class=\"va__actHead\">\r\n            <svg class=\"va__actIco\" viewBox=\"0 0 24 24\" aria-hidden=\"true\"><path d=\"M12 21s-7-4.35-7-10a4 4 0 0 1 7-2.65A4 4 0 0 1 19 11c0 5.65-7 10-7 10Z\"\/><\/svg>\r\n          <\/div>\r\n          <div class=\"va__actBody\">\r\n            <h4 class=\"va__actTitle\"><strong>Nuestra primera cita en Blind Dates<\/strong><\/h4>\r\n            <p class=\"va__actText\">Espacio de ocio para <strong>conocer nuevas personas<\/strong> y vivir nuevas experiencias.<\/p>\r\n            <p><a class=\"va__link\" href=\"https:\/\/www.instagram.com\/p\/Czt8o-XRkTv\/?img_index=1\" target=\"_blank\" rel=\"noopener\">Post<\/a><\/p>\r\n          <\/div>\r\n        <\/article>\r\n      <\/div>\r\n    <\/section>\r\n  <\/div>\r\n<\/section>\r\n\r\n<style>\r\n  \/* ==========================================\r\n     Scope aislado: #vocalia-actividades\r\n     ========================================== *\/\r\n  #vocalia-actividades{\r\n    --brand:#00827C;\r\n    --brand-2:#6EC1E4;\r\n    --ink:#0f172a;\r\n    --muted:#475569;\r\n    --paper:#ffffff;\r\n    --bg:transparent;\r\n    --ring:rgba(2,6,23,.08);\r\n    --ring-2:rgba(2,6,23,.14);\r\n    --shadow:0 10px 30px rgba(2,6,23,.08);\r\n    --radius:18px;\r\n    --y-gap:22px;           \/* espacio vertical consistente entre tarjetas *\/\r\n    --cards-gap-y:18px;     \/* espacio vertical entre fichas de actividades *\/\r\n    --cards-gap-x:14px;     \/* espacio horizontal entre fichas de actividades *\/\r\n\r\n    background:var(--bg);\r\n    padding:28px 0 40px;\r\n    font-family:inherit;\r\n    color:var(--ink);\r\n  }\r\n  #vocalia-actividades *{ box-sizing:border-box; min-inline-size:0; }\r\n  #vocalia-actividades p{ text-align:justify; }\r\n\r\n  \/* Contenedor *\/\r\n  #vocalia-actividades .va__inner{\r\n    max-width:min(1080px,96vw);\r\n    margin:0 auto;\r\n    padding:0 16px;\r\n  }\r\n\r\n  \/* Header *\/\r\n  #vocalia-actividades .va__header{ text-align:center; margin-bottom:18px; }\r\n  #vocalia-actividades .va__h{\r\n    margin:0;\r\n    font-weight:800;\r\n    letter-spacing:.01em;\r\n    font-size: clamp(1.35rem, 1rem + 2vw, 2rem);\r\n    line-height:1.15;\r\n  }\r\n  #vocalia-actividades .va__h::after{\r\n    content:\"\";\r\n    display:block;\r\n    width:min(180px,45%);\r\n    height:6px;\r\n    margin:12px auto 0;\r\n    border-radius:999px;\r\n    background:linear-gradient(90deg,var(--brand),var(--brand-2));\r\n    box-shadow:0 6px 16px rgba(0,0,0,.08);\r\n  }\r\n  #vocalia-actividades .va__lead{\r\n    margin:10px auto 0;\r\n    color:var(--muted);\r\n    max-width:70ch;\r\n    font-size:clamp(.95rem,.9rem + .2vw,1.05rem);\r\n  }\r\n\r\n  \/* Grid principal *\/\r\n  #vocalia-actividades .va__grid{\r\n    display:grid;\r\n    grid-template-columns: 1.1fr .9fr;\r\n    gap:18px;\r\n    margin-top:16px;\r\n  }\r\n  @media (max-width: 900px){\r\n    #vocalia-actividades .va__grid{ grid-template-columns:1fr; }\r\n  }\r\n\r\n  \/* Card base + separaci\u00f3n vertical mayor y consistente *\/\r\n  #vocalia-actividades .va__card{\r\n    background:var(--paper);\r\n    border:1px solid var(--ring);\r\n    border-radius:var(--radius);\r\n    box-shadow:var(--shadow);\r\n    padding:18px;\r\n  }\r\n  \/* M\u00e1s aire entre bloques apilados verticalmente *\/\r\n  #vocalia-actividades .va__card + .va__card{ margin-top: var(--y-gap); }\r\n  \/* Tambi\u00e9n cuando un bloque sigue a la grid superior *\/\r\n  #vocalia-actividades .va__grid + .va__card{ margin-top: var(--y-gap); }\r\n\r\n  #vocalia-actividades .va__copy p{ line-height:1.55; margin:.55rem 0; }\r\n\r\n  \/* Media: imagen m\u00e1s contenida en todos los dispositivos *\/\r\n  #vocalia-actividades .va__media{\r\n    display:flex; flex-direction:column; gap:12px; align-items:center; justify-content:center;\r\n  }\r\n  #vocalia-actividades .va__img{\r\n    display:block;\r\n    max-width: clamp(180px, 45vw, 280px); \/* \u2193 recortado respecto a la versi\u00f3n anterior *\/\r\n    width:100%;\r\n    height:auto;\r\n    margin:0 auto;\r\n    border-radius:12px; border:1px solid var(--ring); background:#fff;\r\n    object-fit:contain;\r\n  }\r\n\r\n  \/* h3 + icono *\/\r\n  #vocalia-actividades .va__h3{\r\n    display:flex; align-items:center; gap:8px;\r\n    margin:0 0 10px 0;                  \/* un poco m\u00e1s de aire *\/\r\n    font-size:clamp(1.05rem,1rem + .3vw,1.25rem);\r\n    font-weight:750; color:var(--ink);\r\n  }\r\n  #vocalia-actividades .va__ico{ width:20px; height:20px; color:var(--brand); fill:currentColor; }\r\n\r\n  \/* Enlaces y botones *\/\r\n  #vocalia-actividades .va__link{\r\n    color:var(--brand);\r\n    text-decoration:underline; text-underline-offset:2px;\r\n    font-weight:600;                      \/* sutil negrita en enlaces clave *\/\r\n  }\r\n  #vocalia-actividades .va__link:hover{ color:#046d6a; }\r\n  #vocalia-actividades .va__btn{\r\n    --pad:11px 14px; --rad:12px;\r\n    display:inline-flex; align-items:center; justify-content:center; gap:8px;\r\n    padding:var(--pad); border-radius:var(--rad);\r\n    font-weight:700; text-decoration:none;   \/* bot\u00f3n m\u00e1s marcado *\/\r\n    border:1px solid var(--ring-2); background:#fff; color:var(--ink);\r\n    transition: transform .12s ease, box-shadow .2s ease, border-color .2s ease, background .2s ease;\r\n    box-shadow:0 6px 18px rgba(2,6,23,.08); white-space:nowrap;\r\n  }\r\n  #vocalia-actividades .va__btn:hover{\r\n    transform:translateY(-1px);\r\n    border-color:var(--brand);\r\n    box-shadow:0 10px 24px rgba(2,6,23,.12);\r\n  }\r\n  #vocalia-actividades .va__btn--secondary{ background:#ffffff; }\r\n  #vocalia-actividades .va__cta{ margin-top:12px; }\r\n\r\n  \/* Info, listas y notas *\/\r\n  #vocalia-actividades .va__info{ margin-top:18px; }\r\n  #vocalia-actividades .va__list{\r\n    margin:.25rem 0 0 1.2rem; padding:0;\r\n    display:grid; gap:.55rem; color:var(--ink);\r\n  }\r\n  #vocalia-actividades .va__note{\r\n    margin-top:12px; padding:10px 12px; border-radius:12px;\r\n    background:#fff8e7; border:1px solid #fde4b1; color:#8a5a00;\r\n    font-weight:600;\r\n  }\r\n\r\n  \/* Actividades: grid responsivo con mayor separaci\u00f3n vertical *\/\r\n  #vocalia-actividades .va__cards{\r\n    display:grid;\r\n    grid-template-columns: repeat(auto-fit, minmax(220px, 1fr));\r\n    row-gap: var(--cards-gap-y);     \/* \u2191 espacio vertical *\/\r\n    column-gap: var(--cards-gap-x);  \/* espacio horizontal *\/\r\n    margin-top:10px;\r\n  }\r\n  #vocalia-actividades .va__act{\r\n    border:1px solid var(--ring);\r\n    border-radius:14px;\r\n    overflow:hidden;\r\n    background:#fff;\r\n  }\r\n  #vocalia-actividades .va__actHead{\r\n    background:linear-gradient(90deg,var(--brand),var(--brand-2));\r\n    padding:12px; display:flex; align-items:center; justify-content:center;\r\n    min-height:52px;                   \/* altura uniforme del cabezal *\/\r\n  }\r\n  #vocalia-actividades .va__actHead--muted{\r\n    background:linear-gradient(90deg,#94a3b8,#cbd5e1);\r\n  }\r\n  #vocalia-actividades .va__actIco{\r\n    width:22px; height:22px; color:#fff; fill:currentColor;\r\n  }\r\n  #vocalia-actividades .va__actBody{\r\n    padding:14px 14px 15px;\r\n    display:grid; gap:6px;             \/* separaci\u00f3n interna consistente *\/\r\n    min-height: 148px;                 \/* cajas m\u00e1s homog\u00e9neas en altura *\/\r\n  }\r\n  #vocalia-actividades .va__actTitle{\r\n    margin:0; font-size:1.02rem; line-height:1.25; color:var(--ink); font-weight:750;\r\n  }\r\n  #vocalia-actividades .va__actText{\r\n    margin:0; color:var(--muted);\r\n  }\r\n\r\n  \/* Normalizaci\u00f3n de emojis (cuando vengan como <img class=\"emoji\"> de WP) *\/\r\n  #vocalia-actividades img.emoji{\r\n    width:18px; height:18px;           \/* tama\u00f1o uniforme *\/\r\n    vertical-align: text-bottom;\r\n    margin: 0 .08em;\r\n  }\r\n\r\n  \/* Ajustes m\u00f3viles *\/\r\n  @media (max-width:680px){\r\n    #vocalia-actividades{ --y-gap:20px; --cards-gap-y:16px; }\r\n    #vocalia-actividades .va__h{ font-size: clamp(1.15rem, 4.8vw, 1.6rem); }\r\n    #vocalia-actividades .va__actBody{ min-height: 136px; }\r\n  }\r\n  @media (max-width:420px){\r\n    #vocalia-actividades .va__img{ max-width: 220px; }    \/* imagen a\u00fan m\u00e1s contenida *\/\r\n  }\r\n<\/style>\r\n\t\t\t\t<\/div>\n\t\t\t\t<\/div>\n\t\t\t\t\t<\/div>\n\t\t<\/div>\n\t\t\t\t\t<\/div>\n\t\t<\/section>\n\t\t\t\t<\/div>\n\t\t","protected":false},"excerpt":{"rendered":"<p>Vocal\u00eda de organizaci\u00f3n de actividades del Consejo Dise\u00f1amos y coordinamos actividades y eventos para el estudiantado de la UniOvi, en colaboraci\u00f3n con entidades y asociaciones universitarias. La finalidad de la vocal\u00eda es facilitar que los estudiantes de la Universidad de Oviedo presten su colaboraci\u00f3n en el Consejo de Estudiantes, participando en tareas de apoyo y&hellip;&nbsp;<a href=\"https:\/\/www.unioviedo.es\/cestudiantes\/index.php\/vocalia-organizacion-actividades\/\" rel=\"bookmark\">Leer m\u00e1s &raquo;<span class=\"screen-reader-text\">Vocal\u00eda &#8211; Organizaci\u00f3n Actividades<\/span><\/a><\/p>\n","protected":false},"author":1,"featured_media":0,"parent":0,"menu_order":0,"comment_status":"closed","ping_status":"closed","template":"page-templates\/template-pagebuilder-full-width.php","meta":{"neve_meta_sidebar":"","neve_meta_container":"","neve_meta_enable_content_width":"off","neve_meta_content_width":100,"neve_meta_title_alignment":"","neve_meta_author_avatar":"","neve_post_elements_order":"","neve_meta_disable_header":"","neve_meta_disable_footer":"","neve_meta_disable_title":"","footnotes":""},"class_list":["post-4123","page","type-page","status-publish","hentry"],"_links":{"self":[{"href":"https:\/\/www.unioviedo.es\/cestudiantes\/index.php\/wp-json\/wp\/v2\/pages\/4123","targetHints":{"allow":["GET"]}}],"collection":[{"href":"https:\/\/www.unioviedo.es\/cestudiantes\/index.php\/wp-json\/wp\/v2\/pages"}],"about":[{"href":"https:\/\/www.unioviedo.es\/cestudiantes\/index.php\/wp-json\/wp\/v2\/types\/page"}],"author":[{"embeddable":true,"href":"https:\/\/www.unioviedo.es\/cestudiantes\/index.php\/wp-json\/wp\/v2\/users\/1"}],"replies":[{"embeddable":true,"href":"https:\/\/www.unioviedo.es\/cestudiantes\/index.php\/wp-json\/wp\/v2\/comments?post=4123"}],"version-history":[{"count":3,"href":"https:\/\/www.unioviedo.es\/cestudiantes\/index.php\/wp-json\/wp\/v2\/pages\/4123\/revisions"}],"predecessor-version":[{"id":16465,"href":"https:\/\/www.unioviedo.es\/cestudiantes\/index.php\/wp-json\/wp\/v2\/pages\/4123\/revisions\/16465"}],"wp:attachment":[{"href":"https:\/\/www.unioviedo.es\/cestudiantes\/index.php\/wp-json\/wp\/v2\/media?parent=4123"}],"curies":[{"name":"wp","href":"https:\/\/api.w.org\/{rel}","templated":true}]}}