{"id":4218,"date":"2024-04-08T20:27:11","date_gmt":"2024-04-08T20:27:11","guid":{"rendered":"https:\/\/www.unioviedo.es\/cestudiantes\/?page_id=4218"},"modified":"2025-11-09T17:04:20","modified_gmt":"2025-11-09T17:04:20","slug":"comunicado-candidato-rector","status":"publish","type":"page","link":"https:\/\/www.unioviedo.es\/cestudiantes\/index.php\/comunicado-candidato-rector\/","title":{"rendered":"Comunicado sobre declaraciones del candidato a Rector"},"content":{"rendered":"\t\t<div data-elementor-type=\"wp-page\" data-elementor-id=\"4218\" class=\"elementor elementor-4218\">\n\t\t\t\t\t\t<section class=\"elementor-section elementor-top-section elementor-element elementor-element-f1d7259 elementor-section-boxed elementor-section-height-default elementor-section-height-default\" data-id=\"f1d7259\" data-element_type=\"section\" data-e-type=\"section\">\n\t\t\t\t\t\t<div class=\"elementor-container elementor-column-gap-default\">\n\t\t\t\t\t<div class=\"elementor-column elementor-col-100 elementor-top-column elementor-element elementor-element-6460ce9\" data-id=\"6460ce9\" data-element_type=\"column\" data-e-type=\"column\">\n\t\t\t<div class=\"elementor-widget-wrap elementor-element-populated\">\n\t\t\t\t\t\t<div class=\"elementor-element elementor-element-26d42b8 elementor-widget elementor-widget-html\" data-id=\"26d42b8\" data-element_type=\"widget\" data-e-type=\"widget\" data-widget_type=\"html.default\">\n\t\t\t\t<div class=\"elementor-widget-container\">\n\t\t\t\t\t<!-- ======= Aclaraciones y Exigencias (scope: #rector-clarifications) ======= -->\r\n<section id=\"rector-clarifications\" lang=\"es\" aria-labelledby=\"rc-title\">\r\n  <style>\r\n    \/* ===== Scope total: solo #rector-clarifications ===== *\/\r\n    #rector-clarifications{\r\n      --brand:#03827C; --brand2:#0fb9b1; --ink:#0f172a; --muted:#475569;\r\n      --bg:#ffffff; --bg-soft:#f7fffd; --line:rgba(2,6,23,.10); --ring:rgba(3,130,124,.38);\r\n      --shadow:0 22px 60px rgba(2,6,23,.10);\r\n      --radius-xl:26px; --radius:18px; --space:clamp(12px,2vw,24px); --w:1100px;\r\n      --h1:clamp(26px,3vw,44px); --text:clamp(15px,1.35vw,17px);\r\n      font-family:ui-sans-serif,system-ui,-apple-system,\"Segoe UI\",Roboto,Arial,sans-serif;\r\n      color:var(--ink); padding:clamp(12px,2vw,26px); background:linear-gradient(180deg,#fff,#f7fffd);\r\n      text-rendering:optimizeLegibility; -webkit-font-smoothing:antialiased;\r\n    }\r\n    #rector-clarifications *{ box-sizing:border-box }\r\n    #rector-clarifications a{ color:inherit; text-decoration:none }\r\n    #rector-clarifications .wrap{ max-width:var(--w); margin:0 auto }\r\n\r\n    \/* ===== Hero sin imagen ===== *\/\r\n    #rector-clarifications .hero{\r\n      border:1px solid var(--line); border-radius:var(--radius-xl);\r\n      background:\r\n        linear-gradient(180deg,rgba(255,255,255,.92),rgba(247,255,253,.98)) padding-box,\r\n        linear-gradient(180deg,rgba(3,130,124,.28),rgba(15,185,177,.28)) border-box;\r\n      overflow:hidden; box-shadow:var(--shadow);\r\n      padding:clamp(20px,2.6vw,34px);\r\n    }\r\n    #rector-clarifications h1{\r\n      margin:0; font-size:var(--h1); line-height:1.06; font-weight:900; letter-spacing:.2px;\r\n      background:linear-gradient(90deg,var(--brand),var(--brand2));\r\n      -webkit-background-clip:text; background-clip:text; color:transparent; text-wrap:balance;\r\n    }\r\n    #rector-clarifications .meta{\r\n      margin:.7rem 0 0; color:var(--muted); font-weight:600; text-wrap:balance;\r\n    }\r\n    #rector-clarifications .meta time{\r\n      padding:.22rem .6rem; border:1px solid var(--line); border-radius:999px; background:#ffffffa6;\r\n      display:inline-block;\r\n    }\r\n\r\n    \/* ===== Contenido ===== *\/\r\n    #rector-clarifications .content{\r\n      margin:clamp(16px,2.6vw,30px) 0 0;\r\n      border:1px solid var(--line); border-radius:22px; background:#fff; box-shadow:var(--shadow);\r\n      padding:clamp(16px,2.2vw,22px);\r\n    }\r\n    #rector-clarifications .content p{\r\n      font-size:var(--text); line-height:1.78; margin:0 0 1.05rem; color:var(--ink);\r\n      text-align:justify; text-justify:inter-word; hyphens:auto; overflow-wrap:anywhere;\r\n    }\r\n    #rector-clarifications .content p:first-child::first-letter{\r\n      float:left; font-weight:900; font-size:2.6em; line-height:.9; margin:.04em .22em 0 0;\r\n      background:linear-gradient(180deg,var(--brand),var(--brand2));\r\n      -webkit-background-clip:text; background-clip:text; color:transparent;\r\n    }\r\n\r\n    \/* ===== CTAs ===== *\/\r\n    #rector-clarifications .cta{\r\n      display:grid; grid-template-columns:repeat(2,minmax(0,1fr)); gap:14px; margin:clamp(14px,2.2vw,22px) 0 0;\r\n    }\r\n    #rector-clarifications .btn{\r\n      display:flex; align-items:center; justify-content:center; padding:14px 16px;\r\n      border-radius:16px; font-weight:800; letter-spacing:.2px; text-align:center;\r\n      background:\r\n        linear-gradient(180deg,#ffffff,#f4fbf8) padding-box,\r\n        linear-gradient(180deg,rgba(3,130,124,.38),rgba(15,185,177,.38)) border-box;\r\n      border:1px solid transparent; box-shadow:0 14px 34px rgba(2,6,23,.14);\r\n      transition:transform .18s ease, box-shadow .18s ease, background .18s ease;\r\n    }\r\n    #rector-clarifications .btn:hover{ transform:translateY(-2px); box-shadow:0 20px 44px rgba(2,6,23,.18) }\r\n    #rector-clarifications .btn.secondary{\r\n      background:\r\n        linear-gradient(180deg,#ffffff,#fafafa) padding-box,\r\n        linear-gradient(180deg,rgba(2,6,23,.22),rgba(2,6,23,.14)) border-box;\r\n    }\r\n    #rector-clarifications .btn:focus-visible, #rector-clarifications a:focus-visible{\r\n      outline:3px solid var(--ring); outline-offset:2px; border-radius:16px\r\n    }\r\n\r\n    \/* ===== Responsive ===== *\/\r\n    @media (max-width: 820px){\r\n      #rector-clarifications .cta{ grid-template-columns:1fr }\r\n    }\r\n\r\n    \/* ===== Print ===== *\/\r\n    @media print{\r\n      #rector-clarifications{ background:#fff; padding:0 }\r\n      #rector-clarifications .hero, #rector-clarifications .content{ box-shadow:none; border:0 }\r\n      #rector-clarifications .cta{ display:none }\r\n    }\r\n  <\/style>\r\n\r\n  <div class=\"wrap\">\r\n    <header class=\"hero\">\r\n      <h1 id=\"rc-title\">Aclaraciones y Exigencias ante Declaraciones del Candidato a Rector<\/h1>\r\n      <p class=\"meta\">\r\n        <time datetime=\"2024-04-08\">En Oviedo\/Uvi\u00e9u, a 8 de abril de 2024.<\/time>\r\n      <\/p>\r\n    <\/header>\r\n\r\n    <article class=\"content\">\r\n      <p>Desde el Consejo de Estudiantes, tras haber observado diversas declaraciones en medios de comunicaci\u00f3n por parte del candidato a Rector, D. Juan Manuel Cueva Lovelle, consideramos necesario realizar aclaraciones y expresar nuestras exigencias con el objetivo de asegurar la transparencia y participaci\u00f3n en este proceso electoral de suma importancia para el estudiantado.<\/p>\r\n      <p>En primer lugar, el candidato ha expresado en varios medios su cr\u00edtica hacia lo que \u00e9l llama \u00abla nula pol\u00edtica hacia el estudiantado\u00bb, instando a \u201cafrontar los muchos temas que tenemos pendientes con los estudiantes\u201d, y se\u00f1alando la falta de \u201cuna verdadera participaci\u00f3n\u201d del colectivo de estudiantes, alegando que el estudiantado ha sido ninguneado. Ante estas afirmaciones, pedimos al candidato que precise de manera concreta cu\u00e1les son esos problemas que, seg\u00fan \u00e9l, no est\u00e1n siendo abordados dentro del marco de la planificaci\u00f3n estrat\u00e9gica acordada por la comunidad universitaria en su conjunto y, particularmente, por los acuerdos del Consejo de Estudiantes.<\/p>\r\n      <p>Del mismo modo, en una entrevista con EL COMERCIO, el candidato afirm\u00f3 que \u00abEn plena campa\u00f1a Villaverde les ha mandado una encuesta\u00bb (al estudiantado). Consideramos que esta afirmaci\u00f3n, la cual, a nuestro juicio, peca de un desconocimiento absoluto, es incorrecta. La encuesta a la que se refiri\u00f3 el sobredicho candidato es, en realidad, \u00edntegra iniciativa de este Consejo de Estudiantes, que la elabor\u00f3 de forma aut\u00f3noma con la sola intenci\u00f3n de obtener una evaluaci\u00f3n aproximativa del estado de la vida universitaria del estudiantado, a fin de adecuar la redacci\u00f3n del primer Plan de Participaci\u00f3n Estudiantil a la realidad de nuestros compa\u00f1eros y sus necesidades. Adem\u00e1s, esta encuesta ha estado abierta desde el 24 de octubre de 2023, y toda la informaci\u00f3n relacionada con la elaboraci\u00f3n de dicho plan ha estado disponible en la p\u00e1gina web del Consejo de Estudiantes desde entonces. Por otro lado, lo que el candidato menciona como \u00abenv\u00edo de encuesta\u00bb se refiere a la apertura de la misma para que el PDI y el PTGAS de la universidad pudieran realizar sus aportaciones, ya que la mayor\u00eda del estudiantado ya hab\u00eda participado en la misma en ese momento. Es importante destacar, en todo caso, que los resultados actualizados de la encuesta antedicha est\u00e1n en posesi\u00f3n exclusiva del Consejo de Estudiantes y no est\u00e1n en manos de ning\u00fan candidato a Rector.<\/p>\r\n      <p>Por \u00faltimo, recordamos que la Universidad de Oviedo, al igual que todas las universidades en Espa\u00f1a, cuenta con un sistema y unos canales de participaci\u00f3n a trav\u00e9s de los cuales el estudiantado puede expresarse, compartir sus preocupaciones y ejercer su voto. Desde la directiva del Consejo de Estudiantes que fue electa en septiembre de 2022, hemos trabajado incansablemente para asegurar que la representaci\u00f3n estudiantil est\u00e9 coordinada, sea verdaderamente representativa de las preocupaciones reales del estudiantado y garantice la formaci\u00f3n adecuada de los representantes estudiantiles. Por lo tanto, cualquier discusi\u00f3n sobre los problemas del estudiantado debe llevarse a cabo a trav\u00e9s de sus representantes, ya que este proceso es inherentemente participativo. Es fundamental tener en cuenta que la representaci\u00f3n estudiantil cuenta con \u00f3rganos independientes que poseen la legitimidad y la competencia necesarias para abordar y decidir sobre los problemas del estudiantado, y que esta representaci\u00f3n se valida a trav\u00e9s de los procesos de elecci\u00f3n y designaci\u00f3n establecidos en nuestra normativa. Cualquier otro enfoque socavar\u00eda la institucionalidad del sistema y socavar\u00eda la representaci\u00f3n leg\u00edtima del estudiantado.<\/p>\r\n      <p>Si bien reconocemos la importancia del di\u00e1logo abierto y activo en el proceso electoral, es crucial que se respete y se haga uso de los canales de representaci\u00f3n establecidos para garantizar una participaci\u00f3n efectiva y una toma de decisiones justa y transparente en beneficio de toda la comunidad universitaria. Por ello, en el d\u00eda de hoy comunicaremos a los candidatos la propuesta de desarrollo de la campa\u00f1a electoral para el colectivo de estudiantes.<\/p>\r\n    <\/article>\r\n\r\n    <nav class=\"cta\" aria-label=\"Acciones\">\r\n      <a class=\"btn\" href=\"https:\/\/www.unioviedo.es\/cestudiantes\/wp-content\/uploads\/2024\/08\/Comunicado-elecciones-rectorado-09-04-2024-.pdf\" target=\"_blank\" rel=\"noopener\">Acceder al documento (PDF)<\/a>\r\n      <a class=\"btn secondary\" href=\"https:\/\/www.unioviedo.es\/cestudiantes\/index.php\/comunicados\/\">Volver a \u201cComunicados\u201d<\/a>\r\n    <\/nav>\r\n  <\/div>\r\n<\/section>\r\n<!-- ======= \/FIN ======= -->\r\n\t\t\t\t<\/div>\n\t\t\t\t<\/div>\n\t\t\t\t\t<\/div>\n\t\t<\/div>\n\t\t\t\t\t<\/div>\n\t\t<\/section>\n\t\t\t\t<\/div>\n\t\t","protected":false},"excerpt":{"rendered":"<p>Aclaraciones y Exigencias ante Declaraciones del Candidato a Rector En Oviedo\/Uvi\u00e9u, a 8 de abril de 2024. Desde el Consejo de Estudiantes, tras haber observado diversas declaraciones en medios de comunicaci\u00f3n por parte del candidato a Rector, D. Juan Manuel Cueva Lovelle, consideramos necesario realizar aclaraciones y expresar nuestras exigencias con el objetivo de asegurar&hellip;&nbsp;<a href=\"https:\/\/www.unioviedo.es\/cestudiantes\/index.php\/comunicado-candidato-rector\/\" rel=\"bookmark\">Leer m\u00e1s &raquo;<span class=\"screen-reader-text\">Comunicado sobre declaraciones del candidato a Rector<\/span><\/a><\/p>\n","protected":false},"author":1,"featured_media":0,"parent":0,"menu_order":0,"comment_status":"closed","ping_status":"closed","template":"page-templates\/template-pagebuilder-full-width.php","meta":{"neve_meta_sidebar":"","neve_meta_container":"","neve_meta_enable_content_width":"off","neve_meta_content_width":100,"neve_meta_title_alignment":"","neve_meta_author_avatar":"","neve_post_elements_order":"","neve_meta_disable_header":"","neve_meta_disable_footer":"","neve_meta_disable_title":"","footnotes":""},"class_list":["post-4218","page","type-page","status-publish","hentry"],"_links":{"self":[{"href":"https:\/\/www.unioviedo.es\/cestudiantes\/index.php\/wp-json\/wp\/v2\/pages\/4218","targetHints":{"allow":["GET"]}}],"collection":[{"href":"https:\/\/www.unioviedo.es\/cestudiantes\/index.php\/wp-json\/wp\/v2\/pages"}],"about":[{"href":"https:\/\/www.unioviedo.es\/cestudiantes\/index.php\/wp-json\/wp\/v2\/types\/page"}],"author":[{"embeddable":true,"href":"https:\/\/www.unioviedo.es\/cestudiantes\/index.php\/wp-json\/wp\/v2\/users\/1"}],"replies":[{"embeddable":true,"href":"https:\/\/www.unioviedo.es\/cestudiantes\/index.php\/wp-json\/wp\/v2\/comments?post=4218"}],"version-history":[{"count":3,"href":"https:\/\/www.unioviedo.es\/cestudiantes\/index.php\/wp-json\/wp\/v2\/pages\/4218\/revisions"}],"predecessor-version":[{"id":16826,"href":"https:\/\/www.unioviedo.es\/cestudiantes\/index.php\/wp-json\/wp\/v2\/pages\/4218\/revisions\/16826"}],"wp:attachment":[{"href":"https:\/\/www.unioviedo.es\/cestudiantes\/index.php\/wp-json\/wp\/v2\/media?parent=4218"}],"curies":[{"name":"wp","href":"https:\/\/api.w.org\/{rel}","templated":true}]}}