{"id":4250,"date":"2024-04-10T21:47:45","date_gmt":"2024-04-10T21:47:45","guid":{"rendered":"https:\/\/www.unioviedo.es\/cestudiantes\/?page_id=4250"},"modified":"2025-11-09T17:15:33","modified_gmt":"2025-11-09T17:15:33","slug":"comunicado-nueva-directiva","status":"publish","type":"page","link":"https:\/\/www.unioviedo.es\/cestudiantes\/index.php\/comunicado-nueva-directiva\/","title":{"rendered":"Comunicado sobre la nueva Directiva del Consejo de Estudiantes"},"content":{"rendered":"\t\t<div data-elementor-type=\"wp-page\" data-elementor-id=\"4250\" class=\"elementor elementor-4250\">\n\t\t\t\t\t\t<section class=\"elementor-section elementor-top-section elementor-element elementor-element-fc30ac8 elementor-section-boxed elementor-section-height-default elementor-section-height-default\" data-id=\"fc30ac8\" data-element_type=\"section\" data-e-type=\"section\">\n\t\t\t\t\t\t<div class=\"elementor-container elementor-column-gap-default\">\n\t\t\t\t\t<div class=\"elementor-column elementor-col-100 elementor-top-column elementor-element elementor-element-b7f27a2\" data-id=\"b7f27a2\" data-element_type=\"column\" data-e-type=\"column\">\n\t\t\t<div class=\"elementor-widget-wrap elementor-element-populated\">\n\t\t\t\t\t\t<div class=\"elementor-element elementor-element-04609a9 elementor-widget elementor-widget-html\" data-id=\"04609a9\" data-element_type=\"widget\" data-e-type=\"widget\" data-widget_type=\"html.default\">\n\t\t\t\t<div class=\"elementor-widget-container\">\n\t\t\t\t\t<!-- ======= NUEVA DIRECTIVA CEUO (scope: #directive-brief) ======= -->\r\n<section id=\"directive-brief\" lang=\"es\" aria-labelledby=\"dir-title\">\r\n  <style>\r\n    \/* ===== Scope total: solo afecta a #directive-brief ===== *\/\r\n    #directive-brief{\r\n      --brand:#03827C; --brand2:#0fb9b1; --ink:#0f172a; --muted:#475569;\r\n      --bg:#ffffff; --bg-soft:#f7fffd; --line:rgba(2,6,23,.10); --ring:rgba(3,130,124,.38);\r\n      --shadow:0 22px 60px rgba(2,6,23,.10);\r\n      --radius-xl:26px; --radius:18px; --space:clamp(12px,2vw,24px); --w:1100px;\r\n      --h1:clamp(26px,3vw,44px); --text:clamp(15px,1.35vw,17px);\r\n      font-family:ui-sans-serif,system-ui,-apple-system,\"Segoe UI\",Roboto,Arial,sans-serif;\r\n      color:var(--ink); padding:clamp(12px,2vw,26px); background:linear-gradient(180deg,#fff,#f7fffd);\r\n      text-rendering:optimizeLegibility; -webkit-font-smoothing:antialiased;\r\n    }\r\n    #directive-brief *{ box-sizing:border-box }\r\n    #directive-brief a{ color:inherit; text-decoration:none }\r\n    #directive-brief .wrap{ max-width:var(--w); margin:0 auto }\r\n\r\n    \/* ===== Hero ===== *\/\r\n    #directive-brief .hero{\r\n      border:1px solid var(--line); border-radius:var(--radius-xl);\r\n      background:\r\n        linear-gradient(180deg,rgba(255,255,255,.92),rgba(247,255,253,.98)) padding-box,\r\n        linear-gradient(180deg,rgba(3,130,124,.28),rgba(15,185,177,.28)) border-box;\r\n      overflow:hidden; box-shadow:var(--shadow);\r\n      padding:clamp(18px,2.4vw,30px);\r\n      display:grid; grid-template-columns:1.4fr 1fr; gap:clamp(16px,2.4vw,28px); align-items:center;\r\n    }\r\n    #directive-brief h1{\r\n      margin:0; font-size:var(--h1); line-height:1.06; font-weight:900; letter-spacing:.2px;\r\n      background:linear-gradient(90deg,var(--brand),var(--brand2));\r\n      -webkit-background-clip:text; background-clip:text; color:transparent; text-wrap:balance;\r\n    }\r\n    #directive-brief .meta{\r\n      margin:.6rem 0 0; color:var(--muted); font-weight:600; text-wrap:balance;\r\n    }\r\n\r\n    \/* ===== Imagen peque\u00f1a en PC y tablet. Sin desbordes. ===== *\/\r\n    #directive-brief .poster{\r\n      margin:0; border-radius:22px; overflow:hidden; border:1px solid var(--line);\r\n      background:#fff; box-shadow:0 14px 36px rgba(2,6,23,.10);\r\n      width:100%; display:grid; place-items:center; padding:10px; justify-self:end;\r\n      max-width:clamp(180px, 24vw, 260px);   \/* m\u00f3vil\/tablet peque\u00f1o *\/\r\n      max-height:clamp(200px, 40vh, 320px);\r\n    }\r\n    #directive-brief .poster img{\r\n      display:block; width:auto; height:auto;\r\n      max-width:100%; max-height:100%;\r\n      object-fit:contain; background:#fff;\r\n    }\r\n    #directive-brief .poster figcaption{\r\n      font-size:12.5px; color:var(--muted); text-align:center; padding:8px 10px 2px;\r\n    }\r\n    \/* Tablet (\u2265561px y \u2264980px): m\u00e1s contenida *\/\r\n    @media (min-width:561px) and (max-width:980px){\r\n      #directive-brief .poster{ max-width:240px; max-height:280px }\r\n    }\r\n    \/* Desktop (\u2265981px): a\u00fan m\u00e1s peque\u00f1a *\/\r\n    @media (min-width:981px){\r\n      #directive-brief .poster{ max-width:220px; max-height:260px }\r\n    }\r\n\r\n    \/* ===== Contenido ===== *\/\r\n    #directive-brief .content{\r\n      margin:clamp(16px,2.6vw,30px) 0 0;\r\n      border:1px solid var(--line); border-radius:22px; background:#fff; box-shadow:var(--shadow);\r\n      padding:clamp(16px,2.2vw,22px);\r\n    }\r\n    #directive-brief .content p{\r\n      font-size:var(--text); line-height:1.78; margin:0 0 1.05rem; color:var(--ink);\r\n      text-align:justify; text-justify:inter-word; hyphens:auto; overflow-wrap:anywhere;\r\n    }\r\n    #directive-brief .content p:first-child::first-letter{\r\n      float:left; font-weight:900; font-size:2.6em; line-height:.9; margin:.04em .22em 0 0;\r\n      background:linear-gradient(180deg,var(--brand),var(--brand2));\r\n      -webkit-background-clip:text; background-clip:text; color:transparent;\r\n    }\r\n\r\n    \/* ===== CTAs ===== *\/\r\n    #directive-brief .cta{\r\n      display:grid; grid-template-columns:repeat(2,minmax(0,1fr)); gap:14px; margin:clamp(14px,2.2vw,22px) 0 0;\r\n    }\r\n    #directive-brief .btn{\r\n      display:flex; align-items:center; justify-content:center; padding:14px 16px;\r\n      border-radius:16px; font-weight:800; letter-spacing:.2px; text-align:center;\r\n      background:\r\n        linear-gradient(180deg,#ffffff,#f4fbf8) padding-box,\r\n        linear-gradient(180deg,rgba(3,130,124,.38),rgba(15,185,177,.38)) border-box;\r\n      border:1px solid transparent; box-shadow:0 14px 34px rgba(2,6,23,.14);\r\n      transition:transform .18s ease, box-shadow .18s ease, background .18s ease;\r\n    }\r\n    #directive-brief .btn:hover{ transform:translateY(-2px); box-shadow:0 20px 44px rgba(2,6,23,.18) }\r\n    #directive-brief .btn.secondary{\r\n      background:\r\n        linear-gradient(180deg,#ffffff,#fafafa) padding-box,\r\n        linear-gradient(180deg,rgba(2,6,23,.22),rgba(2,6,23,.14)) border-box;\r\n    }\r\n    #directive-brief .btn:focus-visible, #directive-brief a:focus-visible{\r\n      outline:3px solid var(--ring); outline-offset:2px; border-radius:16px\r\n    }\r\n\r\n    \/* ===== Responsive ===== *\/\r\n    @media (max-width: 980px){\r\n      #directive-brief .hero{ grid-template-columns:1fr }\r\n      #directive-brief .poster{ justify-self:center }\r\n      #directive-brief .cta{ grid-template-columns:1fr }\r\n    }\r\n\r\n    \/* ===== Print ===== *\/\r\n    @media print{\r\n      #directive-brief{ background:#fff; padding:0 }\r\n      #directive-brief .hero, #directive-brief .content{ box-shadow:none; border:0 }\r\n      #directive-brief .cta{ display:none }\r\n    }\r\n  <\/style>\r\n\r\n  <div class=\"wrap\">\r\n    <header class=\"hero\">\r\n      <div>\r\n        <h1 id=\"dir-title\">Nueva Directiva del Consejo de Estudiantes<\/h1>\r\n        <p class=\"meta\">Oviedo\/Uvi\u00e9u \u00b7 11 de abril de 2024<\/p>\r\n      <\/div>\r\n\r\n      <figure class=\"poster\" aria-label=\"Nueva Directiva del Consejo de Estudiantes\">\r\n        <img loading=\"lazy\" decoding=\"async\"\r\n          loading=\"lazy\"\r\n          src=\"https:\/\/www.unioviedo.es\/cestudiantes\/wp-content\/uploads\/2024\/04\/92A499AB-839C-41EF-9AAE-DC0253165AEE-819x1024.jpeg\"\r\n          srcset=\"https:\/\/www.unioviedo.es\/cestudiantes\/wp-content\/uploads\/2024\/04\/92A499AB-839C-41EF-9AAE-DC0253165AEE-240x300.jpeg 240w,\r\n                  https:\/\/www.unioviedo.es\/cestudiantes\/wp-content\/uploads\/2024\/04\/92A499AB-839C-41EF-9AAE-DC0253165AEE-768x960.jpeg 768w,\r\n                  https:\/\/www.unioviedo.es\/cestudiantes\/wp-content\/uploads\/2024\/04\/92A499AB-839C-41EF-9AAE-DC0253165AEE-819x1024.jpeg 819w,\r\n                  https:\/\/www.unioviedo.es\/cestudiantes\/wp-content\/uploads\/2024\/04\/92A499AB-839C-41EF-9AAE-DC0253165AEE-1229x1536.jpeg 1229w\"\r\n          sizes=\"auto, (min-width:981px) 220px, (min-width:561px) 240px, 70vw\"\r\n          width=\"819\" height=\"1024\"\r\n          alt=\"Equipo directivo del Consejo de Estudiantes\">\r\n        <figcaption>De izquierda a derecha: Andr\u00e9s Fern\u00e1ndez Men\u00e9ndez (secretario), Jes\u00fas Vera Berdasco (presidente), Estela Gonz\u00e1lez Areces (tesorera) y Pelayo Alonso Buela (vicepresidente).<\/figcaption>\r\n      <\/figure>\r\n    <\/header>\r\n\r\n    <article class=\"content\">\r\n      <p>En el d\u00eda de hoy, tras un proceso electoral que comenz\u00f3 el 5 de febrero, la Junta Electoral del Consejo de Estudiantes ha hecho la proclamaci\u00f3n de candidaturas electas a presidencia, secretar\u00eda y tesorer\u00eda del m\u00e1ximo \u00f3rgano de representaci\u00f3n estudiantil de la Universidad de Oviedo.<\/p>\r\n      <p>Tras un proceso electoral que reflej\u00f3 el inter\u00e9s y la preocupaci\u00f3n de los estudiantes por los asuntos que afectan a su vida acad\u00e9mica y universitaria, Jes\u00fas Vera Berdasco ha sido elegido como presidente del Consejo de Estudiantes. La elecci\u00f3n de Vera Berdasco y su equipo (como Secretario reelecto, Andr\u00e9s Fern\u00e1ndez Men\u00e9ndez, y como Tesorera, Estela Gonz\u00e1lez Areces; y como Vicepresidente Pelayo Alonso Buelga) representa, seg\u00fan el candidato electo, un voto de confianza en la continuidad del trabajo realizado y en la consolidaci\u00f3n de los logros alcanzados hasta el momento.<\/p>\r\n      <p>En su discurso de presentaci\u00f3n de candidatura, Jes\u00fas Vera Berdasco expres\u00f3 su agradecimiento a la comunidad estudiantil por el respaldo recibido y reiter\u00f3 su compromiso de seguir trabajando en beneficio del estudiantado. Destac\u00f3 la importancia de la unidad y la coordinaci\u00f3n entre los estudiantes para enfrentar los desaf\u00edos futuros, especialmente en el contexto de las pr\u00f3ximas elecciones al Rectorado.<\/p>\r\n      <p>La nueva directiva del Consejo de Estudiantes se compromete a continuar representando fielmente los intereses y derechos de los estudiantes de la Universidad de Oviedo, as\u00ed como a trabajar en la mejora constante de las condiciones acad\u00e9micas y sociales de la comunidad universitaria.<\/p>\r\n    <\/article>\r\n\r\n    <nav class=\"cta\" aria-label=\"Acciones\">\r\n      <a class=\"btn\" href=\"https:\/\/www.unioviedo.es\/cestudiantes\/wp-content\/uploads\/2024\/08\/Comunicado-nueva-directiva-del-Consejo-11-04-2024.pdf\" target=\"_blank\" rel=\"noopener\">Acceder al documento (PDF)<\/a>\r\n      <a class=\"btn secondary\" href=\"https:\/\/www.unioviedo.es\/cestudiantes\/index.php\/comunicados\/\">Volver a \u201cComunicados\u201d<\/a>\r\n    <\/nav>\r\n  <\/div>\r\n<\/section>\r\n<!-- ======= \/FIN ======= -->\r\n\t\t\t\t<\/div>\n\t\t\t\t<\/div>\n\t\t\t\t\t<\/div>\n\t\t<\/div>\n\t\t\t\t\t<\/div>\n\t\t<\/section>\n\t\t\t\t<\/div>\n\t\t","protected":false},"excerpt":{"rendered":"<p>Nueva Directiva del Consejo de Estudiantes Oviedo\/Uvi\u00e9u \u00b7 11 de abril de 2024 De izquierda a derecha: Andr\u00e9s Fern\u00e1ndez Men\u00e9ndez (secretario), Jes\u00fas Vera Berdasco (presidente), Estela Gonz\u00e1lez Areces (tesorera) y Pelayo Alonso Buela (vicepresidente). En el d\u00eda de hoy, tras un proceso electoral que comenz\u00f3 el 5 de febrero, la Junta Electoral del Consejo de&hellip;&nbsp;<a href=\"https:\/\/www.unioviedo.es\/cestudiantes\/index.php\/comunicado-nueva-directiva\/\" rel=\"bookmark\">Leer m\u00e1s &raquo;<span class=\"screen-reader-text\">Comunicado sobre la nueva Directiva del Consejo de Estudiantes<\/span><\/a><\/p>\n","protected":false},"author":1,"featured_media":0,"parent":0,"menu_order":0,"comment_status":"closed","ping_status":"closed","template":"page-templates\/template-pagebuilder-full-width.php","meta":{"neve_meta_sidebar":"","neve_meta_container":"","neve_meta_enable_content_width":"off","neve_meta_content_width":100,"neve_meta_title_alignment":"","neve_meta_author_avatar":"","neve_post_elements_order":"","neve_meta_disable_header":"","neve_meta_disable_footer":"","neve_meta_disable_title":"","footnotes":""},"class_list":["post-4250","page","type-page","status-publish","hentry"],"_links":{"self":[{"href":"https:\/\/www.unioviedo.es\/cestudiantes\/index.php\/wp-json\/wp\/v2\/pages\/4250","targetHints":{"allow":["GET"]}}],"collection":[{"href":"https:\/\/www.unioviedo.es\/cestudiantes\/index.php\/wp-json\/wp\/v2\/pages"}],"about":[{"href":"https:\/\/www.unioviedo.es\/cestudiantes\/index.php\/wp-json\/wp\/v2\/types\/page"}],"author":[{"embeddable":true,"href":"https:\/\/www.unioviedo.es\/cestudiantes\/index.php\/wp-json\/wp\/v2\/users\/1"}],"replies":[{"embeddable":true,"href":"https:\/\/www.unioviedo.es\/cestudiantes\/index.php\/wp-json\/wp\/v2\/comments?post=4250"}],"version-history":[{"count":3,"href":"https:\/\/www.unioviedo.es\/cestudiantes\/index.php\/wp-json\/wp\/v2\/pages\/4250\/revisions"}],"predecessor-version":[{"id":16834,"href":"https:\/\/www.unioviedo.es\/cestudiantes\/index.php\/wp-json\/wp\/v2\/pages\/4250\/revisions\/16834"}],"wp:attachment":[{"href":"https:\/\/www.unioviedo.es\/cestudiantes\/index.php\/wp-json\/wp\/v2\/media?parent=4250"}],"curies":[{"name":"wp","href":"https:\/\/api.w.org\/{rel}","templated":true}]}}