{"id":4459,"date":"2024-04-23T16:08:43","date_gmt":"2024-04-23T16:08:43","guid":{"rendered":"https:\/\/www.unioviedo.es\/cestudiantes\/?page_id=4459"},"modified":"2025-11-21T14:25:25","modified_gmt":"2025-11-21T14:25:25","slug":"donde-votar-a-rector-oviedo","status":"publish","type":"page","link":"https:\/\/www.unioviedo.es\/cestudiantes\/index.php\/donde-votar-a-rector-oviedo\/","title":{"rendered":"\u00bfD\u00f3nde votar a Rector? Oviedo"},"content":{"rendered":"\t\t<div data-elementor-type=\"wp-page\" data-elementor-id=\"4459\" class=\"elementor elementor-4459\">\n\t\t\t\t\t\t<section class=\"elementor-section elementor-top-section elementor-element elementor-element-385f997 elementor-section-boxed elementor-section-height-default elementor-section-height-default\" data-id=\"385f997\" data-element_type=\"section\" data-e-type=\"section\">\n\t\t\t\t\t\t<div class=\"elementor-container elementor-column-gap-default\">\n\t\t\t\t\t<div class=\"elementor-column elementor-col-100 elementor-top-column elementor-element elementor-element-c7e5a3a\" data-id=\"c7e5a3a\" data-element_type=\"column\" data-e-type=\"column\">\n\t\t\t<div class=\"elementor-widget-wrap elementor-element-populated\">\n\t\t\t\t\t\t<div class=\"elementor-element elementor-element-628a88d elementor-widget elementor-widget-html\" data-id=\"628a88d\" data-element_type=\"widget\" data-e-type=\"widget\" data-widget_type=\"html.default\">\n\t\t\t\t<div class=\"elementor-widget-container\">\n\t\t\t\t\t<!-- ========= BLOQUE \u00b7 MESAS ELECTORALES RECTOR \u00b7 OVIEDO ========= -->\r\n<div class=\"mg-scope\" role=\"region\" aria-label=\"Mesas electorales para votaciones a Rector en Oviedo\">\r\n  <div class=\"mg-shell\">\r\n    <!-- Cabecera -->\r\n    <header class=\"mg-header\">\r\n      <span class=\"mg-tag\">Elecciones a Rector 2024 \u00b7 Oviedo<\/span>\r\n      <h2 class=\"mg-title-main\">Mesas electorales para votaciones a Rector (Oviedo)<\/h2>\r\n      <p class=\"mg-lead\">\r\n        Consulta d\u00f3nde est\u00e1 cada mesa electoral en Oviedo y accede a su ubicaci\u00f3n en el plano interactivo de la Universidad.\r\n      <\/p>\r\n    <\/header>\r\n\r\n    <!-- Lista UNA SOLA COLUMNA -->\r\n    <section class=\"mg-grid\" aria-label=\"Mesas electorales por centro en Oviedo\">\r\n\r\n      <!-- Facultad de Derecho -->\r\n      <article class=\"mg-card\">\r\n        <figure class=\"mg-image\">\r\n          <img decoding=\"async\"\r\n            src=\"https:\/\/www.unioviedo.es\/cestudiantes\/wp-content\/uploads\/2024\/04\/Facultad-de-Derecho.png\"\r\n            alt=\"Fachada de la Facultad de Derecho\"\r\n            loading=\"lazy\"\r\n          \/>\r\n        <\/figure>\r\n        <div class=\"mg-card-body\">\r\n          <h3 class=\"mg-center-name\">Facultad de Derecho<\/h3>\r\n          <p class=\"mg-room\">Aula Magna (planta baja)<\/p>\r\n          <a\r\n            class=\"mg-btn\"\r\n            href=\"https:\/\/gis.uniovi.es\/GISUniovi\/GeoLoc.do?codEspacio=01.02.01.01.P0.00.06\"\r\n            target=\"_blank\"\r\n            rel=\"noopener\"\r\n          >\r\n            Ver ubicaci\u00f3n en el plano\r\n          <\/a>\r\n        <\/div>\r\n      <\/article>\r\n\r\n      <!-- Facultad de Econom\u00eda y Empresa -->\r\n      <article class=\"mg-card\">\r\n        <figure class=\"mg-image\">\r\n          <img decoding=\"async\"\r\n            src=\"https:\/\/www.unioviedo.es\/cestudiantes\/wp-content\/uploads\/2024\/04\/Facultad-de-Economia-y-Empresa.jpg\"\r\n            alt=\"Fachada de la Facultad de Econom\u00eda y Empresa\"\r\n            loading=\"lazy\"\r\n          \/>\r\n        <\/figure>\r\n        <div class=\"mg-card-body\">\r\n          <h3 class=\"mg-center-name\">Facultad de Econom\u00eda y Empresa<\/h3>\r\n          <p class=\"mg-room\">Sala de Estudios (sala 42 de la planta baja)<\/p>\r\n          <a\r\n            class=\"mg-btn\"\r\n            href=\"https:\/\/gis.uniovi.es\/GISUniovi\/GeoLoc.do?codEspacio=01.02.10.03.P0.01.05\"\r\n            target=\"_blank\"\r\n            rel=\"noopener\"\r\n          >\r\n            Ver ubicaci\u00f3n en el plano\r\n          <\/a>\r\n        <\/div>\r\n      <\/article>\r\n\r\n      <!-- Facultad de Biolog\u00eda -->\r\n      <article class=\"mg-card\">\r\n        <figure class=\"mg-image\">\r\n          <img decoding=\"async\"\r\n            src=\"https:\/\/www.unioviedo.es\/cestudiantes\/wp-content\/uploads\/2024\/04\/Facultad-de-Biologia.png\"\r\n            alt=\"Fachada de la Facultad de Biolog\u00eda\"\r\n            loading=\"lazy\"\r\n          \/>\r\n        <\/figure>\r\n        <div class=\"mg-card-body\">\r\n          <h3 class=\"mg-center-name\">Facultad de Biolog\u00eda<\/h3>\r\n          <p class=\"mg-room\">Sala de grados (primera planta)<\/p>\r\n          <a\r\n            class=\"mg-btn\"\r\n            href=\"https:\/\/gis.uniovi.es\/GISUniovi\/GeoLoc.do?codEspacio=01.06.02.00.P1.00.06.01\"\r\n            target=\"_blank\"\r\n            rel=\"noopener\"\r\n          >\r\n            Ver ubicaci\u00f3n en el plano\r\n          <\/a>\r\n        <\/div>\r\n      <\/article>\r\n\r\n      <!-- HUCA -->\r\n      <article class=\"mg-card\">\r\n        <figure class=\"mg-image\">\r\n          <img decoding=\"async\"\r\n            src=\"https:\/\/www.unioviedo.es\/cestudiantes\/wp-content\/uploads\/2024\/04\/HUCA-1024x323.png\"\r\n            alt=\"Hospital Universitario Central de Asturias (HUCA)\"\r\n            loading=\"lazy\"\r\n          \/>\r\n        <\/figure>\r\n        <div class=\"mg-card-body\">\r\n          <h3 class=\"mg-center-name\">HUCA<\/h3>\r\n          <p class=\"mg-room\">Cubo 6 (\u00e1rea docencia)<\/p>\r\n          <a\r\n            class=\"mg-btn\"\r\n            href=\"https:\/\/gis.uniovi.es\/GISUniovi\/GeoLoc.do?codEspacio=01.06.16.00.P0.00.01.02\"\r\n            target=\"_blank\"\r\n            rel=\"noopener\"\r\n          >\r\n            Ver ubicaci\u00f3n en el plano\r\n          <\/a>\r\n        <\/div>\r\n      <\/article>\r\n\r\n      <!-- Facultad de Medicina y Ciencias de la Salud -->\r\n      <article class=\"mg-card\">\r\n        <figure class=\"mg-image\">\r\n          <img decoding=\"async\"\r\n            src=\"https:\/\/www.unioviedo.es\/cestudiantes\/wp-content\/uploads\/2024\/04\/Facultad-de-Medicina.png\"\r\n            alt=\"Fachada de la Facultad de Medicina y Ciencias de la Salud\"\r\n            loading=\"lazy\"\r\n          \/>\r\n        <\/figure>\r\n        <div class=\"mg-card-body\">\r\n          <h3 class=\"mg-center-name\">Facultad de Medicina y Ciencias de la Salud<\/h3>\r\n          <p class=\"mg-room\">Aula M de la Facultad de Medicina (primera planta)<\/p>\r\n          <a\r\n            class=\"mg-btn\"\r\n            href=\"https:\/\/gis.uniovi.es\/GISUniovi\/GeoLoc.do?codEspacio=01.06.14.00.P1.00.01.10\"\r\n            target=\"_blank\"\r\n            rel=\"noopener\"\r\n          >\r\n            Ver ubicaci\u00f3n en el plano\r\n          <\/a>\r\n        <\/div>\r\n      <\/article>\r\n\r\n      <!-- Facultad de Qu\u00edmica -->\r\n      <article class=\"mg-card\">\r\n        <figure class=\"mg-image\">\r\n          <img decoding=\"async\"\r\n            src=\"https:\/\/www.unioviedo.es\/cestudiantes\/wp-content\/uploads\/2024\/04\/Facultad-de-Quimica.png\"\r\n            alt=\"Fachada de la Facultad de Qu\u00edmica\"\r\n            loading=\"lazy\"\r\n          \/>\r\n        <\/figure>\r\n        <div class=\"mg-card-body\">\r\n          <h3 class=\"mg-center-name\">Facultad de Qu\u00edmica<\/h3>\r\n          <p class=\"mg-room\">Aula 15 (planta baja)<\/p>\r\n          <a\r\n            class=\"mg-btn\"\r\n            href=\"https:\/\/gis.uniovi.es\/GISUniovi\/GeoLoc.do?codEspacio=01.06.04.00.P0.00.02.01\"\r\n            target=\"_blank\"\r\n            rel=\"noopener\"\r\n          >\r\n            Ver ubicaci\u00f3n en el plano\r\n          <\/a>\r\n        <\/div>\r\n      <\/article>\r\n\r\n      <!-- Facultad de Geolog\u00eda -->\r\n      <article class=\"mg-card\">\r\n        <figure class=\"mg-image\">\r\n          <img decoding=\"async\"\r\n            src=\"https:\/\/www.unioviedo.es\/cestudiantes\/wp-content\/uploads\/2024\/04\/Facultad-de-Geologia-1024x549.png\"\r\n            alt=\"Fachada de la Facultad de Geolog\u00eda\"\r\n            loading=\"lazy\"\r\n          \/>\r\n        <\/figure>\r\n        <div class=\"mg-card-body\">\r\n          <h3 class=\"mg-center-name\">Facultad de Geolog\u00eda<\/h3>\r\n          <p class=\"mg-room\">Laboratorio docencia-investigaci\u00f3n (planta baja)<\/p>\r\n          <a\r\n            class=\"mg-btn\"\r\n            href=\"https:\/\/gis.uniovi.es\/GISUniovi\/GeoLoc.do?codEspacio=01.03.06.00.P0.00.06.01.03\"\r\n            target=\"_blank\"\r\n            rel=\"noopener\"\r\n          >\r\n            Ver ubicaci\u00f3n en el plano\r\n          <\/a>\r\n        <\/div>\r\n      <\/article>\r\n\r\n      <!-- Facultad de Formaci\u00f3n del Profesorado y Educaci\u00f3n -->\r\n      <article class=\"mg-card\">\r\n        <figure class=\"mg-image\">\r\n          <img decoding=\"async\"\r\n            src=\"https:\/\/www.unioviedo.es\/cestudiantes\/wp-content\/uploads\/2024\/04\/Facultad-de-Formacion-del-Profesorado-y-Educacion-1024x376.png\"\r\n            alt=\"Fachada de la Facultad de Formaci\u00f3n del Profesorado y Educaci\u00f3n\"\r\n            loading=\"lazy\"\r\n          \/>\r\n        <\/figure>\r\n        <div class=\"mg-card-body\">\r\n          <h3 class=\"mg-center-name\">Facultad de Formaci\u00f3n del Profesorado y Educaci\u00f3n<\/h3>\r\n          <p class=\"mg-room\">Sala de reuniones (planta baja del Edificio Norte en el pasillo del Decanato)<\/p>\r\n          <a\r\n            class=\"mg-btn\"\r\n            href=\"https:\/\/gis.uniovi.es\/GISUniovi\/GeoLoc.do?codEspacio=01.03.01.00.P0.00.01.06\"\r\n            target=\"_blank\"\r\n            rel=\"noopener\"\r\n          >\r\n            Ver ubicaci\u00f3n en el plano\r\n          <\/a>\r\n        <\/div>\r\n      <\/article>\r\n\r\n      <!-- Facultad de Ciencias -->\r\n      <article class=\"mg-card\">\r\n        <figure class=\"mg-image\">\r\n          <img decoding=\"async\"\r\n            src=\"https:\/\/www.unioviedo.es\/cestudiantes\/wp-content\/uploads\/2024\/04\/Facultad-de-Ciencias-1024x380.png\"\r\n            alt=\"Fachada de la Facultad de Ciencias\"\r\n            loading=\"lazy\"\r\n          \/>\r\n        <\/figure>\r\n        <div class=\"mg-card-body\">\r\n          <h3 class=\"mg-center-name\">Facultad de Ciencias<\/h3>\r\n          <p class=\"mg-room\">Hall de la Facultad<\/p>\r\n          <a\r\n            class=\"mg-btn\"\r\n            href=\"https:\/\/gis.uniovi.es\/GISUniovi\/GeoLoc.do?codEspacio=01.03.02.00.P0.00.01\"\r\n            target=\"_blank\"\r\n            rel=\"noopener\"\r\n          >\r\n            Ver ubicaci\u00f3n en el plano\r\n          <\/a>\r\n        <\/div>\r\n      <\/article>\r\n\r\n      <!-- Escuela de Ingenier\u00eda Inform\u00e1tica -->\r\n      <article class=\"mg-card\">\r\n        <figure class=\"mg-image\">\r\n          <img decoding=\"async\"\r\n            src=\"https:\/\/www.unioviedo.es\/cestudiantes\/wp-content\/uploads\/2024\/04\/Escuela-de-Ing.-Informatica.png\"\r\n            alt=\"Fachada de la Escuela de Ingenier\u00eda Inform\u00e1tica\"\r\n            loading=\"lazy\"\r\n          \/>\r\n        <\/figure>\r\n        <div class=\"mg-card-body\">\r\n          <h3 class=\"mg-center-name\">Escuela de Ingenier\u00eda Inform\u00e1tica<\/h3>\r\n          <p class=\"mg-room\">Aula A-B-01, planta baja<\/p>\r\n          <a\r\n            class=\"mg-btn\"\r\n            href=\"https:\/\/gis.uniovi.es\/GISUniovi\/GeoLoc.do?codEspacio=01.01.01.00.P0.00.07.03\"\r\n            target=\"_blank\"\r\n            rel=\"noopener\"\r\n          >\r\n            Ver ubicaci\u00f3n en el plano\r\n          <\/a>\r\n        <\/div>\r\n      <\/article>\r\n\r\n      <!-- Facultad de Psicolog\u00eda -->\r\n      <article class=\"mg-card\">\r\n        <figure class=\"mg-image\">\r\n          <img decoding=\"async\"\r\n            src=\"https:\/\/www.unioviedo.es\/cestudiantes\/wp-content\/uploads\/2024\/04\/Facultad-de-Psicologia-1024x562.png\"\r\n            alt=\"Fachada de la Facultad de Psicolog\u00eda\"\r\n            loading=\"lazy\"\r\n          \/>\r\n        <\/figure>\r\n        <div class=\"mg-card-body\">\r\n          <h3 class=\"mg-center-name\">Facultad de Psicolog\u00eda<\/h3>\r\n          <p class=\"mg-room\">Pasillo frente a la secretar\u00eda (planta baja)<\/p>\r\n          <a\r\n            class=\"mg-btn\"\r\n            href=\"https:\/\/gis.uniovi.es\/GISUniovi\/GeoLoc.do?codEspacio=01.05.07.00.P0.00.03\"\r\n            target=\"_blank\"\r\n            rel=\"noopener\"\r\n          >\r\n            Ver ubicaci\u00f3n en el plano\r\n          <\/a>\r\n        <\/div>\r\n      <\/article>\r\n\r\n      <!-- Facultad de Filosof\u00eda y Letras -->\r\n      <article class=\"mg-card\">\r\n        <figure class=\"mg-image\">\r\n          <img decoding=\"async\"\r\n            src=\"https:\/\/www.unioviedo.es\/cestudiantes\/wp-content\/uploads\/2024\/04\/Facultad-de-Filosofia-y-Letras-1024x501.png\"\r\n            alt=\"Fachada de la Facultad de Filosof\u00eda y Letras\"\r\n            loading=\"lazy\"\r\n          \/>\r\n        <\/figure>\r\n        <div class=\"mg-card-body\">\r\n          <h3 class=\"mg-center-name\">Facultad de Filosof\u00eda y Letras<\/h3>\r\n          <p class=\"mg-room\">Capilla (sala de ordenadores) del Edificio Departamental (planta baja)<\/p>\r\n          <a\r\n            class=\"mg-btn\"\r\n            href=\"https:\/\/gis.uniovi.es\/GISUniovi\/GeoLoc.do?codEspacio=01.04.08.00.P0.00.01.01.03\"\r\n            target=\"_blank\"\r\n            rel=\"noopener\"\r\n          >\r\n            Ver ubicaci\u00f3n en el plano\r\n          <\/a>\r\n        <\/div>\r\n      <\/article>\r\n\r\n      <!-- Facultad Padre Oss\u00f3 (sin imagen) -->\r\n      <article class=\"mg-card mg-card-noimg\">\r\n        <div class=\"mg-card-body\">\r\n          <h3 class=\"mg-center-name\">Facultad Padre Oss\u00f3<\/h3>\r\n          <p class=\"mg-room\">Decanato<\/p>\r\n          <p class=\"mg-note\">\r\n            La mesa electoral se ubicar\u00e1 en el Decanato. El centro\r\n            se\u00f1alizar\u00e1 la zona de votaci\u00f3n el d\u00eda de las elecciones.\r\n          <\/p>\r\n        <\/div>\r\n      <\/article>\r\n\r\n    <\/section>\r\n  <\/div>\r\n\r\n  <style>\r\n    .mg-scope{\r\n      --brand:#03827C;\r\n      --brand-soft:#e0f3f1;\r\n      --ink:#020617;\r\n      --muted:#4b5563;\r\n      --card:#ffffff;\r\n      --line:rgba(148,163,184,.32);\r\n      --shadow:0 14px 32px rgba(15,23,42,.06);\r\n\r\n      -webkit-font-smoothing:antialiased;\r\n      font-family:system-ui,-apple-system,BlinkMacSystemFont,\"Segoe UI\",Roboto,\"Helvetica Neue\",Arial,sans-serif;\r\n      color:var(--ink);\r\n    }\r\n    .mg-scope *{\r\n      box-sizing:border-box;\r\n    }\r\n\r\n    .mg-shell{\r\n      max-width:880px;\r\n      margin:0 auto;\r\n      padding:clamp(16px,3vw,24px) 8px 24px;\r\n    }\r\n\r\n    \/* Cabecera *\/\r\n    .mg-header{\r\n      border-radius:20px;\r\n      border:1px solid rgba(3,130,124,.18);\r\n      background:radial-gradient(circle at top left,#e0f3f1 0,#ffffff 60%);\r\n      padding:18px 18px 16px;\r\n      box-shadow:var(--shadow);\r\n      margin-bottom:22px;\r\n    }\r\n    .mg-tag{\r\n      display:inline-flex;\r\n      align-items:center;\r\n      padding:4px 10px;\r\n      border-radius:999px;\r\n      background:rgba(255,255,255,.98);\r\n      border:1px solid rgba(148,163,184,.4);\r\n      font-size:11px;\r\n      text-transform:uppercase;\r\n      letter-spacing:.16em;\r\n      color:#03635f;\r\n      margin-bottom:8px;\r\n      font-weight:700;\r\n    }\r\n    .mg-title-main{\r\n      margin:0 0 6px;\r\n      font-size:clamp(21px,3.4vw,27px);\r\n      line-height:1.25;\r\n      letter-spacing:.01em;\r\n      color:var(--ink);\r\n      text-wrap:balance;\r\n    }\r\n    .mg-lead{\r\n      margin:0;\r\n      font-size:15px;\r\n      line-height:1.7;\r\n      color:var(--muted);\r\n      max-width:52rem;\r\n    }\r\n\r\n    \/* Lista UNA COLUMNA *\/\r\n    .mg-grid{\r\n      display:flex;\r\n      flex-direction:column;\r\n      gap:clamp(14px,2.4vw,20px);\r\n      margin-top:14px;\r\n    }\r\n\r\n    \/* Cards *\/\r\n    .mg-card{\r\n      background:var(--card);\r\n      border-radius:18px;\r\n      border:1px solid var(--line);\r\n      box-shadow:var(--shadow);\r\n      display:flex;\r\n      flex-direction:column;\r\n      overflow:hidden;\r\n      transition:.16s transform,.16s box-shadow,.16s border-color,.16s background;\r\n    }\r\n    .mg-card:hover{\r\n      transform:translateY(-1px);\r\n      box-shadow:0 18px 40px rgba(15,23,42,.12);\r\n      border-color:rgba(3,130,124,.32);\r\n    }\r\n\r\n    .mg-image{\r\n      margin:0;\r\n      background:#f8fafc; \/* sin franjas negras *\/\r\n      display:flex;\r\n      justify-content:center;\r\n      padding:0;\r\n    }\r\n    .mg-image img{\r\n      display:block;\r\n      width:auto;          \/* respeta el tama\u00f1o original *\/\r\n      height:auto;         \/* respeta la proporci\u00f3n *\/\r\n      max-width:100%;      \/* se adapta si el contenedor es m\u00e1s estrecho *\/\r\n    }\r\n\r\n    .mg-card-body{\r\n      padding:14px 16px 15px;\r\n      display:flex;\r\n      flex-direction:column;\r\n      gap:7px;\r\n    }\r\n\r\n    .mg-center-name{\r\n      margin:0;\r\n      font-size:16px;\r\n      font-weight:750;\r\n      line-height:1.35;\r\n      color:#020617;\r\n    }\r\n    .mg-room{\r\n      margin:0;\r\n      font-size:14px;\r\n      color:#111827;\r\n    }\r\n\r\n    .mg-note{\r\n      margin:2px 0 0;\r\n      font-size:13.5px;\r\n      line-height:1.6;\r\n      color:var(--muted);\r\n    }\r\n\r\n    \/* Card sin imagen *\/\r\n    .mg-card-noimg{\r\n      background:linear-gradient(135deg,#ecfeff,#ffffff);\r\n    }\r\n\r\n    \/* Bot\u00f3n *\/\r\n    .mg-btn{\r\n      margin-top:9px;\r\n      align-self:flex-start;\r\n      display:inline-flex;\r\n      align-items:center;\r\n      justify-content:center;\r\n      gap:6px;\r\n      padding:9px 15px;\r\n      border-radius:999px;\r\n      font-size:13.5px;\r\n      font-weight:700;\r\n      text-decoration:none;\r\n      cursor:pointer;\r\n      background:var(--brand);\r\n      color:#ffffff;\r\n      border:1px solid var(--brand);\r\n      box-shadow:0 10px 24px rgba(3,130,124,.28);\r\n      transition:.16s background,.16s border-color,.16s color,.16s transform,.16s box-shadow;\r\n      white-space:nowrap;\r\n    }\r\n    .mg-btn:hover{\r\n      transform:translateY(-1px);\r\n      box-shadow:0 14px 30px rgba(3,130,124,.34);\r\n      background:#026d68;\r\n      border-color:#026d68;\r\n    }\r\n\r\n    \/* Responsive *\/\r\n    @media (max-width:900px){\r\n      .mg-shell{\r\n        padding:14px 6px 22px;\r\n      }\r\n      .mg-header{\r\n        padding:16px 14px 14px;\r\n        margin-bottom:18px;\r\n      }\r\n    }\r\n    @media (max-width:640px){\r\n      .mg-card-body{\r\n        padding:12px 13px 13px;\r\n      }\r\n      .mg-btn{\r\n        width:100%;\r\n        justify-content:center;\r\n      }\r\n    }\r\n  <\/style>\r\n<\/div>\r\n<!-- ========= FIN BLOQUE ========= -->\r\n\t\t\t\t<\/div>\n\t\t\t\t<\/div>\n\t\t\t\t\t<\/div>\n\t\t<\/div>\n\t\t\t\t\t<\/div>\n\t\t<\/section>\n\t\t\t\t<\/div>\n\t\t","protected":false},"excerpt":{"rendered":"<p>Elecciones a Rector 2024 \u00b7 Oviedo Mesas electorales para votaciones a Rector (Oviedo) Consulta d\u00f3nde est\u00e1 cada mesa electoral en Oviedo y accede a su ubicaci\u00f3n en el plano interactivo de la Universidad. Facultad de Derecho Aula Magna (planta baja) Ver ubicaci\u00f3n en el plano Facultad de Econom\u00eda y Empresa Sala de Estudios (sala 42&hellip;&nbsp;<a href=\"https:\/\/www.unioviedo.es\/cestudiantes\/index.php\/donde-votar-a-rector-oviedo\/\" rel=\"bookmark\">Leer m\u00e1s &raquo;<span class=\"screen-reader-text\">\u00bfD\u00f3nde votar a Rector? Oviedo<\/span><\/a><\/p>\n","protected":false},"author":1,"featured_media":0,"parent":0,"menu_order":0,"comment_status":"closed","ping_status":"closed","template":"page-templates\/template-pagebuilder-full-width.php","meta":{"neve_meta_sidebar":"","neve_meta_container":"","neve_meta_enable_content_width":"off","neve_meta_content_width":100,"neve_meta_title_alignment":"","neve_meta_author_avatar":"","neve_post_elements_order":"","neve_meta_disable_header":"","neve_meta_disable_footer":"","neve_meta_disable_title":"","footnotes":""},"class_list":["post-4459","page","type-page","status-publish","hentry"],"_links":{"self":[{"href":"https:\/\/www.unioviedo.es\/cestudiantes\/index.php\/wp-json\/wp\/v2\/pages\/4459","targetHints":{"allow":["GET"]}}],"collection":[{"href":"https:\/\/www.unioviedo.es\/cestudiantes\/index.php\/wp-json\/wp\/v2\/pages"}],"about":[{"href":"https:\/\/www.unioviedo.es\/cestudiantes\/index.php\/wp-json\/wp\/v2\/types\/page"}],"author":[{"embeddable":true,"href":"https:\/\/www.unioviedo.es\/cestudiantes\/index.php\/wp-json\/wp\/v2\/users\/1"}],"replies":[{"embeddable":true,"href":"https:\/\/www.unioviedo.es\/cestudiantes\/index.php\/wp-json\/wp\/v2\/comments?post=4459"}],"version-history":[{"count":3,"href":"https:\/\/www.unioviedo.es\/cestudiantes\/index.php\/wp-json\/wp\/v2\/pages\/4459\/revisions"}],"predecessor-version":[{"id":17232,"href":"https:\/\/www.unioviedo.es\/cestudiantes\/index.php\/wp-json\/wp\/v2\/pages\/4459\/revisions\/17232"}],"wp:attachment":[{"href":"https:\/\/www.unioviedo.es\/cestudiantes\/index.php\/wp-json\/wp\/v2\/media?parent=4459"}],"curies":[{"name":"wp","href":"https:\/\/api.w.org\/{rel}","templated":true}]}}