{"id":4500,"date":"2024-04-23T16:34:44","date_gmt":"2024-04-23T16:34:44","guid":{"rendered":"https:\/\/www.unioviedo.es\/cestudiantes\/?page_id=4500"},"modified":"2025-11-21T14:27:28","modified_gmt":"2025-11-21T14:27:28","slug":"donde-votar-a-rector-mieres","status":"publish","type":"page","link":"https:\/\/www.unioviedo.es\/cestudiantes\/index.php\/donde-votar-a-rector-mieres\/","title":{"rendered":"\u00bfD\u00f3nde votar a Rector? Mieres"},"content":{"rendered":"\t\t<div data-elementor-type=\"wp-page\" data-elementor-id=\"4500\" class=\"elementor elementor-4500\">\n\t\t\t\t\t\t<section class=\"elementor-section elementor-top-section elementor-element elementor-element-aa714a3 elementor-section-boxed elementor-section-height-default elementor-section-height-default\" data-id=\"aa714a3\" data-element_type=\"section\" data-e-type=\"section\">\n\t\t\t\t\t\t<div class=\"elementor-container elementor-column-gap-default\">\n\t\t\t\t\t<div class=\"elementor-column elementor-col-100 elementor-top-column elementor-element elementor-element-c22a801\" data-id=\"c22a801\" data-element_type=\"column\" data-e-type=\"column\">\n\t\t\t<div class=\"elementor-widget-wrap elementor-element-populated\">\n\t\t\t\t\t\t<div class=\"elementor-element elementor-element-6ef8895 elementor-widget elementor-widget-html\" data-id=\"6ef8895\" data-element_type=\"widget\" data-e-type=\"widget\" data-widget_type=\"html.default\">\n\t\t\t\t<div class=\"elementor-widget-container\">\n\t\t\t\t\t<!-- ========= BLOQUE \u00b7 MESAS ELECTORALES RECTOR \u00b7 MIERES ========= -->\r\n<div class=\"mg-scope\" role=\"region\" aria-label=\"Mesas electorales para votaciones a Rector en Mieres\">\r\n  <div class=\"mg-shell\">\r\n    <!-- Cabecera -->\r\n    <header class=\"mg-header\">\r\n      <span class=\"mg-tag\">Elecciones a Rector 2024 \u00b7 Mieres<\/span>\r\n      <h2 class=\"mg-title-main\">Mesas electorales para votaciones a Rector (Mieres)<\/h2>\r\n      <p class=\"mg-lead\">\r\n        Consulta d\u00f3nde est\u00e1 la mesa electoral en Mieres y accede a su ubicaci\u00f3n en el plano interactivo de la Universidad.\r\n      <\/p>\r\n    <\/header>\r\n\r\n    <!-- Lista UNA SOLA COLUMNA -->\r\n    <section class=\"mg-grid\" aria-label=\"Mesas electorales por centro en Mieres\">\r\n\r\n      <!-- Escuela Polit\u00e9cnica de Mieres -->\r\n      <article class=\"mg-card\">\r\n        <figure class=\"mg-image\">\r\n          <img decoding=\"async\"\r\n            src=\"https:\/\/www.unioviedo.es\/cestudiantes\/wp-content\/uploads\/2024\/04\/EPM-1024x460.png\"\r\n            alt=\"Fachada de la Escuela Polit\u00e9cnica de Mieres\"\r\n            loading=\"lazy\"\r\n          \/>\r\n        <\/figure>\r\n        <div class=\"mg-card-body\">\r\n          <h3 class=\"mg-center-name\">Escuela Polit\u00e9cnica de Mieres<\/h3>\r\n          <p class=\"mg-room\">Sala de Grados. Planta baja Edificio Cient\u00edfico-T\u00e9cnico<\/p>\r\n          <a\r\n            class=\"mg-btn\"\r\n            href=\"https:\/\/gis.uniovi.es\/GISUniovi\/GeoLoc.do?codEspacio=03.01.01.00.P0.06.01.03.01\"\r\n            target=\"_blank\"\r\n            rel=\"noopener\"\r\n          >\r\n            Ver ubicaci\u00f3n en el plano\r\n          <\/a>\r\n        <\/div>\r\n      <\/article>\r\n\r\n    <\/section>\r\n  <\/div>\r\n\r\n  <style>\r\n    .mg-scope{\r\n      --brand:#03827C;\r\n      --brand-soft:#e0f3f1;\r\n      --ink:#020617;\r\n      --muted:#4b5563;\r\n      --card:#ffffff;\r\n      --line:rgba(148,163,184,.32);\r\n      --shadow:0 14px 32px rgba(15,23,42,.06);\r\n\r\n      -webkit-font-smoothing:antialiased;\r\n      font-family:system-ui,-apple-system,BlinkMacSystemFont,\"Segoe UI\",Roboto,\"Helvetica Neue\",Arial,sans-serif;\r\n      color:var(--ink);\r\n    }\r\n    .mg-scope *{\r\n      box-sizing:border-box;\r\n    }\r\n\r\n    .mg-shell{\r\n      max-width:880px;\r\n      margin:0 auto;\r\n      padding:clamp(16px,3vw,24px) 8px 24px;\r\n    }\r\n\r\n    \/* Cabecera *\/\r\n    .mg-header{\r\n      border-radius:20px;\r\n      border:1px solid rgba(3,130,124,.18);\r\n      background:radial-gradient(circle at top left,#e0f3f1 0,#ffffff 60%);\r\n      padding:18px 18px 16px;\r\n      box-shadow:var(--shadow);\r\n      margin-bottom:22px;\r\n    }\r\n    .mg-tag{\r\n      display:inline-flex;\r\n      align-items:center;\r\n      padding:4px 10px;\r\n      border-radius:999px;\r\n      background:rgba(255,255,255,.98);\r\n      border:1px solid rgba(148,163,184,.4);\r\n      font-size:11px;\r\n      text-transform:uppercase;\r\n      letter-spacing:.16em;\r\n      color:#03635f;\r\n      margin-bottom:8px;\r\n      font-weight:700;\r\n    }\r\n    .mg-title-main{\r\n      margin:0 0 6px;\r\n      font-size:clamp(21px,3.4vw,27px);\r\n      line-height:1.25;\r\n      letter-spacing:.01em;\r\n      color:var(--ink);\r\n      text-wrap:balance;\r\n    }\r\n    .mg-lead{\r\n      margin:0;\r\n      font-size:15px;\r\n      line-height:1.7;\r\n      color:var(--muted);\r\n      max-width:52rem;\r\n    }\r\n\r\n    \/* Lista UNA COLUMNA *\/\r\n    .mg-grid{\r\n      display:flex;\r\n      flex-direction:column;\r\n      gap:clamp(14px,2.4vw,20px);\r\n      margin-top:14px;\r\n    }\r\n\r\n    \/* Cards *\/\r\n    .mg-card{\r\n      background:var(--card);\r\n      border-radius:18px;\r\n      border:1px solid var(--line);\r\n      box-shadow:var(--shadow);\r\n      display:flex;\r\n      flex-direction:column;\r\n      overflow:hidden;\r\n      transition:.16s transform,.16s box-shadow,.16s border-color,.16s background;\r\n    }\r\n    .mg-card:hover{\r\n      transform:translateY(-1px);\r\n      box-shadow:0 18px 40px rgba(15,23,42,.12);\r\n      border-color:rgba(3,130,124,.32);\r\n    }\r\n\r\n    .mg-image{\r\n      margin:0;\r\n      background:#f8fafc;\r\n      display:flex;\r\n      justify-content:center;\r\n      padding:0;\r\n    }\r\n    .mg-image img{\r\n      display:block;\r\n      width:auto;          \/* respeta el tama\u00f1o original *\/\r\n      height:auto;         \/* respeta la proporci\u00f3n *\/\r\n      max-width:100%;      \/* se adapta si el contenedor es m\u00e1s estrecho *\/\r\n    }\r\n\r\n    .mg-card-body{\r\n      padding:14px 16px 15px;\r\n      display:flex;\r\n      flex-direction:column;\r\n      gap:7px;\r\n    }\r\n\r\n    .mg-center-name{\r\n      margin:0;\r\n      font-size:16px;\r\n      font-weight:750;\r\n      line-height:1.35;\r\n      color:#020617;\r\n    }\r\n    .mg-room{\r\n      margin:0;\r\n      font-size:14px;\r\n      color:#111827;\r\n    }\r\n\r\n    \/* Bot\u00f3n *\/\r\n    .mg-btn{\r\n      margin-top:9px;\r\n      align-self:flex-start;\r\n      display:inline-flex;\r\n      align-items:center;\r\n      justify-content:center;\r\n      gap:6px;\r\n      padding:9px 15px;\r\n      border-radius:999px;\r\n      font-size:13.5px;\r\n      font-weight:700;\r\n      text-decoration:none;\r\n      cursor:pointer;\r\n      background:var(--brand);\r\n      color:#ffffff;\r\n      border:1px solid var(--brand);\r\n      box-shadow:0 10px 24px rgba(3,130,124,.28);\r\n      transition:.16s background,.16s border-color,.16s color,.16s transform,.16s box-shadow;\r\n      white-space:nowrap;\r\n    }\r\n    .mg-btn:hover{\r\n      transform:translateY(-1px);\r\n      box-shadow:0 14px 30px rgba(3,130,124,.34);\r\n      background:#026d68;\r\n      border-color:#026d68;\r\n    }\r\n\r\n    \/* Responsive *\/\r\n    @media (max-width:900px){\r\n      .mg-shell{\r\n        padding:14px 6px 22px;\r\n      }\r\n      .mg-header{\r\n        padding:16px 14px 14px;\r\n        margin-bottom:18px;\r\n      }\r\n    }\r\n    @media (max-width:640px){\r\n      .mg-card-body{\r\n        padding:12px 13px 13px;\r\n      }\r\n      .mg-btn{\r\n        width:100%;\r\n        justify-content:center;\r\n      }\r\n    }\r\n  <\/style>\r\n<\/div>\r\n<!-- ========= FIN BLOQUE ========= -->\r\n\t\t\t\t<\/div>\n\t\t\t\t<\/div>\n\t\t\t\t\t<\/div>\n\t\t<\/div>\n\t\t\t\t\t<\/div>\n\t\t<\/section>\n\t\t\t\t<\/div>\n\t\t","protected":false},"excerpt":{"rendered":"<p>Elecciones a Rector 2024 \u00b7 Mieres Mesas electorales para votaciones a Rector (Mieres) Consulta d\u00f3nde est\u00e1 la mesa electoral en Mieres y accede a su ubicaci\u00f3n en el plano interactivo de la Universidad. Escuela Polit\u00e9cnica de Mieres Sala de Grados. Planta baja Edificio Cient\u00edfico-T\u00e9cnico Ver ubicaci\u00f3n en el plano<\/p>\n","protected":false},"author":1,"featured_media":0,"parent":0,"menu_order":0,"comment_status":"closed","ping_status":"closed","template":"page-templates\/template-pagebuilder-full-width.php","meta":{"neve_meta_sidebar":"","neve_meta_container":"","neve_meta_enable_content_width":"off","neve_meta_content_width":100,"neve_meta_title_alignment":"","neve_meta_author_avatar":"","neve_post_elements_order":"","neve_meta_disable_header":"","neve_meta_disable_footer":"","neve_meta_disable_title":"","footnotes":""},"class_list":["post-4500","page","type-page","status-publish","hentry"],"_links":{"self":[{"href":"https:\/\/www.unioviedo.es\/cestudiantes\/index.php\/wp-json\/wp\/v2\/pages\/4500","targetHints":{"allow":["GET"]}}],"collection":[{"href":"https:\/\/www.unioviedo.es\/cestudiantes\/index.php\/wp-json\/wp\/v2\/pages"}],"about":[{"href":"https:\/\/www.unioviedo.es\/cestudiantes\/index.php\/wp-json\/wp\/v2\/types\/page"}],"author":[{"embeddable":true,"href":"https:\/\/www.unioviedo.es\/cestudiantes\/index.php\/wp-json\/wp\/v2\/users\/1"}],"replies":[{"embeddable":true,"href":"https:\/\/www.unioviedo.es\/cestudiantes\/index.php\/wp-json\/wp\/v2\/comments?post=4500"}],"version-history":[{"count":3,"href":"https:\/\/www.unioviedo.es\/cestudiantes\/index.php\/wp-json\/wp\/v2\/pages\/4500\/revisions"}],"predecessor-version":[{"id":17235,"href":"https:\/\/www.unioviedo.es\/cestudiantes\/index.php\/wp-json\/wp\/v2\/pages\/4500\/revisions\/17235"}],"wp:attachment":[{"href":"https:\/\/www.unioviedo.es\/cestudiantes\/index.php\/wp-json\/wp\/v2\/media?parent=4500"}],"curies":[{"name":"wp","href":"https:\/\/api.w.org\/{rel}","templated":true}]}}