{"id":4665,"date":"2024-05-05T11:58:36","date_gmt":"2024-05-05T11:58:36","guid":{"rendered":"https:\/\/www.unioviedo.es\/cestudiantes\/?page_id=4665"},"modified":"2025-11-08T11:04:00","modified_gmt":"2025-11-08T11:04:00","slug":"certificado-participacion-mentoria","status":"publish","type":"page","link":"https:\/\/www.unioviedo.es\/cestudiantes\/index.php\/certificado-participacion-mentoria\/","title":{"rendered":"Certificado de participaci\u00f3n en el Programa de Mentor\u00eda del Consejo de Estudiantes"},"content":{"rendered":"\t\t<div data-elementor-type=\"wp-page\" data-elementor-id=\"4665\" class=\"elementor elementor-4665\">\n\t\t\t\t\t\t<section class=\"elementor-section elementor-top-section elementor-element elementor-element-5aeeea9 elementor-section-boxed elementor-section-height-default elementor-section-height-default\" data-id=\"5aeeea9\" data-element_type=\"section\" data-e-type=\"section\">\n\t\t\t\t\t\t<div class=\"elementor-container elementor-column-gap-default\">\n\t\t\t\t\t<div class=\"elementor-column elementor-col-100 elementor-top-column elementor-element elementor-element-fa71f3c\" data-id=\"fa71f3c\" data-element_type=\"column\" data-e-type=\"column\">\n\t\t\t<div class=\"elementor-widget-wrap elementor-element-populated\">\n\t\t\t\t\t\t<div class=\"elementor-element elementor-element-40a238a elementor-widget elementor-widget-html\" data-id=\"40a238a\" data-element_type=\"widget\" data-e-type=\"widget\" data-widget_type=\"html.default\">\n\t\t\t\t<div class=\"elementor-widget-container\">\n\t\t\t\t\t<section id=\"cert-mentoria\" aria-labelledby=\"cm-title\">\r\n  <div class=\"cm__inner\">\r\n    <!-- ENCABEZADO -->\r\n    <header class=\"cm__header\">\r\n      <h2 id=\"cm-title\" class=\"cm__h\">Certificado de participaci\u00f3n \u00b7 Programa de Mentor\u00eda<\/h2>\r\n      <p class=\"cm__lead\">Solicita tu certificado oficial de participaci\u00f3n en el Programa de Mentor\u00eda del Consejo de Estudiantes.<\/p>\r\n    <\/header>\r\n\r\n    <!-- CUERPO (copy + formulario) -->\r\n    <div class=\"cm__grid\">\r\n      <article class=\"cm__card cm__copy\" aria-labelledby=\"cm-aclaracion\">\r\n        <h3 id=\"cm-aclaracion\" class=\"cm__h3\">\r\n          <svg class=\"cm__ico\" viewBox=\"0 0 24 24\" aria-hidden=\"true\"><path d=\"M12 9v4m0 4h.01M21 12a9 9 0 1 1-18 0 9 9 0 0 1 18 0Z\"\/><\/svg>\r\n          Aclaraci\u00f3n importante\r\n        <\/h3>\r\n        <p><strong>Este certificado no podr\u00e1 ser utilizado a los efectos del reconocimiento de cr\u00e9ditos.<\/strong><\/p>\r\n        <p>Est\u00e1 orientado a acreditar tu colaboraci\u00f3n en el Programa de Mentor\u00eda. Completa el formulario con tus datos institucionales para su emisi\u00f3n.<\/p>\r\n\r\n        <div class=\"cm__note\" role=\"note\">\r\n          <svg class=\"cm__ico\" viewBox=\"0 0 24 24\" aria-hidden=\"true\"><path d=\"M12 8v4m0 4h.01M10.3 2.1 1.8 17a2 2 0 0 0 1.7 3h17a2 2 0 0 0 1.7-3l-8.5-14.9a2 2 0 0 0-3.4 0Z\"\/><\/svg>\r\n          Usa tu correo institucional\r\n          UOxxxxxx@uniovi.es<\/span>.\r\n          Revisa que DNI\/NIE y centro sean correctos antes de enviar.\r\n        <\/div>\r\n      <\/article>\r\n\r\n      <aside class=\"cm__card cm__form\" aria-labelledby=\"cm-form-title\">\r\n        <h3 id=\"cm-form-title\" class=\"cm__h3\">\r\n          <svg class=\"cm__ico\" viewBox=\"0 0 24 24\" aria-hidden=\"true\"><path d=\"M4 7h16M4 12h16M4 17h10\"\/><\/svg>\r\n          Formulario de solicitud\r\n        <\/h3>\r\n\r\n        <!-- Shortcode del formulario -->\r\n        <div class=\"cm__ff\">\r\n          <div class='fluentform ff-default fluentform_wrapper_4 ffs_default_wrap'><form data-form_id=\"4\" id=\"fluentform_4\" class=\"frm-fluent-form fluent_form_4 ff-el-form-top ff_form_instance_4_1 ff-form-loading ffs_default\" data-form_instance=\"ff_form_instance_4_1\" method=\"POST\" ><fieldset  style=\"border: none!important;margin: 0!important;padding: 0!important;background-color: transparent!important;box-shadow: none!important;outline: none!important; min-inline-size: 100%;\">\n                    <legend class=\"ff_screen_reader_title\" style=\"display: block; margin: 0!important;padding: 0!important;height: 0!important;text-indent: -999999px;width: 0!important;overflow:hidden;\">Certificado participaci\u00f3n programa de mentor\u00eda<\/legend><input type='hidden' name='__fluent_form_embded_post_id' value='4665' \/><input type=\"hidden\" id=\"_fluentform_4_fluentformnonce\" name=\"_fluentform_4_fluentformnonce\" value=\"695ba61b9c\" \/><input type=\"hidden\" name=\"_wp_http_referer\" value=\"\/cestudiantes\/index.php\/wp-json\/wp\/v2\/pages\/4665\" \/><div data-type=\"name-element\" data-name=\"Nombre_y_Apellidos\" class=\" ff-field_container ff-name-field-wrapper Nombre y Apellidos\" ><div class='ff-t-container'><div class='ff-t-cell '><div class='ff-el-group ff-el-form-top'><div class=\"ff-el-input--label asterisk-right\"><label for='ff_4_Nombre_y_Apellidos_first_name_' id='label_ff_4_Nombre_y_Apellidos_first_name_' >Nombre<\/label><\/div><div class='ff-el-input--content'><input type=\"text\" name=\"Nombre_y_Apellidos[first_name]\" id=\"ff_4_Nombre_y_Apellidos_first_name_\" class=\"ff-el-form-control\" placeholder=\"Nombre\" aria-invalid=\"false\" aria-required=false><\/div><\/div><\/div><div class='ff-t-cell '><div class='ff-el-group ff-el-form-top'><div class=\"ff-el-input--label asterisk-right\"><label for='ff_4_Nombre_y_Apellidos_last_name_' id='label_ff_4_Nombre_y_Apellidos_last_name_' >Apellidos<\/label><\/div><div class='ff-el-input--content'><input type=\"text\" name=\"Nombre_y_Apellidos[last_name]\" id=\"ff_4_Nombre_y_Apellidos_last_name_\" class=\"ff-el-form-control\" placeholder=\"Apellidos\" aria-invalid=\"false\" aria-required=false><\/div><\/div><\/div><\/div><\/div><div class='ff-el-group Correo UO'><div class=\"ff-el-input--label ff-el-is-required asterisk-right\"><label for='ff_4_email' id='label_ff_4_email' aria-label=\"Correo electr\u00f3nico UO\">Correo electr\u00f3nico UO<\/label><\/div><div class='ff-el-input--content'><input type=\"email\" name=\"email\" id=\"ff_4_email\" class=\"ff-el-form-control\" placeholder=\"Correo electr\u00f3nico institucional de la Universidad de Oviedo: UOxxxxxx@uniovi.es\" data-name=\"email\"  aria-invalid=\"false\" aria-required=true><\/div><\/div><div class='ff-el-group'><div class=\"ff-el-input--label ff-el-is-required asterisk-right\"><label for='ff_4_DNI' id='label_ff_4_DNI' aria-label=\"DNI\/NIE\">DNI\/NIE<\/label><\/div><div class='ff-el-input--content'><input type=\"text\" name=\"DNI\" class=\"ff-el-form-control\" data-name=\"DNI\" id=\"ff_4_DNI\"  aria-invalid=\"false\" aria-required=true><\/div><\/div><div class='ff-el-group'><div class=\"ff-el-input--label ff-el-is-required asterisk-right\"><label for='ff_4_dropdown' id='label_ff_4_dropdown' aria-label=\"Centro de estudios:\">Centro de estudios:<\/label><\/div><div class='ff-el-input--content'><select name=\"dropdown\" id=\"ff_4_dropdown\" class=\"ff-el-form-control\" data-name=\"dropdown\" data-calc_value=\"0\"  aria-invalid=\"false\" aria-required=\"true\" aria-labelledby=\"label_ff_4_dropdown\"><option value=\"\">- Selecciona -<\/option><option value=\"Facultad de Biolog\u00eda\"  >Facultad de Biolog\u00eda<\/option><option value=\"Facultad de Ciencias\"  >Facultad de Ciencias<\/option><option value=\"Facultad de Comercio, Turismo y Ciencias Sociales Jovellanos\"  >Facultad de Comercio, Turismo y Ciencias Sociales Jovellanos<\/option><option value=\"Facultad de Derecho\"  >Facultad de Derecho<\/option><option value=\"Escuela de Ingenier\u00eda Inform\u00e1tica\"  >Escuela de Ingenier\u00eda Inform\u00e1tica<\/option><option value=\"Facultad de Econom\u00eda y Empresa\"  >Facultad de Econom\u00eda y Empresa<\/option><option value=\"Facultad de Filosof\u00eda y Letras\"  >Facultad de Filosof\u00eda y Letras<\/option><option value=\"Facultad de Formaci\u00f3n del Profesorado y Educaci\u00f3n\"  >Facultad de Formaci\u00f3n del Profesorado y Educaci\u00f3n<\/option><option value=\"Facultad de Geolog\u00eda\"  >Facultad de Geolog\u00eda<\/option><option value=\"Facultad de Medicina y Ciencias de la Salud\"  >Facultad de Medicina y Ciencias de la Salud<\/option><option value=\"Facultad de Psicolog\u00eda\"  >Facultad de Psicolog\u00eda<\/option><option value=\"Facultad de Qu\u00edmica\"  >Facultad de Qu\u00edmica<\/option><option value=\"Facultad &quot;Padre Oss\u00f3&quot;\"  >Facultad \"Padre Oss\u00f3\"<\/option><option value=\"Facultad de Enfermer\u00eda de Gij\u00f3n\"  >Facultad de Enfermer\u00eda de Gij\u00f3n<\/option><option value=\"Escuela Polit\u00e9cnica de Ingenier\u00eda de Gij\u00f3n\"  >Escuela Polit\u00e9cnica de Ingenier\u00eda de Gij\u00f3n<\/option><option value=\"Escuela Polit\u00e9cnica de Mieres\"  >Escuela Polit\u00e9cnica de Mieres<\/option><option value=\"Escuela Superior de la Marina Civil\"  >Escuela Superior de la Marina Civil<\/option><option value=\"Centro Internacional de Postgrado\"  >Centro Internacional de Postgrado<\/option><\/select><\/div><\/div><div class='ff-el-group'><div class=\"ff-el-input--label ff-el-is-required asterisk-right\"><label for='ff_4_dropdown_1' id='label_ff_4_dropdown_1' aria-label=\"Cantidad de estudiantes mentorizados:\">Cantidad de estudiantes mentorizados:<\/label><\/div><div class='ff-el-input--content'><select name=\"dropdown_1\" id=\"ff_4_dropdown_1\" class=\"ff-el-form-control\" data-name=\"dropdown_1\" data-calc_value=\"0\"  aria-invalid=\"false\" aria-required=\"true\" aria-labelledby=\"label_ff_4_dropdown_1\"><option value=\"\">- Selecciona -<\/option><option value=\"1 estudiante\"  >1 estudiante<\/option><option value=\"2 estudiantes\"  >2 estudiantes<\/option><option value=\"3 estudiantes\"  >3 estudiantes<\/option><\/select><\/div><\/div><div class='ff-el-group ff-text-center ff_submit_btn_wrapper'><button type=\"submit\" class=\"ff-btn ff-btn-submit ff-btn-md ff_btn_style\"  aria-label=\"Enviar\">Enviar<\/button><\/div><\/fieldset><\/form><div id='fluentform_4_errors' class='ff-errors-in-stack ff_form_instance_4_1 ff-form-loading_errors ff_form_instance_4_1_errors'><\/div><\/div>            <script type=\"text\/javascript\">\n                window.fluent_form_ff_form_instance_4_1 = {\"id\":\"4\",\"ajaxUrl\":\"https:\\\/\\\/www.unioviedo.es\\\/cestudiantes\\\/wp-admin\\\/admin-ajax.php\",\"settings\":{\"layout\":{\"labelPlacement\":\"top\",\"helpMessagePlacement\":\"with_label\",\"errorMessagePlacement\":\"inline\",\"cssClassName\":\"\",\"asteriskPlacement\":\"asterisk-right\"},\"restrictions\":{\"denyEmptySubmission\":{\"enabled\":false}}},\"form_instance\":\"ff_form_instance_4_1\",\"form_id_selector\":\"fluentform_4\",\"rules\":{\"Nombre_y_Apellidos[first_name]\":{\"required\":{\"value\":false,\"message\":\"Este campo es obligatorio\",\"global_message\":\"Este campo es obligatorio\",\"global\":true}},\"Nombre_y_Apellidos[middle_name]\":{\"required\":{\"value\":false,\"message\":\"Este campo es obligatorio\",\"global_message\":\"Este campo es obligatorio\",\"global\":true}},\"Nombre_y_Apellidos[last_name]\":{\"required\":{\"value\":false,\"message\":\"Este campo es obligatorio\",\"global_message\":\"Este campo es obligatorio\",\"global\":true}},\"email\":{\"required\":{\"value\":true,\"message\":\"Este campo es obligatorio\",\"global_message\":\"Este campo es obligatorio\",\"global\":true},\"email\":{\"value\":false,\"message\":\"Este campo debe contener un correo electr\\u00f3nico v\\u00e1lido\",\"global_message\":\"Este campo debe contener un correo electr\\u00f3nico v\\u00e1lido\",\"global\":true}},\"DNI\":{\"required\":{\"value\":true,\"message\":\"Este campo es obligatorio\",\"global_message\":\"Este campo es obligatorio\",\"global\":true}},\"dropdown\":{\"required\":{\"value\":true,\"message\":\"Este campo es obligatorio\",\"global_message\":\"Este campo es obligatorio\",\"global\":true}},\"dropdown_1\":{\"required\":{\"value\":true,\"message\":\"Este campo es obligatorio\",\"global_message\":\"Este campo es obligatorio\",\"global\":true}}},\"debounce_time\":300};\n                            <\/script>\n            \r\n        <\/div>\r\n      <\/aside>\r\n    <\/div>\r\n  <\/div>\r\n<\/section>\r\n\r\n<style>\r\n\/* =========================\r\n   Scope aislado: #cert-mentoria\r\n   ========================= *\/\r\n#cert-mentoria{\r\n  --brand:#00827C; --brand-2:#6EC1E4;\r\n  --ink:#0f172a; --muted:#475569;\r\n  --paper:#ffffff; --ring:rgba(2,6,23,.12); --ring-2:rgba(2,6,23,.18);\r\n  --shadow:0 12px 30px rgba(2,6,23,.08);\r\n  --radius:16px;\r\n  color:var(--ink);\r\n  font-family:inherit;\r\n}\r\n#cert-mentoria *{ box-sizing:border-box; min-inline-size:0; }\r\n#cert-mentoria p{ text-align:justify; }\r\n\r\n\/* Contenedor *\/\r\n#cert-mentoria .cm__inner{ max-width:min(1080px,96vw); margin:0 auto; padding: clamp(12px,2.4vw,22px); }\r\n\r\n\/* Header *\/\r\n#cert-mentoria .cm__header{ text-align:center; margin: clamp(6px,1.6vw,12px) 0 clamp(10px,2vw,16px); }\r\n#cert-mentoria .cm__h{\r\n  margin:0; font-weight:800; letter-spacing:.01em;\r\n  font-size: clamp(1.3rem, 1rem + 2.2vw, 2.15rem); line-height:1.12;\r\n}\r\n#cert-mentoria .cm__h::after{\r\n  content:\"\"; display:block; width:min(240px,58%); height:6px; margin:12px auto 0;\r\n  border-radius:999px; background:linear-gradient(90deg,var(--brand),var(--brand-2));\r\n  box-shadow:0 6px 16px rgba(0,0,0,.08);\r\n}\r\n#cert-mentoria .cm__lead{\r\n  margin:.6rem auto 0; color:var(--muted); max-width:70ch;\r\n  font-size:clamp(.95rem,.9rem + .25vw,1.05rem);\r\n}\r\n\r\n\/* Grid (copy + formulario) *\/\r\n#cert-mentoria .cm__grid{\r\n  display:grid; gap: clamp(14px,2.4vw,18px);\r\n  grid-template-columns: 1.05fr .95fr;\r\n}\r\n@media (max-width: 900px){\r\n  #cert-mentoria .cm__grid{ grid-template-columns:1fr; }\r\n}\r\n\r\n\/* Cards *\/\r\n#cert-mentoria .cm__card{\r\n  background:var(--paper);\r\n  border:1px solid var(--ring);\r\n  border-radius:var(--radius);\r\n  box-shadow:var(--shadow);\r\n  padding: clamp(14px,2.2vw,18px);\r\n}\r\n#cert-mentoria .cm__h3{\r\n  display:flex; align-items:center; gap:10px;\r\n  margin:0 0 10px; font-weight:750;\r\n  font-size: clamp(1.05rem,1rem + .28vw,1.22rem);\r\n}\r\n#cert-mentoria .cm__ico{ width:20px; height:20px; color:var(--brand); flex:0 0 20px; }\r\n\r\n\/* Nota *\/\r\n#cert-mentoria .cm__note{\r\n  display:flex; gap:10px; align-items:flex-start;\r\n  margin-top:12px; padding:10px 12px; border-radius:12px;\r\n  background:#fff8e7; border:1px solid #fde4b1; color:#8a5a00;\r\n}\r\n#cert-mentoria .cm__note .cm__ico{ color:#d68a00; }\r\n\r\n\/* Estilo del ejemplo de correo para evitar solapamientos *\/\r\n#cert-mentoria .cm__mail{\r\n  display:inline-block;\r\n  font: 600 .95rem\/1.2 ui-monospace, SFMono-Regular, Menlo, Consolas, \"Liberation Mono\", monospace;\r\n  padding: .06rem .35rem;\r\n  border:1px solid var(--ring);\r\n  border-radius: .5rem;\r\n  background:#f6f7f9;\r\n  color:#0f172a;\r\n  \/* Permite cortes seguros y evita superposici\u00f3n *\/\r\n  overflow-wrap:anywhere;\r\n  word-break: break-word;\r\n}\r\n\r\n\/* Contenedor Fluent Forms *\/\r\n#cert-mentoria .cm__ff{ isolation:isolate; }\r\n\r\n\/* \u2014\u2014\u2014 Estilado no intrusivo para Fluent Forms (solo dentro del scope) \u2014\u2014\u2014 *\/\r\n#cert-mentoria .cm__ff .ff-el-group{ margin-bottom:12px !important; }\r\n#cert-mentoria .cm__ff .ff-el-input--label{ margin-bottom:6px !important; }\r\n#cert-mentoria .cm__ff .ff-el-input--label label{\r\n  display:block;\r\n  font-weight:650; color:var(--ink);\r\n  line-height:1.25;\r\n  \/* Clave: permite romper el texto largo \"UOxxxxxx@uniovi.es\" dentro de la etiqueta *\/\r\n  overflow-wrap:anywhere; word-break: break-word;\r\n  text-wrap: pretty;\r\n}\r\n#cert-mentoria .cm__ff .ff-el-form-control,\r\n#cert-mentoria .cm__ff input[type=\"text\"],\r\n#cert-mentoria .cm__ff input[type=\"email\"],\r\n#cert-mentoria .cm__ff select{\r\n  width:100%; min-width:0; \/* evita desbordes en grid flexibles *\/\r\n  border:1px solid var(--ring-2) !important; border-radius:12px !important;\r\n  padding:10px 12px !important; min-height:42px;\r\n  box-shadow:0 2px 8px rgba(2,6,23,.04);\r\n  text-overflow: ellipsis; \/* si el texto es largu\u00edsimo, recorta con \u2026 *\/\r\n}\r\n#cert-mentoria .cm__ff .ff-el-form-control::placeholder{\r\n  opacity:.8;\r\n  text-overflow: ellipsis;\r\n}\r\n#cert-mentoria .cm__ff .ff-el-form-control:focus{\r\n  outline:2px solid rgba(0,130,124,.22); outline-offset:1px;\r\n  box-shadow:0 0 0 3px rgba(0,130,124,.12);\r\n  border-color:rgba(0,130,124,.55) !important;\r\n}\r\n#cert-mentoria .cm__ff .ff-btn-submit{\r\n  background: linear-gradient(90deg,var(--brand),var(--brand-2)) !important;\r\n  color:#fff !important; border:none !important; border-radius:12px !important;\r\n  padding:10px 14px !important; font-weight:700 !important;\r\n  box-shadow:0 8px 18px rgba(2,6,23,.10) !important;\r\n  transition: transform .12s ease, box-shadow .2s ease !important;\r\n}\r\n#cert-mentoria .cm__ff .ff-btn-submit:hover{\r\n  transform: translateY(-1px);\r\n  box-shadow:0 12px 22px rgba(2,6,23,.14) !important;\r\n}\r\n\r\n\/* Accesibilidad: errores *\/\r\n#cert-mentoria .cm__ff .ff-el-is-error .ff-el-form-control{\r\n  border-color:#e03131 !important;\r\n  box-shadow:0 0 0 2px rgba(224,49,49,.12);\r\n}\r\n\r\n\/* Ajustes tipogr\u00e1ficos en m\u00f3viles peque\u00f1os para etiquetas muy largas *\/\r\n@media (max-width:420px){\r\n  #cert-mentoria .cm__ff .ff-el-input--label label{ font-size:.94rem; }\r\n}\r\n<\/style>\r\n\t\t\t\t<\/div>\n\t\t\t\t<\/div>\n\t\t\t\t\t<\/div>\n\t\t<\/div>\n\t\t\t\t\t<\/div>\n\t\t<\/section>\n\t\t\t\t<\/div>\n\t\t","protected":false},"excerpt":{"rendered":"<p>Certificado de participaci\u00f3n \u00b7 Programa de Mentor\u00eda Solicita tu certificado oficial de participaci\u00f3n en el Programa de Mentor\u00eda del Consejo de Estudiantes. Aclaraci\u00f3n importante Este certificado no podr\u00e1 ser utilizado a los efectos del reconocimiento de cr\u00e9ditos. Est\u00e1 orientado a acreditar tu colaboraci\u00f3n en el Programa de Mentor\u00eda. Completa el formulario con tus datos institucionales&hellip;&nbsp;<a href=\"https:\/\/www.unioviedo.es\/cestudiantes\/index.php\/certificado-participacion-mentoria\/\" rel=\"bookmark\">Leer m\u00e1s &raquo;<span class=\"screen-reader-text\">Certificado de participaci\u00f3n en el Programa de Mentor\u00eda del Consejo de Estudiantes<\/span><\/a><\/p>\n","protected":false},"author":1,"featured_media":0,"parent":0,"menu_order":0,"comment_status":"closed","ping_status":"closed","template":"page-templates\/template-pagebuilder-full-width.php","meta":{"neve_meta_sidebar":"","neve_meta_container":"","neve_meta_enable_content_width":"off","neve_meta_content_width":100,"neve_meta_title_alignment":"","neve_meta_author_avatar":"","neve_post_elements_order":"","neve_meta_disable_header":"","neve_meta_disable_footer":"","neve_meta_disable_title":"","footnotes":""},"class_list":["post-4665","page","type-page","status-publish","hentry"],"_links":{"self":[{"href":"https:\/\/www.unioviedo.es\/cestudiantes\/index.php\/wp-json\/wp\/v2\/pages\/4665","targetHints":{"allow":["GET"]}}],"collection":[{"href":"https:\/\/www.unioviedo.es\/cestudiantes\/index.php\/wp-json\/wp\/v2\/pages"}],"about":[{"href":"https:\/\/www.unioviedo.es\/cestudiantes\/index.php\/wp-json\/wp\/v2\/types\/page"}],"author":[{"embeddable":true,"href":"https:\/\/www.unioviedo.es\/cestudiantes\/index.php\/wp-json\/wp\/v2\/users\/1"}],"replies":[{"embeddable":true,"href":"https:\/\/www.unioviedo.es\/cestudiantes\/index.php\/wp-json\/wp\/v2\/comments?post=4665"}],"version-history":[{"count":9,"href":"https:\/\/www.unioviedo.es\/cestudiantes\/index.php\/wp-json\/wp\/v2\/pages\/4665\/revisions"}],"predecessor-version":[{"id":16502,"href":"https:\/\/www.unioviedo.es\/cestudiantes\/index.php\/wp-json\/wp\/v2\/pages\/4665\/revisions\/16502"}],"wp:attachment":[{"href":"https:\/\/www.unioviedo.es\/cestudiantes\/index.php\/wp-json\/wp\/v2\/media?parent=4665"}],"curies":[{"name":"wp","href":"https:\/\/api.w.org\/{rel}","templated":true}]}}