{"id":4676,"date":"2024-05-05T16:36:39","date_gmt":"2024-05-05T16:36:39","guid":{"rendered":"https:\/\/www.unioviedo.es\/cestudiantes\/?page_id=4676"},"modified":"2025-11-08T11:06:04","modified_gmt":"2025-11-08T11:06:04","slug":"creditos-programa-mentoria","status":"publish","type":"page","link":"https:\/\/www.unioviedo.es\/cestudiantes\/index.php\/creditos-programa-mentoria\/","title":{"rendered":"Reconocimiento ECTS en el Programa de Mentor\u00eda del Consejo de Estudiantes"},"content":{"rendered":"\t\t<div data-elementor-type=\"wp-page\" data-elementor-id=\"4676\" class=\"elementor elementor-4676\">\n\t\t\t\t\t\t<section class=\"elementor-section elementor-top-section elementor-element elementor-element-64cf90d elementor-section-boxed elementor-section-height-default elementor-section-height-default\" data-id=\"64cf90d\" data-element_type=\"section\" data-e-type=\"section\">\n\t\t\t\t\t\t<div class=\"elementor-container elementor-column-gap-default\">\n\t\t\t\t\t<div class=\"elementor-column elementor-col-100 elementor-top-column elementor-element elementor-element-ee0128f\" data-id=\"ee0128f\" data-element_type=\"column\" data-e-type=\"column\">\n\t\t\t<div class=\"elementor-widget-wrap elementor-element-populated\">\n\t\t\t\t\t\t<div class=\"elementor-element elementor-element-2bd6eb8 elementor-widget elementor-widget-html\" data-id=\"2bd6eb8\" data-element_type=\"widget\" data-e-type=\"widget\" data-widget_type=\"html.default\">\n\t\t\t\t<div class=\"elementor-widget-container\">\n\t\t\t\t\t<section id=\"mentoria-creditos\" aria-labelledby=\"mc-title\">\r\n  <div class=\"mc__inner\">\r\n    <!-- ENCABEZADO -->\r\n    <header class=\"mc__header\">\r\n      <h2 id=\"mc-title\" class=\"mc__h\">Reconocimiento de cr\u00e9ditos por la participaci\u00f3n en el Programa de Mentor\u00eda<\/h2>\r\n      <p class=\"mc__lead\">Solicita el reconocimiento de cr\u00e9ditos ECTS por tu labor como mentor\/a del Consejo de Estudiantes mediante el formulario oficial.<\/p>\r\n    <\/header>\r\n\r\n    <!-- CUERPO PRINCIPAL -->\r\n    <div class=\"mc__grid\">\r\n      <article class=\"mc__card mc__copy\">\r\n        <p>Esta secci\u00f3n ha sido elaborada por el Consejo de Estudiantes con fines informativos. Corresponde a la persona solicitante comprobar que los datos introducidos son veraces y completos. El env\u00edo de la solicitud se realiza de forma telem\u00e1tica con credenciales institucionales y supone la aceptaci\u00f3n de las condiciones de tramitaci\u00f3n.<\/p>\r\n        <p>El procedimiento y la resoluci\u00f3n se ajustan a la normativa universitaria aplicable. Para consultas generales, utiliza tu correo institucional UOxxxxxx@uniovi.es.<\/p>\r\n      <\/article>\r\n\r\n      <aside class=\"mc__card mc__form\" aria-labelledby=\"mc-form\">\r\n        <h3 id=\"mc-form\" class=\"mc__h3\">\r\n          <svg class=\"mc__ico\" viewBox=\"0 0 24 24\" aria-hidden=\"true\"><path d=\"M7 4h10a2 2 0 0 1 2 2v1H5V6a2 2 0 0 1 2-2Zm12 5v7a2 2 0 0 1-2 2H7a2 2 0 0 1-2-2V9h14ZM7 11h5v2H7v-2Zm0 3h7v2H7v-2Z\"\/><\/svg>\r\n          Formulario de solicitud\r\n        <\/h3>\r\n        <div class=\"mc__formwrap\">\r\n          <!-- Inserta el formulario (Fluent Forms) -->\r\n          <div class='fluentform ff-default fluentform_wrapper_5 ffs_default_wrap'><form data-form_id=\"5\" id=\"fluentform_5\" class=\"frm-fluent-form fluent_form_5 ff-el-form-top ff_form_instance_5_1 ff-form-loading ffs_default\" data-form_instance=\"ff_form_instance_5_1\" method=\"POST\" ><fieldset  style=\"border: none!important;margin: 0!important;padding: 0!important;background-color: transparent!important;box-shadow: none!important;outline: none!important; min-inline-size: 100%;\">\n                    <legend class=\"ff_screen_reader_title\" style=\"display: block; margin: 0!important;padding: 0!important;height: 0!important;text-indent: -999999px;width: 0!important;overflow:hidden;\">Reconocimiento de cr\u00e9ditos programa de mentor\u00eda<\/legend><input type='hidden' name='__fluent_form_embded_post_id' value='4676' \/><input type=\"hidden\" id=\"_fluentform_5_fluentformnonce\" name=\"_fluentform_5_fluentformnonce\" value=\"26228e44e5\" \/><input type=\"hidden\" name=\"_wp_http_referer\" value=\"\/cestudiantes\/index.php\/wp-json\/wp\/v2\/pages\/4676\" \/><div data-type=\"name-element\" data-name=\"Nombre_y_Apellidos\" class=\" ff-field_container ff-name-field-wrapper Nombre y Apellidos\" ><div class='ff-t-container'><div class='ff-t-cell '><div class='ff-el-group ff-el-form-top'><div class=\"ff-el-input--label asterisk-right\"><label for='ff_5_Nombre_y_Apellidos_first_name_' id='label_ff_5_Nombre_y_Apellidos_first_name_' >Nombre<\/label><\/div><div class='ff-el-input--content'><input type=\"text\" name=\"Nombre_y_Apellidos[first_name]\" id=\"ff_5_Nombre_y_Apellidos_first_name_\" class=\"ff-el-form-control\" placeholder=\"Nombre\" aria-invalid=\"false\" aria-required=false><\/div><\/div><\/div><div class='ff-t-cell '><div class='ff-el-group ff-el-form-top'><div class=\"ff-el-input--label asterisk-right\"><label for='ff_5_Nombre_y_Apellidos_last_name_' id='label_ff_5_Nombre_y_Apellidos_last_name_' >Apellidos<\/label><\/div><div class='ff-el-input--content'><input type=\"text\" name=\"Nombre_y_Apellidos[last_name]\" id=\"ff_5_Nombre_y_Apellidos_last_name_\" class=\"ff-el-form-control\" placeholder=\"Apellidos\" aria-invalid=\"false\" aria-required=false><\/div><\/div><\/div><\/div><\/div><div class='ff-el-group Correo UO'><div class=\"ff-el-input--label ff-el-is-required asterisk-right\"><label for='ff_5_email' id='label_ff_5_email' aria-label=\"Correo electr\u00f3nico UO\">Correo electr\u00f3nico UO<\/label><\/div><div class='ff-el-input--content'><input type=\"email\" name=\"email\" id=\"ff_5_email\" class=\"ff-el-form-control\" placeholder=\"Correo electr\u00f3nico institucional de la Universidad de Oviedo: UOxxxxxx@uniovi.es\" data-name=\"email\"  aria-invalid=\"false\" aria-required=true><\/div><\/div><div class='ff-el-group'><div class=\"ff-el-input--label ff-el-is-required asterisk-right\"><label for='ff_5_DNI' id='label_ff_5_DNI' aria-label=\"DNI\/NIE\">DNI\/NIE<\/label><\/div><div class='ff-el-input--content'><input type=\"text\" name=\"DNI\" class=\"ff-el-form-control\" data-name=\"DNI\" id=\"ff_5_DNI\"  aria-invalid=\"false\" aria-required=true><\/div><\/div><div class='ff-el-group'><div class=\"ff-el-input--label ff-el-is-required asterisk-right\"><label for='ff_5_dropdown' id='label_ff_5_dropdown' aria-label=\"Centro de estudios:\">Centro de estudios:<\/label><\/div><div class='ff-el-input--content'><select name=\"dropdown\" id=\"ff_5_dropdown\" class=\"ff-el-form-control\" data-name=\"dropdown\" data-calc_value=\"0\"  aria-invalid=\"false\" aria-required=\"true\" aria-labelledby=\"label_ff_5_dropdown\"><option value=\"\">- Selecciona -<\/option><option value=\"Facultad de Biolog\u00eda\"  >Facultad de Biolog\u00eda<\/option><option value=\"Facultad de Ciencias\"  >Facultad de Ciencias<\/option><option value=\"Facultad de Comercio, Turismo y Ciencias Sociales Jovellanos\"  >Facultad de Comercio, Turismo y Ciencias Sociales Jovellanos<\/option><option value=\"Facultad de Derecho\"  >Facultad de Derecho<\/option><option value=\"Escuela de Ingenier\u00eda Inform\u00e1tica\"  >Escuela de Ingenier\u00eda Inform\u00e1tica<\/option><option value=\"Facultad de Econom\u00eda y Empresa\"  >Facultad de Econom\u00eda y Empresa<\/option><option value=\"Facultad de Filosof\u00eda y Letras\"  >Facultad de Filosof\u00eda y Letras<\/option><option value=\"Facultad de Formaci\u00f3n del Profesorado y Educaci\u00f3n\"  >Facultad de Formaci\u00f3n del Profesorado y Educaci\u00f3n<\/option><option value=\"Facultad de Geolog\u00eda\"  >Facultad de Geolog\u00eda<\/option><option value=\"Facultad de Medicina y Ciencias de la Salud\"  >Facultad de Medicina y Ciencias de la Salud<\/option><option value=\"Facultad de Psicolog\u00eda\"  >Facultad de Psicolog\u00eda<\/option><option value=\"Facultad de Qu\u00edmica\"  >Facultad de Qu\u00edmica<\/option><option value=\"Facultad &quot;Padre Oss\u00f3&quot;\"  >Facultad \"Padre Oss\u00f3\"<\/option><option value=\"Facultad de Enfermer\u00eda de Gij\u00f3n\"  >Facultad de Enfermer\u00eda de Gij\u00f3n<\/option><option value=\"Escuela Polit\u00e9cnica de Ingenier\u00eda de Gij\u00f3n\"  >Escuela Polit\u00e9cnica de Ingenier\u00eda de Gij\u00f3n<\/option><option value=\"Escuela Polit\u00e9cnica de Mieres\"  >Escuela Polit\u00e9cnica de Mieres<\/option><option value=\"Escuela Superior de la Marina Civil\"  >Escuela Superior de la Marina Civil<\/option><option value=\"Centro Internacional de Postgrado\"  >Centro Internacional de Postgrado<\/option><\/select><\/div><\/div><div class='ff-el-group'><div class=\"ff-el-input--label ff-el-is-required asterisk-right\"><label for='ff_5_dropdown_1' id='label_ff_5_dropdown_1' aria-label=\"Cantidad de estudiantes mentorizados:\">Cantidad de estudiantes mentorizados:<\/label><\/div><div class='ff-el-input--content'><select name=\"dropdown_1\" id=\"ff_5_dropdown_1\" class=\"ff-el-form-control\" data-name=\"dropdown_1\" data-calc_value=\"0\"  aria-invalid=\"false\" aria-required=\"true\" aria-labelledby=\"label_ff_5_dropdown_1\"><option value=\"\">- Selecciona -<\/option><option value=\"1 estudiante y ha realizado 25 horas\"  >1 estudiante y ha realizado 25 horas<\/option><option value=\"2 estudiantes y ha realizado 50 horas\"  >2 estudiantes y ha realizado 50 horas<\/option><option value=\"3 estudiantes y ha realizado 75 horas\"  >3 estudiantes y ha realizado 75 horas<\/option><\/select><\/div><\/div><div class='ff-el-group ff-text-center ff_submit_btn_wrapper'><button type=\"submit\" class=\"ff-btn ff-btn-submit ff-btn-md ff_btn_style\"  aria-label=\"Enviar\">Enviar<\/button><\/div><\/fieldset><\/form><div id='fluentform_5_errors' class='ff-errors-in-stack ff_form_instance_5_1 ff-form-loading_errors ff_form_instance_5_1_errors'><\/div><\/div>            <script type=\"text\/javascript\">\n                window.fluent_form_ff_form_instance_5_1 = {\"id\":\"5\",\"ajaxUrl\":\"https:\\\/\\\/www.unioviedo.es\\\/cestudiantes\\\/wp-admin\\\/admin-ajax.php\",\"settings\":{\"layout\":{\"labelPlacement\":\"top\",\"helpMessagePlacement\":\"with_label\",\"errorMessagePlacement\":\"inline\",\"cssClassName\":\"\",\"asteriskPlacement\":\"asterisk-right\"},\"restrictions\":{\"denyEmptySubmission\":{\"enabled\":false}}},\"form_instance\":\"ff_form_instance_5_1\",\"form_id_selector\":\"fluentform_5\",\"rules\":{\"Nombre_y_Apellidos[first_name]\":{\"required\":{\"value\":false,\"message\":\"Este campo es obligatorio\",\"global_message\":\"Este campo es obligatorio\",\"global\":true}},\"Nombre_y_Apellidos[middle_name]\":{\"required\":{\"value\":false,\"message\":\"Este campo es obligatorio\",\"global_message\":\"Este campo es obligatorio\",\"global\":true}},\"Nombre_y_Apellidos[last_name]\":{\"required\":{\"value\":false,\"message\":\"Este campo es obligatorio\",\"global_message\":\"Este campo es obligatorio\",\"global\":true}},\"email\":{\"required\":{\"value\":true,\"message\":\"Este campo es obligatorio\",\"global_message\":\"Este campo es obligatorio\",\"global\":true},\"email\":{\"value\":false,\"message\":\"Este campo debe contener un correo electr\\u00f3nico v\\u00e1lido\",\"global_message\":\"Este campo debe contener un correo electr\\u00f3nico v\\u00e1lido\",\"global\":true}},\"DNI\":{\"required\":{\"value\":true,\"message\":\"Este campo es obligatorio\",\"global_message\":\"Este campo es obligatorio\",\"global\":true}},\"dropdown\":{\"required\":{\"value\":true,\"message\":\"Este campo es obligatorio\",\"global_message\":\"Este campo es obligatorio\",\"global\":true}},\"dropdown_1\":{\"required\":{\"value\":true,\"message\":\"Este campo es obligatorio\",\"global_message\":\"Este campo es obligatorio\",\"global\":true}}},\"debounce_time\":300,\"conditionals\":{\"dropdown_1\":{\"type\":\"all\",\"status\":true,\"conditions\":[{\"field\":\"\",\"value\":\"\",\"operator\":\"\"}]}}};\n                            <\/script>\n            \r\n        <\/div>\r\n      <\/aside>\r\n    <\/div>\r\n\r\n    <!-- NOTAS -->\r\n    <section class=\"mc__card mc__note\" aria-labelledby=\"mc-notas\">\r\n      <h3 id=\"mc-notas\" class=\"mc__h3\">\r\n        <svg class=\"mc__ico\" viewBox=\"0 0 24 24\" aria-hidden=\"true\"><path d=\"M12 2a10 10 0 1 0 .001 20.001A10 10 0 0 0 12 2Zm1 15h-2v-2h2v2Zm0-4h-2V7h2v6Z\"\/><\/svg>\r\n        Notas importantes\r\n      <\/h3>\r\n      <p>El reconocimiento de cr\u00e9ditos queda condicionado a la verificaci\u00f3n de los requisitos establecidos por la Universidad. El tratamiento de datos se rige por la normativa vigente y por las pol\u00edticas de privacidad de la Universidad de Oviedo.<\/p>\r\n    <\/section>\r\n  <\/div>\r\n<\/section>\r\n\r\n<style>\r\n\/* =================================================\r\n   Scope aislado: #mentoria-creditos\r\n   (no afecta al resto del sitio)\r\n   ================================================= *\/\r\n#mentoria-creditos{\r\n  --brand:#00827C;\r\n  --brand-2:#6EC1E4;\r\n  --ink:#0f172a;\r\n  --muted:#475569;\r\n  --paper:#ffffff;\r\n  --ring:rgba(2,6,23,.10);\r\n  --ring-2:rgba(2,6,23,.18);\r\n  --shadow:0 12px 28px rgba(2,6,23,.08);\r\n  --radius:18px;\r\n\r\n  color: var(--ink);\r\n  font-family: inherit;\r\n  padding: 28px 0 36px;\r\n}\r\n#mentoria-creditos *{ box-sizing:border-box; min-inline-size:0; }\r\n#mentoria-creditos p{ text-align: justify; }\r\n\r\n#mentoria-creditos .mc__inner{\r\n  max-width: min(1080px, 94vw);\r\n  margin: 0 auto;\r\n  padding: 0 16px;\r\n}\r\n\r\n\/* Header *\/\r\n#mentoria-creditos .mc__header{ text-align:center; margin-bottom: 18px; }\r\n#mentoria-creditos .mc__h{\r\n  margin:0;\r\n  font-weight:800;\r\n  letter-spacing:.01em;\r\n  font-size: clamp(1.25rem, 1rem + 2vw, 2.1rem);\r\n  line-height:1.12;\r\n}\r\n#mentoria-creditos .mc__h::after{\r\n  content:\"\";\r\n  display:block;\r\n  width:min(220px,55%);\r\n  height:6px;\r\n  margin:12px auto 0;\r\n  border-radius:999px;\r\n  background:linear-gradient(90deg,var(--brand),var(--brand-2));\r\n  box-shadow:0 6px 16px rgba(0,0,0,.08);\r\n}\r\n#mentoria-creditos .mc__lead{\r\n  margin:10px auto 0;\r\n  color:var(--muted);\r\n  max-width:70ch;\r\n  font-size:clamp(.95rem,.92rem + .25vw,1.06rem);\r\n}\r\n\r\n\/* Grid principal *\/\r\n#mentoria-creditos .mc__grid{\r\n  display:grid;\r\n  grid-template-columns: 1.05fr .95fr;\r\n  gap: clamp(14px, 2vw, 18px);\r\n  margin-top: 16px;\r\n}\r\n@media (max-width: 900px){\r\n  #mentoria-creditos .mc__grid{ grid-template-columns: 1fr; }\r\n}\r\n\r\n\/* Card base *\/\r\n#mentoria-creditos .mc__card{\r\n  background: var(--paper);\r\n  border:1px solid var(--ring);\r\n  border-radius: var(--radius);\r\n  box-shadow: var(--shadow);\r\n  padding: clamp(14px, 2vw, 18px);\r\n}\r\n#mentoria-creditos .mc__copy p{\r\n  margin:.5rem 0;\r\n  line-height:1.55;\r\n}\r\n\r\n\/* Titulares h3 *\/\r\n#mentoria-creditos .mc__h3{\r\n  display:flex; align-items:center; gap:8px;\r\n  margin:0 0 10px 0;\r\n  font-size:clamp(1.05rem,1rem + .3vw,1.25rem);\r\n  color:var(--ink);\r\n  font-weight:750;\r\n}\r\n#mentoria-creditos .mc__ico{ width:20px; height:20px; flex:0 0 20px; color:var(--brand); }\r\n\r\n\/* Formulario (envoltorio) *\/\r\n#mentoria-creditos .mc__formwrap{\r\n  \/* Asegura que el formulario se adapte al ancho y no desborde *\/\r\n  width:100%;\r\n}\r\n#mentoria-creditos .mc__formwrap .fluentform,\r\n#mentoria-creditos .mc__formwrap form{\r\n  width:100% !important;\r\n  max-width:100% !important;\r\n}\r\n#mentoria-creditos .mc__formwrap input[type=\"text\"],\r\n#mentoria-creditos .mc__formwrap input[type=\"email\"],\r\n#mentoria-creditos .mc__formwrap input[type=\"tel\"],\r\n#mentoria-creditos .mc__formwrap input[type=\"number\"],\r\n#mentoria-creditos .mc__formwrap select,\r\n#mentoria-creditos .mc__formwrap textarea{\r\n  width:100% !important;\r\n  max-width:100% !important;\r\n}\r\n#mentoria-creditos .mc__formwrap .ff-el-group,\r\n#mentoria-creditos .mc__formwrap .ff-t-container,\r\n#mentoria-creditos .mc__formwrap .ff-t-cell{\r\n  inline-size:100%;\r\n}\r\n\r\n\/* Nota *\/\r\n#mentoria-creditos .mc__note{\r\n  margin-top: 16px;\r\n  background: #fffef7;\r\n  border:1px solid #fde4b1;\r\n}\r\n#mentoria-creditos .mc__note p{ color:#6b5600; }\r\n<\/style>\r\n\t\t\t\t<\/div>\n\t\t\t\t<\/div>\n\t\t\t\t\t<\/div>\n\t\t<\/div>\n\t\t\t\t\t<\/div>\n\t\t<\/section>\n\t\t\t\t<\/div>\n\t\t","protected":false},"excerpt":{"rendered":"<p>Reconocimiento de cr\u00e9ditos por la participaci\u00f3n en el Programa de Mentor\u00eda Solicita el reconocimiento de cr\u00e9ditos ECTS por tu labor como mentor\/a del Consejo de Estudiantes mediante el formulario oficial. Esta secci\u00f3n ha sido elaborada por el Consejo de Estudiantes con fines informativos. Corresponde a la persona solicitante comprobar que los datos introducidos son veraces&hellip;&nbsp;<a href=\"https:\/\/www.unioviedo.es\/cestudiantes\/index.php\/creditos-programa-mentoria\/\" rel=\"bookmark\">Leer m\u00e1s &raquo;<span class=\"screen-reader-text\">Reconocimiento ECTS en el Programa de Mentor\u00eda del Consejo de Estudiantes<\/span><\/a><\/p>\n","protected":false},"author":1,"featured_media":0,"parent":0,"menu_order":0,"comment_status":"closed","ping_status":"closed","template":"page-templates\/template-pagebuilder-full-width.php","meta":{"neve_meta_sidebar":"","neve_meta_container":"","neve_meta_enable_content_width":"off","neve_meta_content_width":100,"neve_meta_title_alignment":"","neve_meta_author_avatar":"","neve_post_elements_order":"","neve_meta_disable_header":"","neve_meta_disable_footer":"","neve_meta_disable_title":"","footnotes":""},"class_list":["post-4676","page","type-page","status-publish","hentry"],"_links":{"self":[{"href":"https:\/\/www.unioviedo.es\/cestudiantes\/index.php\/wp-json\/wp\/v2\/pages\/4676","targetHints":{"allow":["GET"]}}],"collection":[{"href":"https:\/\/www.unioviedo.es\/cestudiantes\/index.php\/wp-json\/wp\/v2\/pages"}],"about":[{"href":"https:\/\/www.unioviedo.es\/cestudiantes\/index.php\/wp-json\/wp\/v2\/types\/page"}],"author":[{"embeddable":true,"href":"https:\/\/www.unioviedo.es\/cestudiantes\/index.php\/wp-json\/wp\/v2\/users\/1"}],"replies":[{"embeddable":true,"href":"https:\/\/www.unioviedo.es\/cestudiantes\/index.php\/wp-json\/wp\/v2\/comments?post=4676"}],"version-history":[{"count":3,"href":"https:\/\/www.unioviedo.es\/cestudiantes\/index.php\/wp-json\/wp\/v2\/pages\/4676\/revisions"}],"predecessor-version":[{"id":16505,"href":"https:\/\/www.unioviedo.es\/cestudiantes\/index.php\/wp-json\/wp\/v2\/pages\/4676\/revisions\/16505"}],"wp:attachment":[{"href":"https:\/\/www.unioviedo.es\/cestudiantes\/index.php\/wp-json\/wp\/v2\/media?parent=4676"}],"curies":[{"name":"wp","href":"https:\/\/api.w.org\/{rel}","templated":true}]}}