{"id":4753,"date":"2024-05-06T10:10:25","date_gmt":"2024-05-06T10:10:25","guid":{"rendered":"https:\/\/www.unioviedo.es\/cestudiantes\/?page_id=4753"},"modified":"2025-11-08T11:12:06","modified_gmt":"2025-11-08T11:12:06","slug":"contacto-erasmus","status":"publish","type":"page","link":"https:\/\/www.unioviedo.es\/cestudiantes\/index.php\/contacto-erasmus\/","title":{"rendered":"Red de contacto Erasmus+"},"content":{"rendered":"\t\t<div data-elementor-type=\"wp-page\" data-elementor-id=\"4753\" class=\"elementor elementor-4753\">\n\t\t\t\t\t\t<section class=\"elementor-section elementor-top-section elementor-element elementor-element-404d1e0 elementor-section-boxed elementor-section-height-default elementor-section-height-default\" data-id=\"404d1e0\" data-element_type=\"section\" data-e-type=\"section\">\n\t\t\t\t\t\t<div class=\"elementor-container elementor-column-gap-default\">\n\t\t\t\t\t<div class=\"elementor-column elementor-col-100 elementor-top-column elementor-element elementor-element-dcf2fd2\" data-id=\"dcf2fd2\" data-element_type=\"column\" data-e-type=\"column\">\n\t\t\t<div class=\"elementor-widget-wrap elementor-element-populated\">\n\t\t\t\t\t\t<div class=\"elementor-element elementor-element-55892b7 elementor-widget elementor-widget-html\" data-id=\"55892b7\" data-element_type=\"widget\" data-e-type=\"widget\" data-widget_type=\"html.default\">\n\t\t\t\t<div class=\"elementor-widget-container\">\n\t\t\t\t\t<section id=\"red-erasmus\" aria-labelledby=\"re-title\">\r\n  <div class=\"re__inner\">\r\n    <!-- ENCABEZADO -->\r\n    <header class=\"re__header\">\r\n      <h2 id=\"re-title\" class=\"re__h\">Red de contactos con estudiantes Erasmus+<\/h2>\r\n      <p class=\"re__lead\">En colaboraci\u00f3n con el Vicerrectorado de Internacionalizaci\u00f3n, facilitamos el contacto entre quienes preparan su movilidad y estudiantes de UniOvi que ya vivieron ese destino.<\/p>\r\n    <\/header>\r\n\r\n    <!-- CONTENIDO -->\r\n    <div class=\"re__stack\">\r\n      <!-- COPIA -->\r\n      <article class=\"re__card re__copy\">\r\n        <p>Este servicio te permite resolver dudas pr\u00e1cticas, recibir consejos y orientarte mejor en la elecci\u00f3n de destino y centro de acogida. Puedes filtrar por centro y curso acad\u00e9mico o introducir un c\u00f3digo, destino o n\u00famero de acuerdo para localizar resultados aproximados. Al aplicar el filtro, obtendr\u00e1s informaci\u00f3n \u00fatil como el nombre del estudiante, centro, c\u00f3digo, destino, n\u00famero de acuerdo, d\u00edas adjudicados y el curso acad\u00e9mico correspondiente.<\/p>\r\n        <p><strong>Nota:<\/strong> si deseas formar parte de la red y autorizar tu contacto, escr\u00edbenos para incluirte de manera segura y conforme a la normativa.<\/p>\r\n      <\/article>\r\n\r\n      <!-- BUSCADOR \/ SHORTCODE -->\r\n      <section class=\"re__card\" aria-labelledby=\"re-buscador\">\r\n        <h3 id=\"re-buscador\" class=\"re__h3\">\r\n          <svg class=\"re__ico\" viewBox=\"0 0 24 24\" aria-hidden=\"true\"><path d=\"M10 18a8 8 0 1 1 6.32-3.11L22 20.6 20.6 22l-5.68-5.68A8 8 0 0 1 10 18Zm0-2a6 6 0 1 0 0-12 6 6 0 0 0 0 12Z\"\/><\/svg>\r\n          Buscar movilidades anteriores\r\n        <\/h3>\r\n\r\n        <!-- AVISO PROTECCI\u00d3N DE DATOS (encima del shortcode) -->\r\n        <div class=\"re__callout\" role=\"note\">\r\n          <strong>Protecci\u00f3n de datos.<\/strong> Solo se mostrar\u00e1 la informaci\u00f3n necesaria y el contacto de estudiantes que hayan otorgado su autorizaci\u00f3n previa.\r\n        <\/div>\r\n\r\n        <p class=\"re__help\">Selecciona centro y curso o introduce un c\u00f3digo, destino o n\u00famero de acuerdo. Pulsa <em>Filtrar<\/em> para ver los resultados.<\/p>\r\n        <div class=\"re__shortcode\">\t<style>\r\n\t\t.movilidad-container {\r\n\t\t\tmax-width: 800px;\r\n\t\t\tmargin: 20px auto;\r\n\t\t\tpadding: 20px;\r\n\t\t\tbackground: #fff;\r\n\t\t\tborder: 1px solid #ddd;\r\n\t\t\tborder-radius: 5px;\r\n\t\t\tbox-shadow: 0 2px 4px rgba(0,0,0,0.1);\r\n\t\t\tfont-family: Arial, sans-serif;\r\n\t\t}\r\n\t\t.movilidad-container h2 {\r\n\t\t\ttext-align: center;\r\n\t\t\tmargin-bottom: 20px;\r\n\t\t\tcolor: #333;\r\n\t\t}\r\n\t\t.movilidad-form {\r\n\t\t\tdisplay: flex;\r\n\t\t\tflex-wrap: wrap;\r\n\t\t\tgap: 20px;\r\n\t\t\tmargin-bottom: 20px;\r\n\t\t}\r\n\t\t.movilidad-form .form-group {\r\n\t\t\tflex: 1 1 200px;\r\n\t\t\tdisplay: flex;\r\n\t\t\tflex-direction: column;\r\n\t\t}\r\n\t\t.movilidad-form label {\r\n\t\t\tmargin-bottom: 5px;\r\n\t\t\tfont-weight: bold;\r\n\t\t\tcolor: #555;\r\n\t\t}\r\n\t\t.movilidad-form select,\r\n\t\t.movilidad-form input[type=\"text\"] {\r\n\t\t\tpadding: 8px;\r\n\t\t\tborder: 1px solid #ccc;\r\n\t\t\tborder-radius: 4px;\r\n\t\t}\r\n\t\t.movilidad-form button {\r\n\t\t\tpadding: 10px 20px;\r\n\t\t\tbackground: #0073aa;\r\n\t\t\tcolor: #fff;\r\n\t\t\tborder: none;\r\n\t\t\tborder-radius: 4px;\r\n\t\t\tcursor: pointer;\r\n\t\t\talign-self: center;\r\n\t\t}\r\n\t\t.movilidad-form button:hover {\r\n\t\t\tbackground: #005177;\r\n\t\t}\r\n\t\t.movilidad-results p {\r\n\t\t\tbackground: #f9f9f9;\r\n\t\t\tpadding: 10px;\r\n\t\t\tborder: 1px solid #eee;\r\n\t\t\tborder-radius: 4px;\r\n\t\t\tmargin-bottom: 10px;\r\n\t\t}\r\n\t<\/style>\r\n\t<div class=\"movilidad-container\">\r\n\t\t<h2>Filtrar Movilidades<\/h2>\r\n\t\t<form class=\"movilidad-form\" method=\"post\">\r\n\t\t\t<div class=\"form-group\">\r\n\t\t\t\t<label for=\"centro\">Centro:<\/label>\r\n\t\t\t\t<select name=\"centro\" id=\"centro\">\r\n\t\t\t\t\t<option value=\"\">Todos<\/option>\r\n\t\t\t\t\t<option value=\"Centro Internacional de Postgrado\">Centro Internacional de Postgrado<\/option>\r\n\t\t\t\t\t<option value=\"E.S. de la Marina Civil\">E.S. de la Marina Civil<\/option>\r\n\t\t\t\t\t<option value=\"Escuela de Ingenier\u00eda Inform\u00e1tica\">Escuela de Ingenier\u00eda Inform\u00e1tica<\/option>\r\n\t\t\t\t\t<option value=\"Escuela Polit\u00e9cnica de Ingenier\u00eda de Gij\u00f3n\">Escuela Polit\u00e9cnica de Ingenier\u00eda de Gij\u00f3n<\/option>\r\n\t\t\t\t\t<option value=\"Escuela Polit\u00e9cnica de Mieres\">Escuela Polit\u00e9cnica de Mieres<\/option>\r\n\t\t\t\t\t<option value=\"Fac. de Comercio, Turismo y CCSS Jovellanos\">Fac. de Comercio, Turismo y CCSS Jovellanos<\/option>\r\n\t\t\t\t\t<option value=\"Fac. Formaci\u00f3n del Profesorado y Educaci\u00f3n\">Fac. Formaci\u00f3n del Profesorado y Educaci\u00f3n<\/option>\r\n\t\t\t\t\t<option value=\"Facultad Padre Oss\u00f3\">Facultad \"Padre Oss\u00f3\"<\/option>\r\n\t\t\t\t\t<option value=\"Facultad de Biolog\u00eda\">Facultad de Biolog\u00eda<\/option>\r\n\t\t\t\t\t<option value=\"Facultad de Ciencias\">Facultad de Ciencias<\/option>\r\n\t\t\t\t\t<option value=\"Facultad de Derecho\">Facultad de Derecho<\/option>\r\n\t\t\t\t\t<option value=\"Facultad de Econom\u00eda y Empresa\">Facultad de Econom\u00eda y Empresa<\/option>\r\n\t\t\t\t\t<option value=\"Facultad de Enfermer\u00eda de Gij\u00f3n\">Facultad de Enfermer\u00eda de Gij\u00f3n<\/option>\r\n\t\t\t\t\t<option value=\"Facultad de Filosof\u00eda y Letras\">Facultad de Filosof\u00eda y Letras<\/option>\r\n\t\t\t\t\t<option value=\"Facultad de Geolog\u00eda\">Facultad de Geolog\u00eda<\/option>\r\n\t\t\t\t\t<option value=\"Facultad de Medicina y Ciencias de la Salud\">Facultad de Medicina y Ciencias de la Salud<\/option>\r\n\t\t\t\t\t<option value=\"Facultad de Psicolog\u00eda\">Facultad de Psicolog\u00eda<\/option>\r\n\t\t\t\t\t<option value=\"Facultad de Qu\u00edmica\">Facultad de Qu\u00edmica<\/option>\r\n\t\t\t\t<\/select>\r\n\t\t\t<\/div>\r\n\t\t\t<div class=\"form-group\">\r\n\t\t\t\t<label for=\"curso\">Curso:<\/label>\r\n\t\t\t\t<select name=\"curso\" id=\"curso\">\r\n\t\t\t\t\t<option value=\"\">Todos<\/option>\r\n\t\t\t\t\t<option value=\"2023-24\">2023-24<\/option>\r\n\t\t\t\t\t<option value=\"2024-25\">2024-25<\/option>\r\n\t\t\t\t<\/select>\r\n\t\t\t<\/div>\r\n\t\t\t<div class=\"form-group\">\r\n\t\t\t\t<label for=\"codigo\">C\u00f3digo:<\/label>\r\n\t\t\t\t<input type=\"text\" name=\"codigo\" id=\"codigo\" placeholder=\"Buscar por C\u00f3digo\">\r\n\t\t\t<\/div>\r\n\t\t\t<div class=\"form-group\">\r\n\t\t\t\t<label for=\"destino\">Destino:<\/label>\r\n\t\t\t\t<input type=\"text\" name=\"destino\" id=\"destino\" placeholder=\"Buscar por Destino\">\r\n\t\t\t<\/div>\r\n\t\t\t<div class=\"form-group\">\r\n\t\t\t\t<label for=\"n_acuerdo\">N\u00ba de Acuerdo:<\/label>\r\n\t\t\t\t<input type=\"text\" name=\"n_acuerdo\" id=\"n_acuerdo\" placeholder=\"Buscar por N\u00ba de Acuerdo\">\r\n\t\t\t<\/div>\r\n\t\t\t<div class=\"form-group\" style=\"flex-basis: 100%; text-align: center;\">\r\n\t\t\t\t<button type=\"submit\">Filtrar<\/button>\r\n\t\t\t<\/div>\r\n\t\t<\/form>\r\n\t\t<div class=\"movilidad-results\">\r\n\t\t\t\t\t<\/div>\r\n\t<\/div>\r\n\t<\/div>\r\n      <\/section>\r\n\r\n      <!-- CONTACTO -->\r\n      <section class=\"re__card re__info\" aria-labelledby=\"re-contacto\">\r\n        <h3 id=\"re-contacto\" class=\"re__h3\">\r\n          <svg class=\"re__ico\" viewBox=\"0 0 24 24\" aria-hidden=\"true\"><path d=\"M20 4H4a2 2 0 0 0-2 2v.4l10 6.25L22 6.4V6a2 2 0 0 0-2-2Zm0 4.8-8 5-8-5V18a2 2 0 0 0 2 2h12a2 2 0 0 0 2-2V8.8Z\"\/><\/svg>\r\n          \u00bfQuieres aparecer en la red?\r\n        <\/h3>\r\n        <p>Si has realizado una movilidad Erasmus+ y te gustar\u00eda ayudar a futuros estudiantes, escr\u00edbenos y te contaremos c\u00f3mo autorizar tus datos de contacto.<\/p>\r\n        <p><strong>Correo:<\/strong> <a class=\"re__link\" href=\"mailto:cestudiantes@uniovi.es\">cestudiantes@uniovi.es<\/a><\/p>\r\n      <\/section>\r\n    <\/div>\r\n  <\/div>\r\n<\/section>\r\n\r\n<style>\r\n\/* ==============================\r\n   Scope aislado: #red-erasmus\r\n   ============================== *\/\r\n#red-erasmus{\r\n  --brand:#00827C;\r\n  --brand-2:#6EC1E4;\r\n  --ink:#0f172a;\r\n  --muted:#475569;\r\n  --paper:#ffffff;\r\n  --ring:rgba(2,6,23,.10);\r\n  --ring-2:rgba(2,6,23,.18);\r\n  --shadow:0 12px 28px rgba(2,6,23,.08);\r\n  --radius:18px;\r\n  --gap-y: clamp(20px, 4vw, 36px); \/* ESPACIO VERTICAL ENTRE CUADROS *\/\r\n\r\n  color:var(--ink);\r\n  font-family:inherit;\r\n}\r\n#red-erasmus *{ box-sizing:border-box; min-inline-size:0; }\r\n#red-erasmus p{ text-align:justify; }\r\n\r\n\/* Contenedor *\/\r\n#red-erasmus .re__inner{\r\n  max-width:min(1080px,96vw);\r\n  margin:0 auto;\r\n  padding: clamp(12px,2vw,18px);\r\n}\r\n\r\n\/* Encabezado *\/\r\n#red-erasmus .re__header{ text-align:center; margin: clamp(10px,2.4vw,18px) 0; }\r\n#red-erasmus .re__h{\r\n  margin:0;\r\n  font-weight:800;\r\n  letter-spacing:.01em;\r\n  font-size: clamp(1.35rem, 1rem + 2vw, 2.2rem);\r\n  line-height:1.12;\r\n}\r\n#red-erasmus .re__h::after{\r\n  content:\"\";\r\n  display:block;\r\n  width:min(230px,55%);\r\n  height:6px;\r\n  margin:12px auto 0;\r\n  border-radius:999px;\r\n  background:linear-gradient(90deg,var(--brand),var(--brand-2));\r\n  box-shadow:0 6px 16px rgba(0,0,0,.08);\r\n}\r\n#red-erasmus .re__lead{\r\n  margin:.65rem auto 0;\r\n  color:var(--muted);\r\n  max-width:70ch;\r\n  font-size:clamp(.95rem,.9rem + .25vw,1.05rem);\r\n}\r\n\r\n\/* Pila de tarjetas (m\u00e1s espacio vertical) *\/\r\n#red-erasmus .re__stack{\r\n  display:grid;\r\n  grid-template-columns: 1fr;\r\n  gap: var(--gap-y);\r\n  margin-top: var(--gap-y);\r\n}\r\n\r\n\/* Cards base *\/\r\n#red-erasmus .re__card{\r\n  background:var(--paper);\r\n  border:1px solid var(--ring);\r\n  border-radius: var(--radius);\r\n  box-shadow: var(--shadow);\r\n  padding: clamp(16px,2.2vw,20px);\r\n}\r\n#red-erasmus .re__copy p{ margin:.6rem 0; line-height:1.65; }\r\n\r\n\/* Titulares h3 *\/\r\n#red-erasmus .re__h3{\r\n  display:flex; align-items:center; gap:8px;\r\n  margin:0 0 10px 0;\r\n  font-size:clamp(1.05rem,1rem + .3vw,1.25rem);\r\n  color:var(--ink);\r\n  font-weight:750;\r\n}\r\n#red-erasmus .re__ico{ width:20px; height:20px; flex:0 0 20px; color:var(--brand); }\r\n\r\n\/* Shortcode *\/\r\n#red-erasmus .re__shortcode{\r\n  margin-top:10px;\r\n  border:1px dashed var(--ring-2);\r\n  border-radius:12px;\r\n  padding: clamp(12px,1.8vw,16px);\r\n  background:#fafcff;\r\n  color:var(--muted);\r\n  word-break:break-word;\r\n}\r\n#red-erasmus .re__help{\r\n  margin: 6px 0 0 0;\r\n  color: var(--muted);\r\n}\r\n\r\n\/* Aviso \/ callout (colocado por encima del shortcode) *\/\r\n#red-erasmus .re__callout{\r\n  margin: 6px 0 10px 0;\r\n  padding: 10px 12px;\r\n  border-radius:12px;\r\n  background:#fff8e7;\r\n  border:1px solid #fde4b1;\r\n  color:#8a5a00;\r\n}\r\n\r\n\/* Info y enlaces *\/\r\n#red-erasmus .re__info p{ margin:.5rem 0; }\r\n#red-erasmus .re__link{\r\n  color:var(--brand);\r\n  text-decoration:underline;\r\n  text-underline-offset:2px;\r\n}\r\n#red-erasmus .re__link:hover{ color:#046d6a; }\r\n\r\n\/* Microajustes m\u00f3viles *\/\r\n@media (max-width: 520px){\r\n  #red-erasmus .re__h{ font-size:clamp(1.2rem, 1rem + 4vw, 1.7rem); }\r\n}\r\n<\/style>\r\n\t\t\t\t<\/div>\n\t\t\t\t<\/div>\n\t\t\t\t\t<\/div>\n\t\t<\/div>\n\t\t\t\t\t<\/div>\n\t\t<\/section>\n\t\t\t\t<\/div>\n\t\t","protected":false},"excerpt":{"rendered":"<p>Red de contactos con estudiantes Erasmus+ En colaboraci\u00f3n con el Vicerrectorado de Internacionalizaci\u00f3n, facilitamos el contacto entre quienes preparan su movilidad y estudiantes de UniOvi que ya vivieron ese destino. Este servicio te permite resolver dudas pr\u00e1cticas, recibir consejos y orientarte mejor en la elecci\u00f3n de destino y centro de acogida. Puedes filtrar por centro&hellip;&nbsp;<a href=\"https:\/\/www.unioviedo.es\/cestudiantes\/index.php\/contacto-erasmus\/\" rel=\"bookmark\">Leer m\u00e1s &raquo;<span class=\"screen-reader-text\">Red de contacto Erasmus+<\/span><\/a><\/p>\n","protected":false},"author":1,"featured_media":0,"parent":0,"menu_order":0,"comment_status":"closed","ping_status":"closed","template":"page-templates\/template-pagebuilder-full-width.php","meta":{"neve_meta_sidebar":"","neve_meta_container":"","neve_meta_enable_content_width":"off","neve_meta_content_width":100,"neve_meta_title_alignment":"","neve_meta_author_avatar":"","neve_post_elements_order":"","neve_meta_disable_header":"","neve_meta_disable_footer":"","neve_meta_disable_title":"","footnotes":""},"class_list":["post-4753","page","type-page","status-publish","hentry"],"_links":{"self":[{"href":"https:\/\/www.unioviedo.es\/cestudiantes\/index.php\/wp-json\/wp\/v2\/pages\/4753","targetHints":{"allow":["GET"]}}],"collection":[{"href":"https:\/\/www.unioviedo.es\/cestudiantes\/index.php\/wp-json\/wp\/v2\/pages"}],"about":[{"href":"https:\/\/www.unioviedo.es\/cestudiantes\/index.php\/wp-json\/wp\/v2\/types\/page"}],"author":[{"embeddable":true,"href":"https:\/\/www.unioviedo.es\/cestudiantes\/index.php\/wp-json\/wp\/v2\/users\/1"}],"replies":[{"embeddable":true,"href":"https:\/\/www.unioviedo.es\/cestudiantes\/index.php\/wp-json\/wp\/v2\/comments?post=4753"}],"version-history":[{"count":6,"href":"https:\/\/www.unioviedo.es\/cestudiantes\/index.php\/wp-json\/wp\/v2\/pages\/4753\/revisions"}],"predecessor-version":[{"id":16512,"href":"https:\/\/www.unioviedo.es\/cestudiantes\/index.php\/wp-json\/wp\/v2\/pages\/4753\/revisions\/16512"}],"wp:attachment":[{"href":"https:\/\/www.unioviedo.es\/cestudiantes\/index.php\/wp-json\/wp\/v2\/media?parent=4753"}],"curies":[{"name":"wp","href":"https:\/\/api.w.org\/{rel}","templated":true}]}}