{"id":4781,"date":"2024-05-12T22:48:12","date_gmt":"2024-05-12T22:48:12","guid":{"rendered":"https:\/\/www.unioviedo.es\/cestudiantes\/?page_id=4781"},"modified":"2025-11-08T10:39:42","modified_gmt":"2025-11-08T10:39:42","slug":"certificados-de-representatividad","status":"publish","type":"page","link":"https:\/\/www.unioviedo.es\/cestudiantes\/index.php\/certificados-de-representatividad\/","title":{"rendered":"Certificados de representatividad"},"content":{"rendered":"\t\t<div data-elementor-type=\"wp-page\" data-elementor-id=\"4781\" class=\"elementor elementor-4781\">\n\t\t\t\t\t\t<section class=\"elementor-section elementor-top-section elementor-element elementor-element-fb5cd4c elementor-section-boxed elementor-section-height-default elementor-section-height-default\" data-id=\"fb5cd4c\" data-element_type=\"section\" data-e-type=\"section\">\n\t\t\t\t\t\t<div class=\"elementor-container elementor-column-gap-default\">\n\t\t\t\t\t<div class=\"elementor-column elementor-col-100 elementor-top-column elementor-element elementor-element-8b88920\" data-id=\"8b88920\" data-element_type=\"column\" data-e-type=\"column\">\n\t\t\t<div class=\"elementor-widget-wrap elementor-element-populated\">\n\t\t\t\t\t\t<div class=\"elementor-element elementor-element-6115488 elementor-widget elementor-widget-html\" data-id=\"6115488\" data-element_type=\"widget\" data-e-type=\"widget\" data-widget_type=\"html.default\">\n\t\t\t\t<div class=\"elementor-widget-container\">\n\t\t\t\t\t<section id=\"cert-repr\" aria-labelledby=\"cr-title\">\r\n  <div class=\"cr__inner\">\r\n    <!-- ENCABEZADO -->\r\n    <header class=\"cr__header\">\r\n      <h2 id=\"cr-title\" class=\"cr__h\">Solicita un certificado de representatividad<\/h2>\r\n      <p class=\"cr__lead\">Gestiona aqu\u00ed tu solicitud de certificado para \u00f3rganos autogestionados por estudiantes del Consejo de Estudiantes de la Universidad de Oviedo.<\/p>\r\n    <\/header>\r\n\r\n    <!-- INTRO \/ AVISO -->\r\n    <div class=\"cr__grid\">\r\n      <article class=\"cr__card cr__copy\">\r\n        <p>El siguiente formulario pretende recoger aquellas solicitudes de representantes de estudiantes que quieran certificar su condici\u00f3n de miembro en un \u00f3rgano propiamente gestionado por estudiantes (Asambleas de Centro, Consejo de Estudiantes u otros autogestionados por estudiantes).<\/p>\r\n        <div class=\"cr__note\" role=\"note\" aria-label=\"Aviso importante\">\r\n          <svg class=\"cr__ico\" viewBox=\"0 0 24 24\" aria-hidden=\"true\"><path d=\"M12 2 1 21h22L12 2Zm1 15h-2v-2h2v2Zm0-4h-2V9h2v4Z\"\/><\/svg>\r\n          <p><strong>Importante:<\/strong> El certificado de representatividad para el resto de \u00f3rganos de la Universidad de Oviedo debe pedirse a la secretar\u00eda de ese mismo \u00f3rgano.<\/p>\r\n        <\/div>\r\n      <\/article>\r\n\r\n      <aside class=\"cr__card cr__aside\" aria-label=\"Informaci\u00f3n\">\r\n        <div class=\"cr__aside-media\" aria-hidden=\"true\">\r\n          <svg viewBox=\"0 0 24 24\" class=\"cr__badge\"><path d=\"M12 3l9 4v6c0 5-4 8-9 8S3 18 3 13V7l9-4Zm0 2L6 7.2V13c0 3.9 2.9 6 6 6s6-2.1 6-6V7.2L12 5Zm-1 5h2v6h-2V10Zm0-3h2v2h-2V7Z\"\/><\/svg>\r\n        <\/div>\r\n        <p>Este tr\u00e1mite est\u00e1 orientado exclusivamente a \u00f3rganos <em>autogestionados por estudiantes<\/em>. Si tienes dudas sobre el \u00f3rgano competente o la documentaci\u00f3n, cons\u00faltalo antes de enviar la solicitud.<\/p>\r\n      <\/aside>\r\n    <\/div>\r\n\r\n    <!-- FORMULARIO -->\r\n    <section class=\"cr__card cr__form\" aria-labelledby=\"cr-form-title\">\r\n      <h3 id=\"cr-form-title\" class=\"cr__h3\">\r\n        <svg class=\"cr__ico\" viewBox=\"0 0 24 24\" aria-hidden=\"true\"><path d=\"M5 4h14v2H5V4Zm0 4h14v2H5V8Zm0 4h9v2H5v-2Zm0 4h9v2H5v-2Zm12 0h2v2h-2v-2Z\"\/><\/svg>\r\n        Formulario de solicitud\r\n      <\/h3>\r\n      <div class=\"cr__form-wrap\">\r\n        <!-- Inserta el shortcode del formulario -->\r\n        <div class='fluentform ff-default fluentform_wrapper_7 ffs_default_wrap'><form data-form_id=\"7\" id=\"fluentform_7\" class=\"frm-fluent-form fluent_form_7 ff-el-form-top ff_form_instance_7_1 ff-form-loading ffs_default\" data-form_instance=\"ff_form_instance_7_1\" method=\"POST\" ><fieldset  style=\"border: none!important;margin: 0!important;padding: 0!important;background-color: transparent!important;box-shadow: none!important;outline: none!important; min-inline-size: 100%;\">\n                    <legend class=\"ff_screen_reader_title\" style=\"display: block; margin: 0!important;padding: 0!important;height: 0!important;text-indent: -999999px;width: 0!important;overflow:hidden;\">Certificado representatividad (#7)<\/legend><input type='hidden' name='__fluent_form_embded_post_id' value='4781' \/><input type=\"hidden\" id=\"_fluentform_7_fluentformnonce\" name=\"_fluentform_7_fluentformnonce\" value=\"26228e44e5\" \/><input type=\"hidden\" name=\"_wp_http_referer\" value=\"\/cestudiantes\/index.php\/wp-json\/wp\/v2\/pages\/4781\" \/><div data-type=\"name-element\" data-name=\"Nombre_y_Apellidos\" class=\" ff-field_container ff-name-field-wrapper Nombre y Apellidos\" ><div class='ff-t-container'><div class='ff-t-cell '><div class='ff-el-group ff-el-form-top'><div class=\"ff-el-input--label asterisk-right\"><label for='ff_7_Nombre_y_Apellidos_first_name_' id='label_ff_7_Nombre_y_Apellidos_first_name_' >Nombre<\/label><\/div><div class='ff-el-input--content'><input type=\"text\" name=\"Nombre_y_Apellidos[first_name]\" id=\"ff_7_Nombre_y_Apellidos_first_name_\" class=\"ff-el-form-control\" placeholder=\"Nombre\" aria-invalid=\"false\" aria-required=false><\/div><\/div><\/div><div class='ff-t-cell '><div class='ff-el-group ff-el-form-top'><div class=\"ff-el-input--label asterisk-right\"><label for='ff_7_Nombre_y_Apellidos_last_name_' id='label_ff_7_Nombre_y_Apellidos_last_name_' >Apellidos<\/label><\/div><div class='ff-el-input--content'><input type=\"text\" name=\"Nombre_y_Apellidos[last_name]\" id=\"ff_7_Nombre_y_Apellidos_last_name_\" class=\"ff-el-form-control\" placeholder=\"Apellidos\" aria-invalid=\"false\" aria-required=false><\/div><\/div><\/div><\/div><\/div><div class='ff-el-group Correo electr\u00f3nico'><div class=\"ff-el-input--label ff-el-is-required asterisk-right\"><label for='ff_7_Correo_electronico' id='label_ff_7_Correo_electronico' aria-label=\"Correo electr\u00f3nico\">Correo electr\u00f3nico<\/label><div class=\"ff-el-tooltip\" data-content=\"Correo institucional de la Universidad de Oviedo\"><svg width=\"16\" height=\"16\" viewBox=\"0 0 25 25\"><path d=\"m329 393l0-46c0-2-1-4-2-6-2-2-4-3-7-3l-27 0 0-146c0-3-1-5-3-7-2-1-4-2-7-2l-91 0c-3 0-5 1-7 2-1 2-2 4-2 7l0 46c0 2 1 5 2 6 2 2 4 3 7 3l27 0 0 91-27 0c-3 0-5 1-7 3-1 2-2 4-2 6l0 46c0 3 1 5 2 7 2 1 4 2 7 2l128 0c3 0 5-1 7-2 1-2 2-4 2-7z m-36-256l0-46c0-2-1-4-3-6-2-2-4-3-7-3l-54 0c-3 0-5 1-7 3-2 2-3 4-3 6l0 46c0 3 1 5 3 7 2 1 4 2 7 2l54 0c3 0 5-1 7-2 2-2 3-4 3-7z m182 119c0 40-9 77-29 110-20 34-46 60-80 80-33 20-70 29-110 29-40 0-77-9-110-29-34-20-60-46-80-80-20-33-29-70-29-110 0-40 9-77 29-110 20-34 46-60 80-80 33-20 70-29 110-29 40 0 77 9 110 29 34 20 60 46 80 80 20 33 29 70 29 110z\" transform=\"scale(0.046875 0.046875)\"><\/path><\/svg><\/div><\/div><div class='ff-el-input--content'><input type=\"email\" name=\"Correo_electronico\" id=\"ff_7_Correo_electronico\" class=\"ff-el-form-control Correo electr\u00f3nico\" placeholder=\"Correo @uniovi.es\" data-name=\"Correo_electronico\"  aria-invalid=\"false\" aria-required=true><\/div><\/div><div class='ff-el-group'><div class=\"ff-el-input--label ff-el-is-required asterisk-right\"><label for='ff_7_DNI_NIE' id='label_ff_7_DNI_NIE' aria-label=\"DNI\/NIE\">DNI\/NIE<\/label><\/div><div class='ff-el-input--content'><input type=\"text\" name=\"DNI_NIE\" class=\"ff-el-form-control\" data-name=\"DNI_NIE\" id=\"ff_7_DNI_NIE\"  aria-invalid=\"false\" aria-required=true><\/div><\/div><div class='ff-el-group'><div class=\"ff-el-input--label ff-el-is-required asterisk-right\"><label for='ff_7_multi_select_1' id='label_ff_7_multi_select_1' aria-label=\"Centro de estudios\">Centro de estudios<\/label><\/div><div class='ff-el-input--content'><select name=\"multi_select_1[]\" id=\"ff_7_multi_select_1\" class=\"ff-el-form-control  ff_has_multi_select\" placeholder=\"Facultad\/Escuela\" multiple=\"1\" data-name=\"multi_select_1\" data-max_selected_options=\"1\" data-calc_value=\"0\"  aria-invalid=\"false\" aria-required=\"true\" aria-labelledby=\"label_ff_7_multi_select_1\"><option value=\"\">Facultad\/Escuela<\/option><option value=\"Facultad de Biolog\u00eda\"  >Facultad de Biolog\u00eda<\/option><option value=\"Facultad de Ciencias\"  >Facultad de Ciencias<\/option><option value=\"Facultad de Comercio, Turismo y Ciencias Sociales Jovellanos\"  >Facultad de Comercio, Turismo y Ciencias Sociales Jovellanos<\/option><option value=\"Facultad de Derecho\"  >Facultad de Derecho<\/option><option value=\"Escuela de Ingenier\u00eda Inform\u00e1tica\"  >Escuela de Ingenier\u00eda Inform\u00e1tica<\/option><option value=\"Facultad de Econom\u00eda y Empresa\"  >Facultad de Econom\u00eda y Empresa<\/option><option value=\"Facultad de Filosof\u00eda y Letras\"  >Facultad de Filosof\u00eda y Letras<\/option><option value=\"Facultad de Formaci\u00f3n del Profesorado y Educaci\u00f3n\"  >Facultad de Formaci\u00f3n del Profesorado y Educaci\u00f3n<\/option><option value=\"Facultad de Geolog\u00eda\"  >Facultad de Geolog\u00eda<\/option><option value=\"Facultad de Medicina y Ciencias de la Salud\"  >Facultad de Medicina y Ciencias de la Salud<\/option><option value=\"Facultad de Psicolog\u00eda\"  >Facultad de Psicolog\u00eda<\/option><option value=\"Facultad de Qu\u00edmica\"  >Facultad de Qu\u00edmica<\/option><option value=\"Facultad &quot;Padre Oss\u00f3&quot;\"  >Facultad \"Padre Oss\u00f3\"<\/option><option value=\"Facultad de Enfermer\u00eda de Gij\u00f3n\"  >Facultad de Enfermer\u00eda de Gij\u00f3n<\/option><option value=\"Escuela Polit\u00e9cnica de Ingenier\u00eda de Gij\u00f3n\"  >Escuela Polit\u00e9cnica de Ingenier\u00eda de Gij\u00f3n<\/option><option value=\"Escuela Polit\u00e9cnica de Mieres\"  >Escuela Polit\u00e9cnica de Mieres<\/option><option value=\"Escuela Superior de la Marina Civil\"  >Escuela Superior de la Marina Civil<\/option><option value=\"Centro Internacional de Postgrado\"  >Centro Internacional de Postgrado<\/option><\/select><\/div><\/div><div class='ff-el-group'><div class=\"ff-el-input--label ff-el-is-required asterisk-right\"><label for='ff_7_organo' id='label_ff_7_organo' aria-label=\"\u00d3rgano para el que solicitas el certificado\">\u00d3rgano para el que solicitas el certificado<\/label><\/div><div class='ff-el-input--content'><select name=\"organo[]\" id=\"ff_7_organo\" class=\"ff-el-form-control  ff_has_multi_select\" multiple=\"1\" data-name=\"organo\" data-max_selected_options=\"1\" data-calc_value=\"0\"  aria-invalid=\"false\" aria-required=\"true\" aria-labelledby=\"label_ff_7_organo\"><option value=\"Delegado\/a de Clase\/Curso\"  >Delegado\/a de Clase\/Curso<\/option><option value=\"miembro de la Asamblea de Centro\/Delegaci\u00f3n de Estudiantes\"  >miembro de la Asamblea de Centro\/Delegaci\u00f3n de Estudiantes<\/option><option value=\"Presidencia de la Asamblea de Centro\/Delegaci\u00f3n de Estudiantes\"  >Presidencia de la Asamblea de Centro\/Delegaci\u00f3n de Estudiantes<\/option><option value=\"Secretar\u00eda de la Asamblea de Centro\/Delegaci\u00f3n de Estudiantes\"  >Secretar\u00eda de la Asamblea de Centro\/Delegaci\u00f3n de Estudiantes<\/option><option value=\"miembro del Consejo de Estudiantes\"  >miembro del Consejo de Estudiantes<\/option><option value=\"miembro de la Comisi\u00f3n de Gobierno del Consejo de Estudiantes\"  >miembro de la Comisi\u00f3n de Gobierno del Consejo de Estudiantes<\/option><option value=\"miembro de la Junta Local de Estudiantes de la Alianza INGENIUM\"  >miembro de la Junta Local de Estudiantes de la Alianza INGENIUM<\/option><option value=\"miembro de la Junta de Estudiantes de la Alianza INGENIUM\"  >miembro de la Junta de Estudiantes de la Alianza INGENIUM<\/option><option value=\"miembro de una Vocal\u00eda del Consejo de Estudiantes\"  >miembro de una Vocal\u00eda del Consejo de Estudiantes<\/option><\/select><\/div><\/div><div class='ff-el-group'><div class=\"ff-el-input--label ff-el-is-required asterisk-right\"><label   aria-label=\"Curso acad\u00e9mico para el que solicita el certificado\">Curso acad\u00e9mico para el que solicita el certificado<\/label><\/div><div class='ff-el-input--content'><div class='ff-el-form-check ff-el-form-check-'><label class='ff-el-form-check-label' for='Curso_9115b2727b780677779fd49e14e63046'><input  type=\"checkbox\" name=\"Curso[]\" data-name=\"Curso\" class=\"ff-el-form-check-input ff-el-form-check-checkbox\" value=\"2022-2023\"  id='Curso_9115b2727b780677779fd49e14e63046' aria-label='2022-2023' aria-invalid='false' aria-required=true> <span>2022-2023<\/span><\/label><\/div><div class='ff-el-form-check ff-el-form-check-'><label class='ff-el-form-check-label' for='Curso_155b06ce43545fe820a996a18715d2c5'><input  type=\"checkbox\" name=\"Curso[]\" data-name=\"Curso\" class=\"ff-el-form-check-input ff-el-form-check-checkbox\" value=\"2023-2024\"  id='Curso_155b06ce43545fe820a996a18715d2c5' aria-label='2023-2024' aria-invalid='false' aria-required=true> <span>2023-2024<\/span><\/label><\/div><div class='ff-el-form-check ff-el-form-check-'><label class='ff-el-form-check-label' for='Curso_b91c6795e7ffb05b92c7a747a2819214'><input  type=\"checkbox\" name=\"Curso[]\" data-name=\"Curso\" class=\"ff-el-form-check-input ff-el-form-check-checkbox\" value=\"2024-2025\"  id='Curso_b91c6795e7ffb05b92c7a747a2819214' aria-label='2024-2025' aria-invalid='false' aria-required=true> <span>2024-2025<\/span><\/label><\/div><div class='ff-el-form-check ff-el-form-check-'><label class='ff-el-form-check-label' for='Curso_1d6d46406d2118616121c70ec2661969'><input  type=\"checkbox\" name=\"Curso[]\" data-name=\"Curso\" class=\"ff-el-form-check-input ff-el-form-check-checkbox\" value=\"2025-2026\"  id='Curso_1d6d46406d2118616121c70ec2661969' aria-label='2025-2026' aria-invalid='false' aria-required=true> <span>2025-2026<\/span><\/label><\/div><\/div><\/div><div class='ff-el-group'><div class=\"ff-el-input--label ff-el-is-required asterisk-right\"><label   aria-label=\"\u00bfDeseas solicitar reconocimiento de cr\u00e9ditos?\">\u00bfDeseas solicitar reconocimiento de cr\u00e9ditos?<\/label><\/div><div class='ff-el-input--content'><div class='ff-el-form-check ff-el-form-check-'><label class='ff-el-form-check-label' for='checkbox_86125442d9f44bc7c8a4f9819c09fa51'><input  type=\"checkbox\" name=\"checkbox[]\" data-name=\"checkbox\" class=\"ff-el-form-check-input ff-el-form-check-checkbox\" value=\"S\u00ed\"  id='checkbox_86125442d9f44bc7c8a4f9819c09fa51' aria-label='S\u00ed' aria-invalid='false' aria-required=true> <span>S\u00ed<\/span><\/label><\/div><div class='ff-el-form-check ff-el-form-check-'><label class='ff-el-form-check-label' for='checkbox_1fc9c706eca45facc3417b56a5bfa2ce'><input  type=\"checkbox\" name=\"checkbox[]\" data-name=\"checkbox\" class=\"ff-el-form-check-input ff-el-form-check-checkbox\" value=\"No\"  id='checkbox_1fc9c706eca45facc3417b56a5bfa2ce' aria-label='No' aria-invalid='false' aria-required=true> <span>No<\/span><\/label><\/div><\/div><\/div><div class='ff-el-group ff-text-center ff_submit_btn_wrapper'><button type=\"submit\" class=\"ff-btn ff-btn-submit ff-btn-md ff_btn_style\"  aria-label=\"Solicitar certificado\">Solicitar certificado<\/button><\/div><\/fieldset><\/form><div id='fluentform_7_errors' class='ff-errors-in-stack ff_form_instance_7_1 ff-form-loading_errors ff_form_instance_7_1_errors'><\/div><\/div>            <script type=\"text\/javascript\">\n                window.fluent_form_ff_form_instance_7_1 = {\"id\":\"7\",\"ajaxUrl\":\"https:\\\/\\\/www.unioviedo.es\\\/cestudiantes\\\/wp-admin\\\/admin-ajax.php\",\"settings\":{\"layout\":{\"labelPlacement\":\"top\",\"helpMessagePlacement\":\"with_label\",\"errorMessagePlacement\":\"inline\",\"cssClassName\":\"\",\"asteriskPlacement\":\"asterisk-right\"},\"restrictions\":{\"denyEmptySubmission\":{\"enabled\":false}}},\"form_instance\":\"ff_form_instance_7_1\",\"form_id_selector\":\"fluentform_7\",\"rules\":{\"Nombre_y_Apellidos[first_name]\":{\"required\":{\"value\":false,\"message\":\"Este campo es obligatorio\",\"global_message\":\"Este campo es obligatorio\",\"global\":true}},\"Nombre_y_Apellidos[middle_name]\":{\"required\":{\"value\":false,\"message\":\"Este campo es obligatorio\",\"global_message\":\"Este campo es obligatorio\",\"global\":true}},\"Nombre_y_Apellidos[last_name]\":{\"required\":{\"value\":false,\"message\":\"Este campo es obligatorio\",\"global_message\":\"Este campo es obligatorio\",\"global\":true}},\"Correo_electronico\":{\"required\":{\"value\":true,\"message\":\"Este campo es obligatorio\",\"global_message\":\"Este campo es obligatorio\",\"global\":true},\"email\":{\"value\":false,\"message\":\"Este campo debe contener un correo electr\\u00f3nico v\\u00e1lido\",\"global_message\":\"Este campo debe contener un correo electr\\u00f3nico v\\u00e1lido\",\"global\":true}},\"DNI_NIE\":{\"required\":{\"value\":true,\"message\":\"Este campo es obligatorio\",\"global_message\":\"Este campo es obligatorio\",\"global\":true}},\"multi_select_1\":{\"required\":{\"value\":true,\"message\":\"Este campo es obligatorio\",\"global_message\":\"Este campo es obligatorio\",\"global\":true}},\"organo\":{\"required\":{\"value\":true,\"message\":\"Este campo es obligatorio\",\"global_message\":\"Este campo es obligatorio\",\"global\":true}},\"Curso\":{\"required\":{\"value\":true,\"message\":\"Este campo es obligatorio\",\"global_message\":\"Este campo es obligatorio\",\"global\":true}},\"checkbox\":{\"required\":{\"value\":true,\"message\":\"Este campo es obligatorio\",\"global_message\":\"Este campo es obligatorio\",\"global\":true}}},\"debounce_time\":300};\n                            <\/script>\n            \r\n      <\/div>\r\n    <\/section>\r\n  <\/div>\r\n<\/section>\r\n\r\n<style>\r\n\/* =========================\r\n   Scope aislado: #cert-repr\r\n   ========================= *\/\r\n#cert-repr{\r\n  --brand:#00827C;\r\n  --brand-2:#6EC1E4;\r\n  --ink:#0f172a;\r\n  --muted:#475569;\r\n  --paper:#ffffff;\r\n  --ring:rgba(2,6,23,.10);\r\n  --ring-2:rgba(2,6,23,.18);\r\n  --shadow:0 10px 26px rgba(2,6,23,.08);\r\n  --radius:16px;\r\n  color:var(--ink);\r\n  font-family:inherit;\r\n}\r\n#cert-repr *{ box-sizing:border-box; min-inline-size:0; }\r\n#cert-repr p{ text-align:justify; }\r\n\r\n\/* Contenedor *\/\r\n#cert-repr .cr__inner{\r\n  max-width:min(1080px,96vw);\r\n  margin:0 auto;\r\n  padding: clamp(10px,2vw,18px);\r\n}\r\n\r\n\/* Encabezado *\/\r\n#cert-repr .cr__header{ text-align:center; margin: clamp(8px,2vw,16px) 0; }\r\n#cert-repr .cr__h{\r\n  margin:0;\r\n  font-weight:800;\r\n  letter-spacing:.01em;\r\n  font-size: clamp(1.25rem, 1rem + 2vw, 2.1rem);\r\n  line-height:1.12;\r\n}\r\n#cert-repr .cr__h::after{\r\n  content:\"\";\r\n  display:block;\r\n  width:min(220px,55%);\r\n  height:6px;\r\n  margin:12px auto 0;\r\n  border-radius:999px;\r\n  background:linear-gradient(90deg,var(--brand),var(--brand-2));\r\n  box-shadow:0 6px 16px rgba(0,0,0,.08);\r\n}\r\n#cert-repr .cr__lead{\r\n  margin:.6rem auto 0;\r\n  color:var(--muted);\r\n  max-width:70ch;\r\n  font-size:clamp(.95rem,.9rem + .25vw,1.05rem);\r\n}\r\n\r\n\/* Grid intro *\/\r\n#cert-repr .cr__grid{\r\n  display:grid;\r\n  grid-template-columns: 1.15fr .85fr;\r\n  gap: clamp(12px,2vw,18px);\r\n  margin: clamp(12px,2vw,18px) 0 clamp(14px,2.4vw,22px);\r\n}\r\n@media (max-width: 900px){\r\n  #cert-repr .cr__grid{ grid-template-columns: 1fr; }\r\n}\r\n\r\n\/* Card base *\/\r\n#cert-repr .cr__card{\r\n  background:var(--paper);\r\n  border:1px solid var(--ring);\r\n  border-radius:var(--radius);\r\n  box-shadow:var(--shadow);\r\n  padding: clamp(12px,2vw,18px);\r\n}\r\n\r\n\/* Copia *\/\r\n#cert-repr .cr__copy p{\r\n  margin:.4rem 0;\r\n  line-height:1.6;\r\n}\r\n\r\n\/* Nota *\/\r\n#cert-repr .cr__note{\r\n  display:flex; gap:10px; align-items:flex-start;\r\n  margin-top:.75rem;\r\n  padding:12px 14px;\r\n  border-radius:12px;\r\n  background:#fff8e7;\r\n  border:1px solid #fde4b1;\r\n  color:#8a5a00;\r\n}\r\n#cert-repr .cr__ico{ width:20px; height:20px; flex:0 0 20px; }\r\n\r\n\/* Aside *\/\r\n#cert-repr .cr__aside{ display:flex; gap:12px; align-items:flex-start; }\r\n#cert-repr .cr__aside-media{\r\n  display:grid; place-items:center; flex:0 0 56px; height:56px;\r\n  border-radius:14px;\r\n  background:linear-gradient(135deg,var(--brand),var(--brand-2));\r\n  box-shadow:0 8px 18px rgba(2,6,23,.08);\r\n}\r\n#cert-repr .cr__badge{ width:28px; height:28px; fill:#fff; }\r\n\r\n\/* Formulario *\/\r\n#cert-repr .cr__form{ margin-top: clamp(6px,1.5vw,10px); }\r\n#cert-repr .cr__h3{\r\n  display:flex; align-items:center; gap:8px;\r\n  margin:0 0 clamp(8px,1.6vw,12px);\r\n  font-weight:750;\r\n  font-size:clamp(1.05rem,1rem + .25vw,1.25rem);\r\n}\r\n#cert-repr .cr__form-wrap{ margin-top:8px; }\r\n\r\n\/* ======= Normalizaci\u00f3n m\u00ednima Fluent Forms (scope) ======= *\/\r\n#cert-repr .fluentform, \r\n#cert-repr .fluentform_wrapper_7{ width:100%; }\r\n\r\n#cert-repr .fluentform_wrapper_7 .ff-el-group{ margin-bottom: 12px !important; }\r\n#cert-repr .fluentform_wrapper_7 .ff-el-input--label label{ font-weight:600; color:var(--ink); }\r\n\r\n#cert-repr .fluentform_wrapper_7 .ff-el-form-control,\r\n#cert-repr .fluentform_wrapper_7 input[type=\"text\"],\r\n#cert-repr .fluentform_wrapper_7 input[type=\"email\"],\r\n#cert-repr .fluentform_wrapper_7 input[type=\"number\"],\r\n#cert-repr .fluentform_wrapper_7 select, \r\n#cert-repr .fluentform_wrapper_7 textarea{\r\n  width:100% !important;\r\n  max-width:100%;\r\n  border:1px solid var(--ring-2) !important;\r\n  border-radius:12px !important;\r\n  padding:10px 12px !important;\r\n  box-shadow:none !important;\r\n}\r\n\r\n\/* Choices (multi-select) *\/\r\n#cert-repr .fluentform_wrapper_7 .choices{ width:100%; }\r\n#cert-repr .fluentform_wrapper_7 .choices__inner{ width:100%; border-radius:12px; border:1px solid var(--ring-2); }\r\n#cert-repr .fluentform_wrapper_7 .choices__list--multiple{ display:flex; flex-wrap:wrap; gap:6px; }\r\n\r\n\/* Checks *\/\r\n#cert-repr .fluentform_wrapper_7 .ff-el-form-check{ margin:.25rem 0; }\r\n#cert-repr .fluentform_wrapper_7 .ff-el-form-check-input{ accent-color: var(--brand); }\r\n\r\n\/* Bot\u00f3n submit *\/\r\n#cert-repr .fluentform_wrapper_7 .ff-btn-submit{\r\n  background:#fff;\r\n  color:var(--ink);\r\n  border:1px solid var(--ring-2);\r\n  padding:10px 14px;\r\n  border-radius:12px;\r\n  font-weight:650;\r\n  box-shadow:0 6px 18px rgba(2,6,23,.08);\r\n  transition: transform .12s ease, border-color .2s ease, box-shadow .2s ease;\r\n}\r\n#cert-repr .fluentform_wrapper_7 .ff-btn-submit:hover{\r\n  transform: translateY(-1px);\r\n  border-color: var(--brand);\r\n  box-shadow:0 10px 24px rgba(2,6,23,.12);\r\n}\r\n\r\n\/* Responsivo extra peque\u00f1o *\/\r\n@media (max-width:480px){\r\n  #cert-repr .cr__note{ flex-direction:column; }\r\n  #cert-repr .cr__aside{ flex-direction:column; }\r\n  #cert-repr .cr__aside-media{ width:48px; height:48px; }\r\n}\r\n<\/style>\r\n\t\t\t\t<\/div>\n\t\t\t\t<\/div>\n\t\t\t\t\t<\/div>\n\t\t<\/div>\n\t\t\t\t\t<\/div>\n\t\t<\/section>\n\t\t\t\t<\/div>\n\t\t","protected":false},"excerpt":{"rendered":"<p>Solicita un certificado de representatividad Gestiona aqu\u00ed tu solicitud de certificado para \u00f3rganos autogestionados por estudiantes del Consejo de Estudiantes de la Universidad de Oviedo. El siguiente formulario pretende recoger aquellas solicitudes de representantes de estudiantes que quieran certificar su condici\u00f3n de miembro en un \u00f3rgano propiamente gestionado por estudiantes (Asambleas de Centro, Consejo de&hellip;&nbsp;<a href=\"https:\/\/www.unioviedo.es\/cestudiantes\/index.php\/certificados-de-representatividad\/\" rel=\"bookmark\">Leer m\u00e1s &raquo;<span class=\"screen-reader-text\">Certificados de representatividad<\/span><\/a><\/p>\n","protected":false},"author":1,"featured_media":0,"parent":0,"menu_order":0,"comment_status":"closed","ping_status":"closed","template":"page-templates\/template-pagebuilder-full-width.php","meta":{"neve_meta_sidebar":"","neve_meta_container":"","neve_meta_enable_content_width":"off","neve_meta_content_width":100,"neve_meta_title_alignment":"","neve_meta_author_avatar":"","neve_post_elements_order":"","neve_meta_disable_header":"","neve_meta_disable_footer":"","neve_meta_disable_title":"","footnotes":""},"class_list":["post-4781","page","type-page","status-publish","hentry"],"_links":{"self":[{"href":"https:\/\/www.unioviedo.es\/cestudiantes\/index.php\/wp-json\/wp\/v2\/pages\/4781","targetHints":{"allow":["GET"]}}],"collection":[{"href":"https:\/\/www.unioviedo.es\/cestudiantes\/index.php\/wp-json\/wp\/v2\/pages"}],"about":[{"href":"https:\/\/www.unioviedo.es\/cestudiantes\/index.php\/wp-json\/wp\/v2\/types\/page"}],"author":[{"embeddable":true,"href":"https:\/\/www.unioviedo.es\/cestudiantes\/index.php\/wp-json\/wp\/v2\/users\/1"}],"replies":[{"embeddable":true,"href":"https:\/\/www.unioviedo.es\/cestudiantes\/index.php\/wp-json\/wp\/v2\/comments?post=4781"}],"version-history":[{"count":6,"href":"https:\/\/www.unioviedo.es\/cestudiantes\/index.php\/wp-json\/wp\/v2\/pages\/4781\/revisions"}],"predecessor-version":[{"id":16457,"href":"https:\/\/www.unioviedo.es\/cestudiantes\/index.php\/wp-json\/wp\/v2\/pages\/4781\/revisions\/16457"}],"wp:attachment":[{"href":"https:\/\/www.unioviedo.es\/cestudiantes\/index.php\/wp-json\/wp\/v2\/media?parent=4781"}],"curies":[{"name":"wp","href":"https:\/\/api.w.org\/{rel}","templated":true}]}}