{"id":7867,"date":"2024-10-02T09:23:01","date_gmt":"2024-10-02T09:23:01","guid":{"rendered":"https:\/\/www.unioviedo.es\/cestudiantes\/?page_id=7867"},"modified":"2025-11-02T11:07:01","modified_gmt":"2025-11-02T11:07:01","slug":"tramite-solicitar-un-tribunal-de-evaluacion","status":"publish","type":"page","link":"https:\/\/www.unioviedo.es\/cestudiantes\/index.php\/tramite-solicitar-un-tribunal-de-evaluacion\/","title":{"rendered":"Tr\u00e1mite &#8211; SOLICITAR UN TRIBUNAL DE EVALUACI\u00d3N"},"content":{"rendered":"\t\t<div data-elementor-type=\"wp-page\" data-elementor-id=\"7867\" class=\"elementor elementor-7867\">\n\t\t\t\t\t\t<section class=\"elementor-section elementor-top-section elementor-element elementor-element-9a0a6ea elementor-section-boxed elementor-section-height-default elementor-section-height-default\" data-id=\"9a0a6ea\" data-element_type=\"section\" data-e-type=\"section\">\n\t\t\t\t\t\t<div class=\"elementor-container elementor-column-gap-default\">\n\t\t\t\t\t<div class=\"elementor-column elementor-col-100 elementor-top-column elementor-element elementor-element-f302781\" data-id=\"f302781\" data-element_type=\"column\" data-e-type=\"column\">\n\t\t\t<div class=\"elementor-widget-wrap elementor-element-populated\">\n\t\t\t\t\t\t<div class=\"elementor-element elementor-element-2566122 elementor-widget elementor-widget-html\" data-id=\"2566122\" data-element_type=\"widget\" data-e-type=\"widget\" data-widget_type=\"html.default\">\n\t\t\t\t<div class=\"elementor-widget-container\">\n\t\t\t\t\t<!doctype html>\r\n<html lang=\"es\">\r\n<head>\r\n  <meta charset=\"utf-8\" \/>\r\n  <meta name=\"viewport\" content=\"width=device-width, initial-scale=1\" \/>\r\n  <title>Tr\u00e1mite: Solicitar un Tribunal de Evaluaci\u00f3n \u00b7 Gu\u00eda del Consejo de Estudiantes<\/title>\r\n  <style>\r\n    \/* ===========================\r\n       Todo el estilo queda AISLADO en #convenio2627\r\n       =========================== *\/\r\n    :root { color-scheme: light; }\r\n    #convenio2627{\r\n      --brand:#0a9396; --brand-2:#006d77;\r\n      --bg:#ffffff; --bg-soft:#f6f8fb; --paper:#ffffff;\r\n      --text:#111827; --muted:#667085; --line:#e5e7eb;\r\n      --chip:#eef4f9; --chip-2:#edf2f7;\r\n      --ok:#12b886; --warn:#f59f00; --danger:#e03131;\r\n    }\r\n    #convenio2627{ font-family: ui-sans-serif, system-ui, -apple-system, \"Segoe UI\", Roboto, Inter, \"Helvetica Neue\", Arial; color:var(--text); background:var(--bg); line-height:1.55; }\r\n\r\n    \/* Layout *\/\r\n    #convenio2627 .wrap{ max-width:1200px; margin:0 auto; padding: clamp(16px,2vw,24px); display:grid; grid-template-columns:280px 1fr; gap: clamp(16px,2vw,24px); }\r\n    @media (max-width:980px){ #convenio2627 .wrap{ grid-template-columns:1fr; } }\r\n\r\n    \/* Header *\/\r\n    #convenio2627 header{ position: sticky; top:0; z-index:5; background:rgba(255,255,255,.92); backdrop-filter: blur(8px) saturate(1.05); border-bottom:1px solid var(--line); }\r\n    #convenio2627 .hero{ max-width:1200px; margin:0 auto; padding: 16px clamp(16px,2vw,24px); display:flex; align-items:center; justify-content:space-between; gap:12px; }\r\n    #convenio2627 .title{ display:flex; align-items:center; gap:10px; }\r\n    #convenio2627 h1{ margin:0; font-size: clamp(1.15rem, 2vw + .7rem, 1.9rem); letter-spacing:.2px; }\r\n\r\n    \/* TOC *\/\r\n    #convenio2627 nav.toc{ position: sticky; top:72px; align-self:start; background:var(--paper); border:1px solid var(--line); border-radius:16px; padding:12px; box-shadow: 0 10px 24px rgba(0,0,0,.04); }\r\n    #convenio2627 nav.toc h2{ font-size:.92rem; text-transform:uppercase; color:var(--muted); margin:4px 8px 8px; letter-spacing:.06em; }\r\n    #convenio2627 .toc a{ display:block; padding:8px 10px; border-radius:10px; color:inherit; text-decoration:none; font-size:.96rem; }\r\n    #convenio2627 .toc a:hover{ background:var(--bg-soft); }\r\n    #convenio2627 .toc a.active{ background:rgba(10,147,150,.08); color:var(--brand); font-weight:600; }\r\n    #convenio2627 .mobile-toc-toggle{ display:none; }\r\n    @media (max-width:980px){\r\n      #convenio2627 nav.toc{ position:relative; top:0; }\r\n      #convenio2627 .mobile-toc-toggle{ display:flex; gap:8px; align-items:center; border:1px solid var(--line); background:#fff; border-radius:12px; padding:10px; cursor:pointer; }\r\n      #convenio2627 .toc[hidden]{ display:none; }\r\n    }\r\n\r\n    \/* Main *\/\r\n    #convenio2627 main{ background:var(--paper); border:1px solid var(--line); border-radius:16px; box-shadow: 0 10px 24px rgba(0,0,0,.04); overflow:hidden; }\r\n    #convenio2627 .container{ padding: clamp(16px,2vw,28px); }\r\n    #convenio2627 section.block{ padding: 10px 0 18px; border-top:1px dashed var(--line); scroll-margin-top:82px; }\r\n    #convenio2627 section.block:first-of-type{ border-top:none; }\r\n    #convenio2627 h3{ display:flex; align-items:center; gap:.6rem; font-size: clamp(1.05rem, 1.5vw + .7rem, 1.6rem); margin: 6px 0 8px; }\r\n    #convenio2627 h3 .k{ display:inline-grid; place-items:center; width:28px; height:28px; border-radius:8px; background:rgba(10,147,150,.08); color:var(--brand); font: 700 .95rem\/1 ui-sans-serif,system-ui; }\r\n    #convenio2627 p{ margin:8px 0 10px; text-align:justify; }\r\n    #convenio2627 .muted{ color:var(--muted); }\r\n\r\n    \/* Lists *\/\r\n    #convenio2627 ul, #convenio2627 ol{ margin:10px 0 14px 0; padding-left: 1.25rem; list-style-position: outside; }\r\n    #convenio2627 ul{ list-style: disc outside; }\r\n    #convenio2627 ul ul{ list-style: circle; margin:6px 0 6px .75rem; }\r\n    #convenio2627 li{ margin:8px 0; text-align:justify; }\r\n    #convenio2627 li::marker{ color:var(--brand); font-weight:700; }\r\n\r\n    \/* Buttons *\/\r\n    #convenio2627 .btn{ display:inline-flex; align-items:center; gap:8px; padding:10px 14px; border-radius:12px; border:1px solid rgba(0,109,119,.25); background:var(--brand-2); color:#fff; text-decoration:none; font-weight:700; cursor:pointer; box-shadow:0 4px 14px rgba(0,109,119,.15); }\r\n    #convenio2627 .btn:hover{ transform:translateY(-1px); }\r\n    #convenio2627 .btn-outline{ background:#fff; color:var(--brand-2); }\r\n    #convenio2627 .actions{ display:flex; justify-content:center; gap:10px; flex-wrap:wrap; margin-top:10px; }\r\n\r\n    \/* Details (accordion) *\/\r\n    #convenio2627 details{ border:1px solid var(--line); border-radius:12px; margin:10px 0; padding:10px 12px; background:#fff; }\r\n    #convenio2627 summary{ cursor:pointer; font-weight:700; }\r\n\r\n    \/* Callout *\/\r\n    #convenio2627 .callout{ border-left:4px solid var(--brand-2); background:rgba(0,109,119,.08); padding:10px 12px; border-radius:8px; }\r\n\r\n    \/* Back to top *\/\r\n    #convenio2627 .top{ position:fixed; right:16px; bottom:16px; z-index:9; }\r\n    #convenio2627 .top a{ display:flex; align-items:center; justify-content:center; width:44px; height:44px; border-radius:12px; background: linear-gradient(180deg, var(--brand), var(--brand-2)); color:white; text-decoration:none; box-shadow: 0 10px 20px rgba(0,0,0,.15); }\r\n\r\n    \/* Links & focus *\/\r\n    #convenio2627 a{ color:var(--brand-2); }\r\n    #convenio2627 a, #convenio2627 button, #convenio2627 input, #convenio2627 select{ transition: all .2s ease; }\r\n    #convenio2627 a:focus-visible, #convenio2627 button:focus-visible, #convenio2627 input:focus-visible, #convenio2627 select:focus-visible{ outline:2px solid rgba(0,109,119,.8); outline-offset:2px; box-shadow: 0 0 0 3px rgba(0,109,119,.25); }\r\n  <\/style>\r\n<\/head>\r\n<body>\r\n<section id=\"convenio2627\" aria-label=\"Tr\u00e1mite: Solicitar un Tribunal de Evaluaci\u00f3n\">\r\n  <header>\r\n    <div class=\"hero\">\r\n      <div class=\"title\">\r\n        <svg width=\"28\" height=\"28\" viewBox=\"0 0 24 24\" fill=\"none\" stroke=\"currentColor\" stroke-width=\"1.6\" stroke-linecap=\"round\" stroke-linejoin=\"round\" aria-hidden=\"true\">\r\n          <path d=\"M21 10V6a2 2 0 0 0-2-2h-3\"\/><path d=\"M3 10V6a2 2 0 0 1 2-2h3\"\/><path d=\"M7 20h10a2 2 0 0 0 2-2v-5a2 2 0 0 0-2-2H7a2 2 0 0 0-2 2v5a2 2 0 0 0 2 2Z\"\/><path d=\"M7 7h.01M17 7h.01\"\/>\r\n        <\/svg>\r\n        <h1>TR\u00c1MITE: SOLICITAR UN TRIBUNAL DE EVALUACI\u00d3N<\/h1>\r\n      <\/div>\r\n      <div class=\"badges\" role=\"group\" aria-label=\"Etiquetas\"><\/div>\r\n    <\/div>\r\n  <\/header>\r\n\r\n  <div class=\"wrap\">\r\n    <!-- Mobile TOC toggle -->\r\n    <button class=\"mobile-toc-toggle\" aria-controls=\"toc\" aria-expanded=\"false\">\r\n      <svg width=\"18\" height=\"18\" viewBox=\"0 0 24 24\" fill=\"none\" stroke=\"currentColor\" stroke-width=\"1.8\"><path d=\"M3 6h18M3 12h18M3 18h18\"\/><\/svg>\r\n      <span>\u00cdndice<\/span>\r\n    <\/button>\r\n\r\n    <!-- TOC -->\r\n    <nav id=\"toc\" class=\"toc\" aria-label=\"\u00cdndice\">\r\n      <h2>\u00cdndice<\/h2>\r\n      <a href=\"#aviso\">Aviso<\/a>\r\n      <a href=\"#descripcion\">Descripci\u00f3n<\/a>\r\n      <a href=\"#quien\">\u00bfQui\u00e9n lo puede presentar?<\/a>\r\n      <a href=\"#fechas\">Fechas<\/a>\r\n      <a href=\"#tramita\">\u00bfQui\u00e9n tramita y resuelve?<\/a>\r\n      <a href=\"#procedimiento\">Procedimiento<\/a>\r\n      <a href=\"#tasas\">Pago de tasas<\/a>\r\n      <a href=\"#recurso\">\u00bfY si no estoy de acuerdo con la resoluci\u00f3n?<\/a>\r\n      <a href=\"#normativa\">Normativa<\/a>\r\n      <a href=\"#solicitud\">Realizar la solicitud<\/a>\r\n    <\/nav>\r\n\r\n    <main>\r\n      <div class=\"container\">\r\n        <!-- Aviso -->\r\n        <section id=\"aviso\" class=\"block\">\r\n          <div class=\"callout\">\r\n            Esta secci\u00f3n se ha creado por el Consejo de Estudiantes con el \u00fanico fin de informar y bajo la responsabilidad del solicitante de comprobar la veracidad de todo.\r\n          <\/div>\r\n        <\/section>\r\n\r\n        <!-- Descripci\u00f3n -->\r\n        <section id=\"descripcion\" class=\"block\" aria-labelledby=\"t-descripcion\">\r\n          <h3 id=\"t-descripcion\"><span class=\"k\">1<\/span> Descripci\u00f3n<\/h3>\r\n          <p>El procedimiento permite a los estudiantes solicitar ser evaluados por un Tribunal en una prueba de evaluaci\u00f3n de una asignatura en 5\u00aa o 6\u00aa convocatoria. Este mecanismo garantiza una revisi\u00f3n justa y transparente de las competencias adquiridas por el estudiante.<\/p>\r\n        <\/section>\r\n\r\n        <!-- \u00bfQui\u00e9n lo puede presentar? -->\r\n        <section id=\"quien\" class=\"block\" aria-labelledby=\"t-quien\">\r\n          <h3 id=\"t-quien\"><span class=\"k\">2<\/span> \u00bfQui\u00e9n lo puede presentar?<\/h3>\r\n          <p>Estudiantes de grado y m\u00e1ster.<\/p>\r\n        <\/section>\r\n\r\n        <!-- Fechas -->\r\n        <section id=\"fechas\" class=\"block\" aria-labelledby=\"t-fechas\">\r\n          <h3 id=\"t-fechas\"><span class=\"k\">3<\/span> Fechas<\/h3>\r\n          <p>Se solicitar\u00e1, al menos, 15 d\u00edas de antelaci\u00f3n respecto a la fecha de la prueba.<strong><br><\/strong><\/p>\r\n          <p>Para consultar si est\u00e1s en plazo para hacer esta solicitud puedes consultar el contador de d\u00edas h\u00e1biles en el siguiente espacio:<\/p>\r\n          <div class=\"actions\">\r\n            <a class=\"btn btn-outline\" href=\"https:\/\/www.unioviedo.es\/cestudiantes\/index.php\/calendario-dias-inhabiles\/\" target=\"_blank\" rel=\"noopener\">Contador d\u00edas h\u00e1biles<\/a>\r\n          <\/div>\r\n        <\/section>\r\n\r\n        <!-- \u00bfQui\u00e9n tramita y resuelve? -->\r\n        <section id=\"tramita\" class=\"block\" aria-labelledby=\"t-tramita\">\r\n          <h3 id=\"t-tramita\"><span class=\"k\">4<\/span> \u00bfQui\u00e9n tramita y resuelve?<\/h3>\r\n          <p>Decano\/a o Director\/a del centro. Puedes contactar para saber los plazos de resoluci\u00f3n aproximados.<\/p>\r\n          <div class=\"actions\">\r\n            <a class=\"btn btn-outline\" href=\"https:\/\/www.unioviedo.es\/cestudiantes\/index.php\/contacto-centros\/\" target=\"_blank\" rel=\"noopener\">Contacta<\/a>\r\n          <\/div>\r\n        <\/section>\r\n\r\n        <!-- Procedimiento -->\r\n        <section id=\"procedimiento\" class=\"block\" aria-labelledby=\"t-procedimiento\">\r\n          <h3 id=\"t-procedimiento\"><span class=\"k\">5<\/span> Procedimiento<\/h3>\r\n          <ul>\r\n            <li>Presentaci\u00f3n de la Solicitud: El estudiante debe presentar una solicitud dirigida al Decanato\/Direcci\u00f3n del Centro correspondiente, justificando la necesidad de evaluaci\u00f3n por tribunal.<\/li>\r\n            <li>Revisi\u00f3n de la Solicitud: El Decanato\/Direcci\u00f3n del Centro revisar\u00e1 la solicitud y determinar\u00e1 si cumple con los requisitos establecidos.<\/li>\r\n            <li>Constituci\u00f3n del Tribunal: Si la solicitud es aceptada, se constituir\u00e1 un tribunal compuesto por un m\u00ednimo de tres profesores del \u00e1rea de conocimiento que imparte la asignatura.<\/li>\r\n            <li>Realizaci\u00f3n de la Prueba: La prueba se realizar\u00e1 en la fecha establecida, garantizando la transparencia y equidad en la evaluaci\u00f3n.<\/li>\r\n          <\/ul>\r\n        <\/section>\r\n\r\n        <!-- Pago de tasas -->\r\n        <section id=\"tasas\" class=\"block\" aria-labelledby=\"t-tasas\">\r\n          <h3 id=\"t-tasas\"><span class=\"k\">6<\/span> Pago de tasas<\/h3>\r\n          <p>De conformidad con el <span style=\"text-decoration: underline;\"><a href=\"https:\/\/sede.asturias.es\/bopa\/2024\/07\/01\/2024-05817.pdf\" target=\"_blank\" rel=\"noopener\">Decreto 51\/2024, de 28 de junio, por el que se fijan los precios p\u00fablicos en la Universidad<\/a><\/span>,&nbsp; no debes pagar nada.<\/p>\r\n        <\/section>\r\n\r\n        <!-- \u00bfY si no estoy de acuerdo con la resoluci\u00f3n? -->\r\n        <section id=\"recurso\" class=\"block\" aria-labelledby=\"t-recurso\">\r\n          <h3 id=\"t-recurso\"><span class=\"k\">7<\/span> \u00bfY si no estoy de acuerdo con la resoluci\u00f3n?<\/h3>\r\n          <p>Puedes presentar un&nbsp;<strong>recurso de alzada.<\/strong><\/p>\r\n          <p>Un recurso de alzada es un mecanismo legal que permite a una persona impugnar o recurrir una decisi\u00f3n administrativa ante una autoridad superior jer\u00e1rquica dentro de la misma entidad o instituci\u00f3n. Se utiliza cuando una persona no est\u00e1 de acuerdo con una resoluci\u00f3n tomada por una autoridad administrativa, y busca que esta decisi\u00f3n sea revisada y corregida, si se considera que es incorrecta o injusta.<\/p>\r\n          <p>Este tipo de recurso es com\u00fan en \u00e1mbitos como universidades, administraciones p\u00fablicas o servicios del Estado. En t\u00e9rminos simples, es&nbsp;<strong>una herramienta para que el ciudadano o estudiante pueda reclamar y pedir una revisi\u00f3n de una decisi\u00f3n que considere desfavorable, y que se lleve a cabo una nueva evaluaci\u00f3n por parte de una instancia superior&nbsp;<\/strong>(en este caso, el Vicerrectorado de Estudiantes).<\/p>\r\n          <div class=\"actions\">\r\n            <a class=\"btn btn-outline\" href=\"https:\/\/www.unioviedo.es\/cestudiantes\/index.php\/tramite-recurso-de-alzada\/\" target=\"_blank\" rel=\"noopener\">M\u00e1s informaci\u00f3n<\/a>\r\n          <\/div>\r\n        <\/section>\r\n\r\n        <!-- Normativa -->\r\n        <section id=\"normativa\" class=\"block\" aria-labelledby=\"t-normativa\">\r\n          <h3 id=\"t-normativa\"><span class=\"k\">8<\/span> Normativa<\/h3>\r\n          <ul>\r\n            <li><span style=\"text-decoration: underline;\"><a href=\"https:\/\/sede.asturias.es\/bopa\/2013\/06\/26\/2013-11835.pdf\" target=\"_blank\" rel=\"noopener\">Reglamento de Evaluaci\u00f3n de los resultados de aprendizaje y de las competencias adquiridas por el alumnado (Art. 9)<\/a><\/span><\/li>\r\n          <\/ul>\r\n        <\/section>\r\n\r\n        <!-- Realizar la solicitud -->\r\n        <section id=\"solicitud\" class=\"block\" aria-labelledby=\"t-solicitud\">\r\n          <h3 id=\"t-solicitud\"><span class=\"k\">9<\/span> Realizar la solicitud<\/h3>\r\n          <p>De manera telem\u00e1tica en la secci\u00f3n \u00ab<a href=\"https:\/\/www.unioviedo.es\/cestudiantes\/index.php\/tramite-solicitud-generica\/\" target=\"_blank\" rel=\"noopener\">Solicitud Gen\u00e9rica<\/a>\u00bb del Servicio de Solicitudes de la Universidad:<\/p>\r\n          <div class=\"actions\">\r\n            <a class=\"btn\" href=\"https:\/\/euniovi.uniovi.es\/TramitadorSolicitudes\/solicitud\/\" target=\"_blank\" rel=\"noopener\">Accede<\/a>\r\n          <\/div>\r\n        <\/section>\r\n      <\/div>\r\n    <\/main>\r\n  <\/div>\r\n\r\n  <div class=\"top\"><a href=\"#convenio2627\" aria-label=\"Volver arriba\">\u2191<\/a><\/div>\r\n  <footer style=\"text-align:center; padding:14px; color:var(--muted);\">\r\n    Consejo de Estudiantes \u00b7 Gu\u00eda informativa (prevalece la normativa oficial)\r\n  <\/footer>\r\n<\/section>\r\n\r\n<script>\r\n(function(){\r\n  const root = document.querySelector('#convenio2627');\r\n  if(!root) return;\r\n\r\n  \/\/ Mobile TOC toggle\r\n  const toggle = root.querySelector('.mobile-toc-toggle');\r\n  const toc = root.querySelector('#toc');\r\n  if(toggle && toc){\r\n    toggle.addEventListener('click', ()=>{\r\n      const hidden = toc.hasAttribute('hidden');\r\n      toc.toggleAttribute('hidden');\r\n      toggle.setAttribute('aria-expanded', hidden ? 'true' : 'false');\r\n    });\r\n    if (matchMedia('(max-width:980px)').matches) toc.setAttribute('hidden','');\r\n  }\r\n\r\n  \/\/ Smooth scroll for internal links (scoped)\r\n  const anchorLinks = root.querySelectorAll('a[href^=\"#\"]');\r\n  anchorLinks.forEach(a=>{\r\n    a.addEventListener('click',(e)=>{\r\n      const id = a.getAttribute('href');\r\n      if(id && id.startsWith('#') && id.length>1){\r\n        const t = root.querySelector(id);\r\n        if(t){ e.preventDefault(); t.scrollIntoView({behavior:'smooth', block:'start'}); }\r\n      }\r\n    });\r\n  });\r\n\r\n  \/\/ Active section highlighting from TOC\r\n  const tocLinks = Array.from(root.querySelectorAll('.toc a'));\r\n  const targets = tocLinks.map(a => root.querySelector(a.getAttribute('href'))).filter(Boolean);\r\n  const io = new IntersectionObserver((entries)=>{\r\n    entries.forEach(entry=>{\r\n      const id = '#' + entry.target.id;\r\n      const link = tocLinks.find(a=>a.getAttribute('href')===id);\r\n      if(link){ link.classList.toggle('active', entry.isIntersecting && entry.intersectionRatio > 0.5); }\r\n    });\r\n  }, { rootMargin: '0px 0px -50% 0px', threshold: [0.5]});\r\n  targets.forEach(t=> io.observe(t));\r\n})();\r\n<\/script>\r\n<\/body>\r\n<\/html>\r\n\t\t\t\t<\/div>\n\t\t\t\t<\/div>\n\t\t\t\t\t<\/div>\n\t\t<\/div>\n\t\t\t\t\t<\/div>\n\t\t<\/section>\n\t\t\t\t<\/div>\n\t\t","protected":false},"excerpt":{"rendered":"<p>Tr\u00e1mite: Solicitar un Tribunal de Evaluaci\u00f3n \u00b7 Gu\u00eda del Consejo de Estudiantes TR\u00c1MITE: SOLICITAR UN TRIBUNAL DE EVALUACI\u00d3N \u00cdndice \u00cdndice Aviso Descripci\u00f3n \u00bfQui\u00e9n lo puede presentar? Fechas \u00bfQui\u00e9n tramita y resuelve? Procedimiento Pago de tasas \u00bfY si no estoy de acuerdo con la resoluci\u00f3n? Normativa Realizar la solicitud Esta secci\u00f3n se ha creado por el&hellip;&nbsp;<a href=\"https:\/\/www.unioviedo.es\/cestudiantes\/index.php\/tramite-solicitar-un-tribunal-de-evaluacion\/\" rel=\"bookmark\">Leer m\u00e1s &raquo;<span class=\"screen-reader-text\">Tr\u00e1mite &#8211; SOLICITAR UN TRIBUNAL DE EVALUACI\u00d3N<\/span><\/a><\/p>\n","protected":false},"author":1,"featured_media":0,"parent":0,"menu_order":0,"comment_status":"closed","ping_status":"closed","template":"page-templates\/template-pagebuilder-full-width.php","meta":{"neve_meta_sidebar":"","neve_meta_container":"","neve_meta_enable_content_width":"off","neve_meta_content_width":100,"neve_meta_title_alignment":"","neve_meta_author_avatar":"","neve_post_elements_order":"","neve_meta_disable_header":"","neve_meta_disable_footer":"","neve_meta_disable_title":"","footnotes":""},"class_list":["post-7867","page","type-page","status-publish","hentry"],"_links":{"self":[{"href":"https:\/\/www.unioviedo.es\/cestudiantes\/index.php\/wp-json\/wp\/v2\/pages\/7867","targetHints":{"allow":["GET"]}}],"collection":[{"href":"https:\/\/www.unioviedo.es\/cestudiantes\/index.php\/wp-json\/wp\/v2\/pages"}],"about":[{"href":"https:\/\/www.unioviedo.es\/cestudiantes\/index.php\/wp-json\/wp\/v2\/types\/page"}],"author":[{"embeddable":true,"href":"https:\/\/www.unioviedo.es\/cestudiantes\/index.php\/wp-json\/wp\/v2\/users\/1"}],"replies":[{"embeddable":true,"href":"https:\/\/www.unioviedo.es\/cestudiantes\/index.php\/wp-json\/wp\/v2\/comments?post=7867"}],"version-history":[{"count":3,"href":"https:\/\/www.unioviedo.es\/cestudiantes\/index.php\/wp-json\/wp\/v2\/pages\/7867\/revisions"}],"predecessor-version":[{"id":16084,"href":"https:\/\/www.unioviedo.es\/cestudiantes\/index.php\/wp-json\/wp\/v2\/pages\/7867\/revisions\/16084"}],"wp:attachment":[{"href":"https:\/\/www.unioviedo.es\/cestudiantes\/index.php\/wp-json\/wp\/v2\/media?parent=7867"}],"curies":[{"name":"wp","href":"https:\/\/api.w.org\/{rel}","templated":true}]}}