{"id":9592,"date":"2024-11-03T19:48:55","date_gmt":"2024-11-03T19:48:55","guid":{"rendered":"https:\/\/www.unioviedo.es\/cestudiantes\/?page_id=9592"},"modified":"2025-11-09T09:51:27","modified_gmt":"2025-11-09T09:51:27","slug":"valora-guia-representacion","status":"publish","type":"page","link":"https:\/\/www.unioviedo.es\/cestudiantes\/index.php\/valora-guia-representacion\/","title":{"rendered":"Valora la Gu\u00eda de Representantes de Estudiantes"},"content":{"rendered":"\t\t<div data-elementor-type=\"wp-page\" data-elementor-id=\"9592\" class=\"elementor elementor-9592\">\n\t\t\t\t\t\t<section class=\"elementor-section elementor-top-section elementor-element elementor-element-e057a19 elementor-section-boxed elementor-section-height-default elementor-section-height-default\" data-id=\"e057a19\" data-element_type=\"section\" data-e-type=\"section\">\n\t\t\t\t\t\t<div class=\"elementor-container elementor-column-gap-default\">\n\t\t\t\t\t<div class=\"elementor-column elementor-col-100 elementor-top-column elementor-element elementor-element-0e5413a\" data-id=\"0e5413a\" data-element_type=\"column\" data-e-type=\"column\">\n\t\t\t<div class=\"elementor-widget-wrap elementor-element-populated\">\n\t\t\t\t\t\t<div class=\"elementor-element elementor-element-9ea1415 elementor-widget elementor-widget-html\" data-id=\"9ea1415\" data-element_type=\"widget\" data-e-type=\"widget\" data-widget_type=\"html.default\">\n\t\t\t\t<div class=\"elementor-widget-container\">\n\t\t\t\t\t<section id=\"guia-valoracion\" aria-labelledby=\"gv-title\">\r\n  <div class=\"gv__inner\">\r\n    <!-- ENCABEZADO -->\r\n    <header class=\"gv__header\">\r\n      <div class=\"gv__icon\" aria-hidden=\"true\">\r\n        <svg viewBox=\"0 0 24 24\" width=\"24\" height=\"24\"><path fill=\"currentColor\" d=\"M12 2l2.7 5.46L21 8.3l-4.1 4 1 5.7L12 15.9 7.1 18.9l1-5.7L4 8.3l6.3-.84L12 2z\"\/><\/svg>\r\n      <\/div>\r\n      <h2 id=\"gv-title\" class=\"gv__h\">Valora la Gu\u00eda de Representaci\u00f3n Estudiantil<\/h2>\r\n      <p class=\"gv__lead\">Tu opini\u00f3n nos ayuda a mejorar contenidos y usabilidad. La participaci\u00f3n es r\u00e1pida y sencilla.<\/p>\r\n    <\/header>\r\n\r\n    <!-- MARCO DEL FORMULARIO (no estiliza el interior del shortcode) -->\r\n    <div class=\"gv__frame\" role=\"region\" aria-label=\"Formulario de valoraci\u00f3n\">\r\n      <!-- Shortcode: el plugin renderiza aqu\u00ed su propio HTML\/CSS\/JS -->\r\n      <div class='fluentform ff-default fluentform_wrapper_31 ffs_default_wrap'><form data-form_id=\"31\" id=\"fluentform_31\" class=\"frm-fluent-form fluent_form_31 ff-el-form-top ff_form_instance_31_1 ff-form-loading ffs_default\" data-form_instance=\"ff_form_instance_31_1\" method=\"POST\" ><fieldset  style=\"border: none!important;margin: 0!important;padding: 0!important;background-color: transparent!important;box-shadow: none!important;outline: none!important; min-inline-size: 100%;\">\n                    <legend class=\"ff_screen_reader_title\" style=\"display: block; margin: 0!important;padding: 0!important;height: 0!important;text-indent: -999999px;width: 0!important;overflow:hidden;\">Gu\u00eda de la Representaci\u00f3n Estudiantil<\/legend><input type='hidden' name='__fluent_form_embded_post_id' value='9592' \/><input type=\"hidden\" id=\"_fluentform_31_fluentformnonce\" name=\"_fluentform_31_fluentformnonce\" value=\"695ba61b9c\" \/><input type=\"hidden\" name=\"_wp_http_referer\" value=\"\/cestudiantes\/index.php\/wp-json\/wp\/v2\/pages\/9592\" \/><div class='ff-el-group'><div class=\"ff-el-input--label asterisk-right\"><label for='ff_31_email' id='label_ff_31_email' aria-label=\"Correo electr\u00f3nico (OPCIONAL)\">Correo electr\u00f3nico (OPCIONAL)<\/label><\/div><div class='ff-el-input--content'><input type=\"email\" name=\"email\" id=\"ff_31_email\" class=\"ff-el-form-control\" placeholder=\"Email Address\" data-name=\"email\"  aria-invalid=\"false\" aria-required=false><\/div><\/div><div class='ff-el-group'><div class=\"ff-el-input--label ff-el-is-required asterisk-right\"><label for='ff_31_multi_select' id='label_ff_31_multi_select' aria-label=\"Centro de estudios\">Centro de estudios<\/label><\/div><div class='ff-el-input--content'><select name=\"multi_select[]\" id=\"ff_31_multi_select\" class=\"ff-el-form-control  ff_has_multi_select\" multiple=\"1\" data-name=\"multi_select\" data-calc_value=\"0\"  aria-invalid=\"false\" aria-required=\"true\" aria-labelledby=\"label_ff_31_multi_select\"><option value=\"Facultad de Biolog\u00eda\"  >Facultad de Biolog\u00eda<\/option><option value=\"Facultad de Ciencias\"  >Facultad de Ciencias<\/option><option value=\"Facultad de Comercio, Turismo y Ciencias Sociales Jovellanos\"  >Facultad de Comercio, Turismo y Ciencias Sociales Jovellanos<\/option><option value=\"Facultad de Derecho\"  >Facultad de Derecho<\/option><option value=\"Escuela de Ingenier\u00eda Inform\u00e1tica\"  >Escuela de Ingenier\u00eda Inform\u00e1tica<\/option><option value=\"Facultad de Econom\u00eda y Empresa\"  >Facultad de Econom\u00eda y Empresa<\/option><option value=\"Facultad de Filosof\u00eda y Letras\"  >Facultad de Filosof\u00eda y Letras<\/option><option value=\"Facultad de Formaci\u00f3n del Profesorado y Educaci\u00f3n\"  >Facultad de Formaci\u00f3n del Profesorado y Educaci\u00f3n<\/option><option value=\"Facultad de Geolog\u00eda\"  >Facultad de Geolog\u00eda<\/option><option value=\"Facultad de Medicina y Ciencias de la Salud\"  >Facultad de Medicina y Ciencias de la Salud<\/option><option value=\"Facultad de Psicolog\u00eda\"  >Facultad de Psicolog\u00eda<\/option><option value=\"Facultad de Qu\u00edmica\"  >Facultad de Qu\u00edmica<\/option><option value=\"Facultad &quot;Padre Oss\u00f3&quot;\"  >Facultad \"Padre Oss\u00f3\"<\/option><option value=\"Facultad de Enfermer\u00eda de Gij\u00f3n\"  >Facultad de Enfermer\u00eda de Gij\u00f3n<\/option><option value=\"Escuela Polit\u00e9cnica de Ingenier\u00eda de Gij\u00f3n\"  >Escuela Polit\u00e9cnica de Ingenier\u00eda de Gij\u00f3n<\/option><option value=\"Escuela Polit\u00e9cnica de Mieres\"  >Escuela Polit\u00e9cnica de Mieres<\/option><option value=\"Escuela Superior de la Marina Civil\"  >Escuela Superior de la Marina Civil<\/option><option value=\"Centro Internacional de Postgrado\"  >Centro Internacional de Postgrado<\/option><\/select><\/div><\/div><div class='ff-el-group'><div class=\"ff-el-input--label ff-el-is-required asterisk-right\"><label   aria-label=\"Valora la Gu\u00eda\">Valora la Gu\u00eda<\/label><\/div><div class='ff-el-input--content'><div class='ff-el-ratings jss-ff-el-ratings' role='radiogroup'><label for=ratings_f5b043bf42e307b7f4647482cb36c126 class=''><input name=\"ratings\" data-name=\"ratings\" type=\"radio\"  id=ratings_f5b043bf42e307b7f4647482cb36c126 aria-valuenow='1' value='1' aria-required=true aria-invalid='false'><?xml version=\"1.0\" encoding=\"iso-8859-1\"?><svg class=\"jss-ff-svg ff-svg\" version=\"1.1\" xmlns=\"http:\/\/www.w3.org\/2000\/svg\" xmlns:xlink=\"http:\/\/www.w3.org\/1999\/xlink\" x=\"0px\" y=\"0px\" viewBox=\"0 0 53.867 53.867\" style=\"enable-background:new 0 0 53.867 53.867;\" xml:space=\"preserve\"><polygon points=\"26.934,1.318 35.256,18.182 53.867,20.887 40.4,34.013 43.579,52.549 26.934,43.798 10.288,52.549 13.467,34.013 0,20.887 18.611,18.182 \"\/><g><\/g><g><\/g><g><\/g><g><\/g><g><\/g><g><\/g><g><\/g><g><\/g><g><\/g><g><\/g><g><\/g><g><\/g><g><\/g><g><\/g><g><\/g><\/svg><\/label><label for=ratings_72c5c2f1a0a73ac009387ee0fba2e562 class=''><input name=\"ratings\" data-name=\"ratings\" type=\"radio\"  id=ratings_72c5c2f1a0a73ac009387ee0fba2e562 aria-valuenow='2' value='2' aria-required=true aria-invalid='false'><?xml version=\"1.0\" encoding=\"iso-8859-1\"?><svg class=\"jss-ff-svg ff-svg\" version=\"1.1\" xmlns=\"http:\/\/www.w3.org\/2000\/svg\" xmlns:xlink=\"http:\/\/www.w3.org\/1999\/xlink\" x=\"0px\" y=\"0px\" viewBox=\"0 0 53.867 53.867\" style=\"enable-background:new 0 0 53.867 53.867;\" xml:space=\"preserve\"><polygon points=\"26.934,1.318 35.256,18.182 53.867,20.887 40.4,34.013 43.579,52.549 26.934,43.798 10.288,52.549 13.467,34.013 0,20.887 18.611,18.182 \"\/><g><\/g><g><\/g><g><\/g><g><\/g><g><\/g><g><\/g><g><\/g><g><\/g><g><\/g><g><\/g><g><\/g><g><\/g><g><\/g><g><\/g><g><\/g><\/svg><\/label><label for=ratings_6bc2dd1c77bc20a7659973e05fa7bacc class=''><input name=\"ratings\" data-name=\"ratings\" type=\"radio\"  id=ratings_6bc2dd1c77bc20a7659973e05fa7bacc aria-valuenow='3' value='3' aria-required=true aria-invalid='false'><?xml version=\"1.0\" encoding=\"iso-8859-1\"?><svg class=\"jss-ff-svg ff-svg\" version=\"1.1\" xmlns=\"http:\/\/www.w3.org\/2000\/svg\" xmlns:xlink=\"http:\/\/www.w3.org\/1999\/xlink\" x=\"0px\" y=\"0px\" viewBox=\"0 0 53.867 53.867\" style=\"enable-background:new 0 0 53.867 53.867;\" xml:space=\"preserve\"><polygon points=\"26.934,1.318 35.256,18.182 53.867,20.887 40.4,34.013 43.579,52.549 26.934,43.798 10.288,52.549 13.467,34.013 0,20.887 18.611,18.182 \"\/><g><\/g><g><\/g><g><\/g><g><\/g><g><\/g><g><\/g><g><\/g><g><\/g><g><\/g><g><\/g><g><\/g><g><\/g><g><\/g><g><\/g><g><\/g><\/svg><\/label><label for=ratings_b9dc9e0cc7e8304d4fa870be73363f7c class=''><input name=\"ratings\" data-name=\"ratings\" type=\"radio\"  id=ratings_b9dc9e0cc7e8304d4fa870be73363f7c aria-valuenow='4' value='4' aria-required=true aria-invalid='false'><?xml version=\"1.0\" encoding=\"iso-8859-1\"?><svg class=\"jss-ff-svg ff-svg\" version=\"1.1\" xmlns=\"http:\/\/www.w3.org\/2000\/svg\" xmlns:xlink=\"http:\/\/www.w3.org\/1999\/xlink\" x=\"0px\" y=\"0px\" viewBox=\"0 0 53.867 53.867\" style=\"enable-background:new 0 0 53.867 53.867;\" xml:space=\"preserve\"><polygon points=\"26.934,1.318 35.256,18.182 53.867,20.887 40.4,34.013 43.579,52.549 26.934,43.798 10.288,52.549 13.467,34.013 0,20.887 18.611,18.182 \"\/><g><\/g><g><\/g><g><\/g><g><\/g><g><\/g><g><\/g><g><\/g><g><\/g><g><\/g><g><\/g><g><\/g><g><\/g><g><\/g><g><\/g><g><\/g><\/svg><\/label><label for=ratings_ebb03deec0f77253ec67167df48090dc class=''><input name=\"ratings\" data-name=\"ratings\" type=\"radio\"  id=ratings_ebb03deec0f77253ec67167df48090dc aria-valuenow='5' value='5' aria-required=true aria-invalid='false'><?xml version=\"1.0\" encoding=\"iso-8859-1\"?><svg class=\"jss-ff-svg ff-svg\" version=\"1.1\" xmlns=\"http:\/\/www.w3.org\/2000\/svg\" xmlns:xlink=\"http:\/\/www.w3.org\/1999\/xlink\" x=\"0px\" y=\"0px\" viewBox=\"0 0 53.867 53.867\" style=\"enable-background:new 0 0 53.867 53.867;\" xml:space=\"preserve\"><polygon points=\"26.934,1.318 35.256,18.182 53.867,20.887 40.4,34.013 43.579,52.549 26.934,43.798 10.288,52.549 13.467,34.013 0,20.887 18.611,18.182 \"\/><g><\/g><g><\/g><g><\/g><g><\/g><g><\/g><g><\/g><g><\/g><g><\/g><g><\/g><g><\/g><g><\/g><g><\/g><g><\/g><g><\/g><g><\/g><\/svg><\/label><\/div><\/div><\/div><div class='ff-el-group'><div class=\"ff-el-input--label asterisk-right\"><label for='ff_31_input_text' id='label_ff_31_input_text' aria-label=\"\u00bfEn qu\u00e9 podemos mejorar? Ind\u00edcanos sugerencias de mejora o problemas que hayas tenido\/visto\">\u00bfEn qu\u00e9 podemos mejorar? Ind\u00edcanos sugerencias de mejora o problemas que hayas tenido\/visto<\/label><\/div><div class='ff-el-input--content'><input type=\"text\" name=\"input_text\" class=\"ff-el-form-control\" data-name=\"input_text\" id=\"ff_31_input_text\"  aria-invalid=\"false\" aria-required=false><\/div><\/div><div class='ff-el-group ff-text-center ff_submit_btn_wrapper'><button type=\"submit\" class=\"ff-btn ff-btn-submit ff-btn-md ff_btn_style\"  aria-label=\"Enviar\">Enviar<\/button><\/div><\/fieldset><\/form><div id='fluentform_31_errors' class='ff-errors-in-stack ff_form_instance_31_1 ff-form-loading_errors ff_form_instance_31_1_errors'><\/div><\/div>            <script type=\"text\/javascript\">\n                window.fluent_form_ff_form_instance_31_1 = {\"id\":\"31\",\"ajaxUrl\":\"https:\\\/\\\/www.unioviedo.es\\\/cestudiantes\\\/wp-admin\\\/admin-ajax.php\",\"settings\":{\"layout\":{\"labelPlacement\":\"top\",\"helpMessagePlacement\":\"with_label\",\"errorMessagePlacement\":\"inline\",\"cssClassName\":\"\",\"asteriskPlacement\":\"asterisk-right\"},\"restrictions\":{\"denyEmptySubmission\":{\"enabled\":false}}},\"form_instance\":\"ff_form_instance_31_1\",\"form_id_selector\":\"fluentform_31\",\"rules\":{\"email\":{\"required\":{\"value\":false,\"message\":\"Este campo es obligatorio\",\"global_message\":\"Este campo es obligatorio\",\"global\":true},\"email\":{\"value\":true,\"message\":\"Este campo debe contener un correo electr\\u00f3nico v\\u00e1lido\",\"global_message\":\"Este campo debe contener un correo electr\\u00f3nico v\\u00e1lido\",\"global\":true}},\"multi_select\":{\"required\":{\"value\":true,\"message\":\"Este campo es obligatorio\",\"global_message\":\"Este campo es obligatorio\",\"global\":true}},\"ratings\":{\"required\":{\"value\":true,\"message\":\"Este campo es obligatorio\",\"global_message\":\"Este campo es obligatorio\",\"global\":true}},\"input_text\":{\"required\":{\"value\":false,\"message\":\"Este campo es obligatorio\",\"global_message\":\"Este campo es obligatorio\",\"global\":true}}},\"debounce_time\":300};\n                            <\/script>\n            \r\n    <\/div>\r\n\r\n    <!-- NOTA OPCIONAL -->\r\n    <p class=\"gv__note\" aria-live=\"polite\">\r\n      Si tienes problemas con el env\u00edo, prueba a recargar la p\u00e1gina o escribe a\r\n      <a class=\"gv__link\" href=\"mailto:cestudiantes@uniovi.es\">cestudiantes@uniovi.es<\/a>.\r\n    <\/p>\r\n  <\/div>\r\n<\/section>\r\n\r\n<style>\r\n\/* ===========================\r\n   Scope aislado a #guia-valoracion\r\n   (no afecta a otros shortcodes ni estilos globales)\r\n   =========================== *\/\r\n#guia-valoracion{\r\n  --brand:#00827C;\r\n  --brand-2:#6EC1E4;\r\n  --ink:#0f172a;\r\n  --muted:#475569;\r\n  --ring:rgba(2,6,23,.12);\r\n  --ring-2:rgba(2,6,23,.18);\r\n  --paper:#ffffff;\r\n  --shadow:0 10px 26px rgba(2,6,23,.08);\r\n\r\n  isolation:isolate;\r\n  scroll-margin-top:80px;\r\n}\r\n#guia-valoracion *{ box-sizing:border-box; }\r\n\r\n\/* Contenedor *\/\r\n#guia-valoracion .gv__inner{\r\n  max-width:min(960px, 96vw);\r\n  margin:0 auto;\r\n  padding: clamp(12px, 2vw, 18px);\r\n}\r\n\r\n\/* Encabezado *\/\r\n#guia-valoracion .gv__header{\r\n  display:flex; flex-direction:column; align-items:center; text-align:center;\r\n  gap:10px; margin-bottom: clamp(10px, 2vw, 14px);\r\n}\r\n#guia-valoracion .gv__icon{\r\n  display:grid; place-items:center;\r\n  width:48px; height:48px; border-radius:14px;\r\n  background: linear-gradient(135deg, var(--brand), var(--brand-2));\r\n  color:#fff; box-shadow:0 8px 20px rgba(2,6,23,.10);\r\n}\r\n#guia-valoracion .gv__h{\r\n  margin:0;\r\n  color:var(--ink);\r\n  font-weight:800;\r\n  letter-spacing:.01em;\r\n  font-size: clamp(1.25rem, 1rem + 1.8vw, 2rem);\r\n  line-height:1.15;\r\n}\r\n#guia-valoracion .gv__h::after{\r\n  content:\"\";\r\n  display:block;\r\n  width:min(220px,55%);\r\n  height:6px;\r\n  margin:10px auto 0;\r\n  border-radius:999px;\r\n  background:linear-gradient(90deg,var(--brand),var(--brand-2));\r\n  box-shadow:0 6px 16px rgba(0,0,0,.08);\r\n}\r\n#guia-valoracion .gv__lead{\r\n  margin: .25rem auto 0;\r\n  max-width:72ch;\r\n  color:var(--muted);\r\n  font-size: clamp(.95rem, .9rem + .25vw, 1.05rem);\r\n  text-align:justify;\r\n}\r\n\r\n\/* Marco del shortcode: SOLO estilos de contenedor, sin afectar al interior *\/\r\n#guia-valoracion .gv__frame{\r\n  background:var(--paper);\r\n  border:1px solid var(--ring);\r\n  border-radius:16px;\r\n  box-shadow: var(--shadow);\r\n  padding: clamp(12px, 2.2vw, 20px);\r\n  margin-top: clamp(10px, 2vw, 14px);\r\n  overflow: hidden;    \/* protege sombras internas del plugin *\/\r\n}\r\n\r\n\/* Nota y enlaces propios *\/\r\n#guia-valoracion .gv__note{\r\n  margin: clamp(10px, 2vw, 14px) 2px 0;\r\n  padding: 10px 12px;\r\n  border-radius:12px;\r\n  border:1px dashed var(--ring-2);\r\n  background:#f8fbfc;\r\n  color:#314453;\r\n  font-size:.95rem;\r\n  text-align:justify;\r\n}\r\n#guia-valoracion .gv__link{\r\n  color:var(--brand);\r\n  text-decoration:underline;\r\n  text-underline-offset:2px;\r\n}\r\n#guia-valoracion .gv__link:hover{ color:#046d6a; }\r\n\r\n\/* Accesibilidad y responsive fino *\/\r\n@media (max-width:520px){\r\n  #guia-valoracion .gv__icon{ width:44px; height:44px; }\r\n  #guia-valoracion .gv__frame{ padding: 12px; }\r\n}\r\n<\/style>\r\n\t\t\t\t<\/div>\n\t\t\t\t<\/div>\n\t\t\t\t\t<\/div>\n\t\t<\/div>\n\t\t\t\t\t<\/div>\n\t\t<\/section>\n\t\t\t\t<\/div>\n\t\t","protected":false},"excerpt":{"rendered":"<p>Valora la Gu\u00eda de Representaci\u00f3n Estudiantil Tu opini\u00f3n nos ayuda a mejorar contenidos y usabilidad. La participaci\u00f3n es r\u00e1pida y sencilla. Si tienes problemas con el env\u00edo, prueba a recargar la p\u00e1gina o escribe a cestudiantes@uniovi.es.<\/p>\n","protected":false},"author":1,"featured_media":0,"parent":0,"menu_order":0,"comment_status":"closed","ping_status":"closed","template":"page-templates\/template-pagebuilder-full-width.php","meta":{"neve_meta_sidebar":"","neve_meta_container":"","neve_meta_enable_content_width":"off","neve_meta_content_width":100,"neve_meta_title_alignment":"","neve_meta_author_avatar":"","neve_post_elements_order":"","neve_meta_disable_header":"","neve_meta_disable_footer":"","neve_meta_disable_title":"","footnotes":""},"class_list":["post-9592","page","type-page","status-publish","hentry"],"_links":{"self":[{"href":"https:\/\/www.unioviedo.es\/cestudiantes\/index.php\/wp-json\/wp\/v2\/pages\/9592","targetHints":{"allow":["GET"]}}],"collection":[{"href":"https:\/\/www.unioviedo.es\/cestudiantes\/index.php\/wp-json\/wp\/v2\/pages"}],"about":[{"href":"https:\/\/www.unioviedo.es\/cestudiantes\/index.php\/wp-json\/wp\/v2\/types\/page"}],"author":[{"embeddable":true,"href":"https:\/\/www.unioviedo.es\/cestudiantes\/index.php\/wp-json\/wp\/v2\/users\/1"}],"replies":[{"embeddable":true,"href":"https:\/\/www.unioviedo.es\/cestudiantes\/index.php\/wp-json\/wp\/v2\/comments?post=9592"}],"version-history":[{"count":3,"href":"https:\/\/www.unioviedo.es\/cestudiantes\/index.php\/wp-json\/wp\/v2\/pages\/9592\/revisions"}],"predecessor-version":[{"id":16713,"href":"https:\/\/www.unioviedo.es\/cestudiantes\/index.php\/wp-json\/wp\/v2\/pages\/9592\/revisions\/16713"}],"wp:attachment":[{"href":"https:\/\/www.unioviedo.es\/cestudiantes\/index.php\/wp-json\/wp\/v2\/media?parent=9592"}],"curies":[{"name":"wp","href":"https:\/\/api.w.org\/{rel}","templated":true}]}}