{"id":9647,"date":"2024-11-07T13:57:41","date_gmt":"2024-11-07T13:57:41","guid":{"rendered":"https:\/\/www.unioviedo.es\/cestudiantes\/?page_id=9647"},"modified":"2025-11-08T20:04:32","modified_gmt":"2025-11-08T20:04:32","slug":"pae-talleres-online-noviembre","status":"publish","type":"page","link":"https:\/\/www.unioviedo.es\/cestudiantes\/index.php\/pae-talleres-online-noviembre\/","title":{"rendered":"PAE &#8211; Talleres Online noviembre"},"content":{"rendered":"\t\t<div data-elementor-type=\"wp-page\" data-elementor-id=\"9647\" class=\"elementor elementor-9647\">\n\t\t\t\t\t\t<section class=\"elementor-section elementor-top-section elementor-element elementor-element-8eeff8d elementor-section-boxed elementor-section-height-default elementor-section-height-default\" data-id=\"8eeff8d\" data-element_type=\"section\" data-e-type=\"section\">\n\t\t\t\t\t\t<div class=\"elementor-container elementor-column-gap-default\">\n\t\t\t\t\t<div class=\"elementor-column elementor-col-100 elementor-top-column elementor-element elementor-element-5037f9a\" data-id=\"5037f9a\" data-element_type=\"column\" data-e-type=\"column\">\n\t\t\t<div class=\"elementor-widget-wrap elementor-element-populated\">\n\t\t\t\t\t\t<div class=\"elementor-element elementor-element-a0d8e6d elementor-widget elementor-widget-html\" data-id=\"a0d8e6d\" data-element_type=\"widget\" data-e-type=\"widget\" data-widget_type=\"html.default\">\n\t\t\t\t<div class=\"elementor-widget-container\">\n\t\t\t\t\t<!-- ===== Gu\u00eda \u00b7 Talleres online Noviembre (est\u00e9tica previa, SIN badges, texto justificado) ===== -->\r\n<section id=\"uo-talleres-noviembre\" aria-label=\"Talleres online \u00b7 Noviembre\">\r\n  <style>\r\n    \/* ===== Scope TOTAL: s\u00f3lo afecta a #uo-talleres-noviembre ===== *\/\r\n    #uo-talleres-noviembre{\r\n      --brand:#03827C; --brand-2:#046b66;\r\n      --paper:#ffffff; --soft:#f5faf9;\r\n      --text:#0f172a; --muted:#5b6876; --line:#e6eef0;\r\n      --ring: 0 0 0 3px rgba(3,130,124,.18);\r\n      font-family: ui-sans-serif, system-ui, -apple-system, \"Segoe UI\", Roboto, Inter, Arial, \"Helvetica Neue\";\r\n      color:var(--text);\r\n    }\r\n    #uo-talleres-noviembre .wrap{ max-width: 1120px; margin:0 auto; padding: clamp(14px,2.5vw,24px); }\r\n    #uo-talleres-noviembre .card{\r\n      background:var(--paper); border:1px solid var(--line); border-radius:16px;\r\n      box-shadow: 0 10px 28px rgba(2,6,23,.06); overflow:hidden;\r\n    }\r\n    #uo-talleres-noviembre .bar{ height:6px; background: linear-gradient(90deg, var(--brand), var(--brand-2)); }\r\n    #uo-talleres-noviembre header{ padding:18px 18px 8px; display:flex; flex-wrap:wrap; gap:10px; align-items:center; justify-content:space-between; }\r\n    #uo-talleres-noviembre h2{ margin:0; font-size: clamp(1.1rem,1.6vw + .8rem,1.8rem); letter-spacing:.2px; }\r\n    #uo-talleres-noviembre h2 a{ color:inherit; text-decoration:none; }\r\n    #uo-talleres-noviembre h2 a:hover{ text-decoration:underline; }\r\n\r\n    #uo-talleres-noviembre .desc{\r\n      padding: 0 18px 14px; color:var(--muted); line-height:1.7;\r\n      background: linear-gradient(180deg,#fff 0%, var(--soft) 100%);\r\n      border-bottom:1px solid var(--line);\r\n      text-align: justify; \/* ===== Texto justificado ===== *\/\r\n    }\r\n    #uo-talleres-noviembre .desc a{ color:var(--brand); text-decoration:underline; }\r\n    #uo-talleres-noviembre .body{ padding:16px; }\r\n\r\n    \/* Callout contrase\u00f1a *\/\r\n    #uo-talleres-noviembre .callout{\r\n      border-left:4px solid var(--brand-2); background: rgba(3,130,124,.08);\r\n      padding:10px 12px; border-radius:8px; margin: 10px 0 10px;\r\n      display:flex; align-items:center; justify-content:space-between; gap:10px; flex-wrap:wrap;\r\n    }\r\n    #uo-talleres-noviembre .copy{\r\n      display:inline-flex; align-items:center; gap:8px; padding:8px 10px; border-radius:10px;\r\n      border:1px solid rgba(3,130,124,.25); background: var(--brand); color:#fff; font-weight:700;\r\n      cursor:pointer; box-shadow:0 6px 16px rgba(3,130,124,.18); transition: transform .12s ease, box-shadow .12s ease;\r\n    }\r\n    #uo-talleres-noviembre .copy:hover{ transform: translateY(-1px); }\r\n    #uo-talleres-noviembre .copy:focus-visible{ outline:none; box-shadow: var(--ring); }\r\n\r\n    \/* Bot\u00f3n volver *\/\r\n    #uo-talleres-noviembre .actions{ display:flex; justify-content:center; gap:10px; margin-top:6px; }\r\n    #uo-talleres-noviembre .btn{\r\n      display:inline-flex; align-items:center; gap:8px; padding:10px 14px; border-radius:12px;\r\n      border:1px solid rgba(3,130,124,.25); background: var(--brand-2); color:#fff; text-decoration:none; font-weight:700;\r\n      box-shadow:0 6px 16px rgba(4,107,102,.18);\r\n    }\r\n    #uo-talleres-noviembre .btn:hover{ transform:translateY(-1px); }\r\n    #uo-talleres-noviembre .btn:focus-visible{ outline:none; box-shadow: var(--ring); }\r\n  <\/style>\r\n\r\n  <div class=\"wrap\">\r\n    <div class=\"card\">\r\n      <div class=\"bar\" aria-hidden=\"true\"><\/div>\r\n\r\n      <header>\r\n        <h2>\r\n          <a href=\"https:\/\/www.unioviedo.es\/cestudiantes\/index.php\/atencion-psicologica\/\">\r\n            TALLERES ONLINE EN NOVIEMBRE: C\u00f3mo gestionar emocionalmente un conflicto\r\n          <\/a>\r\n        <\/h2>\r\n      <\/header>\r\n\r\n      <div class=\"desc\">\r\n        <p>La Universidad de Oviedo contin\u00faa comprometida con el bienestar de su comunidad universitaria. En este marco, se informa que peri\u00f3dicamente se ofrece documentaci\u00f3n relevante sobre campa\u00f1as psicoeducativas, webinars y talleres en l\u00ednea, dirigidos tanto al personal como al estudiantado.<\/p>\r\n        <p>Estos talleres est\u00e1n dise\u00f1ados para apoyar a la comunidad universitaria en su bienestar emocional, mental y f\u00edsico, proporcion\u00e1ndoles herramientas pr\u00e1cticas para su vida personal y profesional.<\/p>\r\n        <p>Las personas interesadas pueden preinscribirse en el taller o talleres de su inter\u00e9s a trav\u00e9s de los enlaces disponibles m\u00e1s abajo, utilizando la contrase\u00f1a <strong>UNIOVIEstudiantes<\/strong>.<\/p>\r\n      <\/div>\r\n\r\n      <div class=\"body\">\r\n        <div class=\"callout\">\r\n          <span>Contrase\u00f1a de acceso a las inscripciones: <strong>UNIOVIEstudiantes<\/strong><\/span>\r\n          <button class=\"copy\" type=\"button\" data-copy=\"UNIOVIEstudiantes\" aria-label=\"Copiar contrase\u00f1a\">\r\n            <svg width=\"16\" height=\"16\" viewBox=\"0 0 24 24\" fill=\"none\" stroke=\"currentColor\" stroke-width=\"1.7\" stroke-linecap=\"round\" stroke-linejoin=\"round\" aria-hidden=\"true\"><rect x=\"9\" y=\"9\" width=\"13\" height=\"13\" rx=\"2\"\/><path d=\"M5 15H4a2 2 0 0 1-2-2V4a2 2 0 0 1 2-2h9a2 2 0 0 1 2 2v1\"\/><\/svg>\r\n            Copiar\r\n          <\/button>\r\n        <\/div>\r\n\r\n        <div class=\"actions\">\r\n          <a class=\"btn\" href=\"https:\/\/www.unioviedo.es\/cestudiantes\/index.php\/atencion-psicologica\/\" target=\"_blank\" rel=\"noopener\">Volver<\/a>\r\n        <\/div>\r\n      <\/div>\r\n    <\/div>\r\n  <\/div>\r\n\r\n  <script>\r\n    (function(){\r\n      const root = document.querySelector('#uo-talleres-noviembre'); if(!root) return;\r\n      const btn = root.querySelector('.copy');\r\n      if(btn){\r\n        btn.addEventListener('click', async ()=>{\r\n          try{\r\n            await navigator.clipboard.writeText(btn.dataset.copy || 'UNIOVIEstudiantes');\r\n            btn.innerHTML = '\u00a1Copiada!';\r\n            setTimeout(()=>{ btn.innerHTML = '<svg width=\"16\" height=\"16\" viewBox=\"0 0 24 24\" fill=\"none\" stroke=\"currentColor\" stroke-width=\"1.7\" stroke-linecap=\"round\" stroke-linejoin=\"round\" aria-hidden=\"true\"><rect x=\"9\" y=\"9\" width=\"13\" height=\"13\" rx=\"2\"\/><path d=\"M5 15H4a2 2 0 0 1-2-2V4a2 2 0 0 1 2-2h9a2 2 0 0 1 2 2v1\"\/><\/svg>Copiar'; }, 1600);\r\n          }catch(e){ \/* no-op *\/ }\r\n        });\r\n      }\r\n    })();\r\n  <\/script>\r\n<\/section>\r\n\t\t\t\t<\/div>\n\t\t\t\t<\/div>\n\t\t\t\t\t<\/div>\n\t\t<\/div>\n\t\t\t\t\t<\/div>\n\t\t<\/section>\n\t\t\t\t<\/div>\n\t\t","protected":false},"excerpt":{"rendered":"<p>TALLERES ONLINE EN NOVIEMBRE: C\u00f3mo gestionar emocionalmente un conflicto La Universidad de Oviedo contin\u00faa comprometida con el bienestar de su comunidad universitaria. En este marco, se informa que peri\u00f3dicamente se ofrece documentaci\u00f3n relevante sobre campa\u00f1as psicoeducativas, webinars y talleres en l\u00ednea, dirigidos tanto al personal como al estudiantado. Estos talleres est\u00e1n dise\u00f1ados para apoyar a&hellip;&nbsp;<a href=\"https:\/\/www.unioviedo.es\/cestudiantes\/index.php\/pae-talleres-online-noviembre\/\" rel=\"bookmark\">Leer m\u00e1s &raquo;<span class=\"screen-reader-text\">PAE &#8211; Talleres Online noviembre<\/span><\/a><\/p>\n","protected":false},"author":1,"featured_media":0,"parent":0,"menu_order":0,"comment_status":"closed","ping_status":"closed","template":"page-templates\/template-pagebuilder-full-width.php","meta":{"neve_meta_sidebar":"","neve_meta_container":"","neve_meta_enable_content_width":"off","neve_meta_content_width":100,"neve_meta_title_alignment":"","neve_meta_author_avatar":"","neve_post_elements_order":"","neve_meta_disable_header":"","neve_meta_disable_footer":"","neve_meta_disable_title":"","footnotes":""},"class_list":["post-9647","page","type-page","status-publish","hentry"],"_links":{"self":[{"href":"https:\/\/www.unioviedo.es\/cestudiantes\/index.php\/wp-json\/wp\/v2\/pages\/9647","targetHints":{"allow":["GET"]}}],"collection":[{"href":"https:\/\/www.unioviedo.es\/cestudiantes\/index.php\/wp-json\/wp\/v2\/pages"}],"about":[{"href":"https:\/\/www.unioviedo.es\/cestudiantes\/index.php\/wp-json\/wp\/v2\/types\/page"}],"author":[{"embeddable":true,"href":"https:\/\/www.unioviedo.es\/cestudiantes\/index.php\/wp-json\/wp\/v2\/users\/1"}],"replies":[{"embeddable":true,"href":"https:\/\/www.unioviedo.es\/cestudiantes\/index.php\/wp-json\/wp\/v2\/comments?post=9647"}],"version-history":[{"count":3,"href":"https:\/\/www.unioviedo.es\/cestudiantes\/index.php\/wp-json\/wp\/v2\/pages\/9647\/revisions"}],"predecessor-version":[{"id":16679,"href":"https:\/\/www.unioviedo.es\/cestudiantes\/index.php\/wp-json\/wp\/v2\/pages\/9647\/revisions\/16679"}],"wp:attachment":[{"href":"https:\/\/www.unioviedo.es\/cestudiantes\/index.php\/wp-json\/wp\/v2\/media?parent=9647"}],"curies":[{"name":"wp","href":"https:\/\/api.w.org\/{rel}","templated":true}]}}