{"id":2,"date":"2018-09-16T10:50:12","date_gmt":"2018-09-16T08:50:12","guid":{"rendered":"http:\/\/www.unioviedo.es\/ciderom\/?page_id=2"},"modified":"2018-11-07T13:37:03","modified_gmt":"2018-11-07T12:37:03","slug":"asistencia-inscripciones","status":"publish","type":"page","link":"https:\/\/www.unioviedo.es\/ciderom\/index.php\/asistencia-inscripciones\/","title":{"rendered":"Asistencia-Inscripciones"},"content":{"rendered":"<figure id=\"attachment_120\" aria-describedby=\"caption-attachment-120\" style=\"width: 201px\" class=\"wp-caption aligncenter\"><a href=\"http:\/\/www.unioviedo.es\/ciderom\/wp-content\/uploads\/2018\/07\/CATEDRALREGENTA.jpg\"><img loading=\"lazy\" decoding=\"async\" class=\"size-medium wp-image-120\" src=\"http:\/\/www.unioviedo.es\/ciderom\/wp-content\/uploads\/2018\/07\/CATEDRALREGENTA-201x300.jpg\" alt=\"\" width=\"201\" height=\"300\" srcset=\"https:\/\/www.unioviedo.es\/ciderom\/wp-content\/uploads\/2018\/07\/CATEDRALREGENTA-201x300.jpg 201w, https:\/\/www.unioviedo.es\/ciderom\/wp-content\/uploads\/2018\/07\/CATEDRALREGENTA.jpg 686w\" sizes=\"auto, (max-width: 201px) 100vw, 201px\" \/><\/a><figcaption id=\"caption-attachment-120\" class=\"wp-caption-text\"><span style=\"color: #993300;\"><strong>Oviedo. La Regenta en la Plaza de la Catedral.<\/strong><\/span><\/figcaption><\/figure>\n<p align=\"justify\"><span dir=\"ltr\"><span lang=\"es\" xml:lang=\"es\">Para formalizar la inscripci\u00f3n deben rellenar el <span style=\"color: #993300;\"><strong><a style=\"color: #993300;\" href=\"https:\/\/goo.gl\/forms\/NEny6M5IvPAgGD3u2\">FORMULARIO DE INSCRIPCI\u00d3N<\/a>.<\/strong><\/span><\/span><\/span><\/p>\n<p align=\"justify\"><span dir=\"ltr\">La fecha l\u00edmite para los que quieran presentar comunicaci\u00f3n es el\u00a0 <strong>20 de febrero de 2019, debiendo remitir el nombre del comunicante, universidad de procedencia, t\u00edtulo, abstract.<br \/>\n<\/strong><\/span><\/p>\n<p align=\"justify\"><span dir=\"ltr\">Las personas interesadas en inscribirse sin presentar comunicaci\u00f3n podr\u00e1n hacerlo hasta el<strong> 25 de marzo de 2019<\/strong>.<\/span><\/p>\n<p align=\"justify\"><span dir=\"ltr\"><strong> El trabajo cient\u00edfico para la publicaci\u00f3n ha de ser entregado en el propio congreso,<\/strong> una vez se haya realizado la intervenci\u00f3n, remitiendose a la siguiente direccion: clrendo@uniovi.es<br \/>\n<\/span><\/p>\n<p><strong><span style=\"color: #800000;\">Los criterios que han de seguirse para la publicaci\u00f3n<\/span> <\/strong>se detallan en el fichero adjunto: <a href=\"http:\/\/www.unioviedo.es\/ciderom\/wp-content\/uploads\/2018\/11\/CRITERIOSPUBLICACIONaidromOVIEDO.pdf\">CRITERIOSPUBLICACIONaidromOVIEDO<\/a><\/p>\n<p align=\"justify\"><span dir=\"ltr\">El precio\u00a0es de <strong>120 \u20ac, <\/strong>a excepci\u00f3n de los socios de AIDROM y estudiantes de la Universidad de Oviedo\u00a0 que tienen inscripci\u00f3n gratuita para participar en las sesiones cient\u00edficas.<\/span><\/p>\n<p align=\"justify\">Este pago\u00a0 deber\u00e1 ser efectuado <strong>antes del d\u00eda\u00a0 25 de marzo de 2019,<\/strong> mediante ingreso o transferencia bancaria realizada a la cuenta de la Asociacion Iberoamericana de Derecho Romano: <strong> IBAN ES94 2048 0000 2834 0010 8175<\/strong><\/p>\n<p align=\"justify\">El comprobante de la transferencia bancaria ha de ser enviado a <strong>clrendo@uniovi.es<\/strong><\/p>\n","protected":false},"excerpt":{"rendered":"<p>Para formalizar la inscripci\u00f3n deben rellenar el FORMULARIO DE INSCRIPCI\u00d3N. La fecha l\u00edmite para los que quieran presentar comunicaci\u00f3n es el\u00a0 20 de febrero de 2019, debiendo remitir el nombre del comunicante, universidad de procedencia, t\u00edtulo, abstract. Las personas interesadas en inscribirse sin presentar comunicaci\u00f3n podr\u00e1n hacerlo hasta el 25 de marzo de 2019. El &hellip; <\/p>\n<p class=\"link-more\"><a href=\"https:\/\/www.unioviedo.es\/ciderom\/index.php\/asistencia-inscripciones\/\" class=\"more-link\">Continuar leyendo<span class=\"screen-reader-text\"> \u00abAsistencia-Inscripciones\u00bb<\/span><\/a><\/p>\n","protected":false},"author":1,"featured_media":0,"parent":0,"menu_order":0,"comment_status":"closed","ping_status":"open","template":"","meta":{"footnotes":""},"class_list":["post-2","page","type-page","status-publish","hentry"],"_links":{"self":[{"href":"https:\/\/www.unioviedo.es\/ciderom\/index.php\/wp-json\/wp\/v2\/pages\/2","targetHints":{"allow":["GET"]}}],"collection":[{"href":"https:\/\/www.unioviedo.es\/ciderom\/index.php\/wp-json\/wp\/v2\/pages"}],"about":[{"href":"https:\/\/www.unioviedo.es\/ciderom\/index.php\/wp-json\/wp\/v2\/types\/page"}],"author":[{"embeddable":true,"href":"https:\/\/www.unioviedo.es\/ciderom\/index.php\/wp-json\/wp\/v2\/users\/1"}],"replies":[{"embeddable":true,"href":"https:\/\/www.unioviedo.es\/ciderom\/index.php\/wp-json\/wp\/v2\/comments?post=2"}],"version-history":[{"count":23,"href":"https:\/\/www.unioviedo.es\/ciderom\/index.php\/wp-json\/wp\/v2\/pages\/2\/revisions"}],"predecessor-version":[{"id":374,"href":"https:\/\/www.unioviedo.es\/ciderom\/index.php\/wp-json\/wp\/v2\/pages\/2\/revisions\/374"}],"wp:attachment":[{"href":"https:\/\/www.unioviedo.es\/ciderom\/index.php\/wp-json\/wp\/v2\/media?parent=2"}],"curies":[{"name":"wp","href":"https:\/\/api.w.org\/{rel}","templated":true}]}}