{"id":358,"date":"2018-09-27T13:29:27","date_gmt":"2018-09-27T11:29:27","guid":{"rendered":"http:\/\/www.unioviedo.es\/ciderom\/?page_id=358"},"modified":"2018-11-07T12:26:55","modified_gmt":"2018-11-07T11:26:55","slug":"presentacion-2","status":"publish","type":"page","link":"https:\/\/www.unioviedo.es\/ciderom\/index.php\/presentacion-2\/","title":{"rendered":"Presentaci\u00f3n"},"content":{"rendered":"<p>&nbsp;<\/p>\n<p style=\"text-align: justify;\"><a href=\"http:\/\/www.unioviedo.es\/ciderom\/wp-content\/uploads\/2018\/07\/paraninfo.jpg\"><img loading=\"lazy\" decoding=\"async\" class=\"aligncenter size-medium wp-image-216\" src=\"http:\/\/www.unioviedo.es\/ciderom\/wp-content\/uploads\/2018\/07\/paraninfo-300x200.jpg\" alt=\"\" width=\"300\" height=\"200\" srcset=\"https:\/\/www.unioviedo.es\/ciderom\/wp-content\/uploads\/2018\/07\/paraninfo-300x200.jpg 300w, https:\/\/www.unioviedo.es\/ciderom\/wp-content\/uploads\/2018\/07\/paraninfo-768x512.jpg 768w, https:\/\/www.unioviedo.es\/ciderom\/wp-content\/uploads\/2018\/07\/paraninfo.jpg 1024w\" sizes=\"auto, (max-width: 300px) 100vw, 300px\" \/><\/a><\/p>\n<p style=\"text-align: justify;\">Por acuerdo un\u00e1nime de la Asamblea general de la Asociaci\u00f3n Iberoamericana de Derecho Romano, celebrada en la Universidad de Lusiada, Oporto (Portugal)\u00a0 el 23 de marzo de 2018, se design\u00f3 como sede del<strong> XXI Congreso Internacional y XXIV Iberoamericano\u00a0 de Derecho Romano,<\/strong> <strong>la Universidad de Oviedo, <\/strong>\u00a0 y las fechas de celebraci\u00f3n , <strong>los d\u00edas 10, 11 y 12 de abril de 2019.<\/strong><\/p>\n<p style=\"text-align: justify;\">El tema elegido versar\u00e1 sobre los<strong> \u00abFundamentos roman\u00edsticos del Derecho de la Uni\u00f3n Europea y de los paises iberoamericanos.\u00bb<\/strong><\/p>\n<p><a href=\"http:\/\/www.unioviedo.es\/ciderom\/wp-content\/uploads\/2018\/07\/Imagen.png\"><img loading=\"lazy\" decoding=\"async\" class=\"aligncenter wp-image-200 size-large\" src=\"http:\/\/www.unioviedo.es\/ciderom\/wp-content\/uploads\/2018\/07\/Imagen-1024x452.png\" alt=\"l\u00e1pida con el bajo-relieve bizantino o tardo-romano\" width=\"525\" height=\"232\" srcset=\"https:\/\/www.unioviedo.es\/ciderom\/wp-content\/uploads\/2018\/07\/Imagen-1024x452.png 1024w, https:\/\/www.unioviedo.es\/ciderom\/wp-content\/uploads\/2018\/07\/Imagen-300x132.png 300w, https:\/\/www.unioviedo.es\/ciderom\/wp-content\/uploads\/2018\/07\/Imagen-768x339.png 768w, https:\/\/www.unioviedo.es\/ciderom\/wp-content\/uploads\/2018\/07\/Imagen.png 2000w\" sizes=\"auto, (max-width: 525px) 100vw, 525px\" \/><\/a><span style=\"color: #993300;\"><strong>Tablero de cancel de la iglesia de Santa Mar\u00eda de Lugo de Llanera (Asturias)<\/strong><\/span><\/p>\n<p>&nbsp;<\/p>\n<p style=\"text-align: justify;\">Los participantes investigar\u00e1n los fundamentos roman\u00edsticos que puedan encontrarse en las fuentes del derecho de la Uni\u00f3n Europea\u00a0 (Reglamentos, Directivas, etc), as\u00ed como en la jurisprudencia\u00a0 europea, en los proyectos de codificaci\u00f3n y en la legislaci\u00f3n y jurisprudencia de los paises iberoamericanos.<\/p>\n<p style=\"text-align: justify;\">En el congreso se conmemorar\u00e1 el <strong>XXV aniversario de la Asociaci\u00f3n Iberoamericana de Derecho Romano,<\/strong> creada en Oviedo el 22 de abril de 1994, cuyos fines son :<\/p>\n<p style=\"text-align: justify;\">a) El estudio y difusi\u00f3n del Derecho Romano, tanto en su sentido estricto, como en el \u00e1mbito de la tradici\u00f3n jur\u00eddica roman\u00edstica y su proyecci\u00f3n en la legislaci\u00f3n europea e iberoamericana.<\/p>\n<p style=\"text-align: justify;\">b) La realizaci\u00f3n de todas las actividades conducentes al cumplimiento de dicho fin.<\/p>\n<p style=\"text-align: justify;\">c) El mantenimiento de relaciones cient\u00edficas a traves de congresos, seminarios, cursos, publicaciones.<\/p>\n<p style=\"text-align: justify;\">d) Cualquier otro tendente al cumplimiento de los fines de la asociaci\u00f3n, y una particular colaboraci\u00f3n con entidades jur\u00eddicas de Espa\u00f1a e Iberoam\u00e9rica.<\/p>\n<p style=\"text-align: justify;\">Durante estos 25 a\u00f1os, se han venido celebrando reuniones cient\u00edficas y congresos anuales con participaci\u00f3n de investigadores y estudiosos del Derecho romano de\u00a0 Espa\u00f1a, Europa e Iberoam\u00e9rica, quedando plasmados los trabajos de investigaci\u00f3n iniciados en dichos congresos en obras monogr\u00e1ficas que han sido debidamente publicadas.<\/p>\n<p style=\"text-align: justify;\">Por su actualidad, reproduzco las palabras de dos grandes Catedr\u00e1ticos de Derecho Romano de la Universidad de Oviedo de los Siglos XIX y XX:<\/p>\n<p style=\"text-align: center;\"><strong>Don<\/strong> <b>Leopoldo Garc\u00eda-Alas y Ure\u00f1a<\/b>, apodado <b>Clar\u00edn<\/b><\/p>\n<p><a href=\"http:\/\/www.unioviedo.es\/ciderom\/wp-content\/uploads\/2018\/11\/clarin.jpg\"><img loading=\"lazy\" decoding=\"async\" class=\"aligncenter size-medium wp-image-369\" src=\"http:\/\/www.unioviedo.es\/ciderom\/wp-content\/uploads\/2018\/11\/clarin-300x298.jpg\" alt=\"\" width=\"300\" height=\"298\" srcset=\"https:\/\/www.unioviedo.es\/ciderom\/wp-content\/uploads\/2018\/11\/clarin-300x298.jpg 300w, https:\/\/www.unioviedo.es\/ciderom\/wp-content\/uploads\/2018\/11\/clarin-150x150.jpg 150w, https:\/\/www.unioviedo.es\/ciderom\/wp-content\/uploads\/2018\/11\/clarin-100x100.jpg 100w, https:\/\/www.unioviedo.es\/ciderom\/wp-content\/uploads\/2018\/11\/clarin.jpg 439w\" sizes=\"auto, (max-width: 300px) 100vw, 300px\" \/><\/a><\/p>\n<p style=\"text-align: justify;\">\u00a0\u00bb\u00a0 <em>El universalismo del Derecho romano evita caer en los nacionalismos exacerbados\u2026 Los estudios cl\u00e1sicos han demostrado hist\u00f3ricamente ser los mejores y ninguno como ellos desenvuelven todas las facultades an\u00edmicas<\/em>\u201d. Clar\u00edn. Apuntes de clases. Curso 1899-1900.<\/p>\n<p style=\"text-align: center;\"><strong>Don Melquiades Alvarez <\/strong><b>Gonz\u00e1lez-Posada<\/b><\/p>\n<p><a href=\"http:\/\/www.unioviedo.es\/ciderom\/wp-content\/uploads\/2018\/11\/melquiades-alvarez.jpg\"><img loading=\"lazy\" decoding=\"async\" class=\"aligncenter size-medium wp-image-370\" src=\"http:\/\/www.unioviedo.es\/ciderom\/wp-content\/uploads\/2018\/11\/melquiades-alvarez-300x169.jpg\" alt=\"\" width=\"300\" height=\"169\" srcset=\"https:\/\/www.unioviedo.es\/ciderom\/wp-content\/uploads\/2018\/11\/melquiades-alvarez-300x169.jpg 300w, https:\/\/www.unioviedo.es\/ciderom\/wp-content\/uploads\/2018\/11\/melquiades-alvarez.jpg 755w\" sizes=\"auto, (max-width: 300px) 100vw, 300px\" \/><\/a><\/p>\n<p style=\"text-align: justify;\">\u00a0\u00ab<em>Sin el Derecho romano no se puede ser jurista. Conocer la obra de los C\u00f3digos modernos y de sus comentaristas, servir\u00e1 en nuestra disputatio fori para hacer discursistas h\u00e1biles, abogados elocuentes, hombres pr\u00e1cticos con alg\u00fan sentido jur\u00eddico, leguleyos de cierta estirpe, pero para merecer este t\u00edtulo hay que conocer las obras de aquellos c\u00e9lebres jurisconsultos\u2026 es absolutamente necesario conocer a fondo el Derecho romano<\/em>\u201d<\/p>\n","protected":false},"excerpt":{"rendered":"<p>&nbsp; Por acuerdo un\u00e1nime de la Asamblea general de la Asociaci\u00f3n Iberoamericana de Derecho Romano, celebrada en la Universidad de Lusiada, Oporto (Portugal)\u00a0 el 23 de marzo de 2018, se design\u00f3 como sede del XXI Congreso Internacional y XXIV Iberoamericano\u00a0 de Derecho Romano, la Universidad de Oviedo, \u00a0 y las fechas de celebraci\u00f3n , los &hellip; <\/p>\n<p class=\"link-more\"><a href=\"https:\/\/www.unioviedo.es\/ciderom\/index.php\/presentacion-2\/\" class=\"more-link\">Continuar leyendo<span class=\"screen-reader-text\"> \u00abPresentaci\u00f3n\u00bb<\/span><\/a><\/p>\n","protected":false},"author":1,"featured_media":0,"parent":0,"menu_order":0,"comment_status":"closed","ping_status":"closed","template":"","meta":{"footnotes":""},"class_list":["post-358","page","type-page","status-publish","hentry"],"_links":{"self":[{"href":"https:\/\/www.unioviedo.es\/ciderom\/index.php\/wp-json\/wp\/v2\/pages\/358","targetHints":{"allow":["GET"]}}],"collection":[{"href":"https:\/\/www.unioviedo.es\/ciderom\/index.php\/wp-json\/wp\/v2\/pages"}],"about":[{"href":"https:\/\/www.unioviedo.es\/ciderom\/index.php\/wp-json\/wp\/v2\/types\/page"}],"author":[{"embeddable":true,"href":"https:\/\/www.unioviedo.es\/ciderom\/index.php\/wp-json\/wp\/v2\/users\/1"}],"replies":[{"embeddable":true,"href":"https:\/\/www.unioviedo.es\/ciderom\/index.php\/wp-json\/wp\/v2\/comments?post=358"}],"version-history":[{"count":4,"href":"https:\/\/www.unioviedo.es\/ciderom\/index.php\/wp-json\/wp\/v2\/pages\/358\/revisions"}],"predecessor-version":[{"id":371,"href":"https:\/\/www.unioviedo.es\/ciderom\/index.php\/wp-json\/wp\/v2\/pages\/358\/revisions\/371"}],"wp:attachment":[{"href":"https:\/\/www.unioviedo.es\/ciderom\/index.php\/wp-json\/wp\/v2\/media?parent=358"}],"curies":[{"name":"wp","href":"https:\/\/api.w.org\/{rel}","templated":true}]}}