{"id":51,"date":"2017-01-30T13:26:09","date_gmt":"2017-01-30T13:26:09","guid":{"rendered":"http:\/\/www.unioviedo.es\/ciderom\/?page_id=51"},"modified":"2019-03-29T20:05:47","modified_gmt":"2019-03-29T19:05:47","slug":"docencia","status":"publish","type":"page","link":"https:\/\/www.unioviedo.es\/ciderom\/index.php\/docencia\/","title":{"rendered":"Programa"},"content":{"rendered":"<p><a href=\"https:\/\/unioviedo-my.sharepoint.com\/:w:\/g\/personal\/clrendo_uniovi_es\/EYO4Px4vBexImdpncX3ff0ABdpFi4uG1N_EyvJV4IH4AaQ?e=SbKcv0\" data-wplink-edit=\"true\">LISTADO DE PONENCIAS\u00a0 DEFINITIVO<\/a><\/p>\n<p style=\"text-align: center;\"><strong><a href=\"http:\/\/www.unioviedo.es\/ciderom\/wp-content\/uploads\/2018\/07\/paraninfo.jpg\"><img loading=\"lazy\" decoding=\"async\" class=\"aligncenter size-medium wp-image-216\" src=\"http:\/\/www.unioviedo.es\/ciderom\/wp-content\/uploads\/2018\/07\/paraninfo-300x200.jpg\" alt=\"\" width=\"300\" height=\"200\" srcset=\"https:\/\/www.unioviedo.es\/ciderom\/wp-content\/uploads\/2018\/07\/paraninfo-300x200.jpg 300w, https:\/\/www.unioviedo.es\/ciderom\/wp-content\/uploads\/2018\/07\/paraninfo-768x512.jpg 768w, https:\/\/www.unioviedo.es\/ciderom\/wp-content\/uploads\/2018\/07\/paraninfo.jpg 1024w\" sizes=\"auto, (max-width: 300px) 100vw, 300px\" \/><\/a><\/strong><\/p>\n<p style=\"text-align: center;\"><span style=\"color: #000000;\"><strong>Mi\u00e9rcoles\u00a0 10 de abril<\/strong><\/span><\/p>\n<p style=\"text-align: center;\"><strong>MA\u00d1ANA<\/strong><\/p>\n<p style=\"text-align: justify;\"><strong>Lugar de celebraci\u00f3n: Edificio hist\u00f3rico de la Universidad de Oviedo<\/strong><\/p>\n<p style=\"text-align: justify;\"><strong>8:30.\u00a0 <\/strong>Celebraci\u00f3n eucar\u00edstica en la Capilla de la Universidad\u00a0 en recuerdo de los compa\u00f1eros de AIDROM fallecidos.<\/p>\n<p style=\"text-align: justify;\"><strong>9 h.<\/strong> Acreditaci\u00f3n de los congresistas en la Sala de Profesores del Edificio Hist\u00f3rico.<\/p>\n<p style=\"text-align: justify;\"><strong>9:30 h.<\/strong> Apertura del Congreso en el Paraninfo de la Universidad de Oviedo, bajo la presidencia del\u00a0 Sr. Rector Magn\u00edfico de la Universidad de Oviedo, con asistencia de los representantes de las entidades colaboradoras.<\/p>\n<p style=\"text-align: justify;\"><strong>10:15 h.<\/strong> Conferencia inaugural a cargo de <strong>DO\u00d1A SALLA SAASTAMOINEN.\u00a0\u00a0<\/strong>Directora para la justicia civil y comercial. Directora General\u00a0 de Justicia y Consumidores de la Comisi\u00f3n Europea.<\/p>\n<p><strong>11:15 a 11.45 h.<\/strong>\u00a0 Pausa cafe.<\/p>\n<p style=\"text-align: justify;\"><strong>11.45 a 13:00 h<\/strong>. <strong>PRIMERA<\/strong> <strong>SESION DE COMUNICACIONES<\/strong> simultaneas en las aulas Magna, Severo Ochoa y\u00a0 Rector Alas.<\/p>\n<p><strong>13.00 a 14.15 h.<\/strong> <strong>SEGUNDA<\/strong> <strong>SESION DE COMUNICACIONES<\/strong> simultaneas en las aulas Magna, Severo Ochoa y Rector Alas<\/p>\n<p style=\"text-align: justify;\"><strong>14:15-16:15 h.<\/strong> Comida de trabajo en el Hotel NH Principado.<\/p>\n<p><a href=\"http:\/\/www.unioviedo.es\/ciderom\/wp-content\/uploads\/2018\/07\/despacho-biblioteca.jpg\"><img loading=\"lazy\" decoding=\"async\" class=\"aligncenter size-medium wp-image-222\" src=\"http:\/\/www.unioviedo.es\/ciderom\/wp-content\/uploads\/2018\/07\/despacho-biblioteca-300x274.jpg\" alt=\"\" width=\"300\" height=\"274\" srcset=\"https:\/\/www.unioviedo.es\/ciderom\/wp-content\/uploads\/2018\/07\/despacho-biblioteca-300x274.jpg 300w, https:\/\/www.unioviedo.es\/ciderom\/wp-content\/uploads\/2018\/07\/despacho-biblioteca-768x701.jpg 768w, https:\/\/www.unioviedo.es\/ciderom\/wp-content\/uploads\/2018\/07\/despacho-biblioteca.jpg 958w\" sizes=\"auto, (max-width: 300px) 100vw, 300px\" \/><\/a><\/p>\n<p style=\"text-align: center;\"><strong>TARDE<\/strong><\/p>\n<p style=\"text-align: justify;\">Lugar de celebraci\u00f3n: Edificio Hist\u00f3rico de la Universidad de Oviedo<\/p>\n<p style=\"text-align: justify;\"><strong>16.30 a 18.00. TERCERA SESION DE COMUNICACIONES s<\/strong>imultaneas en las aulas Magna, Severo Ochoa y\u00a0 Rector Alas.<\/p>\n<p><strong>18.00 a 19.30.<\/strong> <strong>CUARTA SESION DE COMUNICACIONES s<\/strong>imultaneas en las aulas Magna, Severo Ochoa y\u00a0 Rector Alas<\/p>\n<p style=\"text-align: justify;\">\n<p style=\"text-align: center;\"><strong>Jueves 11 de abril<\/strong><\/p>\n<p style=\"text-align: center;\"><strong>MA\u00d1ANA<\/strong><\/p>\n<p style=\"text-align: center;\">Lugar de celebraci\u00f3n: Edificio Hist\u00f3rico<\/p>\n<p style=\"text-align: justify;\">\u00a0<strong>9:00h a 10:00 h.\u00a0\u00a0 Conferencia impartida por D. Giovanni Luchetti. <\/strong>Profesor ordin<span style=\"font-size: 1rem;\">ario de Derecho romano de la Universidad de Bolonia.\u00a0<em><strong>Fondamenti di diritto europeo<\/strong><\/em><\/span><\/p>\n<p style=\"text-align: justify;\">\u00a0 <strong>10:00 a 11:15h. QUINTA SESION DE COMUNICACIONES <\/strong> <strong>s<\/strong>imultaneas en las aulas Magna, Severo Ochoa y\u00a0 Rector Alas.<\/p>\n<p><strong>11:15 a 11.45 h<\/strong>: Pausa caf\u00e9<\/p>\n<p><strong>11:45 a 12.45 horas. SEXTA SESION DE <\/strong><strong>COMUNICACIONES <\/strong> <strong>s<\/strong>imultaneas en las aulas Magna, Severo Ochoa y\u00a0 Rector Alas.<\/p>\n<p><strong>12.45 h<\/strong>. Recogida de los congresistas y traslado a la Facultad de Derecho en el Campus del Cristo.<\/p>\n<p><strong>13.15 h<\/strong>. Acto en la Facultad de Derecho. Recepci\u00f3n de los Congresistas por el Decano de la Facultad de Derecho D. Jose M\u00aa Roca Martinez.<\/p>\n<p style=\"text-align: justify;\"><strong>14:00 h.<\/strong> Comida en la cafeter\u00eda de la Facultad de Derecho en el Campus del Cristo.<\/p>\n<p><a href=\"http:\/\/www.unioviedo.es\/ciderom\/wp-content\/uploads\/2018\/07\/sasntamariadelnaranco.jpg\"><img loading=\"lazy\" decoding=\"async\" class=\"aligncenter size-medium wp-image-223\" src=\"http:\/\/www.unioviedo.es\/ciderom\/wp-content\/uploads\/2018\/07\/sasntamariadelnaranco-300x176.jpg\" alt=\"\" width=\"300\" height=\"176\" srcset=\"https:\/\/www.unioviedo.es\/ciderom\/wp-content\/uploads\/2018\/07\/sasntamariadelnaranco-300x176.jpg 300w, https:\/\/www.unioviedo.es\/ciderom\/wp-content\/uploads\/2018\/07\/sasntamariadelnaranco.jpg 620w\" sizes=\"auto, (max-width: 300px) 100vw, 300px\" \/><\/a><\/p>\n<p style=\"text-align: center;\"><strong>TARDE \/ NOCHE<\/strong><\/p>\n<p style=\"text-align: justify;\"><strong>16:00 h.<\/strong> Traslado en autocares para visita a los monumentos del prerrom\u00e1nico que circunda la ciudad de Oviedo.<\/p>\n<p style=\"text-align: justify;\"><strong>18:00 h.<\/strong> Visita guiada a la Catedral de Oviedo y su C\u00e1mara Santa<\/p>\n<p><strong>20.30<\/strong> <strong>h<\/strong>. Recogida de los congresistas en la calle Arg\u00fcelles para traslado al lugar de la espicha asturiana.<\/p>\n<p style=\"text-align: justify;\"><strong>21:00 h<\/strong>. Espicha asturiana.<\/p>\n<p><a href=\"http:\/\/www.unioviedo.es\/ciderom\/wp-content\/uploads\/2018\/07\/catedraloviedo.jpg\"><img loading=\"lazy\" decoding=\"async\" class=\"aligncenter size-medium wp-image-224\" src=\"http:\/\/www.unioviedo.es\/ciderom\/wp-content\/uploads\/2018\/07\/catedraloviedo-200x300.jpg\" alt=\"\" width=\"200\" height=\"300\" srcset=\"https:\/\/www.unioviedo.es\/ciderom\/wp-content\/uploads\/2018\/07\/catedraloviedo-200x300.jpg 200w, https:\/\/www.unioviedo.es\/ciderom\/wp-content\/uploads\/2018\/07\/catedraloviedo.jpg 564w\" sizes=\"auto, (max-width: 200px) 100vw, 200px\" \/><\/a><\/p>\n<p style=\"text-align: center;\"><strong>Viernes 12 de abril<\/strong><\/p>\n<p style=\"text-align: center;\"><strong>\u00a0MA\u00d1ANA<\/strong><\/p>\n<p style=\"text-align: center;\"><strong>\u00a0<\/strong>Lugar de celebraci\u00f3n: Edificio Hist\u00f3rico<\/p>\n<p><strong>9.30 a 10.30<\/strong> . Visita\u00a0 guiada al Edificio Hist\u00f3rico de la Universidad de Oviedo y su biblioteca.<\/p>\n<p><img decoding=\"async\" class=\"aligncenter\" src=\"http:\/\/www.unioviedo.es\/ciderom\/wp-content\/uploads\/2018\/07\/Biblioteca-Oviedo-300x225.jpg\" \/><\/p>\n<p style=\"text-align: justify;\"><strong>10.30-11:30 h. SEPTIMA SESION DE COMUNICACIONES <\/strong>simultaneas en las aulas Magna y Severo Ochoa.<\/p>\n<p><strong>11:30 -12.00h<\/strong>. Presentaciones\u00a0 de libros.<\/p>\n<p style=\"text-align: justify;\"><strong>12:15 h. Acto de clausura.<\/strong> <strong>Conferencia impartida por\u00a0 Do\u00f1a Maria Jos\u00e9 Martinez Iglesias.<\/strong> Directora para Asuntos Legislativos del Servicio Jur\u00eddico del Parlamento Europeo. <strong><em>Europa: una cultura jur\u00eddica com\u00fan.<\/em><\/strong><\/p>\n<p><strong>13:15 h. Asamblea de la Asociaci\u00f3n Iberoamericana de Derecho Romano<\/strong><\/p>\n","protected":false},"excerpt":{"rendered":"<p>LISTADO DE PONENCIAS\u00a0 DEFINITIVO Mi\u00e9rcoles\u00a0 10 de abril MA\u00d1ANA Lugar de celebraci\u00f3n: Edificio hist\u00f3rico de la Universidad de Oviedo 8:30.\u00a0 Celebraci\u00f3n eucar\u00edstica en la Capilla de la Universidad\u00a0 en recuerdo de los compa\u00f1eros de AIDROM fallecidos. 9 h. Acreditaci\u00f3n de los congresistas en la Sala de Profesores del Edificio Hist\u00f3rico. 9:30 h. Apertura del Congreso &hellip; <\/p>\n<p class=\"link-more\"><a href=\"https:\/\/www.unioviedo.es\/ciderom\/index.php\/docencia\/\" class=\"more-link\">Continuar leyendo<span class=\"screen-reader-text\"> \u00abPrograma\u00bb<\/span><\/a><\/p>\n","protected":false},"author":1,"featured_media":0,"parent":0,"menu_order":0,"comment_status":"closed","ping_status":"closed","template":"","meta":{"footnotes":""},"class_list":["post-51","page","type-page","status-publish","hentry"],"_links":{"self":[{"href":"https:\/\/www.unioviedo.es\/ciderom\/index.php\/wp-json\/wp\/v2\/pages\/51","targetHints":{"allow":["GET"]}}],"collection":[{"href":"https:\/\/www.unioviedo.es\/ciderom\/index.php\/wp-json\/wp\/v2\/pages"}],"about":[{"href":"https:\/\/www.unioviedo.es\/ciderom\/index.php\/wp-json\/wp\/v2\/types\/page"}],"author":[{"embeddable":true,"href":"https:\/\/www.unioviedo.es\/ciderom\/index.php\/wp-json\/wp\/v2\/users\/1"}],"replies":[{"embeddable":true,"href":"https:\/\/www.unioviedo.es\/ciderom\/index.php\/wp-json\/wp\/v2\/comments?post=51"}],"version-history":[{"count":23,"href":"https:\/\/www.unioviedo.es\/ciderom\/index.php\/wp-json\/wp\/v2\/pages\/51\/revisions"}],"predecessor-version":[{"id":429,"href":"https:\/\/www.unioviedo.es\/ciderom\/index.php\/wp-json\/wp\/v2\/pages\/51\/revisions\/429"}],"wp:attachment":[{"href":"https:\/\/www.unioviedo.es\/ciderom\/index.php\/wp-json\/wp\/v2\/media?parent=51"}],"curies":[{"name":"wp","href":"https:\/\/api.w.org\/{rel}","templated":true}]}}