{"id":53,"date":"2017-01-30T13:26:21","date_gmt":"2017-01-30T13:26:21","guid":{"rendered":"http:\/\/www.unioviedo.es\/ciderom\/?page_id=53"},"modified":"2018-09-15T21:11:01","modified_gmt":"2018-09-15T19:11:01","slug":"comitecientifico","status":"publish","type":"page","link":"https:\/\/www.unioviedo.es\/ciderom\/index.php\/comitecientifico\/","title":{"rendered":"Comit\u00e9 Cient\u00edfico"},"content":{"rendered":"<p style=\"text-align: center;\"><strong><a href=\"http:\/\/www.unioviedo.es\/ciderom\/wp-content\/uploads\/2018\/07\/digestumvetus.png\"><img loading=\"lazy\" decoding=\"async\" class=\"aligncenter wp-image-139 size-full\" src=\"http:\/\/www.unioviedo.es\/ciderom\/wp-content\/uploads\/2018\/07\/digestumvetus.png\" alt=\"\" width=\"528\" height=\"326\" srcset=\"https:\/\/www.unioviedo.es\/ciderom\/wp-content\/uploads\/2018\/07\/digestumvetus.png 528w, https:\/\/www.unioviedo.es\/ciderom\/wp-content\/uploads\/2018\/07\/digestumvetus-300x185.png 300w\" sizes=\"auto, (max-width: 528px) 100vw, 528px\" \/><\/a><\/strong><\/p>\n<p><strong>Prof. Doctor Armando Torrent Ruiz.<br \/>\n<\/strong>Catedr\u00e1tico Em\u00e9rito de Derecho Romano.<br \/>\nUniversidad Rey Juan Carlos (Madrid).<br \/>\nPresidente de Honor de la Asociaci\u00f3n Iberoamericana de Derecho Romano<br \/>\n<em><span style=\"text-align: left; color: #333333; text-transform: none; text-indent: 0px; letter-spacing: normal; font-family: 'Libre Franklin','Helvetica Neue',helvetica,arial,sans-serif; font-size: 16px; font-variant: normal; font-weight: 400; text-decoration: none; word-spacing: 0px; display: inline !important; white-space: normal; cursor: text; orphans: 2; float: none; -webkit-text-stroke-width: 0px; background-color: transparent;\">Espa\u00f1a.<\/span><\/em><\/p>\n<p><strong>Prof. Doctor Justo Garc\u00eda S\u00e1nchez.<br \/>\n<\/strong>Catedr\u00e1tico Em\u00e9rito de Derecho Romano.<br \/>\nUniversidad de Oviedo.<br \/>\nPresidente de Honor de la Asociaci\u00f3n Iberoamericana de Derecho Romano.<br \/>\n<em><span style=\"text-align: left; color: #333333; text-transform: none; text-indent: 0px; letter-spacing: normal; font-family: 'Libre Franklin','Helvetica Neue',helvetica,arial,sans-serif; font-size: 16px; font-variant: normal; font-weight: 400; text-decoration: none; word-spacing: 0px; display: inline !important; white-space: normal; cursor: text; orphans: 2; float: none; -webkit-text-stroke-width: 0px; background-color: transparent;\"> Espa\u00f1a.<\/span><\/em><\/p>\n<p><strong>Prof. Doctor Alfonso Murillo Villar<\/strong><br \/>\nCatedr\u00e1tico de Derecho Romano.<br \/>\nUniversidad de Burgos<br \/>\nPresidente de la Asociaci\u00f3n Iberoamericano de Derecho Romano<em><br \/>\n<span style=\"text-align: left; color: #333333; text-transform: none; text-indent: 0px; letter-spacing: normal; font-family: 'Libre Franklin','Helvetica Neue',helvetica,arial,sans-serif; font-size: 16px; font-variant: normal; font-weight: 400; text-decoration: none; word-spacing: 0px; display: inline !important; white-space: normal; cursor: text; orphans: 2; float: none; -webkit-text-stroke-width: 0px; background-color: transparent;\"> Espa\u00f1a.<\/span><br \/>\n<\/em><\/p>\n<p><strong>Prof. Doctora Mar\u00eda Vital da Rocha<\/strong><br \/>\nProf\u00aa. Adjunta de Derecho Civil<br \/>\nUniversidad Federal de Cear\u00e1 (Fortaleza)<br \/>\n<em>Brasil<\/em><\/p>\n<p><strong>Prof. Doctora Mirta Beatriz \u00c1lvarez Mallada<\/strong><br \/>\nProf\u00aa. Regular Titular de Derecho Romano<br \/>\nUniversidad de Buenos Aires<br \/>\n<em>Argentina<\/em><\/p>\n<p><strong>Prof. Doutor Ant\u00f3nio dos Santos Justo<\/strong><br \/>\nCatedr\u00e1tico Jubilado de ci\u00eancias jur\u00eddico-hist\u00f3ricas<br \/>\nUniversidad de Coimbra e Universidad Lus\u00edada \u2013 Norte (Porto)<br \/>\n<em>Portugal<\/em><\/p>\n<p><strong>Prof. Doutor Eduardo Vera-Cruz Pinto<\/strong><br \/>\nCatedr\u00e1tico de ciencias jur\u00eddico-hist\u00f3ricas<br \/>\nUniversidad de Lisboa<br \/>\n<em>Portugal<\/em><\/p>\n<p><strong>Prof. Doctor Giovanni Luchetti<\/strong><br \/>\nProf. Ordin\u00e1rio de Derecho Romano<br \/>\nUniversidad de Bolonia<br \/>\n<em>It\u00e1lia<\/em><\/p>\n<p><strong>\u00a0<\/strong><strong>Prof. Doctor Lu\u00eds Rodr\u00edguez Ennes<\/strong><br \/>\nCatedr\u00e1tico Em\u00e9rito de Derecho Romano.<br \/>\nDecano Honor\u00edfico de Facultad de Derecho de la\u00a0 Universidad de Vigo (Campus de Ourense).<br \/>\n<em>Espa\u00f1a<\/em><\/p>\n<p><em>\u00a0<\/em><strong>Prof.\u00a0 Doctor Gustavo de Las Heras<br \/>\n<\/strong>Catedr\u00e1tico de Derecho Romano<br \/>\nUniversidad de Castilla- La Mancha<br \/>\n<em>Espa\u00f1a<\/em><\/p>\n<p><strong>Prof. Doctor Pedro Resina Sola<\/strong><br \/>\nCatedr\u00e1tico de Derecho Romano<br \/>\nUniversidad de Almer\u00eda<br \/>\n<em>Espa\u00f1a<\/em><\/p>\n<p><strong>Prof. Doctora Rosa Mentxaca Elexpe<br \/>\n<\/strong>Catedr\u00e1tica de Derecho Romano<br \/>\nUniversidad del Pa\u00eds Vasco<br \/>\n<em>Espa\u00f1a.<\/em><\/p>\n<p><strong>Prof. Doctora Ar\u00e1nzazu Calzada Gonz\u00e1lez<br \/>\n<\/strong>Catedr\u00e1tica Derecho Romano<br \/>\nUniversidad de Alicante.<br \/>\n<em>Espa\u00f1a.<\/em><\/p>\n<p><strong>Prof. Doctor Esteban Varela Mateos<br \/>\n<\/strong>Catedr\u00e1tico jubilado de Derecho Romano.<br \/>\nUniversidad Aut\u00f3noma de Madrid.<br \/>\n<em>Espa\u00f1a<\/em><\/p>\n<p><strong>Prof. Doctora Mar\u00eda Teresa Dupl\u00e1 Mar\u00edn<\/strong><br \/>\nCatedr\u00e1tica de Derecho Romano<br \/>\nUniversidad Ram\u00f3n LLul (Barcelona)<br \/>\n<em>Espa\u00f1a<\/em><\/p>\n","protected":false},"excerpt":{"rendered":"<p>Prof. Doctor Armando Torrent Ruiz. Catedr\u00e1tico Em\u00e9rito de Derecho Romano. Universidad Rey Juan Carlos (Madrid). Presidente de Honor de la Asociaci\u00f3n Iberoamericana de Derecho Romano Espa\u00f1a. Prof. Doctor Justo Garc\u00eda S\u00e1nchez. Catedr\u00e1tico Em\u00e9rito de Derecho Romano. Universidad de Oviedo. Presidente de Honor de la Asociaci\u00f3n Iberoamericana de Derecho Romano. Espa\u00f1a. Prof. Doctor Alfonso Murillo Villar &hellip; <\/p>\n<p class=\"link-more\"><a href=\"https:\/\/www.unioviedo.es\/ciderom\/index.php\/comitecientifico\/\" class=\"more-link\">Continuar leyendo<span class=\"screen-reader-text\"> \u00abComit\u00e9 Cient\u00edfico\u00bb<\/span><\/a><\/p>\n","protected":false},"author":1,"featured_media":0,"parent":0,"menu_order":0,"comment_status":"closed","ping_status":"closed","template":"","meta":{"footnotes":""},"class_list":["post-53","page","type-page","status-publish","hentry"],"_links":{"self":[{"href":"https:\/\/www.unioviedo.es\/ciderom\/index.php\/wp-json\/wp\/v2\/pages\/53","targetHints":{"allow":["GET"]}}],"collection":[{"href":"https:\/\/www.unioviedo.es\/ciderom\/index.php\/wp-json\/wp\/v2\/pages"}],"about":[{"href":"https:\/\/www.unioviedo.es\/ciderom\/index.php\/wp-json\/wp\/v2\/types\/page"}],"author":[{"embeddable":true,"href":"https:\/\/www.unioviedo.es\/ciderom\/index.php\/wp-json\/wp\/v2\/users\/1"}],"replies":[{"embeddable":true,"href":"https:\/\/www.unioviedo.es\/ciderom\/index.php\/wp-json\/wp\/v2\/comments?post=53"}],"version-history":[{"count":16,"href":"https:\/\/www.unioviedo.es\/ciderom\/index.php\/wp-json\/wp\/v2\/pages\/53\/revisions"}],"predecessor-version":[{"id":311,"href":"https:\/\/www.unioviedo.es\/ciderom\/index.php\/wp-json\/wp\/v2\/pages\/53\/revisions\/311"}],"wp:attachment":[{"href":"https:\/\/www.unioviedo.es\/ciderom\/index.php\/wp-json\/wp\/v2\/media?parent=53"}],"curies":[{"name":"wp","href":"https:\/\/api.w.org\/{rel}","templated":true}]}}