{"id":63,"date":"2018-09-03T19:46:06","date_gmt":"2018-09-03T17:46:06","guid":{"rendered":"http:\/\/www.unioviedo.es\/ciderom\/?page_id=63"},"modified":"2019-03-16T10:52:23","modified_gmt":"2019-03-16T09:52:23","slug":"organizacion","status":"publish","type":"page","link":"https:\/\/www.unioviedo.es\/ciderom\/index.php\/organizacion\/","title":{"rendered":"Organizaci\u00f3n"},"content":{"rendered":"<p><a href=\"http:\/\/www.unioviedo.es\/ciderom\/wp-content\/uploads\/2018\/07\/edificiohistoricoantiguoderecho.jpg\"><img loading=\"lazy\" decoding=\"async\" class=\"aligncenter size-full wp-image-248\" src=\"http:\/\/www.unioviedo.es\/ciderom\/wp-content\/uploads\/2018\/07\/edificiohistoricoantiguoderecho.jpg\" alt=\"\" width=\"239\" height=\"211\" \/><\/a><\/p>\n<p style=\"text-align: center;\"><span style=\"color: #993300;\"><strong>Universidad de Oviedo y Asociaci\u00f3n Iberoamericana de Derecho Romano (AIDROM).<\/strong><\/span><\/p>\n<h1 style=\"text-align: center;\"><span style=\"color: #808080;\"><strong>COMITE ORGANIZADOR<\/strong><\/span><\/h1>\n<p><span style=\"color: #993300;\"><strong>Carmen L\u00f3pez-Rendo Rodr\u00edguez<\/strong><\/span>. Profesora Titular Derecho Romano. Secretaria de Asociaci\u00f3n Iberoamericana de Derecho Romano. Directora del Congreso.<\/p>\n<p><span style=\"color: #993300;\"><strong>Mar\u00eda Jos\u00e9 Azaustre Fern\u00e1ndez. <\/strong><\/span>Doctora en Derecho. Profesora Ayudante Doctor Derecho Romano. Secretaria del Congreso.<\/p>\n<p><span style=\"color: #993300;\"><strong>Emma Rodr\u00edguez Diaz.<\/strong> <\/span>Doctora en Derecho. Profesora Asociada Derecho Romano.<\/p>\n<p><strong><span style=\"color: #993300;\">Beatr\u00edz Garc\u00eda Fueyo.\u00a0<\/span><\/strong><span style=\"color: #993300;\">\u00a0<span style=\"color: #000000;\">Doctora en Derecho. Profesora\u00a0 Derecho Romano<br \/>\n<\/span><\/span><\/p>\n<p><a href=\"http:\/\/www.unioviedo.es\/ciderom\/wp-content\/uploads\/2017\/01\/Logo-Universidad-de-Oviedo-verde-centrado.png\"><img loading=\"lazy\" decoding=\"async\" class=\"aligncenter size-full wp-image-37\" src=\"http:\/\/www.unioviedo.es\/ciderom\/wp-content\/uploads\/2017\/01\/Logo-Universidad-de-Oviedo-verde-centrado.png\" alt=\"Logo Universidad de Oviedo verde\" width=\"220\" height=\"240\" \/><\/a><a href=\"http:\/\/www.unioviedo.es\/ciderom\/wp-content\/uploads\/2018\/07\/aidrom-e1530786334851.jpg\"><img loading=\"lazy\" decoding=\"async\" class=\"aligncenter size-medium wp-image-103\" src=\"http:\/\/www.unioviedo.es\/ciderom\/wp-content\/uploads\/2018\/07\/aidrom-e1530786334851-300x96.jpg\" alt=\"\" width=\"300\" height=\"96\" srcset=\"https:\/\/www.unioviedo.es\/ciderom\/wp-content\/uploads\/2018\/07\/aidrom-e1530786334851-300x96.jpg 300w, https:\/\/www.unioviedo.es\/ciderom\/wp-content\/uploads\/2018\/07\/aidrom-e1530786334851.jpg 400w\" sizes=\"auto, (max-width: 300px) 100vw, 300px\" \/> <\/a><\/p>\n<p style=\"text-align: center;\"><a href=\"http:\/\/www.unioviedo.es\/ciderom\/wp-content\/uploads\/2018\/07\/aidrom-e1530786334851.jpg\"><strong><span style=\"color: #808080;\">Asociaci\u00f3n Iberoamericana de Derecho Romano<\/span><\/strong><\/a><\/p>\n","protected":false},"excerpt":{"rendered":"<p>Universidad de Oviedo y Asociaci\u00f3n Iberoamericana de Derecho Romano (AIDROM). COMITE ORGANIZADOR Carmen L\u00f3pez-Rendo Rodr\u00edguez. Profesora Titular Derecho Romano. Secretaria de Asociaci\u00f3n Iberoamericana de Derecho Romano. Directora del Congreso. Mar\u00eda Jos\u00e9 Azaustre Fern\u00e1ndez. Doctora en Derecho. Profesora Ayudante Doctor Derecho Romano. Secretaria del Congreso. Emma Rodr\u00edguez Diaz. Doctora en Derecho. Profesora Asociada Derecho Romano. Beatr\u00edz &hellip; <\/p>\n<p class=\"link-more\"><a href=\"https:\/\/www.unioviedo.es\/ciderom\/index.php\/organizacion\/\" class=\"more-link\">Continuar leyendo<span class=\"screen-reader-text\"> \u00abOrganizaci\u00f3n\u00bb<\/span><\/a><\/p>\n","protected":false},"author":1,"featured_media":0,"parent":0,"menu_order":0,"comment_status":"closed","ping_status":"closed","template":"","meta":{"footnotes":""},"class_list":["post-63","page","type-page","status-publish","hentry"],"_links":{"self":[{"href":"https:\/\/www.unioviedo.es\/ciderom\/index.php\/wp-json\/wp\/v2\/pages\/63","targetHints":{"allow":["GET"]}}],"collection":[{"href":"https:\/\/www.unioviedo.es\/ciderom\/index.php\/wp-json\/wp\/v2\/pages"}],"about":[{"href":"https:\/\/www.unioviedo.es\/ciderom\/index.php\/wp-json\/wp\/v2\/types\/page"}],"author":[{"embeddable":true,"href":"https:\/\/www.unioviedo.es\/ciderom\/index.php\/wp-json\/wp\/v2\/users\/1"}],"replies":[{"embeddable":true,"href":"https:\/\/www.unioviedo.es\/ciderom\/index.php\/wp-json\/wp\/v2\/comments?post=63"}],"version-history":[{"count":17,"href":"https:\/\/www.unioviedo.es\/ciderom\/index.php\/wp-json\/wp\/v2\/pages\/63\/revisions"}],"predecessor-version":[{"id":422,"href":"https:\/\/www.unioviedo.es\/ciderom\/index.php\/wp-json\/wp\/v2\/pages\/63\/revisions\/422"}],"wp:attachment":[{"href":"https:\/\/www.unioviedo.es\/ciderom\/index.php\/wp-json\/wp\/v2\/media?parent=63"}],"curies":[{"name":"wp","href":"https:\/\/api.w.org\/{rel}","templated":true}]}}