{"id":174,"date":"2025-06-09T16:48:31","date_gmt":"2025-06-09T14:48:31","guid":{"rendered":"https:\/\/www.unioviedo.es\/cijiet.teatrales\/?page_id=174"},"modified":"2025-09-18T13:54:14","modified_gmt":"2025-09-18T11:54:14","slug":"comite-organizador-2","status":"publish","type":"page","link":"https:\/\/www.unioviedo.es\/cijiet.teatrales\/index.php\/comite-organizador-2\/","title":{"rendered":"Comit\u00e9 Organizador"},"content":{"rendered":"\n<div class=\"wp-block-columns is-layout-flex wp-container-core-columns-is-layout-28f84493 wp-block-columns-is-layout-flex\">\n<div class=\"wp-block-column is-layout-flow wp-block-column-is-layout-flow\"><h3 class=\"wp-block-heading\" id=\"presidencia\">Presidencia<\/h3>\n<\/div>\n\n\n\n<div class=\"wp-block-column is-layout-flow wp-block-column-is-layout-flow\"><h3 class=\"wp-block-heading\" id=\"secretaria\">Secretaria<\/h3>\n<\/div>\n\n\n\n<div class=\"wp-block-column is-layout-flow wp-block-column-is-layout-flow\"><h3 class=\"wp-block-heading\" id=\"vocalia\">Vocal&iacute;a<\/h3>\n<\/div>\n<\/div>\n\n\n\n<div class=\"wp-block-columns is-layout-flex wp-container-core-columns-is-layout-28f84493 wp-block-columns-is-layout-flex\">\n<div class=\"wp-block-column is-layout-flow wp-block-column-is-layout-flow\">\n<div class=\"wp-block-columns is-layout-flex wp-container-core-columns-is-layout-28f84493 wp-block-columns-is-layout-flex\">\n<div class=\"wp-block-column is-layout-flow wp-block-column-is-layout-flow\" style=\"flex-basis:100%\">\n<div class=\"wp-block-columns is-layout-flex wp-container-core-columns-is-layout-28f84493 wp-block-columns-is-layout-flex\">\n<div class=\"wp-block-column is-layout-flow wp-block-column-is-layout-flow\">\n<p>Emila Mar\u00eda Dur\u00e1n Almarza (U. Oviedo)<\/p>\n\n\n\n<p>Elena Igartuburu Garc\u00eda (U. Oviedo)<\/p>\n\n\n\n<p>Paola Prieto L\u00f3pez         (U. Oviedo)<\/p>\n<\/div>\n<\/div>\n<\/div>\n<\/div>\n<\/div>\n\n\n\n<div class=\"wp-block-column is-layout-flow wp-block-column-is-layout-flow\">\n<p>Cristina Ria\u00f1o Alonso    (U. Oviedo)<\/p>\n<\/div>\n\n\n\n<div class=\"wp-block-column is-layout-flow wp-block-column-is-layout-flow\">\n<p>Izan Garc\u00eda Baumbach (UCM)<\/p>\n\n\n\n<p>Luis Gracia Gaspar (UAH)<\/p>\n\n\n\n<p>Alba Gonz\u00e1lez Sanz       (U. Oviedo)<\/p>\n\n\n\n<p>Zuz\u00e9l L\u00f3pez B\u00e1zquez    (U. Oviedo)<\/p>\n\n\n\n<p>Dami\u00e1n S\u00e1nchez Montesdeoca\u00a0(U. Castilla-La Mancha)<\/p>\n<\/div>\n<\/div>\n\n\n\n<p><\/p>\n","protected":false},"excerpt":{"rendered":"<p>Presidencia Secretaria Vocal&iacute;a Emila Mar\u00eda Dur\u00e1n Almarza (U. Oviedo) Elena Igartuburu Garc\u00eda (U. Oviedo) Paola Prieto L\u00f3pez (U. Oviedo) Cristina Ria\u00f1o Alonso (U. Oviedo) Izan Garc\u00eda Baumbach (UCM) Luis Gracia Gaspar (UAH) Alba Gonz\u00e1lez Sanz (U. Oviedo) Zuz\u00e9l L\u00f3pez B\u00e1zquez (U. Oviedo) Dami\u00e1n S\u00e1nchez Montesdeoca\u00a0(U. Castilla-La Mancha)<\/p>\n","protected":false},"author":1,"featured_media":0,"parent":0,"menu_order":0,"comment_status":"closed","ping_status":"closed","template":"","meta":{"footnotes":""},"class_list":["post-174","page","type-page","status-publish","hentry"],"_links":{"self":[{"href":"https:\/\/www.unioviedo.es\/cijiet.teatrales\/index.php\/wp-json\/wp\/v2\/pages\/174","targetHints":{"allow":["GET"]}}],"collection":[{"href":"https:\/\/www.unioviedo.es\/cijiet.teatrales\/index.php\/wp-json\/wp\/v2\/pages"}],"about":[{"href":"https:\/\/www.unioviedo.es\/cijiet.teatrales\/index.php\/wp-json\/wp\/v2\/types\/page"}],"author":[{"embeddable":true,"href":"https:\/\/www.unioviedo.es\/cijiet.teatrales\/index.php\/wp-json\/wp\/v2\/users\/1"}],"replies":[{"embeddable":true,"href":"https:\/\/www.unioviedo.es\/cijiet.teatrales\/index.php\/wp-json\/wp\/v2\/comments?post=174"}],"version-history":[{"count":2,"href":"https:\/\/www.unioviedo.es\/cijiet.teatrales\/index.php\/wp-json\/wp\/v2\/pages\/174\/revisions"}],"predecessor-version":[{"id":315,"href":"https:\/\/www.unioviedo.es\/cijiet.teatrales\/index.php\/wp-json\/wp\/v2\/pages\/174\/revisions\/315"}],"wp:attachment":[{"href":"https:\/\/www.unioviedo.es\/cijiet.teatrales\/index.php\/wp-json\/wp\/v2\/media?parent=174"}],"curies":[{"name":"wp","href":"https:\/\/api.w.org\/{rel}","templated":true}]}}