{"id":247,"date":"2025-07-22T14:10:19","date_gmt":"2025-07-22T12:10:19","guid":{"rendered":"https:\/\/www.unioviedo.es\/cijiet.teatrales\/?page_id=247"},"modified":"2025-07-23T09:55:38","modified_gmt":"2025-07-23T07:55:38","slug":"sugerencias-para-comer-restaurant-suggestions","status":"publish","type":"page","link":"https:\/\/www.unioviedo.es\/cijiet.teatrales\/index.php\/sugerencias-para-comer-restaurant-suggestions\/","title":{"rendered":"Restaurant Suggestions"},"content":{"rendered":"<h2 class=\"wp-block-heading\" id=\"old-town\">Old Town<\/h2>\n\n\n\n<details class=\"wp-block-details is-layout-flow wp-block-details-is-layout-flow\"><summary><strong>La Gran Taberna<\/strong> <\/summary>\n<p>\u20ac\u20ac &#8211; \u20ac\u20ac\u20ac<\/p>\n\n\n\n<p>Traditional local food<\/p>\n\n\n\n<p>Daily special menu: 12 \u20ac<\/p>\n\n\n\n<p>Address: \u00c1guila 5<\/p>\n\n\n\n<p>Phone number: (+34) 985 22 00 06<\/p>\n\n\n\n<p>Walking distance: 14 min.<\/p>\n<\/details>\n\n\n\n<details class=\"wp-block-details is-layout-flow wp-block-details-is-layout-flow\"><summary><strong>La Genuina<\/strong> <\/summary>\n<p>\u20ac\u20ac &#8211; \u20ac\u20ac\u20ac<\/p>\n\n\n\n<p>Rice and tapas, vegetarian<\/p>\n\n\n\n<p>Address: Cimadevilla 2<\/p>\n\n\n\n<p>Phone number: (+34) 985 21 36 06<\/p>\n\n\n\n<p>Walking distance: 18 min.<\/p>\n<\/details>\n\n\n\n<details class=\"wp-block-details is-layout-flow wp-block-details-is-layout-flow\"><summary><strong>Ca Suso <\/strong><\/summary>\n<p>\u20ac\u20ac\u20ac\u20ac<\/p>\n\n\n\n<p>Traditional local food<\/p>\n\n\n\n<p>Address: Marqu\u00e9s de Gasta\u00f1aga 10<\/p>\n\n\n\n<p>Phone number: (+34) 985 22 82 32<\/p>\n\n\n\n<p>Walking distance: 21 min.<\/p>\n<\/details>\n\n\n\n<details class=\"wp-block-details is-layout-flow wp-block-details-is-layout-flow\"><summary><strong>MAUS Food &amp; Drinks<\/strong><\/summary>\n<p>\u20ac<\/p>\n\n\n\n<p>Vegetarian, tapas and more<\/p>\n\n\n\n<p>Address: San Jos\u00e9 16<\/p>\n\n\n\n<p>Phone number: (+34) 985 08 84 41<\/p>\n\n\n\n<p>Walking distance: 18 min.<\/p>\n<\/details>\n\n\n\n<details class=\"wp-block-details is-layout-flow wp-block-details-is-layout-flow\"><summary><strong>La Corte de Pelayo<\/strong> <\/summary>\n<p>\u20ac\u20ac &#8211; \u20ac\u20ac\u20ac<\/p>\n\n\n\n<p>Traditional local food, vegetarian<\/p>\n\n\n\n<p>Address: San Francisco 21<\/p>\n\n\n\n<p>Phone number: (+34) 985 21 31 45<\/p>\n\n\n\n<p>Walking distance: 15 min.<\/p>\n<\/details>\n\n\n\n<details class=\"wp-block-details is-layout-flow wp-block-details-is-layout-flow\"><summary><strong>El Patio de los Naranjos<\/strong> <\/summary>\n<p>\u20ac\u20ac &#8211; \u20ac\u20ac\u20ac<\/p>\n\n\n\n<p>Traditional local food<\/p>\n\n\n\n<p>Address: Jovellanos 4<\/p>\n\n\n\n<p>Phone number: +34 985 22 79 09<\/p>\n\n\n\n<p><\/p>\n\n\n\n<p>Walking distance: 12 min.<\/p>\n<\/details>\n\n\n\n<details class=\"wp-block-details is-layout-flow wp-block-details-is-layout-flow\"><summary><strong>Asador de Aranda <\/strong><\/summary>\n<p>\u20ac\u20ac &#8211; \u20ac\u20ac\u20ac<\/p>\n\n\n\n<p>Grill &amp; tapas<\/p>\n\n\n\n<p>Address: Jovellanos 19<\/p>\n\n\n\n<p>Phone number: (+34) 985 21 32 90<\/p>\n\n\n\n<p>Walking distance: 11 min.<\/p>\n<\/details>\n\n\n\n<details class=\"wp-block-details is-layout-flow wp-block-details-is-layout-flow\"><summary><strong>El Llar de la Catedral<\/strong> <\/summary>\n<p>\u20ac\u20ac &#8211; \u20ac\u20ac\u20ac<\/p>\n\n\n\n<p>Traditional local food<\/p>\n\n\n\n<p>Address: Alfonso II el Casto 8<\/p>\n\n\n\n<p>Phone number: 984 10 42 70<\/p>\n\n\n\n<p>Walking distance: 15 min.<\/p>\n<\/details>\n\n\n\n<details class=\"wp-block-details is-layout-flow wp-block-details-is-layout-flow\"><summary><strong>La Raposa<\/strong> <\/summary>\n<p>\u20ac<\/p>\n\n\n\n<p>Vegan and gluten-free hamburgers<\/p>\n\n\n\n<p>Address: Carpio 8, 33009 Uvi\u00e9u, Asturies<\/p>\n\n\n\n<p>Phone number: (+34) 985 021 045<\/p>\n\n\n\n<p>Walking distance: 21 min.<\/p>\n<\/details>\n\n\n\n<details class=\"wp-block-details is-layout-flow wp-block-details-is-layout-flow\"><summary><strong>Meraki<\/strong> <\/summary>\n<p>\u20ac-\u20ac\u20ac<\/p>\n\n\n\n<p>Mediterranean cuisine, vegetarian<\/p>\n\n\n\n<p>Address: Plaza del Paraguas, 33009 Oviedo.<\/p>\n\n\n\n<p>Phone number: (+34) 984 39 30 44<\/p>\n\n\n\n<p>Walking distance: 18 min.<\/p>\n<\/details>\n\n\n\n<details class=\"wp-block-details is-layout-flow wp-block-details-is-layout-flow\"><summary><strong>El Loco del Pelo Rojo <\/strong><\/summary>\n<p>\u20ac\u20ac &#8211; \u20ac\u20ac\u20ac<\/p>\n\n\n\n<p>Modern cuisine<\/p>\n\n\n\n<p>Address: Fruela 3<\/p>\n\n\n\n<p>Phone number: (+34) 985 20 81 20<\/p>\n\n\n\n<p>Walking distance: 20 min.<\/p>\n<\/details>\n\n\n<h2 class=\"wp-block-heading\" id=\"university-area\">University Area<\/h2>\n\n\n\n<details class=\"wp-block-details is-layout-flow wp-block-details-is-layout-flow\"><summary><strong>Casa Silo<\/strong> <\/summary>\n<p>\u20ac &#8211; \u20ac\u20ac<\/p>\n\n\n\n<p>Traditional local and Spanish food<\/p>\n\n\n\n<p>Address: Emilio Alarcos Llorach 4<\/p>\n\n\n\n<p>Phone number: (+34) 661 17 05 21<\/p>\n\n\n\n<p>Walking distance: 3 min.<\/p>\n<\/details>\n\n\n\n<details class=\"wp-block-details is-layout-flow wp-block-details-is-layout-flow\"><summary><strong>Green Republic<\/strong> <\/summary>\n<p>\u20ac<\/p>\n\n\n\n<p>Breakfast, sandwiches, meal combo<\/p>\n\n\n\n<p>Daily special menu: 9 \u20ac<\/p>\n\n\n\n<p>Address: Ildefonso S\u00e1nchez del R\u00edo 14<\/p>\n\n\n\n<p>Phone number: (+34) 684 62 14 42<\/p>\n\n\n\n<p>Walking distance: 2 min.<\/p>\n<\/details>\n\n\n\n<details class=\"wp-block-details is-layout-flow wp-block-details-is-layout-flow\"><summary><strong>Flandes <\/strong><\/summary>\n<p>\u20ac\u20ac &#8211; \u20ac\u20ac\u20ac<\/p>\n\n\n\n<p>Traditional local food, vegetarian<\/p>\n\n\n\n<p>Daily special menu: 8.50 \u20ac<\/p>\n\n\n\n<p>Address: Joaqu\u00edn Vaquero Palacios 1<\/p>\n\n\n\n<p>Phone number: (+34) 985 73 75 38<\/p>\n\n\n\n<p>Walking distance: 5 min.<\/p>\n<\/details>\n\n\n\n<details class=\"wp-block-details is-layout-flow wp-block-details-is-layout-flow\"><summary><strong>Sidrer\u00eda Mes\u00f3n El Monta\u00f1\u00e9s <\/strong><\/summary>\n<p>\u20ac\u20ac &#8211; \u20ac\u20ac\u20ac<\/p>\n\n\n\n<p>Traditional local food<\/p>\n\n\n\n<p>Address: Isla de Cuba 8<\/p>\n\n\n\n<p>Phone number: (+34) 984 28 50 37<\/p>\n\n\n\n<p>Walking distance: 3 min.<\/p>\n<\/details>\n\n\n\n<details class=\"wp-block-details is-layout-flow wp-block-details-is-layout-flow\"><summary><strong>Antares <\/strong><\/summary>\n<p>\u20ac &#8211; \u20ac\u20ac<\/p>\n\n\n\n<p>Tapas, sandwiches, hamburgers, salads<\/p>\n\n\n\n<p>Address: Murillo 1<\/p>\n\n\n\n<p>Phone number: (+34) 607 01 19 71<\/p>\n\n\n\n<p>Walking distance: 3 min.<\/p>\n<\/details>\n\n\n\n<details class=\"wp-block-details is-layout-flow wp-block-details-is-layout-flow\"><summary><strong>El Bodeg\u00f3n de Teatinos<\/strong> <\/summary>\n<p>\u20ac\u20ac &#8211; \u20ac\u20ac\u20ac<\/p>\n\n\n\n<p>Traditional local food and tapas, vegetarian<\/p>\n\n\n\n<p>Daily special menu: 11 \u20ac<\/p>\n\n\n\n<p>Address: Puerto San Isidro 17<\/p>\n\n\n\n<p>Phone number: (+34) 985 28 00 74<\/p>\n\n\n\n<p>Walking distance: 9 min.<\/p>\n<\/details>\n\n\n\n<details class=\"wp-block-details is-layout-flow wp-block-details-is-layout-flow\"><summary><strong>Taberna Salcedo<\/strong> <\/summary>\n<p>\u20ac\u20ac &#8211; \u20ac\u20ac\u20ac<\/p>\n\n\n\n<p>Traditional local food, tapas, vegetarian<\/p>\n\n\n\n<p>Special daily menu: 11 \u20ac<\/p>\n\n\n\n<p>Address: Berm\u00fadez de Castro 38<\/p>\n\n\n\n<p>Phone number: (+34) 984 28 37 49<\/p>\n\n\n\n<p>Walking distance: 7 min.<\/p>\n<\/details>\n\n\n\n<details class=\"wp-block-details is-layout-flow wp-block-details-is-layout-flow\"><summary><strong>Domino&#8217;s Pizza<\/strong> <\/summary>\n<p>\u20ac<\/p>\n\n\n\n<p>Pizza, vegetarian options<\/p>\n\n\n\n<p>Address: Fernando Vela 16<\/p>\n\n\n\n<p>Phone number: (+34) 985 08 10 10<\/p>\n\n\n\n<p>Walking distance: 4 min.<\/p>\n<\/details>\n\n\n\n<details class=\"wp-block-details is-layout-flow wp-block-details-is-layout-flow\"><summary><strong>Actitud Positiva<\/strong> <\/summary>\n<p>\u20ac &#8211; \u20ac\u20ac<\/p>\n\n\n\n<p>Tapas, hamburgers, sandwiches<\/p>\n\n\n\n<p>Address: Ildefonso S\u00e1nchez del R\u00edo 10<\/p>\n\n\n\n<p>Phone number: (+34) 985 29 85 08<\/p>\n\n\n\n<p>Walking distance: 3 min.<\/p>\n<\/details>\n\n\n\n<details class=\"wp-block-details is-layout-flow wp-block-details-is-layout-flow\"><summary><strong>El Manglar<\/strong> <\/summary>\n<p>\u20ac &#8211; \u20ac\u20ac<\/p>\n\n\n\n<p>Vegetarian, tapas, hamburgers<\/p>\n\n\n\n<p>Address: Mart\u00ednez Vigil 14<\/p>\n\n\n\n<p>Phone number: (+34) 984 06 26 99<\/p>\n\n\n\n<p>Walking distance: 11 min.<\/p>\n<\/details>\n\n\n\n<p><\/p>\n\n\n<h2 class=\"wp-block-heading\" id=\"plaza-america-and-city-centre\">Plaza Am&eacute;rica and City Centre<\/h2>\n\n\n\n<details class=\"wp-block-details is-layout-flow wp-block-details-is-layout-flow\"><summary><strong>Do\u00f1a Concha<\/strong> <\/summary>\n<p>\u20ac\u20ac &#8211; \u20ac\u20ac\u20ac<\/p>\n\n\n\n<p>Fusion cuisine<\/p>\n\n\n\n<p>Address: Avenida de Galicia 14<\/p>\n\n\n\n<p>Phone number: (+34) 985 13 96 82<\/p>\n\n\n\n<p>Walking distance: 25 min.<\/p>\n<\/details>\n\n\n\n<details class=\"wp-block-details is-layout-flow wp-block-details-is-layout-flow\"><summary><strong>La Oveja Negra Parrilla<\/strong><\/summary>\n<p>\u20ac\u20ac &#8211; \u20ac\u20ac\u20ac<\/p>\n\n\n\n<p>Traditional local food, vegetarian<\/p>\n\n\n\n<p>Address: Avenida de Galicia 24<\/p>\n\n\n\n<p>Phone number: (+34) 984 28 19 17<\/p>\n\n\n\n<p>Walking distance: 25 min.<\/p>\n<\/details>\n\n\n\n<details class=\"wp-block-details is-layout-flow wp-block-details-is-layout-flow\"><summary><strong>Gloria by Nacho Manzano<\/strong><\/summary>\n<p>\u20ac\u20ac &#8211; \u20ac\u20ac\u20ac<\/p>\n\n\n\n<p>Tapas, modern cuisine<\/p>\n\n\n\n<p>Address: Cervantes 24<\/p>\n\n\n\n<p>Phone number: (+34) 984 83 42 43<\/p>\n\n\n\n<p>Walking distance: 23 min.<\/p>\n<\/details>\n\n\n\n<details class=\"wp-block-details is-layout-flow wp-block-details-is-layout-flow\"><summary><strong>Quemedas<\/strong> <\/summary>\n<p>\u20ac &#8211; \u20ac\u20ac<\/p>\n\n\n\n<p>Vegetarian, sandwiches, hamburgers and more<\/p>\n\n\n\n<p>Address: Marqu\u00e9s de Pidal, 18<\/p>\n\n\n\n<p>Phone number: (+34) 985 08 89 07<\/p>\n\n\n\n<p>Walking distance: 19 min.<\/p>\n<\/details>\n\n\n\n<details class=\"wp-block-details is-layout-flow wp-block-details-is-layout-flow\"><summary><strong>Mes\u00f3n Casa Pedro<\/strong><\/summary>\n<p>\u20ac\u20ac &#8211; \u20ac\u20ac\u20ac<\/p>\n\n\n\n<p>Traditional local food<\/p>\n\n\n\n<p>Address: Asturias 39<\/p>\n\n\n\n<p>Phone number: (+34) 985 24 39 59<\/p>\n\n\n\n<p>Walking distance: 21 min.<\/p>\n<\/details>\n\n\n\n<p><\/p>\n\n\n<h2 class=\"wp-block-heading\" id=\"wine-quartier\">Wine Quartier<\/h2>\n\n\n\n<details class=\"wp-block-details is-layout-flow wp-block-details-is-layout-flow\"><summary><strong>La Lola<\/strong> <\/summary>\n<p>\u20ac &#8211; \u20ac\u20ac<\/p>\n\n\n\n<p>Tapas, vegetarian<\/p>\n\n\n\n<p>Address: Manuel Pedregal 6<\/p>\n\n\n\n<p>Phone number: (+34) 984 28 45 49<\/p>\n\n\n\n<p>Walking distance: 15 min.<\/p>\n<\/details>\n\n\n\n<details class=\"wp-block-details is-layout-flow wp-block-details-is-layout-flow\"><summary><strong>Bioko<\/strong><\/summary>\n<p>\u20ac\u20ac &#8211; \u20ac\u20ac\u20ac<\/p>\n\n\n\n<p>Modern Cuisine<\/p>\n\n\n\n<p>Address: Manuel Pedregal 11<\/p>\n\n\n\n<p>Phone Number: (+34) 984 29 37 94<\/p>\n\n\n\n<p>Walking distance: 16 min.<\/p>\n<\/details>\n\n\n\n<p><\/p>\n\n\n<h2 class=\"wp-block-heading\" id=\"gascona-cider-boulevard\">Gascona \u00abCider Boulevard\u00bb<\/h2>\n\n\n\n<details class=\"wp-block-details is-layout-flow wp-block-details-is-layout-flow\"><summary><strong>Tierra Astur<\/strong><\/summary>\n<p>\u20ac\u20ac &#8211; \u20ac\u20ac\u20ac<\/p>\n\n\n\n<p>Traditional local food<\/p>\n\n\n\n<p>Address: Gascona 1 and Gascona 9<\/p>\n\n\n\n<p>Phone number: (+34) 985 20 25 02<\/p>\n\n\n\n<p>Walking distance: 11 min.<\/p>\n<\/details>\n\n\n\n<details class=\"wp-block-details is-layout-flow wp-block-details-is-layout-flow\"><summary><strong>La Finca<\/strong><\/summary>\n<p>\u20ac\u20ac &#8211; \u20ac\u20ac\u20ac<\/p>\n\n\n\n<p>Traditional local food<\/p>\n\n\n\n<p>Special daily menu: Asturian menu 18,5 \u20ac. Menu for two: 38 \u20ac<\/p>\n\n\n\n<p>Address: Gascona 4<\/p>\n\n\n\n<p>Tel\u00e9fono: 985 21 82 34<\/p>\n\n\n\n<p>Walking distance: 12 min.<\/p>\n<\/details>\n\n\n\n<details class=\"wp-block-details is-layout-flow wp-block-details-is-layout-flow\"><summary><strong>El Bosque<\/strong> <\/summary>\n<p>\u20ac\u20ac &#8211; \u20ac\u20ac\u20ac<\/p>\n\n\n\n<p>Traditional local food<\/p>\n\n\n\n<p>Address: V\u00edctor Ch\u00e1varri 7<\/p>\n\n\n\n<p>Phone number (+34) 985 21 99 95<\/p>\n\n\n\n<p>Walking distance: 10 min.<\/p>\n<\/details>\n\n\n\n<details class=\"wp-block-details is-layout-flow wp-block-details-is-layout-flow\"><summary><strong>La Pumarada <\/strong><\/summary>\n<p>\u20ac\u20ac &#8211; \u20ac\u20ac\u20ac<\/p>\n\n\n\n<p>Traditional local food<\/p>\n\n\n\n<p>Address: Gascona 8<\/p>\n\n\n\n<p>Phone number: (+34) 985 20 02 79<\/p>\n\n\n\n<p>Walking distance: 10 min.<\/p>\n<\/details>\n\n\n\n<details class=\"wp-block-details is-layout-flow wp-block-details-is-layout-flow\"><summary><strong>Pizzeria Mondello<\/strong><\/summary>\n<p>\u20ac &#8211; \u20ac\u20ac<\/p>\n\n\n\n<p>Italian food<\/p>\n\n\n\n<p>Address: Alfonso III el Magno 11<\/p>\n\n\n\n<p>Phone number: (+34) 984 04 51 77<\/p>\n\n\n\n<p>Walking distance: 11 min.<\/p>\n<\/details>\n","protected":false},"excerpt":{"rendered":"<p>Old Town University Area Plaza Am&eacute;rica and City Centre Wine Quartier Gascona \u00abCider Boulevard\u00bb<\/p>\n","protected":false},"author":1,"featured_media":0,"parent":0,"menu_order":0,"comment_status":"closed","ping_status":"closed","template":"","meta":{"footnotes":""},"class_list":["post-247","page","type-page","status-publish","hentry"],"_links":{"self":[{"href":"https:\/\/www.unioviedo.es\/cijiet.teatrales\/index.php\/wp-json\/wp\/v2\/pages\/247","targetHints":{"allow":["GET"]}}],"collection":[{"href":"https:\/\/www.unioviedo.es\/cijiet.teatrales\/index.php\/wp-json\/wp\/v2\/pages"}],"about":[{"href":"https:\/\/www.unioviedo.es\/cijiet.teatrales\/index.php\/wp-json\/wp\/v2\/types\/page"}],"author":[{"embeddable":true,"href":"https:\/\/www.unioviedo.es\/cijiet.teatrales\/index.php\/wp-json\/wp\/v2\/users\/1"}],"replies":[{"embeddable":true,"href":"https:\/\/www.unioviedo.es\/cijiet.teatrales\/index.php\/wp-json\/wp\/v2\/comments?post=247"}],"version-history":[{"count":11,"href":"https:\/\/www.unioviedo.es\/cijiet.teatrales\/index.php\/wp-json\/wp\/v2\/pages\/247\/revisions"}],"predecessor-version":[{"id":266,"href":"https:\/\/www.unioviedo.es\/cijiet.teatrales\/index.php\/wp-json\/wp\/v2\/pages\/247\/revisions\/266"}],"wp:attachment":[{"href":"https:\/\/www.unioviedo.es\/cijiet.teatrales\/index.php\/wp-json\/wp\/v2\/media?parent=247"}],"curies":[{"name":"wp","href":"https:\/\/api.w.org\/{rel}","templated":true}]}}