{"id":263,"date":"2025-07-23T09:49:29","date_gmt":"2025-07-23T07:49:29","guid":{"rendered":"https:\/\/www.unioviedo.es\/cijiet.teatrales\/?page_id=263"},"modified":"2025-07-23T09:49:29","modified_gmt":"2025-07-23T07:49:29","slug":"sugerencias-para-comer","status":"publish","type":"page","link":"https:\/\/www.unioviedo.es\/cijiet.teatrales\/index.php\/sugerencias-para-comer\/","title":{"rendered":"Sugerencias para comer"},"content":{"rendered":"<h2 class=\"wp-block-heading\" id=\"casco-antiguo\">Casco antiguo<\/h2>\n\n\n\n<details class=\"wp-block-details is-layout-flow wp-block-details-is-layout-flow\"><summary><strong>La Gran Taberna<\/strong> <\/summary>\n<p>\u20ac\u20ac &#8211; \u20ac\u20ac\u20ac<\/p>\n\n\n\n<p>Comida tradicional<\/p>\n\n\n\n<p>Men\u00fa del d\u00eda: 12 \u20ac<\/p>\n\n\n\n<p>Direcci\u00f3n: \u00c1guila 5<\/p>\n\n\n\n<p>Tel\u00e9fono: (+34) 985 22 00 06<\/p>\n\n\n\n<p>Distancia caminando: 14 min.<\/p>\n<\/details>\n\n\n\n<details class=\"wp-block-details is-layout-flow wp-block-details-is-layout-flow\"><summary><strong>La Genuina<\/strong> <\/summary>\n<p>\u20ac\u20ac &#8211; \u20ac\u20ac\u20ac<\/p>\n\n\n\n<p>Arroz y tapas, vegetariano<\/p>\n\n\n\n<p>Direcci\u00f3n: Cimadevilla 2<\/p>\n\n\n\n<p>Tel\u00e9fono: (+34) 985 21 36 06<\/p>\n\n\n\n<p>Distancia caminando: 18 min.<\/p>\n<\/details>\n\n\n\n<details class=\"wp-block-details is-layout-flow wp-block-details-is-layout-flow\"><summary><strong>Ca Suso <\/strong><\/summary>\n<p>\u20ac\u20ac\u20ac\u20ac<\/p>\n\n\n\n<p>Comida tradicional<\/p>\n\n\n\n<p>Direcci\u00f3n: Marqu\u00e9s de Gasta\u00f1aga 10<\/p>\n\n\n\n<p>Tel\u00e9fono: (+34) 985 22 82 32<\/p>\n\n\n\n<p>Distancia caminando: 21 min.<\/p>\n<\/details>\n\n\n\n<details class=\"wp-block-details is-layout-flow wp-block-details-is-layout-flow\"><summary><strong>MAUS Food &amp; Drinks<\/strong><\/summary>\n<p>\u20ac<\/p>\n\n\n\n<p>Vegetariano, tapas y m\u00e1s<\/p>\n\n\n\n<p>Direcci\u00f3n: San Jos\u00e9 16<\/p>\n\n\n\n<p>Tel\u00e9fono: (+34) 985 08 84 41<\/p>\n\n\n\n<p>Distancia caminando: 18 min.<\/p>\n<\/details>\n\n\n\n<details class=\"wp-block-details is-layout-flow wp-block-details-is-layout-flow\"><summary><strong>La Corte de Pelayo<\/strong> <\/summary>\n<p>\u20ac\u20ac &#8211; \u20ac\u20ac\u20ac<\/p>\n\n\n\n<p>Comida tradicional, vegetariano<\/p>\n\n\n\n<p>Direcci\u00f3n: San Francisco 21<\/p>\n\n\n\n<p>Tel\u00e9fono: (+34) 985 21 31 45<\/p>\n\n\n\n<p>Distancia caminando: 15 min.<\/p>\n<\/details>\n\n\n\n<details class=\"wp-block-details is-layout-flow wp-block-details-is-layout-flow\"><summary><strong>El Patio de los Naranjos<\/strong> <\/summary>\n<p>\u20ac\u20ac &#8211; \u20ac\u20ac\u20ac<\/p>\n\n\n\n<p>Comida tradicional<\/p>\n\n\n\n<p>Direcci\u00f3n: Jovellanos 4<\/p>\n\n\n\n<p>Tel\u00e9fono: +34 985 22 79 09<\/p>\n\n\n\n<p>Distancia caminando: 12 min.<\/p>\n<\/details>\n\n\n\n<details class=\"wp-block-details is-layout-flow wp-block-details-is-layout-flow\"><summary><strong>Asador de Aranda <\/strong><\/summary>\n<p>\u20ac\u20ac &#8211; \u20ac\u20ac\u20ac<\/p>\n\n\n\n<p>Tapas y parrilla<\/p>\n\n\n\n<p>Direcci\u00f3n: Jovellanos 19<\/p>\n\n\n\n<p>Tel\u00e9fono: (+34) 985 21 32 90<\/p>\n\n\n\n<p>Distancia caminando: 11 min.<\/p>\n<\/details>\n\n\n\n<details class=\"wp-block-details is-layout-flow wp-block-details-is-layout-flow\"><summary><strong>El Llar de la Catedral<\/strong> <\/summary>\n<p>\u20ac\u20ac &#8211; \u20ac\u20ac\u20ac<\/p>\n\n\n\n<p>Comida tradicional<\/p>\n\n\n\n<p>Direcci\u00f3n: Alfonso II el Casto 8<\/p>\n\n\n\n<p>Tel\u00e9fono: 984 10 42 70<\/p>\n\n\n\n<p>Distancia caminando: 15 min.<\/p>\n<\/details>\n\n\n\n<details class=\"wp-block-details is-layout-flow wp-block-details-is-layout-flow\"><summary><strong>La Raposa<\/strong> <\/summary>\n<p>\u20ac<\/p>\n\n\n\n<p>Hamburguesas veganas y sin gluten<\/p>\n\n\n\n<p>Direcci\u00f3n: Carpio 8, 33009 Uvi\u00e9u, Asturies<\/p>\n\n\n\n<p>Tel\u00e9fono: (+34) 985 021 045<\/p>\n\n\n\n<p>Distancia caminando: 21 min.<\/p>\n<\/details>\n\n\n\n<details class=\"wp-block-details is-layout-flow wp-block-details-is-layout-flow\"><summary><strong>Meraki<\/strong> <\/summary>\n<p>\u20ac-\u20ac\u20ac<\/p>\n\n\n\n<p>Cocina mediterr\u00e1nea, vegetariana<\/p>\n\n\n\n<p>Direcci\u00f3n: Plaza del Paraguas, 33009 Oviedo.<\/p>\n\n\n\n<p>Tel\u00e9fono: (+34) 984 39 30 44<\/p>\n\n\n\n<p>Distancia caminando: 18 min.<\/p>\n<\/details>\n\n\n\n<details class=\"wp-block-details is-layout-flow wp-block-details-is-layout-flow\"><summary><strong>El Loco del Pelo Rojo <\/strong><\/summary>\n<p>\u20ac\u20ac &#8211; \u20ac\u20ac\u20ac<\/p>\n\n\n\n<p>Cocina moderna<\/p>\n\n\n\n<p>Direcci\u00f3n: Fruela 3<\/p>\n\n\n\n<p>Tel\u00e9fono: (+34) 985 20 81 20<\/p>\n\n\n\n<p>Distancia caminando: 20 min.<\/p>\n<\/details>\n\n\n<h2 class=\"wp-block-heading\" id=\"alrededores-de-la-universidad\">Alrededores de la Universidad<\/h2>\n\n\n\n<details class=\"wp-block-details is-layout-flow wp-block-details-is-layout-flow\"><summary><strong>Casa Silo<\/strong> <\/summary>\n<p>\u20ac &#8211; \u20ac\u20ac<\/p>\n\n\n\n<p>Comida tradicional<\/p>\n\n\n\n<p>Direcci\u00f3n: Emilio Alarcos Llorach 4<\/p>\n\n\n\n<p>Tel\u00e9fono: (+34) 661 17 05 21<\/p>\n\n\n\n<p>Distancia caminando: 3 min.<\/p>\n<\/details>\n\n\n\n<details class=\"wp-block-details is-layout-flow wp-block-details-is-layout-flow\"><summary><strong>Green Republic<\/strong> <\/summary>\n<p>\u20ac<\/p>\n\n\n\n<p>Desayunos, sandwiches<\/p>\n\n\n\n<p>Man\u00fa del d\u00eda: 9 \u20ac<\/p>\n\n\n\n<p>Direcci\u00f3n: Ildefonso S\u00e1nchez del R\u00edo 14<\/p>\n\n\n\n<p>Tel\u00e9fono: (+34) 684 62 14 42<\/p>\n\n\n\n<p>Distancia caminando: 2 min.<\/p>\n<\/details>\n\n\n\n<details class=\"wp-block-details is-layout-flow wp-block-details-is-layout-flow\"><summary><strong>Flandes <\/strong><\/summary>\n<p>\u20ac\u20ac &#8211; \u20ac\u20ac\u20ac<\/p>\n\n\n\n<p>Comida tradicional, vegetariano<\/p>\n\n\n\n<p>Men\u00fa del d\u00eda: 8.50 \u20ac<\/p>\n\n\n\n<p>Direcci\u00f3n: Joaqu\u00edn Vaquero Palacios 1<\/p>\n\n\n\n<p>Tel\u00e9fono: (+34) 985 73 75 38<\/p>\n\n\n\n<p>Distancia caminando: 5 min.<\/p>\n<\/details>\n\n\n\n<details class=\"wp-block-details is-layout-flow wp-block-details-is-layout-flow\"><summary><strong>Sidrer\u00eda Mes\u00f3n El Monta\u00f1\u00e9s <\/strong><\/summary>\n<p>\u20ac\u20ac &#8211; \u20ac\u20ac\u20ac<\/p>\n\n\n\n<p>Comida tradicional<\/p>\n\n\n\n<p>Direcci\u00f3n: Isla de Cuba 8<\/p>\n\n\n\n<p>Tel\u00e9fono: (+34) 984 28 50 37<\/p>\n\n\n\n<p>Distancia caminando: 3 min.<\/p>\n<\/details>\n\n\n\n<details class=\"wp-block-details is-layout-flow wp-block-details-is-layout-flow\"><summary><strong>Antares <\/strong><\/summary>\n<p>\u20ac &#8211; \u20ac\u20ac<\/p>\n\n\n\n<p>Tapas, sandwiches, hamburguesas, ensaladas<\/p>\n\n\n\n<p>Direcci\u00f3n: Murillo 1<\/p>\n\n\n\n<p>Tel\u00e9fono: (+34) 607 01 19 71<\/p>\n\n\n\n<p>Distancia caminando: 3 min.<\/p>\n<\/details>\n\n\n\n<details class=\"wp-block-details is-layout-flow wp-block-details-is-layout-flow\"><summary><strong>El Bodeg\u00f3n de Teatinos<\/strong> <\/summary>\n<p>\u20ac\u20ac &#8211; \u20ac\u20ac\u20ac<\/p>\n\n\n\n<p>Comida tradicional, tapas, vegetariano T<\/p>\n\n\n\n<p>Men\u00fa del d\u00eda: 11 \u20ac<\/p>\n\n\n\n<p>Direcci\u00f3n: Puerto San Isidro 17<\/p>\n\n\n\n<p>Tel\u00e9fono: (+34) 985 28 00 74<\/p>\n\n\n\n<p>Distancia caminando: 9 min.<\/p>\n<\/details>\n\n\n\n<details class=\"wp-block-details is-layout-flow wp-block-details-is-layout-flow\"><summary><strong>Taberna Salcedo<\/strong> <\/summary>\n<p>\u20ac\u20ac &#8211; \u20ac\u20ac\u20ac<\/p>\n\n\n\n<p>Comida tradicional, tapas, vegetariano<\/p>\n\n\n\n<p>Men\u00fa del d\u00eda: 11 \u20ac<\/p>\n\n\n\n<p>Direcci\u00f3n: Berm\u00fadez de Castro 38<\/p>\n\n\n\n<p>Tel\u00e9fono: (+34) 984 28 37 49<\/p>\n\n\n\n<p>Distancia caminando: 7 min.<\/p>\n<\/details>\n\n\n\n<details class=\"wp-block-details is-layout-flow wp-block-details-is-layout-flow\"><summary><strong>Domino&#8217;s Pizza<\/strong> <\/summary>\n<p>\u20ac<\/p>\n\n\n\n<p>Pizza, opciones vegetarianas<\/p>\n\n\n\n<p>Direcci\u00f3n: Fernando Vela 16<\/p>\n\n\n\n<p>Tel\u00e9fono: (+34) 985 08 10 10<\/p>\n\n\n\n<p>Distancia caminando: 4 min.<\/p>\n<\/details>\n\n\n\n<details class=\"wp-block-details is-layout-flow wp-block-details-is-layout-flow\"><summary><strong>El Manglar<\/strong> <\/summary>\n<p>\u20ac &#8211; \u20ac\u20ac<\/p>\n\n\n\n<p>Vegetariano, tapas, hamburguesas<\/p>\n\n\n\n<p>Direcci\u00f3n: Mart\u00ednez Vigil 14<\/p>\n\n\n\n<p>Tel\u00e9fono: (+34) 984 06 26 99<\/p>\n\n\n\n<p>Distancia caminando: 11 min.<\/p>\n<\/details>\n\n\n\n<p><\/p>\n\n\n<h2 class=\"wp-block-heading\" id=\"plaza-america-y-centro-urbano\">Plaza Am&eacute;rica y centro urbano<\/h2>\n\n\n\n<details class=\"wp-block-details is-layout-flow wp-block-details-is-layout-flow\"><summary><strong>Do\u00f1a Concha<\/strong> <\/summary>\n<p>\u20ac\u20ac &#8211; \u20ac\u20ac\u20ac<\/p>\n\n\n\n<p>Cocina fusi\u00f3n<\/p>\n\n\n\n<p>Direcci\u00f3n: Avenida de Galicia 14<\/p>\n\n\n\n<p>Tel\u00e9fono: (+34) 985 13 96 82<\/p>\n\n\n\n<p>Distancia caminando: 25 min.<\/p>\n<\/details>\n\n\n\n<details class=\"wp-block-details is-layout-flow wp-block-details-is-layout-flow\"><summary><strong>La Oveja Negra Parrilla<\/strong><\/summary>\n<p>\u20ac\u20ac &#8211; \u20ac\u20ac\u20ac<\/p>\n\n\n\n<p>Comida tradicional, vegetariano<\/p>\n\n\n\n<p>Direcci\u00f3n: Avenida de Galicia 24<\/p>\n\n\n\n<p>Tel\u00e9fono: (+34) 984 28 19 17<\/p>\n\n\n\n<p>Distancia caminando: 25 min.<\/p>\n<\/details>\n\n\n\n<details class=\"wp-block-details is-layout-flow wp-block-details-is-layout-flow\"><summary><strong>Gloria by Nacho Manzano<\/strong><\/summary>\n<p>\u20ac\u20ac &#8211; \u20ac\u20ac\u20ac<\/p>\n\n\n\n<p>Tapas, cocina moderna<\/p>\n\n\n\n<p>Direcci\u00f3n: Cervantes 24<\/p>\n\n\n\n<p>Tel\u00e9fono: (+34) 984 83 42 43<\/p>\n\n\n\n<p>Distancia caminando: 23 min.<\/p>\n<\/details>\n\n\n\n<details class=\"wp-block-details is-layout-flow wp-block-details-is-layout-flow\"><summary><strong>Quemedas<\/strong> <\/summary>\n<p>\u20ac &#8211; \u20ac\u20ac<\/p>\n\n\n\n<p>Vegetariana, sandwiches, hamburguesas y m\u00e1s<\/p>\n\n\n\n<p>Direcci\u00f3n: Marqu\u00e9s de Pidal, 18<\/p>\n\n\n\n<p>Tel\u00e9fono: (+34) 985 08 89 07<\/p>\n\n\n\n<p>Distancia caminando: 19 min.<\/p>\n<\/details>\n\n\n\n<details class=\"wp-block-details is-layout-flow wp-block-details-is-layout-flow\"><summary><strong>Mes\u00f3n Casa Pedro<\/strong><\/summary>\n<p>\u20ac\u20ac &#8211; \u20ac\u20ac\u20ac<\/p>\n\n\n\n<p>Comida tradicional<\/p>\n\n\n\n<p>Direcci\u00f3n: Asturias 39<\/p>\n\n\n\n<p>Tel\u00e9fono; (+34) 985 24 39 59<\/p>\n\n\n\n<p>Distancia caminando: 21 min.<\/p>\n<\/details>\n\n\n\n<p><\/p>\n\n\n<h2 class=\"wp-block-heading\" id=\"ruta-de-los-vinos\">Ruta de los vinos<\/h2>\n\n\n\n<details class=\"wp-block-details is-layout-flow wp-block-details-is-layout-flow\"><summary><strong>La Lola<\/strong> <\/summary>\n<p>\u20ac &#8211; \u20ac\u20ac<\/p>\n\n\n\n<p>Tapas, vegetariano<\/p>\n\n\n\n<p>Direcci\u00f3n: Manuel Pedregal 6<\/p>\n\n\n\n<p>Tel\u00e9fono: (+34) 984 28 45 49<\/p>\n\n\n\n<p>Distancia caminando: 15 min.<\/p>\n<\/details>\n\n\n\n<details class=\"wp-block-details is-layout-flow wp-block-details-is-layout-flow\"><summary><strong>Bioko<\/strong><\/summary>\n<p>\u20ac\u20ac &#8211; \u20ac\u20ac\u20ac<\/p>\n\n\n\n<p>Cocina moderna<\/p>\n\n\n\n<p>Direcci\u00f3n: Manuel Pedregal 11<\/p>\n\n\n\n<p>Tel\u00e9fono: (+34) 984 29 37 94<\/p>\n\n\n\n<p>Distancia caminando: 16 min.<\/p>\n<\/details>\n\n\n\n<p><\/p>\n\n\n<h2 class=\"wp-block-heading\" id=\"gascona-bulevar-de-la-sidra\">Gascona \u00abBulevar de la sidra\u00bb <\/h2>\n\n\n\n<details class=\"wp-block-details is-layout-flow wp-block-details-is-layout-flow\"><summary><strong>Tierra Astur<\/strong><\/summary>\n<p>\u20ac\u20ac &#8211; \u20ac\u20ac\u20ac<\/p>\n\n\n\n<p>Comida tradicional<\/p>\n\n\n\n<p>Direcci\u00f3n: Gascona 1 and Gascona 9<\/p>\n\n\n\n<p>Tel\u00e9fono: (+34) 985 20 25 02<\/p>\n\n\n\n<p>Distancia caminando: 11 min.<\/p>\n<\/details>\n\n\n\n<details class=\"wp-block-details is-layout-flow wp-block-details-is-layout-flow\"><summary><strong>La Finca<\/strong><\/summary>\n<p>\u20ac\u20ac &#8211; \u20ac\u20ac\u20ac<\/p>\n\n\n\n<p>Comida tradicional<\/p>\n\n\n\n<p>Men\u00fa del d\u00eda: Asturiano 18,5 \u20ac. Para dos: 38 \u20ac<\/p>\n\n\n\n<p>Direcci\u00f3n: Gascona 4<\/p>\n\n\n\n<p>Tel\u00e9fono: (+34) 985 218 234<\/p>\n\n\n\n<p>Distancia caminando: 12 min.<\/p>\n<\/details>\n\n\n\n<details class=\"wp-block-details is-layout-flow wp-block-details-is-layout-flow\"><summary><strong>El Bosque<\/strong> <\/summary>\n<p>\u20ac\u20ac &#8211; \u20ac\u20ac\u20ac<\/p>\n\n\n\n<p>Comida tradicional<\/p>\n\n\n\n<p>Direcci\u00f3n: V\u00edctor Ch\u00e1varri 7<\/p>\n\n\n\n<p>Tel\u00e9fono: (+34) 985 21 99 95<\/p>\n\n\n\n<p>Distancia caminando: 10 min.<\/p>\n<\/details>\n\n\n\n<details class=\"wp-block-details is-layout-flow wp-block-details-is-layout-flow\"><summary><strong>La Pumarada <\/strong><\/summary>\n<p>\u20ac\u20ac &#8211; \u20ac\u20ac\u20ac<\/p>\n\n\n\n<p>Comida tradicional<\/p>\n\n\n\n<p>Direcci\u00f3n: Gascona 8<\/p>\n\n\n\n<p>Tel\u00e9fono: (+34) 985 20 02 79<\/p>\n\n\n\n<p>Distancia caminando: 10 min.<\/p>\n<\/details>\n\n\n\n<details class=\"wp-block-details is-layout-flow wp-block-details-is-layout-flow\"><summary><strong>Pizzeria Mondello<\/strong><\/summary>\n<p>\u20ac &#8211; \u20ac\u20ac<\/p>\n\n\n\n<p>Comida italiana<\/p>\n\n\n\n<p>Direcci\u00f3n: Alfonso III el Magno 11<\/p>\n\n\n\n<p>Tel\u00e9fono: (+34) 984 04 51 77<\/p>\n\n\n\n<p>Distancia caminando: 11 min.<\/p>\n<\/details>\n","protected":false},"excerpt":{"rendered":"<p>Casco antiguo Alrededores de la Universidad Plaza Am&eacute;rica y centro urbano Ruta de los vinos Gascona \u00abBulevar de la sidra\u00bb<\/p>\n","protected":false},"author":1,"featured_media":0,"parent":0,"menu_order":0,"comment_status":"closed","ping_status":"closed","template":"","meta":{"footnotes":""},"class_list":["post-263","page","type-page","status-publish","hentry"],"_links":{"self":[{"href":"https:\/\/www.unioviedo.es\/cijiet.teatrales\/index.php\/wp-json\/wp\/v2\/pages\/263","targetHints":{"allow":["GET"]}}],"collection":[{"href":"https:\/\/www.unioviedo.es\/cijiet.teatrales\/index.php\/wp-json\/wp\/v2\/pages"}],"about":[{"href":"https:\/\/www.unioviedo.es\/cijiet.teatrales\/index.php\/wp-json\/wp\/v2\/types\/page"}],"author":[{"embeddable":true,"href":"https:\/\/www.unioviedo.es\/cijiet.teatrales\/index.php\/wp-json\/wp\/v2\/users\/1"}],"replies":[{"embeddable":true,"href":"https:\/\/www.unioviedo.es\/cijiet.teatrales\/index.php\/wp-json\/wp\/v2\/comments?post=263"}],"version-history":[{"count":1,"href":"https:\/\/www.unioviedo.es\/cijiet.teatrales\/index.php\/wp-json\/wp\/v2\/pages\/263\/revisions"}],"predecessor-version":[{"id":265,"href":"https:\/\/www.unioviedo.es\/cijiet.teatrales\/index.php\/wp-json\/wp\/v2\/pages\/263\/revisions\/265"}],"wp:attachment":[{"href":"https:\/\/www.unioviedo.es\/cijiet.teatrales\/index.php\/wp-json\/wp\/v2\/media?parent=263"}],"curies":[{"name":"wp","href":"https:\/\/api.w.org\/{rel}","templated":true}]}}