{"id":272,"date":"2025-07-28T13:32:39","date_gmt":"2025-07-28T11:32:39","guid":{"rendered":"https:\/\/www.unioviedo.es\/cijiet.teatrales\/?page_id=272"},"modified":"2025-07-28T13:32:39","modified_gmt":"2025-07-28T11:32:39","slug":"revelando-ausencias","status":"publish","type":"page","link":"https:\/\/www.unioviedo.es\/cijiet.teatrales\/index.php\/revelando-ausencias\/","title":{"rendered":"Revelando Ausencias"},"content":{"rendered":"\n<hr class=\"wp-block-separator has-alpha-channel-opacity\"\/>\n\n\n\n<div class=\"wp-block-columns is-layout-flex wp-container-core-columns-is-layout-28f84493 wp-block-columns-is-layout-flex\">\n<div class=\"wp-block-column is-layout-flow wp-block-column-is-layout-flow\" style=\"flex-basis:50%\">\n<p class=\"has-text-align-center\"><strong>Ximena Vera<\/strong>, psic\u00f3loga, actriz, dramaturga y fundadora de la compa\u00f1\u00eda Up-a-Tree Theatre, nos presentar\u00e1 la obra de teatro documental titulada \u00abRevelando Ausencias\u00bb. La pieza aborda el robo de beb\u00e9s en Espa\u00f1a que comenz\u00f3 con la dictadura y que no termin\u00f3 hasta bien entrada la democracia.\u00a0Para m\u00e1s informaci\u00f3n, <a href=\"https:\/\/revelandoausencias.com\/\" data-type=\"link\" data-id=\"https:\/\/revelandoausencias.com\/\">haz click aqu\u00ed<\/a>.<\/p>\n<\/div>\n\n\n\n<div class=\"wp-block-column is-layout-flow wp-block-column-is-layout-flow\" style=\"flex-basis:50%\">\n<figure class=\"wp-block-image size-large\"><img loading=\"lazy\" decoding=\"async\" width=\"1024\" height=\"1024\" src=\"https:\/\/www.unioviedo.es\/cijiet.teatrales\/wp-content\/uploads\/2025\/06\/Ximena-CV-PIC-1024x1024.jpg\" alt=\"\" class=\"wp-image-207\" srcset=\"https:\/\/www.unioviedo.es\/cijiet.teatrales\/wp-content\/uploads\/2025\/06\/Ximena-CV-PIC-1024x1024.jpg 1024w, https:\/\/www.unioviedo.es\/cijiet.teatrales\/wp-content\/uploads\/2025\/06\/Ximena-CV-PIC-300x300.jpg 300w, https:\/\/www.unioviedo.es\/cijiet.teatrales\/wp-content\/uploads\/2025\/06\/Ximena-CV-PIC-150x150.jpg 150w, https:\/\/www.unioviedo.es\/cijiet.teatrales\/wp-content\/uploads\/2025\/06\/Ximena-CV-PIC-768x768.jpg 768w, https:\/\/www.unioviedo.es\/cijiet.teatrales\/wp-content\/uploads\/2025\/06\/Ximena-CV-PIC-1536x1536.jpg 1536w, https:\/\/www.unioviedo.es\/cijiet.teatrales\/wp-content\/uploads\/2025\/06\/Ximena-CV-PIC.jpg 2047w\" sizes=\"auto, (max-width: 1024px) 100vw, 1024px\" \/><\/figure>\n<\/div>\n<\/div>\n\n\n\n<p><\/p>\n","protected":false},"excerpt":{"rendered":"<p>Ximena Vera, psic\u00f3loga, actriz, dramaturga y fundadora de la compa\u00f1\u00eda Up-a-Tree Theatre, nos presentar\u00e1 la obra de teatro documental titulada \u00abRevelando Ausencias\u00bb. La pieza aborda el robo de beb\u00e9s en Espa\u00f1a que comenz\u00f3 con la dictadura y que no termin\u00f3 hasta bien entrada la democracia.\u00a0Para m\u00e1s informaci\u00f3n, haz click aqu\u00ed.<\/p>\n","protected":false},"author":1,"featured_media":0,"parent":0,"menu_order":0,"comment_status":"closed","ping_status":"closed","template":"","meta":{"footnotes":""},"class_list":["post-272","page","type-page","status-publish","hentry"],"_links":{"self":[{"href":"https:\/\/www.unioviedo.es\/cijiet.teatrales\/index.php\/wp-json\/wp\/v2\/pages\/272","targetHints":{"allow":["GET"]}}],"collection":[{"href":"https:\/\/www.unioviedo.es\/cijiet.teatrales\/index.php\/wp-json\/wp\/v2\/pages"}],"about":[{"href":"https:\/\/www.unioviedo.es\/cijiet.teatrales\/index.php\/wp-json\/wp\/v2\/types\/page"}],"author":[{"embeddable":true,"href":"https:\/\/www.unioviedo.es\/cijiet.teatrales\/index.php\/wp-json\/wp\/v2\/users\/1"}],"replies":[{"embeddable":true,"href":"https:\/\/www.unioviedo.es\/cijiet.teatrales\/index.php\/wp-json\/wp\/v2\/comments?post=272"}],"version-history":[{"count":1,"href":"https:\/\/www.unioviedo.es\/cijiet.teatrales\/index.php\/wp-json\/wp\/v2\/pages\/272\/revisions"}],"predecessor-version":[{"id":273,"href":"https:\/\/www.unioviedo.es\/cijiet.teatrales\/index.php\/wp-json\/wp\/v2\/pages\/272\/revisions\/273"}],"wp:attachment":[{"href":"https:\/\/www.unioviedo.es\/cijiet.teatrales\/index.php\/wp-json\/wp\/v2\/media?parent=272"}],"curies":[{"name":"wp","href":"https:\/\/api.w.org\/{rel}","templated":true}]}}