{"id":274,"date":"2025-07-28T13:48:12","date_gmt":"2025-07-28T11:48:12","guid":{"rendered":"https:\/\/www.unioviedo.es\/cijiet.teatrales\/?page_id=274"},"modified":"2025-07-28T13:50:38","modified_gmt":"2025-07-28T11:50:38","slug":"blackface-y-otras-verguenzas","status":"publish","type":"page","link":"https:\/\/www.unioviedo.es\/cijiet.teatrales\/index.php\/blackface-y-otras-verguenzas\/","title":{"rendered":"BLACKFACE                      y otras verg\u00fcenzas"},"content":{"rendered":"\n<hr class=\"wp-block-separator has-alpha-channel-opacity\"\/>\n\n\n\n<div class=\"wp-block-columns is-layout-flex wp-container-core-columns-is-layout-28f84493 wp-block-columns-is-layout-flex\">\n<div class=\"wp-block-column is-layout-flow wp-block-column-is-layout-flow\" style=\"flex-basis:50%\">\n<div style=\"height:178px\" aria-hidden=\"true\" class=\"wp-block-spacer\"><\/div>\n\n\n\n<p class=\"has-text-align-center\">La actriz y dramaturga <strong>Silvia Albert Sopale<\/strong> presentar\u00e1 <em>BLACKFACE y otras verg\u00fcenzas<\/em>. Este espect\u00e1culo dirige una mirada cr\u00edtica que cuestiona la versi\u00f3n oficial de la historia de la comunidad afrodescendiente en Espa\u00f1a.<\/p>\n\n\n\n<p class=\"has-text-align-center\">Para m\u00e1s informaci\u00f3n sobre Silvia Albert Sopale, <a href=\"https:\/\/academiadelasartesescenicas.es\/silvia-albert-sopale\/\" data-type=\"link\" data-id=\"https:\/\/academiadelasartesescenicas.es\/silvia-albert-sopale\/\">haz click aqu\u00ed<\/a>.<\/p>\n\n\n\n<p class=\"has-text-align-center\">Para ver el trailer del espect\u00e1culo, <a href=\"https:\/\/vimeo.com\/944035277?share=copy\">haz click aqu\u00ed<\/a>.<\/p>\n<\/div>\n\n\n\n<div class=\"wp-block-column is-layout-flow wp-block-column-is-layout-flow\" style=\"flex-basis:50%\">\n<figure class=\"wp-block-image size-large\"><img loading=\"lazy\" decoding=\"async\" width=\"683\" height=\"1024\" src=\"https:\/\/www.unioviedo.es\/cijiet.teatrales\/wp-content\/uploads\/2025\/07\/DSC9845-683x1024.jpg\" alt=\"\" class=\"wp-image-276\" srcset=\"https:\/\/www.unioviedo.es\/cijiet.teatrales\/wp-content\/uploads\/2025\/07\/DSC9845-683x1024.jpg 683w, https:\/\/www.unioviedo.es\/cijiet.teatrales\/wp-content\/uploads\/2025\/07\/DSC9845-200x300.jpg 200w, https:\/\/www.unioviedo.es\/cijiet.teatrales\/wp-content\/uploads\/2025\/07\/DSC9845-768x1152.jpg 768w, https:\/\/www.unioviedo.es\/cijiet.teatrales\/wp-content\/uploads\/2025\/07\/DSC9845-1024x1536.jpg 1024w, https:\/\/www.unioviedo.es\/cijiet.teatrales\/wp-content\/uploads\/2025\/07\/DSC9845-1365x2048.jpg 1365w, https:\/\/www.unioviedo.es\/cijiet.teatrales\/wp-content\/uploads\/2025\/07\/DSC9845-scaled.jpg 1707w\" sizes=\"auto, (max-width: 683px) 100vw, 683px\" \/><\/figure>\n\n\n\n<figure class=\"wp-block-image size-large\"><img loading=\"lazy\" decoding=\"async\" width=\"1024\" height=\"683\" src=\"https:\/\/www.unioviedo.es\/cijiet.teatrales\/wp-content\/uploads\/2025\/07\/Foto.-cartel-credito-Heidi-Ramirez-1024x683.jpg\" alt=\"\" class=\"wp-image-275\" srcset=\"https:\/\/www.unioviedo.es\/cijiet.teatrales\/wp-content\/uploads\/2025\/07\/Foto.-cartel-credito-Heidi-Ramirez-1024x683.jpg 1024w, https:\/\/www.unioviedo.es\/cijiet.teatrales\/wp-content\/uploads\/2025\/07\/Foto.-cartel-credito-Heidi-Ramirez-300x200.jpg 300w, https:\/\/www.unioviedo.es\/cijiet.teatrales\/wp-content\/uploads\/2025\/07\/Foto.-cartel-credito-Heidi-Ramirez-768x512.jpg 768w, https:\/\/www.unioviedo.es\/cijiet.teatrales\/wp-content\/uploads\/2025\/07\/Foto.-cartel-credito-Heidi-Ramirez-1536x1024.jpg 1536w, https:\/\/www.unioviedo.es\/cijiet.teatrales\/wp-content\/uploads\/2025\/07\/Foto.-cartel-credito-Heidi-Ramirez-2048x1365.jpg 2048w\" sizes=\"auto, (max-width: 1024px) 100vw, 1024px\" \/><\/figure>\n<\/div>\n<\/div>\n\n\n\n<p><\/p>\n","protected":false},"excerpt":{"rendered":"<p>La actriz y dramaturga Silvia Albert Sopale presentar\u00e1 BLACKFACE y otras verg\u00fcenzas. Este espect\u00e1culo dirige una mirada cr\u00edtica que cuestiona la versi\u00f3n oficial de la historia de la comunidad afrodescendiente en Espa\u00f1a. Para m\u00e1s informaci\u00f3n sobre Silvia Albert Sopale, haz click aqu\u00ed. Para ver el trailer del espect\u00e1culo, haz click aqu\u00ed.<\/p>\n","protected":false},"author":1,"featured_media":0,"parent":0,"menu_order":0,"comment_status":"closed","ping_status":"closed","template":"","meta":{"footnotes":""},"class_list":["post-274","page","type-page","status-publish","hentry"],"_links":{"self":[{"href":"https:\/\/www.unioviedo.es\/cijiet.teatrales\/index.php\/wp-json\/wp\/v2\/pages\/274","targetHints":{"allow":["GET"]}}],"collection":[{"href":"https:\/\/www.unioviedo.es\/cijiet.teatrales\/index.php\/wp-json\/wp\/v2\/pages"}],"about":[{"href":"https:\/\/www.unioviedo.es\/cijiet.teatrales\/index.php\/wp-json\/wp\/v2\/types\/page"}],"author":[{"embeddable":true,"href":"https:\/\/www.unioviedo.es\/cijiet.teatrales\/index.php\/wp-json\/wp\/v2\/users\/1"}],"replies":[{"embeddable":true,"href":"https:\/\/www.unioviedo.es\/cijiet.teatrales\/index.php\/wp-json\/wp\/v2\/comments?post=274"}],"version-history":[{"count":3,"href":"https:\/\/www.unioviedo.es\/cijiet.teatrales\/index.php\/wp-json\/wp\/v2\/pages\/274\/revisions"}],"predecessor-version":[{"id":282,"href":"https:\/\/www.unioviedo.es\/cijiet.teatrales\/index.php\/wp-json\/wp\/v2\/pages\/274\/revisions\/282"}],"wp:attachment":[{"href":"https:\/\/www.unioviedo.es\/cijiet.teatrales\/index.php\/wp-json\/wp\/v2\/media?parent=274"}],"curies":[{"name":"wp","href":"https:\/\/api.w.org\/{rel}","templated":true}]}}