{"id":323,"date":"2025-09-26T15:36:55","date_gmt":"2025-09-26T13:36:55","guid":{"rendered":"https:\/\/www.unioviedo.es\/cijiet.teatrales\/?page_id=323"},"modified":"2025-09-26T15:36:55","modified_gmt":"2025-09-26T13:36:55","slug":"informacion-sobre-el-registro-information-about-registration","status":"publish","type":"page","link":"https:\/\/www.unioviedo.es\/cijiet.teatrales\/index.php\/informacion-sobre-el-registro-information-about-registration\/","title":{"rendered":"Informaci\u00f3n sobre el registro \/ Information about Registration"},"content":{"rendered":"\n<p>La inscripci\u00f3n como estudiante es solo para alumnado de la Universidad de Oviedo que&nbsp;<strong>no participar\u00e1 como ponente<\/strong>, pero asistir\u00e1 a las sesiones de comunicaci\u00f3n y eventos del congreso.<\/p>\n\n\n\n<p>Only students from the University of Oviedo are eligible to register as \u00abstudents\u00bb, as <strong>they will not present papers<\/strong>, but they will attend the panels and events.\u00a0<\/p>\n","protected":false},"excerpt":{"rendered":"<p>La inscripci\u00f3n como estudiante es solo para alumnado de la Universidad de Oviedo que&nbsp;no participar\u00e1 como ponente, pero asistir\u00e1 a las sesiones de comunicaci\u00f3n y eventos del congreso. Only students from the University of Oviedo are eligible to register as \u00abstudents\u00bb, as they will not present papers, but they will attend the panels and events.\u00a0<\/p>\n","protected":false},"author":1,"featured_media":0,"parent":0,"menu_order":0,"comment_status":"closed","ping_status":"closed","template":"","meta":{"footnotes":""},"class_list":["post-323","page","type-page","status-publish","hentry"],"_links":{"self":[{"href":"https:\/\/www.unioviedo.es\/cijiet.teatrales\/index.php\/wp-json\/wp\/v2\/pages\/323","targetHints":{"allow":["GET"]}}],"collection":[{"href":"https:\/\/www.unioviedo.es\/cijiet.teatrales\/index.php\/wp-json\/wp\/v2\/pages"}],"about":[{"href":"https:\/\/www.unioviedo.es\/cijiet.teatrales\/index.php\/wp-json\/wp\/v2\/types\/page"}],"author":[{"embeddable":true,"href":"https:\/\/www.unioviedo.es\/cijiet.teatrales\/index.php\/wp-json\/wp\/v2\/users\/1"}],"replies":[{"embeddable":true,"href":"https:\/\/www.unioviedo.es\/cijiet.teatrales\/index.php\/wp-json\/wp\/v2\/comments?post=323"}],"version-history":[{"count":1,"href":"https:\/\/www.unioviedo.es\/cijiet.teatrales\/index.php\/wp-json\/wp\/v2\/pages\/323\/revisions"}],"predecessor-version":[{"id":324,"href":"https:\/\/www.unioviedo.es\/cijiet.teatrales\/index.php\/wp-json\/wp\/v2\/pages\/323\/revisions\/324"}],"wp:attachment":[{"href":"https:\/\/www.unioviedo.es\/cijiet.teatrales\/index.php\/wp-json\/wp\/v2\/media?parent=323"}],"curies":[{"name":"wp","href":"https:\/\/api.w.org\/{rel}","templated":true}]}}