{"id":38,"date":"2025-05-01T13:52:35","date_gmt":"2025-05-01T11:52:35","guid":{"rendered":"https:\/\/www.unioviedo.es\/cijiet.teatrales\/?page_id=38"},"modified":"2025-05-28T11:04:31","modified_gmt":"2025-05-28T09:04:31","slug":"call-for-papers-2","status":"publish","type":"page","link":"https:\/\/www.unioviedo.es\/cijiet.teatrales\/index.php\/call-for-papers-2\/","title":{"rendered":"Call for Papers"},"content":{"rendered":"\n<div class=\"wp-block-group is-nowrap is-layout-flex wp-container-core-group-is-layout-6c531013 wp-block-group-is-layout-flex\">\n<p><a href=\"https:\/\/www.unioviedo.es\/cijiet.teatrales\/index.php\/call-for-papers\/\" data-type=\"page\" data-id=\"36\">EN<\/a><\/p>\n\n\n\n<p>ES<\/p>\n<\/div>\n\n\n\n<p>El <strong>X Congreso Internacional de J\u00f3venes Investigadores en Estudios Teatrales (CIJIET) y el III Congreso TEATRALES<\/strong> tendr\u00e1 lugar los pr\u00f3ximos 3, 4 y 5 de noviembre 2025 en la Universidad de Oviedo, en colaboraci\u00f3n con el Departamento de Filolog\u00eda Inglesa, Francesa y Alemana (Universidad de Oviedo) y el grupo de investigaci\u00f3n INTERSECCIONES (Literaturas, Culturas y Teor\u00edas Contempor\u00e1neas). CIJIET y TEATRALES se celebran de forma conjunta, no existiendo distinci\u00f3n entre sus sesiones y compartiendo participantes.<\/p>\n\n\n\n<p>El principal objetivo de CIJIET es la construcci\u00f3n de una comunidad en torno a los Estudios Teatrales y el fomento del di\u00e1logo entre j\u00f3venes investigadoras\/es en este campo, desde el posicionamiento de que el trabajo cient\u00edfico debe construirse a trav\u00e9s del conocimiento compartido.<\/p>\n\n\n\n<p>Por su parte, TEATRALES naci\u00f3 con el \u00e1nimo de crear un foro cient\u00edfico que acoja una variedad de investigaciones en Estudios Teatrales de personas en diversas etapas de la carrera investigadora. Este nuevo encuentro busca seguir profundizando en la construcci\u00f3n de una red acad\u00e9mica que apoye la investigaci\u00f3n en este campo de estudio.<\/p>\n\n\n\n<p>Uno de los objetivos principales de este Congreso conjunto es promover el intercambio entre investigadoras\/es en Estudios Teatrales de distintas generaciones. Proponemos un encuentro con ponencias plenarias, mesas redondas, comunicaciones performativas, debates y asistencia a funciones de la cartelera del momento seg\u00fan se informar\u00e1 en las siguientes circulares.<\/p>\n\n\n\n<p>As\u00ed, para este X CIJIET \/ III Teatrales abrimos una convocatoria en tres modalidades: <strong>comunicaciones<\/strong>, <strong>paneles tem\u00e1ticos <\/strong>y <strong>comunicaciones performativas<\/strong>, en torno a las siguientes l\u00edneas de investigaci\u00f3n:<\/p>\n\n\n\n<p><strong>-Escenificaci\u00f3n y (re)presentaci\u00f3n: <\/strong>estudios sobre interpretaci\u00f3n, evoluci\u00f3n de la escenificaci\u00f3n e investigaci\u00f3n desde la pr\u00e1ctica art\u00edstica, as\u00ed como aquellos relacionados con el espacio esc\u00e9nico, la m\u00fasica y el espacio sonoro, las condiciones materiales y laborales que atraviesan el hecho esc\u00e9nico u otros elementos de la escenificaci\u00f3n<\/p>\n\n\n\n<p><strong>-Texto dram\u00e1tico y textualidades:<\/strong> estudios focalizados en las po\u00e9ticas dram\u00e1ticas, la dramaturgia, adaptaciones, versiones, traducciones o cualquier otro aspecto que ponga el texto y la palabra en el centro del hecho esc\u00e9nico.<\/p>\n\n\n\n<p><strong>&#8211;<em>Performance Studies<\/em> y Artes Vivas: <\/strong>estudios sobre aquellas creaciones que exploran las posibilidades del acontecer esc\u00e9nico en vivo y trabajan a trav\u00e9s, entre y en los l\u00edmites de las formas art\u00edsticas consideradas tradicionales, como las artes de acci\u00f3n, la ocupaci\u00f3n de espacios p\u00fablicos<em>, nuevas dramaturgias<\/em>, el teatro y la danza de calle o el g\u00e9nero de la performance.<\/p>\n\n\n\n<p><strong>-Artes de movimiento:<\/strong> estudios de los lenguajes y disciplinas que ponen el foco expresivo en el cuerpo y lo exploran como centro de la creaci\u00f3n, tales como la danza, el teatro f\u00edsico o el circo.<\/p>\n\n\n\n<p><strong>-Artes esc\u00e9nicas y estudios culturales:<\/strong> estudios enmarcados en disciplinas como la antropolog\u00eda, sociolog\u00eda, pedagog\u00eda, historiograf\u00eda y recepci\u00f3n de las artes en vivo, as\u00ed como aquellos que exploran las influencias de las teor\u00edas queer, de los estudios de g\u00e9nero, de los feminismos y del postcolonialismo en las artes esc\u00e9nicas.<\/p>\n\n\n\n<p>&#8211;<strong>Solidaridad, activismo y teatro:<\/strong> esta l\u00ednea tem\u00e1tica explora c\u00f3mo las artes esc\u00e9nicas \u2014teatro, danza, performance\u2014 fomentan el activismo social y pol\u00edtico, especialmente en t\u00e9rminos de solidaridad entre comunidades diversas. Se invita a examinar producciones que abordan temas de justicia social, derechos humanos, igualdad de g\u00e9nero o justicia clim\u00e1tica y c\u00f3mo el teatro tiene la capacidad de sensibilizar y promover una responsabilidad pol\u00edtica y reflexi\u00f3n cr\u00edtica en el p\u00fablico con potencial de cambio social.<\/p>\n\n\n\n<p>&#8211;<strong>Teatro decolonial, resistencia y reapropiaci\u00f3n: <\/strong>Esta l\u00ednea tem\u00e1tica se centra en la exploraci\u00f3n del teatro decolonial como una herramienta de resistencia cultural, reapropiaci\u00f3n hist\u00f3rica y construcci\u00f3n de identidades. El teatro decolonial cuestiona las narrativas, est\u00e9ticas y convenciones impuestas por el colonialismo, buscando desmantelar las jerarqu\u00edas culturales que han marginado voces, cosmovisiones y tradiciones esc\u00e9nicas no occidentales. A trav\u00e9s de esta propuesta, se busca dar visibilidad a producciones teatrales y procesos creativos que, desde la perspectiva decolonial, desaf\u00edan la hegemon\u00eda cultural y permiten una mayor diversidad de expresiones en la escena contempor\u00e1nea.<\/p>\n\n\n\n<p><strong>Env\u00edo de propuestas<\/strong><strong><\/strong><\/p>\n\n\n\n<p><strong>Comunicaciones<\/strong><\/p>\n\n\n\n<p>Las comunicaciones tendr\u00e1n una duraci\u00f3n m\u00e1xima de 20 minutos. Las personas interesadas deben enviar su propuesta hasta el <strong>15 de junio de 2025<\/strong>, a trav\u00e9s del siguiente <a href=\"https:\/\/forms.office.com\/Pages\/ResponsePage.aspx?id=o3TqBcWSMUyXipJcPHmc0Ou0mn7BNBJLhF8b-z8O80NUNkpPVVVTV0FPME1UMk5KSlpUWjNXU1dPWi4u\">formulario<\/a>.<\/p>\n\n\n<ul class=\"wp-block-list is-layout-flex wp-container-core-list-is-layout-fe9cc265 wp-block-list-is-layout-flex\" style=\"\">\n<li>Nombre y apellido(s).<\/li>\n\n\n\n<li>Filiaci&oacute;n acad&eacute;mica y correo electr&oacute;nico.<\/li>\n\n\n\n<li>T&iacute;tulo de la comunicaci&oacute;n.<\/li>\n\n\n\n<li>Resumen de extensi&oacute;n m&aacute;xima de 250 palabras.<\/li>\n\n\n\n<li>4 palabras clave.<\/li>\n\n\n\n<li>L&iacute;nea de investigaci&oacute;n en la que se inscribe.<\/li>\n\n\n\n<li>Breve curr&iacute;culum vitae de extensi&oacute;n m&aacute;xima de 200 palabras.<\/li>\n<\/ul>\n\n\n\n<p><strong>Paneles tem\u00e1ticos<\/strong><\/p>\n\n\n\n<p>Los paneles estar\u00e1n compuestos por entre 3 y 5 participantes, incluyendo a la persona o personas que lo coordinen, quienes har\u00e1n llegar la propuesta al Comit\u00e9 Organizador. Los paneles reunir\u00e1n propuestas en torno a temas concretos relevantes en el campo de los Estudios Teatrales en la actualidad. La coordinaci\u00f3n del panel determinar\u00e1 la tem\u00e1tica y estructura (comunicaciones o mesa redonda) del mismo. Los paneles tendr\u00e1n una duraci\u00f3n m\u00e1xima de 90 minutos, incluyendo el debate posterior. Las personas interesadas deben enviar su propuesta hasta el <strong>15 de junio de 2025<\/strong>, a trav\u00e9s del siguiente <a href=\"https:\/\/forms.office.com\/e\/0tFanuQuih\">formulario<\/a>.<\/p>\n\n\n<ul class=\"wp-block-list is-layout-flex wp-container-core-list-is-layout-fe9cc265 wp-block-list-is-layout-flex\" style=\"\">\n<li>T&iacute;tulo y resumen sobre la pertinencia del panel (m&aacute;x. 300 palabras).<\/li>\n\n\n\n<li>Nombre y apellido(s) de todas las personas participantes.<\/li>\n\n\n\n<li>Filiaci&oacute;n acad&eacute;mica y correo electr&oacute;nico de todas las personas participantes.<\/li>\n\n\n\n<li>Breve curr&iacute;culum vitae (m&aacute;x. 200 palabras) de todas las personas participantes.<\/li>\n\n\n\n<li>T&iacute;tulo de las comunicaciones individuales y res&uacute;menes (m&aacute;x. 300 palabras por resumen), en su caso.<\/li>\n\n\n\n<li>4 palabras clave.<\/li>\n\n\n\n<li>L&iacute;nea de investigaci&oacute;n en la que se inscribe.<\/li>\n<\/ul>\n\n\n\n<p><strong>Comunicaciones performativas<\/strong><strong><\/strong><\/p>\n\n\n\n<p>Las comunicaciones performativas buscan propiciar nuevos modelos de reflexi\u00f3n y divulgaci\u00f3n de la actividad acad\u00e9mica en el marco de los Estudios Teatrales, donde la pr\u00e1ctica y el an\u00e1lisis te\u00f3rico se vean aunados. Su duraci\u00f3n ser\u00e1 de m\u00e1ximo 20 minutos. Sus requerimientos t\u00e9cnicos deber\u00e1n ser m\u00ednimos y se estudiar\u00e1n con el Comit\u00e9 Organizador. Podr\u00e1n presentarse de forma individual o colectiva, pero no podr\u00e1 superarse la citada duraci\u00f3n por cada comunicaci\u00f3n. Las personas interesadas deben enviar su propuesta hasta el <strong>15 de junio de 2025<\/strong>, a trav\u00e9s del siguiente <a href=\"https:\/\/forms.office.com\/e\/pjChzR7AcC\">formulario<\/a>.<\/p>\n\n\n<ul class=\"wp-block-list is-layout-flex wp-container-core-list-is-layout-fe9cc265 wp-block-list-is-layout-flex\" style=\"\">\n<li>Nombre y apellido(s).<\/li>\n\n\n\n<li>Filiaci&oacute;n acad&eacute;mica y correo electr&oacute;nico.<\/li>\n\n\n\n<li>T&iacute;tulo de la comunicaci&oacute;n performativa, resumen (m&aacute;x. 500 palabras) y palabras clave (m&aacute;x. 4 palabras clave).<\/li>\n\n\n\n<li>L&iacute;nea de investigaci&oacute;n en la que se inscribe<\/li>\n\n\n\n<li>Breve curr&iacute;culum vitae (m&aacute;x. 200 palabras).<\/li>\n<\/ul>\n\n\n\n<p>Se valorar\u00e1 positivamente el env\u00edo de un teaser de m\u00e1ximo un minuto en el que se aprecien los aspectos propuestos para la comunicaci\u00f3n performativa, el v\u00eddeo de alg\u00fan trabajo anterior, de alguna muestra de referentes est\u00e9ticos o un esquema previo detallado.<\/p>\n\n\n\n<p>Tanto los paneles como las comunicaciones y las comunicaciones performativas podr\u00e1n realizarse indistintamente en espa\u00f1ol, ingl\u00e9s o asturiano.<\/p>\n\n\n\n<p><strong>La aceptaci\u00f3n se comunicar\u00e1 antes del 15 de junio de 2025.<\/strong><strong><\/strong><\/p>\n\n\n\n<p>La participaci\u00f3n en el Congreso tendr\u00e1 una&nbsp;<strong>inscripci\u00f3n&nbsp;de 65\u20ac<\/strong>, que incluir\u00e1 la membres\u00eda a Teatrales durante un a\u00f1o.<\/p>\n\n\n\n<p>Se puede consultar toda la informaci\u00f3n sobre Teatrales \u2013 Asociaci\u00f3n de Investigaci\u00f3n en Estudios Teatrales \u2013, as\u00ed como su prop\u00f3sito, funcionamiento y membres\u00eda, en:&nbsp;<a href=\"http:\/\/www.teatrales.es\/\">www.teatrales.es<\/a><\/p>\n\n\n\n<p>Para m\u00e1s informaci\u00f3n sobre el Congreso: <a href=\"mailto:cijiet.teatrales@uniovi.es\">cijiet.teatrales@uniovi.es<\/a><\/p>\n\n\n\n<p>Informaci\u00f3n sobre la Asociaci\u00f3n Teatrales: <a href=\"mailto:info@teatrales.es\">info@teatrales.es<\/a><\/p>\n","protected":false},"excerpt":{"rendered":"<p>EN ES El X Congreso Internacional de J\u00f3venes Investigadores en Estudios Teatrales (CIJIET) y el III Congreso TEATRALES tendr\u00e1 lugar los pr\u00f3ximos 3, 4 y 5 de noviembre 2025 en la Universidad de Oviedo, en colaboraci\u00f3n con el Departamento de Filolog\u00eda Inglesa, Francesa y Alemana (Universidad de Oviedo) y el grupo de investigaci\u00f3n INTERSECCIONES (Literaturas, [&hellip;]<\/p>\n","protected":false},"author":1,"featured_media":0,"parent":0,"menu_order":0,"comment_status":"closed","ping_status":"closed","template":"","meta":{"footnotes":""},"class_list":["post-38","page","type-page","status-publish","hentry"],"_links":{"self":[{"href":"https:\/\/www.unioviedo.es\/cijiet.teatrales\/index.php\/wp-json\/wp\/v2\/pages\/38","targetHints":{"allow":["GET"]}}],"collection":[{"href":"https:\/\/www.unioviedo.es\/cijiet.teatrales\/index.php\/wp-json\/wp\/v2\/pages"}],"about":[{"href":"https:\/\/www.unioviedo.es\/cijiet.teatrales\/index.php\/wp-json\/wp\/v2\/types\/page"}],"author":[{"embeddable":true,"href":"https:\/\/www.unioviedo.es\/cijiet.teatrales\/index.php\/wp-json\/wp\/v2\/users\/1"}],"replies":[{"embeddable":true,"href":"https:\/\/www.unioviedo.es\/cijiet.teatrales\/index.php\/wp-json\/wp\/v2\/comments?post=38"}],"version-history":[{"count":6,"href":"https:\/\/www.unioviedo.es\/cijiet.teatrales\/index.php\/wp-json\/wp\/v2\/pages\/38\/revisions"}],"predecessor-version":[{"id":63,"href":"https:\/\/www.unioviedo.es\/cijiet.teatrales\/index.php\/wp-json\/wp\/v2\/pages\/38\/revisions\/63"}],"wp:attachment":[{"href":"https:\/\/www.unioviedo.es\/cijiet.teatrales\/index.php\/wp-json\/wp\/v2\/media?parent=38"}],"curies":[{"name":"wp","href":"https:\/\/api.w.org\/{rel}","templated":true}]}}