{"id":66,"date":"2025-05-28T20:28:21","date_gmt":"2025-05-28T18:28:21","guid":{"rendered":"https:\/\/www.unioviedo.es\/cijiet.teatrales\/?page_id=66"},"modified":"2025-05-28T20:28:58","modified_gmt":"2025-05-28T18:28:58","slug":"alojamiento","status":"publish","type":"page","link":"https:\/\/www.unioviedo.es\/cijiet.teatrales\/index.php\/alojamiento\/","title":{"rendered":"Alojamiento"},"content":{"rendered":"\n<p><a href=\"https:\/\/www.unioviedo.es\/cijiet.teatrales\/index.php\/accomodation\/\" data-type=\"page\" data-id=\"64\">EN<\/a>   ES<\/p>\n\n\n\n<p><strong><mark style=\"background-color:#F7EBE4\" class=\"has-inline-color has-primary-color-color\">Hotel recomendado:<\/mark><\/strong><\/p>\n\n\n\n<p class=\"has-text-align-center\"><a href=\"https:\/\/www.aparthotelcampus.es\/\" data-type=\"link\" data-id=\"https:\/\/www.aparthotelcampus.es\/\"><strong>Hotel Campus<\/strong><\/a><\/p>\n\n\n\n<p class=\"has-text-align-center\">El Campus Hotel es un aparthotel, lo que significa que todas las habitaciones son peque\u00f1os estudios con cocina americana. Est\u00e1 a tan s\u00f3lo dos minutos de la Facultad de Humanidades, y a tan s\u00f3lo 10 minutos a pie del centro de la ciudad.<\/p>\n\n\n\n<p><\/p>\n\n\n\n<div class=\"wp-block-group is-vertical is-layout-flex wp-container-core-group-is-layout-fe9cc265 wp-block-group-is-layout-flex\">\n<p><strong><mark style=\"background-color:#F7EBE4\" class=\"has-inline-color has-primary-color-color\">Otros hoteles en la zona:<\/mark><\/strong><\/p>\n<\/div>\n\n\n\n<div class=\"wp-block-group has-global-padding is-layout-constrained wp-block-group-is-layout-constrained\">\n<div class=\"wp-block-columns alignfull is-layout-flex wp-container-core-columns-is-layout-28f84493 wp-block-columns-is-layout-flex\">\n<div class=\"wp-block-column is-layout-flow wp-block-column-is-layout-flow\">\n<div class=\"wp-block-group has-global-padding is-layout-constrained wp-block-group-is-layout-constrained\">\n<div class=\"wp-block-group is-vertical is-layout-flex wp-container-core-group-is-layout-fe9cc265 wp-block-group-is-layout-flex\">\n<p><strong><mark style=\"background-color:rgba(0, 0, 0, 0)\" class=\"has-inline-color has-primary-active-color\">En los alrededores de la facultad:<\/mark><\/strong><\/p>\n<\/div>\n\n\n\n<p><a href=\"https:\/\/www.hotelcastroreal.com\/\" data-type=\"link\" data-id=\"https:\/\/www.hotelcastroreal.com\/\">Hotel Castro Real<\/a> \u2605\u2605\u2605 <\/p>\n\n\n\n<p><a href=\"https:\/\/hotelcarreno.com\/\" data-type=\"link\" data-id=\"https:\/\/hotelcarreno.com\/\">Hotel Carre\u00f1o<\/a> \u2605\u2605<\/p>\n\n\n\n<p><a href=\"https:\/\/www.hotelastures.es\/\" data-type=\"link\" data-id=\"https:\/\/www.hotelastures.es\/\">Hotel Astures<\/a> \u2605\u2605\u2605<\/p>\n\n\n\n<p><a href=\"https:\/\/www.bluehoteles.es\/nuvo\/\" data-type=\"link\" data-id=\"https:\/\/www.bluehoteles.es\/nuvo\/\">Nuvo Hotel Boutique<\/a> \u2605\u2605\u2605\u2605<\/p>\n<\/div>\n<\/div>\n\n\n\n<div class=\"wp-block-column is-layout-flow wp-block-column-is-layout-flow\">\n<div class=\"wp-block-group has-global-padding is-layout-constrained wp-block-group-is-layout-constrained\">\n<p><mark style=\"background-color:rgba(0, 0, 0, 0)\" class=\"has-inline-color has-primary-active-color\"><strong>En el centro de la ciudad:<\/strong><\/mark><\/p>\n\n\n\n<p><a href=\"https:\/\/www.hotelclarin.es\/\" data-type=\"link\" data-id=\"https:\/\/www.hotelclarin.es\/\">Hotel Clar\u00edn<\/a> \u2605\u2605\u2605<\/p>\n\n\n\n<p><a href=\"https:\/\/www.granhotelregente.com\/es\/\" data-type=\"link\" data-id=\"https:\/\/www.granhotelregente.com\/es\/\">Gran Hotel Regente<\/a> \u2605\u2605\u2605\u2605<\/p>\n\n\n\n<p><a href=\"https:\/\/www.hotelfruela.com\/\" data-type=\"link\" data-id=\"https:\/\/www.hotelfruela.com\/\">Hotel Fruela<\/a> \u2605\u2605\u2605<\/p>\n<\/div>\n<\/div>\n<\/div>\n<\/div>\n\n\n\n<p><\/p>\n","protected":false},"excerpt":{"rendered":"<p>EN ES Hotel recomendado: Hotel Campus El Campus Hotel es un aparthotel, lo que significa que todas las habitaciones son peque\u00f1os estudios con cocina americana. Est\u00e1 a tan s\u00f3lo dos minutos de la Facultad de Humanidades, y a tan s\u00f3lo 10 minutos a pie del centro de la ciudad. Otros hoteles en la zona: En [&hellip;]<\/p>\n","protected":false},"author":1,"featured_media":0,"parent":0,"menu_order":0,"comment_status":"closed","ping_status":"closed","template":"","meta":{"footnotes":""},"class_list":["post-66","page","type-page","status-publish","hentry"],"_links":{"self":[{"href":"https:\/\/www.unioviedo.es\/cijiet.teatrales\/index.php\/wp-json\/wp\/v2\/pages\/66","targetHints":{"allow":["GET"]}}],"collection":[{"href":"https:\/\/www.unioviedo.es\/cijiet.teatrales\/index.php\/wp-json\/wp\/v2\/pages"}],"about":[{"href":"https:\/\/www.unioviedo.es\/cijiet.teatrales\/index.php\/wp-json\/wp\/v2\/types\/page"}],"author":[{"embeddable":true,"href":"https:\/\/www.unioviedo.es\/cijiet.teatrales\/index.php\/wp-json\/wp\/v2\/users\/1"}],"replies":[{"embeddable":true,"href":"https:\/\/www.unioviedo.es\/cijiet.teatrales\/index.php\/wp-json\/wp\/v2\/comments?post=66"}],"version-history":[{"count":2,"href":"https:\/\/www.unioviedo.es\/cijiet.teatrales\/index.php\/wp-json\/wp\/v2\/pages\/66\/revisions"}],"predecessor-version":[{"id":69,"href":"https:\/\/www.unioviedo.es\/cijiet.teatrales\/index.php\/wp-json\/wp\/v2\/pages\/66\/revisions\/69"}],"wp:attachment":[{"href":"https:\/\/www.unioviedo.es\/cijiet.teatrales\/index.php\/wp-json\/wp\/v2\/media?parent=66"}],"curies":[{"name":"wp","href":"https:\/\/api.w.org\/{rel}","templated":true}]}}